{"id":4706,"date":"2025-04-15T14:40:23","date_gmt":"2025-04-15T06:40:23","guid":{"rendered":"https:\/\/ruishengglassco.com\/?post_type=product&#038;p=4706"},"modified":"2025-09-11T16:54:17","modified_gmt":"2025-09-11T08:54:17","slug":"rs163-750ml-napolyon-cam-i%cc%87cki%cc%87-si%cc%87sesi%cc%87","status":"publish","type":"product","link":"https:\/\/ruishengglassco.com\/tr\/urun\/rs163-750ml-napolyon-cam-i%cc%87cki%cc%87-si%cc%87sesi%cc%87","title":{"rendered":"RS163 750ml Napolyon Cam \u0130spirto \u015ei\u015fesi"},"content":{"rendered":"<section class=\"section\" id=\"section_395734283\">\n\t\t<div class=\"bg section-bg fill bg-fill  bg-loaded\" >\n\n\t\t\t\n\t\t\t\n\t\t\t\n\n\t\t<\/div>\n\n\t\t\n\n\t\t<div class=\"section-content relative\">\n\t\t\t\n<div class=\"row\"  id=\"row-626120633\">\n\n\t<div id=\"col-1338154859\" class=\"col small-12 large-12\"  >\n\t\t\t\t<div class=\"col-inner\"  >\n\t\t\t\n\t\t\t\n<h2 style=\"text-align: center;\"><strong>750ml Napolyon Cam \u0130spirto \u015ei\u015femizin Parametre Tablosu<\/strong><\/h2>\n<div style=\"overflow: auto;\">\n<table border=\"\u201d1\u2033\" width=\"\u201d3000px\u201d\" align=\"\u201dcenter\u201d\">\n<thead>\n<tr>\n<td>Kapasite Boyutu<\/td>\n<td>750ml<\/td>\n<\/tr>\n<\/thead>\n<tbody>\n<tr>\n<td>S\u0131cakl\u0131k Aral\u0131\u011f\u0131<\/td>\n<td>-10\u00b0C ~ 80\u00b0C<\/td>\n<\/tr>\n<tr>\n<td>Malzeme<\/td>\n<td>S\u00fcper Flint Cam<\/td>\n<\/tr>\n<tr>\n<td>Y\u00fczey \u0130\u015flemi:<\/td>\n<td>Serigrafi, \u00e7\u0131kartma, kabartma, grav\u00fcr, elektrokaplama, buzlama, boyama, vb.<\/td>\n<\/tr>\n<tr>\n<td>Kullan\u0131m<\/td>\n<td>Kanyak, Viski, \u015earap, Lik\u00f6r, Votka, Tekila, Su, i\u00e7ecekler ve zeytinya\u011f\u0131 vb.<\/td>\n<\/tr>\n<tr>\n<td>G\u0131da S\u0131n\u0131f\u0131 Sertifikasyonu<\/td>\n<td>FDA ve AB Sertifikas\u0131<\/td>\n<\/tr>\n<tr>\n<td>ADEDI<\/td>\n<td>6000 adet<\/td>\n<\/tr>\n<tr>\n<td>OEM\/ODM Mevcuttur<\/td>\n<td>Evet<\/td>\n<\/tr>\n<tr>\n<td>\u00dccretsiz \u00f6rnek<\/td>\n<td>Stok numuneleri \u00fccretsizdir<\/p>\n<p>\u00d6zel numuneler prova i\u00e7in \u00f6deme gerektirir.<\/td>\n<\/tr>\n<tr>\n<td>Fiyat<\/td>\n<td>Fiyat \u015fi\u015fe a\u011f\u0131rl\u0131\u011f\u0131na, malzemeye, Miktara, ambalaja ve derin i\u015fleme vb. ba\u011fl\u0131d\u0131r. Daha fazla bilgi i\u00e7in l\u00fctfen bizimle ileti\u015fime ge\u00e7in.<\/td>\n<\/tr>\n<tr>\n<td>Paketleme<\/td>\n<td>1. Karton ay\u0131r\u0131c\u0131l\u0131 standart ihracat kartonu<\/p>\n<p>2. Standart ihracat palet ambalaj\u0131<\/p>\n<p>3. Standart ihracat kartonu + palet ambalaj\u0131<\/p>\n<p>4. \u00d6zel Oluklu kutu ambalaj\u0131 (Kutu, m\u00fc\u015fterinin fabrikas\u0131nda lik\u00f6r\u00fc paketlemek i\u00e7in yeniden kullan\u0131lacakt\u0131r)<\/td>\n<\/tr>\n<tr>\n<td>Nakliye Y\u00f6ntemleri<\/td>\n<td>Deniz Yoluyla, Hava Yoluyla, Ekspres Yoluyla (DHL, FedEx, UPS)<\/td>\n<\/tr>\n<tr>\n<td>\u00dcretim S\u00fcresi<\/td>\n<td>Teslim s\u00fcresi, 50% depozitosunun al\u0131nmas\u0131ndan itibaren \u015feffaf \u015fi\u015feler i\u00e7in yakla\u015f\u0131k 25 g\u00fcn ve derin i\u015fleme i\u00e7in ek 10 g\u00fcnd\u00fcr.<\/td>\n<\/tr>\n<\/tbody>\n<\/table>\n<\/div>\n\t\t<\/div>\n\t\t\t\t\t<\/div>\n\n\t\n<\/div>\n<div class=\"row\"  id=\"row-565137457\">\n\n\t<div id=\"col-1134709684\" class=\"col small-12 large-12\"  >\n\t\t\t\t<div class=\"col-inner\"  >\n\t\t\t\n\t\t\t\n<div style=\"overflow: auto;\">\n<table border=\"\u201d1\u2033\" width=\"\u201d3000px\u201d\" align=\"\u201dcenter\u201d\">\n<thead>\n<tr>\n<td>\u00a0\u00a0\u00a0Mantarlar<\/td>\n<td>M\u00fc\u015fterilerimizin farkl\u0131 ihtiya\u00e7 ve tercihlerini kar\u015f\u0131lamak i\u00e7in geni\u015f bir standart kapak yelpazesi sunuyoruz. Bu kapaklar yaln\u0131zca g\u00fcvenilir ve dayan\u0131kl\u0131 olmakla kalmaz, ayn\u0131 zamanda s\u0131v\u0131n\u0131n tazeli\u011fini ve kalitesini de etkili bir \u015fekilde korur.<\/p>\n<p>1. Klasik s\u0131zd\u0131rmazl\u0131k kapaklar\u0131: geleneksel al\u00fcminyum kapakl\u0131 polimer tapalar ve ah\u015fap kapakl\u0131 polimer tapalar dahil, y\u00fcksek s\u0131zd\u0131rmazl\u0131k gereksinimleri olan uygulamalar i\u00e7in uygundur.<\/p>\n<p>2. \u00dcst d\u00fczey se\u00e7enekler: y\u00fcksek kaliteli ambalaj pe\u015finde ko\u015fan m\u00fc\u015fteriler i\u00e7in zarif cam tapalar sa\u011flay\u0131n.<\/p>\n<p>3. Di\u015fli kapaklar: al\u00fcminyum kapaklar ve al\u00fcminyum-plastik kombinasyonlu kapaklar dahil, \u00e7e\u015fitli \u015fi\u015fe tipleri i\u00e7in uygundur ve \u00e7e\u015fitli boyut se\u00e7enekleri sunar.<\/p>\n<p>4. Avrupa standartlar\u0131n\u0131 kar\u015f\u0131layan Guala \u015fapkalar: g\u00fczellik ve pratikli\u011fi bir araya getirerek uluslararas\u0131 pazar\u0131n kalite gereksinimlerini kar\u015f\u0131lamalar\u0131n\u0131 sa\u011flar.<\/p>\n<p>Kapaklar\u0131m\u0131z sadece i\u015flevsel olmakla kalmaz, ayn\u0131 zamanda genel ambalaj\u0131n g\u00f6rsel etkisini de art\u0131rarak onlar\u0131 \u00e7e\u015fitli end\u00fcstriler ve uygulama senaryolar\u0131 i\u00e7in uygun hale getirir.<\/td>\n<\/tr>\n<\/thead>\n<tbody>\n<tr>\n<td>\u00dcr\u00fcn Sertifikasyonu<\/td>\n<td>G\u00fcnde 600.000 adet cam \u015fi\u015fe \u00fcretim kapasitesine sahip bir grup \u015firketi olarak, 2 yan fabrikam\u0131z\u0131n t\u00fcm\u00fc ISO9001 sertifikal\u0131 ve FDA kay\u0131tl\u0131d\u0131r. Ba\u015fl\u0131ca \u00fcr\u00fcnlerimiz Super Flint ve High Flint cam \u015fi\u015felerdir. \u00dcr\u00fcnlerimiz SGS, TUV ve AB g\u0131da g\u00fcvenli\u011fi sertifikalar\u0131 dahil olmak \u00fczere en y\u00fcksek kalite standartlar\u0131n\u0131 kar\u015f\u0131lamaktad\u0131r. 70'in \u00fczerinde profesyonelden olu\u015fan teknik ekibimiz her zaman hizmetinizdedir ve ODM ve OEM sipari\u015finizin m\u00fckemmel bir \u015fekilde yerine getirilmesini sa\u011flar.<\/td>\n<\/tr>\n<tr>\n<td>Teslimat ve \u0130ade Politikas\u0131<\/td>\n<td>Belirledi\u011finiz limana teslimat\u0131 ayarlamak veya kap\u0131dan kap\u0131ya hizmet sa\u011flamak i\u00e7in profesyonel nakliye \u015firketleriyle \u00e7al\u0131\u015f\u0131yoruz. Nakliye hatt\u0131n\u0131n uygunlu\u011funa ba\u011fl\u0131 olarak Maersk, COSCO, MSC, CMA, ONE ve di\u011fer ta\u015f\u0131y\u0131c\u0131larla se\u00e7enekler sunuyoruz.<\/p>\n<p>Nakliye s\u0131ras\u0131nda 3%'ye kadar k\u0131r\u0131lma oran\u0131 normal kabul edilir. K\u0131r\u0131lma 3%'yi a\u015farsa, bir sonraki sipari\u015finizde fazlal\u0131\u011f\u0131 telafi edece\u011fiz.<\/td>\n<\/tr>\n<\/tbody>\n<\/table>\n<\/div>\n\t\t<\/div>\n\t\t\t\t\t<\/div>\n\n\t\n<\/div>\n\t\t<\/div>\n\n\t\t\n<style>\n#section_395734283 {\n  padding-top: 30px;\n  padding-bottom: 30px;\n}\n<\/style>\n\t<\/section>\n\t\n\t<section class=\"section\" id=\"section_515860321\">\n\t\t<div class=\"bg section-bg fill bg-fill  bg-loaded\" >\n\n\t\t\t\n\t\t\t\n\t\t\t\n\n\t\t<\/div>\n\n\t\t\n\n\t\t<div class=\"section-content relative\">\n\t\t\t\n<div class=\"row\"  id=\"row-547785513\">\n\n\t<div id=\"col-221666229\" class=\"col small-12 large-12\"  >\n\t\t\t\t<div class=\"col-inner\"  >\n\t\t\t\n\t\t\t\n<h2 style=\"text-align: center;\">Ruisheng Cam \u015ei\u015fe \u00dcreticisi<\/h2>\n<p>Ruisheng, 2009 y\u0131l\u0131na kadar uzanan cam \u015fi\u015fe \u00fcretiminde 16 y\u0131l\u0131 a\u015fk\u0131n bir uzmanl\u0131\u011fa sahiptir. Ayr\u0131ca geli\u015fmi\u015f \u00fcretim teknolojisine ve s\u0131k\u0131 kalite kontrol\u00fcne sahibiz. \u015ei\u015felerimiz, ola\u011fan\u00fcst\u00fc \u015feffafl\u0131\u011f\u0131yla tan\u0131nan y\u00fcksek kaliteli, kristal berrakl\u0131\u011f\u0131nda beyaz camdan \u00fcretilmektedir. S\u00fcrd\u00fcr\u00fclebilirli\u011fi sa\u011flamak ve \u00e7evre standartlar\u0131n\u0131 kar\u015f\u0131lamak i\u00e7in \u00e7evre dostu ve geri d\u00f6n\u00fc\u015ft\u00fcr\u00fclebilir malzemeler kullan\u0131yoruz.<\/p>\n<p>\u015ei\u015fe y\u00fczeyi, zarif bir g\u00f6r\u00fcn\u00fcm ve rahat bir tutu\u015f i\u00e7in p\u00fcr\u00fczs\u00fcz bir y\u00fczeyle i\u015flenmi\u015ftir. Cam lik\u00f6r \u015fi\u015felerimiz yontulmaya ve \u00e7izilmeye kar\u015f\u0131 dayan\u0131kl\u0131d\u0131r. Bu, ta\u015f\u0131n\u0131rken veya kullan\u0131l\u0131rken bile daha uzun s\u00fcre dayand\u0131klar\u0131 anlam\u0131na gelir.<\/p>\n<p><strong>\u00dcretim ve Hizmetler<\/strong><\/p>\n<p>Konseptten \u00fcretime kadar fikirlerini ger\u00e7e\u011fe d\u00f6n\u00fc\u015ft\u00fcrmek i\u00e7in m\u00fc\u015fterilerimizle i\u015fbirli\u011fi yap\u0131yoruz. Biz bir \u00fcreticiyiz ve m\u00fc\u015fterilerimizin taleplerini kar\u015f\u0131lamak i\u00e7in teslim s\u00fcresini kontrol edebiliyoruz.<\/p>\n<p style=\"text-align: center;\"><a class=\"button gradient\" data-fancybox=\"\" data-src=\"#hidden-CF7\">Bir Teklif Al\u0131n<\/a><\/p>\n<h2 style=\"text-align: center;\">\u00d6zelle\u015ftirilebilir Tasar\u0131m Se\u00e7enekleri<\/h2>\n<p>\u00d6zel ihtiya\u00e7lar\u0131n\u0131z\u0131 kar\u015f\u0131lamak i\u00e7in \u00e7e\u015fitli \u015fekil, boyut ve renkler sunuyoruz. Ayr\u0131ca tam olarak iste\u011finize g\u00f6re \u015fi\u015feler yapmak i\u00e7in yeni bir kal\u0131p da olu\u015fturabiliriz.<\/p>\n<p>Biz profesyonel bir cam \u015fi\u015fe \u00fcreticisiyiz. Ayr\u0131ca ki\u015fiselle\u015ftirilmi\u015f hizmetler de sunuyoruz. Bunlar aras\u0131nda bask\u0131 logolar\u0131, \u00e7\u0131kartma etiketleri, kabartma, grav\u00fcr, buzlanma ve boyama yer al\u0131r.<\/p>\n<p>Ayr\u0131ca, y\u00fcksek polimer ayakl\u0131 al\u00fcminyum mantarlar ve y\u00fcksek polimer ayakl\u0131 ah\u015fap mantarlar gibi e\u015fle\u015fen kapaklar da sa\u011fl\u0131yoruz ve \u00f6zel renkler mevcuttur.<\/p>\n<p>Cam \u015farap \u015fi\u015felerimizi tercih etti\u011finiz i\u00e7in te\u015fekk\u00fcr ederiz. Size en iyi \u00fcr\u00fcn ve hizmetleri sunmak i\u00e7in sab\u0131rs\u0131zlan\u0131yoruz.<\/p>\n<p>Herhangi bir sorunuz veya \u00f6zel talebiniz varsa, l\u00fctfen bizimle ileti\u015fime ge\u00e7in; ekibimiz size yard\u0131mc\u0131 olmaya haz\u0131r!<\/p>\n\t\t<\/div>\n\t\t\t\t\t<\/div>\n\n\t\n<\/div>\n\t\t<\/div>\n\n\t\t\n<style>\n#section_515860321 {\n  padding-top: 30px;\n  padding-bottom: 30px;\n}\n<\/style>\n\t<\/section>","protected":false},"excerpt":{"rendered":"<p><strong>\u00dcr\u00fcn Ad\u0131<\/strong>: 750ml Napolyon Cam \u0130spirto \u015ei\u015fesi<\/p>\n<p><strong>Malzeme<\/strong>: Kristal Beyaz Cam (S\u00fcper Flint Cam)<\/p>\n<p><strong>A\u011f\u0131rl\u0131k<\/strong>: 750g<\/p>\n<p><strong>ADEDI<\/strong>: 10,000 adet<\/p>\n<p><strong>Boyutlar<\/strong>: \u00c7ap 83mm \u00d7 Y\u00fckseklik 225mm<\/p>\n<p><strong>Uygulamalar<\/strong>: Votka, viski, cin, tekila ve di\u011fer lik\u00f6r ve i\u00e7ecekler gibi birinci s\u0131n\u0131f alkoll\u00fc i\u00e7ecekleri paketlemek i\u00e7in en iyisidir.<\/p>","protected":false},"featured_media":4710,"comment_status":"closed","ping_status":"closed","template":"","meta":[],"product_cat":[40,50],"class_list":{"0":"post-4706","1":"product","2":"type-product","3":"status-publish","4":"has-post-thumbnail","6":"product_cat-750ml-liquor-bottle-manufacturer","7":"product_cat-gin-bottle","9":"first","10":"instock","11":"shipping-taxable","12":"product-type-simple"},"yoast_head":"<!-- This site is optimized with the Yoast SEO plugin v22.0 - https:\/\/yoast.com\/wordpress\/plugins\/seo\/ -->\n<title>750ml Napoleon Glass Spirit Bottle<\/title>\n<meta name=\"description\" content=\"Premium glass bottle with curved body and round shoulder\u2014perfect for whiskey, rum, or liqueur. Customizable design, direct from manufacturer.\" \/>\n<meta name=\"robots\" content=\"index, follow, max-snippet:-1, max-image-preview:large, max-video-preview:-1\" \/>\n<link rel=\"canonical\" href=\"https:\/\/ruishengglassco.com\/tr\/rs163-750ml-napolyon-cam-i\u0307cki\u0307-si\u0307sesi\u0307\/\" \/>\n<meta property=\"og:locale\" content=\"tr_TR\" \/>\n<meta property=\"og:type\" content=\"article\" \/>\n<meta property=\"og:title\" content=\"750ml Napoleon Glass Spirit Bottle\" \/>\n<meta property=\"og:description\" content=\"Premium glass bottle with curved body and round shoulder\u2014perfect for whiskey, rum, or liqueur. Customizable design, direct from manufacturer.\" \/>\n<meta property=\"og:url\" content=\"https:\/\/ruishengglassco.com\/tr\/rs163-750ml-napolyon-cam-i\u0307cki\u0307-si\u0307sesi\u0307\/\" \/>\n<meta property=\"article:publisher\" content=\"https:\/\/www.facebook.com\/ruishengglassbottles\" \/>\n<meta property=\"article:modified_time\" content=\"2025-09-11T08:54:17+00:00\" \/>\n<meta property=\"og:image\" content=\"https:\/\/ruishengglassco.com\/wp-content\/uploads\/2025\/04\/Ruisheng-750ml-Napoleon-Glass-Spirit-Bottle.webp\" \/>\n\t<meta property=\"og:image:width\" content=\"800\" \/>\n\t<meta property=\"og:image:height\" content=\"800\" \/>\n\t<meta property=\"og:image:type\" content=\"image\/webp\" \/>\n<meta name=\"twitter:card\" content=\"summary_large_image\" \/>\n<meta name=\"twitter:label1\" content=\"Tahmini okuma s\u00fcresi\" \/>\n\t<meta name=\"twitter:data1\" content=\"4 dakika\" \/>\n<script type=\"application\/ld+json\" class=\"yoast-schema-graph\">{\"@context\":\"https:\/\/schema.org\",\"@graph\":[{\"@type\":\"WebPage\",\"@id\":\"https:\/\/ruishengglassco.com\/rs163-750ml-napoleon-glass-spirit-bottle\",\"url\":\"https:\/\/ruishengglassco.com\/rs163-750ml-napoleon-glass-spirit-bottle\",\"name\":\"750ml Napoleon Glass Spirit Bottle\",\"isPartOf\":{\"@id\":\"https:\/\/ruishengglassco.com\/#website\"},\"datePublished\":\"2025-04-15T06:40:23+00:00\",\"dateModified\":\"2025-09-11T08:54:17+00:00\",\"description\":\"Premium glass bottle with curved body and round shoulder\u2014perfect for whiskey, rum, or liqueur. Customizable design, direct from manufacturer.\",\"breadcrumb\":{\"@id\":\"https:\/\/ruishengglassco.com\/rs163-750ml-napoleon-glass-spirit-bottle#breadcrumb\"},\"inLanguage\":\"tr\",\"potentialAction\":[{\"@type\":\"ReadAction\",\"target\":[\"https:\/\/ruishengglassco.com\/rs163-750ml-napoleon-glass-spirit-bottle\"]}]},{\"@type\":\"BreadcrumbList\",\"@id\":\"https:\/\/ruishengglassco.com\/rs163-750ml-napoleon-glass-spirit-bottle#breadcrumb\",\"itemListElement\":[{\"@type\":\"ListItem\",\"position\":1,\"name\":\"Home\",\"item\":\"https:\/\/ruishengglassco.com\/\"},{\"@type\":\"ListItem\",\"position\":2,\"name\":\"Products\",\"item\":\"https:\/\/ruishengglassco.com\/products\"},{\"@type\":\"ListItem\",\"position\":3,\"name\":\"RS163 750ml Napoleon Glass Spirit Bottle\"}]},{\"@type\":\"WebSite\",\"@id\":\"https:\/\/ruishengglassco.com\/#website\",\"url\":\"https:\/\/ruishengglassco.com\/\",\"name\":\"Ruisheng Glass\",\"description\":\"\",\"publisher\":{\"@id\":\"https:\/\/ruishengglassco.com\/#organization\"},\"potentialAction\":[{\"@type\":\"SearchAction\",\"target\":{\"@type\":\"EntryPoint\",\"urlTemplate\":\"https:\/\/ruishengglassco.com\/?s={search_term_string}\"},\"query-input\":\"required name=search_term_string\"}],\"inLanguage\":\"tr\"},{\"@type\":\"Organization\",\"@id\":\"https:\/\/ruishengglassco.com\/#organization\",\"name\":\"Shandong Yuncheng Ruisheng Glass Co., Ltd\",\"url\":\"https:\/\/ruishengglassco.com\/\",\"logo\":{\"@type\":\"ImageObject\",\"inLanguage\":\"tr\",\"@id\":\"https:\/\/ruishengglassco.com\/#\/schema\/logo\/image\/\",\"url\":\"https:\/\/ruishengglassco.com\/wp-content\/uploads\/2023\/09\/ruisheng_logo_icon.webp\",\"contentUrl\":\"https:\/\/ruishengglassco.com\/wp-content\/uploads\/2023\/09\/ruisheng_logo_icon.webp\",\"width\":400,\"height\":233,\"caption\":\"Shandong Yuncheng Ruisheng Glass Co., Ltd\"},\"image\":{\"@id\":\"https:\/\/ruishengglassco.com\/#\/schema\/logo\/image\/\"},\"sameAs\":[\"https:\/\/www.facebook.com\/ruishengglassbottles\",\"https:\/\/www.instagram.com\/Ruishengglassbottlewholesales\/\",\"https:\/\/www.youtube.com\/channel\/UCMmbMNGwsL-XrtjfSFLCdVQ\"]}]}<\/script>\n<!-- \/ Yoast SEO plugin. -->","yoast_head_json":{"title":"750ml Napoleon Glass Spirit Bottle","description":"Premium glass bottle with curved body and round shoulder\u2014perfect for whiskey, rum, or liqueur. Customizable design, direct from manufacturer.","robots":{"index":"index","follow":"follow","max-snippet":"max-snippet:-1","max-image-preview":"max-image-preview:large","max-video-preview":"max-video-preview:-1"},"canonical":"https:\/\/ruishengglassco.com\/tr\/rs163-750ml-napolyon-cam-i\u0307cki\u0307-si\u0307sesi\u0307\/","og_locale":"tr_TR","og_type":"article","og_title":"750ml Napoleon Glass Spirit Bottle","og_description":"Premium glass bottle with curved body and round shoulder\u2014perfect for whiskey, rum, or liqueur. Customizable design, direct from manufacturer.","og_url":"https:\/\/ruishengglassco.com\/tr\/rs163-750ml-napolyon-cam-i\u0307cki\u0307-si\u0307sesi\u0307\/","article_publisher":"https:\/\/www.facebook.com\/ruishengglassbottles","article_modified_time":"2025-09-11T08:54:17+00:00","og_image":[{"width":800,"height":800,"url":"https:\/\/ruishengglassco.com\/wp-content\/uploads\/2025\/04\/Ruisheng-750ml-Napoleon-Glass-Spirit-Bottle.webp","type":"image\/webp"}],"twitter_card":"summary_large_image","twitter_misc":{"Tahmini okuma s\u00fcresi":"4 dakika"},"schema":{"@context":"https:\/\/schema.org","@graph":[{"@type":"WebPage","@id":"https:\/\/ruishengglassco.com\/rs163-750ml-napoleon-glass-spirit-bottle","url":"https:\/\/ruishengglassco.com\/rs163-750ml-napoleon-glass-spirit-bottle","name":"750ml Napoleon Glass Spirit Bottle","isPartOf":{"@id":"https:\/\/ruishengglassco.com\/#website"},"datePublished":"2025-04-15T06:40:23+00:00","dateModified":"2025-09-11T08:54:17+00:00","description":"Premium glass bottle with curved body and round shoulder\u2014perfect for whiskey, rum, or liqueur. Customizable design, direct from manufacturer.","breadcrumb":{"@id":"https:\/\/ruishengglassco.com\/rs163-750ml-napoleon-glass-spirit-bottle#breadcrumb"},"inLanguage":"tr","potentialAction":[{"@type":"ReadAction","target":["https:\/\/ruishengglassco.com\/rs163-750ml-napoleon-glass-spirit-bottle"]}]},{"@type":"BreadcrumbList","@id":"https:\/\/ruishengglassco.com\/rs163-750ml-napoleon-glass-spirit-bottle#breadcrumb","itemListElement":[{"@type":"ListItem","position":1,"name":"Home","item":"https:\/\/ruishengglassco.com\/"},{"@type":"ListItem","position":2,"name":"Products","item":"https:\/\/ruishengglassco.com\/products"},{"@type":"ListItem","position":3,"name":"RS163 750ml Napoleon Glass Spirit Bottle"}]},{"@type":"WebSite","@id":"https:\/\/ruishengglassco.com\/#website","url":"https:\/\/ruishengglassco.com\/","name":"Ruisheng Glass","description":"","publisher":{"@id":"https:\/\/ruishengglassco.com\/#organization"},"potentialAction":[{"@type":"SearchAction","target":{"@type":"EntryPoint","urlTemplate":"https:\/\/ruishengglassco.com\/?s={search_term_string}"},"query-input":"required name=search_term_string"}],"inLanguage":"tr"},{"@type":"Organization","@id":"https:\/\/ruishengglassco.com\/#organization","name":"Shandong Yuncheng Ruisheng Glass Co., Ltd","url":"https:\/\/ruishengglassco.com\/","logo":{"@type":"ImageObject","inLanguage":"tr","@id":"https:\/\/ruishengglassco.com\/#\/schema\/logo\/image\/","url":"https:\/\/ruishengglassco.com\/wp-content\/uploads\/2023\/09\/ruisheng_logo_icon.webp","contentUrl":"https:\/\/ruishengglassco.com\/wp-content\/uploads\/2023\/09\/ruisheng_logo_icon.webp","width":400,"height":233,"caption":"Shandong Yuncheng Ruisheng Glass Co., Ltd"},"image":{"@id":"https:\/\/ruishengglassco.com\/#\/schema\/logo\/image\/"},"sameAs":["https:\/\/www.facebook.com\/ruishengglassbottles","https:\/\/www.instagram.com\/Ruishengglassbottlewholesales\/","https:\/\/www.youtube.com\/channel\/UCMmbMNGwsL-XrtjfSFLCdVQ"]}]}},"_links":{"self":[{"href":"https:\/\/ruishengglassco.com\/tr\/wp-json\/wp\/v2\/product\/4706","targetHints":{"allow":["GET"]}}],"collection":[{"href":"https:\/\/ruishengglassco.com\/tr\/wp-json\/wp\/v2\/product"}],"about":[{"href":"https:\/\/ruishengglassco.com\/tr\/wp-json\/wp\/v2\/types\/product"}],"replies":[{"embeddable":true,"href":"https:\/\/ruishengglassco.com\/tr\/wp-json\/wp\/v2\/comments?post=4706"}],"wp:featuredmedia":[{"embeddable":true,"href":"https:\/\/ruishengglassco.com\/tr\/wp-json\/wp\/v2\/media\/4710"}],"wp:attachment":[{"href":"https:\/\/ruishengglassco.com\/tr\/wp-json\/wp\/v2\/media?parent=4706"}],"wp:term":[{"taxonomy":"product_cat","embeddable":true,"href":"https:\/\/ruishengglassco.com\/tr\/wp-json\/wp\/v2\/product_cat?post=4706"}],"curies":[{"name":"wp","href":"https:\/\/api.w.org\/{rel}","templated":true}]}}