{"id":4412,"date":"2025-03-15T23:20:05","date_gmt":"2025-03-15T15:20:05","guid":{"rendered":"https:\/\/ruishengglassco.com\/?post_type=product&#038;p=4412"},"modified":"2025-07-17T11:15:32","modified_gmt":"2025-07-17T03:15:32","slug":"rs159-ci%cc%87n-vi%cc%87ski%cc%87-si%cc%87sesi%cc%87-750-ml-fabri%cc%87ka","status":"publish","type":"product","link":"https:\/\/ruishengglassco.com\/tr\/urun\/rs159-ci%cc%87n-vi%cc%87ski%cc%87-si%cc%87sesi%cc%87-750-ml-fabri%cc%87ka","title":{"rendered":"RS159 \u00c7in Viski \u015ei\u015fesi 750 ml Fabrika"},"content":{"rendered":"<h2><span data-preserver-spaces=\"true\">Teknik \u00d6zellikler<\/span><\/h2>\n<ul>\n<li><span data-preserver-spaces=\"true\">Y\u00fczey \u0130\u015fleme: \u0130\u00e7 Grav\u00fcr<\/span><\/li>\n<li><span data-preserver-spaces=\"true\">End\u00fcstriyel Kullan\u0131m: \u0130\u00e7ecek<\/span><\/li>\n<li><span data-preserver-spaces=\"true\">S\u0131zd\u0131rmazl\u0131k Tipi: V\u0130DA KAPA\u011eI\/MANTAR<\/span><\/li>\n<li><span data-preserver-spaces=\"true\">Men\u015fe Yeri: Shandong, \u00c7in<\/span><\/li>\n<li><span data-preserver-spaces=\"true\">Taban Malzemesi: S\u00fcper \u00e7akmakta\u015f\u0131 cam<\/span><\/li>\n<li><span data-preserver-spaces=\"true\">G\u00f6vde Malzemesi: S\u00fcper \u00e7akmakta\u015f\u0131 cam<\/span><\/li>\n<li><span data-preserver-spaces=\"true\">Model Numaras\u0131: RS-160<\/span><\/li>\n<li><span data-preserver-spaces=\"true\">Marka ad\u0131: RUISHENG<\/span><\/li>\n<li><span data-preserver-spaces=\"true\">Kullan\u0131m \u015fekli: Alkol\/lik\u00f6r\/ispirto\/votka\/viski\/brendi\/rum\/gin<\/span><\/li>\n<li><span data-preserver-spaces=\"true\">Paketleme: \u00d6zel Ambalaj Kabul Edilebilir<\/span><\/li>\n<li><span data-preserver-spaces=\"true\">Capacity: 200ml\/300ml\/500ml\/700\/750ml\/1000ml<\/span><\/li>\n<li><span data-preserver-spaces=\"true\">\u015eekil \u00d6zelle\u015ftirilmi\u015f \u015eekil<\/span><\/li>\n<li><span data-preserver-spaces=\"true\">Logo: Kabul Edilebilir M\u00fc\u015fteri Logosu<\/span><\/li>\n<li><span data-preserver-spaces=\"true\">Hizmet OEM \/ ODM<\/span><\/li>\n<li><span data-preserver-spaces=\"true\">\u00d6rnek: \u00dccretsiz Olarak Sa\u011flan\u0131r<\/span><\/li>\n<li><span data-preserver-spaces=\"true\">Logo bask\u0131s\u0131: M\u00fc\u015fteri Logo Bask\u0131s\u0131n\u0131 Kabul Et<\/span><\/li>\n<li><span data-preserver-spaces=\"true\">Teslim s\u00fcresi: 30-45 G\u00fcn<\/span><\/li>\n<li><span data-preserver-spaces=\"true\">Paketleme: Standart ihracat kartonu \/ Palet \/ \u00d6zelle\u015ftirilmi\u015f ambalaj<\/span><\/li>\n<li><span data-preserver-spaces=\"true\">Liman: Qingdao<\/span><\/li>\n<\/ul>\n<h2><strong><span data-preserver-spaces=\"true\">Shandong, \u00c7in'deki Ruisheng Cam Fabrikas\u0131<\/span><\/strong><\/h2>\n<p><span data-preserver-spaces=\"true\">2009 y\u0131l\u0131ndan bu yana, modern cam \u015fi\u015fe \u00fcretim tesisimiz ve iyi donan\u0131ml\u0131 Ar-Ge merkezimiz 5.000.000 metrekarelik bir tesiste faaliyet g\u00f6stermektedir. Lik\u00f6r, alkoll\u00fc i\u00e7kiler, viski, votka, brendi ve di\u011fer alkoll\u00fc i\u00e7ecekler i\u00e7in y\u00fcksek kaliteli cam \u015fi\u015feler \u00fcretme konusunda uzman\u0131z.<\/span><\/p>\n<h3><strong><span data-preserver-spaces=\"true\">Lik\u00f6r Cam \u015ei\u015fe \u00dcretim Fabrikam\u0131zda Tam Kapasite<\/span><\/strong><\/h3>\n<h4><strong><span data-preserver-spaces=\"true\">12 \u00dcretim Hatt\u0131<\/span><\/strong><\/h4>\n<p><span data-preserver-spaces=\"true\">Yar\u0131 otomatik, y\u00fcksek verimli cam \u015fi\u015fe \u00fcretim hatlar\u0131m\u0131z ayn\u0131 anda farkl\u0131 t\u00fcrde cam \u015fi\u015feler yapabilmektedir.<\/span><\/p>\n<h4><strong><span data-preserver-spaces=\"true\">500+ \u00c7al\u0131\u015fan<\/span><\/strong><\/h4>\n<p><span data-preserver-spaces=\"true\">Ruisheng Glass, 500'\u00fcn \u00fczerinde \u00e7al\u0131\u015fandan olu\u015fan kalifiye bir i\u015fg\u00fcc\u00fcne sahiptir:<\/span><\/p>\n<ul>\n<li><span data-preserver-spaces=\"true\">15 end\u00fcstriyel tasar\u0131mc\u0131<\/span><\/li>\n<li><span data-preserver-spaces=\"true\">35 \u00fcr\u00fcn kalite denet\u00e7isi<\/span><\/li>\n<li><span data-preserver-spaces=\"true\">\u00dcretim \u00e7al\u0131\u015fanlar\u0131, sat\u0131\u015f ve pazarlama personeli<\/span><\/li>\n<\/ul>\n<h4><strong><span data-preserver-spaces=\"true\">8000+ Tasar\u0131m Kal\u0131b\u0131<\/span><\/strong><\/h4>\n<p><span data-preserver-spaces=\"true\">B\u00fcy\u00fck bir kal\u0131p sto\u011fumuz var. <\/span><span data-preserver-spaces=\"true\">Bu<\/span><span data-preserver-spaces=\"true\"> \u00e7e\u015fitli m\u00fc\u015fteri ihtiya\u00e7lar\u0131n\u0131 kolayl\u0131kla kar\u015f\u0131lamam\u0131z\u0131 sa\u011flar.<\/span><\/p>\n<h4><strong><span data-preserver-spaces=\"true\">120.000+ G\u00fcnl\u00fck \u00c7\u0131kt\u0131<\/span><\/strong><\/h4>\n<p><span data-preserver-spaces=\"true\">B\u00fcy\u00fck \u00f6l\u00e7ekli \u00fcretim kapasitemiz \u015funlar\u0131 sa\u011flar <\/span><span data-preserver-spaces=\"true\">h\u0131zl\u0131 pazar yan\u0131t\u0131<\/span><span data-preserver-spaces=\"true\"> ve <\/span><span data-preserver-spaces=\"true\">sorunsuz si\u0307pari\u0307\u015f kar\u015filama<\/span><span data-preserver-spaces=\"true\">.<\/span><\/p>\n<h2><strong><span data-preserver-spaces=\"true\">Ruisheng Cam Nas\u0131l Sipari\u015f Edilir<\/span><\/strong><\/h2>\n<p><span data-preserver-spaces=\"true\">Sorular\u0131n\u0131z ve sipari\u015fleriniz i\u00e7in, <\/span><span data-preserver-spaces=\"true\">l\u00fctfen bizimle ileti\u015fime ge\u00e7in<\/span><span data-preserver-spaces=\"true\"> veya Shandong, \u00c7in'deki fabrikam\u0131z\u0131 ziyaret edin.<\/span><\/p>","protected":false},"excerpt":{"rendered":"<p>Teknik \u00d6zellikler Y\u00fczey \u0130\u015fleme: \u0130\u00e7 Grav\u00fcr End\u00fcstriyel Kullan\u0131m: \u0130\u00e7ecek S\u0131zd\u0131rmazl\u0131k Tipi: V\u0130DA KAPAK\/MANTAR Men\u015fe Yeri: Shandong, \u00c7in Ana Malzeme: S\u00fcper \u00e7akmakta\u015f\u0131 cam G\u00f6vde Malzemesi: S\u00fcper \u00e7akmakta\u015f\u0131 cam Model Numaras\u0131: RS-160 Marka Ad\u0131: RUISHENG Kullan\u0131m: Alkol \/ lik\u00f6r \/ alkoll\u00fc i\u00e7kiler \/ votka \/ viski \/ brendi \/ rom \/ cin Ambalaj: \u00d6zel Ambalaj Kabul Edilebilir Kapasite: 200ml\/300ml\/500ml\/700\/750ml\/1000ml \u015eekil: \u00d6zelle\u015ftirilmi\u015f \u015eekil Logo: Kabul Edilebilir M\u00fc\u015fteri Logosu Hizmeti: OEM \/ ODM \u00d6rne\u011fi: Serbest\u00e7e Sa\u011flan\u0131r ...<\/p>","protected":false},"featured_media":4415,"comment_status":"closed","ping_status":"closed","template":"","meta":[],"product_cat":[54],"class_list":{"0":"post-4412","1":"product","2":"type-product","3":"status-publish","4":"has-post-thumbnail","6":"product_cat-whiskey-bottle","8":"first","9":"instock","10":"shipping-taxable","11":"product-type-simple"},"yoast_head":"<!-- This site is optimized with the Yoast SEO plugin v22.0 - https:\/\/yoast.com\/wordpress\/plugins\/seo\/ -->\n<title>RS159 China Whiskey Bottle 750 ml Factory -<\/title>\n<meta name=\"robots\" content=\"index, follow, max-snippet:-1, max-image-preview:large, max-video-preview:-1\" \/>\n<link rel=\"canonical\" href=\"https:\/\/ruishengglassco.com\/tr\/rs159-ci\u0307n-vi\u0307ski\u0307-si\u0307sesi\u0307-750-ml-fabri\u0307ka\/\" \/>\n<meta property=\"og:locale\" content=\"tr_TR\" \/>\n<meta property=\"og:type\" content=\"article\" \/>\n<meta property=\"og:title\" content=\"RS159 China Whiskey Bottle 750 ml Factory -\" \/>\n<meta property=\"og:description\" content=\"Specifications Surface Handling: Inside Engraving Industrial Use: Beverage Sealing Type: SCREW CAP\/Cork Place of Origin: Shandong, China Base Material: Super flint glass Body Material: Super flint glass Model Number: RS-160 Brand Name: RUISHENG Usage: Alcohol\/liquor\/spirits\/vodka\/whisky\/brandy\/rum\/gin Packing: Custom Packing is Acceptable Capacity: 200ml\/300ml\/500ml\/700\/750ml\/1000ml Shape: Customized Shape Logo: Acceptable Customer&#8217;s Logo Service: OEM \/ODM Sample: Provided Freely...\" \/>\n<meta property=\"og:url\" content=\"https:\/\/ruishengglassco.com\/tr\/rs159-ci\u0307n-vi\u0307ski\u0307-si\u0307sesi\u0307-750-ml-fabri\u0307ka\/\" \/>\n<meta property=\"article:publisher\" content=\"https:\/\/www.facebook.com\/ruishengglassbottles\" \/>\n<meta property=\"article:modified_time\" content=\"2025-07-17T03:15:32+00:00\" \/>\n<meta property=\"og:image\" content=\"https:\/\/ruishengglassco.com\/wp-content\/uploads\/2025\/03\/RS159-China-Whiskey-Bottle-750-ml-Factory.webp\" \/>\n\t<meta property=\"og:image:width\" content=\"800\" \/>\n\t<meta property=\"og:image:height\" content=\"800\" \/>\n\t<meta property=\"og:image:type\" content=\"image\/webp\" \/>\n<meta name=\"twitter:card\" content=\"summary_large_image\" \/>\n<meta name=\"twitter:label1\" content=\"Tahmini okuma s\u00fcresi\" \/>\n\t<meta name=\"twitter:data1\" content=\"1 dakika\" \/>\n<script type=\"application\/ld+json\" class=\"yoast-schema-graph\">{\"@context\":\"https:\/\/schema.org\",\"@graph\":[{\"@type\":\"WebPage\",\"@id\":\"https:\/\/ruishengglassco.com\/de\/rs159-china-whiskey-flasche-750-ml-fabrik\",\"url\":\"https:\/\/ruishengglassco.com\/de\/rs159-china-whiskey-flasche-750-ml-fabrik\",\"name\":\"RS159 China Whiskey Bottle 750 ml Factory -\",\"isPartOf\":{\"@id\":\"https:\/\/ruishengglassco.com\/#website\"},\"datePublished\":\"2025-03-15T15:20:05+00:00\",\"dateModified\":\"2025-07-17T03:15:32+00:00\",\"breadcrumb\":{\"@id\":\"https:\/\/ruishengglassco.com\/de\/rs159-china-whiskey-flasche-750-ml-fabrik#breadcrumb\"},\"inLanguage\":\"tr\",\"potentialAction\":[{\"@type\":\"ReadAction\",\"target\":[\"https:\/\/ruishengglassco.com\/de\/rs159-china-whiskey-flasche-750-ml-fabrik\"]}]},{\"@type\":\"BreadcrumbList\",\"@id\":\"https:\/\/ruishengglassco.com\/de\/rs159-china-whiskey-flasche-750-ml-fabrik#breadcrumb\",\"itemListElement\":[{\"@type\":\"ListItem\",\"position\":1,\"name\":\"Home\",\"item\":\"https:\/\/ruishengglassco.com\/\"},{\"@type\":\"ListItem\",\"position\":2,\"name\":\"Products\",\"item\":\"https:\/\/ruishengglassco.com\/products\"},{\"@type\":\"ListItem\",\"position\":3,\"name\":\"RS159 China Whiskey Bottle 750 ml Factory\"}]},{\"@type\":\"WebSite\",\"@id\":\"https:\/\/ruishengglassco.com\/#website\",\"url\":\"https:\/\/ruishengglassco.com\/\",\"name\":\"Ruisheng Glass\",\"description\":\"\",\"publisher\":{\"@id\":\"https:\/\/ruishengglassco.com\/#organization\"},\"potentialAction\":[{\"@type\":\"SearchAction\",\"target\":{\"@type\":\"EntryPoint\",\"urlTemplate\":\"https:\/\/ruishengglassco.com\/?s={search_term_string}\"},\"query-input\":\"required name=search_term_string\"}],\"inLanguage\":\"tr\"},{\"@type\":\"Organization\",\"@id\":\"https:\/\/ruishengglassco.com\/#organization\",\"name\":\"Shandong Yuncheng Ruisheng Glass Co., Ltd\",\"url\":\"https:\/\/ruishengglassco.com\/\",\"logo\":{\"@type\":\"ImageObject\",\"inLanguage\":\"tr\",\"@id\":\"https:\/\/ruishengglassco.com\/#\/schema\/logo\/image\/\",\"url\":\"https:\/\/ruishengglassco.com\/wp-content\/uploads\/2023\/09\/ruisheng_logo_icon.webp\",\"contentUrl\":\"https:\/\/ruishengglassco.com\/wp-content\/uploads\/2023\/09\/ruisheng_logo_icon.webp\",\"width\":400,\"height\":233,\"caption\":\"Shandong Yuncheng Ruisheng Glass Co., Ltd\"},\"image\":{\"@id\":\"https:\/\/ruishengglassco.com\/#\/schema\/logo\/image\/\"},\"sameAs\":[\"https:\/\/www.facebook.com\/ruishengglassbottles\",\"https:\/\/www.instagram.com\/Ruishengglassbottlewholesales\/\",\"https:\/\/www.youtube.com\/channel\/UCMmbMNGwsL-XrtjfSFLCdVQ\"]}]}<\/script>\n<!-- \/ Yoast SEO plugin. -->","yoast_head_json":{"title":"RS159 China Whiskey Bottle 750 ml Factory -","robots":{"index":"index","follow":"follow","max-snippet":"max-snippet:-1","max-image-preview":"max-image-preview:large","max-video-preview":"max-video-preview:-1"},"canonical":"https:\/\/ruishengglassco.com\/tr\/rs159-ci\u0307n-vi\u0307ski\u0307-si\u0307sesi\u0307-750-ml-fabri\u0307ka\/","og_locale":"tr_TR","og_type":"article","og_title":"RS159 China Whiskey Bottle 750 ml Factory -","og_description":"Specifications Surface Handling: Inside Engraving Industrial Use: Beverage Sealing Type: SCREW CAP\/Cork Place of Origin: Shandong, China Base Material: Super flint glass Body Material: Super flint glass Model Number: RS-160 Brand Name: RUISHENG Usage: Alcohol\/liquor\/spirits\/vodka\/whisky\/brandy\/rum\/gin Packing: Custom Packing is Acceptable Capacity: 200ml\/300ml\/500ml\/700\/750ml\/1000ml Shape: Customized Shape Logo: Acceptable Customer&#8217;s Logo Service: OEM \/ODM Sample: Provided Freely...","og_url":"https:\/\/ruishengglassco.com\/tr\/rs159-ci\u0307n-vi\u0307ski\u0307-si\u0307sesi\u0307-750-ml-fabri\u0307ka\/","article_publisher":"https:\/\/www.facebook.com\/ruishengglassbottles","article_modified_time":"2025-07-17T03:15:32+00:00","og_image":[{"width":800,"height":800,"url":"https:\/\/ruishengglassco.com\/wp-content\/uploads\/2025\/03\/RS159-China-Whiskey-Bottle-750-ml-Factory.webp","type":"image\/webp"}],"twitter_card":"summary_large_image","twitter_misc":{"Tahmini okuma s\u00fcresi":"1 dakika"},"schema":{"@context":"https:\/\/schema.org","@graph":[{"@type":"WebPage","@id":"https:\/\/ruishengglassco.com\/de\/rs159-china-whiskey-flasche-750-ml-fabrik","url":"https:\/\/ruishengglassco.com\/de\/rs159-china-whiskey-flasche-750-ml-fabrik","name":"RS159 China Whiskey Bottle 750 ml Factory -","isPartOf":{"@id":"https:\/\/ruishengglassco.com\/#website"},"datePublished":"2025-03-15T15:20:05+00:00","dateModified":"2025-07-17T03:15:32+00:00","breadcrumb":{"@id":"https:\/\/ruishengglassco.com\/de\/rs159-china-whiskey-flasche-750-ml-fabrik#breadcrumb"},"inLanguage":"tr","potentialAction":[{"@type":"ReadAction","target":["https:\/\/ruishengglassco.com\/de\/rs159-china-whiskey-flasche-750-ml-fabrik"]}]},{"@type":"BreadcrumbList","@id":"https:\/\/ruishengglassco.com\/de\/rs159-china-whiskey-flasche-750-ml-fabrik#breadcrumb","itemListElement":[{"@type":"ListItem","position":1,"name":"Home","item":"https:\/\/ruishengglassco.com\/"},{"@type":"ListItem","position":2,"name":"Products","item":"https:\/\/ruishengglassco.com\/products"},{"@type":"ListItem","position":3,"name":"RS159 China Whiskey Bottle 750 ml Factory"}]},{"@type":"WebSite","@id":"https:\/\/ruishengglassco.com\/#website","url":"https:\/\/ruishengglassco.com\/","name":"Ruisheng Glass","description":"","publisher":{"@id":"https:\/\/ruishengglassco.com\/#organization"},"potentialAction":[{"@type":"SearchAction","target":{"@type":"EntryPoint","urlTemplate":"https:\/\/ruishengglassco.com\/?s={search_term_string}"},"query-input":"required name=search_term_string"}],"inLanguage":"tr"},{"@type":"Organization","@id":"https:\/\/ruishengglassco.com\/#organization","name":"Shandong Yuncheng Ruisheng Glass Co., Ltd","url":"https:\/\/ruishengglassco.com\/","logo":{"@type":"ImageObject","inLanguage":"tr","@id":"https:\/\/ruishengglassco.com\/#\/schema\/logo\/image\/","url":"https:\/\/ruishengglassco.com\/wp-content\/uploads\/2023\/09\/ruisheng_logo_icon.webp","contentUrl":"https:\/\/ruishengglassco.com\/wp-content\/uploads\/2023\/09\/ruisheng_logo_icon.webp","width":400,"height":233,"caption":"Shandong Yuncheng Ruisheng Glass Co., Ltd"},"image":{"@id":"https:\/\/ruishengglassco.com\/#\/schema\/logo\/image\/"},"sameAs":["https:\/\/www.facebook.com\/ruishengglassbottles","https:\/\/www.instagram.com\/Ruishengglassbottlewholesales\/","https:\/\/www.youtube.com\/channel\/UCMmbMNGwsL-XrtjfSFLCdVQ"]}]}},"_links":{"self":[{"href":"https:\/\/ruishengglassco.com\/tr\/wp-json\/wp\/v2\/product\/4412","targetHints":{"allow":["GET"]}}],"collection":[{"href":"https:\/\/ruishengglassco.com\/tr\/wp-json\/wp\/v2\/product"}],"about":[{"href":"https:\/\/ruishengglassco.com\/tr\/wp-json\/wp\/v2\/types\/product"}],"replies":[{"embeddable":true,"href":"https:\/\/ruishengglassco.com\/tr\/wp-json\/wp\/v2\/comments?post=4412"}],"wp:featuredmedia":[{"embeddable":true,"href":"https:\/\/ruishengglassco.com\/tr\/wp-json\/wp\/v2\/media\/4415"}],"wp:attachment":[{"href":"https:\/\/ruishengglassco.com\/tr\/wp-json\/wp\/v2\/media?parent=4412"}],"wp:term":[{"taxonomy":"product_cat","embeddable":true,"href":"https:\/\/ruishengglassco.com\/tr\/wp-json\/wp\/v2\/product_cat?post=4412"}],"curies":[{"name":"wp","href":"https:\/\/api.w.org\/{rel}","templated":true}]}}