{"id":4407,"date":"2025-03-15T23:15:22","date_gmt":"2025-03-15T15:15:22","guid":{"rendered":"https:\/\/ruishengglassco.com\/?post_type=product&#038;p=4407"},"modified":"2025-03-15T23:15:23","modified_gmt":"2025-03-15T15:15:23","slug":"rs156-cin-500ml-viski-sisesi-ureticisi","status":"publish","type":"product","link":"https:\/\/ruishengglassco.com\/tr\/urun\/rs156-cin-500ml-viski-sisesi-ureticisi","title":{"rendered":"RS156 \u00c7in 500ml Viski \u015ei\u015fesi \u00dcreticisi"},"content":{"rendered":"<h2 data-spm-anchor-id=\"a2700.details.0.i82.67a53c122iOfKz\"><span style=\"font-size: 100%;\">Teknik \u00d6zellikler<\/span><\/h2>\n<div class=\"attribute-list\">\n<div class=\"attribute-item\">\n<ul>\n<li class=\"left\">Y\u00fczey \u0130\u015fleme: <span style=\"color: var(--wpex-text-2);\">\u0130\u00e7 Grav\u00fcr<\/span><\/li>\n<li class=\"left\">End\u00fcstriyel Kullan\u0131m: <span style=\"color: var(--wpex-text-2);\">\u0130\u00e7ecek<\/span><\/li>\n<li class=\"left\">S\u0131zd\u0131rmazl\u0131k Tipi: <span style=\"color: var(--wpex-text-2);\">V\u0130DA KAPA\u011eI\/Mantar<\/span><\/li>\n<li class=\"left\">Men\u015fe Yeri: <span style=\"color: var(--wpex-text-2);\">Shandong, \u00c7in<\/span><\/li>\n<li class=\"left\">Taban Malzemesi: S<span style=\"color: var(--wpex-text-2);\">uper \u00e7akmakta\u015f\u0131 cam<\/span><\/li>\n<li class=\"left\">G\u00f6vde Malzemesi: <span style=\"color: var(--wpex-text-2);\">S\u00fcper \u00e7akmakta\u015f\u0131 cam<\/span><\/li>\n<li class=\"left\">Model Numaras\u0131: <span style=\"color: var(--wpex-text-2);\">RS-160<\/span><\/li>\n<li class=\"left\">Marka ad\u0131: <span style=\"color: var(--wpex-text-2);\">RUISHENG<\/span><\/li>\n<li class=\"left\">Kullan\u0131m: <span style=\"color: var(--wpex-text-2);\">Alkol\/lik\u00f6r\/i\u00e7ki\/votka\/viski\/brendi\/rum\/gin<\/span><\/li>\n<li class=\"left\">Paketleme: <span style=\"color: var(--wpex-text-2);\">\u00d6zel Ambalaj Kabul Edilebilir<\/span><\/li>\n<li class=\"left\">Kapasite: <span style=\"color: var(--wpex-text-2);\">200ml\/300ml\/500ml\/700\/750ml\/1000ml<\/span><\/li>\n<li class=\"left\">\u015eekil: <span style=\"color: var(--wpex-text-2);\">\u00d6zelle\u015ftirilmi\u015f \u015eekil<\/span><\/li>\n<li class=\"left\">Logo: <span style=\"color: var(--wpex-text-2);\">Kabul Edilebilir M\u00fc\u015fteri Logosu<\/span><\/li>\n<li class=\"left\">Servis: <span style=\"color: var(--wpex-text-2);\">OEM \/ ODM<\/span><\/li>\n<li class=\"left\">\u00d6rnek: <span style=\"color: var(--wpex-text-2);\">Serbest\u00e7e Sa\u011flan\u0131r<\/span><\/li>\n<li class=\"left\">Logo bask\u0131s\u0131: <span style=\"color: var(--wpex-text-2);\">M\u00fc\u015fteri Logo Bask\u0131s\u0131n\u0131 Kabul Et<\/span><\/li>\n<li class=\"left\">Teslimat s\u00fcresi: <span style=\"color: var(--wpex-text-2);\">30-45 G\u00fcn<\/span><\/li>\n<li class=\"left\">Paketleme: <span style=\"font-family: var(--wpex-heading-font-family); font-style: var(--wpex-heading-font-style); letter-spacing: var(--wpex-heading-letter-spacing); text-transform: var(--wpex-heading-text-transform); color: var(--wpex-text-2);\" data-spm-anchor-id=\"a2700.details.0.i77.67a53c122iOfKz\">Standart ihracat kartonu\/<\/span><span style=\"color: var(--wpex-text-2);\">Palet\/<\/span><span style=\"color: var(--wpex-text-2);\">\u00d6zel paketleme<\/span><\/li>\n<li class=\"left\">Liman: <span style=\"color: var(--wpex-text-2);\">Qingdao<\/span><\/li>\n<\/ul>\n<h2 data-start=\"138\" data-end=\"188\"><strong data-start=\"141\" data-end=\"186\">Shandong, \u00c7in'deki Ruisheng Cam Fabrikas\u0131<\/strong><\/h2>\n<p data-start=\"190\" data-end=\"460\">2009 y\u0131l\u0131ndan bu yana, modern cam \u015fi\u015fe \u00fcretim tesisimiz ve iyi donan\u0131ml\u0131 Ar-Ge merkezimiz 5.000.000 metrekarelik bir tesiste faaliyet g\u00f6stermektedir. Lik\u00f6r, alkoll\u00fc i\u00e7kiler, viski, votka, brendi ve di\u011fer alkoll\u00fc i\u00e7ecekler i\u00e7in y\u00fcksek kaliteli cam \u015fi\u015feler \u00fcretme konusunda uzman\u0131z.<\/p>\n<h3 data-start=\"467\" data-end=\"539\"><strong data-start=\"471\" data-end=\"537\">Lik\u00f6r Cam \u015ei\u015fe \u00dcretim Fabrikam\u0131zda Tam Kapasite<\/strong><\/h3>\n<h4 data-start=\"541\" data-end=\"571\"><strong data-start=\"546\" data-end=\"569\">12 \u00dcretim Hatt\u0131<\/strong><\/h4>\n<p data-start=\"572\" data-end=\"733\">Yar\u0131 otomatik, y\u00fcksek verimli cam \u015fi\u015fe \u00fcretim hatlar\u0131m\u0131z, farkl\u0131 i\u015flem s\u00fcre\u00e7lerine sahip cam \u015fi\u015felerin e\u015fzamanl\u0131 olarak \u00fcretilmesine olanak tan\u0131r.<\/p>\n<h4 data-start=\"735\" data-end=\"760\"><strong data-start=\"740\" data-end=\"758\">500+ \u00c7al\u0131\u015fan<\/strong><\/h4>\n<p data-start=\"761\" data-end=\"835\">Ruisheng Glass, 500'\u00fcn \u00fczerinde \u00e7al\u0131\u015fandan olu\u015fan kalifiye bir i\u015fg\u00fcc\u00fcne sahiptir:<\/p>\n<ul data-start=\"836\" data-end=\"952\">\n<li data-start=\"836\" data-end=\"863\">15 end\u00fcstriyel tasar\u0131mc\u0131<\/li>\n<li data-start=\"864\" data-end=\"897\">35 \u00fcr\u00fcn kalite denet\u00e7isi<\/li>\n<li data-start=\"898\" data-end=\"952\">\u00dcretim \u00e7al\u0131\u015fanlar\u0131, sat\u0131\u015f ve pazarlama personeli<\/li>\n<\/ul>\n<h4 data-start=\"954\" data-end=\"983\"><strong data-start=\"959\" data-end=\"981\">8000+ Tasar\u0131m Kal\u0131b\u0131<\/strong><\/h4>\n<p data-start=\"984\" data-end=\"1105\">Kapsaml\u0131 bir \u015firket i\u00e7i kal\u0131p envanteri ile, farkl\u0131 m\u00fc\u015fteri gereksinimlerini kar\u015f\u0131lamak i\u00e7in e\u015fsiz bir esneklik sunuyoruz.<\/p>\n<h4 data-start=\"1107\" data-end=\"1139\"><strong data-start=\"1112\" data-end=\"1137\">120.000+ G\u00fcnl\u00fck \u00c7\u0131kt\u0131<\/strong><\/h4>\n<p data-start=\"1140\" data-end=\"1242\">B\u00fcy\u00fck \u00f6l\u00e7ekli \u00fcretim kapasitemiz, pazara h\u0131zl\u0131 yan\u0131t verilmesini ve sipari\u015flerin sorunsuz bir \u015fekilde yerine getirilmesini sa\u011flar.<\/p>\n<h2 data-start=\"1249\" data-end=\"1285\"><strong data-start=\"1252\" data-end=\"1283\">Ruisheng Cam Nas\u0131l Sipari\u015f Edilir<\/strong><\/h2>\n<p data-start=\"1286\" data-end=\"1372\">Sorular\u0131n\u0131z ve sipari\u015fleriniz i\u00e7in l\u00fctfen bizimle ileti\u015fime ge\u00e7in veya Shandong, \u00c7in'deki fabrikam\u0131z\u0131 ziyaret edin.<\/p>\n<\/div>\n<\/div>","protected":false},"excerpt":{"rendered":"<p>Teknik \u00d6zellikler Y\u00fczey \u0130\u015fleme: \u0130\u00e7 Grav\u00fcr End\u00fcstriyel Kullan\u0131m: \u0130\u00e7ecek S\u0131zd\u0131rmazl\u0131k Tipi: V\u0130DA KAPAK\/MANTAR Men\u015fe Yeri: Shandong, \u00c7in Ana Malzeme: S\u00fcper \u00e7akmakta\u015f\u0131 cam G\u00f6vde Malzemesi: S\u00fcper \u00e7akmakta\u015f\u0131 cam Model Numaras\u0131: RS-160 Marka Ad\u0131: RUISHENG Kullan\u0131m: Alkol \/ lik\u00f6r \/ alkoll\u00fc i\u00e7kiler \/ votka \/ viski \/ brendi \/ rom \/ cin Ambalaj: \u00d6zel Ambalaj Kabul Edilebilir Kapasite: 200ml\/300ml\/500ml\/700\/750ml\/1000ml \u015eekil: \u00d6zelle\u015ftirilmi\u015f \u015eekil Logo: Kabul Edilebilir M\u00fc\u015fteri Logosu Hizmeti: OEM \/ ODM \u00d6rne\u011fi: Serbest\u00e7e Sa\u011flan\u0131r Logo ...<\/p>","protected":false},"featured_media":4408,"comment_status":"closed","ping_status":"closed","template":"","meta":[],"product_cat":[54],"class_list":{"0":"post-4407","1":"product","2":"type-product","3":"status-publish","4":"has-post-thumbnail","6":"product_cat-whiskey-bottle","8":"first","9":"instock","10":"shipping-taxable","11":"product-type-simple"},"yoast_head":"<!-- This site is optimized with the Yoast SEO plugin v22.0 - https:\/\/yoast.com\/wordpress\/plugins\/seo\/ -->\n<title>RS156 China 500ml Whiskey Bottle Manufacturer -<\/title>\n<meta name=\"robots\" content=\"index, follow, max-snippet:-1, max-image-preview:large, max-video-preview:-1\" \/>\n<link rel=\"canonical\" href=\"https:\/\/ruishengglassco.com\/tr\/rs156-cin-500ml-viski-sisesi-ureticisi\/\" \/>\n<meta property=\"og:locale\" content=\"tr_TR\" \/>\n<meta property=\"og:type\" content=\"article\" \/>\n<meta property=\"og:title\" content=\"RS156 China 500ml Whiskey Bottle Manufacturer -\" \/>\n<meta property=\"og:description\" content=\"Specifications Surface Handling: Inside Engraving Industrial Use: Beverage Sealing Type: SCREW CAP\/Cork Place of Origin: Shandong, China Base Material: Super flint glass Body Material: Super flint glass Model Number: RS-160 Brand Name: RUISHENG Usage: Alcohol\/liquor\/spirits\/vodka\/whisky\/brandy\/rum\/gin Packing: Custom Packing Acceptable Capacity: 200ml\/300ml\/500ml\/700\/750ml\/1000ml Shape: Customized Shape Logo: Acceptable Customer&#8217;s Logo Service: OEM \/ODM Sample: Provided Freely Logo...\" \/>\n<meta property=\"og:url\" content=\"https:\/\/ruishengglassco.com\/tr\/rs156-cin-500ml-viski-sisesi-ureticisi\/\" \/>\n<meta property=\"article:publisher\" content=\"https:\/\/www.facebook.com\/ruishengglassbottles\" \/>\n<meta property=\"article:modified_time\" content=\"2025-03-15T15:15:23+00:00\" \/>\n<meta property=\"og:image\" content=\"https:\/\/ruishengglassco.com\/wp-content\/uploads\/2025\/03\/RS156-China-500ml-Whiskey-Bottle-Manufacturer.webp\" \/>\n\t<meta property=\"og:image:width\" content=\"800\" \/>\n\t<meta property=\"og:image:height\" content=\"800\" \/>\n\t<meta property=\"og:image:type\" content=\"image\/webp\" \/>\n<meta name=\"twitter:card\" content=\"summary_large_image\" \/>\n<meta name=\"twitter:label1\" content=\"Tahmini okuma s\u00fcresi\" \/>\n\t<meta name=\"twitter:data1\" content=\"1 dakika\" \/>\n<script type=\"application\/ld+json\" class=\"yoast-schema-graph\">{\"@context\":\"https:\/\/schema.org\",\"@graph\":[{\"@type\":\"WebPage\",\"@id\":\"https:\/\/ruishengglassco.com\/rs156-china-500ml-whiskey-bottle-manufacturer\",\"url\":\"https:\/\/ruishengglassco.com\/rs156-china-500ml-whiskey-bottle-manufacturer\",\"name\":\"RS156 China 500ml Whiskey Bottle Manufacturer -\",\"isPartOf\":{\"@id\":\"https:\/\/ruishengglassco.com\/#website\"},\"datePublished\":\"2025-03-15T15:15:22+00:00\",\"dateModified\":\"2025-03-15T15:15:23+00:00\",\"breadcrumb\":{\"@id\":\"https:\/\/ruishengglassco.com\/rs156-china-500ml-whiskey-bottle-manufacturer#breadcrumb\"},\"inLanguage\":\"tr\",\"potentialAction\":[{\"@type\":\"ReadAction\",\"target\":[\"https:\/\/ruishengglassco.com\/rs156-china-500ml-whiskey-bottle-manufacturer\"]}]},{\"@type\":\"BreadcrumbList\",\"@id\":\"https:\/\/ruishengglassco.com\/rs156-china-500ml-whiskey-bottle-manufacturer#breadcrumb\",\"itemListElement\":[{\"@type\":\"ListItem\",\"position\":1,\"name\":\"Home\",\"item\":\"https:\/\/ruishengglassco.com\/\"},{\"@type\":\"ListItem\",\"position\":2,\"name\":\"Products\",\"item\":\"https:\/\/ruishengglassco.com\/products\"},{\"@type\":\"ListItem\",\"position\":3,\"name\":\"RS156 China 500ml Whiskey Bottle Manufacturer\"}]},{\"@type\":\"WebSite\",\"@id\":\"https:\/\/ruishengglassco.com\/#website\",\"url\":\"https:\/\/ruishengglassco.com\/\",\"name\":\"Ruisheng Glass\",\"description\":\"\",\"publisher\":{\"@id\":\"https:\/\/ruishengglassco.com\/#organization\"},\"potentialAction\":[{\"@type\":\"SearchAction\",\"target\":{\"@type\":\"EntryPoint\",\"urlTemplate\":\"https:\/\/ruishengglassco.com\/?s={search_term_string}\"},\"query-input\":\"required name=search_term_string\"}],\"inLanguage\":\"tr\"},{\"@type\":\"Organization\",\"@id\":\"https:\/\/ruishengglassco.com\/#organization\",\"name\":\"Shandong Yuncheng Ruisheng Glass Co., Ltd\",\"url\":\"https:\/\/ruishengglassco.com\/\",\"logo\":{\"@type\":\"ImageObject\",\"inLanguage\":\"tr\",\"@id\":\"https:\/\/ruishengglassco.com\/#\/schema\/logo\/image\/\",\"url\":\"https:\/\/ruishengglassco.com\/wp-content\/uploads\/2023\/09\/ruisheng_logo_icon.webp\",\"contentUrl\":\"https:\/\/ruishengglassco.com\/wp-content\/uploads\/2023\/09\/ruisheng_logo_icon.webp\",\"width\":400,\"height\":233,\"caption\":\"Shandong Yuncheng Ruisheng Glass Co., Ltd\"},\"image\":{\"@id\":\"https:\/\/ruishengglassco.com\/#\/schema\/logo\/image\/\"},\"sameAs\":[\"https:\/\/www.facebook.com\/ruishengglassbottles\",\"https:\/\/www.instagram.com\/Ruishengglassbottlewholesales\/\",\"https:\/\/www.youtube.com\/channel\/UCMmbMNGwsL-XrtjfSFLCdVQ\"]}]}<\/script>\n<!-- \/ Yoast SEO plugin. -->","yoast_head_json":{"title":"RS156 China 500ml Whiskey Bottle Manufacturer -","robots":{"index":"index","follow":"follow","max-snippet":"max-snippet:-1","max-image-preview":"max-image-preview:large","max-video-preview":"max-video-preview:-1"},"canonical":"https:\/\/ruishengglassco.com\/tr\/rs156-cin-500ml-viski-sisesi-ureticisi\/","og_locale":"tr_TR","og_type":"article","og_title":"RS156 China 500ml Whiskey Bottle Manufacturer -","og_description":"Specifications Surface Handling: Inside Engraving Industrial Use: Beverage Sealing Type: SCREW CAP\/Cork Place of Origin: Shandong, China Base Material: Super flint glass Body Material: Super flint glass Model Number: RS-160 Brand Name: RUISHENG Usage: Alcohol\/liquor\/spirits\/vodka\/whisky\/brandy\/rum\/gin Packing: Custom Packing Acceptable Capacity: 200ml\/300ml\/500ml\/700\/750ml\/1000ml Shape: Customized Shape Logo: Acceptable Customer&#8217;s Logo Service: OEM \/ODM Sample: Provided Freely Logo...","og_url":"https:\/\/ruishengglassco.com\/tr\/rs156-cin-500ml-viski-sisesi-ureticisi\/","article_publisher":"https:\/\/www.facebook.com\/ruishengglassbottles","article_modified_time":"2025-03-15T15:15:23+00:00","og_image":[{"width":800,"height":800,"url":"https:\/\/ruishengglassco.com\/wp-content\/uploads\/2025\/03\/RS156-China-500ml-Whiskey-Bottle-Manufacturer.webp","type":"image\/webp"}],"twitter_card":"summary_large_image","twitter_misc":{"Tahmini okuma s\u00fcresi":"1 dakika"},"schema":{"@context":"https:\/\/schema.org","@graph":[{"@type":"WebPage","@id":"https:\/\/ruishengglassco.com\/rs156-china-500ml-whiskey-bottle-manufacturer","url":"https:\/\/ruishengglassco.com\/rs156-china-500ml-whiskey-bottle-manufacturer","name":"RS156 China 500ml Whiskey Bottle Manufacturer -","isPartOf":{"@id":"https:\/\/ruishengglassco.com\/#website"},"datePublished":"2025-03-15T15:15:22+00:00","dateModified":"2025-03-15T15:15:23+00:00","breadcrumb":{"@id":"https:\/\/ruishengglassco.com\/rs156-china-500ml-whiskey-bottle-manufacturer#breadcrumb"},"inLanguage":"tr","potentialAction":[{"@type":"ReadAction","target":["https:\/\/ruishengglassco.com\/rs156-china-500ml-whiskey-bottle-manufacturer"]}]},{"@type":"BreadcrumbList","@id":"https:\/\/ruishengglassco.com\/rs156-china-500ml-whiskey-bottle-manufacturer#breadcrumb","itemListElement":[{"@type":"ListItem","position":1,"name":"Home","item":"https:\/\/ruishengglassco.com\/"},{"@type":"ListItem","position":2,"name":"Products","item":"https:\/\/ruishengglassco.com\/products"},{"@type":"ListItem","position":3,"name":"RS156 China 500ml Whiskey Bottle Manufacturer"}]},{"@type":"WebSite","@id":"https:\/\/ruishengglassco.com\/#website","url":"https:\/\/ruishengglassco.com\/","name":"Ruisheng Glass","description":"","publisher":{"@id":"https:\/\/ruishengglassco.com\/#organization"},"potentialAction":[{"@type":"SearchAction","target":{"@type":"EntryPoint","urlTemplate":"https:\/\/ruishengglassco.com\/?s={search_term_string}"},"query-input":"required name=search_term_string"}],"inLanguage":"tr"},{"@type":"Organization","@id":"https:\/\/ruishengglassco.com\/#organization","name":"Shandong Yuncheng Ruisheng Glass Co., Ltd","url":"https:\/\/ruishengglassco.com\/","logo":{"@type":"ImageObject","inLanguage":"tr","@id":"https:\/\/ruishengglassco.com\/#\/schema\/logo\/image\/","url":"https:\/\/ruishengglassco.com\/wp-content\/uploads\/2023\/09\/ruisheng_logo_icon.webp","contentUrl":"https:\/\/ruishengglassco.com\/wp-content\/uploads\/2023\/09\/ruisheng_logo_icon.webp","width":400,"height":233,"caption":"Shandong Yuncheng Ruisheng Glass Co., Ltd"},"image":{"@id":"https:\/\/ruishengglassco.com\/#\/schema\/logo\/image\/"},"sameAs":["https:\/\/www.facebook.com\/ruishengglassbottles","https:\/\/www.instagram.com\/Ruishengglassbottlewholesales\/","https:\/\/www.youtube.com\/channel\/UCMmbMNGwsL-XrtjfSFLCdVQ"]}]}},"_links":{"self":[{"href":"https:\/\/ruishengglassco.com\/tr\/wp-json\/wp\/v2\/product\/4407","targetHints":{"allow":["GET"]}}],"collection":[{"href":"https:\/\/ruishengglassco.com\/tr\/wp-json\/wp\/v2\/product"}],"about":[{"href":"https:\/\/ruishengglassco.com\/tr\/wp-json\/wp\/v2\/types\/product"}],"replies":[{"embeddable":true,"href":"https:\/\/ruishengglassco.com\/tr\/wp-json\/wp\/v2\/comments?post=4407"}],"wp:featuredmedia":[{"embeddable":true,"href":"https:\/\/ruishengglassco.com\/tr\/wp-json\/wp\/v2\/media\/4408"}],"wp:attachment":[{"href":"https:\/\/ruishengglassco.com\/tr\/wp-json\/wp\/v2\/media?parent=4407"}],"wp:term":[{"taxonomy":"product_cat","embeddable":true,"href":"https:\/\/ruishengglassco.com\/tr\/wp-json\/wp\/v2\/product_cat?post=4407"}],"curies":[{"name":"wp","href":"https:\/\/api.w.org\/{rel}","templated":true}]}}