{"id":4399,"date":"2025-03-15T23:07:43","date_gmt":"2025-03-15T15:07:43","guid":{"rendered":"https:\/\/ruishengglassco.com\/?post_type=product&#038;p=4399"},"modified":"2025-07-17T11:02:37","modified_gmt":"2025-07-17T03:02:37","slug":"rs151-toptan-700ml-viski-sisesi","status":"publish","type":"product","link":"https:\/\/ruishengglassco.com\/tr\/urun\/rs151-toptan-700ml-viski-sisesi","title":{"rendered":"RS151 700ml Viski \u015ei\u015fesi"},"content":{"rendered":"<h2><span data-preserver-spaces=\"true\">Teknik \u00d6zellikler<\/span><\/h2>\n<ul>\n<li><span data-preserver-spaces=\"true\">Y\u00fczey \u0130\u015fleme: \u0130\u00e7 Grav\u00fcr<\/span><\/li>\n<li><span data-preserver-spaces=\"true\">End\u00fcstriyel Kullan\u0131m: \u0130\u00e7ecek<\/span><\/li>\n<li><span data-preserver-spaces=\"true\">S\u0131zd\u0131rmazl\u0131k Tipi: V\u0130DA KAPA\u011eI\/MANTAR<\/span><\/li>\n<li><span data-preserver-spaces=\"true\">Men\u015fe Yeri: Shandong, \u00c7in<\/span><\/li>\n<li><span data-preserver-spaces=\"true\">Taban Malzemesi: S\u00fcper \u00e7akmakta\u015f\u0131 cam<\/span><\/li>\n<li><span data-preserver-spaces=\"true\">G\u00f6vde Malzemesi: S\u00fcper \u00e7akmakta\u015f\u0131 cam<\/span><\/li>\n<li><span data-preserver-spaces=\"true\">Model Numaras\u0131: RS-160<\/span><\/li>\n<li><span data-preserver-spaces=\"true\">Marka ad\u0131: RUISHENG<\/span><\/li>\n<li><span data-preserver-spaces=\"true\">Kullan\u0131m \u015fekli: Alkol\/lik\u00f6r\/ispirto\/votka\/viski\/brendi\/rum\/gin<\/span><\/li>\n<li><span data-preserver-spaces=\"true\">Paketleme: \u00d6zel Ambalaj Kabul Edilebilir<\/span><\/li>\n<li><span data-preserver-spaces=\"true\">Capacity: 200ml\/300ml\/500ml\/700\/750ml\/1000ml<\/span><\/li>\n<li><span data-preserver-spaces=\"true\">\u015eekil \u00d6zelle\u015ftirilmi\u015f \u015eekil<\/span><\/li>\n<li><span data-preserver-spaces=\"true\">Logo: Kabul Edilebilir M\u00fc\u015fteri Logosu<\/span><\/li>\n<li><span data-preserver-spaces=\"true\">Hizmet OEM \/ ODM<\/span><\/li>\n<li><span data-preserver-spaces=\"true\">\u00d6rnek: \u00dccretsiz Olarak Sa\u011flan\u0131r<\/span><\/li>\n<li><span data-preserver-spaces=\"true\">Logo bask\u0131s\u0131: M\u00fc\u015fteri Logo Bask\u0131s\u0131n\u0131 Kabul Et<\/span><\/li>\n<li><span data-preserver-spaces=\"true\">Teslim s\u00fcresi: 30-45 G\u00fcn<\/span><\/li>\n<li><span data-preserver-spaces=\"true\">Paketleme: Standart ihracat kartonu \/ Palet \/ \u00d6zelle\u015ftirilmi\u015f ambalaj<\/span><\/li>\n<li><span data-preserver-spaces=\"true\">Liman: Qingdao<\/span><\/li>\n<\/ul>\n<h3><strong><span data-preserver-spaces=\"true\">Shandong, \u00c7in'deki Ruisheng Cam Fabrikas\u0131<\/span><\/strong><\/h3>\n<p><span data-preserver-spaces=\"true\">2009 y\u0131l\u0131ndan bu yana, modern cam \u015fi\u015fe \u00fcretim tesisimiz ve iyi donan\u0131ml\u0131 Ar-Ge merkezimiz 5.000.000 fit karelik bir alanda faaliyet g\u00f6stermektedir. Fabrika y\u00fcksek kaliteli cam \u015fi\u015feler \u00fcretmektedir. Bu \u015fi\u015feler lik\u00f6r, alkoll\u00fc i\u00e7kiler, viski, votka, brendi ve di\u011fer alkoll\u00fc i\u00e7ecekler i\u00e7indir.<\/span><\/p>\n<h3><strong><span data-preserver-spaces=\"true\">Lik\u00f6r Cam \u015ei\u015fe \u00dcretim Fabrikam\u0131zda Tam Kapasite<\/span><\/strong><\/h3>\n<ul>\n<li><span data-preserver-spaces=\"true\">12 \u00dcretim Hatt\u0131 <\/span><span data-preserver-spaces=\"true\">Yar\u0131 otomatik<\/span><span data-preserver-spaces=\"true\"> cam \u015fi\u015fe hatlar\u0131 son derece verimlidir. \u00c7e\u015fitli i\u015flem s\u00fcre\u00e7leriyle ayn\u0131 anda farkl\u0131 cam \u015fi\u015fe t\u00fcrleri \u00fcretebilirler.<\/span><\/li>\n<li><strong><span data-preserver-spaces=\"true\">500+ \u00c7al\u0131\u015fan<\/span><\/strong><span data-preserver-spaces=\"true\"> \u015eirketimizin 15 end\u00fcstriyel tasar\u0131mc\u0131, 35 \u00fcr\u00fcn kalite denet\u00e7isi ve \u00e7e\u015fitli \u00fcretim i\u015f\u00e7ileri, sat\u0131\u015f ve pazarlama personeli dahil olmak \u00fczere 500'den fazla \u00e7al\u0131\u015fan\u0131 bulunmaktad\u0131r.<\/span><\/li>\n<li><strong><span data-preserver-spaces=\"true\">8000+ Tasar\u0131m Kal\u0131b\u0131<\/span><\/strong><span data-preserver-spaces=\"true\"> \u00c7ok say\u0131da kal\u0131b\u0131n \u015firket i\u00e7inde stoklanmas\u0131, esneklik ve farkl\u0131 m\u00fc\u015fteri gereksinimlerini kar\u015f\u0131lama yetene\u011fi sa\u011flar.<\/span><\/li>\n<li><span data-preserver-spaces=\"true\">120.000+ G\u00fcnl\u00fck \u00c7\u0131kt\u0131. H\u0131zl\u0131 bir \u015fekilde \u00e7ok fazla \u00fcretim yapabiliriz. Toplu kapasitemiz, i\u015fletmelerin \u00fcretim a\u015famalar\u0131nda sorunsuz bir \u015fekilde ilerlemesine yard\u0131mc\u0131 olur.<\/span><\/li>\n<\/ul>","protected":false},"excerpt":{"rendered":"<p>Teknik \u00d6zellikler Y\u00fczey \u0130\u015fleme: \u0130\u00e7 Grav\u00fcr End\u00fcstriyel Kullan\u0131m: \u0130\u00e7ecek S\u0131zd\u0131rmazl\u0131k Tipi: V\u0130DA KAPAK\/MANTAR Men\u015fe Yeri: Shandong, \u00c7in Ana Malzeme: S\u00fcper \u00e7akmakta\u015f\u0131 cam G\u00f6vde Malzemesi: S\u00fcper \u00e7akmakta\u015f\u0131 cam Model Numaras\u0131: RS-160 Marka Ad\u0131: RUISHENG Kullan\u0131m: Alkol \/ lik\u00f6r \/ alkoll\u00fc i\u00e7kiler \/ votka \/ viski \/ brendi \/ rom \/ cin Ambalaj: \u00d6zel Ambalaj Kabul Edilebilir Kapasite: 200ml\/300ml\/500ml\/700\/750ml\/1000ml \u015eekil: \u00d6zelle\u015ftirilmi\u015f \u015eekil Logo: Kabul Edilebilir M\u00fc\u015fteri Logosu Hizmeti: OEM \/ ODM \u00d6rne\u011fi: Serbest\u00e7e Sa\u011flan\u0131r ...<\/p>","protected":false},"featured_media":4400,"comment_status":"closed","ping_status":"closed","template":"","meta":[],"product_cat":[54],"class_list":{"0":"post-4399","1":"product","2":"type-product","3":"status-publish","4":"has-post-thumbnail","6":"product_cat-whiskey-bottle","8":"first","9":"instock","10":"shipping-taxable","11":"product-type-simple"},"yoast_head":"<!-- This site is optimized with the Yoast SEO plugin v22.0 - https:\/\/yoast.com\/wordpress\/plugins\/seo\/ -->\n<title>700ml Whiskey Bottle Manufacturer<\/title>\n<meta name=\"robots\" content=\"index, follow, max-snippet:-1, max-image-preview:large, max-video-preview:-1\" \/>\n<link rel=\"canonical\" href=\"https:\/\/ruishengglassco.com\/tr\/rs151-toptan-700ml-viski-sisesi\/\" \/>\n<meta property=\"og:locale\" content=\"tr_TR\" \/>\n<meta property=\"og:type\" content=\"article\" \/>\n<meta property=\"og:title\" content=\"700ml Whiskey Bottle Manufacturer\" \/>\n<meta property=\"og:description\" content=\"Specifications Surface Handling: Inside Engraving Industrial Use: Beverage Sealing Type: SCREW CAP\/Cork Place of Origin: Shandong, China Base Material: Super flint glass Body Material: Super flint glass Model Number: RS-160 Brand Name: RUISHENG Usage: Alcohol\/liquor\/spirits\/vodka\/whisky\/brandy\/rum\/gin Packing: Custom Packing is Acceptable Capacity: 200ml\/300ml\/500ml\/700\/750ml\/1000ml Shape: Customized Shape Logo: Acceptable Customer&#8217;s Logo Service: OEM \/ODM Sample: Provided Freely...\" \/>\n<meta property=\"og:url\" content=\"https:\/\/ruishengglassco.com\/tr\/rs151-toptan-700ml-viski-sisesi\/\" \/>\n<meta property=\"article:publisher\" content=\"https:\/\/www.facebook.com\/ruishengglassbottles\" \/>\n<meta property=\"article:modified_time\" content=\"2025-07-17T03:02:37+00:00\" \/>\n<meta property=\"og:image\" content=\"https:\/\/ruishengglassco.com\/wp-content\/uploads\/2025\/03\/RS151-Wholesale-700ml-Whiskey-Bottle.webp\" \/>\n\t<meta property=\"og:image:width\" content=\"800\" \/>\n\t<meta property=\"og:image:height\" content=\"800\" \/>\n\t<meta property=\"og:image:type\" content=\"image\/webp\" \/>\n<meta name=\"twitter:card\" content=\"summary_large_image\" \/>\n<meta name=\"twitter:label1\" content=\"Tahmini okuma s\u00fcresi\" \/>\n\t<meta name=\"twitter:data1\" content=\"2 dakika\" \/>\n<script type=\"application\/ld+json\" class=\"yoast-schema-graph\">{\"@context\":\"https:\/\/schema.org\",\"@graph\":[{\"@type\":\"WebPage\",\"@id\":\"https:\/\/ruishengglassco.com\/rs151-wholesale-700ml-whiskey-bottle\",\"url\":\"https:\/\/ruishengglassco.com\/rs151-wholesale-700ml-whiskey-bottle\",\"name\":\"700ml Whiskey Bottle Manufacturer\",\"isPartOf\":{\"@id\":\"https:\/\/ruishengglassco.com\/#website\"},\"datePublished\":\"2025-03-15T15:07:43+00:00\",\"dateModified\":\"2025-07-17T03:02:37+00:00\",\"breadcrumb\":{\"@id\":\"https:\/\/ruishengglassco.com\/rs151-wholesale-700ml-whiskey-bottle#breadcrumb\"},\"inLanguage\":\"tr\",\"potentialAction\":[{\"@type\":\"ReadAction\",\"target\":[\"https:\/\/ruishengglassco.com\/rs151-wholesale-700ml-whiskey-bottle\"]}]},{\"@type\":\"BreadcrumbList\",\"@id\":\"https:\/\/ruishengglassco.com\/rs151-wholesale-700ml-whiskey-bottle#breadcrumb\",\"itemListElement\":[{\"@type\":\"ListItem\",\"position\":1,\"name\":\"Home\",\"item\":\"https:\/\/ruishengglassco.com\/\"},{\"@type\":\"ListItem\",\"position\":2,\"name\":\"Products\",\"item\":\"https:\/\/ruishengglassco.com\/products\"},{\"@type\":\"ListItem\",\"position\":3,\"name\":\"RS151 700ml Whiskey Bottle\"}]},{\"@type\":\"WebSite\",\"@id\":\"https:\/\/ruishengglassco.com\/#website\",\"url\":\"https:\/\/ruishengglassco.com\/\",\"name\":\"Ruisheng Glass\",\"description\":\"\",\"publisher\":{\"@id\":\"https:\/\/ruishengglassco.com\/#organization\"},\"potentialAction\":[{\"@type\":\"SearchAction\",\"target\":{\"@type\":\"EntryPoint\",\"urlTemplate\":\"https:\/\/ruishengglassco.com\/?s={search_term_string}\"},\"query-input\":\"required name=search_term_string\"}],\"inLanguage\":\"tr\"},{\"@type\":\"Organization\",\"@id\":\"https:\/\/ruishengglassco.com\/#organization\",\"name\":\"Shandong Yuncheng Ruisheng Glass Co., Ltd\",\"url\":\"https:\/\/ruishengglassco.com\/\",\"logo\":{\"@type\":\"ImageObject\",\"inLanguage\":\"tr\",\"@id\":\"https:\/\/ruishengglassco.com\/#\/schema\/logo\/image\/\",\"url\":\"https:\/\/ruishengglassco.com\/wp-content\/uploads\/2023\/09\/ruisheng_logo_icon.webp\",\"contentUrl\":\"https:\/\/ruishengglassco.com\/wp-content\/uploads\/2023\/09\/ruisheng_logo_icon.webp\",\"width\":400,\"height\":233,\"caption\":\"Shandong Yuncheng Ruisheng Glass Co., Ltd\"},\"image\":{\"@id\":\"https:\/\/ruishengglassco.com\/#\/schema\/logo\/image\/\"},\"sameAs\":[\"https:\/\/www.facebook.com\/ruishengglassbottles\",\"https:\/\/www.instagram.com\/Ruishengglassbottlewholesales\/\",\"https:\/\/www.youtube.com\/channel\/UCMmbMNGwsL-XrtjfSFLCdVQ\"]}]}<\/script>\n<!-- \/ Yoast SEO plugin. -->","yoast_head_json":{"title":"700ml Whiskey Bottle Manufacturer","robots":{"index":"index","follow":"follow","max-snippet":"max-snippet:-1","max-image-preview":"max-image-preview:large","max-video-preview":"max-video-preview:-1"},"canonical":"https:\/\/ruishengglassco.com\/tr\/rs151-toptan-700ml-viski-sisesi\/","og_locale":"tr_TR","og_type":"article","og_title":"700ml Whiskey Bottle Manufacturer","og_description":"Specifications Surface Handling: Inside Engraving Industrial Use: Beverage Sealing Type: SCREW CAP\/Cork Place of Origin: Shandong, China Base Material: Super flint glass Body Material: Super flint glass Model Number: RS-160 Brand Name: RUISHENG Usage: Alcohol\/liquor\/spirits\/vodka\/whisky\/brandy\/rum\/gin Packing: Custom Packing is Acceptable Capacity: 200ml\/300ml\/500ml\/700\/750ml\/1000ml Shape: Customized Shape Logo: Acceptable Customer&#8217;s Logo Service: OEM \/ODM Sample: Provided Freely...","og_url":"https:\/\/ruishengglassco.com\/tr\/rs151-toptan-700ml-viski-sisesi\/","article_publisher":"https:\/\/www.facebook.com\/ruishengglassbottles","article_modified_time":"2025-07-17T03:02:37+00:00","og_image":[{"width":800,"height":800,"url":"https:\/\/ruishengglassco.com\/wp-content\/uploads\/2025\/03\/RS151-Wholesale-700ml-Whiskey-Bottle.webp","type":"image\/webp"}],"twitter_card":"summary_large_image","twitter_misc":{"Tahmini okuma s\u00fcresi":"2 dakika"},"schema":{"@context":"https:\/\/schema.org","@graph":[{"@type":"WebPage","@id":"https:\/\/ruishengglassco.com\/rs151-wholesale-700ml-whiskey-bottle","url":"https:\/\/ruishengglassco.com\/rs151-wholesale-700ml-whiskey-bottle","name":"700ml Whiskey Bottle Manufacturer","isPartOf":{"@id":"https:\/\/ruishengglassco.com\/#website"},"datePublished":"2025-03-15T15:07:43+00:00","dateModified":"2025-07-17T03:02:37+00:00","breadcrumb":{"@id":"https:\/\/ruishengglassco.com\/rs151-wholesale-700ml-whiskey-bottle#breadcrumb"},"inLanguage":"tr","potentialAction":[{"@type":"ReadAction","target":["https:\/\/ruishengglassco.com\/rs151-wholesale-700ml-whiskey-bottle"]}]},{"@type":"BreadcrumbList","@id":"https:\/\/ruishengglassco.com\/rs151-wholesale-700ml-whiskey-bottle#breadcrumb","itemListElement":[{"@type":"ListItem","position":1,"name":"Home","item":"https:\/\/ruishengglassco.com\/"},{"@type":"ListItem","position":2,"name":"Products","item":"https:\/\/ruishengglassco.com\/products"},{"@type":"ListItem","position":3,"name":"RS151 700ml Whiskey Bottle"}]},{"@type":"WebSite","@id":"https:\/\/ruishengglassco.com\/#website","url":"https:\/\/ruishengglassco.com\/","name":"Ruisheng Glass","description":"","publisher":{"@id":"https:\/\/ruishengglassco.com\/#organization"},"potentialAction":[{"@type":"SearchAction","target":{"@type":"EntryPoint","urlTemplate":"https:\/\/ruishengglassco.com\/?s={search_term_string}"},"query-input":"required name=search_term_string"}],"inLanguage":"tr"},{"@type":"Organization","@id":"https:\/\/ruishengglassco.com\/#organization","name":"Shandong Yuncheng Ruisheng Glass Co., Ltd","url":"https:\/\/ruishengglassco.com\/","logo":{"@type":"ImageObject","inLanguage":"tr","@id":"https:\/\/ruishengglassco.com\/#\/schema\/logo\/image\/","url":"https:\/\/ruishengglassco.com\/wp-content\/uploads\/2023\/09\/ruisheng_logo_icon.webp","contentUrl":"https:\/\/ruishengglassco.com\/wp-content\/uploads\/2023\/09\/ruisheng_logo_icon.webp","width":400,"height":233,"caption":"Shandong Yuncheng Ruisheng Glass Co., Ltd"},"image":{"@id":"https:\/\/ruishengglassco.com\/#\/schema\/logo\/image\/"},"sameAs":["https:\/\/www.facebook.com\/ruishengglassbottles","https:\/\/www.instagram.com\/Ruishengglassbottlewholesales\/","https:\/\/www.youtube.com\/channel\/UCMmbMNGwsL-XrtjfSFLCdVQ"]}]}},"_links":{"self":[{"href":"https:\/\/ruishengglassco.com\/tr\/wp-json\/wp\/v2\/product\/4399","targetHints":{"allow":["GET"]}}],"collection":[{"href":"https:\/\/ruishengglassco.com\/tr\/wp-json\/wp\/v2\/product"}],"about":[{"href":"https:\/\/ruishengglassco.com\/tr\/wp-json\/wp\/v2\/types\/product"}],"replies":[{"embeddable":true,"href":"https:\/\/ruishengglassco.com\/tr\/wp-json\/wp\/v2\/comments?post=4399"}],"wp:featuredmedia":[{"embeddable":true,"href":"https:\/\/ruishengglassco.com\/tr\/wp-json\/wp\/v2\/media\/4400"}],"wp:attachment":[{"href":"https:\/\/ruishengglassco.com\/tr\/wp-json\/wp\/v2\/media?parent=4399"}],"wp:term":[{"taxonomy":"product_cat","embeddable":true,"href":"https:\/\/ruishengglassco.com\/tr\/wp-json\/wp\/v2\/product_cat?post=4399"}],"curies":[{"name":"wp","href":"https:\/\/api.w.org\/{rel}","templated":true}]}}