{"id":4397,"date":"2025-03-15T23:05:32","date_gmt":"2025-03-15T15:05:32","guid":{"rendered":"https:\/\/ruishengglassco.com\/?post_type=product&#038;p=4397"},"modified":"2025-09-12T10:26:30","modified_gmt":"2025-09-12T02:26:30","slug":"rs150-ozel-vi%cc%87ski%cc%87-si%cc%87sesi%cc%87-i%cc%87malati","status":"publish","type":"product","link":"https:\/\/ruishengglassco.com\/tr\/urun\/rs150-ozel-vi%cc%87ski%cc%87-si%cc%87sesi%cc%87-i%cc%87malati","title":{"rendered":"RS150 \u00d6zel Viski \u015ei\u015fesi \u0130malat\u0131"},"content":{"rendered":"<h4 data-spm-anchor-id=\"a2700.details.0.i82.67a53c122iOfKz\">Teknik \u00d6zellikler<\/h4>\n<div class=\"attribute-list\">\n<div class=\"attribute-item\">\n<ul>\n<li class=\"left\">Y\u00fczey \u0130\u015fleme: <span style=\"color: var(--wpex-text-2);\">\u0130\u00e7 Grav\u00fcr<\/span><\/li>\n<li class=\"left\">End\u00fcstriyel Kullan\u0131m: <span style=\"color: var(--wpex-text-2);\">\u0130\u00e7ecek<\/span><\/li>\n<li class=\"left\">S\u0131zd\u0131rmazl\u0131k Tipi: <span style=\"color: var(--wpex-text-2);\">V\u0130DA KAPA\u011eI\/Mantar<\/span><\/li>\n<li class=\"left\">Men\u015fe Yeri: <span style=\"color: var(--wpex-text-2);\">Shandong, \u00c7in<\/span><\/li>\n<li class=\"left\">Taban Malzemesi: S<span style=\"color: var(--wpex-text-2);\">uper \u00e7akmakta\u015f\u0131 cam<\/span><\/li>\n<li class=\"left\">G\u00f6vde Malzemesi: <span style=\"color: var(--wpex-text-2);\">S\u00fcper \u00e7akmakta\u015f\u0131 cam<\/span><\/li>\n<li class=\"left\">Model Numaras\u0131: <span style=\"color: var(--wpex-text-2);\">RS-160<\/span><\/li>\n<li class=\"left\">Marka ad\u0131: <span style=\"color: var(--wpex-text-2);\">RUISHENG<\/span><\/li>\n<li class=\"left\">Kullan\u0131m: <span style=\"color: var(--wpex-text-2);\">Alkol\/lik\u00f6r\/i\u00e7ki\/votka\/viski\/brendi\/rum\/gin<\/span><\/li>\n<li class=\"left\">Paketleme: <span style=\"color: var(--wpex-text-2);\">\u00d6zel Ambalaj Kabul Edilebilir<\/span><\/li>\n<li class=\"left\">Kapasite: <span style=\"color: var(--wpex-text-2);\">200ml\/300ml\/500ml\/700\/750ml\/1000ml<\/span><\/li>\n<li class=\"left\">\u015eekil: <span style=\"color: var(--wpex-text-2);\">\u00d6zelle\u015ftirilmi\u015f \u015eekil<\/span><\/li>\n<li class=\"left\">Logo: <span style=\"color: var(--wpex-text-2);\">Kabul Edilebilir M\u00fc\u015fteri Logosu<\/span><\/li>\n<li class=\"left\">Servis: <span style=\"color: var(--wpex-text-2);\">OEM \/ ODM<\/span><\/li>\n<li class=\"left\">\u00d6rnek: <span style=\"color: var(--wpex-text-2);\">Serbest\u00e7e Sa\u011flan\u0131r<\/span><\/li>\n<li class=\"left\">Logo bask\u0131s\u0131: <span style=\"color: var(--wpex-text-2);\">M\u00fc\u015fteri Logo Bask\u0131s\u0131n\u0131 Kabul Et<\/span><\/li>\n<li class=\"left\">Teslimat s\u00fcresi: <span style=\"color: var(--wpex-text-2);\">30-45 G\u00fcn<\/span><\/li>\n<li class=\"left\">Paketleme: <span style=\"font-family: var(--wpex-heading-font-family); font-style: var(--wpex-heading-font-style); letter-spacing: var(--wpex-heading-letter-spacing); text-transform: var(--wpex-heading-text-transform); color: var(--wpex-text-2);\" data-spm-anchor-id=\"a2700.details.0.i77.67a53c122iOfKz\">Standart ihracat kartonu\/<\/span><span style=\"color: var(--wpex-text-2);\">Palet\/<\/span><span style=\"color: var(--wpex-text-2);\">\u00d6zel paketleme<\/span><\/li>\n<li class=\"left\">Liman: <span style=\"color: var(--wpex-text-2);\">Qingdao<\/span><\/li>\n<\/ul>\n<h3 data-start=\"874\" data-end=\"925\"><strong data-start=\"878\" data-end=\"923\">Shandong, \u00c7in'deki Ruisheng Cam Fabrikas\u0131<\/strong><\/h3>\n<p data-start=\"927\" data-end=\"1196\">2009 y\u0131l\u0131ndan bu yana, modern cam \u015fi\u015fe \u00fcretim tesisimiz ve iyi donan\u0131ml\u0131 Ar-Ge merkezimiz 5.000.000 fit karelik bir alanda faaliyet g\u00f6stermektedir. Fabrika, lik\u00f6r, alkoll\u00fc i\u00e7kiler, viski, votka, brendi ve di\u011fer alkoll\u00fc i\u00e7ecekler i\u00e7in y\u00fcksek kaliteli cam \u015fi\u015fe \u00fcretimine odaklanmaktad\u0131r.<\/p>\n<hr data-start=\"1198\" data-end=\"1201\" \/>\n<h3 data-start=\"1203\" data-end=\"1275\"><strong data-start=\"1207\" data-end=\"1273\">Lik\u00f6r Cam \u015ei\u015fe \u00dcretim Fabrikam\u0131zda Tam Kapasite<\/strong><\/h3>\n<ul data-start=\"1277\" data-end=\"1950\">\n<li data-start=\"1277\" data-end=\"1455\">\n<p data-start=\"1279\" data-end=\"1455\"><strong data-start=\"1279\" data-end=\"1302\">12 \u00dcretim Hatt\u0131<\/strong><br data-start=\"1302\" data-end=\"1305\" \/>Yar\u0131 otomatik y\u00fcksek verimli cam \u015fi\u015fe \u00fcretim hatt\u0131, ayn\u0131 anda farkl\u0131 i\u015flem s\u00fcre\u00e7lerine sahip cam \u015fi\u015feler \u00fcretebilir.<\/p>\n<\/li>\n<li data-start=\"1457\" data-end=\"1654\">\n<p data-start=\"1459\" data-end=\"1654\"><strong data-start=\"1459\" data-end=\"1477\">500+ \u00c7al\u0131\u015fan<\/strong><br data-start=\"1477\" data-end=\"1480\" \/>\u015eirketimizin 15 end\u00fcstriyel tasar\u0131mc\u0131, 35 \u00fcr\u00fcn kalite denet\u00e7isi ve \u00e7e\u015fitli \u00fcretim i\u015f\u00e7ileri, sat\u0131\u015f ve pazarlama personeli dahil olmak \u00fczere 500'den fazla \u00e7al\u0131\u015fan\u0131 bulunmaktad\u0131r.<\/p>\n<\/li>\n<li data-start=\"1656\" data-end=\"1802\">\n<p data-start=\"1658\" data-end=\"1802\"><strong data-start=\"1658\" data-end=\"1680\">8000+ Tasar\u0131m Kal\u0131b\u0131<\/strong><br data-start=\"1680\" data-end=\"1683\" \/>\u00c7ok say\u0131da kal\u0131b\u0131n \u015firket i\u00e7inde stoklanmas\u0131, esneklik ve farkl\u0131 m\u00fc\u015fteri gereksinimlerini kar\u015f\u0131lama yetene\u011fi sa\u011flar.<\/p>\n<\/li>\n<li data-start=\"1804\" data-end=\"1950\">\n<p data-start=\"1806\" data-end=\"1950\"><strong data-start=\"1806\" data-end=\"1831\">120.000+ G\u00fcnl\u00fck \u00c7\u0131kt\u0131<\/strong><br data-start=\"1831\" data-end=\"1834\" \/>Toplu \u00fcretim kapasitemiz, i\u015fletmelerin \u00fcretim a\u015famalar\u0131ndan h\u0131zl\u0131 ve verimli bir \u015fekilde ge\u00e7mesini sa\u011flar.<\/p>\n<\/li>\n<\/ul>\n<hr data-start=\"1952\" data-end=\"1955\" \/>\n<h3 data-start=\"1957\" data-end=\"1994\"><strong data-start=\"1961\" data-end=\"1992\">Ruisheng Cam Nas\u0131l Sipari\u015f Edilir<\/strong><\/h3>\n<p data-start=\"1995\" data-end=\"2085\">Sipari\u015f hakk\u0131nda daha fazla bilgi i\u00e7in l\u00fctfen bizimle ileti\u015fime ge\u00e7in veya Shandong, \u00c7in'deki fabrikam\u0131z\u0131 ziyaret edin.<\/p>\n<\/div>\n<\/div>","protected":false},"excerpt":{"rendered":"<p>Teknik \u00d6zellikler Y\u00fczey \u0130\u015fleme: \u0130\u00e7 Grav\u00fcr End\u00fcstriyel Kullan\u0131m: \u0130\u00e7ecek S\u0131zd\u0131rmazl\u0131k Tipi: V\u0130DA KAPAK\/MANTAR Men\u015fe Yeri: Shandong, \u00c7in Ana Malzeme: S\u00fcper \u00e7akmakta\u015f\u0131 cam G\u00f6vde Malzemesi: S\u00fcper \u00e7akmakta\u015f\u0131 cam Model Numaras\u0131: RS-160 Marka Ad\u0131: RUISHENG Kullan\u0131m: Alkol \/ lik\u00f6r \/ alkoll\u00fc i\u00e7kiler \/ votka \/ viski \/ brendi \/ rom \/ cin Ambalaj: \u00d6zel Ambalaj Kabul Edilebilir Kapasite: 200ml\/300ml\/500ml\/700\/750ml\/1000ml \u015eekil: \u00d6zelle\u015ftirilmi\u015f \u015eekil Logo: Kabul Edilebilir M\u00fc\u015fteri Logosu Hizmeti: OEM \/ ODM \u00d6rne\u011fi: Serbest\u00e7e Sa\u011flan\u0131r Logo ...<\/p>","protected":false},"featured_media":4398,"comment_status":"closed","ping_status":"closed","template":"","meta":[],"product_cat":[54],"class_list":{"0":"post-4397","1":"product","2":"type-product","3":"status-publish","4":"has-post-thumbnail","6":"product_cat-whiskey-bottle","8":"first","9":"instock","10":"shipping-taxable","11":"product-type-simple"},"yoast_head":"<!-- This site is optimized with the Yoast SEO plugin v22.0 - https:\/\/yoast.com\/wordpress\/plugins\/seo\/ -->\n<title>RS150 Custom Whiskey Bottle Manufacturing -<\/title>\n<meta name=\"robots\" content=\"index, follow, max-snippet:-1, max-image-preview:large, max-video-preview:-1\" \/>\n<link rel=\"canonical\" href=\"https:\/\/ruishengglassco.com\/tr\/rs150-ozel-vi\u0307ski\u0307-si\u0307sesi\u0307-i\u0307malati\/\" \/>\n<meta property=\"og:locale\" content=\"tr_TR\" \/>\n<meta property=\"og:type\" content=\"article\" \/>\n<meta property=\"og:title\" content=\"RS150 Custom Whiskey Bottle Manufacturing -\" \/>\n<meta property=\"og:description\" content=\"Specifications Surface Handling: Inside Engraving Industrial Use: Beverage Sealing Type: SCREW CAP\/Cork Place of Origin: Shandong, China Base Material: Super flint glass Body Material: Super flint glass Model Number: RS-160 Brand Name: RUISHENG Usage: Alcohol\/liquor\/spirits\/vodka\/whisky\/brandy\/rum\/gin Packing: Custom Packing Acceptable Capacity: 200ml\/300ml\/500ml\/700\/750ml\/1000ml Shape: Customized Shape Logo: Acceptable Customer&#8217;s Logo Service: OEM \/ODM Sample: Provided Freely Logo...\" \/>\n<meta property=\"og:url\" content=\"https:\/\/ruishengglassco.com\/tr\/rs150-ozel-vi\u0307ski\u0307-si\u0307sesi\u0307-i\u0307malati\/\" \/>\n<meta property=\"article:publisher\" content=\"https:\/\/www.facebook.com\/ruishengglassbottles\" \/>\n<meta property=\"article:modified_time\" content=\"2025-09-12T02:26:30+00:00\" \/>\n<meta property=\"og:image\" content=\"https:\/\/ruishengglassco.com\/wp-content\/uploads\/2025\/03\/RS150-Custom-Whiskey-Bottle-Manufacturing.webp\" \/>\n\t<meta property=\"og:image:width\" content=\"800\" \/>\n\t<meta property=\"og:image:height\" content=\"800\" \/>\n\t<meta property=\"og:image:type\" content=\"image\/webp\" \/>\n<meta name=\"twitter:card\" content=\"summary_large_image\" \/>\n<meta name=\"twitter:label1\" content=\"Tahmini okuma s\u00fcresi\" \/>\n\t<meta name=\"twitter:data1\" content=\"2 dakika\" \/>\n<script type=\"application\/ld+json\" class=\"yoast-schema-graph\">{\"@context\":\"https:\/\/schema.org\",\"@graph\":[{\"@type\":\"WebPage\",\"@id\":\"https:\/\/ruishengglassco.com\/rs150-custom-whiskey-bottle-manufacturing\",\"url\":\"https:\/\/ruishengglassco.com\/rs150-custom-whiskey-bottle-manufacturing\",\"name\":\"RS150 Custom Whiskey Bottle Manufacturing -\",\"isPartOf\":{\"@id\":\"https:\/\/ruishengglassco.com\/#website\"},\"datePublished\":\"2025-03-15T15:05:32+00:00\",\"dateModified\":\"2025-09-12T02:26:30+00:00\",\"breadcrumb\":{\"@id\":\"https:\/\/ruishengglassco.com\/rs150-custom-whiskey-bottle-manufacturing#breadcrumb\"},\"inLanguage\":\"tr\",\"potentialAction\":[{\"@type\":\"ReadAction\",\"target\":[\"https:\/\/ruishengglassco.com\/rs150-custom-whiskey-bottle-manufacturing\"]}]},{\"@type\":\"BreadcrumbList\",\"@id\":\"https:\/\/ruishengglassco.com\/rs150-custom-whiskey-bottle-manufacturing#breadcrumb\",\"itemListElement\":[{\"@type\":\"ListItem\",\"position\":1,\"name\":\"Home\",\"item\":\"https:\/\/ruishengglassco.com\/\"},{\"@type\":\"ListItem\",\"position\":2,\"name\":\"Products\",\"item\":\"https:\/\/ruishengglassco.com\/products\"},{\"@type\":\"ListItem\",\"position\":3,\"name\":\"RS150 Custom Whiskey Bottle Manufacturing\"}]},{\"@type\":\"WebSite\",\"@id\":\"https:\/\/ruishengglassco.com\/#website\",\"url\":\"https:\/\/ruishengglassco.com\/\",\"name\":\"Ruisheng Glass\",\"description\":\"\",\"publisher\":{\"@id\":\"https:\/\/ruishengglassco.com\/#organization\"},\"potentialAction\":[{\"@type\":\"SearchAction\",\"target\":{\"@type\":\"EntryPoint\",\"urlTemplate\":\"https:\/\/ruishengglassco.com\/?s={search_term_string}\"},\"query-input\":\"required name=search_term_string\"}],\"inLanguage\":\"tr\"},{\"@type\":\"Organization\",\"@id\":\"https:\/\/ruishengglassco.com\/#organization\",\"name\":\"Shandong Yuncheng Ruisheng Glass Co., Ltd\",\"url\":\"https:\/\/ruishengglassco.com\/\",\"logo\":{\"@type\":\"ImageObject\",\"inLanguage\":\"tr\",\"@id\":\"https:\/\/ruishengglassco.com\/#\/schema\/logo\/image\/\",\"url\":\"https:\/\/ruishengglassco.com\/wp-content\/uploads\/2023\/09\/ruisheng_logo_icon.webp\",\"contentUrl\":\"https:\/\/ruishengglassco.com\/wp-content\/uploads\/2023\/09\/ruisheng_logo_icon.webp\",\"width\":400,\"height\":233,\"caption\":\"Shandong Yuncheng Ruisheng Glass Co., Ltd\"},\"image\":{\"@id\":\"https:\/\/ruishengglassco.com\/#\/schema\/logo\/image\/\"},\"sameAs\":[\"https:\/\/www.facebook.com\/ruishengglassbottles\",\"https:\/\/www.instagram.com\/Ruishengglassbottlewholesales\/\",\"https:\/\/www.youtube.com\/channel\/UCMmbMNGwsL-XrtjfSFLCdVQ\"]}]}<\/script>\n<!-- \/ Yoast SEO plugin. -->","yoast_head_json":{"title":"RS150 Custom Whiskey Bottle Manufacturing -","robots":{"index":"index","follow":"follow","max-snippet":"max-snippet:-1","max-image-preview":"max-image-preview:large","max-video-preview":"max-video-preview:-1"},"canonical":"https:\/\/ruishengglassco.com\/tr\/rs150-ozel-vi\u0307ski\u0307-si\u0307sesi\u0307-i\u0307malati\/","og_locale":"tr_TR","og_type":"article","og_title":"RS150 Custom Whiskey Bottle Manufacturing -","og_description":"Specifications Surface Handling: Inside Engraving Industrial Use: Beverage Sealing Type: SCREW CAP\/Cork Place of Origin: Shandong, China Base Material: Super flint glass Body Material: Super flint glass Model Number: RS-160 Brand Name: RUISHENG Usage: Alcohol\/liquor\/spirits\/vodka\/whisky\/brandy\/rum\/gin Packing: Custom Packing Acceptable Capacity: 200ml\/300ml\/500ml\/700\/750ml\/1000ml Shape: Customized Shape Logo: Acceptable Customer&#8217;s Logo Service: OEM \/ODM Sample: Provided Freely Logo...","og_url":"https:\/\/ruishengglassco.com\/tr\/rs150-ozel-vi\u0307ski\u0307-si\u0307sesi\u0307-i\u0307malati\/","article_publisher":"https:\/\/www.facebook.com\/ruishengglassbottles","article_modified_time":"2025-09-12T02:26:30+00:00","og_image":[{"width":800,"height":800,"url":"https:\/\/ruishengglassco.com\/wp-content\/uploads\/2025\/03\/RS150-Custom-Whiskey-Bottle-Manufacturing.webp","type":"image\/webp"}],"twitter_card":"summary_large_image","twitter_misc":{"Tahmini okuma s\u00fcresi":"2 dakika"},"schema":{"@context":"https:\/\/schema.org","@graph":[{"@type":"WebPage","@id":"https:\/\/ruishengglassco.com\/rs150-custom-whiskey-bottle-manufacturing","url":"https:\/\/ruishengglassco.com\/rs150-custom-whiskey-bottle-manufacturing","name":"RS150 Custom Whiskey Bottle Manufacturing -","isPartOf":{"@id":"https:\/\/ruishengglassco.com\/#website"},"datePublished":"2025-03-15T15:05:32+00:00","dateModified":"2025-09-12T02:26:30+00:00","breadcrumb":{"@id":"https:\/\/ruishengglassco.com\/rs150-custom-whiskey-bottle-manufacturing#breadcrumb"},"inLanguage":"tr","potentialAction":[{"@type":"ReadAction","target":["https:\/\/ruishengglassco.com\/rs150-custom-whiskey-bottle-manufacturing"]}]},{"@type":"BreadcrumbList","@id":"https:\/\/ruishengglassco.com\/rs150-custom-whiskey-bottle-manufacturing#breadcrumb","itemListElement":[{"@type":"ListItem","position":1,"name":"Home","item":"https:\/\/ruishengglassco.com\/"},{"@type":"ListItem","position":2,"name":"Products","item":"https:\/\/ruishengglassco.com\/products"},{"@type":"ListItem","position":3,"name":"RS150 Custom Whiskey Bottle Manufacturing"}]},{"@type":"WebSite","@id":"https:\/\/ruishengglassco.com\/#website","url":"https:\/\/ruishengglassco.com\/","name":"Ruisheng Glass","description":"","publisher":{"@id":"https:\/\/ruishengglassco.com\/#organization"},"potentialAction":[{"@type":"SearchAction","target":{"@type":"EntryPoint","urlTemplate":"https:\/\/ruishengglassco.com\/?s={search_term_string}"},"query-input":"required name=search_term_string"}],"inLanguage":"tr"},{"@type":"Organization","@id":"https:\/\/ruishengglassco.com\/#organization","name":"Shandong Yuncheng Ruisheng Glass Co., Ltd","url":"https:\/\/ruishengglassco.com\/","logo":{"@type":"ImageObject","inLanguage":"tr","@id":"https:\/\/ruishengglassco.com\/#\/schema\/logo\/image\/","url":"https:\/\/ruishengglassco.com\/wp-content\/uploads\/2023\/09\/ruisheng_logo_icon.webp","contentUrl":"https:\/\/ruishengglassco.com\/wp-content\/uploads\/2023\/09\/ruisheng_logo_icon.webp","width":400,"height":233,"caption":"Shandong Yuncheng Ruisheng Glass Co., Ltd"},"image":{"@id":"https:\/\/ruishengglassco.com\/#\/schema\/logo\/image\/"},"sameAs":["https:\/\/www.facebook.com\/ruishengglassbottles","https:\/\/www.instagram.com\/Ruishengglassbottlewholesales\/","https:\/\/www.youtube.com\/channel\/UCMmbMNGwsL-XrtjfSFLCdVQ"]}]}},"_links":{"self":[{"href":"https:\/\/ruishengglassco.com\/tr\/wp-json\/wp\/v2\/product\/4397","targetHints":{"allow":["GET"]}}],"collection":[{"href":"https:\/\/ruishengglassco.com\/tr\/wp-json\/wp\/v2\/product"}],"about":[{"href":"https:\/\/ruishengglassco.com\/tr\/wp-json\/wp\/v2\/types\/product"}],"replies":[{"embeddable":true,"href":"https:\/\/ruishengglassco.com\/tr\/wp-json\/wp\/v2\/comments?post=4397"}],"wp:featuredmedia":[{"embeddable":true,"href":"https:\/\/ruishengglassco.com\/tr\/wp-json\/wp\/v2\/media\/4398"}],"wp:attachment":[{"href":"https:\/\/ruishengglassco.com\/tr\/wp-json\/wp\/v2\/media?parent=4397"}],"wp:term":[{"taxonomy":"product_cat","embeddable":true,"href":"https:\/\/ruishengglassco.com\/tr\/wp-json\/wp\/v2\/product_cat?post=4397"}],"curies":[{"name":"wp","href":"https:\/\/api.w.org\/{rel}","templated":true}]}}