{"id":4394,"date":"2025-03-15T22:42:13","date_gmt":"2025-03-15T14:42:13","guid":{"rendered":"https:\/\/ruishengglassco.com\/?post_type=product&#038;p=4394"},"modified":"2025-07-17T15:16:52","modified_gmt":"2025-07-17T07:16:52","slug":"rs001-toptan-250ml-i%cc%87cki%cc%87-i%cc%87ci%cc%87n-vi%cc%87dali-cam-si%cc%87seler","status":"publish","type":"product","link":"https:\/\/ruishengglassco.com\/tr\/urun\/rs001-toptan-250ml-i%cc%87cki%cc%87-i%cc%87ci%cc%87n-vi%cc%87dali-cam-si%cc%87seler","title":{"rendered":"RS001 250ml Lik\u00f6r \u0130\u00e7in Vidal\u0131 Cam \u015ei\u015feler"},"content":{"rendered":"<h2><span style=\"color: #000000;\">Lik\u00f6r \u0130\u00e7in Toptan 250ml Vidal\u0131 \u00dcst Cam \u015ei\u015feler Hakk\u0131nda Detaylar<\/span><\/h2>\n<p>Bu 250 ml'lik vidal\u0131 cam \u015fi\u015feler lik\u00f6r ambalajlamak i\u00e7in m\u00fckemmeldir. Beyaz ispirto, viski, brendi, votka, konyak, tekila, \u015fampanya ve daha fazlas\u0131 i\u00e7in iyi \u00e7al\u0131\u015f\u0131rlar.<\/p>\n<p>\u00dcr\u00fcnler, 10'dan fazla i\u015flemle i\u015flenen y\u00fcksek kaliteli cam hammaddelerinden yap\u0131lm\u0131\u015ft\u0131r. \u015eeffaf, temiz ve kirlilik i\u00e7ermez. Lik\u00f6r\u00fcn kalitesini m\u00fckemmel bir \u015fekilde vurgulayabilir ve genel \u00fcr\u00fcn kalitesini art\u0131rabilir.<\/p>\n<p>Sa\u011flad\u0131\u011f\u0131m\u0131z modelden memnunsan\u0131z, orijinal modele g\u00f6re 100% \u00fcretebiliriz. \u00d6zel hizmete ihtiyac\u0131n\u0131z varsa. \u015earap \u015fi\u015fesi boyutlar\u0131n\u0131n, \u015fekillerinin, renklerinin, y\u00fczey i\u015flemlerinin, etiketlerinin, kapaklar\u0131n\u0131n vb. her biri i\u00e7in talepte bulunabilirsiniz ve ihtiya\u00e7lar\u0131n\u0131za g\u00f6re \u00fcretece\u011fiz.<\/p>\n<ul>\n<li>\u00dcr\u00fcn Ad\u0131: Lik\u00f6r \u0130\u00e7in Toptan 250ml Vidal\u0131 \u00dcst Cam \u015ei\u015feler<\/li>\n<li>Marka Ruisheng\/RS Cam<\/li>\n<li>Referans: RS001<\/li>\n<li>Cam Malzemesi: Y\u00fcksek Flint Cam Malzemesi<\/li>\n<li>Nominal Kapasite: 250 ml<\/li>\n<li>\u015ei\u015fe A\u011f\u0131rl\u0131\u011f\u0131: 550g<\/li>\n<li>S\u0131zd\u0131rmazl\u0131k Tipi: Ropp \/ GPI \/ Cork \/ Guala \/ Swing Top \/ \u00d6zel S\u0131zd\u0131rmazl\u0131k Y\u00f6ntemi<\/li>\n<li>Uygulama: Votka \u015ei\u015fesi, Viski \u015ei\u015fesi, Konyak \u015ei\u015fesi, Rom \u015ei\u015fesi, Xo \u015ei\u015fesi<\/li>\n<li>Paketleme\n<ul>\n<li>24 adet \/ karton, karton ay\u0131r\u0131c\u0131 ile<\/li>\n<li>6 adet \/ renkli kutu, karton seperat\u00f6rl\u00fc<\/li>\n<li>Karton seperat\u00f6rl\u00fc palet ambalaj\u0131<\/li>\n<li>Karton \/ kutu + palet paketleme<\/li>\n<\/ul>\n<\/li>\n<li><span style=\"color: #ff0000;\">Adedi: Yeni bir \u00e7al\u0131\u015fma i\u00e7in 6000 adet<\/span><\/li>\n<li>Teslim S\u00fcresi: 20-30 g\u00fcn<\/li>\n<\/ul>\n<p data-start=\"1542\" data-end=\"1659\">Lik\u00f6r i\u00e7in Toptan 250ml Vidal\u0131 \u00dcst Cam \u015ei\u015feler hakk\u0131nda daha fazla sorunuz varsa, l\u00fctfen sat\u0131\u015f ekibimizle ileti\u015fime ge\u00e7in.<\/p>\n<hr data-start=\"1661\" data-end=\"1664\" \/>\n<h2 data-start=\"1666\" data-end=\"1717\"><strong data-start=\"1670\" data-end=\"1715\">Shandong, \u00c7in'deki Ruisheng Cam Fabrikas\u0131<\/strong><\/h2>\n<p data-start=\"1718\" data-end=\"1992\">Ruisheng Glass, 2009 y\u0131l\u0131ndan bu yana 5.000.000 metre karelik modern bir \u00fcretim tesisi ve iyi donan\u0131ml\u0131 bir Ar-Ge merkezi i\u015fletmektedir. Fabrika, viski, votka, brendi ve di\u011fer alkoll\u00fc i\u00e7ecekler de dahil olmak \u00fczere lik\u00f6r i\u00e7in y\u00fcksek kaliteli cam \u015fi\u015fe \u00fcretiminde uzmanla\u015fm\u0131\u015ft\u0131r.<\/p>\n<h3 data-start=\"1994\" data-end=\"2020\"><strong data-start=\"1998\" data-end=\"2018\">Fabrika Kapasitesi<\/strong><\/h3>\n<ul data-start=\"2021\" data-end=\"2577\">\n<li data-start=\"2021\" data-end=\"2178\"><strong data-start=\"2023\" data-end=\"2046\">12 \u00dcretim Hatt\u0131<\/strong> - Farkl\u0131 i\u015flem s\u00fcre\u00e7lerini ayn\u0131 anda ger\u00e7ekle\u015ftirebilen yar\u0131 otomatik, y\u00fcksek verimli cam \u015fi\u015fe \u00fcretim hatlar\u0131.<\/li>\n<li data-start=\"2179\" data-end=\"2316\"><strong data-start=\"2181\" data-end=\"2199\">500+ \u00c7al\u0131\u015fan<\/strong> - 15 end\u00fcstriyel tasar\u0131mc\u0131, 35 \u00fcr\u00fcn kalite denet\u00e7isi ve \u00fcretim, sat\u0131\u015f ve pazarlama personelinden olu\u015fmaktad\u0131r.<\/li>\n<li data-start=\"2317\" data-end=\"2447\"><strong data-start=\"2319\" data-end=\"2342\">8.000+ Tasar\u0131m Kal\u0131b\u0131<\/strong> - \u00c7ok say\u0131da kal\u0131b\u0131n \u015firket i\u00e7inde stoklanmas\u0131, farkl\u0131 m\u00fc\u015fteri gereksinimlerini kar\u015f\u0131lama esnekli\u011fi sa\u011flar.<\/li>\n<li data-start=\"2448\" data-end=\"2577\"><strong data-start=\"2450\" data-end=\"2483\">G\u00fcnl\u00fck 120.000+ \u015ei\u015fe \u00c7\u0131k\u0131\u015f\u0131<\/strong> - B\u00fcy\u00fck \u00f6l\u00e7ekli toplu \u00fcretim, h\u0131zl\u0131 pazar yan\u0131t\u0131 ve verimli sipari\u015f kar\u015f\u0131lama sa\u011flar.<\/li>\n<\/ul>\n<h3 data-start=\"2579\" data-end=\"2621\"><strong data-start=\"2583\" data-end=\"2619\">Ruisheng Glass'tan Nas\u0131l Sipari\u015f Verilir?<\/strong><\/h3>\n<p data-start=\"2622\" data-end=\"2736\">Sorular\u0131n\u0131z, sipari\u015fleriniz veya \u00f6zel talepleriniz i\u00e7in l\u00fctfen ihtiya\u00e7lar\u0131n\u0131z\u0131 g\u00f6r\u00fc\u015fmek ve fiyat teklifi almak \u00fczere ekibimizle ileti\u015fime ge\u00e7in.<\/p>","protected":false},"excerpt":{"rendered":"<p>Ruisheng Glass Co'da lik\u00f6r i\u00e7in toptan 250ml vidal\u0131 \u00fcst cam \u015fi\u015feleri ke\u015ffedin. 2009 y\u0131l\u0131nda kurulan Ruisheng, lik\u00f6r \u015fi\u015fesi paketleme end\u00fcstrisinde lider bir \u015firkettir. Lik\u00f6r \u015fi\u015fesi end\u00fcstrisi i\u00e7in her zaman tek elden paketleme \u00e7\u00f6z\u00fcmleri sunmaya kararl\u0131y\u0131z. Y\u00fcksek kaliteli cam malzemeler kullanarak kaliteli cam \u015fi\u015feler \u00fcretiyoruz. Lik\u00f6r \u015fi\u015feleri, viski \u015fi\u015feleri, brendi \u015fi\u015feleri, cin \u015fi\u015feleri, konyak \u015fi\u015feleri, tekila \u015fi\u015feleri ve \u015farap \u015fi\u015feleri gibi bir\u00e7ok \u00fcr\u00fcn bulabilirsiniz.<\/p>\n<p>Bir ispirto \u015fi\u015fesi \u00fcreticisi olarak, m\u00fc\u015fterilerimiz i\u00e7in OEM \/ ODM hizmetleri sunuyoruz. Ruh \u015fi\u015fesi t\u00fcrlerinizi bulamazsan\u0131z endi\u015felenmeyin. Bize ihtiyac\u0131n\u0131z\u0131 s\u00f6yleyin ve sizin i\u00e7in \u00fcretelim.<\/p>\n<p>Lik\u00f6r i\u00e7in Toptan 250ml Vidal\u0131 \u00dcst Cam \u015ei\u015feler hakk\u0131nda daha fazla bilgi edinmek i\u00e7in buraya t\u0131klay\u0131n.<\/p>","protected":false},"featured_media":4395,"comment_status":"closed","ping_status":"closed","template":"","meta":[],"product_cat":[47],"class_list":{"0":"post-4394","1":"product","2":"type-product","3":"status-publish","4":"has-post-thumbnail","6":"product_cat-250ml-liquor-bottle-manufacturer","8":"first","9":"instock","10":"shipping-taxable","11":"product-type-simple"},"yoast_head":"<!-- This site is optimized with the Yoast SEO plugin v22.0 - https:\/\/yoast.com\/wordpress\/plugins\/seo\/ -->\n<title>250ml Screw Top Glass Bottles For Liquor-Ruisheng Glass<\/title>\n<meta name=\"description\" content=\"Find Wholesale 250ml Screw Top Glass Bottles For Liquor At Ruisheng Glass Co,. Factory Outlet&amp;Save Cost Here.\" \/>\n<meta name=\"robots\" content=\"index, follow, max-snippet:-1, max-image-preview:large, max-video-preview:-1\" \/>\n<link rel=\"canonical\" href=\"https:\/\/ruishengglassco.com\/tr\/urun\/rs001-toptan-250ml-i\u0307cki\u0307-i\u0307ci\u0307n-vi\u0307dali-cam-si\u0307seler\" \/>\n<meta property=\"og:locale\" content=\"tr_TR\" \/>\n<meta property=\"og:type\" content=\"article\" \/>\n<meta property=\"og:title\" content=\"250ml Screw Top Glass Bottles For Liquor-Ruisheng Glass\" \/>\n<meta property=\"og:description\" content=\"Find Wholesale 250ml Screw Top Glass Bottles For Liquor At Ruisheng Glass Co,. Factory Outlet&amp;Save Cost Here.\" \/>\n<meta property=\"og:url\" content=\"https:\/\/ruishengglassco.com\/tr\/urun\/rs001-toptan-250ml-i\u0307cki\u0307-i\u0307ci\u0307n-vi\u0307dali-cam-si\u0307seler\" \/>\n<meta property=\"article:publisher\" content=\"https:\/\/www.facebook.com\/ruishengglassbottles\" \/>\n<meta property=\"article:modified_time\" content=\"2025-07-17T07:16:52+00:00\" \/>\n<meta property=\"og:image\" content=\"https:\/\/ruishengglassco.com\/wp-content\/uploads\/2025\/03\/RS001-Wholesale-250ml-Screw-Top-Glass-Bottles-For-Liquor.webp\" \/>\n\t<meta property=\"og:image:width\" content=\"800\" \/>\n\t<meta property=\"og:image:height\" content=\"800\" \/>\n\t<meta property=\"og:image:type\" content=\"image\/webp\" \/>\n<meta name=\"twitter:card\" content=\"summary_large_image\" \/>\n<meta name=\"twitter:label1\" content=\"Tahmini okuma s\u00fcresi\" \/>\n\t<meta name=\"twitter:data1\" content=\"2 dakika\" \/>\n<script type=\"application\/ld+json\" class=\"yoast-schema-graph\">{\"@context\":\"https:\/\/schema.org\",\"@graph\":[{\"@type\":\"WebPage\",\"@id\":\"https:\/\/ruishengglassco.com\/product\/rs001-wholesale-250ml-screw-top-glass-bottles-for-liquor\",\"url\":\"https:\/\/ruishengglassco.com\/product\/rs001-wholesale-250ml-screw-top-glass-bottles-for-liquor\",\"name\":\"250ml Screw Top Glass Bottles For Liquor-Ruisheng Glass\",\"isPartOf\":{\"@id\":\"https:\/\/ruishengglassco.com\/#website\"},\"datePublished\":\"2025-03-15T14:42:13+00:00\",\"dateModified\":\"2025-07-17T07:16:52+00:00\",\"description\":\"Find Wholesale 250ml Screw Top Glass Bottles For Liquor At Ruisheng Glass Co,. Factory Outlet&Save Cost Here.\",\"breadcrumb\":{\"@id\":\"https:\/\/ruishengglassco.com\/product\/rs001-wholesale-250ml-screw-top-glass-bottles-for-liquor#breadcrumb\"},\"inLanguage\":\"tr\",\"potentialAction\":[{\"@type\":\"ReadAction\",\"target\":[\"https:\/\/ruishengglassco.com\/product\/rs001-wholesale-250ml-screw-top-glass-bottles-for-liquor\"]}]},{\"@type\":\"BreadcrumbList\",\"@id\":\"https:\/\/ruishengglassco.com\/product\/rs001-wholesale-250ml-screw-top-glass-bottles-for-liquor#breadcrumb\",\"itemListElement\":[{\"@type\":\"ListItem\",\"position\":1,\"name\":\"Home\",\"item\":\"https:\/\/ruishengglassco.com\/\"},{\"@type\":\"ListItem\",\"position\":2,\"name\":\"Products\",\"item\":\"https:\/\/ruishengglassco.com\/products\"},{\"@type\":\"ListItem\",\"position\":3,\"name\":\"RS001 250ml Screw Top Glass Bottles For Liquor\"}]},{\"@type\":\"WebSite\",\"@id\":\"https:\/\/ruishengglassco.com\/#website\",\"url\":\"https:\/\/ruishengglassco.com\/\",\"name\":\"Ruisheng Glass\",\"description\":\"\",\"publisher\":{\"@id\":\"https:\/\/ruishengglassco.com\/#organization\"},\"potentialAction\":[{\"@type\":\"SearchAction\",\"target\":{\"@type\":\"EntryPoint\",\"urlTemplate\":\"https:\/\/ruishengglassco.com\/?s={search_term_string}\"},\"query-input\":\"required name=search_term_string\"}],\"inLanguage\":\"tr\"},{\"@type\":\"Organization\",\"@id\":\"https:\/\/ruishengglassco.com\/#organization\",\"name\":\"Shandong Yuncheng Ruisheng Glass Co., Ltd\",\"url\":\"https:\/\/ruishengglassco.com\/\",\"logo\":{\"@type\":\"ImageObject\",\"inLanguage\":\"tr\",\"@id\":\"https:\/\/ruishengglassco.com\/#\/schema\/logo\/image\/\",\"url\":\"https:\/\/ruishengglassco.com\/wp-content\/uploads\/2023\/09\/ruisheng_logo_icon.webp\",\"contentUrl\":\"https:\/\/ruishengglassco.com\/wp-content\/uploads\/2023\/09\/ruisheng_logo_icon.webp\",\"width\":400,\"height\":233,\"caption\":\"Shandong Yuncheng Ruisheng Glass Co., Ltd\"},\"image\":{\"@id\":\"https:\/\/ruishengglassco.com\/#\/schema\/logo\/image\/\"},\"sameAs\":[\"https:\/\/www.facebook.com\/ruishengglassbottles\",\"https:\/\/www.instagram.com\/Ruishengglassbottlewholesales\/\",\"https:\/\/www.youtube.com\/channel\/UCMmbMNGwsL-XrtjfSFLCdVQ\"]}]}<\/script>\n<!-- \/ Yoast SEO plugin. -->","yoast_head_json":{"title":"250ml Screw Top Glass Bottles For Liquor-Ruisheng Glass","description":"Find Wholesale 250ml Screw Top Glass Bottles For Liquor At Ruisheng Glass Co,. Factory Outlet&Save Cost Here.","robots":{"index":"index","follow":"follow","max-snippet":"max-snippet:-1","max-image-preview":"max-image-preview:large","max-video-preview":"max-video-preview:-1"},"canonical":"https:\/\/ruishengglassco.com\/tr\/urun\/rs001-toptan-250ml-i\u0307cki\u0307-i\u0307ci\u0307n-vi\u0307dali-cam-si\u0307seler","og_locale":"tr_TR","og_type":"article","og_title":"250ml Screw Top Glass Bottles For Liquor-Ruisheng Glass","og_description":"Find Wholesale 250ml Screw Top Glass Bottles For Liquor At Ruisheng Glass Co,. Factory Outlet&Save Cost Here.","og_url":"https:\/\/ruishengglassco.com\/tr\/urun\/rs001-toptan-250ml-i\u0307cki\u0307-i\u0307ci\u0307n-vi\u0307dali-cam-si\u0307seler","article_publisher":"https:\/\/www.facebook.com\/ruishengglassbottles","article_modified_time":"2025-07-17T07:16:52+00:00","og_image":[{"width":800,"height":800,"url":"https:\/\/ruishengglassco.com\/wp-content\/uploads\/2025\/03\/RS001-Wholesale-250ml-Screw-Top-Glass-Bottles-For-Liquor.webp","type":"image\/webp"}],"twitter_card":"summary_large_image","twitter_misc":{"Tahmini okuma s\u00fcresi":"2 dakika"},"schema":{"@context":"https:\/\/schema.org","@graph":[{"@type":"WebPage","@id":"https:\/\/ruishengglassco.com\/product\/rs001-wholesale-250ml-screw-top-glass-bottles-for-liquor","url":"https:\/\/ruishengglassco.com\/product\/rs001-wholesale-250ml-screw-top-glass-bottles-for-liquor","name":"250ml Screw Top Glass Bottles For Liquor-Ruisheng Glass","isPartOf":{"@id":"https:\/\/ruishengglassco.com\/#website"},"datePublished":"2025-03-15T14:42:13+00:00","dateModified":"2025-07-17T07:16:52+00:00","description":"Find Wholesale 250ml Screw Top Glass Bottles For Liquor At Ruisheng Glass Co,. Factory Outlet&Save Cost Here.","breadcrumb":{"@id":"https:\/\/ruishengglassco.com\/product\/rs001-wholesale-250ml-screw-top-glass-bottles-for-liquor#breadcrumb"},"inLanguage":"tr","potentialAction":[{"@type":"ReadAction","target":["https:\/\/ruishengglassco.com\/product\/rs001-wholesale-250ml-screw-top-glass-bottles-for-liquor"]}]},{"@type":"BreadcrumbList","@id":"https:\/\/ruishengglassco.com\/product\/rs001-wholesale-250ml-screw-top-glass-bottles-for-liquor#breadcrumb","itemListElement":[{"@type":"ListItem","position":1,"name":"Home","item":"https:\/\/ruishengglassco.com\/"},{"@type":"ListItem","position":2,"name":"Products","item":"https:\/\/ruishengglassco.com\/products"},{"@type":"ListItem","position":3,"name":"RS001 250ml Screw Top Glass Bottles For Liquor"}]},{"@type":"WebSite","@id":"https:\/\/ruishengglassco.com\/#website","url":"https:\/\/ruishengglassco.com\/","name":"Ruisheng Glass","description":"","publisher":{"@id":"https:\/\/ruishengglassco.com\/#organization"},"potentialAction":[{"@type":"SearchAction","target":{"@type":"EntryPoint","urlTemplate":"https:\/\/ruishengglassco.com\/?s={search_term_string}"},"query-input":"required name=search_term_string"}],"inLanguage":"tr"},{"@type":"Organization","@id":"https:\/\/ruishengglassco.com\/#organization","name":"Shandong Yuncheng Ruisheng Glass Co., Ltd","url":"https:\/\/ruishengglassco.com\/","logo":{"@type":"ImageObject","inLanguage":"tr","@id":"https:\/\/ruishengglassco.com\/#\/schema\/logo\/image\/","url":"https:\/\/ruishengglassco.com\/wp-content\/uploads\/2023\/09\/ruisheng_logo_icon.webp","contentUrl":"https:\/\/ruishengglassco.com\/wp-content\/uploads\/2023\/09\/ruisheng_logo_icon.webp","width":400,"height":233,"caption":"Shandong Yuncheng Ruisheng Glass Co., Ltd"},"image":{"@id":"https:\/\/ruishengglassco.com\/#\/schema\/logo\/image\/"},"sameAs":["https:\/\/www.facebook.com\/ruishengglassbottles","https:\/\/www.instagram.com\/Ruishengglassbottlewholesales\/","https:\/\/www.youtube.com\/channel\/UCMmbMNGwsL-XrtjfSFLCdVQ"]}]}},"_links":{"self":[{"href":"https:\/\/ruishengglassco.com\/tr\/wp-json\/wp\/v2\/product\/4394","targetHints":{"allow":["GET"]}}],"collection":[{"href":"https:\/\/ruishengglassco.com\/tr\/wp-json\/wp\/v2\/product"}],"about":[{"href":"https:\/\/ruishengglassco.com\/tr\/wp-json\/wp\/v2\/types\/product"}],"replies":[{"embeddable":true,"href":"https:\/\/ruishengglassco.com\/tr\/wp-json\/wp\/v2\/comments?post=4394"}],"wp:featuredmedia":[{"embeddable":true,"href":"https:\/\/ruishengglassco.com\/tr\/wp-json\/wp\/v2\/media\/4395"}],"wp:attachment":[{"href":"https:\/\/ruishengglassco.com\/tr\/wp-json\/wp\/v2\/media?parent=4394"}],"wp:term":[{"taxonomy":"product_cat","embeddable":true,"href":"https:\/\/ruishengglassco.com\/tr\/wp-json\/wp\/v2\/product_cat?post=4394"}],"curies":[{"name":"wp","href":"https:\/\/api.w.org\/{rel}","templated":true}]}}