{"id":4390,"date":"2025-03-15T22:36:56","date_gmt":"2025-03-15T14:36:56","guid":{"rendered":"https:\/\/ruishengglassco.com\/?post_type=product&#038;p=4390"},"modified":"2025-07-17T15:14:54","modified_gmt":"2025-07-17T07:14:54","slug":"rs003250ml-mantar-toptan-cam-siseler","status":"publish","type":"product","link":"https:\/\/ruishengglassco.com\/tr\/urun\/rs003250ml-mantar-toptan-cam-siseler","title":{"rendered":"RS003:250ml Mantarl\u0131 Cam \u015ei\u015feler"},"content":{"rendered":"<h2 style=\"text-align: left;\">Mantar Toptan Sat\u0131\u015fl\u0131 250ml Cam \u015ei\u015feler Hakk\u0131nda Detayl\u0131 Bilgi<\/h2>\n<p>Bu 250 ml'lik mantarl\u0131 cam \u015fi\u015feler kristal flint camdan yap\u0131lm\u0131\u015ft\u0131r. Bu malzeme \u015fi\u015felere b\u00fcy\u00fck bir \u015feffafl\u0131k ve parlakl\u0131k verir. Yuvarlak g\u00f6vde ini\u015fli \u00e7\u0131k\u0131\u015fl\u0131 dokularla yuvarlat\u0131lm\u0131\u015ft\u0131r. \u00dcr\u00fcn\u00fcn y\u00fczeyi kabartma, \u00e7\u0131kartma, boyama, buzlu, s\u0131cak damgalama ve elektrokaplama gibi \u00e7e\u015fitli i\u015fleme tekniklerine sahiptir.<\/p>\n<p>Bu yuvarlak lik\u00f6r \u015fi\u015feleri serisi lik\u00f6r, votka, brendi, tekila ve di\u011fer alkoll\u00fc i\u00e7eceklerin paketlenmesi i\u00e7in uygundur. Lik\u00f6r \u015fi\u015fesi \u00fcretiminde 20 y\u0131l\u0131 a\u015fk\u0131n deneyime sahibiz. Ayr\u0131ca m\u00fc\u015fterilerimizin ihtiya\u00e7lar\u0131na g\u00f6re \u00f6zelle\u015ftirilmi\u015f hizmetler de sunuyoruz. \u00d6zel ihtiya\u00e7lar\u0131n\u0131za g\u00f6re cam \u015fi\u015feler \u00fcretebiliriz. L\u00fctfen istedi\u011finiz \u015fekli, rengi, boyutu, d\u0131\u015f ambalaj\u0131 ve logoyu bize bildirin.<\/p>\n<ul>\n<li>Y\u00fczey \u0130\u015fleme: \u00c7\u0131kartma<\/li>\n<li>End\u00fcstriyel Kullan\u0131m: \u0130\u00e7ecek<\/li>\n<li>Taban Malzemesi: \u00c7akmakta\u015f\u0131 cam<\/li>\n<li>G\u00f6vde Malzemesi: \u00c7akmakta\u015f\u0131 cam<\/li>\n<li>Yaka Malzemesi: \u00c7akmakta\u015f\u0131 cam<\/li>\n<li>S\u0131zd\u0131rmazl\u0131k Tipi: Mantar, Mantar, Cam Kapak, \u00c7evirmeli Kapak, Vidal\u0131 Kapak<\/li>\n<li>Kullan\u0131n: Lik\u00f6r, Brendi, Votka, Tekila<\/li>\n<li>Men\u015fe Yeri: \u00c7in<\/li>\n<li>Model Numaras\u0131: RS003<\/li>\n<li>Marka ad\u0131: Ruisheng cam<\/li>\n<li>\u015ei\u015fe Malzemesi: Bardak<\/li>\n<li>Kullan\u0131m alan\u0131: Ya\u011f\/spirit\/lik\u00f6r\/\u015farap\/i\u00e7ecek<\/li>\n<li>Kapasite: 50ml~2L<\/li>\n<li>OEM\/ODM: Mevcut<\/li>\n<li>Sertifika: SGS, TUV, ISO9001, ISO14001<\/li>\n<li>Renk: \u015eeffaf, Boyal\u0131, Frost<\/li>\n<li>Y\u00fczey \u0130\u015fleme: Serigrafi, Bask\u0131, \u00c7\u0131kartma, Sprey, Don<\/li>\n<\/ul>\n<p>\u00dcr\u00fcn\u00fc nas\u0131l paketledi\u011fimizi ve \u00fclkenize nas\u0131l g\u00f6nderdi\u011fimizi \u00f6\u011frenmek istiyorsan\u0131z, g\u00f6rmek i\u00e7in buraya t\u0131klay\u0131n: Cam \u015fi\u015feler nas\u0131l paketlenir ve g\u00f6nderilir?<\/p>\n<p>Mantar Toptan Sat\u0131\u015fl\u0131 250ml Cam \u015ei\u015felerimiz ve di\u011fer bilgiler hakk\u0131nda daha fazla bilgi edinmek isterseniz, l\u00fctfen bizimle buradan ileti\u015fime ge\u00e7mekten \u00e7ekinmeyin.<\/p>","protected":false},"excerpt":{"rendered":"<p><span data-preserver-spaces=\"true\">Ruisheng, cam \u015fi\u015fe \u00fcretiminde 10 y\u0131l\u0131 a\u015fk\u0131n deneyime sahiptir. Lik\u00f6r paketlemek i\u00e7in m\u00fckemmel olan 250 ml'lik mantarl\u0131 cam \u015fi\u015feler sunarlar. <\/span><span data-preserver-spaces=\"true\">Bu<\/span><span data-preserver-spaces=\"true\"> Viski, Brendi, Votka ve Rom i\u00e7erir. \u015eeffaf cam \u015fi\u015felerimiz sadece iyi bir depolama i\u015flevine sahip olmakla kalmaz, ayn\u0131 zamanda \u00fcr\u00fcnlerinizin daha l\u00fcks g\u00f6r\u00fcnmesini sa\u011flar.<\/span><\/p>\n<p><span data-preserver-spaces=\"true\">\u0130\u015fte ilginizi \u00e7ekebilecek sorular:<\/span><\/p>\n<p><strong><span data-preserver-spaces=\"true\">-MIKTAR: 10000 ADET\u00a0<\/span><\/strong><\/p>\n<p><span data-preserver-spaces=\"true\">-\u00dccretsiz Numune Sunulan \u00d6zel Hizmet<\/span><\/p>\n<p><span data-preserver-spaces=\"true\">-K\u00fcresel Nakliye+30 G\u00fcn \u0130\u00e7inde Teslimat<\/span><\/p>\n<p><span data-preserver-spaces=\"true\">E\u011fer sen <\/span><span data-preserver-spaces=\"true\">istiyorum<\/span><span data-preserver-spaces=\"true\"> i\u015finizi ba\u015flatmak i\u00e7in <\/span><span data-preserver-spaces=\"true\">i\u00e7in<\/span><span data-preserver-spaces=\"true\"> 250ml cam \u015fi\u015feler <\/span><span data-preserver-spaces=\"true\">ile<\/span><span data-preserver-spaces=\"true\"> mantar toptan sat\u0131\u015f\u0131, <\/span><span data-preserver-spaces=\"true\">l\u00fctfen bizimle ileti\u015fime ge\u00e7in<\/span><span data-preserver-spaces=\"true\"> \u015eimdi.<\/span><\/p>","protected":false},"featured_media":4391,"comment_status":"closed","ping_status":"closed","template":"","meta":[],"product_cat":[47],"class_list":{"0":"post-4390","1":"product","2":"type-product","3":"status-publish","4":"has-post-thumbnail","6":"product_cat-250ml-liquor-bottle-manufacturer","8":"first","9":"instock","10":"shipping-taxable","11":"product-type-simple"},"yoast_head":"<!-- This site is optimized with the Yoast SEO plugin v22.0 - https:\/\/yoast.com\/wordpress\/plugins\/seo\/ -->\n<title>250ml Glass Bottles With Cork Manufacturer | Ruisheng Glass Co., Ltd<\/title>\n<meta name=\"description\" content=\"Find 250ml Glass Bottles With Cork Wholesale in Ruisheng Glass Co., Ltd. Liquor Bottle Manufacturer and Factory. Global Shipping Service.\" \/>\n<meta name=\"robots\" content=\"index, follow, max-snippet:-1, max-image-preview:large, max-video-preview:-1\" \/>\n<link rel=\"canonical\" href=\"https:\/\/ruishengglassco.com\/tr\/urun\/rs003250ml-mantar-toptan-cam-siseler\" \/>\n<meta property=\"og:locale\" content=\"tr_TR\" \/>\n<meta property=\"og:type\" content=\"article\" \/>\n<meta property=\"og:title\" content=\"250ml Glass Bottles With Cork Manufacturer | Ruisheng Glass Co., Ltd\" \/>\n<meta property=\"og:description\" content=\"Find 250ml Glass Bottles With Cork Wholesale in Ruisheng Glass Co., Ltd. Liquor Bottle Manufacturer and Factory. Global Shipping Service.\" \/>\n<meta property=\"og:url\" content=\"https:\/\/ruishengglassco.com\/tr\/urun\/rs003250ml-mantar-toptan-cam-siseler\" \/>\n<meta property=\"article:publisher\" content=\"https:\/\/www.facebook.com\/ruishengglassbottles\" \/>\n<meta property=\"article:modified_time\" content=\"2025-07-17T07:14:54+00:00\" \/>\n<meta property=\"og:image\" content=\"https:\/\/ruishengglassco.com\/wp-content\/uploads\/2025\/03\/RS003-250ml-Glass-Bottles-With-Cork-Wholesale.webp\" \/>\n\t<meta property=\"og:image:width\" content=\"800\" \/>\n\t<meta property=\"og:image:height\" content=\"800\" \/>\n\t<meta property=\"og:image:type\" content=\"image\/webp\" \/>\n<meta name=\"twitter:card\" content=\"summary_large_image\" \/>\n<meta name=\"twitter:label1\" content=\"Tahmini okuma s\u00fcresi\" \/>\n\t<meta name=\"twitter:data1\" content=\"2 dakika\" \/>\n<script type=\"application\/ld+json\" class=\"yoast-schema-graph\">{\"@context\":\"https:\/\/schema.org\",\"@graph\":[{\"@type\":\"WebPage\",\"@id\":\"https:\/\/ruishengglassco.com\/product\/rs003250ml-glass-bottles-with-cork-wholesale\",\"url\":\"https:\/\/ruishengglassco.com\/product\/rs003250ml-glass-bottles-with-cork-wholesale\",\"name\":\"250ml Glass Bottles With Cork Manufacturer | Ruisheng Glass Co., Ltd\",\"isPartOf\":{\"@id\":\"https:\/\/ruishengglassco.com\/#website\"},\"datePublished\":\"2025-03-15T14:36:56+00:00\",\"dateModified\":\"2025-07-17T07:14:54+00:00\",\"description\":\"Find 250ml Glass Bottles With Cork Wholesale in Ruisheng Glass Co., Ltd. Liquor Bottle Manufacturer and Factory. Global Shipping Service.\",\"breadcrumb\":{\"@id\":\"https:\/\/ruishengglassco.com\/product\/rs003250ml-glass-bottles-with-cork-wholesale#breadcrumb\"},\"inLanguage\":\"tr\",\"potentialAction\":[{\"@type\":\"ReadAction\",\"target\":[\"https:\/\/ruishengglassco.com\/product\/rs003250ml-glass-bottles-with-cork-wholesale\"]}]},{\"@type\":\"BreadcrumbList\",\"@id\":\"https:\/\/ruishengglassco.com\/product\/rs003250ml-glass-bottles-with-cork-wholesale#breadcrumb\",\"itemListElement\":[{\"@type\":\"ListItem\",\"position\":1,\"name\":\"Home\",\"item\":\"https:\/\/ruishengglassco.com\/\"},{\"@type\":\"ListItem\",\"position\":2,\"name\":\"Products\",\"item\":\"https:\/\/ruishengglassco.com\/products\"},{\"@type\":\"ListItem\",\"position\":3,\"name\":\"RS003:250ml Glass Bottles With Cork\"}]},{\"@type\":\"WebSite\",\"@id\":\"https:\/\/ruishengglassco.com\/#website\",\"url\":\"https:\/\/ruishengglassco.com\/\",\"name\":\"Ruisheng Glass\",\"description\":\"\",\"publisher\":{\"@id\":\"https:\/\/ruishengglassco.com\/#organization\"},\"potentialAction\":[{\"@type\":\"SearchAction\",\"target\":{\"@type\":\"EntryPoint\",\"urlTemplate\":\"https:\/\/ruishengglassco.com\/?s={search_term_string}\"},\"query-input\":\"required name=search_term_string\"}],\"inLanguage\":\"tr\"},{\"@type\":\"Organization\",\"@id\":\"https:\/\/ruishengglassco.com\/#organization\",\"name\":\"Shandong Yuncheng Ruisheng Glass Co., Ltd\",\"url\":\"https:\/\/ruishengglassco.com\/\",\"logo\":{\"@type\":\"ImageObject\",\"inLanguage\":\"tr\",\"@id\":\"https:\/\/ruishengglassco.com\/#\/schema\/logo\/image\/\",\"url\":\"https:\/\/ruishengglassco.com\/wp-content\/uploads\/2023\/09\/ruisheng_logo_icon.webp\",\"contentUrl\":\"https:\/\/ruishengglassco.com\/wp-content\/uploads\/2023\/09\/ruisheng_logo_icon.webp\",\"width\":400,\"height\":233,\"caption\":\"Shandong Yuncheng Ruisheng Glass Co., Ltd\"},\"image\":{\"@id\":\"https:\/\/ruishengglassco.com\/#\/schema\/logo\/image\/\"},\"sameAs\":[\"https:\/\/www.facebook.com\/ruishengglassbottles\",\"https:\/\/www.instagram.com\/Ruishengglassbottlewholesales\/\",\"https:\/\/www.youtube.com\/channel\/UCMmbMNGwsL-XrtjfSFLCdVQ\"]}]}<\/script>\n<!-- \/ Yoast SEO plugin. -->","yoast_head_json":{"title":"250ml Glass Bottles With Cork Manufacturer | Ruisheng Glass Co., Ltd","description":"Find 250ml Glass Bottles With Cork Wholesale in Ruisheng Glass Co., Ltd. Liquor Bottle Manufacturer and Factory. Global Shipping Service.","robots":{"index":"index","follow":"follow","max-snippet":"max-snippet:-1","max-image-preview":"max-image-preview:large","max-video-preview":"max-video-preview:-1"},"canonical":"https:\/\/ruishengglassco.com\/tr\/urun\/rs003250ml-mantar-toptan-cam-siseler","og_locale":"tr_TR","og_type":"article","og_title":"250ml Glass Bottles With Cork Manufacturer | Ruisheng Glass Co., Ltd","og_description":"Find 250ml Glass Bottles With Cork Wholesale in Ruisheng Glass Co., Ltd. Liquor Bottle Manufacturer and Factory. Global Shipping Service.","og_url":"https:\/\/ruishengglassco.com\/tr\/urun\/rs003250ml-mantar-toptan-cam-siseler","article_publisher":"https:\/\/www.facebook.com\/ruishengglassbottles","article_modified_time":"2025-07-17T07:14:54+00:00","og_image":[{"width":800,"height":800,"url":"https:\/\/ruishengglassco.com\/wp-content\/uploads\/2025\/03\/RS003-250ml-Glass-Bottles-With-Cork-Wholesale.webp","type":"image\/webp"}],"twitter_card":"summary_large_image","twitter_misc":{"Tahmini okuma s\u00fcresi":"2 dakika"},"schema":{"@context":"https:\/\/schema.org","@graph":[{"@type":"WebPage","@id":"https:\/\/ruishengglassco.com\/product\/rs003250ml-glass-bottles-with-cork-wholesale","url":"https:\/\/ruishengglassco.com\/product\/rs003250ml-glass-bottles-with-cork-wholesale","name":"250ml Glass Bottles With Cork Manufacturer | Ruisheng Glass Co., Ltd","isPartOf":{"@id":"https:\/\/ruishengglassco.com\/#website"},"datePublished":"2025-03-15T14:36:56+00:00","dateModified":"2025-07-17T07:14:54+00:00","description":"Find 250ml Glass Bottles With Cork Wholesale in Ruisheng Glass Co., Ltd. Liquor Bottle Manufacturer and Factory. Global Shipping Service.","breadcrumb":{"@id":"https:\/\/ruishengglassco.com\/product\/rs003250ml-glass-bottles-with-cork-wholesale#breadcrumb"},"inLanguage":"tr","potentialAction":[{"@type":"ReadAction","target":["https:\/\/ruishengglassco.com\/product\/rs003250ml-glass-bottles-with-cork-wholesale"]}]},{"@type":"BreadcrumbList","@id":"https:\/\/ruishengglassco.com\/product\/rs003250ml-glass-bottles-with-cork-wholesale#breadcrumb","itemListElement":[{"@type":"ListItem","position":1,"name":"Home","item":"https:\/\/ruishengglassco.com\/"},{"@type":"ListItem","position":2,"name":"Products","item":"https:\/\/ruishengglassco.com\/products"},{"@type":"ListItem","position":3,"name":"RS003:250ml Glass Bottles With Cork"}]},{"@type":"WebSite","@id":"https:\/\/ruishengglassco.com\/#website","url":"https:\/\/ruishengglassco.com\/","name":"Ruisheng Glass","description":"","publisher":{"@id":"https:\/\/ruishengglassco.com\/#organization"},"potentialAction":[{"@type":"SearchAction","target":{"@type":"EntryPoint","urlTemplate":"https:\/\/ruishengglassco.com\/?s={search_term_string}"},"query-input":"required name=search_term_string"}],"inLanguage":"tr"},{"@type":"Organization","@id":"https:\/\/ruishengglassco.com\/#organization","name":"Shandong Yuncheng Ruisheng Glass Co., Ltd","url":"https:\/\/ruishengglassco.com\/","logo":{"@type":"ImageObject","inLanguage":"tr","@id":"https:\/\/ruishengglassco.com\/#\/schema\/logo\/image\/","url":"https:\/\/ruishengglassco.com\/wp-content\/uploads\/2023\/09\/ruisheng_logo_icon.webp","contentUrl":"https:\/\/ruishengglassco.com\/wp-content\/uploads\/2023\/09\/ruisheng_logo_icon.webp","width":400,"height":233,"caption":"Shandong Yuncheng Ruisheng Glass Co., Ltd"},"image":{"@id":"https:\/\/ruishengglassco.com\/#\/schema\/logo\/image\/"},"sameAs":["https:\/\/www.facebook.com\/ruishengglassbottles","https:\/\/www.instagram.com\/Ruishengglassbottlewholesales\/","https:\/\/www.youtube.com\/channel\/UCMmbMNGwsL-XrtjfSFLCdVQ"]}]}},"_links":{"self":[{"href":"https:\/\/ruishengglassco.com\/tr\/wp-json\/wp\/v2\/product\/4390","targetHints":{"allow":["GET"]}}],"collection":[{"href":"https:\/\/ruishengglassco.com\/tr\/wp-json\/wp\/v2\/product"}],"about":[{"href":"https:\/\/ruishengglassco.com\/tr\/wp-json\/wp\/v2\/types\/product"}],"replies":[{"embeddable":true,"href":"https:\/\/ruishengglassco.com\/tr\/wp-json\/wp\/v2\/comments?post=4390"}],"wp:featuredmedia":[{"embeddable":true,"href":"https:\/\/ruishengglassco.com\/tr\/wp-json\/wp\/v2\/media\/4391"}],"wp:attachment":[{"href":"https:\/\/ruishengglassco.com\/tr\/wp-json\/wp\/v2\/media?parent=4390"}],"wp:term":[{"taxonomy":"product_cat","embeddable":true,"href":"https:\/\/ruishengglassco.com\/tr\/wp-json\/wp\/v2\/product_cat?post=4390"}],"curies":[{"name":"wp","href":"https:\/\/api.w.org\/{rel}","templated":true}]}}