{"id":4388,"date":"2025-03-15T22:35:19","date_gmt":"2025-03-15T14:35:19","guid":{"rendered":"https:\/\/ruishengglassco.com\/?post_type=product&#038;p=4388"},"modified":"2025-09-11T16:22:44","modified_gmt":"2025-09-11T08:22:44","slug":"rs004-bos-sarap-siseleri-toptan-satisi","status":"publish","type":"product","link":"https:\/\/ruishengglassco.com\/tr\/urun\/rs004-bos-sarap-siseleri-toptan-satisi","title":{"rendered":"RS004 Bo\u015f \u015earap \u015ei\u015feleri"},"content":{"rendered":"<h2>Daha fazla detay hakk\u0131nda Bo\u015f \u015earap \u015ei\u015feleri Toptan Sat\u0131\u015f<\/h2>\n<p>\u00c7in'de profesyonel bir \u015farap \u015fi\u015fesi \u00fcreticisiyiz. A\u011f\u0131rl\u0131kl\u0131 olarak toptan sat\u0131\u015f i\u00e7in bo\u015f \u015farap \u015fi\u015feleri sunuyoruz. M\u00fc\u015fterilerimiz aras\u0131nda \u015farap imalathaneleri, \u015farap \u015firketleri, \u015farap \u015fi\u015fesi toptanc\u0131lar\u0131 ve perakendeciler bulunmaktad\u0131r. Ancak, do\u011frudan t\u00fcketicilere sat\u0131\u015f yapm\u0131yoruz.<\/p>\n<p>Profesyonel bir cam \u015fi\u015fe \u00fcretim fabrikas\u0131 olarak cam \u015fi\u015fe tasar\u0131m ve \u00fcretim hizmetleri vermekteyiz. \u015earap \u015fi\u015felerini toptan almak istiyorsan\u0131z, firmam\u0131zda bulunan kal\u0131b\u0131 se\u00e7ebilirsiniz. Ayr\u0131ca tasar\u0131m tasla\u011f\u0131n\u0131 da sa\u011flayabilirsiniz ve ihtiya\u00e7lar\u0131n\u0131za g\u00f6re \u00fcretece\u011fiz. OEM \/ ODM \/ \u00f6zelle\u015ftirilmi\u015f \u015farap \u015fi\u015fesi hizmeti sunulmaktad\u0131r.<\/p>\n<ul>\n<li>\u00dcr\u00fcn: 750ml \u015earap \u015ei\u015feleri Toptan Sat\u0131\u015f<\/li>\n<li>\u00dcretici firma: Ruisheng Cam \u015ei\u015fe<\/li>\n<li>Numara: RS004<\/li>\n<li>Kapasite: 50ml, 200ml, 300ml, 700ml, 750ml, 1000ml, 2L ve \u00f6zel \u015farap \u015fi\u015fesi servisi<\/li>\n<li>S\u0131zd\u0131rmazl\u0131k tipi: Vidal\u0131 \u00dcst<\/li>\n<li>Malzeme: S\u00fcper \u00e7akmakta\u015f\u0131 cam malzeme, Kristal beyaz cam malzeme, Pahal\u0131 beyaz cam malzeme<\/li>\n<li>Kullan\u0131m \u015eekli Cam \u015earap \u015ei\u015fesi<\/li>\n<li>Y\u00fczey: Don, \u00e7\u0131kartma, boyama, s\u0131cak damgalama, kabartmal\u0131, bask\u0131, alt\u0131n, serigrafi<\/li>\n<li>Logo: Kabul Edilebilir M\u00fc\u015fteri Logosu<\/li>\n<li>\u00d6rnek:\n<ul>\n<li>Kal\u0131p yap\u0131m\u0131<\/li>\n<li>Mevcut kal\u0131p taraf\u0131ndan serbest<\/li>\n<li>Kelimeler veya tasar\u0131m\u0131n\u0131z olarak<\/li>\n<\/ul>\n<\/li>\n<li>Paket: Standart ihracat kartonu; veya palet ambalaj\u0131; FGC kutu ambalaj\u0131<\/li>\n<li>Teslim s\u00fcresi: Sipari\u015fin onaylanmas\u0131ndan sonra 20-30 g\u00fcn<\/li>\n<\/ul>\n<p>Toptan 750ml \u015farap \u015fi\u015felerimiz hakk\u0131nda daha fazla bilgi almak istiyorsan\u0131z, l\u00fctfen buradan bizimle ileti\u015fime ge\u00e7in.<\/p>","protected":false},"excerpt":{"rendered":"<p><span data-preserver-spaces=\"true\">Ruisheng Glass Co, Ltd \u00c7in'de bir cam \u015farap \u015fi\u015fesi \u00fcreticisidir. Do\u011frudan fabrikadan toptan fiyatlarla bo\u015f \u015farap \u015fi\u015feleri sunmaktad\u0131r.<\/span><\/p>\n<p><span data-preserver-spaces=\"true\">Bu bo\u015f \u015farap \u015fi\u015feleri toptan sat\u0131\u015f serisi <\/span><span data-preserver-spaces=\"true\">yap\u0131l\u0131r<\/span><span data-preserver-spaces=\"true\"> y\u00fcksek kaliteli \u00e7akmakta\u015f\u0131 camdan \u00fcretilmi\u015ftir. Klasik bir Bordeaux \u015ei\u015fesi \u015feklindeki bu \u015fi\u015fenin berrakl\u0131\u011f\u0131 \u015farab\u0131n\u0131z\u0131 saklamak i\u00e7in m\u00fckemmeldir. D\u00fcz kenarlara ve belirgin, y\u00fcksek omuzlara sahiptir ve bir \u00e7ubuk \u00fcst kapak kullan\u0131lmas\u0131n\u0131 gerektirir. 10'dan fazla cam \u015fi\u015fe t\u0131pas\u0131 \u00e7e\u015fidi <\/span><span data-preserver-spaces=\"true\">teklif edilir<\/span><span data-preserver-spaces=\"true\">.<\/span><\/p>\n<p><strong><span data-preserver-spaces=\"true\">-Miktar: 10000 ADET (Yakla\u015f\u0131k 30000 adet)<\/span><\/strong><\/p>\n<p><span data-preserver-spaces=\"true\">-\u00dccretsiz \u00d6rnek Sunulmaktad\u0131r. OEM\/ODM Mevcuttur<\/span><\/p>\n<p><span data-preserver-spaces=\"true\">-7 g\u00fcn i\u00e7inde \u00fccretsiz numune teslimat\u0131; sipari\u015f onay\u0131ndan sonra 30 g\u00fcn i\u00e7inde toplu sipari\u015f teslimat\u0131.<\/span><\/p>","protected":false},"featured_media":4389,"comment_status":"closed","ping_status":"closed","template":"","meta":[],"product_cat":[44,40],"class_list":{"0":"post-4388","1":"product","2":"type-product","3":"status-publish","4":"has-post-thumbnail","6":"product_cat-700ml-liquor-bottle-manufacturer","7":"product_cat-750ml-liquor-bottle-manufacturer","9":"first","10":"instock","11":"shipping-taxable","12":"product-type-simple"},"yoast_head":"<!-- This site is optimized with the Yoast SEO plugin v22.0 - https:\/\/yoast.com\/wordpress\/plugins\/seo\/ -->\n<title>Empty Wine Bottles Supplier | China Wine Bottle Manufacturer<\/title>\n<meta name=\"description\" content=\"Ruisheng glass, top China Wine Bottle Manufacturer, provide Empty Wine Bottles Wholesale at factory outlet price. Quality Asurance&amp;Save Cost.\" \/>\n<meta name=\"robots\" content=\"index, follow, max-snippet:-1, max-image-preview:large, max-video-preview:-1\" \/>\n<link rel=\"canonical\" href=\"https:\/\/ruishengglassco.com\/tr\/urun\/rs004-bos-sarap-siseleri-toptan-satisi\" \/>\n<meta property=\"og:locale\" content=\"tr_TR\" \/>\n<meta property=\"og:type\" content=\"article\" \/>\n<meta property=\"og:title\" content=\"Empty Wine Bottles Supplier | China Wine Bottle Manufacturer\" \/>\n<meta property=\"og:description\" content=\"Ruisheng glass, top China Wine Bottle Manufacturer, provide Empty Wine Bottles Wholesale at factory outlet price. Quality Asurance&amp;Save Cost.\" \/>\n<meta property=\"og:url\" content=\"https:\/\/ruishengglassco.com\/tr\/urun\/rs004-bos-sarap-siseleri-toptan-satisi\" \/>\n<meta property=\"article:publisher\" content=\"https:\/\/www.facebook.com\/ruishengglassbottles\" \/>\n<meta property=\"article:modified_time\" content=\"2025-09-11T08:22:44+00:00\" \/>\n<meta property=\"og:image\" content=\"https:\/\/ruishengglassco.com\/wp-content\/uploads\/2025\/03\/RS004-Empty-Wine-Bottles-Wholesale.webp\" \/>\n\t<meta property=\"og:image:width\" content=\"500\" \/>\n\t<meta property=\"og:image:height\" content=\"500\" \/>\n\t<meta property=\"og:image:type\" content=\"image\/webp\" \/>\n<meta name=\"twitter:card\" content=\"summary_large_image\" \/>\n<meta name=\"twitter:label1\" content=\"Tahmini okuma s\u00fcresi\" \/>\n\t<meta name=\"twitter:data1\" content=\"2 dakika\" \/>\n<script type=\"application\/ld+json\" class=\"yoast-schema-graph\">{\"@context\":\"https:\/\/schema.org\",\"@graph\":[{\"@type\":\"WebPage\",\"@id\":\"https:\/\/ruishengglassco.com\/product\/rs004-empty-wine-bottles-wholesale\",\"url\":\"https:\/\/ruishengglassco.com\/product\/rs004-empty-wine-bottles-wholesale\",\"name\":\"Empty Wine Bottles Supplier | China Wine Bottle Manufacturer\",\"isPartOf\":{\"@id\":\"https:\/\/ruishengglassco.com\/#website\"},\"datePublished\":\"2025-03-15T14:35:19+00:00\",\"dateModified\":\"2025-09-11T08:22:44+00:00\",\"description\":\"Ruisheng glass, top China Wine Bottle Manufacturer, provide Empty Wine Bottles Wholesale at factory outlet price. Quality Asurance&Save Cost.\",\"breadcrumb\":{\"@id\":\"https:\/\/ruishengglassco.com\/product\/rs004-empty-wine-bottles-wholesale#breadcrumb\"},\"inLanguage\":\"tr\",\"potentialAction\":[{\"@type\":\"ReadAction\",\"target\":[\"https:\/\/ruishengglassco.com\/product\/rs004-empty-wine-bottles-wholesale\"]}]},{\"@type\":\"BreadcrumbList\",\"@id\":\"https:\/\/ruishengglassco.com\/product\/rs004-empty-wine-bottles-wholesale#breadcrumb\",\"itemListElement\":[{\"@type\":\"ListItem\",\"position\":1,\"name\":\"Home\",\"item\":\"https:\/\/ruishengglassco.com\/\"},{\"@type\":\"ListItem\",\"position\":2,\"name\":\"Products\",\"item\":\"https:\/\/ruishengglassco.com\/products\"},{\"@type\":\"ListItem\",\"position\":3,\"name\":\"RS004 Empty Wine Bottles\"}]},{\"@type\":\"WebSite\",\"@id\":\"https:\/\/ruishengglassco.com\/#website\",\"url\":\"https:\/\/ruishengglassco.com\/\",\"name\":\"Ruisheng Glass\",\"description\":\"\",\"publisher\":{\"@id\":\"https:\/\/ruishengglassco.com\/#organization\"},\"potentialAction\":[{\"@type\":\"SearchAction\",\"target\":{\"@type\":\"EntryPoint\",\"urlTemplate\":\"https:\/\/ruishengglassco.com\/?s={search_term_string}\"},\"query-input\":\"required name=search_term_string\"}],\"inLanguage\":\"tr\"},{\"@type\":\"Organization\",\"@id\":\"https:\/\/ruishengglassco.com\/#organization\",\"name\":\"Shandong Yuncheng Ruisheng Glass Co., Ltd\",\"url\":\"https:\/\/ruishengglassco.com\/\",\"logo\":{\"@type\":\"ImageObject\",\"inLanguage\":\"tr\",\"@id\":\"https:\/\/ruishengglassco.com\/#\/schema\/logo\/image\/\",\"url\":\"https:\/\/ruishengglassco.com\/wp-content\/uploads\/2023\/09\/ruisheng_logo_icon.webp\",\"contentUrl\":\"https:\/\/ruishengglassco.com\/wp-content\/uploads\/2023\/09\/ruisheng_logo_icon.webp\",\"width\":400,\"height\":233,\"caption\":\"Shandong Yuncheng Ruisheng Glass Co., Ltd\"},\"image\":{\"@id\":\"https:\/\/ruishengglassco.com\/#\/schema\/logo\/image\/\"},\"sameAs\":[\"https:\/\/www.facebook.com\/ruishengglassbottles\",\"https:\/\/www.instagram.com\/Ruishengglassbottlewholesales\/\",\"https:\/\/www.youtube.com\/channel\/UCMmbMNGwsL-XrtjfSFLCdVQ\"]}]}<\/script>\n<!-- \/ Yoast SEO plugin. -->","yoast_head_json":{"title":"Empty Wine Bottles Supplier | China Wine Bottle Manufacturer","description":"Ruisheng glass, top China Wine Bottle Manufacturer, provide Empty Wine Bottles Wholesale at factory outlet price. Quality Asurance&Save Cost.","robots":{"index":"index","follow":"follow","max-snippet":"max-snippet:-1","max-image-preview":"max-image-preview:large","max-video-preview":"max-video-preview:-1"},"canonical":"https:\/\/ruishengglassco.com\/tr\/urun\/rs004-bos-sarap-siseleri-toptan-satisi","og_locale":"tr_TR","og_type":"article","og_title":"Empty Wine Bottles Supplier | China Wine Bottle Manufacturer","og_description":"Ruisheng glass, top China Wine Bottle Manufacturer, provide Empty Wine Bottles Wholesale at factory outlet price. Quality Asurance&Save Cost.","og_url":"https:\/\/ruishengglassco.com\/tr\/urun\/rs004-bos-sarap-siseleri-toptan-satisi","article_publisher":"https:\/\/www.facebook.com\/ruishengglassbottles","article_modified_time":"2025-09-11T08:22:44+00:00","og_image":[{"width":500,"height":500,"url":"https:\/\/ruishengglassco.com\/wp-content\/uploads\/2025\/03\/RS004-Empty-Wine-Bottles-Wholesale.webp","type":"image\/webp"}],"twitter_card":"summary_large_image","twitter_misc":{"Tahmini okuma s\u00fcresi":"2 dakika"},"schema":{"@context":"https:\/\/schema.org","@graph":[{"@type":"WebPage","@id":"https:\/\/ruishengglassco.com\/product\/rs004-empty-wine-bottles-wholesale","url":"https:\/\/ruishengglassco.com\/product\/rs004-empty-wine-bottles-wholesale","name":"Empty Wine Bottles Supplier | China Wine Bottle Manufacturer","isPartOf":{"@id":"https:\/\/ruishengglassco.com\/#website"},"datePublished":"2025-03-15T14:35:19+00:00","dateModified":"2025-09-11T08:22:44+00:00","description":"Ruisheng glass, top China Wine Bottle Manufacturer, provide Empty Wine Bottles Wholesale at factory outlet price. Quality Asurance&Save Cost.","breadcrumb":{"@id":"https:\/\/ruishengglassco.com\/product\/rs004-empty-wine-bottles-wholesale#breadcrumb"},"inLanguage":"tr","potentialAction":[{"@type":"ReadAction","target":["https:\/\/ruishengglassco.com\/product\/rs004-empty-wine-bottles-wholesale"]}]},{"@type":"BreadcrumbList","@id":"https:\/\/ruishengglassco.com\/product\/rs004-empty-wine-bottles-wholesale#breadcrumb","itemListElement":[{"@type":"ListItem","position":1,"name":"Home","item":"https:\/\/ruishengglassco.com\/"},{"@type":"ListItem","position":2,"name":"Products","item":"https:\/\/ruishengglassco.com\/products"},{"@type":"ListItem","position":3,"name":"RS004 Empty Wine Bottles"}]},{"@type":"WebSite","@id":"https:\/\/ruishengglassco.com\/#website","url":"https:\/\/ruishengglassco.com\/","name":"Ruisheng Glass","description":"","publisher":{"@id":"https:\/\/ruishengglassco.com\/#organization"},"potentialAction":[{"@type":"SearchAction","target":{"@type":"EntryPoint","urlTemplate":"https:\/\/ruishengglassco.com\/?s={search_term_string}"},"query-input":"required name=search_term_string"}],"inLanguage":"tr"},{"@type":"Organization","@id":"https:\/\/ruishengglassco.com\/#organization","name":"Shandong Yuncheng Ruisheng Glass Co., Ltd","url":"https:\/\/ruishengglassco.com\/","logo":{"@type":"ImageObject","inLanguage":"tr","@id":"https:\/\/ruishengglassco.com\/#\/schema\/logo\/image\/","url":"https:\/\/ruishengglassco.com\/wp-content\/uploads\/2023\/09\/ruisheng_logo_icon.webp","contentUrl":"https:\/\/ruishengglassco.com\/wp-content\/uploads\/2023\/09\/ruisheng_logo_icon.webp","width":400,"height":233,"caption":"Shandong Yuncheng Ruisheng Glass Co., Ltd"},"image":{"@id":"https:\/\/ruishengglassco.com\/#\/schema\/logo\/image\/"},"sameAs":["https:\/\/www.facebook.com\/ruishengglassbottles","https:\/\/www.instagram.com\/Ruishengglassbottlewholesales\/","https:\/\/www.youtube.com\/channel\/UCMmbMNGwsL-XrtjfSFLCdVQ"]}]}},"_links":{"self":[{"href":"https:\/\/ruishengglassco.com\/tr\/wp-json\/wp\/v2\/product\/4388","targetHints":{"allow":["GET"]}}],"collection":[{"href":"https:\/\/ruishengglassco.com\/tr\/wp-json\/wp\/v2\/product"}],"about":[{"href":"https:\/\/ruishengglassco.com\/tr\/wp-json\/wp\/v2\/types\/product"}],"replies":[{"embeddable":true,"href":"https:\/\/ruishengglassco.com\/tr\/wp-json\/wp\/v2\/comments?post=4388"}],"wp:featuredmedia":[{"embeddable":true,"href":"https:\/\/ruishengglassco.com\/tr\/wp-json\/wp\/v2\/media\/4389"}],"wp:attachment":[{"href":"https:\/\/ruishengglassco.com\/tr\/wp-json\/wp\/v2\/media?parent=4388"}],"wp:term":[{"taxonomy":"product_cat","embeddable":true,"href":"https:\/\/ruishengglassco.com\/tr\/wp-json\/wp\/v2\/product_cat?post=4388"}],"curies":[{"name":"wp","href":"https:\/\/api.w.org\/{rel}","templated":true}]}}