{"id":4382,"date":"2025-03-15T22:29:44","date_gmt":"2025-03-15T14:29:44","guid":{"rendered":"https:\/\/ruishengglassco.com\/?post_type=product&#038;p=4382"},"modified":"2025-07-17T15:09:29","modified_gmt":"2025-07-17T07:09:29","slug":"rs007-750ml-bordo-sise-sarap-sisesi-tedarikcisi","status":"publish","type":"product","link":"https:\/\/ruishengglassco.com\/tr\/urun\/rs007-750ml-bordo-sise-sarap-sisesi-tedarikcisi","title":{"rendered":"RS007: 750ml Bordo \u015ei\u015fe \u015earap \u015ei\u015fesi Tedarik\u00e7isi"},"content":{"rendered":"<h2>750ml Bo\u015f \u015earap \u015ei\u015feleri Toptan Sat\u0131\u015f Hakk\u0131nda Detayl\u0131 Bilgi<\/h2>\n<p><span data-preserver-spaces=\"true\">750ml bordo \u015fi\u015felerden olu\u015fan bu seri <\/span><span data-preserver-spaces=\"true\">var<\/span><span data-preserver-spaces=\"true\"> Uzun bir boyun ve belirgin e\u011fimli omuzlar, <\/span><span data-preserver-spaces=\"true\">ki bu da<\/span><span data-preserver-spaces=\"true\"> cam \u00fcreticileri i\u00e7in \u00fcretmesi \u00e7ok kolay.<\/span><span data-preserver-spaces=\"true\"> Bu \u015fi\u015fenin standart hacmi, insan akci\u011ferlerinin ortalama ekshalasyon hacmi olan 750 ml'dir.<\/span><\/p>\n<p><span data-preserver-spaces=\"true\">750ml bo\u015f \u015farap \u015fi\u015felerimiz <\/span><span data-preserver-spaces=\"true\">Toptan sat\u0131\u015f<\/span> <span data-preserver-spaces=\"true\">yap\u0131l\u0131r<\/span><span data-preserver-spaces=\"true\"> kur\u015funsuz <\/span><span data-preserver-spaces=\"true\">s\u00fcper \u00e7akmakta\u015f\u0131<\/span><span data-preserver-spaces=\"true\"> Cam \u015fi\u015felerimizi berrak, g\u00fczel ve \u00e7evre dostu yapan cam malzeme.<\/span><span data-preserver-spaces=\"true\"> Profesyonel bir \u015farap \u015fi\u015fesi \u00fcreticisi ve tedarik\u00e7isi olarak, m\u00fc\u015fterilerimiz i\u00e7in OEM \/ ODM \/ \u00f6zelle\u015ftirilmi\u015f cam \u015fi\u015fe hizmetleri sunuyoruz.<\/span><\/p>\n<ul>\n<li><span data-preserver-spaces=\"true\">\u00dcr\u00fcn: 750ml Bordo \u015ei\u015fe \u015earap \u015ei\u015fesi<\/span><\/li>\n<li><span data-preserver-spaces=\"true\">\u00dcretici firma: Ruisheng Cam \u015ei\u015fe<\/span><\/li>\n<li><span data-preserver-spaces=\"true\">Numara: RS007<\/span><\/li>\n<li><span data-preserver-spaces=\"true\">Kapasite: 500ml, 700ml, 750ml, 1000ml, 2L veya \u00f6zelle\u015ftirilmi\u015f hizmet<\/span><\/li>\n<li><span data-preserver-spaces=\"true\">Malzeme: S\u00fcper \u00e7akmakta\u015f\u0131 cam malzeme, Kristal beyaz cam malzeme, Pahal\u0131 beyaz cam malzeme<\/span><\/li>\n<li><span data-preserver-spaces=\"true\">Kullan\u0131m \u015eekli Cam \u015earap \u015ei\u015fesi<\/span><\/li>\n<li><span data-preserver-spaces=\"true\">Y\u00fczey: Don, \u00e7\u0131kartma, boyama, s\u0131cak damgalama, kabartmal\u0131, bask\u0131, alt\u0131n, serigrafi<\/span><\/li>\n<li><span data-preserver-spaces=\"true\">Logo: Kabul Edilebilir M\u00fc\u015fteri Logosu<\/span><\/li>\n<li><span data-preserver-spaces=\"true\">\u00d6rnek:<\/span>\n<ul>\n<li><span data-preserver-spaces=\"true\">Kal\u0131p yap\u0131m\u0131<\/span><\/li>\n<li><span data-preserver-spaces=\"true\">Mevcut k\u00fcften ar\u0131nd\u0131r\u0131lm\u0131\u015f<\/span><\/li>\n<li><span data-preserver-spaces=\"true\">Kelimeler veya tasar\u0131m\u0131n\u0131z olarak<\/span><\/li>\n<\/ul>\n<\/li>\n<li><span data-preserver-spaces=\"true\">Paket: Standart ihracat kartonu veya palet ambalaj\u0131, FGC kutu ambalaj\u0131<\/span><\/li>\n<li><span data-preserver-spaces=\"true\">Teslim s\u00fcresi: Sipari\u015fin onaylanmas\u0131ndan sonra 20-30 g\u00fcn<\/span><\/li>\n<\/ul>","protected":false},"excerpt":{"rendered":"<p><span data-preserver-spaces=\"true\">Ruisheng en iyi \u015farap \u015fi\u015fesi \u00fcreticisidir. Toptan fiyatlarla y\u00fcksek kaliteli bo\u015f \u015farap \u015fi\u015feleri sunarlar. M\u00fc\u015fterileri aras\u0131nda \u015farap imalathaneleri, \u015farap \u015firketleri, i\u00e7ecek paketleme firmalar\u0131, cam \u015fi\u015fe toptanc\u0131lar\u0131 ve daha fazlas\u0131 bulunmaktad\u0131r.<\/span><\/p>\n<p><span data-preserver-spaces=\"true\">Foto\u011frafta g\u00f6sterilen \u015farap \u015fi\u015fesi, k\u0131rm\u0131z\u0131 \u015farap i\u00e7in klasik cam \u015fi\u015felerden biri olan Burgundy \u015ei\u015fesidir. Ve \u00e7o\u011funlukla Chardonnay, Sauvignon Blanc ve Pinot Noir i\u00e7in kullan\u0131l\u0131r.  \u0130\u015fte bo\u015f \u015farap \u015fi\u015feleri toptan sat\u0131\u015f\u0131 hakk\u0131nda baz\u0131 sipari\u015f bilgileri:<\/span><\/p>\n<p><strong><span data-preserver-spaces=\"true\">-M\u0130KTAR: 10000 ADET (Yakla\u015f\u0131k 10000-20000 adet)<\/span><\/strong><\/p>\n<p><span data-preserver-spaces=\"true\">-\u00dccretsiz Numune Sunulan \u00d6zel Hizmet<\/span><\/p>\n<p><span data-preserver-spaces=\"true\">-K\u00fcresel Nakliye+30 G\u00fcn \u0130\u00e7inde Teslimat<\/span><\/p>\n<p><span data-preserver-spaces=\"true\">E\u011fer sen <\/span><span data-preserver-spaces=\"true\">ba\u015flamak istiyorum<\/span><span data-preserver-spaces=\"true\"> sizin i\u015finiz <\/span><span data-preserver-spaces=\"true\">i\u00e7in<\/span><span data-preserver-spaces=\"true\"> 750ml bo\u015f \u015farap \u015fi\u015feleri toptan sat\u0131\u015f\u0131, l\u00fctfen \u015fimdi bizimle ileti\u015fime ge\u00e7in.<\/span><\/p>","protected":false},"featured_media":4383,"comment_status":"closed","ping_status":"closed","template":"","meta":[],"product_cat":[40],"class_list":{"0":"post-4382","1":"product","2":"type-product","3":"status-publish","4":"has-post-thumbnail","6":"product_cat-750ml-liquor-bottle-manufacturer","8":"first","9":"instock","10":"shipping-taxable","11":"product-type-simple"},"yoast_head":"<!-- This site is optimized with the Yoast SEO plugin v22.0 - https:\/\/yoast.com\/wordpress\/plugins\/seo\/ -->\n<title>Empty Wine Bottles Wholesale | Burgundy Bottle Supplier China<\/title>\n<meta name=\"description\" content=\"Ruisheng, one of the leading Burgundy Bottle manufacturers and suppliers in China, provide empty wine bottles wholesale at cheap price.\" \/>\n<meta name=\"robots\" content=\"index, follow, max-snippet:-1, max-image-preview:large, max-video-preview:-1\" \/>\n<link rel=\"canonical\" href=\"https:\/\/ruishengglassco.com\/tr\/urun\/rs007-750ml-bordo-sise-sarap-sisesi-tedarikcisi\" \/>\n<meta property=\"og:locale\" content=\"tr_TR\" \/>\n<meta property=\"og:type\" content=\"article\" \/>\n<meta property=\"og:title\" content=\"Empty Wine Bottles Wholesale | Burgundy Bottle Supplier China\" \/>\n<meta property=\"og:description\" content=\"Ruisheng, one of the leading Burgundy Bottle manufacturers and suppliers in China, provide empty wine bottles wholesale at cheap price.\" \/>\n<meta property=\"og:url\" content=\"https:\/\/ruishengglassco.com\/tr\/urun\/rs007-750ml-bordo-sise-sarap-sisesi-tedarikcisi\" \/>\n<meta property=\"article:publisher\" content=\"https:\/\/www.facebook.com\/ruishengglassbottles\" \/>\n<meta property=\"article:modified_time\" content=\"2025-07-17T07:09:29+00:00\" \/>\n<meta property=\"og:image\" content=\"https:\/\/ruishengglassco.com\/wp-content\/uploads\/2025\/03\/RS007-750ml-Burgundy-Bottle-Wine-Bottle-Supplier.webp\" \/>\n\t<meta property=\"og:image:width\" content=\"400\" \/>\n\t<meta property=\"og:image:height\" content=\"400\" \/>\n\t<meta property=\"og:image:type\" content=\"image\/webp\" \/>\n<meta name=\"twitter:card\" content=\"summary_large_image\" \/>\n<meta name=\"twitter:label1\" content=\"Tahmini okuma s\u00fcresi\" \/>\n\t<meta name=\"twitter:data1\" content=\"1 dakika\" \/>\n<script type=\"application\/ld+json\" class=\"yoast-schema-graph\">{\"@context\":\"https:\/\/schema.org\",\"@graph\":[{\"@type\":\"WebPage\",\"@id\":\"https:\/\/ruishengglassco.com\/product\/rs007-750ml-burgundy-bottle-wine-bottle-supplier\",\"url\":\"https:\/\/ruishengglassco.com\/product\/rs007-750ml-burgundy-bottle-wine-bottle-supplier\",\"name\":\"Empty Wine Bottles Wholesale | Burgundy Bottle Supplier China\",\"isPartOf\":{\"@id\":\"https:\/\/ruishengglassco.com\/#website\"},\"datePublished\":\"2025-03-15T14:29:44+00:00\",\"dateModified\":\"2025-07-17T07:09:29+00:00\",\"description\":\"Ruisheng, one of the leading Burgundy Bottle manufacturers and suppliers in China, provide empty wine bottles wholesale at cheap price.\",\"breadcrumb\":{\"@id\":\"https:\/\/ruishengglassco.com\/product\/rs007-750ml-burgundy-bottle-wine-bottle-supplier#breadcrumb\"},\"inLanguage\":\"tr\",\"potentialAction\":[{\"@type\":\"ReadAction\",\"target\":[\"https:\/\/ruishengglassco.com\/product\/rs007-750ml-burgundy-bottle-wine-bottle-supplier\"]}]},{\"@type\":\"BreadcrumbList\",\"@id\":\"https:\/\/ruishengglassco.com\/product\/rs007-750ml-burgundy-bottle-wine-bottle-supplier#breadcrumb\",\"itemListElement\":[{\"@type\":\"ListItem\",\"position\":1,\"name\":\"Home\",\"item\":\"https:\/\/ruishengglassco.com\/\"},{\"@type\":\"ListItem\",\"position\":2,\"name\":\"Products\",\"item\":\"https:\/\/ruishengglassco.com\/products\"},{\"@type\":\"ListItem\",\"position\":3,\"name\":\"RS007: 750ml Burgundy Bottle Wine Bottle Supplier\"}]},{\"@type\":\"WebSite\",\"@id\":\"https:\/\/ruishengglassco.com\/#website\",\"url\":\"https:\/\/ruishengglassco.com\/\",\"name\":\"Ruisheng Glass\",\"description\":\"\",\"publisher\":{\"@id\":\"https:\/\/ruishengglassco.com\/#organization\"},\"potentialAction\":[{\"@type\":\"SearchAction\",\"target\":{\"@type\":\"EntryPoint\",\"urlTemplate\":\"https:\/\/ruishengglassco.com\/?s={search_term_string}\"},\"query-input\":\"required name=search_term_string\"}],\"inLanguage\":\"tr\"},{\"@type\":\"Organization\",\"@id\":\"https:\/\/ruishengglassco.com\/#organization\",\"name\":\"Shandong Yuncheng Ruisheng Glass Co., Ltd\",\"url\":\"https:\/\/ruishengglassco.com\/\",\"logo\":{\"@type\":\"ImageObject\",\"inLanguage\":\"tr\",\"@id\":\"https:\/\/ruishengglassco.com\/#\/schema\/logo\/image\/\",\"url\":\"https:\/\/ruishengglassco.com\/wp-content\/uploads\/2023\/09\/ruisheng_logo_icon.webp\",\"contentUrl\":\"https:\/\/ruishengglassco.com\/wp-content\/uploads\/2023\/09\/ruisheng_logo_icon.webp\",\"width\":400,\"height\":233,\"caption\":\"Shandong Yuncheng Ruisheng Glass Co., Ltd\"},\"image\":{\"@id\":\"https:\/\/ruishengglassco.com\/#\/schema\/logo\/image\/\"},\"sameAs\":[\"https:\/\/www.facebook.com\/ruishengglassbottles\",\"https:\/\/www.instagram.com\/Ruishengglassbottlewholesales\/\",\"https:\/\/www.youtube.com\/channel\/UCMmbMNGwsL-XrtjfSFLCdVQ\"]}]}<\/script>\n<!-- \/ Yoast SEO plugin. -->","yoast_head_json":{"title":"Empty Wine Bottles Wholesale | Burgundy Bottle Supplier China","description":"Ruisheng, one of the leading Burgundy Bottle manufacturers and suppliers in China, provide empty wine bottles wholesale at cheap price.","robots":{"index":"index","follow":"follow","max-snippet":"max-snippet:-1","max-image-preview":"max-image-preview:large","max-video-preview":"max-video-preview:-1"},"canonical":"https:\/\/ruishengglassco.com\/tr\/urun\/rs007-750ml-bordo-sise-sarap-sisesi-tedarikcisi","og_locale":"tr_TR","og_type":"article","og_title":"Empty Wine Bottles Wholesale | Burgundy Bottle Supplier China","og_description":"Ruisheng, one of the leading Burgundy Bottle manufacturers and suppliers in China, provide empty wine bottles wholesale at cheap price.","og_url":"https:\/\/ruishengglassco.com\/tr\/urun\/rs007-750ml-bordo-sise-sarap-sisesi-tedarikcisi","article_publisher":"https:\/\/www.facebook.com\/ruishengglassbottles","article_modified_time":"2025-07-17T07:09:29+00:00","og_image":[{"width":400,"height":400,"url":"https:\/\/ruishengglassco.com\/wp-content\/uploads\/2025\/03\/RS007-750ml-Burgundy-Bottle-Wine-Bottle-Supplier.webp","type":"image\/webp"}],"twitter_card":"summary_large_image","twitter_misc":{"Tahmini okuma s\u00fcresi":"1 dakika"},"schema":{"@context":"https:\/\/schema.org","@graph":[{"@type":"WebPage","@id":"https:\/\/ruishengglassco.com\/product\/rs007-750ml-burgundy-bottle-wine-bottle-supplier","url":"https:\/\/ruishengglassco.com\/product\/rs007-750ml-burgundy-bottle-wine-bottle-supplier","name":"Empty Wine Bottles Wholesale | Burgundy Bottle Supplier China","isPartOf":{"@id":"https:\/\/ruishengglassco.com\/#website"},"datePublished":"2025-03-15T14:29:44+00:00","dateModified":"2025-07-17T07:09:29+00:00","description":"Ruisheng, one of the leading Burgundy Bottle manufacturers and suppliers in China, provide empty wine bottles wholesale at cheap price.","breadcrumb":{"@id":"https:\/\/ruishengglassco.com\/product\/rs007-750ml-burgundy-bottle-wine-bottle-supplier#breadcrumb"},"inLanguage":"tr","potentialAction":[{"@type":"ReadAction","target":["https:\/\/ruishengglassco.com\/product\/rs007-750ml-burgundy-bottle-wine-bottle-supplier"]}]},{"@type":"BreadcrumbList","@id":"https:\/\/ruishengglassco.com\/product\/rs007-750ml-burgundy-bottle-wine-bottle-supplier#breadcrumb","itemListElement":[{"@type":"ListItem","position":1,"name":"Home","item":"https:\/\/ruishengglassco.com\/"},{"@type":"ListItem","position":2,"name":"Products","item":"https:\/\/ruishengglassco.com\/products"},{"@type":"ListItem","position":3,"name":"RS007: 750ml Burgundy Bottle Wine Bottle Supplier"}]},{"@type":"WebSite","@id":"https:\/\/ruishengglassco.com\/#website","url":"https:\/\/ruishengglassco.com\/","name":"Ruisheng Glass","description":"","publisher":{"@id":"https:\/\/ruishengglassco.com\/#organization"},"potentialAction":[{"@type":"SearchAction","target":{"@type":"EntryPoint","urlTemplate":"https:\/\/ruishengglassco.com\/?s={search_term_string}"},"query-input":"required name=search_term_string"}],"inLanguage":"tr"},{"@type":"Organization","@id":"https:\/\/ruishengglassco.com\/#organization","name":"Shandong Yuncheng Ruisheng Glass Co., Ltd","url":"https:\/\/ruishengglassco.com\/","logo":{"@type":"ImageObject","inLanguage":"tr","@id":"https:\/\/ruishengglassco.com\/#\/schema\/logo\/image\/","url":"https:\/\/ruishengglassco.com\/wp-content\/uploads\/2023\/09\/ruisheng_logo_icon.webp","contentUrl":"https:\/\/ruishengglassco.com\/wp-content\/uploads\/2023\/09\/ruisheng_logo_icon.webp","width":400,"height":233,"caption":"Shandong Yuncheng Ruisheng Glass Co., Ltd"},"image":{"@id":"https:\/\/ruishengglassco.com\/#\/schema\/logo\/image\/"},"sameAs":["https:\/\/www.facebook.com\/ruishengglassbottles","https:\/\/www.instagram.com\/Ruishengglassbottlewholesales\/","https:\/\/www.youtube.com\/channel\/UCMmbMNGwsL-XrtjfSFLCdVQ"]}]}},"_links":{"self":[{"href":"https:\/\/ruishengglassco.com\/tr\/wp-json\/wp\/v2\/product\/4382","targetHints":{"allow":["GET"]}}],"collection":[{"href":"https:\/\/ruishengglassco.com\/tr\/wp-json\/wp\/v2\/product"}],"about":[{"href":"https:\/\/ruishengglassco.com\/tr\/wp-json\/wp\/v2\/types\/product"}],"replies":[{"embeddable":true,"href":"https:\/\/ruishengglassco.com\/tr\/wp-json\/wp\/v2\/comments?post=4382"}],"wp:featuredmedia":[{"embeddable":true,"href":"https:\/\/ruishengglassco.com\/tr\/wp-json\/wp\/v2\/media\/4383"}],"wp:attachment":[{"href":"https:\/\/ruishengglassco.com\/tr\/wp-json\/wp\/v2\/media?parent=4382"}],"wp:term":[{"taxonomy":"product_cat","embeddable":true,"href":"https:\/\/ruishengglassco.com\/tr\/wp-json\/wp\/v2\/product_cat?post=4382"}],"curies":[{"name":"wp","href":"https:\/\/api.w.org\/{rel}","templated":true}]}}