{"id":4378,"date":"2025-03-15T22:18:47","date_gmt":"2025-03-15T14:18:47","guid":{"rendered":"https:\/\/ruishengglassco.com\/?post_type=product&#038;p=4378"},"modified":"2025-07-17T15:05:29","modified_gmt":"2025-07-17T07:05:29","slug":"rs009-standart-750ml-bordo-cam-sarap-si%cc%87sesi%cc%87-alintilari","status":"publish","type":"product","link":"https:\/\/ruishengglassco.com\/tr\/urun\/rs009-standart-750ml-bordo-cam-sarap-si%cc%87sesi%cc%87-alintilari","title":{"rendered":"RS009 Standart 750ml Bordo Cam \u015earap \u015ei\u015fesi Al\u0131nt\u0131lar\u0131"},"content":{"rendered":"<h2>Standart 750ml Bordo \u015ei\u015fe Toptan Sat\u0131\u015f Hakk\u0131nda Detayl\u0131 Bilgi<\/h2>\n<ul>\n<li><span data-preserver-spaces=\"true\">\u00dcr\u00fcn: Standart 750ml Bordo \u015ei\u015fe<\/span><\/li>\n<li><span data-preserver-spaces=\"true\">\u00dcretici firma: Ruisheng Cam \u015ei\u015fe<\/span><\/li>\n<li><span data-preserver-spaces=\"true\">Numara: RS009<\/span><\/li>\n<li><span data-preserver-spaces=\"true\">Kapasite: 50ml, 200ml, 300ml, 700ml, 750ml, 1000ml, 2L ve \u00f6zel \u015farap \u015fi\u015fesi servisi<\/span><\/li>\n<li><span data-preserver-spaces=\"true\">S\u0131zd\u0131rmazl\u0131k tipi: Vidal\u0131 \u00dcst<\/span><\/li>\n<li><span data-preserver-spaces=\"true\">Malzeme: S\u00fcper \u00e7akmakta\u015f\u0131 cam malzeme, Kristal beyaz cam malzeme, Pahal\u0131 beyaz cam malzeme<\/span><\/li>\n<li><span data-preserver-spaces=\"true\">Kullan\u0131m \u015eekli Cam \u015earap \u015ei\u015fesi<\/span><\/li>\n<li><span data-preserver-spaces=\"true\">Y\u00fczey: Don, \u00e7\u0131kartma, boyama, s\u0131cak damgalama, kabartmal\u0131, bask\u0131, alt\u0131n, serigrafi<\/span><\/li>\n<li><span data-preserver-spaces=\"true\">Logo: Kabul Edilebilir M\u00fc\u015fteri Logosu<\/span><\/li>\n<li><span data-preserver-spaces=\"true\">\u00d6rnek:<\/span>\n<ul>\n<li><span data-preserver-spaces=\"true\">Kal\u0131p yap\u0131m\u0131<\/span><\/li>\n<li><span data-preserver-spaces=\"true\">Mevcut k\u00fcften ar\u0131nd\u0131r\u0131lm\u0131\u015f<\/span><\/li>\n<li><span data-preserver-spaces=\"true\">Kelimeler veya tasar\u0131m\u0131n\u0131z olarak<\/span><\/li>\n<\/ul>\n<\/li>\n<li style=\"list-style-type: none;\">\n<ul>\n<li><span data-preserver-spaces=\"true\">Paket: Standart ihracat kartonu veya palet ambalaj\u0131, FGC kutu ambalaj\u0131<\/span><\/li>\n<li><span data-preserver-spaces=\"true\">Teslim s\u00fcresi: Sipari\u015fin onaylanmas\u0131ndan sonra 20-30 g\u00fcn<\/span><\/li>\n<\/ul>\n<\/li>\n<\/ul>\n<p><img decoding=\"async\" class=\"aligncenter wp-image-1556 size-full\" src=\"https:\/\/glassbottlewholesale.com\/wp-content\/uploads\/2019\/11\/custom-glass-bottle-manufacturing.png\" alt=\"cam \u015fi\u0307\u015fe \u00fcreti\u0307m s\u00fcreci\u0307\" width=\"863\" height=\"881\" \/><\/p>\n<p>Standart Bordeaux \u015ei\u015felerinin profesyonel bir \u00fcreticisiyiz. Firmam\u0131z OEM, ODM ve \u00f6zelle\u015ftirilmi\u015f cam \u015fi\u015fe hizmetleri sunmaktad\u0131r. Firmam\u0131zda bulunan \u00fccretsiz kal\u0131plar aras\u0131ndan se\u00e7im yapabilir veya bize tasar\u0131m taslaklar\u0131 veya foto\u011fraflar g\u00f6nderebilirsiniz.<\/p>\n<p>Standart Bordo \u015ei\u015fe toptan sat\u0131\u015f\u0131 hakk\u0131nda daha fazla bilgi almak istiyorsan\u0131z, l\u00fctfen bizimle buradan ileti\u015fime ge\u00e7in.<\/p>","protected":false},"excerpt":{"rendered":"<p><span data-preserver-spaces=\"true\">Toplu \u015farap \u015fi\u015fesi sat\u0131n almak ister misiniz? <\/span><span data-preserver-spaces=\"true\">Burada, standart 750 ml'lik toptan \u015farap \u015fi\u015felerimiz <\/span><span data-preserver-spaces=\"true\">olacak<\/span><span data-preserver-spaces=\"true\"> ihtiyac\u0131n\u0131z\u0131 kar\u015f\u0131lay\u0131n<\/span><span data-preserver-spaces=\"true\">s!<\/span><\/p>\n<p><span data-preserver-spaces=\"true\">Profesyonel bir cam Bordeaux \u015fi\u015fesi \u00fcreticisi olan Ruisheng Glass. 10 y\u0131l\u0131 a\u015fk\u0131n s\u00fcredir \u015farap \u015fi\u015fesi tasar\u0131m\u0131 ve \u00fcretimine odaklanm\u0131\u015ft\u0131r. <\/span><span data-preserver-spaces=\"true\">Ayr\u0131ca<\/span><span data-preserver-spaces=\"true\">, biz <\/span><span data-preserver-spaces=\"true\">sa\u011flamak<\/span><span data-preserver-spaces=\"true\"> OEM\/ODM\/\u00f6zelle\u015ftirilmi\u015f cam \u015fi\u015fe <\/span><span data-preserver-spaces=\"true\">i\u00e7in hizmet<\/span><span data-preserver-spaces=\"true\"> m\u00fc\u015fterilerimiz.<\/span><\/p>\n<p><span data-preserver-spaces=\"true\">Bordeaux, \u015farap ambalaj\u0131 i\u00e7in en yayg\u0131n \u015fi\u015fedir. D\u00fcnya \u00e7ap\u0131nda \u00e7ok pop\u00fclerdir. D\u00fcz kenarlar\u0131 ve belirgin, y\u00fcksek omuzlar\u0131 vard\u0131r ve \u00e7e\u015fitli renklerde bulunabilir. K\u0131rm\u0131z\u0131 \u015faraplar tipik olarak koyu ye\u015fil veya kahverengi camlarda \u015fi\u015felenir. <\/span><span data-preserver-spaces=\"true\">koruma sa\u011flamak<\/span><span data-preserver-spaces=\"true\"> Ya\u015fland\u0131k\u00e7a g\u00fcne\u015ften korunurlar.<\/span><\/p>\n<p><span data-preserver-spaces=\"true\">\u0130\u015fte \u015firketimizden toplu olarak \u015farap \u015fi\u015feleri sat\u0131n alma sipari\u015finizle ilgili baz\u0131 bilgiler:<\/span><\/p>\n<p><strong><span data-preserver-spaces=\"true\">-M\u0130KTAR: 10000 ADET (Yakla\u015f\u0131k 10000 adet)<\/span><\/strong><\/p>\n<p><span data-preserver-spaces=\"true\">-\u00dccretsiz \u00d6rnek Sunulmaktad\u0131r. OEM \/ ODM Mevcut<\/span><\/p>\n<p><span data-preserver-spaces=\"true\">-7 g\u00fcn i\u00e7inde \u00fccretsiz numune teslimat\u0131; sipari\u015f onay\u0131ndan sonra 30 g\u00fcn i\u00e7inde toplu sipari\u015f teslimat\u0131.<\/span><\/p>","protected":false},"featured_media":4379,"comment_status":"closed","ping_status":"closed","template":"","meta":[],"product_cat":[40],"class_list":{"0":"post-4378","1":"product","2":"type-product","3":"status-publish","4":"has-post-thumbnail","6":"product_cat-750ml-liquor-bottle-manufacturer","8":"first","9":"instock","10":"shipping-taxable","11":"product-type-simple"},"yoast_head":"<!-- This site is optimized with the Yoast SEO plugin v22.0 - https:\/\/yoast.com\/wordpress\/plugins\/seo\/ -->\n<title>Buy Wine Bottles in Bulk | Standard Bordeaux Bottle Manufacturer<\/title>\n<meta name=\"description\" content=\"Want to buy wine bottles in bulk? Click here to get 750ml wine bottles wholesale from Standard Bordeaux Bottle Manufacturer.\" \/>\n<meta name=\"robots\" content=\"index, follow, max-snippet:-1, max-image-preview:large, max-video-preview:-1\" \/>\n<link rel=\"canonical\" href=\"https:\/\/ruishengglassco.com\/tr\/urun\/rs009-standart-750ml-bordo-cam-sarap-si\u0307sesi\u0307-alintilari\" \/>\n<meta property=\"og:locale\" content=\"tr_TR\" \/>\n<meta property=\"og:type\" content=\"article\" \/>\n<meta property=\"og:title\" content=\"Buy Wine Bottles in Bulk | Standard Bordeaux Bottle Manufacturer\" \/>\n<meta property=\"og:description\" content=\"Want to buy wine bottles in bulk? Click here to get 750ml wine bottles wholesale from Standard Bordeaux Bottle Manufacturer.\" \/>\n<meta property=\"og:url\" content=\"https:\/\/ruishengglassco.com\/tr\/urun\/rs009-standart-750ml-bordo-cam-sarap-si\u0307sesi\u0307-alintilari\" \/>\n<meta property=\"article:publisher\" content=\"https:\/\/www.facebook.com\/ruishengglassbottles\" \/>\n<meta property=\"article:modified_time\" content=\"2025-07-17T07:05:29+00:00\" \/>\n<meta property=\"og:image\" content=\"https:\/\/ruishengglassco.com\/wp-content\/uploads\/2025\/03\/RS009-Standard-750ml-Bordeaux-Glass-Wine-Bottle-Quotes.webp\" \/>\n\t<meta property=\"og:image:width\" content=\"500\" \/>\n\t<meta property=\"og:image:height\" content=\"500\" \/>\n\t<meta property=\"og:image:type\" content=\"image\/webp\" \/>\n<meta name=\"twitter:card\" content=\"summary_large_image\" \/>\n<meta name=\"twitter:label1\" content=\"Tahmini okuma s\u00fcresi\" \/>\n\t<meta name=\"twitter:data1\" content=\"2 dakika\" \/>\n<script type=\"application\/ld+json\" class=\"yoast-schema-graph\">{\"@context\":\"https:\/\/schema.org\",\"@graph\":[{\"@type\":\"WebPage\",\"@id\":\"https:\/\/ruishengglassco.com\/product\/rs009-standard-750ml-bordeaux-glass-wine-bottle-quotes\",\"url\":\"https:\/\/ruishengglassco.com\/product\/rs009-standard-750ml-bordeaux-glass-wine-bottle-quotes\",\"name\":\"Buy Wine Bottles in Bulk | Standard Bordeaux Bottle Manufacturer\",\"isPartOf\":{\"@id\":\"https:\/\/ruishengglassco.com\/#website\"},\"datePublished\":\"2025-03-15T14:18:47+00:00\",\"dateModified\":\"2025-07-17T07:05:29+00:00\",\"description\":\"Want to buy wine bottles in bulk? Click here to get 750ml wine bottles wholesale from Standard Bordeaux Bottle Manufacturer.\",\"breadcrumb\":{\"@id\":\"https:\/\/ruishengglassco.com\/product\/rs009-standard-750ml-bordeaux-glass-wine-bottle-quotes#breadcrumb\"},\"inLanguage\":\"tr\",\"potentialAction\":[{\"@type\":\"ReadAction\",\"target\":[\"https:\/\/ruishengglassco.com\/product\/rs009-standard-750ml-bordeaux-glass-wine-bottle-quotes\"]}]},{\"@type\":\"BreadcrumbList\",\"@id\":\"https:\/\/ruishengglassco.com\/product\/rs009-standard-750ml-bordeaux-glass-wine-bottle-quotes#breadcrumb\",\"itemListElement\":[{\"@type\":\"ListItem\",\"position\":1,\"name\":\"Home\",\"item\":\"https:\/\/ruishengglassco.com\/\"},{\"@type\":\"ListItem\",\"position\":2,\"name\":\"Products\",\"item\":\"https:\/\/ruishengglassco.com\/products\"},{\"@type\":\"ListItem\",\"position\":3,\"name\":\"RS009 Standard 750ml Bordeaux Glass Wine Bottle Quotes\"}]},{\"@type\":\"WebSite\",\"@id\":\"https:\/\/ruishengglassco.com\/#website\",\"url\":\"https:\/\/ruishengglassco.com\/\",\"name\":\"Ruisheng Glass\",\"description\":\"\",\"publisher\":{\"@id\":\"https:\/\/ruishengglassco.com\/#organization\"},\"potentialAction\":[{\"@type\":\"SearchAction\",\"target\":{\"@type\":\"EntryPoint\",\"urlTemplate\":\"https:\/\/ruishengglassco.com\/?s={search_term_string}\"},\"query-input\":\"required name=search_term_string\"}],\"inLanguage\":\"tr\"},{\"@type\":\"Organization\",\"@id\":\"https:\/\/ruishengglassco.com\/#organization\",\"name\":\"Shandong Yuncheng Ruisheng Glass Co., Ltd\",\"url\":\"https:\/\/ruishengglassco.com\/\",\"logo\":{\"@type\":\"ImageObject\",\"inLanguage\":\"tr\",\"@id\":\"https:\/\/ruishengglassco.com\/#\/schema\/logo\/image\/\",\"url\":\"https:\/\/ruishengglassco.com\/wp-content\/uploads\/2023\/09\/ruisheng_logo_icon.webp\",\"contentUrl\":\"https:\/\/ruishengglassco.com\/wp-content\/uploads\/2023\/09\/ruisheng_logo_icon.webp\",\"width\":400,\"height\":233,\"caption\":\"Shandong Yuncheng Ruisheng Glass Co., Ltd\"},\"image\":{\"@id\":\"https:\/\/ruishengglassco.com\/#\/schema\/logo\/image\/\"},\"sameAs\":[\"https:\/\/www.facebook.com\/ruishengglassbottles\",\"https:\/\/www.instagram.com\/Ruishengglassbottlewholesales\/\",\"https:\/\/www.youtube.com\/channel\/UCMmbMNGwsL-XrtjfSFLCdVQ\"]}]}<\/script>\n<!-- \/ Yoast SEO plugin. -->","yoast_head_json":{"title":"Buy Wine Bottles in Bulk | Standard Bordeaux Bottle Manufacturer","description":"Want to buy wine bottles in bulk? Click here to get 750ml wine bottles wholesale from Standard Bordeaux Bottle Manufacturer.","robots":{"index":"index","follow":"follow","max-snippet":"max-snippet:-1","max-image-preview":"max-image-preview:large","max-video-preview":"max-video-preview:-1"},"canonical":"https:\/\/ruishengglassco.com\/tr\/urun\/rs009-standart-750ml-bordo-cam-sarap-si\u0307sesi\u0307-alintilari","og_locale":"tr_TR","og_type":"article","og_title":"Buy Wine Bottles in Bulk | Standard Bordeaux Bottle Manufacturer","og_description":"Want to buy wine bottles in bulk? Click here to get 750ml wine bottles wholesale from Standard Bordeaux Bottle Manufacturer.","og_url":"https:\/\/ruishengglassco.com\/tr\/urun\/rs009-standart-750ml-bordo-cam-sarap-si\u0307sesi\u0307-alintilari","article_publisher":"https:\/\/www.facebook.com\/ruishengglassbottles","article_modified_time":"2025-07-17T07:05:29+00:00","og_image":[{"width":500,"height":500,"url":"https:\/\/ruishengglassco.com\/wp-content\/uploads\/2025\/03\/RS009-Standard-750ml-Bordeaux-Glass-Wine-Bottle-Quotes.webp","type":"image\/webp"}],"twitter_card":"summary_large_image","twitter_misc":{"Tahmini okuma s\u00fcresi":"2 dakika"},"schema":{"@context":"https:\/\/schema.org","@graph":[{"@type":"WebPage","@id":"https:\/\/ruishengglassco.com\/product\/rs009-standard-750ml-bordeaux-glass-wine-bottle-quotes","url":"https:\/\/ruishengglassco.com\/product\/rs009-standard-750ml-bordeaux-glass-wine-bottle-quotes","name":"Buy Wine Bottles in Bulk | Standard Bordeaux Bottle Manufacturer","isPartOf":{"@id":"https:\/\/ruishengglassco.com\/#website"},"datePublished":"2025-03-15T14:18:47+00:00","dateModified":"2025-07-17T07:05:29+00:00","description":"Want to buy wine bottles in bulk? Click here to get 750ml wine bottles wholesale from Standard Bordeaux Bottle Manufacturer.","breadcrumb":{"@id":"https:\/\/ruishengglassco.com\/product\/rs009-standard-750ml-bordeaux-glass-wine-bottle-quotes#breadcrumb"},"inLanguage":"tr","potentialAction":[{"@type":"ReadAction","target":["https:\/\/ruishengglassco.com\/product\/rs009-standard-750ml-bordeaux-glass-wine-bottle-quotes"]}]},{"@type":"BreadcrumbList","@id":"https:\/\/ruishengglassco.com\/product\/rs009-standard-750ml-bordeaux-glass-wine-bottle-quotes#breadcrumb","itemListElement":[{"@type":"ListItem","position":1,"name":"Home","item":"https:\/\/ruishengglassco.com\/"},{"@type":"ListItem","position":2,"name":"Products","item":"https:\/\/ruishengglassco.com\/products"},{"@type":"ListItem","position":3,"name":"RS009 Standard 750ml Bordeaux Glass Wine Bottle Quotes"}]},{"@type":"WebSite","@id":"https:\/\/ruishengglassco.com\/#website","url":"https:\/\/ruishengglassco.com\/","name":"Ruisheng Glass","description":"","publisher":{"@id":"https:\/\/ruishengglassco.com\/#organization"},"potentialAction":[{"@type":"SearchAction","target":{"@type":"EntryPoint","urlTemplate":"https:\/\/ruishengglassco.com\/?s={search_term_string}"},"query-input":"required name=search_term_string"}],"inLanguage":"tr"},{"@type":"Organization","@id":"https:\/\/ruishengglassco.com\/#organization","name":"Shandong Yuncheng Ruisheng Glass Co., Ltd","url":"https:\/\/ruishengglassco.com\/","logo":{"@type":"ImageObject","inLanguage":"tr","@id":"https:\/\/ruishengglassco.com\/#\/schema\/logo\/image\/","url":"https:\/\/ruishengglassco.com\/wp-content\/uploads\/2023\/09\/ruisheng_logo_icon.webp","contentUrl":"https:\/\/ruishengglassco.com\/wp-content\/uploads\/2023\/09\/ruisheng_logo_icon.webp","width":400,"height":233,"caption":"Shandong Yuncheng Ruisheng Glass Co., Ltd"},"image":{"@id":"https:\/\/ruishengglassco.com\/#\/schema\/logo\/image\/"},"sameAs":["https:\/\/www.facebook.com\/ruishengglassbottles","https:\/\/www.instagram.com\/Ruishengglassbottlewholesales\/","https:\/\/www.youtube.com\/channel\/UCMmbMNGwsL-XrtjfSFLCdVQ"]}]}},"_links":{"self":[{"href":"https:\/\/ruishengglassco.com\/tr\/wp-json\/wp\/v2\/product\/4378","targetHints":{"allow":["GET"]}}],"collection":[{"href":"https:\/\/ruishengglassco.com\/tr\/wp-json\/wp\/v2\/product"}],"about":[{"href":"https:\/\/ruishengglassco.com\/tr\/wp-json\/wp\/v2\/types\/product"}],"replies":[{"embeddable":true,"href":"https:\/\/ruishengglassco.com\/tr\/wp-json\/wp\/v2\/comments?post=4378"}],"wp:featuredmedia":[{"embeddable":true,"href":"https:\/\/ruishengglassco.com\/tr\/wp-json\/wp\/v2\/media\/4379"}],"wp:attachment":[{"href":"https:\/\/ruishengglassco.com\/tr\/wp-json\/wp\/v2\/media?parent=4378"}],"wp:term":[{"taxonomy":"product_cat","embeddable":true,"href":"https:\/\/ruishengglassco.com\/tr\/wp-json\/wp\/v2\/product_cat?post=4378"}],"curies":[{"name":"wp","href":"https:\/\/api.w.org\/{rel}","templated":true}]}}