{"id":4376,"date":"2025-03-15T22:15:46","date_gmt":"2025-03-15T14:15:46","guid":{"rendered":"https:\/\/ruishengglassco.com\/?post_type=product&#038;p=4376"},"modified":"2025-09-11T16:34:19","modified_gmt":"2025-09-11T08:34:19","slug":"rs010-standart-750ml-sarap-si%cc%87seleri%cc%87-toptan-satisi","status":"publish","type":"product","link":"https:\/\/ruishengglassco.com\/tr\/urun\/rs010-standart-750ml-sarap-si%cc%87seleri%cc%87-toptan-satisi","title":{"rendered":"RS010: Standart 750ml \u015earap \u015ei\u015feleri"},"content":{"rendered":"<h2>Standart 750ml \u015earap \u015ei\u015feleri Hakk\u0131nda Detayl\u0131 Bilgi<\/h2>\n<p><span data-preserver-spaces=\"true\">Bu toptan 750ml \u015farap \u015fi\u015fesi serisi, \u015farap ambalaj\u0131nda \u00e7ok yayg\u0131n olan klasik bir Bordeaux \u015fi\u015fesidir. <\/span><span data-preserver-spaces=\"true\">Yuvarlak, d\u00fcz kenarlara sahiptir<\/span><span data-preserver-spaces=\"true\">, <\/span><span data-preserver-spaces=\"true\">kolay etiketlemeye olanak tan\u0131r ve delikli alt k\u0131s\u0131m raf \u00e7ekicili\u011fini art\u0131rmak i\u00e7in temiz, klasik bir g\u00f6r\u00fcn\u00fcm sa\u011flar.<\/span><span data-preserver-spaces=\"true\"> Ye\u015fil ve kahverengi cam \u015farap \u015fi\u015fesi <\/span><span data-preserver-spaces=\"true\">teklif edilir<\/span><span data-preserver-spaces=\"true\">.<\/span><\/p>\n<p><span data-preserver-spaces=\"true\">Ruisheng bo\u015f \u015farap \u015fi\u015fesi tedarik etme konusunda bir profesyonel. <\/span><span data-preserver-spaces=\"true\">Biz teklif ediyoruz <\/span><span data-preserver-spaces=\"true\">\u00e7e\u015fitli<\/span><span data-preserver-spaces=\"true\"> \u015farap, viski, brendi ve votka dahil olmak \u00fczere cam lik\u00f6r \u015fi\u015feleri <\/span><span data-preserver-spaces=\"true\">\u015fi\u015feler<\/span><span data-preserver-spaces=\"true\">.<\/span><span data-preserver-spaces=\"true\"> Bir \u015farap \u015fi\u015fesi \u00fcreticisi olarak, \u015farap imalathaneleri, i\u00e7ecek \u00fcreticileri ve \u015fi\u015fe toptanc\u0131lar\u0131 i\u00e7in OEM, ODM ve \u00f6zelle\u015ftirilmi\u015f \u015fi\u015fe hizmetleri de sa\u011fl\u0131yoruz.<\/span><\/p>\n<ul>\n<li><span data-preserver-spaces=\"true\">\u00dcr\u00fcn: Standart 750ml \u015earap \u015ei\u015feleri Toptan Sat\u0131\u015f<\/span><\/li>\n<li><span data-preserver-spaces=\"true\">\u00dcretici firma: Ruisheng Cam \u015ei\u015fe<\/span><\/li>\n<li><span data-preserver-spaces=\"true\">Numara: RS010<\/span><\/li>\n<li><span data-preserver-spaces=\"true\">Kapasite: 700ml, 750ml, 1000ml, 2L<\/span><\/li>\n<li><span data-preserver-spaces=\"true\">Malzeme: S\u00fcper \u00e7akmakta\u015f\u0131 cam malzeme, Kristal beyaz cam malzeme, Pahal\u0131 beyaz cam malzeme<\/span><\/li>\n<li><span data-preserver-spaces=\"true\">Kullan\u0131m \u015eekli Cam \u015earap \u015ei\u015fesi<\/span><\/li>\n<li><span data-preserver-spaces=\"true\">Y\u00fczey: Don, \u00e7\u0131kartma, boyama, s\u0131cak damgalama, kabartmal\u0131, bask\u0131, alt\u0131n, serigrafi<\/span><\/li>\n<li><span data-preserver-spaces=\"true\">Logo: Kabul Edilebilir M\u00fc\u015fteri Logosu<\/span><\/li>\n<li><span data-preserver-spaces=\"true\">\u00d6rnek:<\/span>\n<ul>\n<li><span data-preserver-spaces=\"true\">Kal\u0131p yap\u0131m\u0131<\/span><\/li>\n<li><span data-preserver-spaces=\"true\">Mevcut k\u00fcften ar\u0131nd\u0131r\u0131lm\u0131\u015f<\/span><\/li>\n<li><span data-preserver-spaces=\"true\">Kelimeler veya tasar\u0131m\u0131n\u0131z olarak<\/span><\/li>\n<\/ul>\n<\/li>\n<li><span data-preserver-spaces=\"true\">Paket: Standart ihracat kartonu veya palet ambalaj\u0131, FGC kutu ambalaj\u0131<\/span><\/li>\n<li><span data-preserver-spaces=\"true\">Teslim s\u00fcresi: Sipari\u015fin onaylanmas\u0131ndan sonra 20-30 g\u00fcn<\/span><\/li>\n<\/ul>","protected":false},"excerpt":{"rendered":"<p><span data-preserver-spaces=\"true\">Ruisheng Glass Co, Ltd profesyonel bir cam \u015fi\u015fe \u00fcreticisidir. \u00c7e\u015fitli cam \u00fcr\u00fcnleri ara\u015ft\u0131rmaya, tasarlamaya, \u00fcretmeye ve pazarlamaya odaklan\u0131rlar. Standart 750ml \u015farap \u015fi\u015feleri toptan sat\u0131\u015f\u0131, \u015firketimizdeki en pop\u00fcler \u00fcr\u00fcn kategorilerinden biridir. <\/span><span data-preserver-spaces=\"true\">750 ml'lik cam \u015fi\u015fe en yayg\u0131n olan\u0131d\u0131r <\/span><span data-preserver-spaces=\"true\">cam<\/span><span data-preserver-spaces=\"true\"> \u015ei\u015fe <\/span><span data-preserver-spaces=\"true\">i\u00e7in<\/span><span data-preserver-spaces=\"true\"> \u015farap ambalaj\u0131.<\/span><\/p>\n<h2><strong><span data-preserver-spaces=\"true\">Standart 750ml \u015earap \u015ei\u015feleri Toptan Sat\u0131\u015f Hakk\u0131nda Endi\u015feli Bilgiler<\/span><\/strong><\/h2>\n<p><strong><span data-preserver-spaces=\"true\">-M\u0130KTAR: 10000 ADET (Yakla\u015f\u0131k 10000 adet)<\/span><\/strong><\/p>\n<p><span data-preserver-spaces=\"true\">-\u00dccretsiz \u00d6rnek Sunulmaktad\u0131r. OEM\/ODM Mevcuttur<\/span><\/p>\n<p><span data-preserver-spaces=\"true\">-7 g\u00fcn i\u00e7inde \u00fccretsiz numune teslimat\u0131; sipari\u015f onay\u0131ndan sonra 30 g\u00fcn i\u00e7inde toplu sipari\u015f teslimat\u0131.<\/span><\/p>\n<p><span data-preserver-spaces=\"true\">Standart 750ml \u015farap \u015fi\u015felerimizin toptan sat\u0131\u015f\u0131 ile ilgileniyorsan\u0131z, l\u00fctfen <\/span><span data-preserver-spaces=\"true\">\u00f6zg\u00fcr hisset<\/span><span data-preserver-spaces=\"true\"> bizimle ileti\u015fime ge\u00e7mek i\u00e7in.<\/span><\/p>","protected":false},"featured_media":4377,"comment_status":"closed","ping_status":"closed","template":"","meta":[],"product_cat":[40],"class_list":{"0":"post-4376","1":"product","2":"type-product","3":"status-publish","4":"has-post-thumbnail","6":"product_cat-750ml-liquor-bottle-manufacturer","8":"first","9":"instock","10":"shipping-taxable","11":"product-type-simple"},"yoast_head":"<!-- This site is optimized with the Yoast SEO plugin v22.0 - https:\/\/yoast.com\/wordpress\/plugins\/seo\/ -->\n<title>Standard 750ml Wine Bottles Manufacturer | Brown Wine Bottle Supplier<\/title>\n<meta name=\"description\" content=\"Ruisheng Glass Co, ltd, a professional glass bottle supplier, provide Standard 750ml Wine Bottles Wholesale at factory outlet price.\" \/>\n<meta name=\"robots\" content=\"index, follow, max-snippet:-1, max-image-preview:large, max-video-preview:-1\" \/>\n<link rel=\"canonical\" href=\"https:\/\/ruishengglassco.com\/tr\/urun\/rs010-standart-750ml-sarap-si\u0307seleri\u0307-toptan-satisi\" \/>\n<meta property=\"og:locale\" content=\"tr_TR\" \/>\n<meta property=\"og:type\" content=\"article\" \/>\n<meta property=\"og:title\" content=\"Standard 750ml Wine Bottles Manufacturer | Brown Wine Bottle Supplier\" \/>\n<meta property=\"og:description\" content=\"Ruisheng Glass Co, ltd, a professional glass bottle supplier, provide Standard 750ml Wine Bottles Wholesale at factory outlet price.\" \/>\n<meta property=\"og:url\" content=\"https:\/\/ruishengglassco.com\/tr\/urun\/rs010-standart-750ml-sarap-si\u0307seleri\u0307-toptan-satisi\" \/>\n<meta property=\"article:publisher\" content=\"https:\/\/www.facebook.com\/ruishengglassbottles\" \/>\n<meta property=\"article:modified_time\" content=\"2025-09-11T08:34:19+00:00\" \/>\n<meta property=\"og:image\" content=\"https:\/\/ruishengglassco.com\/wp-content\/uploads\/2025\/03\/RS010-Standard-750ml-Wine-Bottles-Wholesale.webp\" \/>\n\t<meta property=\"og:image:width\" content=\"2304\" \/>\n\t<meta property=\"og:image:height\" content=\"2304\" \/>\n\t<meta property=\"og:image:type\" content=\"image\/webp\" \/>\n<meta name=\"twitter:card\" content=\"summary_large_image\" \/>\n<meta name=\"twitter:label1\" content=\"Tahmini okuma s\u00fcresi\" \/>\n\t<meta name=\"twitter:data1\" content=\"1 dakika\" \/>\n<script type=\"application\/ld+json\" class=\"yoast-schema-graph\">{\"@context\":\"https:\/\/schema.org\",\"@graph\":[{\"@type\":\"WebPage\",\"@id\":\"https:\/\/ruishengglassco.com\/product\/rs010-standard-750ml-wine-bottles-wholesale\",\"url\":\"https:\/\/ruishengglassco.com\/product\/rs010-standard-750ml-wine-bottles-wholesale\",\"name\":\"Standard 750ml Wine Bottles Manufacturer | Brown Wine Bottle Supplier\",\"isPartOf\":{\"@id\":\"https:\/\/ruishengglassco.com\/#website\"},\"datePublished\":\"2025-03-15T14:15:46+00:00\",\"dateModified\":\"2025-09-11T08:34:19+00:00\",\"description\":\"Ruisheng Glass Co, ltd, a professional glass bottle supplier, provide Standard 750ml Wine Bottles Wholesale at factory outlet price.\",\"breadcrumb\":{\"@id\":\"https:\/\/ruishengglassco.com\/product\/rs010-standard-750ml-wine-bottles-wholesale#breadcrumb\"},\"inLanguage\":\"tr\",\"potentialAction\":[{\"@type\":\"ReadAction\",\"target\":[\"https:\/\/ruishengglassco.com\/product\/rs010-standard-750ml-wine-bottles-wholesale\"]}]},{\"@type\":\"BreadcrumbList\",\"@id\":\"https:\/\/ruishengglassco.com\/product\/rs010-standard-750ml-wine-bottles-wholesale#breadcrumb\",\"itemListElement\":[{\"@type\":\"ListItem\",\"position\":1,\"name\":\"Home\",\"item\":\"https:\/\/ruishengglassco.com\/\"},{\"@type\":\"ListItem\",\"position\":2,\"name\":\"Products\",\"item\":\"https:\/\/ruishengglassco.com\/products\"},{\"@type\":\"ListItem\",\"position\":3,\"name\":\"RS010: Standard 750ml Wine Bottles\"}]},{\"@type\":\"WebSite\",\"@id\":\"https:\/\/ruishengglassco.com\/#website\",\"url\":\"https:\/\/ruishengglassco.com\/\",\"name\":\"Ruisheng Glass\",\"description\":\"\",\"publisher\":{\"@id\":\"https:\/\/ruishengglassco.com\/#organization\"},\"potentialAction\":[{\"@type\":\"SearchAction\",\"target\":{\"@type\":\"EntryPoint\",\"urlTemplate\":\"https:\/\/ruishengglassco.com\/?s={search_term_string}\"},\"query-input\":\"required name=search_term_string\"}],\"inLanguage\":\"tr\"},{\"@type\":\"Organization\",\"@id\":\"https:\/\/ruishengglassco.com\/#organization\",\"name\":\"Shandong Yuncheng Ruisheng Glass Co., Ltd\",\"url\":\"https:\/\/ruishengglassco.com\/\",\"logo\":{\"@type\":\"ImageObject\",\"inLanguage\":\"tr\",\"@id\":\"https:\/\/ruishengglassco.com\/#\/schema\/logo\/image\/\",\"url\":\"https:\/\/ruishengglassco.com\/wp-content\/uploads\/2023\/09\/ruisheng_logo_icon.webp\",\"contentUrl\":\"https:\/\/ruishengglassco.com\/wp-content\/uploads\/2023\/09\/ruisheng_logo_icon.webp\",\"width\":400,\"height\":233,\"caption\":\"Shandong Yuncheng Ruisheng Glass Co., Ltd\"},\"image\":{\"@id\":\"https:\/\/ruishengglassco.com\/#\/schema\/logo\/image\/\"},\"sameAs\":[\"https:\/\/www.facebook.com\/ruishengglassbottles\",\"https:\/\/www.instagram.com\/Ruishengglassbottlewholesales\/\",\"https:\/\/www.youtube.com\/channel\/UCMmbMNGwsL-XrtjfSFLCdVQ\"]}]}<\/script>\n<!-- \/ Yoast SEO plugin. -->","yoast_head_json":{"title":"Standard 750ml Wine Bottles Manufacturer | Brown Wine Bottle Supplier","description":"Ruisheng Glass Co, ltd, a professional glass bottle supplier, provide Standard 750ml Wine Bottles Wholesale at factory outlet price.","robots":{"index":"index","follow":"follow","max-snippet":"max-snippet:-1","max-image-preview":"max-image-preview:large","max-video-preview":"max-video-preview:-1"},"canonical":"https:\/\/ruishengglassco.com\/tr\/urun\/rs010-standart-750ml-sarap-si\u0307seleri\u0307-toptan-satisi","og_locale":"tr_TR","og_type":"article","og_title":"Standard 750ml Wine Bottles Manufacturer | Brown Wine Bottle Supplier","og_description":"Ruisheng Glass Co, ltd, a professional glass bottle supplier, provide Standard 750ml Wine Bottles Wholesale at factory outlet price.","og_url":"https:\/\/ruishengglassco.com\/tr\/urun\/rs010-standart-750ml-sarap-si\u0307seleri\u0307-toptan-satisi","article_publisher":"https:\/\/www.facebook.com\/ruishengglassbottles","article_modified_time":"2025-09-11T08:34:19+00:00","og_image":[{"width":2304,"height":2304,"url":"https:\/\/ruishengglassco.com\/wp-content\/uploads\/2025\/03\/RS010-Standard-750ml-Wine-Bottles-Wholesale.webp","type":"image\/webp"}],"twitter_card":"summary_large_image","twitter_misc":{"Tahmini okuma s\u00fcresi":"1 dakika"},"schema":{"@context":"https:\/\/schema.org","@graph":[{"@type":"WebPage","@id":"https:\/\/ruishengglassco.com\/product\/rs010-standard-750ml-wine-bottles-wholesale","url":"https:\/\/ruishengglassco.com\/product\/rs010-standard-750ml-wine-bottles-wholesale","name":"Standard 750ml Wine Bottles Manufacturer | Brown Wine Bottle Supplier","isPartOf":{"@id":"https:\/\/ruishengglassco.com\/#website"},"datePublished":"2025-03-15T14:15:46+00:00","dateModified":"2025-09-11T08:34:19+00:00","description":"Ruisheng Glass Co, ltd, a professional glass bottle supplier, provide Standard 750ml Wine Bottles Wholesale at factory outlet price.","breadcrumb":{"@id":"https:\/\/ruishengglassco.com\/product\/rs010-standard-750ml-wine-bottles-wholesale#breadcrumb"},"inLanguage":"tr","potentialAction":[{"@type":"ReadAction","target":["https:\/\/ruishengglassco.com\/product\/rs010-standard-750ml-wine-bottles-wholesale"]}]},{"@type":"BreadcrumbList","@id":"https:\/\/ruishengglassco.com\/product\/rs010-standard-750ml-wine-bottles-wholesale#breadcrumb","itemListElement":[{"@type":"ListItem","position":1,"name":"Home","item":"https:\/\/ruishengglassco.com\/"},{"@type":"ListItem","position":2,"name":"Products","item":"https:\/\/ruishengglassco.com\/products"},{"@type":"ListItem","position":3,"name":"RS010: Standard 750ml Wine Bottles"}]},{"@type":"WebSite","@id":"https:\/\/ruishengglassco.com\/#website","url":"https:\/\/ruishengglassco.com\/","name":"Ruisheng Glass","description":"","publisher":{"@id":"https:\/\/ruishengglassco.com\/#organization"},"potentialAction":[{"@type":"SearchAction","target":{"@type":"EntryPoint","urlTemplate":"https:\/\/ruishengglassco.com\/?s={search_term_string}"},"query-input":"required name=search_term_string"}],"inLanguage":"tr"},{"@type":"Organization","@id":"https:\/\/ruishengglassco.com\/#organization","name":"Shandong Yuncheng Ruisheng Glass Co., Ltd","url":"https:\/\/ruishengglassco.com\/","logo":{"@type":"ImageObject","inLanguage":"tr","@id":"https:\/\/ruishengglassco.com\/#\/schema\/logo\/image\/","url":"https:\/\/ruishengglassco.com\/wp-content\/uploads\/2023\/09\/ruisheng_logo_icon.webp","contentUrl":"https:\/\/ruishengglassco.com\/wp-content\/uploads\/2023\/09\/ruisheng_logo_icon.webp","width":400,"height":233,"caption":"Shandong Yuncheng Ruisheng Glass Co., Ltd"},"image":{"@id":"https:\/\/ruishengglassco.com\/#\/schema\/logo\/image\/"},"sameAs":["https:\/\/www.facebook.com\/ruishengglassbottles","https:\/\/www.instagram.com\/Ruishengglassbottlewholesales\/","https:\/\/www.youtube.com\/channel\/UCMmbMNGwsL-XrtjfSFLCdVQ"]}]}},"_links":{"self":[{"href":"https:\/\/ruishengglassco.com\/tr\/wp-json\/wp\/v2\/product\/4376","targetHints":{"allow":["GET"]}}],"collection":[{"href":"https:\/\/ruishengglassco.com\/tr\/wp-json\/wp\/v2\/product"}],"about":[{"href":"https:\/\/ruishengglassco.com\/tr\/wp-json\/wp\/v2\/types\/product"}],"replies":[{"embeddable":true,"href":"https:\/\/ruishengglassco.com\/tr\/wp-json\/wp\/v2\/comments?post=4376"}],"wp:featuredmedia":[{"embeddable":true,"href":"https:\/\/ruishengglassco.com\/tr\/wp-json\/wp\/v2\/media\/4377"}],"wp:attachment":[{"href":"https:\/\/ruishengglassco.com\/tr\/wp-json\/wp\/v2\/media?parent=4376"}],"wp:term":[{"taxonomy":"product_cat","embeddable":true,"href":"https:\/\/ruishengglassco.com\/tr\/wp-json\/wp\/v2\/product_cat?post=4376"}],"curies":[{"name":"wp","href":"https:\/\/api.w.org\/{rel}","templated":true}]}}