{"id":4373,"date":"2025-03-15T22:12:36","date_gmt":"2025-03-15T14:12:36","guid":{"rendered":"https:\/\/ruishengglassco.com\/?post_type=product&#038;p=4373"},"modified":"2025-09-11T16:09:39","modified_gmt":"2025-09-11T08:09:39","slug":"rs011-375ml-cam-i%cc%87cecek-si%cc%87seleri%cc%87-toptan-satisi","status":"publish","type":"product","link":"https:\/\/ruishengglassco.com\/tr\/urun\/rs011-375ml-cam-i%cc%87cecek-si%cc%87seleri%cc%87-toptan-satisi","title":{"rendered":"RS011: 375ml Cam \u0130\u00e7ecek \u015ei\u015feleri \u00dcreticisi"},"content":{"rendered":"<h2>375ml Cam \u0130\u00e7ecek \u015ei\u015feleri \u00dcreticisi Hakk\u0131nda Detayl\u0131 Bilgi<\/h2>\n<p><span data-preserver-spaces=\"true\">375ml cam i\u00e7ecek \u015fi\u015felerinden olu\u015fan bu seri <\/span><span data-preserver-spaces=\"true\">\u00f6ncelikle tasarlanm\u0131\u015ft\u0131r<\/span><span data-preserver-spaces=\"true\"> lik\u00f6r, meyve suyu, s\u00fct, \u015fampanya ve di\u011fer i\u00e7ecekleri paketlemek i\u00e7in kullan\u0131l\u0131r. Bo\u015f i\u00e7ecek \u015fi\u015feleri toptan sat\u0131\u015f\u0131 <\/span><span data-preserver-spaces=\"true\">yap\u0131l\u0131r<\/span><span data-preserver-spaces=\"true\"> insan v\u00fccuduna zarars\u0131z olan ve \u00e7evreyi korumak i\u00e7in geri d\u00f6n\u00fc\u015ft\u00fcr\u00fclebilen y\u00fcksek kaliteli \u00e7akmakta\u015f\u0131 cam malzemeden \u00fcretilmi\u015ftir.<\/span><\/p>\n<ul>\n<li><span data-preserver-spaces=\"true\">Model Ad\u0131: 375ml cam i\u00e7ecek \u015fi\u015feleri toptan sat\u0131\u015f\u0131<\/span><\/li>\n<li><span data-preserver-spaces=\"true\">Model Numaras\u0131: RS011<\/span><\/li>\n<li><span data-preserver-spaces=\"true\">Marka ad\u0131: RUISHENG<\/span><\/li>\n<li><strong><span data-preserver-spaces=\"true\">Adedi: 10000 adet<\/span><\/strong><\/li>\n<li><span data-preserver-spaces=\"true\">Kapasite: 375ml\/500ml\/700ml\/750ml\/\u00f6zelle\u015ftirilmi\u015f<\/span><\/li>\n<li><span data-preserver-spaces=\"true\">Y\u00fczey \u0130\u015fleme: S\u0131cak Bask\u0131, Frost, \u00c7\u0131kartma, Kabartma, Serigrafi<\/span><\/li>\n<li><span data-preserver-spaces=\"true\">Malzeme S\u00fcper Flint Cam<\/span><\/li>\n<li><span data-preserver-spaces=\"true\">Yaka Malzemesi: \u015eeffaf Cam \u015ei\u015fe<\/span><\/li>\n<li><span data-preserver-spaces=\"true\">S\u0131zd\u0131rmazl\u0131k Tipi: Vidal\u0131 Kapak, Mantar, Cam Kapak, \u00c7evirmeli Kapak<\/span><\/li>\n<li><span data-preserver-spaces=\"true\">Kullan\u0131m i\u00e7in: Rom\/Cin\/Viski \u015ei\u015fesi<\/span><\/li>\n<li><span data-preserver-spaces=\"true\">Men\u015fe Yeri: Shandong, \u00c7in<\/span><\/li>\n<li><span data-preserver-spaces=\"true\">Standart ihracat kartonlar\u0131 ve paletleri<\/span><\/li>\n<li><span data-preserver-spaces=\"true\">Hizmet OEM\/ODM Hizmeti<\/span><\/li>\n<\/ul>\n<p><span data-preserver-spaces=\"true\">Resimde g\u00f6r\u00fclen toptan i\u00e7ecek \u015fi\u015fesi, cam \u015fi\u015fe kal\u0131b\u0131m\u0131z taraf\u0131ndan \u00fcretilmektedir.<\/span> <span data-preserver-spaces=\"true\">E\u011fer <\/span><span data-preserver-spaces=\"true\">ihtiyac\u0131n var<\/span><span data-preserver-spaces=\"true\">\u00dcretim i\u00e7in firmam\u0131zdan \u00fccretsiz kal\u0131p se\u00e7ebilirsiniz.<\/span><span data-preserver-spaces=\"true\"> Tabii ki, \u00e7izimler veya resimler sa\u011flayabilirsiniz ve bunlar\u0131 gereksinimlerinize g\u00f6re \u00fcretece\u011fiz.<\/span><\/p>\n<p><span data-preserver-spaces=\"true\">M\u00fc\u015fterilerimizin se\u00e7im yapabilmesi i\u00e7in a\u015fa\u011f\u0131daki \u015fi\u015fe kapaklar\u0131n\u0131 sunuyoruz. <\/span><span data-preserver-spaces=\"true\">Yapabilirsin <\/span><span data-preserver-spaces=\"true\">se\u00e7mek<\/span><span data-preserver-spaces=\"true\"> kapa\u011fa g\u00f6re <\/span><span data-preserver-spaces=\"true\">\u00fcr\u00fcn\u00fcn ihtiya\u00e7lar\u0131<\/span><span data-preserver-spaces=\"true\">.<\/span><\/p>\n<p><img decoding=\"async\" class=\"aligncenter wp-image-2420 size-full\" src=\"https:\/\/glassbottlewholesale.com\/wp-content\/uploads\/2020\/12\/WX20201229-154422.png\" alt=\"\u015ei\u015fe kapaklar\u0131\" width=\"752\" height=\"452\" \/><\/p>","protected":false},"excerpt":{"rendered":"<p data-block-id=\"2fccc605-569a-451f-b582-ef4f74e8dea9\" data-pm-slice=\"1 1 []\">Ruisheng, \u00c7in'deki en iyi lik\u00f6r \u015fi\u015feleme tesisi \u00fcreticisidir. Toptan fiyatlarla 375ml cam i\u00e7ecek \u015fi\u015feleri sunmaktad\u0131rlar. Bu \u015fi\u015feler lik\u00f6r, meyve suyu, s\u00fct, \u015fampanya ve daha fazlas\u0131 i\u00e7in m\u00fckemmeldir. Biz profesyonel bir cam \u015fi\u015fe \u00fcreticisi ve tedarik\u00e7isiyiz. M\u00fc\u015fterilerimizin ihtiya\u00e7lar\u0131na g\u00f6re OEM, ODM ve \u00f6zel cam \u015fi\u015fe hizmetleri sunuyoruz.<\/p>\n<h2 data-block-id=\"f567e7e9-5604-43e5-a87a-2a0497e00473\"><strong>\u0130lgili Detay hakk\u0131nda 375ml Cam \u0130\u00e7ecek \u015ei\u015feleri Toptan Sat\u0131\u015f<\/strong><\/h2>\n<p data-block-id=\"2305cfd6-c096-4e86-802f-cbbe8a8874ca\"><strong>-M\u0130KTAR: 10000 ADET (Yakla\u015f\u0131k 10000 adet)<\/strong><\/p>\n<p data-block-id=\"9e737b91-c3d0-40e3-a5d5-df8fe3c3d8bc\">-\u00dccretsiz \u00d6rnek Sunulmaktad\u0131r.<\/p>\n<p data-block-id=\"9de52572-52c0-4a46-a1f2-a8d73d6e8c47\">-7 G\u00fcn i\u00e7inde \u00dccretsiz Numune teslimat\u0131. Toplu sipari\u015f 30 G\u00fcn \u0130\u00e7inde Teslimat.<\/p>\n<p data-block-id=\"8480d1ea-96f1-4699-9d67-f37482a57305\">Toptan cam i\u00e7ecek \u015fi\u015feleri hakk\u0131nda daha fazla bilgi almak istiyorsan\u0131z, daha fazla bilgi i\u00e7in l\u00fctfen bizimle ileti\u015fime ge\u00e7in.<\/p>","protected":false},"featured_media":4374,"comment_status":"closed","ping_status":"closed","template":"","meta":[],"product_cat":[55,40,45],"class_list":{"0":"post-4373","1":"product","2":"type-product","3":"status-publish","4":"has-post-thumbnail","6":"product_cat-375ml-liquor-bottle-manufacturer","7":"product_cat-750ml-liquor-bottle-manufacturer","8":"product_cat-custom-glass-bottle","10":"first","11":"instock","12":"shipping-taxable","13":"product-type-simple"},"yoast_head":"<!-- This site is optimized with the Yoast SEO plugin v22.0 - https:\/\/yoast.com\/wordpress\/plugins\/seo\/ -->\n<title>Glass Beverage Bottles Manufacturers | Liquor Bottling Plant Manufacturers<\/title>\n<meta name=\"description\" content=\"Ruisheng, one of the leading liquor bottling plant manufacturers in China, provides 375ml Glass Beverage Bottles Wholesale for liquor, juice, milk, champagne, and other drinks.\" \/>\n<meta name=\"robots\" content=\"index, follow, max-snippet:-1, max-image-preview:large, max-video-preview:-1\" \/>\n<link rel=\"canonical\" href=\"https:\/\/ruishengglassco.com\/tr\/urun\/rs011-375ml-cam-i\u0307cecek-si\u0307seleri\u0307-toptan-satisi\" \/>\n<meta property=\"og:locale\" content=\"tr_TR\" \/>\n<meta property=\"og:type\" content=\"article\" \/>\n<meta property=\"og:title\" content=\"Glass Beverage Bottles Manufacturers | Liquor Bottling Plant Manufacturers\" \/>\n<meta property=\"og:description\" content=\"Ruisheng, one of the leading liquor bottling plant manufacturers in China, provides 375ml Glass Beverage Bottles Wholesale for liquor, juice, milk, champagne, and other drinks.\" \/>\n<meta property=\"og:url\" content=\"https:\/\/ruishengglassco.com\/tr\/urun\/rs011-375ml-cam-i\u0307cecek-si\u0307seleri\u0307-toptan-satisi\" \/>\n<meta property=\"article:publisher\" content=\"https:\/\/www.facebook.com\/ruishengglassbottles\" \/>\n<meta property=\"article:modified_time\" content=\"2025-09-11T08:09:39+00:00\" \/>\n<meta property=\"og:image\" content=\"https:\/\/ruishengglassco.com\/wp-content\/uploads\/2025\/03\/RS011-375ml-Glass-Beverage-Bottles-Wholesale.webp\" \/>\n\t<meta property=\"og:image:width\" content=\"800\" \/>\n\t<meta property=\"og:image:height\" content=\"800\" \/>\n\t<meta property=\"og:image:type\" content=\"image\/webp\" \/>\n<meta name=\"twitter:card\" content=\"summary_large_image\" \/>\n<meta name=\"twitter:label1\" content=\"Tahmini okuma s\u00fcresi\" \/>\n\t<meta name=\"twitter:data1\" content=\"2 dakika\" \/>\n<script type=\"application\/ld+json\" class=\"yoast-schema-graph\">{\"@context\":\"https:\/\/schema.org\",\"@graph\":[{\"@type\":\"WebPage\",\"@id\":\"https:\/\/ruishengglassco.com\/product\/rs011-375ml-glass-beverage-bottles-wholesale\",\"url\":\"https:\/\/ruishengglassco.com\/product\/rs011-375ml-glass-beverage-bottles-wholesale\",\"name\":\"Glass Beverage Bottles Manufacturers | Liquor Bottling Plant Manufacturers\",\"isPartOf\":{\"@id\":\"https:\/\/ruishengglassco.com\/#website\"},\"datePublished\":\"2025-03-15T14:12:36+00:00\",\"dateModified\":\"2025-09-11T08:09:39+00:00\",\"description\":\"Ruisheng, one of the leading liquor bottling plant manufacturers in China, provides 375ml Glass Beverage Bottles Wholesale for liquor, juice, milk, champagne, and other drinks.\",\"breadcrumb\":{\"@id\":\"https:\/\/ruishengglassco.com\/product\/rs011-375ml-glass-beverage-bottles-wholesale#breadcrumb\"},\"inLanguage\":\"tr\",\"potentialAction\":[{\"@type\":\"ReadAction\",\"target\":[\"https:\/\/ruishengglassco.com\/product\/rs011-375ml-glass-beverage-bottles-wholesale\"]}]},{\"@type\":\"BreadcrumbList\",\"@id\":\"https:\/\/ruishengglassco.com\/product\/rs011-375ml-glass-beverage-bottles-wholesale#breadcrumb\",\"itemListElement\":[{\"@type\":\"ListItem\",\"position\":1,\"name\":\"Home\",\"item\":\"https:\/\/ruishengglassco.com\/\"},{\"@type\":\"ListItem\",\"position\":2,\"name\":\"Products\",\"item\":\"https:\/\/ruishengglassco.com\/products\"},{\"@type\":\"ListItem\",\"position\":3,\"name\":\"RS011: 375ml Glass Beverage Bottles Manufacturer\"}]},{\"@type\":\"WebSite\",\"@id\":\"https:\/\/ruishengglassco.com\/#website\",\"url\":\"https:\/\/ruishengglassco.com\/\",\"name\":\"Ruisheng Glass\",\"description\":\"\",\"publisher\":{\"@id\":\"https:\/\/ruishengglassco.com\/#organization\"},\"potentialAction\":[{\"@type\":\"SearchAction\",\"target\":{\"@type\":\"EntryPoint\",\"urlTemplate\":\"https:\/\/ruishengglassco.com\/?s={search_term_string}\"},\"query-input\":\"required name=search_term_string\"}],\"inLanguage\":\"tr\"},{\"@type\":\"Organization\",\"@id\":\"https:\/\/ruishengglassco.com\/#organization\",\"name\":\"Shandong Yuncheng Ruisheng Glass Co., Ltd\",\"url\":\"https:\/\/ruishengglassco.com\/\",\"logo\":{\"@type\":\"ImageObject\",\"inLanguage\":\"tr\",\"@id\":\"https:\/\/ruishengglassco.com\/#\/schema\/logo\/image\/\",\"url\":\"https:\/\/ruishengglassco.com\/wp-content\/uploads\/2023\/09\/ruisheng_logo_icon.webp\",\"contentUrl\":\"https:\/\/ruishengglassco.com\/wp-content\/uploads\/2023\/09\/ruisheng_logo_icon.webp\",\"width\":400,\"height\":233,\"caption\":\"Shandong Yuncheng Ruisheng Glass Co., Ltd\"},\"image\":{\"@id\":\"https:\/\/ruishengglassco.com\/#\/schema\/logo\/image\/\"},\"sameAs\":[\"https:\/\/www.facebook.com\/ruishengglassbottles\",\"https:\/\/www.instagram.com\/Ruishengglassbottlewholesales\/\",\"https:\/\/www.youtube.com\/channel\/UCMmbMNGwsL-XrtjfSFLCdVQ\"]}]}<\/script>\n<!-- \/ Yoast SEO plugin. -->","yoast_head_json":{"title":"Glass Beverage Bottles Manufacturers | Liquor Bottling Plant Manufacturers","description":"Ruisheng, one of the leading liquor bottling plant manufacturers in China, provides 375ml Glass Beverage Bottles Wholesale for liquor, juice, milk, champagne, and other drinks.","robots":{"index":"index","follow":"follow","max-snippet":"max-snippet:-1","max-image-preview":"max-image-preview:large","max-video-preview":"max-video-preview:-1"},"canonical":"https:\/\/ruishengglassco.com\/tr\/urun\/rs011-375ml-cam-i\u0307cecek-si\u0307seleri\u0307-toptan-satisi","og_locale":"tr_TR","og_type":"article","og_title":"Glass Beverage Bottles Manufacturers | Liquor Bottling Plant Manufacturers","og_description":"Ruisheng, one of the leading liquor bottling plant manufacturers in China, provides 375ml Glass Beverage Bottles Wholesale for liquor, juice, milk, champagne, and other drinks.","og_url":"https:\/\/ruishengglassco.com\/tr\/urun\/rs011-375ml-cam-i\u0307cecek-si\u0307seleri\u0307-toptan-satisi","article_publisher":"https:\/\/www.facebook.com\/ruishengglassbottles","article_modified_time":"2025-09-11T08:09:39+00:00","og_image":[{"width":800,"height":800,"url":"https:\/\/ruishengglassco.com\/wp-content\/uploads\/2025\/03\/RS011-375ml-Glass-Beverage-Bottles-Wholesale.webp","type":"image\/webp"}],"twitter_card":"summary_large_image","twitter_misc":{"Tahmini okuma s\u00fcresi":"2 dakika"},"schema":{"@context":"https:\/\/schema.org","@graph":[{"@type":"WebPage","@id":"https:\/\/ruishengglassco.com\/product\/rs011-375ml-glass-beverage-bottles-wholesale","url":"https:\/\/ruishengglassco.com\/product\/rs011-375ml-glass-beverage-bottles-wholesale","name":"Glass Beverage Bottles Manufacturers | Liquor Bottling Plant Manufacturers","isPartOf":{"@id":"https:\/\/ruishengglassco.com\/#website"},"datePublished":"2025-03-15T14:12:36+00:00","dateModified":"2025-09-11T08:09:39+00:00","description":"Ruisheng, one of the leading liquor bottling plant manufacturers in China, provides 375ml Glass Beverage Bottles Wholesale for liquor, juice, milk, champagne, and other drinks.","breadcrumb":{"@id":"https:\/\/ruishengglassco.com\/product\/rs011-375ml-glass-beverage-bottles-wholesale#breadcrumb"},"inLanguage":"tr","potentialAction":[{"@type":"ReadAction","target":["https:\/\/ruishengglassco.com\/product\/rs011-375ml-glass-beverage-bottles-wholesale"]}]},{"@type":"BreadcrumbList","@id":"https:\/\/ruishengglassco.com\/product\/rs011-375ml-glass-beverage-bottles-wholesale#breadcrumb","itemListElement":[{"@type":"ListItem","position":1,"name":"Home","item":"https:\/\/ruishengglassco.com\/"},{"@type":"ListItem","position":2,"name":"Products","item":"https:\/\/ruishengglassco.com\/products"},{"@type":"ListItem","position":3,"name":"RS011: 375ml Glass Beverage Bottles Manufacturer"}]},{"@type":"WebSite","@id":"https:\/\/ruishengglassco.com\/#website","url":"https:\/\/ruishengglassco.com\/","name":"Ruisheng Glass","description":"","publisher":{"@id":"https:\/\/ruishengglassco.com\/#organization"},"potentialAction":[{"@type":"SearchAction","target":{"@type":"EntryPoint","urlTemplate":"https:\/\/ruishengglassco.com\/?s={search_term_string}"},"query-input":"required name=search_term_string"}],"inLanguage":"tr"},{"@type":"Organization","@id":"https:\/\/ruishengglassco.com\/#organization","name":"Shandong Yuncheng Ruisheng Glass Co., Ltd","url":"https:\/\/ruishengglassco.com\/","logo":{"@type":"ImageObject","inLanguage":"tr","@id":"https:\/\/ruishengglassco.com\/#\/schema\/logo\/image\/","url":"https:\/\/ruishengglassco.com\/wp-content\/uploads\/2023\/09\/ruisheng_logo_icon.webp","contentUrl":"https:\/\/ruishengglassco.com\/wp-content\/uploads\/2023\/09\/ruisheng_logo_icon.webp","width":400,"height":233,"caption":"Shandong Yuncheng Ruisheng Glass Co., Ltd"},"image":{"@id":"https:\/\/ruishengglassco.com\/#\/schema\/logo\/image\/"},"sameAs":["https:\/\/www.facebook.com\/ruishengglassbottles","https:\/\/www.instagram.com\/Ruishengglassbottlewholesales\/","https:\/\/www.youtube.com\/channel\/UCMmbMNGwsL-XrtjfSFLCdVQ"]}]}},"_links":{"self":[{"href":"https:\/\/ruishengglassco.com\/tr\/wp-json\/wp\/v2\/product\/4373","targetHints":{"allow":["GET"]}}],"collection":[{"href":"https:\/\/ruishengglassco.com\/tr\/wp-json\/wp\/v2\/product"}],"about":[{"href":"https:\/\/ruishengglassco.com\/tr\/wp-json\/wp\/v2\/types\/product"}],"replies":[{"embeddable":true,"href":"https:\/\/ruishengglassco.com\/tr\/wp-json\/wp\/v2\/comments?post=4373"}],"wp:featuredmedia":[{"embeddable":true,"href":"https:\/\/ruishengglassco.com\/tr\/wp-json\/wp\/v2\/media\/4374"}],"wp:attachment":[{"href":"https:\/\/ruishengglassco.com\/tr\/wp-json\/wp\/v2\/media?parent=4373"}],"wp:term":[{"taxonomy":"product_cat","embeddable":true,"href":"https:\/\/ruishengglassco.com\/tr\/wp-json\/wp\/v2\/product_cat?post=4373"}],"curies":[{"name":"wp","href":"https:\/\/api.w.org\/{rel}","templated":true}]}}