{"id":4369,"date":"2025-03-15T22:08:41","date_gmt":"2025-03-15T14:08:41","guid":{"rendered":"https:\/\/ruishengglassco.com\/?post_type=product&#038;p=4369"},"modified":"2025-07-17T15:00:43","modified_gmt":"2025-07-17T07:00:43","slug":"rs013-1000ml-750ml-700ml-375ml-cam-likor-sisesi-toptan-satisi","status":"publish","type":"product","link":"https:\/\/ruishengglassco.com\/tr\/urun\/rs013-1000ml-750ml-700ml-375ml-cam-likor-sisesi-toptan-satisi","title":{"rendered":"RS013: 1000ml\/750ml\/700ml\/375ml Cam Lik\u00f6r \u015ei\u015fesi Tedarik\u00e7isi"},"content":{"rendered":"<h2>1000ml\/750ml\/700ml\/375ml Cam Lik\u00f6r \u015ei\u015fesi Fabrikas\u0131 Hakk\u0131nda Detayl\u0131 Bilgi<\/h2>\n<p><span data-preserver-spaces=\"true\">Ruisheng Glass, cam ispirto \u015fi\u015feleri \u00fcretiminde uzmand\u0131r. Toptan sat\u0131\u015f i\u00e7in 375ml lik\u00f6r \u015fi\u015feleri sunuyorlar. Bunlar \u015farap, viski, brendi, votka, cin ve tekilay\u0131 paketlemek i\u00e7in harikad\u0131r.<\/span><\/p>\n<ul>\n<li><span data-preserver-spaces=\"true\">Model Ad\u0131: 375ml cam lik\u00f6r \u015fi\u015fesi toptan sat\u0131\u015f\u0131<\/span><\/li>\n<li><span data-preserver-spaces=\"true\">Model Numaras\u0131: RS013<\/span><\/li>\n<li><span data-preserver-spaces=\"true\">Marka ad\u0131: RUISHENG<\/span><\/li>\n<li><strong><span data-preserver-spaces=\"true\">Adedi: 10000 adet<\/span><\/strong><\/li>\n<li><span data-preserver-spaces=\"true\">Kapasite: 375ml\/500ml\/700ml\/750ml\/\u00f6zelle\u015ftirilmi\u015f<\/span><\/li>\n<li><span data-preserver-spaces=\"true\">Y\u00fczey \u0130\u015fleme: S\u0131cak Bask\u0131, Frost, \u00c7\u0131kartma, Kabartma, Serigrafi<\/span><\/li>\n<li><span data-preserver-spaces=\"true\">Malzeme S\u00fcper Flint Cam<\/span><\/li>\n<li><span data-preserver-spaces=\"true\">Yaka Malzemesi: \u015eeffaf Cam \u015ei\u015fe<\/span><\/li>\n<li><span data-preserver-spaces=\"true\">S\u0131zd\u0131rmazl\u0131k Tipi: Vidal\u0131 Kapak, Mantar, Cam Kapak, \u00c7evirmeli Kapak<\/span><\/li>\n<li><span data-preserver-spaces=\"true\">Kullan\u0131m i\u00e7in: Rom\/Cin\/Viski \u015ei\u015fesi\/Votka\/Brandy<\/span><\/li>\n<li><span data-preserver-spaces=\"true\">Men\u015fe Yeri: Shandong, \u00c7in<\/span><\/li>\n<li><span data-preserver-spaces=\"true\">Paket: Standart ihracat kartonlar\u0131 ve paletleri<\/span><\/li>\n<li><span data-preserver-spaces=\"true\">Hizmet OEM\/ODM Hizmeti<\/span><\/li>\n<\/ul>\n<p><span data-preserver-spaces=\"true\">Resimde g\u00f6sterilen cam lik\u00f6r \u015fi\u015fesi toptan sat\u0131\u015f\u0131, brendi paketlemek i\u00e7in m\u00fc\u015fteri taraf\u0131ndan \u00f6zel olarak \u00f6zelle\u015ftirilmi\u015ftir.<\/span><span data-preserver-spaces=\"true\"> Cam \u015fi\u015fe, \u00fcr\u00fcn\u00fcn kalitesini ve rengini farkl\u0131 a\u00e7\u0131lardan yans\u0131tmas\u0131n\u0131 sa\u011flayacak \u015fekilde birden fazla kenar ve k\u00f6\u015feye sahip olarak tasarlanm\u0131\u015ft\u0131r. <\/span><span data-preserver-spaces=\"true\">\u00dcr\u00fcn <\/span><span data-preserver-spaces=\"true\">yap\u0131l\u0131r<\/span><span data-preserver-spaces=\"true\"> y\u00fcksek kaliteli ultra \u015feffaf cam malzemeden \u00fcretilmi\u015ftir, <\/span><span data-preserver-spaces=\"true\">ki bu da<\/span><span data-preserver-spaces=\"true\"> \u015fi\u015fe daha \u015feffaf, g\u00fczel ve zariftir.<\/span><span data-preserver-spaces=\"true\"> Genellikle m\u00fc\u015fteriler 750ml veya 700ml \u015fi\u015feleri se\u00e7erler, \u00e7\u00fcnk\u00fc bu iki boyut uluslararas\u0131 kabul g\u00f6rm\u00fc\u015f kapasitelerdir. <\/span><span data-preserver-spaces=\"true\">Tabii ki, \u015fu \u015fi\u015feleri de \u00fcretebiliriz <\/span><span data-preserver-spaces=\"true\">farkl\u0131<\/span><span data-preserver-spaces=\"true\"> kapasiteler <\/span><span data-preserver-spaces=\"true\">g\u00f6re<\/span><span data-preserver-spaces=\"true\"> m\u00fc\u015fteri ihtiya\u00e7lar\u0131.<\/span> <span data-preserver-spaces=\"true\">Buna ek olarak<\/span><span data-preserver-spaces=\"true\">, biz <\/span><span data-preserver-spaces=\"true\">sa\u011flamak<\/span><span data-preserver-spaces=\"true\"> a <\/span><span data-preserver-spaces=\"true\">\u00e7e\u015fitlilik<\/span><span data-preserver-spaces=\"true\"> m\u00fc\u015fteriler i\u00e7in \u015fi\u015fe kapaklar\u0131 <\/span><span data-preserver-spaces=\"true\">se\u00e7mek<\/span><span data-preserver-spaces=\"true\"> dan.<\/span><\/p>\n<p><img decoding=\"async\" class=\"aligncenter wp-image-2420 size-full\" src=\"https:\/\/glassbottlewholesale.com\/wp-content\/uploads\/2020\/12\/WX20201229-154422.png\" alt=\"\u015ei\u015fe kapaklar\u0131\" width=\"752\" height=\"452\" \/><\/p>","protected":false},"excerpt":{"rendered":"<p><span data-preserver-spaces=\"true\">Ruisheng Glass Co, Ltd 2009 y\u0131l\u0131nda ba\u015flad\u0131. Her t\u00fcrl\u00fc cam ispirto \u015fi\u015fesinin tasar\u0131m\u0131 ve yap\u0131m\u0131nda uzmanla\u015fm\u0131\u015ft\u0131r. Ayr\u0131ca 375ml lik\u00f6r \u015fi\u015feleri i\u00e7in toptan sat\u0131\u015f hizmetleri de sunmaktad\u0131rlar. Ruisheng Glass, benzersiz bir cam \u015fi\u015fe tedarik\u00e7isidir. \u00d6zel yap\u0131m ve standart tasar\u0131mlar olu\u015fturmak i\u00e7in \u00e7e\u015fitli teknikler kullan\u0131rlar. Ayr\u0131ca, fiyatlar\u0131 adil. M\u00fc\u015fterilere ihtiya\u00e7lar\u0131n\u0131 zaman\u0131nda tam olarak kar\u015f\u0131layan kaliteli \u00fcr\u00fcnler tedarik ediyoruz.<\/span><\/p>\n<p><strong><span data-preserver-spaces=\"true\">-M\u0130KTAR: 10000 ADET (Yakla\u015f\u0131k 10000-30000 adet)<\/span><\/strong><\/p>\n<p><span data-preserver-spaces=\"true\">-\u00dccretsiz \u00d6rnek Sunulmaktad\u0131r.<\/span><\/p>\n<p><span data-preserver-spaces=\"true\">-30 G\u00fcn \u0130\u00e7inde K\u00fcresel Teslimat.<\/span><\/p>","protected":false},"featured_media":4370,"comment_status":"closed","ping_status":"closed","template":"","meta":[],"product_cat":[55,44,40,43],"class_list":{"0":"post-4369","1":"product","2":"type-product","3":"status-publish","4":"has-post-thumbnail","6":"product_cat-375ml-liquor-bottle-manufacturer","7":"product_cat-700ml-liquor-bottle-manufacturer","8":"product_cat-750ml-liquor-bottle-manufacturer","9":"product_cat-1000ml-liquor-bottle-manufacturer","11":"first","12":"instock","13":"shipping-taxable","14":"product-type-simple"},"yoast_head":"<!-- This site is optimized with the Yoast SEO plugin v22.0 - https:\/\/yoast.com\/wordpress\/plugins\/seo\/ -->\n<title>375ml Liquor Bottle Supplier | Glass Spirit Bottle Manufacturers<\/title>\n<meta name=\"description\" content=\"Ruisheng Glass Co, Ltd, a professional glass spirit bottle manufacturers in China, provide 375ml liquor bottle wholesale at factory outlet price.\" \/>\n<meta name=\"robots\" content=\"index, follow, max-snippet:-1, max-image-preview:large, max-video-preview:-1\" \/>\n<link rel=\"canonical\" href=\"https:\/\/ruishengglassco.com\/tr\/urun\/rs013-1000ml-750ml-700ml-375ml-cam-likor-sisesi-toptan-satisi\" \/>\n<meta property=\"og:locale\" content=\"tr_TR\" \/>\n<meta property=\"og:type\" content=\"article\" \/>\n<meta property=\"og:title\" content=\"375ml Liquor Bottle Supplier | Glass Spirit Bottle Manufacturers\" \/>\n<meta property=\"og:description\" content=\"Ruisheng Glass Co, Ltd, a professional glass spirit bottle manufacturers in China, provide 375ml liquor bottle wholesale at factory outlet price.\" \/>\n<meta property=\"og:url\" content=\"https:\/\/ruishengglassco.com\/tr\/urun\/rs013-1000ml-750ml-700ml-375ml-cam-likor-sisesi-toptan-satisi\" \/>\n<meta property=\"article:publisher\" content=\"https:\/\/www.facebook.com\/ruishengglassbottles\" \/>\n<meta property=\"article:modified_time\" content=\"2025-07-17T07:00:43+00:00\" \/>\n<meta property=\"og:image\" content=\"https:\/\/ruishengglassco.com\/wp-content\/uploads\/2025\/03\/RS013-1000ml-750ml-700ml-375ml-Glass-Liquor-Bottle-Wholesale.webp\" \/>\n\t<meta property=\"og:image:width\" content=\"800\" \/>\n\t<meta property=\"og:image:height\" content=\"800\" \/>\n\t<meta property=\"og:image:type\" content=\"image\/webp\" \/>\n<meta name=\"twitter:card\" content=\"summary_large_image\" \/>\n<meta name=\"twitter:label1\" content=\"Tahmini okuma s\u00fcresi\" \/>\n\t<meta name=\"twitter:data1\" content=\"2 dakika\" \/>\n<script type=\"application\/ld+json\" class=\"yoast-schema-graph\">{\"@context\":\"https:\/\/schema.org\",\"@graph\":[{\"@type\":\"WebPage\",\"@id\":\"https:\/\/ruishengglassco.com\/product\/rs013-1000ml-750ml-700ml-375ml-glass-liquor-bottle-wholesale\",\"url\":\"https:\/\/ruishengglassco.com\/product\/rs013-1000ml-750ml-700ml-375ml-glass-liquor-bottle-wholesale\",\"name\":\"375ml Liquor Bottle Supplier | Glass Spirit Bottle Manufacturers\",\"isPartOf\":{\"@id\":\"https:\/\/ruishengglassco.com\/#website\"},\"datePublished\":\"2025-03-15T14:08:41+00:00\",\"dateModified\":\"2025-07-17T07:00:43+00:00\",\"description\":\"Ruisheng Glass Co, Ltd, a professional glass spirit bottle manufacturers in China, provide 375ml liquor bottle wholesale at factory outlet price.\",\"breadcrumb\":{\"@id\":\"https:\/\/ruishengglassco.com\/product\/rs013-1000ml-750ml-700ml-375ml-glass-liquor-bottle-wholesale#breadcrumb\"},\"inLanguage\":\"tr\",\"potentialAction\":[{\"@type\":\"ReadAction\",\"target\":[\"https:\/\/ruishengglassco.com\/product\/rs013-1000ml-750ml-700ml-375ml-glass-liquor-bottle-wholesale\"]}]},{\"@type\":\"BreadcrumbList\",\"@id\":\"https:\/\/ruishengglassco.com\/product\/rs013-1000ml-750ml-700ml-375ml-glass-liquor-bottle-wholesale#breadcrumb\",\"itemListElement\":[{\"@type\":\"ListItem\",\"position\":1,\"name\":\"Home\",\"item\":\"https:\/\/ruishengglassco.com\/\"},{\"@type\":\"ListItem\",\"position\":2,\"name\":\"Products\",\"item\":\"https:\/\/ruishengglassco.com\/products\"},{\"@type\":\"ListItem\",\"position\":3,\"name\":\"RS013: 1000ml\/750ml\/700ml\/375ml Glass Liquor Bottle Supplier\"}]},{\"@type\":\"WebSite\",\"@id\":\"https:\/\/ruishengglassco.com\/#website\",\"url\":\"https:\/\/ruishengglassco.com\/\",\"name\":\"Ruisheng Glass\",\"description\":\"\",\"publisher\":{\"@id\":\"https:\/\/ruishengglassco.com\/#organization\"},\"potentialAction\":[{\"@type\":\"SearchAction\",\"target\":{\"@type\":\"EntryPoint\",\"urlTemplate\":\"https:\/\/ruishengglassco.com\/?s={search_term_string}\"},\"query-input\":\"required name=search_term_string\"}],\"inLanguage\":\"tr\"},{\"@type\":\"Organization\",\"@id\":\"https:\/\/ruishengglassco.com\/#organization\",\"name\":\"Shandong Yuncheng Ruisheng Glass Co., Ltd\",\"url\":\"https:\/\/ruishengglassco.com\/\",\"logo\":{\"@type\":\"ImageObject\",\"inLanguage\":\"tr\",\"@id\":\"https:\/\/ruishengglassco.com\/#\/schema\/logo\/image\/\",\"url\":\"https:\/\/ruishengglassco.com\/wp-content\/uploads\/2023\/09\/ruisheng_logo_icon.webp\",\"contentUrl\":\"https:\/\/ruishengglassco.com\/wp-content\/uploads\/2023\/09\/ruisheng_logo_icon.webp\",\"width\":400,\"height\":233,\"caption\":\"Shandong Yuncheng Ruisheng Glass Co., Ltd\"},\"image\":{\"@id\":\"https:\/\/ruishengglassco.com\/#\/schema\/logo\/image\/\"},\"sameAs\":[\"https:\/\/www.facebook.com\/ruishengglassbottles\",\"https:\/\/www.instagram.com\/Ruishengglassbottlewholesales\/\",\"https:\/\/www.youtube.com\/channel\/UCMmbMNGwsL-XrtjfSFLCdVQ\"]}]}<\/script>\n<!-- \/ Yoast SEO plugin. -->","yoast_head_json":{"title":"375ml Liquor Bottle Supplier | Glass Spirit Bottle Manufacturers","description":"Ruisheng Glass Co, Ltd, a professional glass spirit bottle manufacturers in China, provide 375ml liquor bottle wholesale at factory outlet price.","robots":{"index":"index","follow":"follow","max-snippet":"max-snippet:-1","max-image-preview":"max-image-preview:large","max-video-preview":"max-video-preview:-1"},"canonical":"https:\/\/ruishengglassco.com\/tr\/urun\/rs013-1000ml-750ml-700ml-375ml-cam-likor-sisesi-toptan-satisi","og_locale":"tr_TR","og_type":"article","og_title":"375ml Liquor Bottle Supplier | Glass Spirit Bottle Manufacturers","og_description":"Ruisheng Glass Co, Ltd, a professional glass spirit bottle manufacturers in China, provide 375ml liquor bottle wholesale at factory outlet price.","og_url":"https:\/\/ruishengglassco.com\/tr\/urun\/rs013-1000ml-750ml-700ml-375ml-cam-likor-sisesi-toptan-satisi","article_publisher":"https:\/\/www.facebook.com\/ruishengglassbottles","article_modified_time":"2025-07-17T07:00:43+00:00","og_image":[{"width":800,"height":800,"url":"https:\/\/ruishengglassco.com\/wp-content\/uploads\/2025\/03\/RS013-1000ml-750ml-700ml-375ml-Glass-Liquor-Bottle-Wholesale.webp","type":"image\/webp"}],"twitter_card":"summary_large_image","twitter_misc":{"Tahmini okuma s\u00fcresi":"2 dakika"},"schema":{"@context":"https:\/\/schema.org","@graph":[{"@type":"WebPage","@id":"https:\/\/ruishengglassco.com\/product\/rs013-1000ml-750ml-700ml-375ml-glass-liquor-bottle-wholesale","url":"https:\/\/ruishengglassco.com\/product\/rs013-1000ml-750ml-700ml-375ml-glass-liquor-bottle-wholesale","name":"375ml Liquor Bottle Supplier | Glass Spirit Bottle Manufacturers","isPartOf":{"@id":"https:\/\/ruishengglassco.com\/#website"},"datePublished":"2025-03-15T14:08:41+00:00","dateModified":"2025-07-17T07:00:43+00:00","description":"Ruisheng Glass Co, Ltd, a professional glass spirit bottle manufacturers in China, provide 375ml liquor bottle wholesale at factory outlet price.","breadcrumb":{"@id":"https:\/\/ruishengglassco.com\/product\/rs013-1000ml-750ml-700ml-375ml-glass-liquor-bottle-wholesale#breadcrumb"},"inLanguage":"tr","potentialAction":[{"@type":"ReadAction","target":["https:\/\/ruishengglassco.com\/product\/rs013-1000ml-750ml-700ml-375ml-glass-liquor-bottle-wholesale"]}]},{"@type":"BreadcrumbList","@id":"https:\/\/ruishengglassco.com\/product\/rs013-1000ml-750ml-700ml-375ml-glass-liquor-bottle-wholesale#breadcrumb","itemListElement":[{"@type":"ListItem","position":1,"name":"Home","item":"https:\/\/ruishengglassco.com\/"},{"@type":"ListItem","position":2,"name":"Products","item":"https:\/\/ruishengglassco.com\/products"},{"@type":"ListItem","position":3,"name":"RS013: 1000ml\/750ml\/700ml\/375ml Glass Liquor Bottle Supplier"}]},{"@type":"WebSite","@id":"https:\/\/ruishengglassco.com\/#website","url":"https:\/\/ruishengglassco.com\/","name":"Ruisheng Glass","description":"","publisher":{"@id":"https:\/\/ruishengglassco.com\/#organization"},"potentialAction":[{"@type":"SearchAction","target":{"@type":"EntryPoint","urlTemplate":"https:\/\/ruishengglassco.com\/?s={search_term_string}"},"query-input":"required name=search_term_string"}],"inLanguage":"tr"},{"@type":"Organization","@id":"https:\/\/ruishengglassco.com\/#organization","name":"Shandong Yuncheng Ruisheng Glass Co., Ltd","url":"https:\/\/ruishengglassco.com\/","logo":{"@type":"ImageObject","inLanguage":"tr","@id":"https:\/\/ruishengglassco.com\/#\/schema\/logo\/image\/","url":"https:\/\/ruishengglassco.com\/wp-content\/uploads\/2023\/09\/ruisheng_logo_icon.webp","contentUrl":"https:\/\/ruishengglassco.com\/wp-content\/uploads\/2023\/09\/ruisheng_logo_icon.webp","width":400,"height":233,"caption":"Shandong Yuncheng Ruisheng Glass Co., Ltd"},"image":{"@id":"https:\/\/ruishengglassco.com\/#\/schema\/logo\/image\/"},"sameAs":["https:\/\/www.facebook.com\/ruishengglassbottles","https:\/\/www.instagram.com\/Ruishengglassbottlewholesales\/","https:\/\/www.youtube.com\/channel\/UCMmbMNGwsL-XrtjfSFLCdVQ"]}]}},"_links":{"self":[{"href":"https:\/\/ruishengglassco.com\/tr\/wp-json\/wp\/v2\/product\/4369","targetHints":{"allow":["GET"]}}],"collection":[{"href":"https:\/\/ruishengglassco.com\/tr\/wp-json\/wp\/v2\/product"}],"about":[{"href":"https:\/\/ruishengglassco.com\/tr\/wp-json\/wp\/v2\/types\/product"}],"replies":[{"embeddable":true,"href":"https:\/\/ruishengglassco.com\/tr\/wp-json\/wp\/v2\/comments?post=4369"}],"wp:featuredmedia":[{"embeddable":true,"href":"https:\/\/ruishengglassco.com\/tr\/wp-json\/wp\/v2\/media\/4370"}],"wp:attachment":[{"href":"https:\/\/ruishengglassco.com\/tr\/wp-json\/wp\/v2\/media?parent=4369"}],"wp:term":[{"taxonomy":"product_cat","embeddable":true,"href":"https:\/\/ruishengglassco.com\/tr\/wp-json\/wp\/v2\/product_cat?post=4369"}],"curies":[{"name":"wp","href":"https:\/\/api.w.org\/{rel}","templated":true}]}}