{"id":4367,"date":"2025-03-15T22:06:38","date_gmt":"2025-03-15T14:06:38","guid":{"rendered":"https:\/\/ruishengglassco.com\/?post_type=product&#038;p=4367"},"modified":"2025-07-17T14:57:26","modified_gmt":"2025-07-17T06:57:26","slug":"rs014-375ml-seffaf-cam-sise-likor-icin-toptan-satis","status":"publish","type":"product","link":"https:\/\/ruishengglassco.com\/tr\/urun\/rs014-375ml-seffaf-cam-sise-likor-icin-toptan-satis","title":{"rendered":"RS014: Lik\u00f6r \u0130\u00e7in 375ml \u015eeffaf Cam \u015ei\u015fe Fabrikas\u0131"},"content":{"rendered":"<h2>375ml Fabrika Lik\u00f6r \u015ei\u015feleri Hakk\u0131nda Detayl\u0131 Bilgi<\/h2>\n<p><span data-preserver-spaces=\"true\">Toptan sat\u0131l\u0131k lik\u00f6r \u015fi\u015feleri mi istiyorsunuz?  Do\u011frudan g\u00fcvenilir bir lik\u00f6r \u015fi\u015fesi \u00fcreticisinden sat\u0131n almak, sat\u0131l\u0131k y\u00fcksek kaliteli so\u011fuk lik\u00f6r \u015fi\u015feleri bulman\u0131za ve maliyetlerden tasarruf etmenize yard\u0131mc\u0131 olacakt\u0131r.<\/span><\/p>\n<p><span data-preserver-spaces=\"true\">Bu 375ml \u015feffaf cam \u015fi\u015fe serisi toptan sat\u0131\u015f <\/span><span data-preserver-spaces=\"true\">a\u011f\u0131rl\u0131kl\u0131 olarak kullan\u0131l\u0131r<\/span><span data-preserver-spaces=\"true\"> \u0130\u00e7ecek ve lik\u00f6r ambalajlar\u0131nda. <\/span><span data-preserver-spaces=\"true\">\u00dcr\u00fcn <\/span><span data-preserver-spaces=\"true\">y\u00fcksek benimser<\/span><span data-preserver-spaces=\"true\"> \u00e7akmakta\u015f\u0131 cam malzeme, <\/span><span data-preserver-spaces=\"true\">ki bu da<\/span><span data-preserver-spaces=\"true\"> bizim cam\u0131m\u0131z <\/span><span data-preserver-spaces=\"true\">\u015ei\u015fe<\/span> <span data-preserver-spaces=\"true\">daha temiz<\/span><span data-preserver-spaces=\"true\">\u015feffaf ve \u00e7evre dostudur.<\/span><\/p>\n<p><span data-preserver-spaces=\"true\">Profesyonel bir lik\u00f6r \u015fi\u015fesi tedarik\u00e7isi olarak firmam\u0131z OEM \/ ODM \/ \u00d6zel cam \u015fi\u015fe hizmetleri sunmaktad\u0131r. <\/span><span data-preserver-spaces=\"true\">Yapabilirsin <\/span><span data-preserver-spaces=\"true\">\u00f6ne s\u00fcr\u00fcn<\/span><span data-preserver-spaces=\"true\"> Gereksinimler <\/span><span data-preserver-spaces=\"true\">\u00fczerinde<\/span><span data-preserver-spaces=\"true\"> kapasite, renk, \u015fekil, kapak, <\/span><span data-preserver-spaces=\"true\">vs.<\/span><span data-preserver-spaces=\"true\"> ve sizin iste\u011finize g\u00f6re \u00fcretebiliriz. <\/span><span data-preserver-spaces=\"true\">Gereksinimler<\/span><span data-preserver-spaces=\"true\">.<\/span><\/p>\n<ul>\n<li><span data-preserver-spaces=\"true\">\u00dcr\u00fcn Ad\u0131: Lik\u00f6r i\u00e7in 375ml \u015eeffaf Cam \u015ei\u015fe Toptan Sat\u0131\u015f<\/span><\/li>\n<li><span data-preserver-spaces=\"true\">Referans Numaras\u0131: RS014<\/span><\/li>\n<li><span data-preserver-spaces=\"true\">Cam Malzemesi: S\u00fcper Flint \/ Ekstra Flint<\/span><\/li>\n<li><span data-preserver-spaces=\"true\">\u015ei\u015fe \u015eekli: Uzun Yuvarlak \u015eekil<\/span><\/li>\n<li><span data-preserver-spaces=\"true\">Nominal Kapasite: 375ml<\/span><\/li>\n<li><span data-preserver-spaces=\"true\">\u015ei\u015fe A\u011f\u0131rl\u0131\u011f\u0131: 580 g<\/span><\/li>\n<li><span data-preserver-spaces=\"true\">S\u0131zd\u0131rmazl\u0131k Tipi: Mantar \/ GPI Kapaklar \/ Ropp Kapaklar<\/span><\/li>\n<li><span data-preserver-spaces=\"true\">End\u00fcstriyel Kullan\u0131m: Votka, viski, brendi, konyak, rom, tekila, su, meyve suyu, \u015furup.<\/span><\/li>\n<li><span data-preserver-spaces=\"true\">Dekorasyon Grav\u00fcr \/ Bask\u0131 \/ Buzlanma \/ Elektrokaplama \/ P\u00fcsk\u00fcrtme<\/span><\/li>\n<\/ul>\n<p><span data-preserver-spaces=\"true\">E\u011fer sen <\/span><span data-preserver-spaces=\"true\">istiyorum<\/span><span data-preserver-spaces=\"true\"> i\u00e7in <\/span><span data-preserver-spaces=\"true\">Biliyorum<\/span><span data-preserver-spaces=\"true\"> Sat\u0131l\u0131k Toptan Lik\u00f6r \u015ei\u015feleri hakk\u0131nda daha fazla bilgi i\u00e7in, l\u00fctfen <\/span><span data-preserver-spaces=\"true\">\u00f6zg\u00fcr hisset<\/span><span data-preserver-spaces=\"true\"> bizimle ileti\u015fime ge\u00e7mek i\u00e7in.<\/span><\/p>","protected":false},"excerpt":{"rendered":"<p><span data-preserver-spaces=\"true\">Sat\u0131l\u0131k toptan i\u00e7ki \u015fi\u015felerini \u015fu adreste bulabilirsiniz <\/span><a class=\"editor-rtfLink\" href=\"http:\/\/glassbottlewholesale.com\" target=\"_blank\" rel=\"noopener\"><span data-preserver-spaces=\"true\">glassbottlewholesale.com<\/span><\/a><span data-preserver-spaces=\"true\">. Ruisheng Glass Co, Ltd \u00c7in'de cam lik\u00f6r \u015fi\u015feleri profesyonel bir \u00fcreticisidir. Toptan bo\u015f i\u00e7ki \u015fi\u015feleri ve \u00f6zel i\u00e7ki \u015fi\u015fesi etiketleri sunuyoruz. Hizmetlerimiz cam \u015fi\u015fe toptanc\u0131lar\u0131na, distrib\u00fct\u00f6rlere, s\u00fcpermarketlere ve daha fazlas\u0131na hitap etmektedir.<\/span><\/p>\n<h2><strong><span data-preserver-spaces=\"true\">Sat\u0131l\u0131k Toptan Lik\u00f6r \u015ei\u015feleri Hakk\u0131nda Sipari\u015f Bilgileri<\/span><\/strong><\/h2>\n<ul>\n<li><strong><span data-preserver-spaces=\"true\">Adedi: 10000 adet (10000 ADET)<\/span><\/strong><\/li>\n<li><span data-preserver-spaces=\"true\">OEM\/ODM\/\u00d6zel Lik\u00f6r \u015ei\u015fesi Hizmeti sunulmaktad\u0131r.<\/span><\/li>\n<li><span data-preserver-spaces=\"true\">\u00dccretsiz Numune teslimat\u0131 7 g\u00fcn i\u00e7inde<\/span><\/li>\n<li><span data-preserver-spaces=\"true\">Toplu Sipari\u015f 30 G\u00fcn \u0130\u00e7inde Global Kargo<\/span><\/li>\n<\/ul>\n<p><span data-preserver-spaces=\"true\">Toptan i\u00e7ki \u015fi\u015felerimizle ilgileniyorsan\u0131z, l\u00fctfen <\/span><span data-preserver-spaces=\"true\">\u00f6zg\u00fcr hisset<\/span><span data-preserver-spaces=\"true\"> bizimle ileti\u015fime ge\u00e7mek i\u00e7in.<\/span><\/p>","protected":false},"featured_media":4368,"comment_status":"closed","ping_status":"closed","template":"","meta":[],"product_cat":[55,45,52,54,56],"class_list":{"0":"post-4367","1":"product","2":"type-product","3":"status-publish","4":"has-post-thumbnail","6":"product_cat-375ml-liquor-bottle-manufacturer","7":"product_cat-custom-glass-bottle","8":"product_cat-vodka-bottle","9":"product_cat-whiskey-bottle","10":"product_cat-xo-brandy-bottle","12":"first","13":"instock","14":"shipping-taxable","15":"product-type-simple"},"yoast_head":"<!-- This site is optimized with the Yoast SEO plugin v22.0 - https:\/\/yoast.com\/wordpress\/plugins\/seo\/ -->\n<title>FactoryF Liquor Bottles For Sale | Custom Spirit Bottle Labels<\/title>\n<meta name=\"description\" content=\"Find Wholesale Liquor Bottles For Sale At Glassbottlewholesale.com. Custom Spirit Bottle Labels and Free Sample Offered. Get Quote Now.\" \/>\n<meta name=\"robots\" content=\"index, follow, max-snippet:-1, max-image-preview:large, max-video-preview:-1\" \/>\n<link rel=\"canonical\" href=\"https:\/\/ruishengglassco.com\/tr\/urun\/rs014-375ml-seffaf-cam-sise-likor-icin-toptan-satis\" \/>\n<meta property=\"og:locale\" content=\"tr_TR\" \/>\n<meta property=\"og:type\" content=\"article\" \/>\n<meta property=\"og:title\" content=\"FactoryF Liquor Bottles For Sale | Custom Spirit Bottle Labels\" \/>\n<meta property=\"og:description\" content=\"Find Wholesale Liquor Bottles For Sale At Glassbottlewholesale.com. Custom Spirit Bottle Labels and Free Sample Offered. Get Quote Now.\" \/>\n<meta property=\"og:url\" content=\"https:\/\/ruishengglassco.com\/tr\/urun\/rs014-375ml-seffaf-cam-sise-likor-icin-toptan-satis\" \/>\n<meta property=\"article:publisher\" content=\"https:\/\/www.facebook.com\/ruishengglassbottles\" \/>\n<meta property=\"article:modified_time\" content=\"2025-07-17T06:57:26+00:00\" \/>\n<meta property=\"og:image\" content=\"https:\/\/ruishengglassco.com\/wp-content\/uploads\/2025\/03\/RS014-375ml-Clear-Glass-Bottle-Wholesale-For-Liquor.webp\" \/>\n\t<meta property=\"og:image:width\" content=\"800\" \/>\n\t<meta property=\"og:image:height\" content=\"800\" \/>\n\t<meta property=\"og:image:type\" content=\"image\/webp\" \/>\n<meta name=\"twitter:card\" content=\"summary_large_image\" \/>\n<meta name=\"twitter:label1\" content=\"Tahmini okuma s\u00fcresi\" \/>\n\t<meta name=\"twitter:data1\" content=\"2 dakika\" \/>\n<script type=\"application\/ld+json\" class=\"yoast-schema-graph\">{\"@context\":\"https:\/\/schema.org\",\"@graph\":[{\"@type\":\"WebPage\",\"@id\":\"https:\/\/ruishengglassco.com\/product\/rs014-375ml-clear-glass-bottle-wholesale-for-liquor\",\"url\":\"https:\/\/ruishengglassco.com\/product\/rs014-375ml-clear-glass-bottle-wholesale-for-liquor\",\"name\":\"FactoryF Liquor Bottles For Sale | Custom Spirit Bottle Labels\",\"isPartOf\":{\"@id\":\"https:\/\/ruishengglassco.com\/#website\"},\"datePublished\":\"2025-03-15T14:06:38+00:00\",\"dateModified\":\"2025-07-17T06:57:26+00:00\",\"description\":\"Find Wholesale Liquor Bottles For Sale At Glassbottlewholesale.com. Custom Spirit Bottle Labels and Free Sample Offered. Get Quote Now.\",\"breadcrumb\":{\"@id\":\"https:\/\/ruishengglassco.com\/product\/rs014-375ml-clear-glass-bottle-wholesale-for-liquor#breadcrumb\"},\"inLanguage\":\"tr\",\"potentialAction\":[{\"@type\":\"ReadAction\",\"target\":[\"https:\/\/ruishengglassco.com\/product\/rs014-375ml-clear-glass-bottle-wholesale-for-liquor\"]}]},{\"@type\":\"BreadcrumbList\",\"@id\":\"https:\/\/ruishengglassco.com\/product\/rs014-375ml-clear-glass-bottle-wholesale-for-liquor#breadcrumb\",\"itemListElement\":[{\"@type\":\"ListItem\",\"position\":1,\"name\":\"Home\",\"item\":\"https:\/\/ruishengglassco.com\/\"},{\"@type\":\"ListItem\",\"position\":2,\"name\":\"Products\",\"item\":\"https:\/\/ruishengglassco.com\/products\"},{\"@type\":\"ListItem\",\"position\":3,\"name\":\"RS014: 375ml Clear Glass Bottle Factory For Liquor\"}]},{\"@type\":\"WebSite\",\"@id\":\"https:\/\/ruishengglassco.com\/#website\",\"url\":\"https:\/\/ruishengglassco.com\/\",\"name\":\"Ruisheng Glass\",\"description\":\"\",\"publisher\":{\"@id\":\"https:\/\/ruishengglassco.com\/#organization\"},\"potentialAction\":[{\"@type\":\"SearchAction\",\"target\":{\"@type\":\"EntryPoint\",\"urlTemplate\":\"https:\/\/ruishengglassco.com\/?s={search_term_string}\"},\"query-input\":\"required name=search_term_string\"}],\"inLanguage\":\"tr\"},{\"@type\":\"Organization\",\"@id\":\"https:\/\/ruishengglassco.com\/#organization\",\"name\":\"Shandong Yuncheng Ruisheng Glass Co., Ltd\",\"url\":\"https:\/\/ruishengglassco.com\/\",\"logo\":{\"@type\":\"ImageObject\",\"inLanguage\":\"tr\",\"@id\":\"https:\/\/ruishengglassco.com\/#\/schema\/logo\/image\/\",\"url\":\"https:\/\/ruishengglassco.com\/wp-content\/uploads\/2023\/09\/ruisheng_logo_icon.webp\",\"contentUrl\":\"https:\/\/ruishengglassco.com\/wp-content\/uploads\/2023\/09\/ruisheng_logo_icon.webp\",\"width\":400,\"height\":233,\"caption\":\"Shandong Yuncheng Ruisheng Glass Co., Ltd\"},\"image\":{\"@id\":\"https:\/\/ruishengglassco.com\/#\/schema\/logo\/image\/\"},\"sameAs\":[\"https:\/\/www.facebook.com\/ruishengglassbottles\",\"https:\/\/www.instagram.com\/Ruishengglassbottlewholesales\/\",\"https:\/\/www.youtube.com\/channel\/UCMmbMNGwsL-XrtjfSFLCdVQ\"]}]}<\/script>\n<!-- \/ Yoast SEO plugin. -->","yoast_head_json":{"title":"FactoryF Liquor Bottles For Sale | Custom Spirit Bottle Labels","description":"Find Wholesale Liquor Bottles For Sale At Glassbottlewholesale.com. Custom Spirit Bottle Labels and Free Sample Offered. Get Quote Now.","robots":{"index":"index","follow":"follow","max-snippet":"max-snippet:-1","max-image-preview":"max-image-preview:large","max-video-preview":"max-video-preview:-1"},"canonical":"https:\/\/ruishengglassco.com\/tr\/urun\/rs014-375ml-seffaf-cam-sise-likor-icin-toptan-satis","og_locale":"tr_TR","og_type":"article","og_title":"FactoryF Liquor Bottles For Sale | Custom Spirit Bottle Labels","og_description":"Find Wholesale Liquor Bottles For Sale At Glassbottlewholesale.com. Custom Spirit Bottle Labels and Free Sample Offered. Get Quote Now.","og_url":"https:\/\/ruishengglassco.com\/tr\/urun\/rs014-375ml-seffaf-cam-sise-likor-icin-toptan-satis","article_publisher":"https:\/\/www.facebook.com\/ruishengglassbottles","article_modified_time":"2025-07-17T06:57:26+00:00","og_image":[{"width":800,"height":800,"url":"https:\/\/ruishengglassco.com\/wp-content\/uploads\/2025\/03\/RS014-375ml-Clear-Glass-Bottle-Wholesale-For-Liquor.webp","type":"image\/webp"}],"twitter_card":"summary_large_image","twitter_misc":{"Tahmini okuma s\u00fcresi":"2 dakika"},"schema":{"@context":"https:\/\/schema.org","@graph":[{"@type":"WebPage","@id":"https:\/\/ruishengglassco.com\/product\/rs014-375ml-clear-glass-bottle-wholesale-for-liquor","url":"https:\/\/ruishengglassco.com\/product\/rs014-375ml-clear-glass-bottle-wholesale-for-liquor","name":"FactoryF Liquor Bottles For Sale | Custom Spirit Bottle Labels","isPartOf":{"@id":"https:\/\/ruishengglassco.com\/#website"},"datePublished":"2025-03-15T14:06:38+00:00","dateModified":"2025-07-17T06:57:26+00:00","description":"Find Wholesale Liquor Bottles For Sale At Glassbottlewholesale.com. Custom Spirit Bottle Labels and Free Sample Offered. Get Quote Now.","breadcrumb":{"@id":"https:\/\/ruishengglassco.com\/product\/rs014-375ml-clear-glass-bottle-wholesale-for-liquor#breadcrumb"},"inLanguage":"tr","potentialAction":[{"@type":"ReadAction","target":["https:\/\/ruishengglassco.com\/product\/rs014-375ml-clear-glass-bottle-wholesale-for-liquor"]}]},{"@type":"BreadcrumbList","@id":"https:\/\/ruishengglassco.com\/product\/rs014-375ml-clear-glass-bottle-wholesale-for-liquor#breadcrumb","itemListElement":[{"@type":"ListItem","position":1,"name":"Home","item":"https:\/\/ruishengglassco.com\/"},{"@type":"ListItem","position":2,"name":"Products","item":"https:\/\/ruishengglassco.com\/products"},{"@type":"ListItem","position":3,"name":"RS014: 375ml Clear Glass Bottle Factory For Liquor"}]},{"@type":"WebSite","@id":"https:\/\/ruishengglassco.com\/#website","url":"https:\/\/ruishengglassco.com\/","name":"Ruisheng Glass","description":"","publisher":{"@id":"https:\/\/ruishengglassco.com\/#organization"},"potentialAction":[{"@type":"SearchAction","target":{"@type":"EntryPoint","urlTemplate":"https:\/\/ruishengglassco.com\/?s={search_term_string}"},"query-input":"required name=search_term_string"}],"inLanguage":"tr"},{"@type":"Organization","@id":"https:\/\/ruishengglassco.com\/#organization","name":"Shandong Yuncheng Ruisheng Glass Co., Ltd","url":"https:\/\/ruishengglassco.com\/","logo":{"@type":"ImageObject","inLanguage":"tr","@id":"https:\/\/ruishengglassco.com\/#\/schema\/logo\/image\/","url":"https:\/\/ruishengglassco.com\/wp-content\/uploads\/2023\/09\/ruisheng_logo_icon.webp","contentUrl":"https:\/\/ruishengglassco.com\/wp-content\/uploads\/2023\/09\/ruisheng_logo_icon.webp","width":400,"height":233,"caption":"Shandong Yuncheng Ruisheng Glass Co., Ltd"},"image":{"@id":"https:\/\/ruishengglassco.com\/#\/schema\/logo\/image\/"},"sameAs":["https:\/\/www.facebook.com\/ruishengglassbottles","https:\/\/www.instagram.com\/Ruishengglassbottlewholesales\/","https:\/\/www.youtube.com\/channel\/UCMmbMNGwsL-XrtjfSFLCdVQ"]}]}},"_links":{"self":[{"href":"https:\/\/ruishengglassco.com\/tr\/wp-json\/wp\/v2\/product\/4367","targetHints":{"allow":["GET"]}}],"collection":[{"href":"https:\/\/ruishengglassco.com\/tr\/wp-json\/wp\/v2\/product"}],"about":[{"href":"https:\/\/ruishengglassco.com\/tr\/wp-json\/wp\/v2\/types\/product"}],"replies":[{"embeddable":true,"href":"https:\/\/ruishengglassco.com\/tr\/wp-json\/wp\/v2\/comments?post=4367"}],"wp:featuredmedia":[{"embeddable":true,"href":"https:\/\/ruishengglassco.com\/tr\/wp-json\/wp\/v2\/media\/4368"}],"wp:attachment":[{"href":"https:\/\/ruishengglassco.com\/tr\/wp-json\/wp\/v2\/media?parent=4367"}],"wp:term":[{"taxonomy":"product_cat","embeddable":true,"href":"https:\/\/ruishengglassco.com\/tr\/wp-json\/wp\/v2\/product_cat?post=4367"}],"curies":[{"name":"wp","href":"https:\/\/api.w.org\/{rel}","templated":true}]}}