{"id":4365,"date":"2025-03-15T22:05:00","date_gmt":"2025-03-15T14:05:00","guid":{"rendered":"https:\/\/ruishengglassco.com\/?post_type=product&#038;p=4365"},"modified":"2025-07-17T14:55:48","modified_gmt":"2025-07-17T06:55:48","slug":"rs015-toptan-yuvarlak-350ml-cam-meyve-suyu-sisesi-toptan-mantar-ile","status":"publish","type":"product","link":"https:\/\/ruishengglassco.com\/tr\/urun\/rs015-toptan-yuvarlak-350ml-cam-meyve-suyu-sisesi-toptan-mantar-ile","title":{"rendered":"RS015: Mantarl\u0131 Toptan Yuvarlak 350ml Cam Meyve Suyu \u015ei\u015fesi \u00dcreticileri"},"content":{"rendered":"<h2>Cam Meyve Suyu \u015ei\u015fesi \u00dcreticileri Hakk\u0131nda Detayl\u0131 Bilgi<\/h2>\n<p><span data-preserver-spaces=\"true\">Bu toptan cam meyve suyu \u015fi\u015fesi serisi, standart tasar\u0131ml\u0131 bir cam \u015fi\u015fedir. Bizim <\/span><span data-preserver-spaces=\"true\">kendi<\/span><span data-preserver-spaces=\"true\"> cam kal\u0131p yapar. <\/span><span data-preserver-spaces=\"true\">\u00dcr\u00fcn <\/span><span data-preserver-spaces=\"true\">benimser<\/span><span data-preserver-spaces=\"true\"> y\u00fcksek kaliteli el yap\u0131m\u0131 kristal cam <\/span><span data-preserver-spaces=\"true\">beyaz malzeme<\/span><span data-preserver-spaces=\"true\">, <\/span><span data-preserver-spaces=\"true\">ki bu da<\/span><span data-preserver-spaces=\"true\"> cam \u015fi\u015femiz berrak, \u015feffaf ve zariftir.<\/span><\/p>\n<ul>\n<li><span data-preserver-spaces=\"true\">\u00dcr\u00fcn: Cam meyve suyu \u015fi\u015fesi toptan sat\u0131\u015f\u0131<\/span><\/li>\n<li><span data-preserver-spaces=\"true\">Model Numaras\u0131: RS015<\/span><\/li>\n<li><span data-preserver-spaces=\"true\">Kapasite: =1000ml<\/span><\/li>\n<li><span data-preserver-spaces=\"true\">Malzeme: S\u00fcper \u00e7akmakta\u015f\u0131 cam malzeme, Kristal beyaz cam malzeme, Pahal\u0131 beyaz cam malzeme.<\/span><\/li>\n<li><span data-preserver-spaces=\"true\">S\u0131zd\u0131rmazl\u0131k Tipi: Mantar, guala kapak, vidal\u0131 kapak, plastik kapak, ah\u015fap kapak<\/span><\/li>\n<li><span data-preserver-spaces=\"true\">Y\u00fczey: Don, \u00e7\u0131kartma, boyama, s\u0131cak damgalama, kabartmal\u0131, bask\u0131, alt\u0131n, serigrafi<\/span><\/li>\n<li><span data-preserver-spaces=\"true\">Numune: Mevcut kal\u0131ptan ar\u0131nd\u0131r\u0131lm\u0131\u015f<\/span><\/li>\n<li><span data-preserver-spaces=\"true\">Teslim s\u00fcresi: Toplu \u00fcr\u00fcnler i\u00e7in 20-30 g\u00fcn<\/span><\/li>\n<li><span data-preserver-spaces=\"true\">Liman: Qingdao, \u015eangay, Guangzhou<\/span><\/li>\n<li><span data-preserver-spaces=\"true\">\u00d6deme T \/ T, <\/span><span data-preserver-spaces=\"true\">Paypal<\/span><span data-preserver-spaces=\"true\">, Ticaret g\u00fcvencesi, DP, LC, Bat\u0131 B\u0130RL\u0130\u011e\u0130<\/span><\/li>\n<li><span data-preserver-spaces=\"true\">Hammadde: Silika kumu, sodyum karbonat, kire\u00e7ta\u015f\u0131, dolomit, feldispat, boraks, baryum vb.<\/span><\/li>\n<\/ul>\n<h4><span data-preserver-spaces=\"true\">\u00d6zellikler:<\/span><\/h4>\n<ul>\n<li><span data-preserver-spaces=\"true\">Profesyonel prod\u00fcksiyon deneyimi ile.<\/span><\/li>\n<li><span data-preserver-spaces=\"true\">OEM ve ODM hizmeti: numunenize veya tasar\u0131m \u00e7iziminize g\u00f6re.<\/span><\/li>\n<li><span data-preserver-spaces=\"true\">Mevcut numune \u00fccretsizdir.<\/span><\/li>\n<li><span data-preserver-spaces=\"true\">Uygun Fiyat, M\u00fckemmel Kalite ve \u00d6zenli Hizmet<\/span><\/li>\n<li><span data-preserver-spaces=\"true\">Ta\u015f\u0131ma s\u0131ras\u0131nda k\u0131r\u0131lan \u015fi\u015feler<\/span><span data-preserver-spaces=\"true\">, <\/span><span data-preserver-spaces=\"true\">i\u00e7in tazminat <\/span><span data-preserver-spaces=\"true\">sonraki<\/span><span data-preserver-spaces=\"true\"> Sipari\u015f.<\/span><\/li>\n<li><span data-preserver-spaces=\"true\">An\u0131nda cevap: Sorunuza ve e-postan\u0131za 12 saat i\u00e7inde cevap vermek.<\/span><\/li>\n<li><span data-preserver-spaces=\"true\">Teslimat: <\/span><span data-preserver-spaces=\"true\">hakk\u0131nda<\/span><span data-preserver-spaces=\"true\"> 20-25 g\u00fcn sonra <\/span><span data-preserver-spaces=\"true\">alma<\/span><span data-preserver-spaces=\"true\"> depozito.<\/span><\/li>\n<li><span data-preserver-spaces=\"true\">Biz ge\u00e7tik <\/span><span data-preserver-spaces=\"true\">ISO9001<\/span><span data-preserver-spaces=\"true\">, <\/span><span data-preserver-spaces=\"true\">ISO14001<\/span><span data-preserver-spaces=\"true\">ve di\u011fer testler.<\/span><\/li>\n<li><span data-preserver-spaces=\"true\">Sadece m\u00fckemmel \u00fcr\u00fcnler de\u011fil, ayn\u0131 zamanda hizmetler ve pazar \u00e7\u00f6z\u00fcmleri de sunuyoruz.<\/span><\/li>\n<li><span data-preserver-spaces=\"true\">Kal\u0131n bir tabana sahip olmas\u0131na ra\u011fmen rengi de \u00e7ok saft\u0131r.<\/span><\/li>\n<\/ul>","protected":false},"excerpt":{"rendered":"<p><span data-preserver-spaces=\"true\">Ruisheng Glass Co, Ltd cam i\u00e7ecek \u015fi\u015feleri \u00fcretmektedir. Uluslararas\u0131 pazarlara cam lik\u00f6r ve meyve suyu \u015fi\u015feleri satmaya odaklan\u0131rlar.  Firmam\u0131z cam \u015fi\u015fe tasar\u0131m ve \u00fcretim hizmetleri vermektedir. OEM \/ ODM \/ \u00d6zel hizmet sunulmaktad\u0131r. <\/span><span data-preserver-spaces=\"true\">\u00dcr\u00fcnlerimiz <\/span><span data-preserver-spaces=\"true\">yayg\u0131n olarak uygulanmaktad\u0131r<\/span><span data-preserver-spaces=\"true\"> i\u00e7in <\/span><span data-preserver-spaces=\"true\">ruh<\/span><span data-preserver-spaces=\"true\">\u015farap, votka, viski, pirin\u00e7 \u015farab\u0131, meyve \u015farab\u0131, rom, cin, tekila, t\u0131bbi lik\u00f6r, parf\u00fcm, kozmetik, zeytinya\u011f\u0131, <\/span><span data-preserver-spaces=\"true\">vb.<\/span><span data-preserver-spaces=\"true\">.<\/span><\/p>\n<h4><strong><span data-preserver-spaces=\"true\">Cam Meyve Suyu \u015ei\u015fesi Toptan Sat\u0131\u015f Hakk\u0131nda Endi\u015feli Bilgiler<\/span><\/strong><\/h4>\n<p><strong><span data-preserver-spaces=\"true\">-M\u0130KTAR: 10000 ADET (Yakla\u015f\u0131k 10000-35000 adet)<\/span><\/strong><\/p>\n<p><span data-preserver-spaces=\"true\">-Mantar \u00d6rnekli \u00dccretsiz \u00d6zel \u0130spirto \u015ei\u015feleri Sa\u011flay\u0131n<\/span><\/p>\n<p><span data-preserver-spaces=\"true\">-\u00d6zel Hizmet Sunulmaktad\u0131r<\/span><\/p>\n<p><span data-preserver-spaces=\"true\">E\u011fer sen <\/span><span data-preserver-spaces=\"true\">istiyorum<\/span><span data-preserver-spaces=\"true\"> i\u00e7in <\/span><span data-preserver-spaces=\"true\">Biliyorum<\/span><span data-preserver-spaces=\"true\"> cam meyve suyu \u015fi\u015fesi toptan sat\u0131\u015f\u0131m\u0131z hakk\u0131nda daha fazla bilgi i\u00e7in l\u00fctfen <\/span><span data-preserver-spaces=\"true\">\u00f6zg\u00fcr hisset<\/span><span data-preserver-spaces=\"true\"> sat\u0131\u015f ekibimizle ileti\u015fime ge\u00e7mek i\u00e7in.<\/span><\/p>","protected":false},"featured_media":4366,"comment_status":"closed","ping_status":"closed","template":"","meta":[],"product_cat":[55,57,52,54,56],"class_list":{"0":"post-4365","1":"product","2":"type-product","3":"status-publish","4":"has-post-thumbnail","6":"product_cat-375ml-liquor-bottle-manufacturer","7":"product_cat-rum-bottle","8":"product_cat-vodka-bottle","9":"product_cat-whiskey-bottle","10":"product_cat-xo-brandy-bottle","12":"first","13":"instock","14":"shipping-taxable","15":"product-type-simple"},"yoast_head":"<!-- This site is optimized with the Yoast SEO plugin v22.0 - https:\/\/yoast.com\/wordpress\/plugins\/seo\/ -->\n<title>Glass Juice Bottles Manufacturers | Beverage Bottle Manufacturers<\/title>\n<meta name=\"description\" content=\"Ruisheng Glass Co, Ltd, a professional beverage bottle manufacturer, provide glass juice bottles wholesale with cork. Custom Bottle Design Offered.\" \/>\n<meta name=\"robots\" content=\"index, follow, max-snippet:-1, max-image-preview:large, max-video-preview:-1\" \/>\n<link rel=\"canonical\" href=\"https:\/\/ruishengglassco.com\/tr\/urun\/rs015-toptan-yuvarlak-350ml-cam-meyve-suyu-sisesi-toptan-mantar-ile\" \/>\n<meta property=\"og:locale\" content=\"tr_TR\" \/>\n<meta property=\"og:type\" content=\"article\" \/>\n<meta property=\"og:title\" content=\"Glass Juice Bottles Manufacturers | Beverage Bottle Manufacturers\" \/>\n<meta property=\"og:description\" content=\"Ruisheng Glass Co, Ltd, a professional beverage bottle manufacturer, provide glass juice bottles wholesale with cork. Custom Bottle Design Offered.\" \/>\n<meta property=\"og:url\" content=\"https:\/\/ruishengglassco.com\/tr\/urun\/rs015-toptan-yuvarlak-350ml-cam-meyve-suyu-sisesi-toptan-mantar-ile\" \/>\n<meta property=\"article:publisher\" content=\"https:\/\/www.facebook.com\/ruishengglassbottles\" \/>\n<meta property=\"article:modified_time\" content=\"2025-07-17T06:55:48+00:00\" \/>\n<meta property=\"og:image\" content=\"https:\/\/ruishengglassco.com\/wp-content\/uploads\/2025\/03\/RS015-Wholesale-Round-350ml-Glass-Juice-Bottle-Wholesale-With-Cork.webp\" \/>\n\t<meta property=\"og:image:width\" content=\"800\" \/>\n\t<meta property=\"og:image:height\" content=\"800\" \/>\n\t<meta property=\"og:image:type\" content=\"image\/webp\" \/>\n<meta name=\"twitter:card\" content=\"summary_large_image\" \/>\n<meta name=\"twitter:label1\" content=\"Tahmini okuma s\u00fcresi\" \/>\n\t<meta name=\"twitter:data1\" content=\"2 dakika\" \/>\n<script type=\"application\/ld+json\" class=\"yoast-schema-graph\">{\"@context\":\"https:\/\/schema.org\",\"@graph\":[{\"@type\":\"WebPage\",\"@id\":\"https:\/\/ruishengglassco.com\/product\/rs015-wholesale-round-350ml-glass-juice-bottle-wholesale-with-cork\",\"url\":\"https:\/\/ruishengglassco.com\/product\/rs015-wholesale-round-350ml-glass-juice-bottle-wholesale-with-cork\",\"name\":\"Glass Juice Bottles Manufacturers | Beverage Bottle Manufacturers\",\"isPartOf\":{\"@id\":\"https:\/\/ruishengglassco.com\/#website\"},\"datePublished\":\"2025-03-15T14:05:00+00:00\",\"dateModified\":\"2025-07-17T06:55:48+00:00\",\"description\":\"Ruisheng Glass Co, Ltd, a professional beverage bottle manufacturer, provide glass juice bottles wholesale with cork. Custom Bottle Design Offered.\",\"breadcrumb\":{\"@id\":\"https:\/\/ruishengglassco.com\/product\/rs015-wholesale-round-350ml-glass-juice-bottle-wholesale-with-cork#breadcrumb\"},\"inLanguage\":\"tr\",\"potentialAction\":[{\"@type\":\"ReadAction\",\"target\":[\"https:\/\/ruishengglassco.com\/product\/rs015-wholesale-round-350ml-glass-juice-bottle-wholesale-with-cork\"]}]},{\"@type\":\"BreadcrumbList\",\"@id\":\"https:\/\/ruishengglassco.com\/product\/rs015-wholesale-round-350ml-glass-juice-bottle-wholesale-with-cork#breadcrumb\",\"itemListElement\":[{\"@type\":\"ListItem\",\"position\":1,\"name\":\"Home\",\"item\":\"https:\/\/ruishengglassco.com\/\"},{\"@type\":\"ListItem\",\"position\":2,\"name\":\"Products\",\"item\":\"https:\/\/ruishengglassco.com\/products\"},{\"@type\":\"ListItem\",\"position\":3,\"name\":\"RS015: Wholesale Round 350ml Glass Juice Bottle Manufacturers With Cork\"}]},{\"@type\":\"WebSite\",\"@id\":\"https:\/\/ruishengglassco.com\/#website\",\"url\":\"https:\/\/ruishengglassco.com\/\",\"name\":\"Ruisheng Glass\",\"description\":\"\",\"publisher\":{\"@id\":\"https:\/\/ruishengglassco.com\/#organization\"},\"potentialAction\":[{\"@type\":\"SearchAction\",\"target\":{\"@type\":\"EntryPoint\",\"urlTemplate\":\"https:\/\/ruishengglassco.com\/?s={search_term_string}\"},\"query-input\":\"required name=search_term_string\"}],\"inLanguage\":\"tr\"},{\"@type\":\"Organization\",\"@id\":\"https:\/\/ruishengglassco.com\/#organization\",\"name\":\"Shandong Yuncheng Ruisheng Glass Co., Ltd\",\"url\":\"https:\/\/ruishengglassco.com\/\",\"logo\":{\"@type\":\"ImageObject\",\"inLanguage\":\"tr\",\"@id\":\"https:\/\/ruishengglassco.com\/#\/schema\/logo\/image\/\",\"url\":\"https:\/\/ruishengglassco.com\/wp-content\/uploads\/2023\/09\/ruisheng_logo_icon.webp\",\"contentUrl\":\"https:\/\/ruishengglassco.com\/wp-content\/uploads\/2023\/09\/ruisheng_logo_icon.webp\",\"width\":400,\"height\":233,\"caption\":\"Shandong Yuncheng Ruisheng Glass Co., Ltd\"},\"image\":{\"@id\":\"https:\/\/ruishengglassco.com\/#\/schema\/logo\/image\/\"},\"sameAs\":[\"https:\/\/www.facebook.com\/ruishengglassbottles\",\"https:\/\/www.instagram.com\/Ruishengglassbottlewholesales\/\",\"https:\/\/www.youtube.com\/channel\/UCMmbMNGwsL-XrtjfSFLCdVQ\"]}]}<\/script>\n<!-- \/ Yoast SEO plugin. -->","yoast_head_json":{"title":"Glass Juice Bottles Manufacturers | Beverage Bottle Manufacturers","description":"Ruisheng Glass Co, Ltd, a professional beverage bottle manufacturer, provide glass juice bottles wholesale with cork. Custom Bottle Design Offered.","robots":{"index":"index","follow":"follow","max-snippet":"max-snippet:-1","max-image-preview":"max-image-preview:large","max-video-preview":"max-video-preview:-1"},"canonical":"https:\/\/ruishengglassco.com\/tr\/urun\/rs015-toptan-yuvarlak-350ml-cam-meyve-suyu-sisesi-toptan-mantar-ile","og_locale":"tr_TR","og_type":"article","og_title":"Glass Juice Bottles Manufacturers | Beverage Bottle Manufacturers","og_description":"Ruisheng Glass Co, Ltd, a professional beverage bottle manufacturer, provide glass juice bottles wholesale with cork. Custom Bottle Design Offered.","og_url":"https:\/\/ruishengglassco.com\/tr\/urun\/rs015-toptan-yuvarlak-350ml-cam-meyve-suyu-sisesi-toptan-mantar-ile","article_publisher":"https:\/\/www.facebook.com\/ruishengglassbottles","article_modified_time":"2025-07-17T06:55:48+00:00","og_image":[{"width":800,"height":800,"url":"https:\/\/ruishengglassco.com\/wp-content\/uploads\/2025\/03\/RS015-Wholesale-Round-350ml-Glass-Juice-Bottle-Wholesale-With-Cork.webp","type":"image\/webp"}],"twitter_card":"summary_large_image","twitter_misc":{"Tahmini okuma s\u00fcresi":"2 dakika"},"schema":{"@context":"https:\/\/schema.org","@graph":[{"@type":"WebPage","@id":"https:\/\/ruishengglassco.com\/product\/rs015-wholesale-round-350ml-glass-juice-bottle-wholesale-with-cork","url":"https:\/\/ruishengglassco.com\/product\/rs015-wholesale-round-350ml-glass-juice-bottle-wholesale-with-cork","name":"Glass Juice Bottles Manufacturers | Beverage Bottle Manufacturers","isPartOf":{"@id":"https:\/\/ruishengglassco.com\/#website"},"datePublished":"2025-03-15T14:05:00+00:00","dateModified":"2025-07-17T06:55:48+00:00","description":"Ruisheng Glass Co, Ltd, a professional beverage bottle manufacturer, provide glass juice bottles wholesale with cork. Custom Bottle Design Offered.","breadcrumb":{"@id":"https:\/\/ruishengglassco.com\/product\/rs015-wholesale-round-350ml-glass-juice-bottle-wholesale-with-cork#breadcrumb"},"inLanguage":"tr","potentialAction":[{"@type":"ReadAction","target":["https:\/\/ruishengglassco.com\/product\/rs015-wholesale-round-350ml-glass-juice-bottle-wholesale-with-cork"]}]},{"@type":"BreadcrumbList","@id":"https:\/\/ruishengglassco.com\/product\/rs015-wholesale-round-350ml-glass-juice-bottle-wholesale-with-cork#breadcrumb","itemListElement":[{"@type":"ListItem","position":1,"name":"Home","item":"https:\/\/ruishengglassco.com\/"},{"@type":"ListItem","position":2,"name":"Products","item":"https:\/\/ruishengglassco.com\/products"},{"@type":"ListItem","position":3,"name":"RS015: Wholesale Round 350ml Glass Juice Bottle Manufacturers With Cork"}]},{"@type":"WebSite","@id":"https:\/\/ruishengglassco.com\/#website","url":"https:\/\/ruishengglassco.com\/","name":"Ruisheng Glass","description":"","publisher":{"@id":"https:\/\/ruishengglassco.com\/#organization"},"potentialAction":[{"@type":"SearchAction","target":{"@type":"EntryPoint","urlTemplate":"https:\/\/ruishengglassco.com\/?s={search_term_string}"},"query-input":"required name=search_term_string"}],"inLanguage":"tr"},{"@type":"Organization","@id":"https:\/\/ruishengglassco.com\/#organization","name":"Shandong Yuncheng Ruisheng Glass Co., Ltd","url":"https:\/\/ruishengglassco.com\/","logo":{"@type":"ImageObject","inLanguage":"tr","@id":"https:\/\/ruishengglassco.com\/#\/schema\/logo\/image\/","url":"https:\/\/ruishengglassco.com\/wp-content\/uploads\/2023\/09\/ruisheng_logo_icon.webp","contentUrl":"https:\/\/ruishengglassco.com\/wp-content\/uploads\/2023\/09\/ruisheng_logo_icon.webp","width":400,"height":233,"caption":"Shandong Yuncheng Ruisheng Glass Co., Ltd"},"image":{"@id":"https:\/\/ruishengglassco.com\/#\/schema\/logo\/image\/"},"sameAs":["https:\/\/www.facebook.com\/ruishengglassbottles","https:\/\/www.instagram.com\/Ruishengglassbottlewholesales\/","https:\/\/www.youtube.com\/channel\/UCMmbMNGwsL-XrtjfSFLCdVQ"]}]}},"_links":{"self":[{"href":"https:\/\/ruishengglassco.com\/tr\/wp-json\/wp\/v2\/product\/4365","targetHints":{"allow":["GET"]}}],"collection":[{"href":"https:\/\/ruishengglassco.com\/tr\/wp-json\/wp\/v2\/product"}],"about":[{"href":"https:\/\/ruishengglassco.com\/tr\/wp-json\/wp\/v2\/types\/product"}],"replies":[{"embeddable":true,"href":"https:\/\/ruishengglassco.com\/tr\/wp-json\/wp\/v2\/comments?post=4365"}],"wp:featuredmedia":[{"embeddable":true,"href":"https:\/\/ruishengglassco.com\/tr\/wp-json\/wp\/v2\/media\/4366"}],"wp:attachment":[{"href":"https:\/\/ruishengglassco.com\/tr\/wp-json\/wp\/v2\/media?parent=4365"}],"wp:term":[{"taxonomy":"product_cat","embeddable":true,"href":"https:\/\/ruishengglassco.com\/tr\/wp-json\/wp\/v2\/product_cat?post=4365"}],"curies":[{"name":"wp","href":"https:\/\/api.w.org\/{rel}","templated":true}]}}