{"id":4360,"date":"2025-03-15T22:00:57","date_gmt":"2025-03-15T14:00:57","guid":{"rendered":"https:\/\/ruishengglassco.com\/?post_type=product&#038;p=4360"},"modified":"2025-07-17T14:54:00","modified_gmt":"2025-07-17T06:54:00","slug":"rs017-375ml-likor-viski-brendi-votka-icin-cam-sise-tedarikcisi","status":"publish","type":"product","link":"https:\/\/ruishengglassco.com\/tr\/urun\/rs017-375ml-likor-viski-brendi-votka-icin-cam-sise-tedarikcisi","title":{"rendered":"RS017: Lik\u00f6r \/ Viski \/ Brendi \/ Votka i\u00e7in 375ml Cam \u015ei\u015fe Tedarik\u00e7isi"},"content":{"rendered":"<h2>375ml Cam Lik\u00f6r \u015ei\u015fesi \u00dcreticileri Hakk\u0131nda Detayl\u0131 Bilgi<\/h2>\n<p>Toptan sat\u0131\u015f i\u00e7in bu cam lik\u00f6r \u015fi\u015feleri klasik Bordeaux \u015fi\u015feleridir. D\u00fcnya \u00e7ap\u0131nda alkol ambalaj\u0131 i\u00e7in yayg\u0131n olarak kullan\u0131l\u0131rlar.<\/p>\n<p>Kapak resmi 375 ml'lik bir cam lik\u00f6r \u015fi\u015fesini g\u00f6stermektedir. M\u00fc\u015fteri ihtiya\u00e7lar\u0131n\u0131 kar\u015f\u0131lamak i\u00e7in \u00e7e\u015fitli boyutlarda bo\u015f lik\u00f6r \u015fi\u015feleri yapabiliriz: 100ml, 500ml, 750ml ve 1000ml boyutlar\u0131 mevcuttur.<\/p>\n<p>Genel olarak, \u015fi\u015felerimiz \u015feffaf \u015feffaf renktedir, ancak m\u00fc\u015fteriler ba\u015fka renkler isterse, \u00fcretim s\u00fcrecimiz bunu yapabilir.<\/p>\n<p>Sa\u011flanan \u00fc\u00e7 yayg\u0131n cam \u015fi\u015fe t\u0131pas\u0131 t\u00fcr\u00fc vard\u0131r: Mantar, Vidal\u0131 Kapak ve Guala Kapak. \u0130\u015fte sa\u011flayabilece\u011fimiz cam \u015fi\u015fe t\u0131pas\u0131:<\/p>\n<p><img decoding=\"async\" class=\"aligncenter wp-image-2429 size-full\" src=\"https:\/\/glassbottlewholesale.com\/wp-content\/uploads\/2020\/12\/WX20201229-154422-1.png\" alt=\"cam \u015fi\u0307\u015fe kapaklari toptan sati\u015fi\" width=\"752\" height=\"452\" \/><\/p>\n<p>Profesyonel bir cam lik\u00f6r \u015fi\u015fesi \u00fcreticisi olarak firmam\u0131z OEM \/ ODM \/ \u00d6zel Lik\u00f6r \u015ei\u015fesi hizmeti vermektedir. Lik\u00f6r \u015fi\u015fesi \u00fcretimi hakk\u0131nda herhangi bir sorunuz varsa, l\u00fctfen buradan bizimle ileti\u015fime ge\u00e7in.<\/p>\n<ul>\n<li>\u00dcr\u00fcn Ad\u0131 375ml Cam Lik\u00f6r \u015ei\u015feleri Toptan Sat\u0131\u015f<\/li>\n<li>Referans Numaras\u0131: RS017<\/li>\n<li>Cam Malzemesi: Ekstra \u00c7akmakta\u015f\u0131<\/li>\n<li>\u015ei\u015fe \u015eekli: 375ml D\u00fcz \u015eekilli Lik\u00f6r \u015ei\u015feleri<\/li>\n<li>Nominal Kapasite: 375ml<\/li>\n<li>\u015ei\u015fe A\u011f\u0131rl\u0131\u011f\u0131: 550g<\/li>\n<li>S\u0131zd\u0131rmazl\u0131k Tipi: Ropp \/ GPI \/ Cork \/ Guala \/ Swing Top \/ \u00d6zel S\u0131zd\u0131rmazl\u0131k Y\u00f6ntemi<\/li>\n<li>Uygulama: Votka \u015ei\u015fesi, Viski \u015ei\u015fesi, Konyak \u015ei\u015fesi, Rom \u015ei\u015fesi, Xo \u015ei\u015fesi<\/li>\n<li>Paketleme\n<ul>\n<li>24 adet \/ karton, karton ay\u0131r\u0131c\u0131 ile<\/li>\n<li>6 adet \/ renkli kutu, karton seperat\u00f6rl\u00fc<\/li>\n<li>Karton seperat\u00f6rl\u00fc palet ambalaj\u0131<\/li>\n<li>Karton \/ kutu + palet paketleme<\/li>\n<\/ul>\n<\/li>\n<li>Adedi: Yeni bir \u00e7al\u0131\u015fma i\u00e7in 6000 adet; stok cam \u015fi\u015feler i\u00e7in 1 adet<\/li>\n<li>Teslim S\u00fcresi: 20-30 g\u00fcn<\/li>\n<\/ul>","protected":false},"excerpt":{"rendered":"<p><span data-preserver-spaces=\"true\">Ruisheng Glass Co, Ltd profesyonel bir lik\u00f6r \u015fi\u015feleme \u015firketidir. Bir\u00e7ok kullan\u0131m i\u00e7in toptan cam lik\u00f6r \u015fi\u015feleri sunarlar. Bunlar i\u00e7inde<\/span><span data-preserver-spaces=\"true\">\u015farap, viski, brendi, votka, tekila, XO, \u015fampanya ve di\u011fer alkoll\u00fc i\u00e7ecekleri i\u00e7erir.<\/span><\/p>\n<p><span data-preserver-spaces=\"true\">Biz eski moda bir i\u00e7ki \u015fi\u015fesi \u00fcreticisiyiz. <\/span><span data-preserver-spaces=\"true\">\u00dcr\u00fcnlerimiz <\/span><span data-preserver-spaces=\"true\">ihra\u00e7 edilir<\/span><span data-preserver-spaces=\"true\"> Amerika Birle\u015fik Devletleri'ne, Kanada'ya, <\/span><span data-preserver-spaces=\"true\">Britanya<\/span><span data-preserver-spaces=\"true\">Fransa, Hollanda, Bel\u00e7ika, Rusya, Moskova, G\u00fcney Afrika ve <\/span><span data-preserver-spaces=\"true\">daha fazla<\/span><span data-preserver-spaces=\"true\">.<\/span><span data-preserver-spaces=\"true\"> Ve yerel m\u00fc\u015fterilerin oybirli\u011fiyle \u00f6vg\u00fcs\u00fcn\u00fc kazanm\u0131\u015ft\u0131r.<\/span><\/p>\n<p><span data-preserver-spaces=\"true\">Toptan cam lik\u00f6r \u015fi\u015fesi sipari\u015f etmek istiyorsan\u0131z, i\u015fte m\u00fc\u015fterilerimizin en \u00e7ok ilgilendi\u011fi sorular:<\/span><\/p>\n<p><strong><span data-preserver-spaces=\"true\">-M\u0130KTAR: 10000 ADET (Yakla\u015f\u0131k 10000-30000 adet)<\/span><\/strong><\/p>\n<p><span data-preserver-spaces=\"true\">-\u00dccretsiz \u00d6rnek Sunulmaktad\u0131r. 7 G\u00fcn \u0130\u00e7inde Teslimat<\/span><\/p>\n<p><span data-preserver-spaces=\"true\">-Toplu Sipari\u015f 30 G\u00fcn \u0130\u00e7inde K\u00fcresel Teslimat.<\/span><\/p>\n<p><span data-preserver-spaces=\"true\">-OEM\/ODM\/\u00d6zel Lik\u00f6r \u015ei\u015fesi Hizmeti Sunulmaktad\u0131r.<\/span><\/p>","protected":false},"featured_media":4361,"comment_status":"closed","ping_status":"closed","template":"","meta":[],"product_cat":[55,52,54,56],"class_list":{"0":"post-4360","1":"product","2":"type-product","3":"status-publish","4":"has-post-thumbnail","6":"product_cat-375ml-liquor-bottle-manufacturer","7":"product_cat-vodka-bottle","8":"product_cat-whiskey-bottle","9":"product_cat-xo-brandy-bottle","11":"first","12":"instock","13":"shipping-taxable","14":"product-type-simple"},"yoast_head":"<!-- This site is optimized with the Yoast SEO plugin v22.0 - https:\/\/yoast.com\/wordpress\/plugins\/seo\/ -->\n<title>375ml Glass Liquor Bottles Supplier | Liquor Bottling Companies<\/title>\n<meta name=\"description\" content=\"Ruisheng Glass Co, Ltd, a professional liquor bottling companies, provide 375ml glass liquor bottles wholesale in factory outlet price.\" \/>\n<meta name=\"robots\" content=\"index, follow, max-snippet:-1, max-image-preview:large, max-video-preview:-1\" \/>\n<link rel=\"canonical\" href=\"https:\/\/ruishengglassco.com\/tr\/urun\/rs017-375ml-likor-viski-brendi-votka-icin-cam-sise-tedarikcisi\" \/>\n<meta property=\"og:locale\" content=\"tr_TR\" \/>\n<meta property=\"og:type\" content=\"article\" \/>\n<meta property=\"og:title\" content=\"375ml Glass Liquor Bottles Supplier | Liquor Bottling Companies\" \/>\n<meta property=\"og:description\" content=\"Ruisheng Glass Co, Ltd, a professional liquor bottling companies, provide 375ml glass liquor bottles wholesale in factory outlet price.\" \/>\n<meta property=\"og:url\" content=\"https:\/\/ruishengglassco.com\/tr\/urun\/rs017-375ml-likor-viski-brendi-votka-icin-cam-sise-tedarikcisi\" \/>\n<meta property=\"article:publisher\" content=\"https:\/\/www.facebook.com\/ruishengglassbottles\" \/>\n<meta property=\"article:modified_time\" content=\"2025-07-17T06:54:00+00:00\" \/>\n<meta property=\"og:image\" content=\"https:\/\/ruishengglassco.com\/wp-content\/uploads\/2025\/03\/RS017-375ml-Glass-Bottle-Wholesale-For-Liquor-Whiskey-Brandy-Vodka.webp\" \/>\n\t<meta property=\"og:image:width\" content=\"800\" \/>\n\t<meta property=\"og:image:height\" content=\"800\" \/>\n\t<meta property=\"og:image:type\" content=\"image\/webp\" \/>\n<meta name=\"twitter:card\" content=\"summary_large_image\" \/>\n<meta name=\"twitter:label1\" content=\"Tahmini okuma s\u00fcresi\" \/>\n\t<meta name=\"twitter:data1\" content=\"2 dakika\" \/>\n<script type=\"application\/ld+json\" class=\"yoast-schema-graph\">{\"@context\":\"https:\/\/schema.org\",\"@graph\":[{\"@type\":\"WebPage\",\"@id\":\"https:\/\/ruishengglassco.com\/product\/rs017-375ml-glass-bottle-supplier-for-liquor-whiskey-brandy-vodka\",\"url\":\"https:\/\/ruishengglassco.com\/product\/rs017-375ml-glass-bottle-supplier-for-liquor-whiskey-brandy-vodka\",\"name\":\"375ml Glass Liquor Bottles Supplier | Liquor Bottling Companies\",\"isPartOf\":{\"@id\":\"https:\/\/ruishengglassco.com\/#website\"},\"datePublished\":\"2025-03-15T14:00:57+00:00\",\"dateModified\":\"2025-07-17T06:54:00+00:00\",\"description\":\"Ruisheng Glass Co, Ltd, a professional liquor bottling companies, provide 375ml glass liquor bottles wholesale in factory outlet price.\",\"breadcrumb\":{\"@id\":\"https:\/\/ruishengglassco.com\/product\/rs017-375ml-glass-bottle-supplier-for-liquor-whiskey-brandy-vodka#breadcrumb\"},\"inLanguage\":\"tr\",\"potentialAction\":[{\"@type\":\"ReadAction\",\"target\":[\"https:\/\/ruishengglassco.com\/product\/rs017-375ml-glass-bottle-supplier-for-liquor-whiskey-brandy-vodka\"]}]},{\"@type\":\"BreadcrumbList\",\"@id\":\"https:\/\/ruishengglassco.com\/product\/rs017-375ml-glass-bottle-supplier-for-liquor-whiskey-brandy-vodka#breadcrumb\",\"itemListElement\":[{\"@type\":\"ListItem\",\"position\":1,\"name\":\"Home\",\"item\":\"https:\/\/ruishengglassco.com\/\"},{\"@type\":\"ListItem\",\"position\":2,\"name\":\"Products\",\"item\":\"https:\/\/ruishengglassco.com\/products\"},{\"@type\":\"ListItem\",\"position\":3,\"name\":\"RS017: 375ml Glass Bottle Supplier For Liquor\/Whiskey\/Brandy\/Vodka\"}]},{\"@type\":\"WebSite\",\"@id\":\"https:\/\/ruishengglassco.com\/#website\",\"url\":\"https:\/\/ruishengglassco.com\/\",\"name\":\"Ruisheng Glass\",\"description\":\"\",\"publisher\":{\"@id\":\"https:\/\/ruishengglassco.com\/#organization\"},\"potentialAction\":[{\"@type\":\"SearchAction\",\"target\":{\"@type\":\"EntryPoint\",\"urlTemplate\":\"https:\/\/ruishengglassco.com\/?s={search_term_string}\"},\"query-input\":\"required name=search_term_string\"}],\"inLanguage\":\"tr\"},{\"@type\":\"Organization\",\"@id\":\"https:\/\/ruishengglassco.com\/#organization\",\"name\":\"Shandong Yuncheng Ruisheng Glass Co., Ltd\",\"url\":\"https:\/\/ruishengglassco.com\/\",\"logo\":{\"@type\":\"ImageObject\",\"inLanguage\":\"tr\",\"@id\":\"https:\/\/ruishengglassco.com\/#\/schema\/logo\/image\/\",\"url\":\"https:\/\/ruishengglassco.com\/wp-content\/uploads\/2023\/09\/ruisheng_logo_icon.webp\",\"contentUrl\":\"https:\/\/ruishengglassco.com\/wp-content\/uploads\/2023\/09\/ruisheng_logo_icon.webp\",\"width\":400,\"height\":233,\"caption\":\"Shandong Yuncheng Ruisheng Glass Co., Ltd\"},\"image\":{\"@id\":\"https:\/\/ruishengglassco.com\/#\/schema\/logo\/image\/\"},\"sameAs\":[\"https:\/\/www.facebook.com\/ruishengglassbottles\",\"https:\/\/www.instagram.com\/Ruishengglassbottlewholesales\/\",\"https:\/\/www.youtube.com\/channel\/UCMmbMNGwsL-XrtjfSFLCdVQ\"]}]}<\/script>\n<!-- \/ Yoast SEO plugin. -->","yoast_head_json":{"title":"375ml Glass Liquor Bottles Supplier | Liquor Bottling Companies","description":"Ruisheng Glass Co, Ltd, a professional liquor bottling companies, provide 375ml glass liquor bottles wholesale in factory outlet price.","robots":{"index":"index","follow":"follow","max-snippet":"max-snippet:-1","max-image-preview":"max-image-preview:large","max-video-preview":"max-video-preview:-1"},"canonical":"https:\/\/ruishengglassco.com\/tr\/urun\/rs017-375ml-likor-viski-brendi-votka-icin-cam-sise-tedarikcisi","og_locale":"tr_TR","og_type":"article","og_title":"375ml Glass Liquor Bottles Supplier | Liquor Bottling Companies","og_description":"Ruisheng Glass Co, Ltd, a professional liquor bottling companies, provide 375ml glass liquor bottles wholesale in factory outlet price.","og_url":"https:\/\/ruishengglassco.com\/tr\/urun\/rs017-375ml-likor-viski-brendi-votka-icin-cam-sise-tedarikcisi","article_publisher":"https:\/\/www.facebook.com\/ruishengglassbottles","article_modified_time":"2025-07-17T06:54:00+00:00","og_image":[{"width":800,"height":800,"url":"https:\/\/ruishengglassco.com\/wp-content\/uploads\/2025\/03\/RS017-375ml-Glass-Bottle-Wholesale-For-Liquor-Whiskey-Brandy-Vodka.webp","type":"image\/webp"}],"twitter_card":"summary_large_image","twitter_misc":{"Tahmini okuma s\u00fcresi":"2 dakika"},"schema":{"@context":"https:\/\/schema.org","@graph":[{"@type":"WebPage","@id":"https:\/\/ruishengglassco.com\/product\/rs017-375ml-glass-bottle-supplier-for-liquor-whiskey-brandy-vodka","url":"https:\/\/ruishengglassco.com\/product\/rs017-375ml-glass-bottle-supplier-for-liquor-whiskey-brandy-vodka","name":"375ml Glass Liquor Bottles Supplier | Liquor Bottling Companies","isPartOf":{"@id":"https:\/\/ruishengglassco.com\/#website"},"datePublished":"2025-03-15T14:00:57+00:00","dateModified":"2025-07-17T06:54:00+00:00","description":"Ruisheng Glass Co, Ltd, a professional liquor bottling companies, provide 375ml glass liquor bottles wholesale in factory outlet price.","breadcrumb":{"@id":"https:\/\/ruishengglassco.com\/product\/rs017-375ml-glass-bottle-supplier-for-liquor-whiskey-brandy-vodka#breadcrumb"},"inLanguage":"tr","potentialAction":[{"@type":"ReadAction","target":["https:\/\/ruishengglassco.com\/product\/rs017-375ml-glass-bottle-supplier-for-liquor-whiskey-brandy-vodka"]}]},{"@type":"BreadcrumbList","@id":"https:\/\/ruishengglassco.com\/product\/rs017-375ml-glass-bottle-supplier-for-liquor-whiskey-brandy-vodka#breadcrumb","itemListElement":[{"@type":"ListItem","position":1,"name":"Home","item":"https:\/\/ruishengglassco.com\/"},{"@type":"ListItem","position":2,"name":"Products","item":"https:\/\/ruishengglassco.com\/products"},{"@type":"ListItem","position":3,"name":"RS017: 375ml Glass Bottle Supplier For Liquor\/Whiskey\/Brandy\/Vodka"}]},{"@type":"WebSite","@id":"https:\/\/ruishengglassco.com\/#website","url":"https:\/\/ruishengglassco.com\/","name":"Ruisheng Glass","description":"","publisher":{"@id":"https:\/\/ruishengglassco.com\/#organization"},"potentialAction":[{"@type":"SearchAction","target":{"@type":"EntryPoint","urlTemplate":"https:\/\/ruishengglassco.com\/?s={search_term_string}"},"query-input":"required name=search_term_string"}],"inLanguage":"tr"},{"@type":"Organization","@id":"https:\/\/ruishengglassco.com\/#organization","name":"Shandong Yuncheng Ruisheng Glass Co., Ltd","url":"https:\/\/ruishengglassco.com\/","logo":{"@type":"ImageObject","inLanguage":"tr","@id":"https:\/\/ruishengglassco.com\/#\/schema\/logo\/image\/","url":"https:\/\/ruishengglassco.com\/wp-content\/uploads\/2023\/09\/ruisheng_logo_icon.webp","contentUrl":"https:\/\/ruishengglassco.com\/wp-content\/uploads\/2023\/09\/ruisheng_logo_icon.webp","width":400,"height":233,"caption":"Shandong Yuncheng Ruisheng Glass Co., Ltd"},"image":{"@id":"https:\/\/ruishengglassco.com\/#\/schema\/logo\/image\/"},"sameAs":["https:\/\/www.facebook.com\/ruishengglassbottles","https:\/\/www.instagram.com\/Ruishengglassbottlewholesales\/","https:\/\/www.youtube.com\/channel\/UCMmbMNGwsL-XrtjfSFLCdVQ"]}]}},"_links":{"self":[{"href":"https:\/\/ruishengglassco.com\/tr\/wp-json\/wp\/v2\/product\/4360","targetHints":{"allow":["GET"]}}],"collection":[{"href":"https:\/\/ruishengglassco.com\/tr\/wp-json\/wp\/v2\/product"}],"about":[{"href":"https:\/\/ruishengglassco.com\/tr\/wp-json\/wp\/v2\/types\/product"}],"replies":[{"embeddable":true,"href":"https:\/\/ruishengglassco.com\/tr\/wp-json\/wp\/v2\/comments?post=4360"}],"wp:featuredmedia":[{"embeddable":true,"href":"https:\/\/ruishengglassco.com\/tr\/wp-json\/wp\/v2\/media\/4361"}],"wp:attachment":[{"href":"https:\/\/ruishengglassco.com\/tr\/wp-json\/wp\/v2\/media?parent=4360"}],"wp:term":[{"taxonomy":"product_cat","embeddable":true,"href":"https:\/\/ruishengglassco.com\/tr\/wp-json\/wp\/v2\/product_cat?post=4360"}],"curies":[{"name":"wp","href":"https:\/\/api.w.org\/{rel}","templated":true}]}}