{"id":4353,"date":"2025-03-15T21:52:46","date_gmt":"2025-03-15T13:52:46","guid":{"rendered":"https:\/\/ruishengglassco.com\/?post_type=product&#038;p=4353"},"modified":"2025-07-17T14:52:37","modified_gmt":"2025-07-17T06:52:37","slug":"rs019-ki%cc%87si%cc%87ye-ozel-ci%cc%87n-si%cc%87sesi%cc%87-500ml-700ml-750ml-mali%cc%87yet","status":"publish","type":"product","link":"https:\/\/ruishengglassco.com\/tr\/urun\/rs019-ki%cc%87si%cc%87ye-ozel-ci%cc%87n-si%cc%87sesi%cc%87-500ml-700ml-750ml-mali%cc%87yet","title":{"rendered":"RS019: Ki\u015fiye \u00d6zel Cin \u015ei\u015fesi 500ML\/700ML\/750ML Maliyet"},"content":{"rendered":"<h2>Ki\u015fiye \u00d6zel Cin \u015ei\u015fesi 500ML\/700ML\/750ML Maliyeti Hakk\u0131nda Detayl\u0131 Bilgi<\/h2>\n<ul>\n<li>\u00dcr\u00fcn: Ki\u015fiselle\u015ftirilmi\u015f Cin \u015ei\u015fesi 500ML\/700ML\/750ML<\/li>\n<li>Model Numaras\u0131: RS019<\/li>\n<li>Kullan\u0131m \u015eekli: Cin, ya\u011f, viski, tekila, votka, brendi, su, i\u00e7ecek cam \u015fi\u015fesi<\/li>\n<li>Kapasite: 100ml, 200ml, 250ml, 500ml, 600ml, 700ml, 750ml, 1000ml, 2L<\/li>\n<li>Malzeme: S\u00fcper \u00e7akmakta\u015f\u0131 cam\/ekstra \u00e7akmakta\u015f\u0131 cam<\/li>\n<li>Y\u00fczey \u0130\u015fleme: Kabartmal\u0131, \u00c7\u0131kartma, Boyama, Buzlu, S\u0131cak damgalama, Elektrokaplama<\/li>\n<li>Logo: \u00d6zel logo mevcuttur<\/li>\n<li>\u00d6rnek: Mevcut kal\u0131b\u0131m\u0131z\u0131 kullan\u0131rsan\u0131z \u00fccretsiz olarak sa\u011flan\u0131r.<\/li>\n<li>Paket: Karton b\u00f6l\u00fcc\u00fcl\u00fc kartonlar, palet, palet + karton, \u00f6zelle\u015ftirilmi\u015f logo renkli kutu<\/li>\n<li>Teslimat: Deniz yoluyla, hava yoluyla, ekspres ile<\/li>\n<li>\u00d6deme s\u00fcresi: T \/ T L \/ C Western union<\/li>\n<li>Avantajlar:<\/li>\n<\/ul>\n<p>I). Cam \u015fi\u015fe \u00fcretiminde 10 y\u0131ll\u0131k deneyim ile<\/p>\n<p>II). Y\u00fcksek dereceli \u015feffafl\u0131k, d\u00fc\u015f\u00fck k\u0131r\u0131lma oran\u0131. P\u00fcr\u00fczs\u00fcz y\u00fczey, kabarc\u0131k yok, k\u0131r\u0131\u015f\u0131kl\u0131k yok<\/p>\n<p>III). Kal\u0131n tabanl\u0131 olsa bile renk de \u00e7ok saft\u0131r.<\/p>\n<p>IV). D\u00fc\u015f\u00fck fiyat ama makul.<\/p>\n<p>V). Kal\u0131p maliyeti 50.000 adet sipari\u015f i\u00e7in iade edilebilir<\/p>\n<p>VI). \u00d6zel bir sipari\u015f i\u00e7in h\u0131zl\u0131 numuneler, numune 15 g\u00fcn i\u00e7inde tamamlanabilir.<\/p>\n<p>VII). Ta\u015f\u0131ma s\u0131ras\u0131nda herhangi bir k\u0131r\u0131k \u015fi\u015fe olursa, bir sonraki sipari\u015f i\u00e7in tazminat \u00f6denecektir.<\/p>\n<p>VIII). SGS, TUV, ISO9001, ISO14001 ve di\u011fer testleri ge\u00e7tik.<\/p>\n<p>VX). M\u00fc\u015fteri Ruisheng'den tek elden hizmet alabilir<\/p>","protected":false},"excerpt":{"rendered":"<p><span data-preserver-spaces=\"true\">Bu ki\u015fiselle\u015ftirilmi\u015f cin \u015fi\u015feleri serisi <\/span><span data-preserver-spaces=\"true\">tasarlanm\u0131\u015ft\u0131r<\/span><span data-preserver-spaces=\"true\"> m\u00fc\u015fterilerimiz i\u00e7in <\/span><span data-preserver-spaces=\"true\">itibaren<\/span><span data-preserver-spaces=\"true\"> \u0130ngiltere'de, <\/span><span data-preserver-spaces=\"true\">kullan\u0131lm\u0131\u015f<\/span><span data-preserver-spaces=\"true\"> kuru cin ambalaj\u0131nda.<\/span><span data-preserver-spaces=\"true\"> Benzersiz tasar\u0131m ve \u00e7ekici g\u00f6r\u00fcn\u00fcm m\u00fc\u015fterilerin be\u011fenisini kazan\u0131yor.<\/span><\/p>\n<p><span data-preserver-spaces=\"true\">Ruisheng, \u00c7in'deki en iyi lik\u00f6r \u015fi\u015fesi \u00fcreticisidir. OEM, ODM ve \u00f6zel \u015fi\u015fe hizmetleri sunuyoruz. M\u00fc\u015fterilerimiz aras\u0131nda lik\u00f6r markalar\u0131, \u015firketler, cam \u015fi\u015fe toptanc\u0131lar\u0131 ve distrib\u00fct\u00f6rler bulunmaktad\u0131r.<\/span><\/p>\n<h2><strong><span data-preserver-spaces=\"true\">Ki\u015fiselle\u015ftirilmi\u015f Cin \u015ei\u015feleri Hakk\u0131nda Sipari\u015f Bilgileri<\/span><\/strong><\/h2>\n<p><strong><span data-preserver-spaces=\"true\">-M\u0130KTAR: 10000 ADET (Yakla\u015f\u0131k 10000 adet)<\/span><\/strong><\/p>\n<p><span data-preserver-spaces=\"true\">-\u00dccretsiz \u00d6rnek Sunulmaktad\u0131r. OEM\/ODM Mevcuttur<\/span><\/p>\n<p><span data-preserver-spaces=\"true\">-30 G\u00fcn \u0130\u00e7inde K\u00fcresel Teslimat.<\/span><\/p>\n<p><span data-preserver-spaces=\"true\">E\u011fer sen <\/span><span data-preserver-spaces=\"true\">istiyorum<\/span><span data-preserver-spaces=\"true\"> i\u00e7in <\/span><span data-preserver-spaces=\"true\">ki\u015fiselle\u015ftir<\/span><span data-preserver-spaces=\"true\"> a<\/span> <span data-preserver-spaces=\"true\">Cin \u015fi\u015fesi, l\u00fctfen. <\/span><span data-preserver-spaces=\"true\">\u00f6zg\u00fcr hisset<\/span><span data-preserver-spaces=\"true\"> bizimle ileti\u015fime ge\u00e7mek i\u00e7in.<\/span><\/p>","protected":false},"featured_media":4354,"comment_status":"closed","ping_status":"closed","template":"","meta":[],"product_cat":[41,44,40,50],"class_list":{"0":"post-4353","1":"product","2":"type-product","3":"status-publish","4":"has-post-thumbnail","6":"product_cat-500ml-liquor-bottle-manufacturer","7":"product_cat-700ml-liquor-bottle-manufacturer","8":"product_cat-750ml-liquor-bottle-manufacturer","9":"product_cat-gin-bottle","11":"first","12":"instock","13":"shipping-taxable","14":"product-type-simple"},"yoast_head":"<!-- This site is optimized with the Yoast SEO plugin v22.0 - https:\/\/yoast.com\/wordpress\/plugins\/seo\/ -->\n<title>Personalised Gin Bottle 500ML\/700ML\/750ML Cost<\/title>\n<meta name=\"description\" content=\"Want to get personalised gin bottle? Click here to get custom gin bottle 500ML\/700ML\/750ML cost from China Glass Bottle Manufacturer.\" \/>\n<meta name=\"robots\" content=\"index, follow, max-snippet:-1, max-image-preview:large, max-video-preview:-1\" \/>\n<link rel=\"canonical\" href=\"https:\/\/ruishengglassco.com\/tr\/urun\/rs019-ki\u0307si\u0307ye-ozel-ci\u0307n-si\u0307sesi\u0307-500ml-700ml-750ml-mali\u0307yet\" \/>\n<meta property=\"og:locale\" content=\"tr_TR\" \/>\n<meta property=\"og:type\" content=\"article\" \/>\n<meta property=\"og:title\" content=\"Personalised Gin Bottle 500ML\/700ML\/750ML Cost\" \/>\n<meta property=\"og:description\" content=\"Want to get personalised gin bottle? Click here to get custom gin bottle 500ML\/700ML\/750ML cost from China Glass Bottle Manufacturer.\" \/>\n<meta property=\"og:url\" content=\"https:\/\/ruishengglassco.com\/tr\/urun\/rs019-ki\u0307si\u0307ye-ozel-ci\u0307n-si\u0307sesi\u0307-500ml-700ml-750ml-mali\u0307yet\" \/>\n<meta property=\"article:publisher\" content=\"https:\/\/www.facebook.com\/ruishengglassbottles\" \/>\n<meta property=\"article:modified_time\" content=\"2025-07-17T06:52:37+00:00\" \/>\n<meta property=\"og:image\" content=\"https:\/\/ruishengglassco.com\/wp-content\/uploads\/2025\/03\/RS019-Personalised-Gin-Bottle-500ML-700ML-750ML-Cost.webp\" \/>\n\t<meta property=\"og:image:width\" content=\"800\" \/>\n\t<meta property=\"og:image:height\" content=\"800\" \/>\n\t<meta property=\"og:image:type\" content=\"image\/webp\" \/>\n<meta name=\"twitter:card\" content=\"summary_large_image\" \/>\n<meta name=\"twitter:label1\" content=\"Tahmini okuma s\u00fcresi\" \/>\n\t<meta name=\"twitter:data1\" content=\"2 dakika\" \/>\n<script type=\"application\/ld+json\" class=\"yoast-schema-graph\">{\"@context\":\"https:\/\/schema.org\",\"@graph\":[{\"@type\":\"WebPage\",\"@id\":\"https:\/\/ruishengglassco.com\/product\/rs019-personalised-gin-bottle-500ml-700ml-750ml-cost\",\"url\":\"https:\/\/ruishengglassco.com\/product\/rs019-personalised-gin-bottle-500ml-700ml-750ml-cost\",\"name\":\"Personalised Gin Bottle 500ML\/700ML\/750ML Cost\",\"isPartOf\":{\"@id\":\"https:\/\/ruishengglassco.com\/#website\"},\"datePublished\":\"2025-03-15T13:52:46+00:00\",\"dateModified\":\"2025-07-17T06:52:37+00:00\",\"description\":\"Want to get personalised gin bottle? Click here to get custom gin bottle 500ML\/700ML\/750ML cost from China Glass Bottle Manufacturer.\",\"breadcrumb\":{\"@id\":\"https:\/\/ruishengglassco.com\/product\/rs019-personalised-gin-bottle-500ml-700ml-750ml-cost#breadcrumb\"},\"inLanguage\":\"tr\",\"potentialAction\":[{\"@type\":\"ReadAction\",\"target\":[\"https:\/\/ruishengglassco.com\/product\/rs019-personalised-gin-bottle-500ml-700ml-750ml-cost\"]}]},{\"@type\":\"BreadcrumbList\",\"@id\":\"https:\/\/ruishengglassco.com\/product\/rs019-personalised-gin-bottle-500ml-700ml-750ml-cost#breadcrumb\",\"itemListElement\":[{\"@type\":\"ListItem\",\"position\":1,\"name\":\"Home\",\"item\":\"https:\/\/ruishengglassco.com\/\"},{\"@type\":\"ListItem\",\"position\":2,\"name\":\"Products\",\"item\":\"https:\/\/ruishengglassco.com\/products\"},{\"@type\":\"ListItem\",\"position\":3,\"name\":\"RS019: Personalised Gin Bottle 500ML\/700ML\/750ML Cost\"}]},{\"@type\":\"WebSite\",\"@id\":\"https:\/\/ruishengglassco.com\/#website\",\"url\":\"https:\/\/ruishengglassco.com\/\",\"name\":\"Ruisheng Glass\",\"description\":\"\",\"publisher\":{\"@id\":\"https:\/\/ruishengglassco.com\/#organization\"},\"potentialAction\":[{\"@type\":\"SearchAction\",\"target\":{\"@type\":\"EntryPoint\",\"urlTemplate\":\"https:\/\/ruishengglassco.com\/?s={search_term_string}\"},\"query-input\":\"required name=search_term_string\"}],\"inLanguage\":\"tr\"},{\"@type\":\"Organization\",\"@id\":\"https:\/\/ruishengglassco.com\/#organization\",\"name\":\"Shandong Yuncheng Ruisheng Glass Co., Ltd\",\"url\":\"https:\/\/ruishengglassco.com\/\",\"logo\":{\"@type\":\"ImageObject\",\"inLanguage\":\"tr\",\"@id\":\"https:\/\/ruishengglassco.com\/#\/schema\/logo\/image\/\",\"url\":\"https:\/\/ruishengglassco.com\/wp-content\/uploads\/2023\/09\/ruisheng_logo_icon.webp\",\"contentUrl\":\"https:\/\/ruishengglassco.com\/wp-content\/uploads\/2023\/09\/ruisheng_logo_icon.webp\",\"width\":400,\"height\":233,\"caption\":\"Shandong Yuncheng Ruisheng Glass Co., Ltd\"},\"image\":{\"@id\":\"https:\/\/ruishengglassco.com\/#\/schema\/logo\/image\/\"},\"sameAs\":[\"https:\/\/www.facebook.com\/ruishengglassbottles\",\"https:\/\/www.instagram.com\/Ruishengglassbottlewholesales\/\",\"https:\/\/www.youtube.com\/channel\/UCMmbMNGwsL-XrtjfSFLCdVQ\"]}]}<\/script>\n<!-- \/ Yoast SEO plugin. -->","yoast_head_json":{"title":"Personalised Gin Bottle 500ML\/700ML\/750ML Cost","description":"Want to get personalised gin bottle? Click here to get custom gin bottle 500ML\/700ML\/750ML cost from China Glass Bottle Manufacturer.","robots":{"index":"index","follow":"follow","max-snippet":"max-snippet:-1","max-image-preview":"max-image-preview:large","max-video-preview":"max-video-preview:-1"},"canonical":"https:\/\/ruishengglassco.com\/tr\/urun\/rs019-ki\u0307si\u0307ye-ozel-ci\u0307n-si\u0307sesi\u0307-500ml-700ml-750ml-mali\u0307yet","og_locale":"tr_TR","og_type":"article","og_title":"Personalised Gin Bottle 500ML\/700ML\/750ML Cost","og_description":"Want to get personalised gin bottle? Click here to get custom gin bottle 500ML\/700ML\/750ML cost from China Glass Bottle Manufacturer.","og_url":"https:\/\/ruishengglassco.com\/tr\/urun\/rs019-ki\u0307si\u0307ye-ozel-ci\u0307n-si\u0307sesi\u0307-500ml-700ml-750ml-mali\u0307yet","article_publisher":"https:\/\/www.facebook.com\/ruishengglassbottles","article_modified_time":"2025-07-17T06:52:37+00:00","og_image":[{"width":800,"height":800,"url":"https:\/\/ruishengglassco.com\/wp-content\/uploads\/2025\/03\/RS019-Personalised-Gin-Bottle-500ML-700ML-750ML-Cost.webp","type":"image\/webp"}],"twitter_card":"summary_large_image","twitter_misc":{"Tahmini okuma s\u00fcresi":"2 dakika"},"schema":{"@context":"https:\/\/schema.org","@graph":[{"@type":"WebPage","@id":"https:\/\/ruishengglassco.com\/product\/rs019-personalised-gin-bottle-500ml-700ml-750ml-cost","url":"https:\/\/ruishengglassco.com\/product\/rs019-personalised-gin-bottle-500ml-700ml-750ml-cost","name":"Personalised Gin Bottle 500ML\/700ML\/750ML Cost","isPartOf":{"@id":"https:\/\/ruishengglassco.com\/#website"},"datePublished":"2025-03-15T13:52:46+00:00","dateModified":"2025-07-17T06:52:37+00:00","description":"Want to get personalised gin bottle? Click here to get custom gin bottle 500ML\/700ML\/750ML cost from China Glass Bottle Manufacturer.","breadcrumb":{"@id":"https:\/\/ruishengglassco.com\/product\/rs019-personalised-gin-bottle-500ml-700ml-750ml-cost#breadcrumb"},"inLanguage":"tr","potentialAction":[{"@type":"ReadAction","target":["https:\/\/ruishengglassco.com\/product\/rs019-personalised-gin-bottle-500ml-700ml-750ml-cost"]}]},{"@type":"BreadcrumbList","@id":"https:\/\/ruishengglassco.com\/product\/rs019-personalised-gin-bottle-500ml-700ml-750ml-cost#breadcrumb","itemListElement":[{"@type":"ListItem","position":1,"name":"Home","item":"https:\/\/ruishengglassco.com\/"},{"@type":"ListItem","position":2,"name":"Products","item":"https:\/\/ruishengglassco.com\/products"},{"@type":"ListItem","position":3,"name":"RS019: Personalised Gin Bottle 500ML\/700ML\/750ML Cost"}]},{"@type":"WebSite","@id":"https:\/\/ruishengglassco.com\/#website","url":"https:\/\/ruishengglassco.com\/","name":"Ruisheng Glass","description":"","publisher":{"@id":"https:\/\/ruishengglassco.com\/#organization"},"potentialAction":[{"@type":"SearchAction","target":{"@type":"EntryPoint","urlTemplate":"https:\/\/ruishengglassco.com\/?s={search_term_string}"},"query-input":"required name=search_term_string"}],"inLanguage":"tr"},{"@type":"Organization","@id":"https:\/\/ruishengglassco.com\/#organization","name":"Shandong Yuncheng Ruisheng Glass Co., Ltd","url":"https:\/\/ruishengglassco.com\/","logo":{"@type":"ImageObject","inLanguage":"tr","@id":"https:\/\/ruishengglassco.com\/#\/schema\/logo\/image\/","url":"https:\/\/ruishengglassco.com\/wp-content\/uploads\/2023\/09\/ruisheng_logo_icon.webp","contentUrl":"https:\/\/ruishengglassco.com\/wp-content\/uploads\/2023\/09\/ruisheng_logo_icon.webp","width":400,"height":233,"caption":"Shandong Yuncheng Ruisheng Glass Co., Ltd"},"image":{"@id":"https:\/\/ruishengglassco.com\/#\/schema\/logo\/image\/"},"sameAs":["https:\/\/www.facebook.com\/ruishengglassbottles","https:\/\/www.instagram.com\/Ruishengglassbottlewholesales\/","https:\/\/www.youtube.com\/channel\/UCMmbMNGwsL-XrtjfSFLCdVQ"]}]}},"_links":{"self":[{"href":"https:\/\/ruishengglassco.com\/tr\/wp-json\/wp\/v2\/product\/4353","targetHints":{"allow":["GET"]}}],"collection":[{"href":"https:\/\/ruishengglassco.com\/tr\/wp-json\/wp\/v2\/product"}],"about":[{"href":"https:\/\/ruishengglassco.com\/tr\/wp-json\/wp\/v2\/types\/product"}],"replies":[{"embeddable":true,"href":"https:\/\/ruishengglassco.com\/tr\/wp-json\/wp\/v2\/comments?post=4353"}],"wp:featuredmedia":[{"embeddable":true,"href":"https:\/\/ruishengglassco.com\/tr\/wp-json\/wp\/v2\/media\/4354"}],"wp:attachment":[{"href":"https:\/\/ruishengglassco.com\/tr\/wp-json\/wp\/v2\/media?parent=4353"}],"wp:term":[{"taxonomy":"product_cat","embeddable":true,"href":"https:\/\/ruishengglassco.com\/tr\/wp-json\/wp\/v2\/product_cat?post=4353"}],"curies":[{"name":"wp","href":"https:\/\/api.w.org\/{rel}","templated":true}]}}