{"id":4351,"date":"2025-03-15T21:48:45","date_gmt":"2025-03-15T13:48:45","guid":{"rendered":"https:\/\/ruishengglassco.com\/?post_type=product&#038;p=4351"},"modified":"2025-09-11T16:43:01","modified_gmt":"2025-09-11T08:43:01","slug":"rs020-toptan-750ml-ci%cc%87n-mavi%cc%87-si%cc%87se-fi%cc%87yati-i%cc%87ngi%cc%87ltereye-gonderi%cc%87m","status":"publish","type":"product","link":"https:\/\/ruishengglassco.com\/tr\/urun\/rs020-toptan-750ml-ci%cc%87n-mavi%cc%87-si%cc%87se-fi%cc%87yati-i%cc%87ngi%cc%87ltereye-gonderi%cc%87m","title":{"rendered":"RS020: 750ml Cin Mavi \u015ei\u015fe Fiyat\u0131 \u0130ngiltere'ye G\u00f6nderim"},"content":{"rendered":"<h2>\u0130ngiltere'ye 750ml Cin Mavi \u015ei\u015fe Fiyat G\u00f6nderimi Hakk\u0131nda Detayl\u0131 Bilgi<\/h2>\n<p>Bu cam lik\u00f6r \u015fi\u015fesi esas olarak sek cin i\u00e7indir. Bununla birlikte, viski, votka, tekila ve di\u011fer i\u00e7ecekleri de tutabilir. Toptan 750ml cin mavisi \u015fi\u015femiz, \u00e7evremize dost, berrak, g\u00fczel ve k\u0131r\u0131lmas\u0131 kolay olmayan y\u00fcksek \u00e7akmakta\u015f\u0131 kur\u015funsuz cam malzemeyi benimser.<\/p>\n<p>Profesyonel bir cam \u015fi\u015fe \u00fcreticisi olarak, OEM \/ ODM ve \u00f6zel cam \u015fi\u015fe hizmetlerini kabul ediyoruz. Toptan cin \u015fi\u015felerimizle ilgili herhangi bir gereksiniminiz varsa, l\u00fctfen sat\u0131\u015f ekibimizle sohbet edin.<\/p>\n<ul>\n<li>\u00dcr\u00fcn ad\u0131: toptan 750ml cin mavi \u015fi\u015fe fiyat\u0131<\/li>\n<li>Model Numaras\u0131: RS020<\/li>\n<li>Marka ad\u0131: RUISHENG<\/li>\n<li>Y\u00fczey \u0130\u015fleme: Serigrafi Bask\u0131<\/li>\n<li>End\u00fcstriyel Kullan\u0131m: \u0130\u00e7ecek<\/li>\n<li>Taban Malzemesi: borosilikat \u00e7akmakta\u015f\u0131 cam<\/li>\n<li>G\u00f6vde Malzemesi: borosilikat \u00e7akmakta\u015f\u0131 cam<\/li>\n<li>Yaka Malzemesi: borosilikat \u00e7akmakta\u015f\u0131 cam<\/li>\n<li>S\u0131zd\u0131rmazl\u0131k Tipi: Mantar, Vidal\u0131 Kapak<\/li>\n<li>Men\u015fe Yeri: Shandong, \u00c7in<\/li>\n<li>\u015ei\u015fe Malzemesi: Kristal beyaz malzeme malzemesi Son derece beyaz malzeme<\/li>\n<li>Kullan\u0131m: Cin, ya\u011f, Viski, tekila, votka, brendi, su, i\u00e7ecek vb.<\/li>\n<li>\u015ei\u015fe Rengi: Mavi veya \u00d6zel Renk<\/li>\n<li>Adedi: 10000 adet<\/li>\n<li>\u00d6zellik: \u00c7evre dostu Geri D\u00f6n\u00fc\u015ft\u00fcr\u00fclebilir, OEM\/ODM Mevcut<\/li>\n<li>Nakliye yolu: Deniz Yoluyla, Hava Yoluyla, Vb<\/li>\n<li>Servis: 12 Saat \u0130\u00e7inde Cevap Verin<\/li>\n<li>Tedarik Yetene\u011fi: G\u00fcnde 500000 Adet \/ Adet<\/li>\n<li>Paketleme Detaylar\u0131: \u00d6zel tasar\u0131m sprey votka mavi cam \u015fi\u015fe 500ml 700ml 750ml buzlu lik\u00f6r \/ alkol \/ alkoll\u00fc i\u00e7ki cam \u015fi\u015fe kapakl\u0131<\/li>\n<\/ul>\n<ol>\n<li>Karton ay\u0131r\u0131c\u0131l\u0131 standart ihracat kartonu<\/li>\n<li>Standart ihracat palet ambalaj\u0131<\/li>\n<li>Standart ihracat kartonu + palet ambalaj\u0131<\/li>\n<li>FCG kutu ambalaj\u0131 (Kutu, m\u00fc\u015fterinin fabrikas\u0131nda lik\u00f6r paketlemek i\u00e7in yeniden kullan\u0131lacakt\u0131r)<\/li>\n<\/ol>","protected":false},"excerpt":{"rendered":"<p><span data-preserver-spaces=\"true\">Ruisheng profesyonel bir \u00fcretici, fabrika, tedarik\u00e7i ve cam \u015fi\u015fe ihracat\u00e7\u0131s\u0131d\u0131r. \u0130ngiltere'ye g\u00f6nderilen 750ml mavi cin \u015fi\u015feleri i\u00e7in toptan fiyatlar sunuyorlar.<\/span><\/p>\n<p><span data-preserver-spaces=\"true\">Cin, Genever olarak da adland\u0131r\u0131l\u0131r<\/span><span data-preserver-spaces=\"true\">\uff0c <\/span><span data-preserver-spaces=\"true\">Kuru Cin<\/span><span data-preserver-spaces=\"true\">\uff0c <\/span><span data-preserver-spaces=\"true\">London Gin, Avrupa k\u00f6kenli<\/span><span data-preserver-spaces=\"true\">\uff0c <\/span><span data-preserver-spaces=\"true\">\u00d6zellikle G\u00fcney Fransa, Flandre ve Hollanda'da.<\/span><span data-preserver-spaces=\"true\"> Cinin men\u015fei olan bu b\u00f6lgeler, ba\u015fta \u0130ngiltere olmak \u00fczere cam \u015fi\u015felerimiz i\u00e7in \u00f6nemli pazarlar haline gelmi\u015ftir.<\/span><\/p>\n<h2><strong><span data-preserver-spaces=\"true\">\u0130\u015fte Toptan 750ml Cin Mavi \u015ei\u015fe Hakk\u0131nda Sipari\u015f Bilgileri<\/span><\/strong><\/h2>\n<p><strong><span data-preserver-spaces=\"true\">-M\u0130KTAR: 10000 ADET (Yakla\u015f\u0131k 10000 adet)<\/span><\/strong><\/p>\n<p><span data-preserver-spaces=\"true\">-\u00dccretsiz \u00d6rnek Sunulmaktad\u0131r. OEM \/ ODM Mevcut<\/span><\/p>\n<p><span data-preserver-spaces=\"true\">-30 G\u00fcn \u0130\u00e7inde K\u00fcresel Teslimat.<\/span><\/p>\n<p><span data-preserver-spaces=\"true\">E\u011fer almak istiyorsan<\/span><span data-preserver-spaces=\"true\"> Toptan 750ml cin mavisi \u015fi\u015feler hakk\u0131nda daha fazla bilgi i\u00e7in l\u00fctfen <\/span><span data-preserver-spaces=\"true\">i\u00e7in bir mesaj b\u0131rak\u0131n<\/span><span data-preserver-spaces=\"true\"> sat\u0131\u015f ekibimiz.<\/span><\/p>","protected":false},"featured_media":4352,"comment_status":"closed","ping_status":"closed","template":"","meta":[],"product_cat":[40,50],"class_list":{"0":"post-4351","1":"product","2":"type-product","3":"status-publish","4":"has-post-thumbnail","6":"product_cat-750ml-liquor-bottle-manufacturer","7":"product_cat-gin-bottle","9":"first","10":"instock","11":"shipping-taxable","12":"product-type-simple"},"yoast_head":"<!-- This site is optimized with the Yoast SEO plugin v22.0 - https:\/\/yoast.com\/wordpress\/plugins\/seo\/ -->\n<title>750ml Gin Blue Bottle Price Shipping To The UK<\/title>\n<meta name=\"description\" content=\"Do you want to get Wholesale 750ml Gin Blue Bottle Price Shipping To The UK? Click here to get price from Glass Bottle Manufacturer China.\" \/>\n<meta name=\"robots\" content=\"index, follow, max-snippet:-1, max-image-preview:large, max-video-preview:-1\" \/>\n<link rel=\"canonical\" href=\"https:\/\/ruishengglassco.com\/tr\/urun\/rs020-toptan-750ml-ci\u0307n-mavi\u0307-si\u0307se-fi\u0307yati-i\u0307ngi\u0307ltereye-gonderi\u0307m\" \/>\n<meta property=\"og:locale\" content=\"tr_TR\" \/>\n<meta property=\"og:type\" content=\"article\" \/>\n<meta property=\"og:title\" content=\"750ml Gin Blue Bottle Price Shipping To The UK\" \/>\n<meta property=\"og:description\" content=\"Do you want to get Wholesale 750ml Gin Blue Bottle Price Shipping To The UK? Click here to get price from Glass Bottle Manufacturer China.\" \/>\n<meta property=\"og:url\" content=\"https:\/\/ruishengglassco.com\/tr\/urun\/rs020-toptan-750ml-ci\u0307n-mavi\u0307-si\u0307se-fi\u0307yati-i\u0307ngi\u0307ltereye-gonderi\u0307m\" \/>\n<meta property=\"article:publisher\" content=\"https:\/\/www.facebook.com\/ruishengglassbottles\" \/>\n<meta property=\"article:modified_time\" content=\"2025-09-11T08:43:01+00:00\" \/>\n<meta property=\"og:image\" content=\"https:\/\/ruishengglassco.com\/wp-content\/uploads\/2025\/03\/RS020-Wholesale-750ml-Gin-Blue-Bottle-Price-Shipping-To-The-UK.webp\" \/>\n\t<meta property=\"og:image:width\" content=\"800\" \/>\n\t<meta property=\"og:image:height\" content=\"800\" \/>\n\t<meta property=\"og:image:type\" content=\"image\/webp\" \/>\n<meta name=\"twitter:card\" content=\"summary_large_image\" \/>\n<meta name=\"twitter:label1\" content=\"Tahmini okuma s\u00fcresi\" \/>\n\t<meta name=\"twitter:data1\" content=\"2 dakika\" \/>\n<script type=\"application\/ld+json\" class=\"yoast-schema-graph\">{\"@context\":\"https:\/\/schema.org\",\"@graph\":[{\"@type\":\"WebPage\",\"@id\":\"https:\/\/ruishengglassco.com\/product\/rs020-wholesale-750ml-gin-blue-bottle-price-shipping-to-the-uk\",\"url\":\"https:\/\/ruishengglassco.com\/product\/rs020-wholesale-750ml-gin-blue-bottle-price-shipping-to-the-uk\",\"name\":\"750ml Gin Blue Bottle Price Shipping To The UK\",\"isPartOf\":{\"@id\":\"https:\/\/ruishengglassco.com\/#website\"},\"datePublished\":\"2025-03-15T13:48:45+00:00\",\"dateModified\":\"2025-09-11T08:43:01+00:00\",\"description\":\"Do you want to get Wholesale 750ml Gin Blue Bottle Price Shipping To The UK? Click here to get price from Glass Bottle Manufacturer China.\",\"breadcrumb\":{\"@id\":\"https:\/\/ruishengglassco.com\/product\/rs020-wholesale-750ml-gin-blue-bottle-price-shipping-to-the-uk#breadcrumb\"},\"inLanguage\":\"tr\",\"potentialAction\":[{\"@type\":\"ReadAction\",\"target\":[\"https:\/\/ruishengglassco.com\/product\/rs020-wholesale-750ml-gin-blue-bottle-price-shipping-to-the-uk\"]}]},{\"@type\":\"BreadcrumbList\",\"@id\":\"https:\/\/ruishengglassco.com\/product\/rs020-wholesale-750ml-gin-blue-bottle-price-shipping-to-the-uk#breadcrumb\",\"itemListElement\":[{\"@type\":\"ListItem\",\"position\":1,\"name\":\"Home\",\"item\":\"https:\/\/ruishengglassco.com\/\"},{\"@type\":\"ListItem\",\"position\":2,\"name\":\"Products\",\"item\":\"https:\/\/ruishengglassco.com\/products\"},{\"@type\":\"ListItem\",\"position\":3,\"name\":\"RS020: 750ml Gin Blue Bottle Price Shipping To The UK\"}]},{\"@type\":\"WebSite\",\"@id\":\"https:\/\/ruishengglassco.com\/#website\",\"url\":\"https:\/\/ruishengglassco.com\/\",\"name\":\"Ruisheng Glass\",\"description\":\"\",\"publisher\":{\"@id\":\"https:\/\/ruishengglassco.com\/#organization\"},\"potentialAction\":[{\"@type\":\"SearchAction\",\"target\":{\"@type\":\"EntryPoint\",\"urlTemplate\":\"https:\/\/ruishengglassco.com\/?s={search_term_string}\"},\"query-input\":\"required name=search_term_string\"}],\"inLanguage\":\"tr\"},{\"@type\":\"Organization\",\"@id\":\"https:\/\/ruishengglassco.com\/#organization\",\"name\":\"Shandong Yuncheng Ruisheng Glass Co., Ltd\",\"url\":\"https:\/\/ruishengglassco.com\/\",\"logo\":{\"@type\":\"ImageObject\",\"inLanguage\":\"tr\",\"@id\":\"https:\/\/ruishengglassco.com\/#\/schema\/logo\/image\/\",\"url\":\"https:\/\/ruishengglassco.com\/wp-content\/uploads\/2023\/09\/ruisheng_logo_icon.webp\",\"contentUrl\":\"https:\/\/ruishengglassco.com\/wp-content\/uploads\/2023\/09\/ruisheng_logo_icon.webp\",\"width\":400,\"height\":233,\"caption\":\"Shandong Yuncheng Ruisheng Glass Co., Ltd\"},\"image\":{\"@id\":\"https:\/\/ruishengglassco.com\/#\/schema\/logo\/image\/\"},\"sameAs\":[\"https:\/\/www.facebook.com\/ruishengglassbottles\",\"https:\/\/www.instagram.com\/Ruishengglassbottlewholesales\/\",\"https:\/\/www.youtube.com\/channel\/UCMmbMNGwsL-XrtjfSFLCdVQ\"]}]}<\/script>\n<!-- \/ Yoast SEO plugin. -->","yoast_head_json":{"title":"750ml Gin Blue Bottle Price Shipping To The UK","description":"Do you want to get Wholesale 750ml Gin Blue Bottle Price Shipping To The UK? Click here to get price from Glass Bottle Manufacturer China.","robots":{"index":"index","follow":"follow","max-snippet":"max-snippet:-1","max-image-preview":"max-image-preview:large","max-video-preview":"max-video-preview:-1"},"canonical":"https:\/\/ruishengglassco.com\/tr\/urun\/rs020-toptan-750ml-ci\u0307n-mavi\u0307-si\u0307se-fi\u0307yati-i\u0307ngi\u0307ltereye-gonderi\u0307m","og_locale":"tr_TR","og_type":"article","og_title":"750ml Gin Blue Bottle Price Shipping To The UK","og_description":"Do you want to get Wholesale 750ml Gin Blue Bottle Price Shipping To The UK? Click here to get price from Glass Bottle Manufacturer China.","og_url":"https:\/\/ruishengglassco.com\/tr\/urun\/rs020-toptan-750ml-ci\u0307n-mavi\u0307-si\u0307se-fi\u0307yati-i\u0307ngi\u0307ltereye-gonderi\u0307m","article_publisher":"https:\/\/www.facebook.com\/ruishengglassbottles","article_modified_time":"2025-09-11T08:43:01+00:00","og_image":[{"width":800,"height":800,"url":"https:\/\/ruishengglassco.com\/wp-content\/uploads\/2025\/03\/RS020-Wholesale-750ml-Gin-Blue-Bottle-Price-Shipping-To-The-UK.webp","type":"image\/webp"}],"twitter_card":"summary_large_image","twitter_misc":{"Tahmini okuma s\u00fcresi":"2 dakika"},"schema":{"@context":"https:\/\/schema.org","@graph":[{"@type":"WebPage","@id":"https:\/\/ruishengglassco.com\/product\/rs020-wholesale-750ml-gin-blue-bottle-price-shipping-to-the-uk","url":"https:\/\/ruishengglassco.com\/product\/rs020-wholesale-750ml-gin-blue-bottle-price-shipping-to-the-uk","name":"750ml Gin Blue Bottle Price Shipping To The UK","isPartOf":{"@id":"https:\/\/ruishengglassco.com\/#website"},"datePublished":"2025-03-15T13:48:45+00:00","dateModified":"2025-09-11T08:43:01+00:00","description":"Do you want to get Wholesale 750ml Gin Blue Bottle Price Shipping To The UK? Click here to get price from Glass Bottle Manufacturer China.","breadcrumb":{"@id":"https:\/\/ruishengglassco.com\/product\/rs020-wholesale-750ml-gin-blue-bottle-price-shipping-to-the-uk#breadcrumb"},"inLanguage":"tr","potentialAction":[{"@type":"ReadAction","target":["https:\/\/ruishengglassco.com\/product\/rs020-wholesale-750ml-gin-blue-bottle-price-shipping-to-the-uk"]}]},{"@type":"BreadcrumbList","@id":"https:\/\/ruishengglassco.com\/product\/rs020-wholesale-750ml-gin-blue-bottle-price-shipping-to-the-uk#breadcrumb","itemListElement":[{"@type":"ListItem","position":1,"name":"Home","item":"https:\/\/ruishengglassco.com\/"},{"@type":"ListItem","position":2,"name":"Products","item":"https:\/\/ruishengglassco.com\/products"},{"@type":"ListItem","position":3,"name":"RS020: 750ml Gin Blue Bottle Price Shipping To The UK"}]},{"@type":"WebSite","@id":"https:\/\/ruishengglassco.com\/#website","url":"https:\/\/ruishengglassco.com\/","name":"Ruisheng Glass","description":"","publisher":{"@id":"https:\/\/ruishengglassco.com\/#organization"},"potentialAction":[{"@type":"SearchAction","target":{"@type":"EntryPoint","urlTemplate":"https:\/\/ruishengglassco.com\/?s={search_term_string}"},"query-input":"required name=search_term_string"}],"inLanguage":"tr"},{"@type":"Organization","@id":"https:\/\/ruishengglassco.com\/#organization","name":"Shandong Yuncheng Ruisheng Glass Co., Ltd","url":"https:\/\/ruishengglassco.com\/","logo":{"@type":"ImageObject","inLanguage":"tr","@id":"https:\/\/ruishengglassco.com\/#\/schema\/logo\/image\/","url":"https:\/\/ruishengglassco.com\/wp-content\/uploads\/2023\/09\/ruisheng_logo_icon.webp","contentUrl":"https:\/\/ruishengglassco.com\/wp-content\/uploads\/2023\/09\/ruisheng_logo_icon.webp","width":400,"height":233,"caption":"Shandong Yuncheng Ruisheng Glass Co., Ltd"},"image":{"@id":"https:\/\/ruishengglassco.com\/#\/schema\/logo\/image\/"},"sameAs":["https:\/\/www.facebook.com\/ruishengglassbottles","https:\/\/www.instagram.com\/Ruishengglassbottlewholesales\/","https:\/\/www.youtube.com\/channel\/UCMmbMNGwsL-XrtjfSFLCdVQ"]}]}},"_links":{"self":[{"href":"https:\/\/ruishengglassco.com\/tr\/wp-json\/wp\/v2\/product\/4351","targetHints":{"allow":["GET"]}}],"collection":[{"href":"https:\/\/ruishengglassco.com\/tr\/wp-json\/wp\/v2\/product"}],"about":[{"href":"https:\/\/ruishengglassco.com\/tr\/wp-json\/wp\/v2\/types\/product"}],"replies":[{"embeddable":true,"href":"https:\/\/ruishengglassco.com\/tr\/wp-json\/wp\/v2\/comments?post=4351"}],"wp:featuredmedia":[{"embeddable":true,"href":"https:\/\/ruishengglassco.com\/tr\/wp-json\/wp\/v2\/media\/4352"}],"wp:attachment":[{"href":"https:\/\/ruishengglassco.com\/tr\/wp-json\/wp\/v2\/media?parent=4351"}],"wp:term":[{"taxonomy":"product_cat","embeddable":true,"href":"https:\/\/ruishengglassco.com\/tr\/wp-json\/wp\/v2\/product_cat?post=4351"}],"curies":[{"name":"wp","href":"https:\/\/api.w.org\/{rel}","templated":true}]}}