{"id":4349,"date":"2025-03-15T21:46:38","date_gmt":"2025-03-15T13:46:38","guid":{"rendered":"https:\/\/ruishengglassco.com\/?post_type=product&#038;p=4349"},"modified":"2025-09-11T16:43:24","modified_gmt":"2025-09-11T08:43:24","slug":"rs021-toptan-i%cc%87cki%cc%87-si%cc%87seleri%cc%87-rom-ci%cc%87n-vi%cc%87ski%cc%87-i%cc%87ci%cc%87n-750ml-700ml","status":"publish","type":"product","link":"https:\/\/ruishengglassco.com\/tr\/urun\/rs021-toptan-i%cc%87cki%cc%87-si%cc%87seleri%cc%87-rom-ci%cc%87n-vi%cc%87ski%cc%87-i%cc%87ci%cc%87n-750ml-700ml","title":{"rendered":"RS021: Rom \/ Cin \/ Viski \u0130\u00e7in 750ml \/ 700ml Lik\u00f6r \u015ei\u015feleri"},"content":{"rendered":"<h2>Rom\/ Cin\/ Viski \u0130\u00e7in 750ml\/700ml Lik\u00f6r \u015ei\u015feleri Hakk\u0131nda Detayl\u0131 Bilgi<\/h2>\n<p>Bu 750 ml'lik toptan lik\u00f6r \u015fi\u015felerinde y\u00fcksek flint cam kullan\u0131l\u0131r. Lik\u00f6r, Viski, Brendi, Rom, Cin ve di\u011fer alkoll\u00fc i\u00e7kileri paketlemek i\u00e7in m\u00fckemmeldir.<\/p>\n<p>Ruisheng profesyonel bir cam \u015fi\u015fe \u00fcreticisidir. M\u00fc\u015fterilerimize OEM ve ODM hizmetleri sunuyoruz. Markan\u0131z i\u00e7in lik\u00f6r \u015fi\u015felerini, Logolar\u0131 ve Etiketleri \u00f6zelle\u015ftirebilirsiniz.<\/p>\n<p>Ruisheng'de, b\u00fcy\u00fck \u00f6l\u00e7ekli \u00fcretim ihtiya\u00e7lar\u0131n\u0131za uyacak en zarif cam \u015fi\u015fe stillerini ve \u015fekillerini bulabilece\u011finizi umuyoruz. Buraya t\u0131klayarak do\u011frudan sat\u0131\u015f departman\u0131m\u0131za ula\u015fabilir ve sat\u0131\u015f ekibimize ne arad\u0131\u011f\u0131n\u0131z\u0131 bildirebilirsiniz.<\/p>\n<ul>\n<li>Model Ad\u0131: Toptan Lik\u00f6r \u015ei\u015fesi 750ml<\/li>\n<li>Model Numaras\u0131: Ruisheng021<\/li>\n<li>Marka ad\u0131: RUISHENG<\/li>\n<li><strong>Adedi: 10000 adet<\/strong><\/li>\n<li>Kapasite: 500ml\/700ml\/750ml\/\u00f6zelle\u015ftirilmi\u015f<\/li>\n<li>Y\u00fczey \u0130\u015fleme: S\u0131cak Bask\u0131, Frost, \u00c7\u0131kartma, Kabartma, Serigrafi<\/li>\n<li>Malzeme S\u00fcper Flint Cam<\/li>\n<li>Yaka Malzemesi: \u015eeffaf Cam \u015ei\u015fe<\/li>\n<li>S\u0131zd\u0131rmazl\u0131k Tipi: Vidal\u0131 Kapak, Mantar, Cam Kapak, \u00c7evirmeli Kapak<\/li>\n<li>Kullan\u0131m i\u00e7in: Rom\/Cin\/Viski \u015ei\u015fesi<\/li>\n<li>Men\u015fe Yeri: Shandong, \u00c7in<\/li>\n<li>paket: Standart ihracat kartonlar\u0131 ve paletleri<\/li>\n<li>Hizmet OEM\/ODM Hizmeti<\/li>\n<\/ul>","protected":false},"excerpt":{"rendered":"<p data-block-id=\"3bfc9317-b20e-48b2-b67a-5754d036edf6\" data-pm-slice=\"1 1 []\">Ruisheng, \u00c7in'in en iyi cam \u015fi\u015fe \u00fcreticilerinden biridir. \u015eatolar, lik\u00f6r markalar\u0131 ve \u015firketler i\u00e7in 750 ml'lik toptan lik\u00f6r \u015fi\u015feleri sunmaktad\u0131rlar. Cam lik\u00f6r \u015fi\u015feleri yap\u0131m\u0131nda 10 y\u0131l\u0131 a\u015fk\u0131n deneyime sahibiz. \u015ei\u015felerimiz piyasada iyi tan\u0131nmaktad\u0131r ve ABD, Kanada, Fransa, \u0130ngiltere, Japonya, G\u00fcney Kore ve 20'den fazla di\u011fer \u00fclke ve b\u00f6lgeye ihra\u00e7 edilmektedir.<\/p>\n<h2>\u0130\u015fte Toptan Lik\u00f6r \u015ei\u015feleri 750ml Hakk\u0131nda Sipari\u015f Bilgileri<\/h2>\n<ul>\n<li>No.:Ruisheng-1008<\/li>\n<li><strong>ADEDI: 10000 ADET<\/strong><\/li>\n<li>Malzeme S\u00fcper \u00e7akmakta\u015f\u0131 cam<\/li>\n<li><strong>OEM\/ODM Hizmeti Sunulmaktad\u0131r<\/strong><\/li>\n<li>S\u0131zd\u0131rmazl\u0131k tipi: Mantar \u00fcst \/ vidal\u0131 \u00fcst<\/li>\n<li>\u00d6zellikler: 50ml-1500ml<\/li>\n<li>Paketleme Y\u00f6ntemi: Standart \u0130hracat Ambalaj\u0131 veya \u00d6zel Ambalaj<\/li>\n<li>Teslim S\u00fcresi: \u0130stedi\u011finiz boyut ve miktara g\u00f6re 20-30 g\u00fcn i\u00e7inde.<\/li>\n<\/ul>\n<p>Toptan lik\u00f6r \u015fi\u015feleri fiyat\u0131 almak istiyorsan\u0131z, l\u00fctfen bizimle ileti\u015fime ge\u00e7mek i\u00e7in buraya t\u0131klay\u0131n.<\/p>","protected":false},"featured_media":4350,"comment_status":"closed","ping_status":"closed","template":"","meta":[],"product_cat":[44,40,50,57],"class_list":{"0":"post-4349","1":"product","2":"type-product","3":"status-publish","4":"has-post-thumbnail","6":"product_cat-700ml-liquor-bottle-manufacturer","7":"product_cat-750ml-liquor-bottle-manufacturer","8":"product_cat-gin-bottle","9":"product_cat-rum-bottle","11":"first","12":"instock","13":"shipping-taxable","14":"product-type-simple"},"yoast_head":"<!-- This site is optimized with the Yoast SEO plugin v22.0 - https:\/\/yoast.com\/wordpress\/plugins\/seo\/ -->\n<title>Liquor Bottles 750ml | Glass Bottle Manufacturing Companies<\/title>\n<meta name=\"description\" content=\"Ruisheng, One of the leading glass bottle manufacturing companies in China, provide wholesale liquor bottles 750ml in cheap price.\" \/>\n<meta name=\"robots\" content=\"index, follow, max-snippet:-1, max-image-preview:large, max-video-preview:-1\" \/>\n<link rel=\"canonical\" href=\"https:\/\/ruishengglassco.com\/tr\/urun\/rs021-toptan-i\u0307cki\u0307-si\u0307seleri\u0307-rom-ci\u0307n-vi\u0307ski\u0307-i\u0307ci\u0307n-750ml-700ml\" \/>\n<meta property=\"og:locale\" content=\"tr_TR\" \/>\n<meta property=\"og:type\" content=\"article\" \/>\n<meta property=\"og:title\" content=\"Liquor Bottles 750ml | Glass Bottle Manufacturing Companies\" \/>\n<meta property=\"og:description\" content=\"Ruisheng, One of the leading glass bottle manufacturing companies in China, provide wholesale liquor bottles 750ml in cheap price.\" \/>\n<meta property=\"og:url\" content=\"https:\/\/ruishengglassco.com\/tr\/urun\/rs021-toptan-i\u0307cki\u0307-si\u0307seleri\u0307-rom-ci\u0307n-vi\u0307ski\u0307-i\u0307ci\u0307n-750ml-700ml\" \/>\n<meta property=\"article:publisher\" content=\"https:\/\/www.facebook.com\/ruishengglassbottles\" \/>\n<meta property=\"article:modified_time\" content=\"2025-09-11T08:43:24+00:00\" \/>\n<meta property=\"og:image\" content=\"https:\/\/ruishengglassco.com\/wp-content\/uploads\/2025\/03\/RS021-Wholesale-Liquor-Bottles-750ml-700ml-For-Rum-Gin-Whiskey.webp\" \/>\n\t<meta property=\"og:image:width\" content=\"800\" \/>\n\t<meta property=\"og:image:height\" content=\"800\" \/>\n\t<meta property=\"og:image:type\" content=\"image\/webp\" \/>\n<meta name=\"twitter:card\" content=\"summary_large_image\" \/>\n<meta name=\"twitter:label1\" content=\"Tahmini okuma s\u00fcresi\" \/>\n\t<meta name=\"twitter:data1\" content=\"1 dakika\" \/>\n<script type=\"application\/ld+json\" class=\"yoast-schema-graph\">{\"@context\":\"https:\/\/schema.org\",\"@graph\":[{\"@type\":\"WebPage\",\"@id\":\"https:\/\/ruishengglassco.com\/product\/rs021-wholesale-liquor-bottles-750ml-700ml-for-rum-gin-whiskey\",\"url\":\"https:\/\/ruishengglassco.com\/product\/rs021-wholesale-liquor-bottles-750ml-700ml-for-rum-gin-whiskey\",\"name\":\"Liquor Bottles 750ml | Glass Bottle Manufacturing Companies\",\"isPartOf\":{\"@id\":\"https:\/\/ruishengglassco.com\/#website\"},\"datePublished\":\"2025-03-15T13:46:38+00:00\",\"dateModified\":\"2025-09-11T08:43:24+00:00\",\"description\":\"Ruisheng, One of the leading glass bottle manufacturing companies in China, provide wholesale liquor bottles 750ml in cheap price.\",\"breadcrumb\":{\"@id\":\"https:\/\/ruishengglassco.com\/product\/rs021-wholesale-liquor-bottles-750ml-700ml-for-rum-gin-whiskey#breadcrumb\"},\"inLanguage\":\"tr\",\"potentialAction\":[{\"@type\":\"ReadAction\",\"target\":[\"https:\/\/ruishengglassco.com\/product\/rs021-wholesale-liquor-bottles-750ml-700ml-for-rum-gin-whiskey\"]}]},{\"@type\":\"BreadcrumbList\",\"@id\":\"https:\/\/ruishengglassco.com\/product\/rs021-wholesale-liquor-bottles-750ml-700ml-for-rum-gin-whiskey#breadcrumb\",\"itemListElement\":[{\"@type\":\"ListItem\",\"position\":1,\"name\":\"Home\",\"item\":\"https:\/\/ruishengglassco.com\/\"},{\"@type\":\"ListItem\",\"position\":2,\"name\":\"Products\",\"item\":\"https:\/\/ruishengglassco.com\/products\"},{\"@type\":\"ListItem\",\"position\":3,\"name\":\"RS021: Liquor Bottles 750ml\/700ml For Rum\/Gin\/ Whiskey\"}]},{\"@type\":\"WebSite\",\"@id\":\"https:\/\/ruishengglassco.com\/#website\",\"url\":\"https:\/\/ruishengglassco.com\/\",\"name\":\"Ruisheng Glass\",\"description\":\"\",\"publisher\":{\"@id\":\"https:\/\/ruishengglassco.com\/#organization\"},\"potentialAction\":[{\"@type\":\"SearchAction\",\"target\":{\"@type\":\"EntryPoint\",\"urlTemplate\":\"https:\/\/ruishengglassco.com\/?s={search_term_string}\"},\"query-input\":\"required name=search_term_string\"}],\"inLanguage\":\"tr\"},{\"@type\":\"Organization\",\"@id\":\"https:\/\/ruishengglassco.com\/#organization\",\"name\":\"Shandong Yuncheng Ruisheng Glass Co., Ltd\",\"url\":\"https:\/\/ruishengglassco.com\/\",\"logo\":{\"@type\":\"ImageObject\",\"inLanguage\":\"tr\",\"@id\":\"https:\/\/ruishengglassco.com\/#\/schema\/logo\/image\/\",\"url\":\"https:\/\/ruishengglassco.com\/wp-content\/uploads\/2023\/09\/ruisheng_logo_icon.webp\",\"contentUrl\":\"https:\/\/ruishengglassco.com\/wp-content\/uploads\/2023\/09\/ruisheng_logo_icon.webp\",\"width\":400,\"height\":233,\"caption\":\"Shandong Yuncheng Ruisheng Glass Co., Ltd\"},\"image\":{\"@id\":\"https:\/\/ruishengglassco.com\/#\/schema\/logo\/image\/\"},\"sameAs\":[\"https:\/\/www.facebook.com\/ruishengglassbottles\",\"https:\/\/www.instagram.com\/Ruishengglassbottlewholesales\/\",\"https:\/\/www.youtube.com\/channel\/UCMmbMNGwsL-XrtjfSFLCdVQ\"]}]}<\/script>\n<!-- \/ Yoast SEO plugin. -->","yoast_head_json":{"title":"Liquor Bottles 750ml | Glass Bottle Manufacturing Companies","description":"Ruisheng, One of the leading glass bottle manufacturing companies in China, provide wholesale liquor bottles 750ml in cheap price.","robots":{"index":"index","follow":"follow","max-snippet":"max-snippet:-1","max-image-preview":"max-image-preview:large","max-video-preview":"max-video-preview:-1"},"canonical":"https:\/\/ruishengglassco.com\/tr\/urun\/rs021-toptan-i\u0307cki\u0307-si\u0307seleri\u0307-rom-ci\u0307n-vi\u0307ski\u0307-i\u0307ci\u0307n-750ml-700ml","og_locale":"tr_TR","og_type":"article","og_title":"Liquor Bottles 750ml | Glass Bottle Manufacturing Companies","og_description":"Ruisheng, One of the leading glass bottle manufacturing companies in China, provide wholesale liquor bottles 750ml in cheap price.","og_url":"https:\/\/ruishengglassco.com\/tr\/urun\/rs021-toptan-i\u0307cki\u0307-si\u0307seleri\u0307-rom-ci\u0307n-vi\u0307ski\u0307-i\u0307ci\u0307n-750ml-700ml","article_publisher":"https:\/\/www.facebook.com\/ruishengglassbottles","article_modified_time":"2025-09-11T08:43:24+00:00","og_image":[{"width":800,"height":800,"url":"https:\/\/ruishengglassco.com\/wp-content\/uploads\/2025\/03\/RS021-Wholesale-Liquor-Bottles-750ml-700ml-For-Rum-Gin-Whiskey.webp","type":"image\/webp"}],"twitter_card":"summary_large_image","twitter_misc":{"Tahmini okuma s\u00fcresi":"1 dakika"},"schema":{"@context":"https:\/\/schema.org","@graph":[{"@type":"WebPage","@id":"https:\/\/ruishengglassco.com\/product\/rs021-wholesale-liquor-bottles-750ml-700ml-for-rum-gin-whiskey","url":"https:\/\/ruishengglassco.com\/product\/rs021-wholesale-liquor-bottles-750ml-700ml-for-rum-gin-whiskey","name":"Liquor Bottles 750ml | Glass Bottle Manufacturing Companies","isPartOf":{"@id":"https:\/\/ruishengglassco.com\/#website"},"datePublished":"2025-03-15T13:46:38+00:00","dateModified":"2025-09-11T08:43:24+00:00","description":"Ruisheng, One of the leading glass bottle manufacturing companies in China, provide wholesale liquor bottles 750ml in cheap price.","breadcrumb":{"@id":"https:\/\/ruishengglassco.com\/product\/rs021-wholesale-liquor-bottles-750ml-700ml-for-rum-gin-whiskey#breadcrumb"},"inLanguage":"tr","potentialAction":[{"@type":"ReadAction","target":["https:\/\/ruishengglassco.com\/product\/rs021-wholesale-liquor-bottles-750ml-700ml-for-rum-gin-whiskey"]}]},{"@type":"BreadcrumbList","@id":"https:\/\/ruishengglassco.com\/product\/rs021-wholesale-liquor-bottles-750ml-700ml-for-rum-gin-whiskey#breadcrumb","itemListElement":[{"@type":"ListItem","position":1,"name":"Home","item":"https:\/\/ruishengglassco.com\/"},{"@type":"ListItem","position":2,"name":"Products","item":"https:\/\/ruishengglassco.com\/products"},{"@type":"ListItem","position":3,"name":"RS021: Liquor Bottles 750ml\/700ml For Rum\/Gin\/ Whiskey"}]},{"@type":"WebSite","@id":"https:\/\/ruishengglassco.com\/#website","url":"https:\/\/ruishengglassco.com\/","name":"Ruisheng Glass","description":"","publisher":{"@id":"https:\/\/ruishengglassco.com\/#organization"},"potentialAction":[{"@type":"SearchAction","target":{"@type":"EntryPoint","urlTemplate":"https:\/\/ruishengglassco.com\/?s={search_term_string}"},"query-input":"required name=search_term_string"}],"inLanguage":"tr"},{"@type":"Organization","@id":"https:\/\/ruishengglassco.com\/#organization","name":"Shandong Yuncheng Ruisheng Glass Co., Ltd","url":"https:\/\/ruishengglassco.com\/","logo":{"@type":"ImageObject","inLanguage":"tr","@id":"https:\/\/ruishengglassco.com\/#\/schema\/logo\/image\/","url":"https:\/\/ruishengglassco.com\/wp-content\/uploads\/2023\/09\/ruisheng_logo_icon.webp","contentUrl":"https:\/\/ruishengglassco.com\/wp-content\/uploads\/2023\/09\/ruisheng_logo_icon.webp","width":400,"height":233,"caption":"Shandong Yuncheng Ruisheng Glass Co., Ltd"},"image":{"@id":"https:\/\/ruishengglassco.com\/#\/schema\/logo\/image\/"},"sameAs":["https:\/\/www.facebook.com\/ruishengglassbottles","https:\/\/www.instagram.com\/Ruishengglassbottlewholesales\/","https:\/\/www.youtube.com\/channel\/UCMmbMNGwsL-XrtjfSFLCdVQ"]}]}},"_links":{"self":[{"href":"https:\/\/ruishengglassco.com\/tr\/wp-json\/wp\/v2\/product\/4349","targetHints":{"allow":["GET"]}}],"collection":[{"href":"https:\/\/ruishengglassco.com\/tr\/wp-json\/wp\/v2\/product"}],"about":[{"href":"https:\/\/ruishengglassco.com\/tr\/wp-json\/wp\/v2\/types\/product"}],"replies":[{"embeddable":true,"href":"https:\/\/ruishengglassco.com\/tr\/wp-json\/wp\/v2\/comments?post=4349"}],"wp:featuredmedia":[{"embeddable":true,"href":"https:\/\/ruishengglassco.com\/tr\/wp-json\/wp\/v2\/media\/4350"}],"wp:attachment":[{"href":"https:\/\/ruishengglassco.com\/tr\/wp-json\/wp\/v2\/media?parent=4349"}],"wp:term":[{"taxonomy":"product_cat","embeddable":true,"href":"https:\/\/ruishengglassco.com\/tr\/wp-json\/wp\/v2\/product_cat?post=4349"}],"curies":[{"name":"wp","href":"https:\/\/api.w.org\/{rel}","templated":true}]}}