{"id":4348,"date":"2025-03-15T21:37:28","date_gmt":"2025-03-15T13:37:28","guid":{"rendered":"https:\/\/ruishengglassco.com\/?post_type=product&#038;p=4348"},"modified":"2025-07-17T14:47:59","modified_gmt":"2025-07-17T06:47:59","slug":"rs022-xo-brandy-viski-icin-ozel-750ml-cam-sise","status":"publish","type":"product","link":"https:\/\/ruishengglassco.com\/tr\/urun\/rs022-xo-brandy-viski-icin-ozel-750ml-cam-sise","title":{"rendered":"RS022 XO\/Brandy\/Whisky \u0130\u00e7in \u00d6zel 750ml Cam \u015ei\u015fe"},"content":{"rendered":"<h2>XO\/Brandy\/Whisky \u0130\u00e7in \u00d6zel 750ml Cam \u015ei\u015fe Hakk\u0131nda Detayl\u0131 Bilgi<\/h2>\n<p><span data-preserver-spaces=\"true\">Bu \u00f6zel 750ml cam \u015fi\u015fe serisi esas olarak XO\/Brandy\/Whisky i\u00e7indir<\/span><span data-preserver-spaces=\"true\">. Ki\u015fiselle\u015ftirilmi\u015f<\/span><span data-preserver-spaces=\"true\"> Bel\u00e7ika Kraliyet Akademisi'nden ba\u015f tasar\u0131mc\u0131 Giugiaro taraf\u0131ndan tasarlanan cam \u015fi\u015fe. Benzersiz tasar\u0131m ilk kez g\u00f6renleri kendine \u00e7ekiyor.<\/span><\/p>\n<p><span data-preserver-spaces=\"true\">\u00d6zel 750ml cam \u015fi\u015fe <\/span><span data-preserver-spaces=\"true\">\u00fcretilmi\u015ftir<\/span><span data-preserver-spaces=\"true\"> d\u00fcnyan\u0131n en geli\u015fmi\u015f otomatik cam \u015fi\u015fe \u00fcretim s\u00fcreci kullan\u0131larak \u00fcretilmi\u015ftir. Markan\u0131n rafine karakterini sergilemek i\u00e7in y\u00fcksek kaliteli \u00e7akmakta\u015f\u0131 cam malzemeden \u00fcretilmi\u015ftir.<\/span><\/p>\n<p><span data-preserver-spaces=\"true\">Profesyonel bir lik\u00f6r \u015fi\u015fesi \u00fcreticisi ve fabrikas\u0131 olarak firmam\u0131z, lik\u00f6r markalar\u0131 ve \u015firketleri i\u00e7in OEM \/ ODM hizmetleri de sunmaktad\u0131r. <\/span><span data-preserver-spaces=\"true\">Biz <\/span><span data-preserver-spaces=\"true\">sa\u011flamak<\/span><span data-preserver-spaces=\"true\"> m\u00fc\u015fteriler <\/span><span data-preserver-spaces=\"true\">ile<\/span> <span data-preserver-spaces=\"true\">\u00fccretsiz<\/span><span data-preserver-spaces=\"true\"> cam \u015fi\u015fe kal\u0131plar\u0131 aras\u0131ndan se\u00e7im yapabilirsiniz.<\/span><span data-preserver-spaces=\"true\"> Ayn\u0131 zamanda <\/span><span data-preserver-spaces=\"true\">\u00fcretilecek<\/span><span data-preserver-spaces=\"true\"> Kullan\u0131c\u0131 taraf\u0131ndan sa\u011flanan \u00e7izimlere g\u00f6re.<\/span><\/p>\n<h4><span data-preserver-spaces=\"true\">M\u00fc\u015fteri Endi\u015feleri<\/span><\/h4>\n<ol>\n<li><strong><span data-preserver-spaces=\"true\">\u00d6zel 750ml Cam \u015ei\u015fenin Adedi\u00a0<\/span><\/strong><\/li>\n<\/ol>\n<p><span data-preserver-spaces=\"true\">Profesyonel bir viski \u015fi\u015fesi \u00fcreticisi olarak, perakende fiyatlarla de\u011fil, toptan \u00f6zel 750ml cam \u015fi\u015fe hizmeti sunuyoruz. M\u00fc\u015fteri taban\u0131m\u0131z, paketleme, nakliye ve di\u011fer fakt\u00f6rler g\u00f6z \u00f6n\u00fcne al\u0131nd\u0131\u011f\u0131nda <\/span><strong><span data-preserver-spaces=\"true\">Adedi 10000 Adettir \uff08Yakla\u015f\u0131k 20000 adet)<\/span><\/strong><\/p>\n<p><strong><span data-preserver-spaces=\"true\">2. Ambalaj Hakk\u0131nda<\/span><\/strong><\/p>\n<p><span data-preserver-spaces=\"true\">Hepimizin bildi\u011fi gibi, cam \u015fi\u015feler k\u0131r\u0131lgan \u00fcr\u00fcnlerdir, bu nedenle ambalaja dikkat etmemiz gerekir. M\u00fc\u015fterinin iste\u011fi \u00fczerine i\u00e7 kutu toplu paketleme \/ renkli kutu \/ beyaz kutu \/ ekran kutusu \/ standart ihracat paleti gibi g\u00fcvenli paketleme y\u00f6ntemleri kullan\u0131yoruz.<\/span><\/p>\n<p><strong><span data-preserver-spaces=\"true\">3. Teslimat S\u00fcresi Hakk\u0131nda<\/span><\/strong><\/p>\n<ul>\n<li><span data-preserver-spaces=\"true\">Haz\u0131r stok i\u00e7in: \u00d6deme al\u0131nd\u0131ktan 7 g\u00fcn sonra.<\/span><\/li>\n<li><span data-preserver-spaces=\"true\">Stokta olmayan \u00fcr\u00fcnler i\u00e7in: 25<\/span><span data-preserver-spaces=\"true\"> ~ <\/span><span data-preserver-spaces=\"true\">40 g\u00fcn sonra <\/span><span data-preserver-spaces=\"true\">\u00f6deme alma<\/span><span data-preserver-spaces=\"true\">.<\/span><\/li>\n<\/ul>","protected":false},"excerpt":{"rendered":"<p>\u00c7in'in En \u0130yi Lik\u00f6r \u015ei\u015fesi \u00dcreticisinden XO, Brendi, Viski \u0130\u00e7in \u00d6zel 750ml Cam \u015ei\u015fe - Ruisheng. Ruisheng profesyonel bir cam \u015fi\u015fe \u00fcreticisidir. Cam \u015fi\u015fe tasar\u0131m\u0131 ve \u00fcretiminde 10 y\u0131l\u0131 a\u015fk\u0131n deneyime sahiptirler. 750ml cam \u015fi\u015fe toptan sat\u0131\u015f\u0131m\u0131z a\u011f\u0131rl\u0131kl\u0131 olarak lik\u00f6r, viski, Brendi, XO, Konyak ve Tekila ambalajlar\u0131 i\u00e7in tasarlanm\u0131\u015ft\u0131r.<\/p>\n<p>XO, Brandy, Viski \u0130\u00e7in \u00d6zel 750ml Cam \u015ei\u015fe Hakk\u0131nda Sipari\u015f Bilgileri<\/p>\n<ul>\n<li><strong>Adedi: 10000 Adet (Yakla\u015f\u0131k 20000 adet)<\/strong><\/li>\n<li>Kapasite: 750ml (\u00f6zelle\u015ftirilmi\u015f servis mevcuttur)<\/li>\n<li>Renk: \u015eeffaf<\/li>\n<li>\u00d6zel Hizmet Sunulmaktad\u0131r: Boyut, Kapasite, Desen, Renk, T\u0131pa, Logo, Bask\u0131 vb.<\/li>\n<\/ul>\n<p>Markan\u0131z i\u00e7in \u00f6zel cam \u015fi\u015fe istiyorsan\u0131z, l\u00fctfen bizimle ileti\u015fime ge\u00e7mekten \u00e7ekinmeyin.<\/p>","protected":false},"featured_media":4142,"comment_status":"closed","ping_status":"closed","template":"","meta":[],"product_cat":[40,54,56],"class_list":{"0":"post-4348","1":"product","2":"type-product","3":"status-publish","4":"has-post-thumbnail","6":"product_cat-750ml-liquor-bottle-manufacturer","7":"product_cat-whiskey-bottle","8":"product_cat-xo-brandy-bottle","10":"first","11":"instock","12":"shipping-taxable","13":"product-type-simple"},"yoast_head":"<!-- This site is optimized with the Yoast SEO plugin v22.0 - https:\/\/yoast.com\/wordpress\/plugins\/seo\/ -->\n<title>RS022 Custom 750ml Glass Bottle For XO\/Brandy\/Whisky -<\/title>\n<meta name=\"description\" content=\"Custom 750ml Glass Bottle For XO\/Brandy\/Whisky From China Top Glass Bottle Manufacturer. Factory Outlet&amp;Free Sample Offered.\" \/>\n<meta name=\"robots\" content=\"index, follow, max-snippet:-1, max-image-preview:large, max-video-preview:-1\" \/>\n<link rel=\"canonical\" href=\"https:\/\/ruishengglassco.com\/tr\/urun\/rs022-xo-brandy-viski-icin-ozel-750ml-cam-sise\" \/>\n<meta property=\"og:locale\" content=\"tr_TR\" \/>\n<meta property=\"og:type\" content=\"article\" \/>\n<meta property=\"og:title\" content=\"RS022 Custom 750ml Glass Bottle For XO\/Brandy\/Whisky -\" \/>\n<meta property=\"og:description\" content=\"Custom 750ml Glass Bottle For XO\/Brandy\/Whisky From China Top Glass Bottle Manufacturer. Factory Outlet&amp;Free Sample Offered.\" \/>\n<meta property=\"og:url\" content=\"https:\/\/ruishengglassco.com\/tr\/urun\/rs022-xo-brandy-viski-icin-ozel-750ml-cam-sise\" \/>\n<meta property=\"article:publisher\" content=\"https:\/\/www.facebook.com\/ruishengglassbottles\" \/>\n<meta property=\"article:modified_time\" content=\"2025-07-17T06:47:59+00:00\" \/>\n<meta property=\"og:image\" content=\"https:\/\/ruishengglassco.com\/wp-content\/uploads\/2025\/03\/Transparent-750ml-XO-Bottle.webp\" \/>\n\t<meta property=\"og:image:width\" content=\"800\" \/>\n\t<meta property=\"og:image:height\" content=\"800\" \/>\n\t<meta property=\"og:image:type\" content=\"image\/webp\" \/>\n<meta name=\"twitter:card\" content=\"summary_large_image\" \/>\n<meta name=\"twitter:label1\" content=\"Tahmini okuma s\u00fcresi\" \/>\n\t<meta name=\"twitter:data1\" content=\"2 dakika\" \/>\n<script type=\"application\/ld+json\" class=\"yoast-schema-graph\">{\"@context\":\"https:\/\/schema.org\",\"@graph\":[{\"@type\":\"WebPage\",\"@id\":\"https:\/\/ruishengglassco.com\/product\/rs022-custom-750ml-glass-bottle-for-xo-brandy-whisky\",\"url\":\"https:\/\/ruishengglassco.com\/product\/rs022-custom-750ml-glass-bottle-for-xo-brandy-whisky\",\"name\":\"RS022 Custom 750ml Glass Bottle For XO\/Brandy\/Whisky -\",\"isPartOf\":{\"@id\":\"https:\/\/ruishengglassco.com\/#website\"},\"datePublished\":\"2025-03-15T13:37:28+00:00\",\"dateModified\":\"2025-07-17T06:47:59+00:00\",\"description\":\"Custom 750ml Glass Bottle For XO\/Brandy\/Whisky From China Top Glass Bottle Manufacturer. Factory Outlet&Free Sample Offered.\",\"breadcrumb\":{\"@id\":\"https:\/\/ruishengglassco.com\/product\/rs022-custom-750ml-glass-bottle-for-xo-brandy-whisky#breadcrumb\"},\"inLanguage\":\"tr\",\"potentialAction\":[{\"@type\":\"ReadAction\",\"target\":[\"https:\/\/ruishengglassco.com\/product\/rs022-custom-750ml-glass-bottle-for-xo-brandy-whisky\"]}]},{\"@type\":\"BreadcrumbList\",\"@id\":\"https:\/\/ruishengglassco.com\/product\/rs022-custom-750ml-glass-bottle-for-xo-brandy-whisky#breadcrumb\",\"itemListElement\":[{\"@type\":\"ListItem\",\"position\":1,\"name\":\"Home\",\"item\":\"https:\/\/ruishengglassco.com\/\"},{\"@type\":\"ListItem\",\"position\":2,\"name\":\"Products\",\"item\":\"https:\/\/ruishengglassco.com\/products\"},{\"@type\":\"ListItem\",\"position\":3,\"name\":\"RS022 Custom 750ml Glass Bottle For XO\/Brandy\/Whisky\"}]},{\"@type\":\"WebSite\",\"@id\":\"https:\/\/ruishengglassco.com\/#website\",\"url\":\"https:\/\/ruishengglassco.com\/\",\"name\":\"Ruisheng Glass\",\"description\":\"\",\"publisher\":{\"@id\":\"https:\/\/ruishengglassco.com\/#organization\"},\"potentialAction\":[{\"@type\":\"SearchAction\",\"target\":{\"@type\":\"EntryPoint\",\"urlTemplate\":\"https:\/\/ruishengglassco.com\/?s={search_term_string}\"},\"query-input\":\"required name=search_term_string\"}],\"inLanguage\":\"tr\"},{\"@type\":\"Organization\",\"@id\":\"https:\/\/ruishengglassco.com\/#organization\",\"name\":\"Shandong Yuncheng Ruisheng Glass Co., Ltd\",\"url\":\"https:\/\/ruishengglassco.com\/\",\"logo\":{\"@type\":\"ImageObject\",\"inLanguage\":\"tr\",\"@id\":\"https:\/\/ruishengglassco.com\/#\/schema\/logo\/image\/\",\"url\":\"https:\/\/ruishengglassco.com\/wp-content\/uploads\/2023\/09\/ruisheng_logo_icon.webp\",\"contentUrl\":\"https:\/\/ruishengglassco.com\/wp-content\/uploads\/2023\/09\/ruisheng_logo_icon.webp\",\"width\":400,\"height\":233,\"caption\":\"Shandong Yuncheng Ruisheng Glass Co., Ltd\"},\"image\":{\"@id\":\"https:\/\/ruishengglassco.com\/#\/schema\/logo\/image\/\"},\"sameAs\":[\"https:\/\/www.facebook.com\/ruishengglassbottles\",\"https:\/\/www.instagram.com\/Ruishengglassbottlewholesales\/\",\"https:\/\/www.youtube.com\/channel\/UCMmbMNGwsL-XrtjfSFLCdVQ\"]}]}<\/script>\n<!-- \/ Yoast SEO plugin. -->","yoast_head_json":{"title":"RS022 Custom 750ml Glass Bottle For XO\/Brandy\/Whisky -","description":"Custom 750ml Glass Bottle For XO\/Brandy\/Whisky From China Top Glass Bottle Manufacturer. Factory Outlet&Free Sample Offered.","robots":{"index":"index","follow":"follow","max-snippet":"max-snippet:-1","max-image-preview":"max-image-preview:large","max-video-preview":"max-video-preview:-1"},"canonical":"https:\/\/ruishengglassco.com\/tr\/urun\/rs022-xo-brandy-viski-icin-ozel-750ml-cam-sise","og_locale":"tr_TR","og_type":"article","og_title":"RS022 Custom 750ml Glass Bottle For XO\/Brandy\/Whisky -","og_description":"Custom 750ml Glass Bottle For XO\/Brandy\/Whisky From China Top Glass Bottle Manufacturer. Factory Outlet&Free Sample Offered.","og_url":"https:\/\/ruishengglassco.com\/tr\/urun\/rs022-xo-brandy-viski-icin-ozel-750ml-cam-sise","article_publisher":"https:\/\/www.facebook.com\/ruishengglassbottles","article_modified_time":"2025-07-17T06:47:59+00:00","og_image":[{"width":800,"height":800,"url":"https:\/\/ruishengglassco.com\/wp-content\/uploads\/2025\/03\/Transparent-750ml-XO-Bottle.webp","type":"image\/webp"}],"twitter_card":"summary_large_image","twitter_misc":{"Tahmini okuma s\u00fcresi":"2 dakika"},"schema":{"@context":"https:\/\/schema.org","@graph":[{"@type":"WebPage","@id":"https:\/\/ruishengglassco.com\/product\/rs022-custom-750ml-glass-bottle-for-xo-brandy-whisky","url":"https:\/\/ruishengglassco.com\/product\/rs022-custom-750ml-glass-bottle-for-xo-brandy-whisky","name":"RS022 Custom 750ml Glass Bottle For XO\/Brandy\/Whisky -","isPartOf":{"@id":"https:\/\/ruishengglassco.com\/#website"},"datePublished":"2025-03-15T13:37:28+00:00","dateModified":"2025-07-17T06:47:59+00:00","description":"Custom 750ml Glass Bottle For XO\/Brandy\/Whisky From China Top Glass Bottle Manufacturer. Factory Outlet&Free Sample Offered.","breadcrumb":{"@id":"https:\/\/ruishengglassco.com\/product\/rs022-custom-750ml-glass-bottle-for-xo-brandy-whisky#breadcrumb"},"inLanguage":"tr","potentialAction":[{"@type":"ReadAction","target":["https:\/\/ruishengglassco.com\/product\/rs022-custom-750ml-glass-bottle-for-xo-brandy-whisky"]}]},{"@type":"BreadcrumbList","@id":"https:\/\/ruishengglassco.com\/product\/rs022-custom-750ml-glass-bottle-for-xo-brandy-whisky#breadcrumb","itemListElement":[{"@type":"ListItem","position":1,"name":"Home","item":"https:\/\/ruishengglassco.com\/"},{"@type":"ListItem","position":2,"name":"Products","item":"https:\/\/ruishengglassco.com\/products"},{"@type":"ListItem","position":3,"name":"RS022 Custom 750ml Glass Bottle For XO\/Brandy\/Whisky"}]},{"@type":"WebSite","@id":"https:\/\/ruishengglassco.com\/#website","url":"https:\/\/ruishengglassco.com\/","name":"Ruisheng Glass","description":"","publisher":{"@id":"https:\/\/ruishengglassco.com\/#organization"},"potentialAction":[{"@type":"SearchAction","target":{"@type":"EntryPoint","urlTemplate":"https:\/\/ruishengglassco.com\/?s={search_term_string}"},"query-input":"required name=search_term_string"}],"inLanguage":"tr"},{"@type":"Organization","@id":"https:\/\/ruishengglassco.com\/#organization","name":"Shandong Yuncheng Ruisheng Glass Co., Ltd","url":"https:\/\/ruishengglassco.com\/","logo":{"@type":"ImageObject","inLanguage":"tr","@id":"https:\/\/ruishengglassco.com\/#\/schema\/logo\/image\/","url":"https:\/\/ruishengglassco.com\/wp-content\/uploads\/2023\/09\/ruisheng_logo_icon.webp","contentUrl":"https:\/\/ruishengglassco.com\/wp-content\/uploads\/2023\/09\/ruisheng_logo_icon.webp","width":400,"height":233,"caption":"Shandong Yuncheng Ruisheng Glass Co., Ltd"},"image":{"@id":"https:\/\/ruishengglassco.com\/#\/schema\/logo\/image\/"},"sameAs":["https:\/\/www.facebook.com\/ruishengglassbottles","https:\/\/www.instagram.com\/Ruishengglassbottlewholesales\/","https:\/\/www.youtube.com\/channel\/UCMmbMNGwsL-XrtjfSFLCdVQ"]}]}},"_links":{"self":[{"href":"https:\/\/ruishengglassco.com\/tr\/wp-json\/wp\/v2\/product\/4348","targetHints":{"allow":["GET"]}}],"collection":[{"href":"https:\/\/ruishengglassco.com\/tr\/wp-json\/wp\/v2\/product"}],"about":[{"href":"https:\/\/ruishengglassco.com\/tr\/wp-json\/wp\/v2\/types\/product"}],"replies":[{"embeddable":true,"href":"https:\/\/ruishengglassco.com\/tr\/wp-json\/wp\/v2\/comments?post=4348"}],"wp:featuredmedia":[{"embeddable":true,"href":"https:\/\/ruishengglassco.com\/tr\/wp-json\/wp\/v2\/media\/4142"}],"wp:attachment":[{"href":"https:\/\/ruishengglassco.com\/tr\/wp-json\/wp\/v2\/media?parent=4348"}],"wp:term":[{"taxonomy":"product_cat","embeddable":true,"href":"https:\/\/ruishengglassco.com\/tr\/wp-json\/wp\/v2\/product_cat?post=4348"}],"curies":[{"name":"wp","href":"https:\/\/api.w.org\/{rel}","templated":true}]}}