{"id":4346,"date":"2025-03-15T14:02:55","date_gmt":"2025-03-15T06:02:55","guid":{"rendered":"https:\/\/ruishengglassco.com\/?post_type=product&#038;p=4346"},"modified":"2025-07-17T14:46:54","modified_gmt":"2025-07-17T06:46:54","slug":"rs023-750ml-sarap-sisesi-ureticileri","status":"publish","type":"product","link":"https:\/\/ruishengglassco.com\/tr\/urun\/rs023-750ml-sarap-sisesi-ureticileri","title":{"rendered":"RS023 750ml \u015earap \u015ei\u015feleri \u00dcreticileri"},"content":{"rendered":"<h2>750 ml \u015earap \u015ei\u015fesi \u00dcreticileri \u0130\u00e7in Sipari\u015finizi Ba\u015flat\u0131n<\/h2>\n<p><span data-preserver-spaces=\"true\">Bu 750ml \u015farap \u015fi\u015fesi serisi, cam \u015fi\u015feler i\u00e7in en pop\u00fcler se\u00e7eneklerden biridir. \u00dcr\u00fcn, cam \u015fi\u015feyi daha \u015feffaf, berrak ve k\u0131r\u0131lmaya daha az e\u011filimli hale getirmek i\u00e7in y\u00fcksek kaliteli \u00e7akmakta\u015f\u0131 cam malzeme kullan\u0131r.<\/span><\/p>\n<p><strong><span data-preserver-spaces=\"true\">\u00d6zellikler<\/span><\/strong><\/p>\n<ul>\n<li><span data-preserver-spaces=\"true\">Ortalama 10 y\u0131ll\u0131k deneyime sahip, uluslararas\u0131la\u015fm\u0131\u015f ve tutkulu bir ekip.<\/span><\/li>\n<li><span data-preserver-spaces=\"true\">Kapsaml\u0131 Stok \u00dcretim Hatt\u0131<\/span><\/li>\n<li><span data-preserver-spaces=\"true\">\u00d6zel Tasar\u0131m ve Kal\u0131plar<\/span><\/li>\n<li><span data-preserver-spaces=\"true\">7\/24 \u00c7evrimi\u00e7i \u00c7al\u0131\u015fma<\/span><\/li>\n<\/ul>\n<p><strong><span data-preserver-spaces=\"true\">M\u00fc\u015fteri Endi\u015feli<\/span><\/strong><\/p>\n<ol>\n<li><strong><span data-preserver-spaces=\"true\">750ml Cam \u015earap \u015ei\u015felerinin Toptan Sat\u0131\u015f Adedi Nedir?<\/span><\/strong><\/li>\n<\/ol>\n<p><span data-preserver-spaces=\"true\">Ruisheng profesyonel bir \u015farap \u015fi\u015fesi \u00fcreticisidir<\/span><span data-preserver-spaces=\"true\">. <\/span><span data-preserver-spaces=\"true\">Biz <\/span><span data-preserver-spaces=\"true\">sadece<\/span><span data-preserver-spaces=\"true\"> cam \u015fi\u015feleri perakende olarak de\u011fil, toptan olarak sa\u011flar.<\/span><span data-preserver-spaces=\"true\"> Bu <\/span><strong><span data-preserver-spaces=\"true\">Adedi 10000 Adettir \uff08Yakla\u015f\u0131k 10000 adet)<\/span><\/strong><\/p>\n<p><strong><span data-preserver-spaces=\"true\">2. Bunlar\u0131n kur\u015funsuz ve g\u0131da s\u0131n\u0131f\u0131 oldu\u011funu nas\u0131l bilebiliriz?<\/span><\/strong><\/p>\n<p><span data-preserver-spaces=\"true\">\u00dc\u00e7 tip cam sunuyoruz: <\/span><span data-preserver-spaces=\"true\">yayg\u0131n, y\u00fcksek beyaz ve kristal-beyaz. Hepsi g\u0131da s\u0131n\u0131f\u0131d\u0131r ve kur\u015fun i\u00e7ermez. <\/span><span data-preserver-spaces=\"true\">G\u0131da s\u0131n\u0131f\u0131 testlerini ge\u00e7iyoruz<\/span><span data-preserver-spaces=\"true\">, <\/span><span data-preserver-spaces=\"true\">Yani<\/span><span data-preserver-spaces=\"true\"> g\u00fcvenebilirsiniz<\/span><span data-preserver-spaces=\"true\"> \u00fcr\u00fcnlerimizin g\u00fcvenli\u011fi.<\/span><\/p>\n<p><span data-preserver-spaces=\"true\">3. <\/span><strong><span data-preserver-spaces=\"true\">Kalitenizi kontrol etmek i\u00e7in nas\u0131l numune alabilirim? \u00dccretsiz numune sunuyor musunuz?<\/span><\/strong><\/p>\n<p><span data-preserver-spaces=\"true\">Evet, \u00fccretsiz numuneler mevcuttur ve<\/span> <span data-preserver-spaces=\"true\">do\u011frudan ti\u0307caret g\u00fcvencesi\u0307 <\/span><span data-preserver-spaces=\"true\">sipari\u015fe izin verilir. Sadece navlun bedeli size aittir ve bu bedel sipari\u015finiz teslim edildi\u011finde iade edilecektir. <\/span><span data-preserver-spaces=\"true\">yerle\u015ftirilir<\/span><span data-preserver-spaces=\"true\">. <\/span><span data-preserver-spaces=\"true\">Ya da<\/span><span data-preserver-spaces=\"true\"> e\u011fer bir kurye hesab\u0131n\u0131z varsa, numune ayarlayabiliriz <\/span><span data-preserver-spaces=\"true\">koleksiyon i\u00e7in<\/span><span data-preserver-spaces=\"true\">.<\/span><\/p>\n<p><span data-preserver-spaces=\"true\">\u00a0<\/span><\/p>","protected":false},"excerpt":{"rendered":"<p data-block-id=\"8fa35e9a-1d07-4d51-8e2a-10f10deb4f39\" data-pm-slice=\"1 1 []\">Ruisheng cam \u015fi\u015fe yap\u0131m\u0131nda bir profesyoneldir. \u015earap \u015firketleri, markalar ve daha fazlas\u0131 i\u00e7in toplu olarak 750 ml \u015farap \u015fi\u015feleri sunmaktad\u0131rlar. Firmam\u0131z 10 y\u0131l\u0131 a\u015fk\u0131n s\u00fcredir cam \u015fi\u015fe \u00fcretiminde yer almaktad\u0131r. Profesyonel bir cam \u015fi\u015fe tedarik\u00e7isi olarak, toplu sipari\u015fler i\u00e7in OEM \/ ODM \u00f6zelle\u015ftirilmi\u015f hizmet sunuyoruz.<\/p>\n<h2>750 ml \u015earap \u015ei\u015feleri Toptan Sat\u0131\u015f Hakk\u0131nda Detayl\u0131 Bilgi<\/h2>\n<ul>\n<li>\u0130sim 750 ml \u015earap \u015ei\u015feleri Toptan Sat\u0131\u015f<\/li>\n<li>Model Numaras\u0131: Rs-750<\/li>\n<li>Malzeme S\u00fcper Flint Cam Malzeme<\/li>\n<li>S\u0131zd\u0131rmazl\u0131k Tipi: Mantar, V\u0130DALI KAPAK, Mantar, Cam Kapak, \u00c7evirmeli Kapak, Vidal\u0131 Kapak<\/li>\n<li><span style=\"color: #ff6600;\"><strong>Adedi: 10000 adet (Yakla\u015f\u0131k 10000 adet)<\/strong><\/span><\/li>\n<li>Paketleme Karton b\u00f6l\u00fcc\u00fcl\u00fc kartonlar, palet, palet + karton, \u00f6zelle\u015ftirilmi\u015f logo renkli kutu<\/li>\n<li>Teslimat S\u00fcresi: 7 g\u00fcn i\u00e7inde stokta teslimat. 25-30 g\u00fcn i\u00e7inde \u00f6zelle\u015ftirilmi\u015f \u015fi\u015fe teslimat\u0131.<\/li>\n<\/ul>\n<p>Bu 750 ml \u015farap \u015fi\u015feleri toptan sat\u0131\u015f\u0131 hakk\u0131nda daha fazla ayr\u0131nt\u0131 almak istiyorsan\u0131z, sat\u0131\u015flar\u0131m\u0131zla sohbet etmek i\u00e7in l\u00fctfen buraya t\u0131klay\u0131n.<\/p>\n<p>&nbsp;<\/p>","protected":false},"featured_media":4347,"comment_status":"closed","ping_status":"closed","template":"","meta":[],"product_cat":[40],"class_list":{"0":"post-4346","1":"product","2":"type-product","3":"status-publish","4":"has-post-thumbnail","6":"product_cat-750ml-liquor-bottle-manufacturer","8":"first","9":"instock","10":"shipping-taxable","11":"product-type-simple"},"yoast_head":"<!-- This site is optimized with the Yoast SEO plugin v22.0 - https:\/\/yoast.com\/wordpress\/plugins\/seo\/ -->\n<title>750 ml Wine Bottles Manufacturers | Red Wine Bottle Manufacturer-Ruisheng<\/title>\n<meta name=\"description\" content=\"Ruisheng, a professional glass bottle manufacturer&amp;supplier, provide 750 ml Wine Bottles Manufacturers for wine company, brand, and etc.\" \/>\n<meta name=\"robots\" content=\"index, follow, max-snippet:-1, max-image-preview:large, max-video-preview:-1\" \/>\n<link rel=\"canonical\" href=\"https:\/\/ruishengglassco.com\/tr\/urun\/rs023-750ml-sarap-sisesi-ureticileri\" \/>\n<meta property=\"og:locale\" content=\"tr_TR\" \/>\n<meta property=\"og:type\" content=\"article\" \/>\n<meta property=\"og:title\" content=\"750 ml Wine Bottles Manufacturers | Red Wine Bottle Manufacturer-Ruisheng\" \/>\n<meta property=\"og:description\" content=\"Ruisheng, a professional glass bottle manufacturer&amp;supplier, provide 750 ml Wine Bottles Manufacturers for wine company, brand, and etc.\" \/>\n<meta property=\"og:url\" content=\"https:\/\/ruishengglassco.com\/tr\/urun\/rs023-750ml-sarap-sisesi-ureticileri\" \/>\n<meta property=\"article:publisher\" content=\"https:\/\/www.facebook.com\/ruishengglassbottles\" \/>\n<meta property=\"article:modified_time\" content=\"2025-07-17T06:46:54+00:00\" \/>\n<meta property=\"og:image\" content=\"https:\/\/ruishengglassco.com\/wp-content\/uploads\/2025\/03\/RS023-750-ml-Wine-Bottles-Wholesale.webp\" \/>\n\t<meta property=\"og:image:width\" content=\"1000\" \/>\n\t<meta property=\"og:image:height\" content=\"1000\" \/>\n\t<meta property=\"og:image:type\" content=\"image\/webp\" \/>\n<meta name=\"twitter:card\" content=\"summary_large_image\" \/>\n<meta name=\"twitter:label1\" content=\"Tahmini okuma s\u00fcresi\" \/>\n\t<meta name=\"twitter:data1\" content=\"2 dakika\" \/>\n<script type=\"application\/ld+json\" class=\"yoast-schema-graph\">{\"@context\":\"https:\/\/schema.org\",\"@graph\":[{\"@type\":\"WebPage\",\"@id\":\"https:\/\/ruishengglassco.com\/product\/rs023-750ml-wine-bottles-manufacturers\",\"url\":\"https:\/\/ruishengglassco.com\/product\/rs023-750ml-wine-bottles-manufacturers\",\"name\":\"750 ml Wine Bottles Manufacturers | Red Wine Bottle Manufacturer-Ruisheng\",\"isPartOf\":{\"@id\":\"https:\/\/ruishengglassco.com\/#website\"},\"datePublished\":\"2025-03-15T06:02:55+00:00\",\"dateModified\":\"2025-07-17T06:46:54+00:00\",\"description\":\"Ruisheng, a professional glass bottle manufacturer&supplier, provide 750 ml Wine Bottles Manufacturers for wine company, brand, and etc.\",\"breadcrumb\":{\"@id\":\"https:\/\/ruishengglassco.com\/product\/rs023-750ml-wine-bottles-manufacturers#breadcrumb\"},\"inLanguage\":\"tr\",\"potentialAction\":[{\"@type\":\"ReadAction\",\"target\":[\"https:\/\/ruishengglassco.com\/product\/rs023-750ml-wine-bottles-manufacturers\"]}]},{\"@type\":\"BreadcrumbList\",\"@id\":\"https:\/\/ruishengglassco.com\/product\/rs023-750ml-wine-bottles-manufacturers#breadcrumb\",\"itemListElement\":[{\"@type\":\"ListItem\",\"position\":1,\"name\":\"Home\",\"item\":\"https:\/\/ruishengglassco.com\/\"},{\"@type\":\"ListItem\",\"position\":2,\"name\":\"Products\",\"item\":\"https:\/\/ruishengglassco.com\/products\"},{\"@type\":\"ListItem\",\"position\":3,\"name\":\"RS023 750ml Wine Bottles Manufacturers\"}]},{\"@type\":\"WebSite\",\"@id\":\"https:\/\/ruishengglassco.com\/#website\",\"url\":\"https:\/\/ruishengglassco.com\/\",\"name\":\"Ruisheng Glass\",\"description\":\"\",\"publisher\":{\"@id\":\"https:\/\/ruishengglassco.com\/#organization\"},\"potentialAction\":[{\"@type\":\"SearchAction\",\"target\":{\"@type\":\"EntryPoint\",\"urlTemplate\":\"https:\/\/ruishengglassco.com\/?s={search_term_string}\"},\"query-input\":\"required name=search_term_string\"}],\"inLanguage\":\"tr\"},{\"@type\":\"Organization\",\"@id\":\"https:\/\/ruishengglassco.com\/#organization\",\"name\":\"Shandong Yuncheng Ruisheng Glass Co., Ltd\",\"url\":\"https:\/\/ruishengglassco.com\/\",\"logo\":{\"@type\":\"ImageObject\",\"inLanguage\":\"tr\",\"@id\":\"https:\/\/ruishengglassco.com\/#\/schema\/logo\/image\/\",\"url\":\"https:\/\/ruishengglassco.com\/wp-content\/uploads\/2023\/09\/ruisheng_logo_icon.webp\",\"contentUrl\":\"https:\/\/ruishengglassco.com\/wp-content\/uploads\/2023\/09\/ruisheng_logo_icon.webp\",\"width\":400,\"height\":233,\"caption\":\"Shandong Yuncheng Ruisheng Glass Co., Ltd\"},\"image\":{\"@id\":\"https:\/\/ruishengglassco.com\/#\/schema\/logo\/image\/\"},\"sameAs\":[\"https:\/\/www.facebook.com\/ruishengglassbottles\",\"https:\/\/www.instagram.com\/Ruishengglassbottlewholesales\/\",\"https:\/\/www.youtube.com\/channel\/UCMmbMNGwsL-XrtjfSFLCdVQ\"]}]}<\/script>\n<!-- \/ Yoast SEO plugin. -->","yoast_head_json":{"title":"750 ml Wine Bottles Manufacturers | Red Wine Bottle Manufacturer-Ruisheng","description":"Ruisheng, a professional glass bottle manufacturer&supplier, provide 750 ml Wine Bottles Manufacturers for wine company, brand, and etc.","robots":{"index":"index","follow":"follow","max-snippet":"max-snippet:-1","max-image-preview":"max-image-preview:large","max-video-preview":"max-video-preview:-1"},"canonical":"https:\/\/ruishengglassco.com\/tr\/urun\/rs023-750ml-sarap-sisesi-ureticileri","og_locale":"tr_TR","og_type":"article","og_title":"750 ml Wine Bottles Manufacturers | Red Wine Bottle Manufacturer-Ruisheng","og_description":"Ruisheng, a professional glass bottle manufacturer&supplier, provide 750 ml Wine Bottles Manufacturers for wine company, brand, and etc.","og_url":"https:\/\/ruishengglassco.com\/tr\/urun\/rs023-750ml-sarap-sisesi-ureticileri","article_publisher":"https:\/\/www.facebook.com\/ruishengglassbottles","article_modified_time":"2025-07-17T06:46:54+00:00","og_image":[{"width":1000,"height":1000,"url":"https:\/\/ruishengglassco.com\/wp-content\/uploads\/2025\/03\/RS023-750-ml-Wine-Bottles-Wholesale.webp","type":"image\/webp"}],"twitter_card":"summary_large_image","twitter_misc":{"Tahmini okuma s\u00fcresi":"2 dakika"},"schema":{"@context":"https:\/\/schema.org","@graph":[{"@type":"WebPage","@id":"https:\/\/ruishengglassco.com\/product\/rs023-750ml-wine-bottles-manufacturers","url":"https:\/\/ruishengglassco.com\/product\/rs023-750ml-wine-bottles-manufacturers","name":"750 ml Wine Bottles Manufacturers | Red Wine Bottle Manufacturer-Ruisheng","isPartOf":{"@id":"https:\/\/ruishengglassco.com\/#website"},"datePublished":"2025-03-15T06:02:55+00:00","dateModified":"2025-07-17T06:46:54+00:00","description":"Ruisheng, a professional glass bottle manufacturer&supplier, provide 750 ml Wine Bottles Manufacturers for wine company, brand, and etc.","breadcrumb":{"@id":"https:\/\/ruishengglassco.com\/product\/rs023-750ml-wine-bottles-manufacturers#breadcrumb"},"inLanguage":"tr","potentialAction":[{"@type":"ReadAction","target":["https:\/\/ruishengglassco.com\/product\/rs023-750ml-wine-bottles-manufacturers"]}]},{"@type":"BreadcrumbList","@id":"https:\/\/ruishengglassco.com\/product\/rs023-750ml-wine-bottles-manufacturers#breadcrumb","itemListElement":[{"@type":"ListItem","position":1,"name":"Home","item":"https:\/\/ruishengglassco.com\/"},{"@type":"ListItem","position":2,"name":"Products","item":"https:\/\/ruishengglassco.com\/products"},{"@type":"ListItem","position":3,"name":"RS023 750ml Wine Bottles Manufacturers"}]},{"@type":"WebSite","@id":"https:\/\/ruishengglassco.com\/#website","url":"https:\/\/ruishengglassco.com\/","name":"Ruisheng Glass","description":"","publisher":{"@id":"https:\/\/ruishengglassco.com\/#organization"},"potentialAction":[{"@type":"SearchAction","target":{"@type":"EntryPoint","urlTemplate":"https:\/\/ruishengglassco.com\/?s={search_term_string}"},"query-input":"required name=search_term_string"}],"inLanguage":"tr"},{"@type":"Organization","@id":"https:\/\/ruishengglassco.com\/#organization","name":"Shandong Yuncheng Ruisheng Glass Co., Ltd","url":"https:\/\/ruishengglassco.com\/","logo":{"@type":"ImageObject","inLanguage":"tr","@id":"https:\/\/ruishengglassco.com\/#\/schema\/logo\/image\/","url":"https:\/\/ruishengglassco.com\/wp-content\/uploads\/2023\/09\/ruisheng_logo_icon.webp","contentUrl":"https:\/\/ruishengglassco.com\/wp-content\/uploads\/2023\/09\/ruisheng_logo_icon.webp","width":400,"height":233,"caption":"Shandong Yuncheng Ruisheng Glass Co., Ltd"},"image":{"@id":"https:\/\/ruishengglassco.com\/#\/schema\/logo\/image\/"},"sameAs":["https:\/\/www.facebook.com\/ruishengglassbottles","https:\/\/www.instagram.com\/Ruishengglassbottlewholesales\/","https:\/\/www.youtube.com\/channel\/UCMmbMNGwsL-XrtjfSFLCdVQ"]}]}},"_links":{"self":[{"href":"https:\/\/ruishengglassco.com\/tr\/wp-json\/wp\/v2\/product\/4346","targetHints":{"allow":["GET"]}}],"collection":[{"href":"https:\/\/ruishengglassco.com\/tr\/wp-json\/wp\/v2\/product"}],"about":[{"href":"https:\/\/ruishengglassco.com\/tr\/wp-json\/wp\/v2\/types\/product"}],"replies":[{"embeddable":true,"href":"https:\/\/ruishengglassco.com\/tr\/wp-json\/wp\/v2\/comments?post=4346"}],"wp:featuredmedia":[{"embeddable":true,"href":"https:\/\/ruishengglassco.com\/tr\/wp-json\/wp\/v2\/media\/4347"}],"wp:attachment":[{"href":"https:\/\/ruishengglassco.com\/tr\/wp-json\/wp\/v2\/media?parent=4346"}],"wp:term":[{"taxonomy":"product_cat","embeddable":true,"href":"https:\/\/ruishengglassco.com\/tr\/wp-json\/wp\/v2\/product_cat?post=4346"}],"curies":[{"name":"wp","href":"https:\/\/api.w.org\/{rel}","templated":true}]}}