{"id":4344,"date":"2025-03-15T13:36:42","date_gmt":"2025-03-15T05:36:42","guid":{"rendered":"https:\/\/ruishengglassco.com\/?post_type=product&#038;p=4344"},"modified":"2025-07-17T14:45:52","modified_gmt":"2025-07-17T06:45:52","slug":"re024-500ml-700ml-750ml-eski-tasarim-viski-siseleri-ureticileri","status":"publish","type":"product","link":"https:\/\/ruishengglassco.com\/tr\/urun\/re024-500ml-700ml-750ml-eski-tasarim-viski-siseleri-ureticileri","title":{"rendered":"RE024 500ml\/700ml\/750ml Eski Tasar\u0131m Viski \u015ei\u015feleri \u00dcreticileri"},"content":{"rendered":"<h2>500ml\/700ml\/750ml Eski Viski \u015ei\u015feleri \u00dcreticileri Hakk\u0131nda Detayl\u0131 Bilgi<\/h2>\n<p>Ruisheng, 10 y\u0131l\u0131 a\u015fk\u0131n s\u00fcredir profesyonel bir viski \u015fi\u015fesi \u00fcreticisi ve tedarik\u00e7isidir. Viski \u015fi\u015felerinin toptan sat\u0131\u015f\u0131 ve \u00fcretimi konusunda uzmanla\u015fm\u0131\u015ft\u0131r. D\u00fcnyan\u0131n en geli\u015fmi\u015f tam otomatik viski \u015fi\u015fesi \u00fcretim hatt\u0131na sahibiz. \u00dcretilen \u00fcr\u00fcnler y\u00fcksek \u00e7\u00f6z\u00fcn\u00fcrl\u00fc\u011fe sahiptir ve kolayca zarar g\u00f6rmez. G\u00fcnl\u00fck \u00e7\u0131kt\u0131 200.000 PCS'ye ula\u015fabilir ve bu da m\u00fc\u015fterilerin ihtiya\u00e7 duydu\u011fu viski \u015fi\u015felerini en k\u0131sa s\u00fcrede \u00fcretebilir. Biz bir \u015fi\u015fe \u00fcretim fabrikas\u0131y\u0131z. OEM \/ ODM \u00f6zelle\u015ftirme hizmetleri sunuyoruz. Sadece tasar\u0131m \u00f6rne\u011finizi ve marka logonuzu bize g\u00f6nderin. M\u00fckemmel viski \u015fi\u015fesini yaratman\u0131za yard\u0131mc\u0131 olabiliriz.<\/p>\n<h2>M\u00fc\u015fteri Endi\u015feleri<\/h2>\n<ol>\n<li><strong>Viski \u015ei\u015fesinin Adedi<\/strong><\/li>\n<\/ol>\n<p>Profesyonel bir viski \u015fi\u015fesi \u00fcreticisi olarak, perakende olarak de\u011fil, sadece viski \u015fi\u015fesi toptan sat\u0131\u015f hizmeti veriyoruz. M\u00fc\u015fteri taban\u0131m\u0131z, paketleme, nakliye ve di\u011fer fakt\u00f6rler g\u00f6z \u00f6n\u00fcne al\u0131nd\u0131\u011f\u0131nda, bizim <strong>Adedi <span class=\"mceItemHidden\">10000 ADET \uff08Yakla\u015f\u0131k 20000 adet)<\/span><\/strong><\/p>\n<p><strong>2. Ambalaj Hakk\u0131nda<\/strong><\/p>\n<p>Hepimizin bildi\u011fi gibi, \u015farap \u015fi\u015feleri k\u0131r\u0131lgan \u00fcr\u00fcnlerdir, bu nedenle ambalaja dikkat etmemiz gerekir. M\u00fc\u015fterinin iste\u011fi \u00fczerine i\u00e7 kutu toplu ambalaj \/ renkli kutu \/ beyaz kutu \/ ekran kutusu \/ standart ihracat paleti gibi g\u00fcvenli ambalajlar kullan\u0131yoruz.<\/p>\n<p><strong>3. Teslimat S\u00fcresi Hakk\u0131nda<\/strong><\/p>\n<ul>\n<li>Haz\u0131r stok i\u00e7in: \u00d6deme al\u0131nd\u0131ktan 7 g\u00fcn sonra.<\/li>\n<li>Stokta olmayan \u00fcr\u00fcnler i\u00e7in: \u00d6deme ald\u0131ktan sonra 25 ~ 40 g\u00fcn.<\/li>\n<\/ul>","protected":false},"excerpt":{"rendered":"<p data-block-id=\"3a75f4ee-898b-45f7-9c96-94add5894751\" data-pm-slice=\"1 1 []\">Ruisheng, \u00c7in'deki en iyi viski \u015fi\u015fesi \u00fcreticisidir. Toptan sat\u0131\u015f i\u00e7in eski viski \u015fi\u015feleri sunarlar. Profesyonel viski \u015fi\u015fesi \u00fcreticisi 10 y\u0131l\u0131 a\u015fk\u0131n \u00fcretim tecr\u00fcbesi ile. Markalar, \u015firketler, cam \u015fi\u015fe toptanc\u0131lar\u0131 ve distrib\u00fct\u00f6rler i\u00e7in y\u00fcksek kaliteli viski \u015fi\u015feleri sunar.<\/p>\n<ul>\n<li>\u00dcr\u00fcn: Eski Tasar\u0131m Viski \u015ei\u015fesi Toptan Sat\u0131\u015f<\/li>\n<li>No.:RS024<\/li>\n<li><strong>ADEDI: 10000 ADET<\/strong><\/li>\n<li>Malzeme S\u00fcper \u00e7akmakta\u015f\u0131 cam<\/li>\n<li>OEM\/ODM Hizmeti Sunulmaktad\u0131r<\/li>\n<li>S\u0131zd\u0131rmazl\u0131k tipi: Mantar \u00fcst \/ vidal\u0131 \u00fcst<\/li>\n<li>\u00d6zellikler: 50ml-1500ml<\/li>\n<li>Paketleme Y\u00f6ntemi: Standart \u0130hracat Ambalaj\u0131 veya \u00d6zel Ambalaj<\/li>\n<li>Teslim S\u00fcresi: \u0130stedi\u011finiz boyut ve miktara g\u00f6re 20-30 g\u00fcn i\u00e7inde.<\/li>\n<\/ul>\n<p>Toptan eski viski \u015fi\u015felerimizle ilgileniyorsan\u0131z, teklif almak i\u00e7in buraya t\u0131klay\u0131n.<\/p>","protected":false},"featured_media":4345,"comment_status":"closed","ping_status":"closed","template":"","meta":[],"product_cat":[41,44,40,54],"class_list":{"0":"post-4344","1":"product","2":"type-product","3":"status-publish","4":"has-post-thumbnail","6":"product_cat-500ml-liquor-bottle-manufacturer","7":"product_cat-700ml-liquor-bottle-manufacturer","8":"product_cat-750ml-liquor-bottle-manufacturer","9":"product_cat-whiskey-bottle","11":"first","12":"instock","13":"shipping-taxable","14":"product-type-simple"},"yoast_head":"<!-- This site is optimized with the Yoast SEO plugin v22.0 - https:\/\/yoast.com\/wordpress\/plugins\/seo\/ -->\n<title>Old Whisky Bottles Manufacturers | Best Whiskey Bottles Manufacturer<\/title>\n<meta name=\"description\" content=\"Want to buy Old Whisky Bottles Manufacturers? Click here to get whisky bottle from best whiskey bottles manufacturer China.\" \/>\n<meta name=\"robots\" content=\"index, follow, max-snippet:-1, max-image-preview:large, max-video-preview:-1\" \/>\n<link rel=\"canonical\" href=\"https:\/\/ruishengglassco.com\/tr\/urun\/re024-500ml-700ml-750ml-eski-tasarim-viski-siseleri-ureticileri\" \/>\n<meta property=\"og:locale\" content=\"tr_TR\" \/>\n<meta property=\"og:type\" content=\"article\" \/>\n<meta property=\"og:title\" content=\"Old Whisky Bottles Manufacturers | Best Whiskey Bottles Manufacturer\" \/>\n<meta property=\"og:description\" content=\"Want to buy Old Whisky Bottles Manufacturers? Click here to get whisky bottle from best whiskey bottles manufacturer China.\" \/>\n<meta property=\"og:url\" content=\"https:\/\/ruishengglassco.com\/tr\/urun\/re024-500ml-700ml-750ml-eski-tasarim-viski-siseleri-ureticileri\" \/>\n<meta property=\"article:publisher\" content=\"https:\/\/www.facebook.com\/ruishengglassbottles\" \/>\n<meta property=\"article:modified_time\" content=\"2025-07-17T06:45:52+00:00\" \/>\n<meta property=\"og:image\" content=\"https:\/\/ruishengglassco.com\/wp-content\/uploads\/2025\/03\/RE024-500ml-700ml-750ml-Old-Design-Whisky-Bottles-Wholesale.webp\" \/>\n\t<meta property=\"og:image:width\" content=\"800\" \/>\n\t<meta property=\"og:image:height\" content=\"800\" \/>\n\t<meta property=\"og:image:type\" content=\"image\/webp\" \/>\n<meta name=\"twitter:card\" content=\"summary_large_image\" \/>\n<meta name=\"twitter:label1\" content=\"Tahmini okuma s\u00fcresi\" \/>\n\t<meta name=\"twitter:data1\" content=\"2 dakika\" \/>\n<script type=\"application\/ld+json\" class=\"yoast-schema-graph\">{\"@context\":\"https:\/\/schema.org\",\"@graph\":[{\"@type\":\"WebPage\",\"@id\":\"https:\/\/ruishengglassco.com\/product\/re024-500ml-700ml-750ml-old-design-whisky-bottles-manufacturers\",\"url\":\"https:\/\/ruishengglassco.com\/product\/re024-500ml-700ml-750ml-old-design-whisky-bottles-manufacturers\",\"name\":\"Old Whisky Bottles Manufacturers | Best Whiskey Bottles Manufacturer\",\"isPartOf\":{\"@id\":\"https:\/\/ruishengglassco.com\/#website\"},\"datePublished\":\"2025-03-15T05:36:42+00:00\",\"dateModified\":\"2025-07-17T06:45:52+00:00\",\"description\":\"Want to buy Old Whisky Bottles Manufacturers? Click here to get whisky bottle from best whiskey bottles manufacturer China.\",\"breadcrumb\":{\"@id\":\"https:\/\/ruishengglassco.com\/product\/re024-500ml-700ml-750ml-old-design-whisky-bottles-manufacturers#breadcrumb\"},\"inLanguage\":\"tr\",\"potentialAction\":[{\"@type\":\"ReadAction\",\"target\":[\"https:\/\/ruishengglassco.com\/product\/re024-500ml-700ml-750ml-old-design-whisky-bottles-manufacturers\"]}]},{\"@type\":\"BreadcrumbList\",\"@id\":\"https:\/\/ruishengglassco.com\/product\/re024-500ml-700ml-750ml-old-design-whisky-bottles-manufacturers#breadcrumb\",\"itemListElement\":[{\"@type\":\"ListItem\",\"position\":1,\"name\":\"Home\",\"item\":\"https:\/\/ruishengglassco.com\/\"},{\"@type\":\"ListItem\",\"position\":2,\"name\":\"Products\",\"item\":\"https:\/\/ruishengglassco.com\/products\"},{\"@type\":\"ListItem\",\"position\":3,\"name\":\"RE024 500ml\/700ml\/750ml Old Design Whisky Bottles Manufacturers\"}]},{\"@type\":\"WebSite\",\"@id\":\"https:\/\/ruishengglassco.com\/#website\",\"url\":\"https:\/\/ruishengglassco.com\/\",\"name\":\"Ruisheng Glass\",\"description\":\"\",\"publisher\":{\"@id\":\"https:\/\/ruishengglassco.com\/#organization\"},\"potentialAction\":[{\"@type\":\"SearchAction\",\"target\":{\"@type\":\"EntryPoint\",\"urlTemplate\":\"https:\/\/ruishengglassco.com\/?s={search_term_string}\"},\"query-input\":\"required name=search_term_string\"}],\"inLanguage\":\"tr\"},{\"@type\":\"Organization\",\"@id\":\"https:\/\/ruishengglassco.com\/#organization\",\"name\":\"Shandong Yuncheng Ruisheng Glass Co., Ltd\",\"url\":\"https:\/\/ruishengglassco.com\/\",\"logo\":{\"@type\":\"ImageObject\",\"inLanguage\":\"tr\",\"@id\":\"https:\/\/ruishengglassco.com\/#\/schema\/logo\/image\/\",\"url\":\"https:\/\/ruishengglassco.com\/wp-content\/uploads\/2023\/09\/ruisheng_logo_icon.webp\",\"contentUrl\":\"https:\/\/ruishengglassco.com\/wp-content\/uploads\/2023\/09\/ruisheng_logo_icon.webp\",\"width\":400,\"height\":233,\"caption\":\"Shandong Yuncheng Ruisheng Glass Co., Ltd\"},\"image\":{\"@id\":\"https:\/\/ruishengglassco.com\/#\/schema\/logo\/image\/\"},\"sameAs\":[\"https:\/\/www.facebook.com\/ruishengglassbottles\",\"https:\/\/www.instagram.com\/Ruishengglassbottlewholesales\/\",\"https:\/\/www.youtube.com\/channel\/UCMmbMNGwsL-XrtjfSFLCdVQ\"]}]}<\/script>\n<!-- \/ Yoast SEO plugin. -->","yoast_head_json":{"title":"Old Whisky Bottles Manufacturers | Best Whiskey Bottles Manufacturer","description":"Want to buy Old Whisky Bottles Manufacturers? Click here to get whisky bottle from best whiskey bottles manufacturer China.","robots":{"index":"index","follow":"follow","max-snippet":"max-snippet:-1","max-image-preview":"max-image-preview:large","max-video-preview":"max-video-preview:-1"},"canonical":"https:\/\/ruishengglassco.com\/tr\/urun\/re024-500ml-700ml-750ml-eski-tasarim-viski-siseleri-ureticileri","og_locale":"tr_TR","og_type":"article","og_title":"Old Whisky Bottles Manufacturers | Best Whiskey Bottles Manufacturer","og_description":"Want to buy Old Whisky Bottles Manufacturers? Click here to get whisky bottle from best whiskey bottles manufacturer China.","og_url":"https:\/\/ruishengglassco.com\/tr\/urun\/re024-500ml-700ml-750ml-eski-tasarim-viski-siseleri-ureticileri","article_publisher":"https:\/\/www.facebook.com\/ruishengglassbottles","article_modified_time":"2025-07-17T06:45:52+00:00","og_image":[{"width":800,"height":800,"url":"https:\/\/ruishengglassco.com\/wp-content\/uploads\/2025\/03\/RE024-500ml-700ml-750ml-Old-Design-Whisky-Bottles-Wholesale.webp","type":"image\/webp"}],"twitter_card":"summary_large_image","twitter_misc":{"Tahmini okuma s\u00fcresi":"2 dakika"},"schema":{"@context":"https:\/\/schema.org","@graph":[{"@type":"WebPage","@id":"https:\/\/ruishengglassco.com\/product\/re024-500ml-700ml-750ml-old-design-whisky-bottles-manufacturers","url":"https:\/\/ruishengglassco.com\/product\/re024-500ml-700ml-750ml-old-design-whisky-bottles-manufacturers","name":"Old Whisky Bottles Manufacturers | Best Whiskey Bottles Manufacturer","isPartOf":{"@id":"https:\/\/ruishengglassco.com\/#website"},"datePublished":"2025-03-15T05:36:42+00:00","dateModified":"2025-07-17T06:45:52+00:00","description":"Want to buy Old Whisky Bottles Manufacturers? Click here to get whisky bottle from best whiskey bottles manufacturer China.","breadcrumb":{"@id":"https:\/\/ruishengglassco.com\/product\/re024-500ml-700ml-750ml-old-design-whisky-bottles-manufacturers#breadcrumb"},"inLanguage":"tr","potentialAction":[{"@type":"ReadAction","target":["https:\/\/ruishengglassco.com\/product\/re024-500ml-700ml-750ml-old-design-whisky-bottles-manufacturers"]}]},{"@type":"BreadcrumbList","@id":"https:\/\/ruishengglassco.com\/product\/re024-500ml-700ml-750ml-old-design-whisky-bottles-manufacturers#breadcrumb","itemListElement":[{"@type":"ListItem","position":1,"name":"Home","item":"https:\/\/ruishengglassco.com\/"},{"@type":"ListItem","position":2,"name":"Products","item":"https:\/\/ruishengglassco.com\/products"},{"@type":"ListItem","position":3,"name":"RE024 500ml\/700ml\/750ml Old Design Whisky Bottles Manufacturers"}]},{"@type":"WebSite","@id":"https:\/\/ruishengglassco.com\/#website","url":"https:\/\/ruishengglassco.com\/","name":"Ruisheng Glass","description":"","publisher":{"@id":"https:\/\/ruishengglassco.com\/#organization"},"potentialAction":[{"@type":"SearchAction","target":{"@type":"EntryPoint","urlTemplate":"https:\/\/ruishengglassco.com\/?s={search_term_string}"},"query-input":"required name=search_term_string"}],"inLanguage":"tr"},{"@type":"Organization","@id":"https:\/\/ruishengglassco.com\/#organization","name":"Shandong Yuncheng Ruisheng Glass Co., Ltd","url":"https:\/\/ruishengglassco.com\/","logo":{"@type":"ImageObject","inLanguage":"tr","@id":"https:\/\/ruishengglassco.com\/#\/schema\/logo\/image\/","url":"https:\/\/ruishengglassco.com\/wp-content\/uploads\/2023\/09\/ruisheng_logo_icon.webp","contentUrl":"https:\/\/ruishengglassco.com\/wp-content\/uploads\/2023\/09\/ruisheng_logo_icon.webp","width":400,"height":233,"caption":"Shandong Yuncheng Ruisheng Glass Co., Ltd"},"image":{"@id":"https:\/\/ruishengglassco.com\/#\/schema\/logo\/image\/"},"sameAs":["https:\/\/www.facebook.com\/ruishengglassbottles","https:\/\/www.instagram.com\/Ruishengglassbottlewholesales\/","https:\/\/www.youtube.com\/channel\/UCMmbMNGwsL-XrtjfSFLCdVQ"]}]}},"_links":{"self":[{"href":"https:\/\/ruishengglassco.com\/tr\/wp-json\/wp\/v2\/product\/4344","targetHints":{"allow":["GET"]}}],"collection":[{"href":"https:\/\/ruishengglassco.com\/tr\/wp-json\/wp\/v2\/product"}],"about":[{"href":"https:\/\/ruishengglassco.com\/tr\/wp-json\/wp\/v2\/types\/product"}],"replies":[{"embeddable":true,"href":"https:\/\/ruishengglassco.com\/tr\/wp-json\/wp\/v2\/comments?post=4344"}],"wp:featuredmedia":[{"embeddable":true,"href":"https:\/\/ruishengglassco.com\/tr\/wp-json\/wp\/v2\/media\/4345"}],"wp:attachment":[{"href":"https:\/\/ruishengglassco.com\/tr\/wp-json\/wp\/v2\/media?parent=4344"}],"wp:term":[{"taxonomy":"product_cat","embeddable":true,"href":"https:\/\/ruishengglassco.com\/tr\/wp-json\/wp\/v2\/product_cat?post=4344"}],"curies":[{"name":"wp","href":"https:\/\/api.w.org\/{rel}","templated":true}]}}