{"id":4341,"date":"2025-03-15T13:34:18","date_gmt":"2025-03-15T05:34:18","guid":{"rendered":"https:\/\/ruishengglassco.com\/?post_type=product&#038;p=4341"},"modified":"2025-07-17T14:44:45","modified_gmt":"2025-07-17T06:44:45","slug":"rs025-700ml-750ml-yuvarlak-bos-viski-siseleri","status":"publish","type":"product","link":"https:\/\/ruishengglassco.com\/tr\/urun\/rs025-700ml-750ml-yuvarlak-bos-viski-siseleri","title":{"rendered":"RS025 700ml\/750ml Yuvarlak Bo\u015f Viski \u015ei\u015feleri"},"content":{"rendered":"<h2>700ml\/750ml Yuvarlak Bo\u015f Viski \u015ei\u015feleri Toptan Sat\u0131\u015f Hakk\u0131nda Detayl\u0131 Bilgi<\/h2>\n<p>Bu 700ml ve 750ml yuvarlak bo\u015f viski \u015fi\u015feleri serisi toptan olarak mevcuttur. Y\u00fcksek kaliteli camdan \u00fcretildikleri i\u00e7in viski, brendi ve votka ambalajlamak i\u00e7in m\u00fckemmeldirler. \u015eeffaf \u015fi\u015fe g\u00f6vdesi, i\u00e7kinin kalitesini ve rengini m\u00fckemmel bir \u015fekilde g\u00f6sterir.<\/p>\n<p>Birincil viski \u015fi\u015fesi \u00fcreticisi olarak, sadece toptan viski cam \u015fi\u015feleri sa\u011fl\u0131yoruz. Tabii ki, profesyonel bir ekip olarak, \u00f6zel viski \u015fi\u015fesi tasar\u0131m hizmetleri sa\u011flayaca\u011f\u0131z. OEM \/ ODM hizmetleri mevcuttur.<\/p>\n<p><strong>H\u0131zl\u0131 Ayr\u0131nt\u0131lar<\/strong><\/p>\n<ul>\n<li>Y\u00fczey \u0130\u015fleme: \uff1a \u00c7\u0131kartma<\/li>\n<li>End\u00fcstriyel Kullan\u0131m: \u0130\u00e7ecek<\/li>\n<li>Taban Malzemesi: S\u00fcper \u00e7akmakta\u015f\u0131 cam<\/li>\n<li>G\u00f6vde Malzemesi: S\u00fcper \u00e7akmakta\u015f\u0131 cam<\/li>\n<li>Yaka Malzemesi: S\u00fcper \u00e7akmakta\u015f\u0131 cam<\/li>\n<li>S\u0131zd\u0131rmazl\u0131k Tipi: Mantar<\/li>\n<li>Kullan\u0131m: Viski\/Brendi<\/li>\n<li>Men\u015fe Yeri: Shandong, \u00c7in<\/li>\n<li>Marka ad\u0131: Ruisheng<\/li>\n<li>\u00dcr\u00fcn ad\u0131: 50ml Viski bo\u015f Extra Flint Votka Premium yuvarlak ruh Cam \u015ei\u015fe<\/li>\n<li>Kapasite: 100-1000ml \/ \u00f6zel<\/li>\n<li>Sertifikasyon ISO9001<\/li>\n<li>Paketleme Karton \/ palet \/ \u00f6zel<\/li>\n<li>Anahtar Kelime: Viski \u015ei\u015fesi, Cam Viski \u015ei\u015fesi, Bo\u015f Viski \u015ei\u015fesi, Yuvarlak Viski \u015ei\u015fesi<\/li>\n<li>Hizmet OEM \/ ODM<\/li>\n<li>\u00d6rnek: \u00dccretsiz \u00f6rnek sa\u011flan\u0131r<\/li>\n<li>Teslimat s\u00fcresi: Genelde 25-30 i\u015f g\u00fcn\u00fc<\/li>\n<\/ul>","protected":false},"excerpt":{"rendered":"<p>Markan\u0131z i\u00e7in bo\u015f bir viski \u015fi\u015fesi mi ar\u0131yorsunuz? Ruisheng Cam \u015ei\u015fe, cam lik\u00f6r \u015fi\u015feleri yap\u0131m\u0131nda uzmand\u0131r. 700ml ve 750ml yuvarlak bo\u015f viski \u015fi\u015feleri sunuyoruz. M\u00fc\u015fterilerimiz aras\u0131nda viski markalar\u0131, \u015firketler, cam \u015fi\u015fe tedarik\u00e7ileri, toptanc\u0131lar ve distrib\u00fct\u00f6rler bulunmaktad\u0131r.<\/p>\n<h2>700ml\/750ml Yuvarlak Bo\u015f Viski \u015ei\u015feleri Hakk\u0131nda Sipari\u015f Bilgileri<\/h2>\n<ul>\n<li>Model Ad\u0131: 700ml\/750ml Yuvarlak Bo\u015f Viski \u015ei\u015feleri<\/li>\n<li>Model Numaras\u0131: RS025<\/li>\n<li>Marka ad\u0131: RUISHENG<\/li>\n<li><strong>Adedi: 10000 adet<\/strong><\/li>\n<li>Kapasite: 700ML\/750ml\/\u00f6zelle\u015ftirilmi\u015f<\/li>\n<li>Y\u00fczey \u0130\u015fleme: S\u0131cak Bask\u0131, Frost, \u00c7\u0131kartma, Kabartma, Serigrafi<\/li>\n<li>Malzeme S\u00fcper Flint Cam<\/li>\n<li>Yaka Malzemesi: \u015eeffaf Cam \u015ei\u015fe<\/li>\n<li>S\u0131zd\u0131rmazl\u0131k Tipi: Vidal\u0131 Kapak, Mantar, Cam Kapak, \u00c7evirmeli Kapak<\/li>\n<li>Kullan\u0131m: Viski \u015ei\u015fesi<\/li>\n<li>Men\u015fe Yeri: Shandong, \u00c7in<\/li>\n<li>paket: Standart ihracat kartonlar\u0131 ve paletleri<\/li>\n<li>Hizmet OEM\/ODM Hizmeti<\/li>\n<\/ul>\n<p>Toptan viski \u015fi\u015fesi fiyat\u0131 almak istiyorsan\u0131z, bizimle ileti\u015fime ge\u00e7mek i\u00e7in buraya t\u0131klay\u0131n<\/p>","protected":false},"featured_media":4342,"comment_status":"closed","ping_status":"closed","template":"","meta":[],"product_cat":[44,40,54],"class_list":{"0":"post-4341","1":"product","2":"type-product","3":"status-publish","4":"has-post-thumbnail","6":"product_cat-700ml-liquor-bottle-manufacturer","7":"product_cat-750ml-liquor-bottle-manufacturer","8":"product_cat-whiskey-bottle","10":"first","11":"instock","12":"shipping-taxable","13":"product-type-simple"},"yoast_head":"<!-- This site is optimized with the Yoast SEO plugin v22.0 - https:\/\/yoast.com\/wordpress\/plugins\/seo\/ -->\n<title>700ml\/750ml Round Empty Whiskey Bottle Wholesale<\/title>\n<meta name=\"description\" content=\"Do you want to buy Whsikey Bottle in Bulk for Your Brand? Ruisheng, a professional liquor bottle manufacturer, provide 700ml\/750ml Round Empty Whiskey Bottle Wholesale.\" \/>\n<meta name=\"robots\" content=\"index, follow, max-snippet:-1, max-image-preview:large, max-video-preview:-1\" \/>\n<link rel=\"canonical\" href=\"https:\/\/ruishengglassco.com\/tr\/urun\/rs025-700ml-750ml-yuvarlak-bos-viski-siseleri\" \/>\n<meta property=\"og:locale\" content=\"tr_TR\" \/>\n<meta property=\"og:type\" content=\"article\" \/>\n<meta property=\"og:title\" content=\"700ml\/750ml Round Empty Whiskey Bottle Wholesale\" \/>\n<meta property=\"og:description\" content=\"Do you want to buy Whsikey Bottle in Bulk for Your Brand? Ruisheng, a professional liquor bottle manufacturer, provide 700ml\/750ml Round Empty Whiskey Bottle Wholesale.\" \/>\n<meta property=\"og:url\" content=\"https:\/\/ruishengglassco.com\/tr\/urun\/rs025-700ml-750ml-yuvarlak-bos-viski-siseleri\" \/>\n<meta property=\"article:publisher\" content=\"https:\/\/www.facebook.com\/ruishengglassbottles\" \/>\n<meta property=\"article:modified_time\" content=\"2025-07-17T06:44:45+00:00\" \/>\n<meta property=\"og:image\" content=\"https:\/\/ruishengglassco.com\/wp-content\/uploads\/2025\/03\/RS025-700ml-750ml-Round-Empty-Whiskey-Bottles.webp\" \/>\n\t<meta property=\"og:image:width\" content=\"800\" \/>\n\t<meta property=\"og:image:height\" content=\"800\" \/>\n\t<meta property=\"og:image:type\" content=\"image\/webp\" \/>\n<meta name=\"twitter:card\" content=\"summary_large_image\" \/>\n<meta name=\"twitter:label1\" content=\"Tahmini okuma s\u00fcresi\" \/>\n\t<meta name=\"twitter:data1\" content=\"1 dakika\" \/>\n<script type=\"application\/ld+json\" class=\"yoast-schema-graph\">{\"@context\":\"https:\/\/schema.org\",\"@graph\":[{\"@type\":\"WebPage\",\"@id\":\"https:\/\/ruishengglassco.com\/product\/rs025-700ml-750ml-round-empty-whiskey-bottles\",\"url\":\"https:\/\/ruishengglassco.com\/product\/rs025-700ml-750ml-round-empty-whiskey-bottles\",\"name\":\"700ml\/750ml Round Empty Whiskey Bottle Wholesale\",\"isPartOf\":{\"@id\":\"https:\/\/ruishengglassco.com\/#website\"},\"datePublished\":\"2025-03-15T05:34:18+00:00\",\"dateModified\":\"2025-07-17T06:44:45+00:00\",\"description\":\"Do you want to buy Whsikey Bottle in Bulk for Your Brand? Ruisheng, a professional liquor bottle manufacturer, provide 700ml\/750ml Round Empty Whiskey Bottle Wholesale.\",\"breadcrumb\":{\"@id\":\"https:\/\/ruishengglassco.com\/product\/rs025-700ml-750ml-round-empty-whiskey-bottles#breadcrumb\"},\"inLanguage\":\"tr\",\"potentialAction\":[{\"@type\":\"ReadAction\",\"target\":[\"https:\/\/ruishengglassco.com\/product\/rs025-700ml-750ml-round-empty-whiskey-bottles\"]}]},{\"@type\":\"BreadcrumbList\",\"@id\":\"https:\/\/ruishengglassco.com\/product\/rs025-700ml-750ml-round-empty-whiskey-bottles#breadcrumb\",\"itemListElement\":[{\"@type\":\"ListItem\",\"position\":1,\"name\":\"Home\",\"item\":\"https:\/\/ruishengglassco.com\/\"},{\"@type\":\"ListItem\",\"position\":2,\"name\":\"Products\",\"item\":\"https:\/\/ruishengglassco.com\/products\"},{\"@type\":\"ListItem\",\"position\":3,\"name\":\"RS025 700ml\/750ml Round Empty Whiskey Bottles\"}]},{\"@type\":\"WebSite\",\"@id\":\"https:\/\/ruishengglassco.com\/#website\",\"url\":\"https:\/\/ruishengglassco.com\/\",\"name\":\"Ruisheng Glass\",\"description\":\"\",\"publisher\":{\"@id\":\"https:\/\/ruishengglassco.com\/#organization\"},\"potentialAction\":[{\"@type\":\"SearchAction\",\"target\":{\"@type\":\"EntryPoint\",\"urlTemplate\":\"https:\/\/ruishengglassco.com\/?s={search_term_string}\"},\"query-input\":\"required name=search_term_string\"}],\"inLanguage\":\"tr\"},{\"@type\":\"Organization\",\"@id\":\"https:\/\/ruishengglassco.com\/#organization\",\"name\":\"Shandong Yuncheng Ruisheng Glass Co., Ltd\",\"url\":\"https:\/\/ruishengglassco.com\/\",\"logo\":{\"@type\":\"ImageObject\",\"inLanguage\":\"tr\",\"@id\":\"https:\/\/ruishengglassco.com\/#\/schema\/logo\/image\/\",\"url\":\"https:\/\/ruishengglassco.com\/wp-content\/uploads\/2023\/09\/ruisheng_logo_icon.webp\",\"contentUrl\":\"https:\/\/ruishengglassco.com\/wp-content\/uploads\/2023\/09\/ruisheng_logo_icon.webp\",\"width\":400,\"height\":233,\"caption\":\"Shandong Yuncheng Ruisheng Glass Co., Ltd\"},\"image\":{\"@id\":\"https:\/\/ruishengglassco.com\/#\/schema\/logo\/image\/\"},\"sameAs\":[\"https:\/\/www.facebook.com\/ruishengglassbottles\",\"https:\/\/www.instagram.com\/Ruishengglassbottlewholesales\/\",\"https:\/\/www.youtube.com\/channel\/UCMmbMNGwsL-XrtjfSFLCdVQ\"]}]}<\/script>\n<!-- \/ Yoast SEO plugin. -->","yoast_head_json":{"title":"700ml\/750ml Round Empty Whiskey Bottle Wholesale","description":"Do you want to buy Whsikey Bottle in Bulk for Your Brand? Ruisheng, a professional liquor bottle manufacturer, provide 700ml\/750ml Round Empty Whiskey Bottle Wholesale.","robots":{"index":"index","follow":"follow","max-snippet":"max-snippet:-1","max-image-preview":"max-image-preview:large","max-video-preview":"max-video-preview:-1"},"canonical":"https:\/\/ruishengglassco.com\/tr\/urun\/rs025-700ml-750ml-yuvarlak-bos-viski-siseleri","og_locale":"tr_TR","og_type":"article","og_title":"700ml\/750ml Round Empty Whiskey Bottle Wholesale","og_description":"Do you want to buy Whsikey Bottle in Bulk for Your Brand? Ruisheng, a professional liquor bottle manufacturer, provide 700ml\/750ml Round Empty Whiskey Bottle Wholesale.","og_url":"https:\/\/ruishengglassco.com\/tr\/urun\/rs025-700ml-750ml-yuvarlak-bos-viski-siseleri","article_publisher":"https:\/\/www.facebook.com\/ruishengglassbottles","article_modified_time":"2025-07-17T06:44:45+00:00","og_image":[{"width":800,"height":800,"url":"https:\/\/ruishengglassco.com\/wp-content\/uploads\/2025\/03\/RS025-700ml-750ml-Round-Empty-Whiskey-Bottles.webp","type":"image\/webp"}],"twitter_card":"summary_large_image","twitter_misc":{"Tahmini okuma s\u00fcresi":"1 dakika"},"schema":{"@context":"https:\/\/schema.org","@graph":[{"@type":"WebPage","@id":"https:\/\/ruishengglassco.com\/product\/rs025-700ml-750ml-round-empty-whiskey-bottles","url":"https:\/\/ruishengglassco.com\/product\/rs025-700ml-750ml-round-empty-whiskey-bottles","name":"700ml\/750ml Round Empty Whiskey Bottle Wholesale","isPartOf":{"@id":"https:\/\/ruishengglassco.com\/#website"},"datePublished":"2025-03-15T05:34:18+00:00","dateModified":"2025-07-17T06:44:45+00:00","description":"Do you want to buy Whsikey Bottle in Bulk for Your Brand? Ruisheng, a professional liquor bottle manufacturer, provide 700ml\/750ml Round Empty Whiskey Bottle Wholesale.","breadcrumb":{"@id":"https:\/\/ruishengglassco.com\/product\/rs025-700ml-750ml-round-empty-whiskey-bottles#breadcrumb"},"inLanguage":"tr","potentialAction":[{"@type":"ReadAction","target":["https:\/\/ruishengglassco.com\/product\/rs025-700ml-750ml-round-empty-whiskey-bottles"]}]},{"@type":"BreadcrumbList","@id":"https:\/\/ruishengglassco.com\/product\/rs025-700ml-750ml-round-empty-whiskey-bottles#breadcrumb","itemListElement":[{"@type":"ListItem","position":1,"name":"Home","item":"https:\/\/ruishengglassco.com\/"},{"@type":"ListItem","position":2,"name":"Products","item":"https:\/\/ruishengglassco.com\/products"},{"@type":"ListItem","position":3,"name":"RS025 700ml\/750ml Round Empty Whiskey Bottles"}]},{"@type":"WebSite","@id":"https:\/\/ruishengglassco.com\/#website","url":"https:\/\/ruishengglassco.com\/","name":"Ruisheng Glass","description":"","publisher":{"@id":"https:\/\/ruishengglassco.com\/#organization"},"potentialAction":[{"@type":"SearchAction","target":{"@type":"EntryPoint","urlTemplate":"https:\/\/ruishengglassco.com\/?s={search_term_string}"},"query-input":"required name=search_term_string"}],"inLanguage":"tr"},{"@type":"Organization","@id":"https:\/\/ruishengglassco.com\/#organization","name":"Shandong Yuncheng Ruisheng Glass Co., Ltd","url":"https:\/\/ruishengglassco.com\/","logo":{"@type":"ImageObject","inLanguage":"tr","@id":"https:\/\/ruishengglassco.com\/#\/schema\/logo\/image\/","url":"https:\/\/ruishengglassco.com\/wp-content\/uploads\/2023\/09\/ruisheng_logo_icon.webp","contentUrl":"https:\/\/ruishengglassco.com\/wp-content\/uploads\/2023\/09\/ruisheng_logo_icon.webp","width":400,"height":233,"caption":"Shandong Yuncheng Ruisheng Glass Co., Ltd"},"image":{"@id":"https:\/\/ruishengglassco.com\/#\/schema\/logo\/image\/"},"sameAs":["https:\/\/www.facebook.com\/ruishengglassbottles","https:\/\/www.instagram.com\/Ruishengglassbottlewholesales\/","https:\/\/www.youtube.com\/channel\/UCMmbMNGwsL-XrtjfSFLCdVQ"]}]}},"_links":{"self":[{"href":"https:\/\/ruishengglassco.com\/tr\/wp-json\/wp\/v2\/product\/4341","targetHints":{"allow":["GET"]}}],"collection":[{"href":"https:\/\/ruishengglassco.com\/tr\/wp-json\/wp\/v2\/product"}],"about":[{"href":"https:\/\/ruishengglassco.com\/tr\/wp-json\/wp\/v2\/types\/product"}],"replies":[{"embeddable":true,"href":"https:\/\/ruishengglassco.com\/tr\/wp-json\/wp\/v2\/comments?post=4341"}],"wp:featuredmedia":[{"embeddable":true,"href":"https:\/\/ruishengglassco.com\/tr\/wp-json\/wp\/v2\/media\/4342"}],"wp:attachment":[{"href":"https:\/\/ruishengglassco.com\/tr\/wp-json\/wp\/v2\/media?parent=4341"}],"wp:term":[{"taxonomy":"product_cat","embeddable":true,"href":"https:\/\/ruishengglassco.com\/tr\/wp-json\/wp\/v2\/product_cat?post=4341"}],"curies":[{"name":"wp","href":"https:\/\/api.w.org\/{rel}","templated":true}]}}