{"id":4308,"date":"2025-03-15T12:30:18","date_gmt":"2025-03-15T04:30:18","guid":{"rendered":"https:\/\/ruishengglassco.com\/?post_type=product&#038;p=4308"},"modified":"2025-07-17T14:36:13","modified_gmt":"2025-07-17T06:36:13","slug":"rs041-750ml-700ml-cam-viski-siseleri-toptan-satis","status":"publish","type":"product","link":"https:\/\/ruishengglassco.com\/tr\/urun\/rs041-750ml-700ml-cam-viski-siseleri-toptan-satis","title":{"rendered":"RS041: 750ML 700ML Cam Viski \u015ei\u015feleri Fabrikas\u0131"},"content":{"rendered":"<h2>Cam Viski \u015ei\u015fesi Hakk\u0131nda Detaylar<\/h2>\n<ul>\n<li>\u00dcr\u00fcn\uff1a750ml Cam Viski \u015ei\u015fesi Toptan Sat\u0131\u015f<\/li>\n<li>Kapasite: 250ml 500ml 700ml 750ml cam \u015fi\u015fe<\/li>\n<li>Malzeme: S\u00fcper Flint Cam Malzeme, Y\u00fcksek Flint Cam Malzeme<\/li>\n<li>S\u0131zd\u0131rmazl\u0131k Tipi: Mantar, Guala Kapak, Vidal\u0131 Kapak<\/li>\n<li>Y\u00fczey      Don, Petal, Boyama, S\u0131cak Bask\u0131, Kabartma, Bask\u0131, Gloden, Serigrafi<\/li>\n<li>Numune: Mevcut Kal\u0131b\u0131m\u0131z\u0131 Kullanarak \u00dccretsiz<\/li>\n<li>Teslim s\u00fcresi: Toplu \u00fcr\u00fcnler i\u00e7in 20-30 g\u00fcn<\/li>\n<li>Liman: Qingdao, \u00c7in<\/li>\n<li>\u00d6deme T \/ T, Paypal, Ticaret G\u00fcvencesi<\/li>\n<\/ul>\n<p>Viski S\u00fcrahimiz kur\u015funsuz, \u015feffaf camdan yap\u0131lm\u0131\u015ft\u0131r. Bu cam yakla\u015f\u0131k 70% kum ve soda k\u00fcl\u00fc, kire\u00e7 ta\u015f\u0131 ve di\u011fer do\u011fal malzemelerin bir kar\u0131\u015f\u0131m\u0131n\u0131 i\u00e7erir. Kesin kar\u0131\u015f\u0131m istenen \u00f6zelliklere ba\u011fl\u0131d\u0131r.  Makul bir malzeme oran\u0131 ve geli\u015fmi\u015f f\u0131r\u0131nlama s\u00fcreci, bo\u015f viski \u015fi\u015felerimizi dayan\u0131kl\u0131 ve hasara kar\u015f\u0131 diren\u00e7li hale getirir. Ayr\u0131ca, cam \u015fi\u015felerimiz zarars\u0131z cam malzemeden yap\u0131ld\u0131\u011f\u0131 i\u00e7in geri d\u00f6n\u00fc\u015ft\u00fcr\u00fclebilir.<\/p>\n<p>Ruisheng, viski cam \u015fi\u015fe \u00fcretiminde 20 y\u0131ll\u0131k deneyime sahip profesyonel bir lik\u00f6r \u015fi\u015fesi \u00fcreticisidir. Toptan cam viski \u015fi\u015felerimiz Amerika Birle\u015fik Devletleri, Birle\u015fik Krall\u0131k, Fransa, Kanada ve di\u011fer \u00fclkelere ihra\u00e7 edilmektedir. Bir\u00e7ok \u00fcnl\u00fc viski markas\u0131 sad\u0131k m\u00fc\u015fterilerimizdir. Cam \u015fi\u015femizin viski markan\u0131za parlakl\u0131k kataca\u011f\u0131n\u0131 i\u00e7tenlikle umuyoruz.<\/p>","protected":false},"excerpt":{"rendered":"<p>Ruisheng, yakla\u015f\u0131k 20 y\u0131ld\u0131r profesyonel bir cam \u015fi\u015fe \u00fcreticisi olmu\u015ftur. Toptan cam viski \u015fi\u015fesi \u00fcretiminde uzmanla\u015fm\u0131\u015ft\u0131r. Viski cam \u015fi\u015fe \u00fcretimi i\u00e7in \u00f6zel bir \u00fcretim at\u00f6lyesi kurduk. Viskinin g\u00fczel rengi \u015feffaf cam\u0131n i\u00e7inden parlar. Bu her t\u00fcr i\u00e7in i\u015fe yarar: Scotch Whisky, Irish Whisky, American Whisky ve Canadian Whisky.<\/p>\n<p>Profesyonel bir viski \u015fi\u015fesi \u00fcreticisi olarak firmam\u0131z \u00f6zel cam \u015fi\u015fe hizmetleri vermektedir. OEM \/ ODM Hizmeti Sunulmaktad\u0131r. Toptan cam \u015fi\u015fe fiyat\u0131 almak istiyorsan\u0131z, l\u00fctfen bizimle ileti\u015fime ge\u00e7mek i\u00e7in buraya t\u0131klay\u0131n.<\/p>","protected":false},"featured_media":4309,"comment_status":"closed","ping_status":"closed","template":"","meta":[],"product_cat":[15],"class_list":{"0":"post-4308","1":"product","2":"type-product","3":"status-publish","4":"has-post-thumbnail","6":"product_cat-glass-liquor-spirit-bottles","8":"first","9":"instock","10":"shipping-taxable","11":"product-type-simple"},"yoast_head":"<!-- This site is optimized with the Yoast SEO plugin v22.0 - https:\/\/yoast.com\/wordpress\/plugins\/seo\/ -->\n<title>Factory Glass Whiskey Bottle | Empty Glass Bottles Manufacturer<\/title>\n<meta name=\"description\" content=\"Factory Glass Whiskey Bottle From China Empty Glass Bottles Manufacturers. Factory Outlet Whiskey Decanters Bulk In Cheap Price.\" \/>\n<meta name=\"robots\" content=\"index, follow, max-snippet:-1, max-image-preview:large, max-video-preview:-1\" \/>\n<link rel=\"canonical\" href=\"https:\/\/ruishengglassco.com\/tr\/urun\/rs041-750ml-700ml-cam-viski-siseleri-toptan-satis\" \/>\n<meta property=\"og:locale\" content=\"tr_TR\" \/>\n<meta property=\"og:type\" content=\"article\" \/>\n<meta property=\"og:title\" content=\"Factory Glass Whiskey Bottle | Empty Glass Bottles Manufacturer\" \/>\n<meta property=\"og:description\" content=\"Factory Glass Whiskey Bottle From China Empty Glass Bottles Manufacturers. Factory Outlet Whiskey Decanters Bulk In Cheap Price.\" \/>\n<meta property=\"og:url\" content=\"https:\/\/ruishengglassco.com\/tr\/urun\/rs041-750ml-700ml-cam-viski-siseleri-toptan-satis\" \/>\n<meta property=\"article:publisher\" content=\"https:\/\/www.facebook.com\/ruishengglassbottles\" \/>\n<meta property=\"article:modified_time\" content=\"2025-07-17T06:36:13+00:00\" \/>\n<meta property=\"og:image\" content=\"https:\/\/ruishengglassco.com\/wp-content\/uploads\/2025\/03\/RS041-750ML-700ML-Glass-Whiskey-Bottles-Wholesale.webp\" \/>\n\t<meta property=\"og:image:width\" content=\"800\" \/>\n\t<meta property=\"og:image:height\" content=\"800\" \/>\n\t<meta property=\"og:image:type\" content=\"image\/webp\" \/>\n<meta name=\"twitter:card\" content=\"summary_large_image\" \/>\n<meta name=\"twitter:label1\" content=\"Tahmini okuma s\u00fcresi\" \/>\n\t<meta name=\"twitter:data1\" content=\"2 dakika\" \/>\n<script type=\"application\/ld+json\" class=\"yoast-schema-graph\">{\"@context\":\"https:\/\/schema.org\",\"@graph\":[{\"@type\":\"WebPage\",\"@id\":\"https:\/\/ruishengglassco.com\/product\/rs041-750ml-700ml-glass-whiskey-bottles-wholesale\",\"url\":\"https:\/\/ruishengglassco.com\/product\/rs041-750ml-700ml-glass-whiskey-bottles-wholesale\",\"name\":\"Factory Glass Whiskey Bottle | Empty Glass Bottles Manufacturer\",\"isPartOf\":{\"@id\":\"https:\/\/ruishengglassco.com\/#website\"},\"datePublished\":\"2025-03-15T04:30:18+00:00\",\"dateModified\":\"2025-07-17T06:36:13+00:00\",\"description\":\"Factory Glass Whiskey Bottle From China Empty Glass Bottles Manufacturers. Factory Outlet Whiskey Decanters Bulk In Cheap Price.\",\"breadcrumb\":{\"@id\":\"https:\/\/ruishengglassco.com\/product\/rs041-750ml-700ml-glass-whiskey-bottles-wholesale#breadcrumb\"},\"inLanguage\":\"tr\",\"potentialAction\":[{\"@type\":\"ReadAction\",\"target\":[\"https:\/\/ruishengglassco.com\/product\/rs041-750ml-700ml-glass-whiskey-bottles-wholesale\"]}]},{\"@type\":\"BreadcrumbList\",\"@id\":\"https:\/\/ruishengglassco.com\/product\/rs041-750ml-700ml-glass-whiskey-bottles-wholesale#breadcrumb\",\"itemListElement\":[{\"@type\":\"ListItem\",\"position\":1,\"name\":\"Home\",\"item\":\"https:\/\/ruishengglassco.com\/\"},{\"@type\":\"ListItem\",\"position\":2,\"name\":\"Products\",\"item\":\"https:\/\/ruishengglassco.com\/products\"},{\"@type\":\"ListItem\",\"position\":3,\"name\":\"RS041: 750ML 700ML Glass Whiskey Bottles Factory\"}]},{\"@type\":\"WebSite\",\"@id\":\"https:\/\/ruishengglassco.com\/#website\",\"url\":\"https:\/\/ruishengglassco.com\/\",\"name\":\"Ruisheng Glass\",\"description\":\"\",\"publisher\":{\"@id\":\"https:\/\/ruishengglassco.com\/#organization\"},\"potentialAction\":[{\"@type\":\"SearchAction\",\"target\":{\"@type\":\"EntryPoint\",\"urlTemplate\":\"https:\/\/ruishengglassco.com\/?s={search_term_string}\"},\"query-input\":\"required name=search_term_string\"}],\"inLanguage\":\"tr\"},{\"@type\":\"Organization\",\"@id\":\"https:\/\/ruishengglassco.com\/#organization\",\"name\":\"Shandong Yuncheng Ruisheng Glass Co., Ltd\",\"url\":\"https:\/\/ruishengglassco.com\/\",\"logo\":{\"@type\":\"ImageObject\",\"inLanguage\":\"tr\",\"@id\":\"https:\/\/ruishengglassco.com\/#\/schema\/logo\/image\/\",\"url\":\"https:\/\/ruishengglassco.com\/wp-content\/uploads\/2023\/09\/ruisheng_logo_icon.webp\",\"contentUrl\":\"https:\/\/ruishengglassco.com\/wp-content\/uploads\/2023\/09\/ruisheng_logo_icon.webp\",\"width\":400,\"height\":233,\"caption\":\"Shandong Yuncheng Ruisheng Glass Co., Ltd\"},\"image\":{\"@id\":\"https:\/\/ruishengglassco.com\/#\/schema\/logo\/image\/\"},\"sameAs\":[\"https:\/\/www.facebook.com\/ruishengglassbottles\",\"https:\/\/www.instagram.com\/Ruishengglassbottlewholesales\/\",\"https:\/\/www.youtube.com\/channel\/UCMmbMNGwsL-XrtjfSFLCdVQ\"]}]}<\/script>\n<!-- \/ Yoast SEO plugin. -->","yoast_head_json":{"title":"Factory Glass Whiskey Bottle | Empty Glass Bottles Manufacturer","description":"Factory Glass Whiskey Bottle From China Empty Glass Bottles Manufacturers. Factory Outlet Whiskey Decanters Bulk In Cheap Price.","robots":{"index":"index","follow":"follow","max-snippet":"max-snippet:-1","max-image-preview":"max-image-preview:large","max-video-preview":"max-video-preview:-1"},"canonical":"https:\/\/ruishengglassco.com\/tr\/urun\/rs041-750ml-700ml-cam-viski-siseleri-toptan-satis","og_locale":"tr_TR","og_type":"article","og_title":"Factory Glass Whiskey Bottle | Empty Glass Bottles Manufacturer","og_description":"Factory Glass Whiskey Bottle From China Empty Glass Bottles Manufacturers. Factory Outlet Whiskey Decanters Bulk In Cheap Price.","og_url":"https:\/\/ruishengglassco.com\/tr\/urun\/rs041-750ml-700ml-cam-viski-siseleri-toptan-satis","article_publisher":"https:\/\/www.facebook.com\/ruishengglassbottles","article_modified_time":"2025-07-17T06:36:13+00:00","og_image":[{"width":800,"height":800,"url":"https:\/\/ruishengglassco.com\/wp-content\/uploads\/2025\/03\/RS041-750ML-700ML-Glass-Whiskey-Bottles-Wholesale.webp","type":"image\/webp"}],"twitter_card":"summary_large_image","twitter_misc":{"Tahmini okuma s\u00fcresi":"2 dakika"},"schema":{"@context":"https:\/\/schema.org","@graph":[{"@type":"WebPage","@id":"https:\/\/ruishengglassco.com\/product\/rs041-750ml-700ml-glass-whiskey-bottles-wholesale","url":"https:\/\/ruishengglassco.com\/product\/rs041-750ml-700ml-glass-whiskey-bottles-wholesale","name":"Factory Glass Whiskey Bottle | Empty Glass Bottles Manufacturer","isPartOf":{"@id":"https:\/\/ruishengglassco.com\/#website"},"datePublished":"2025-03-15T04:30:18+00:00","dateModified":"2025-07-17T06:36:13+00:00","description":"Factory Glass Whiskey Bottle From China Empty Glass Bottles Manufacturers. Factory Outlet Whiskey Decanters Bulk In Cheap Price.","breadcrumb":{"@id":"https:\/\/ruishengglassco.com\/product\/rs041-750ml-700ml-glass-whiskey-bottles-wholesale#breadcrumb"},"inLanguage":"tr","potentialAction":[{"@type":"ReadAction","target":["https:\/\/ruishengglassco.com\/product\/rs041-750ml-700ml-glass-whiskey-bottles-wholesale"]}]},{"@type":"BreadcrumbList","@id":"https:\/\/ruishengglassco.com\/product\/rs041-750ml-700ml-glass-whiskey-bottles-wholesale#breadcrumb","itemListElement":[{"@type":"ListItem","position":1,"name":"Home","item":"https:\/\/ruishengglassco.com\/"},{"@type":"ListItem","position":2,"name":"Products","item":"https:\/\/ruishengglassco.com\/products"},{"@type":"ListItem","position":3,"name":"RS041: 750ML 700ML Glass Whiskey Bottles Factory"}]},{"@type":"WebSite","@id":"https:\/\/ruishengglassco.com\/#website","url":"https:\/\/ruishengglassco.com\/","name":"Ruisheng Glass","description":"","publisher":{"@id":"https:\/\/ruishengglassco.com\/#organization"},"potentialAction":[{"@type":"SearchAction","target":{"@type":"EntryPoint","urlTemplate":"https:\/\/ruishengglassco.com\/?s={search_term_string}"},"query-input":"required name=search_term_string"}],"inLanguage":"tr"},{"@type":"Organization","@id":"https:\/\/ruishengglassco.com\/#organization","name":"Shandong Yuncheng Ruisheng Glass Co., Ltd","url":"https:\/\/ruishengglassco.com\/","logo":{"@type":"ImageObject","inLanguage":"tr","@id":"https:\/\/ruishengglassco.com\/#\/schema\/logo\/image\/","url":"https:\/\/ruishengglassco.com\/wp-content\/uploads\/2023\/09\/ruisheng_logo_icon.webp","contentUrl":"https:\/\/ruishengglassco.com\/wp-content\/uploads\/2023\/09\/ruisheng_logo_icon.webp","width":400,"height":233,"caption":"Shandong Yuncheng Ruisheng Glass Co., Ltd"},"image":{"@id":"https:\/\/ruishengglassco.com\/#\/schema\/logo\/image\/"},"sameAs":["https:\/\/www.facebook.com\/ruishengglassbottles","https:\/\/www.instagram.com\/Ruishengglassbottlewholesales\/","https:\/\/www.youtube.com\/channel\/UCMmbMNGwsL-XrtjfSFLCdVQ"]}]}},"_links":{"self":[{"href":"https:\/\/ruishengglassco.com\/tr\/wp-json\/wp\/v2\/product\/4308","targetHints":{"allow":["GET"]}}],"collection":[{"href":"https:\/\/ruishengglassco.com\/tr\/wp-json\/wp\/v2\/product"}],"about":[{"href":"https:\/\/ruishengglassco.com\/tr\/wp-json\/wp\/v2\/types\/product"}],"replies":[{"embeddable":true,"href":"https:\/\/ruishengglassco.com\/tr\/wp-json\/wp\/v2\/comments?post=4308"}],"wp:featuredmedia":[{"embeddable":true,"href":"https:\/\/ruishengglassco.com\/tr\/wp-json\/wp\/v2\/media\/4309"}],"wp:attachment":[{"href":"https:\/\/ruishengglassco.com\/tr\/wp-json\/wp\/v2\/media?parent=4308"}],"wp:term":[{"taxonomy":"product_cat","embeddable":true,"href":"https:\/\/ruishengglassco.com\/tr\/wp-json\/wp\/v2\/product_cat?post=4308"}],"curies":[{"name":"wp","href":"https:\/\/api.w.org\/{rel}","templated":true}]}}