{"id":4306,"date":"2025-03-15T12:27:21","date_gmt":"2025-03-15T04:27:21","guid":{"rendered":"https:\/\/ruishengglassco.com\/?post_type=product&#038;p=4306"},"modified":"2025-09-11T16:25:17","modified_gmt":"2025-09-11T08:25:17","slug":"rs043%ef%bc9toptan-750ml-cam-likor-siseleri-ureticisi-cin","status":"publish","type":"product","link":"https:\/\/ruishengglassco.com\/tr\/urun\/rs043%ef%bc9toptan-750ml-cam-likor-siseleri-ureticisi-cin","title":{"rendered":"RS043\uff1aToptan 750ml Cam Lik\u00f6r \u015ei\u015feleri \u00dcreticisi \u00c7in"},"content":{"rendered":"<p data-block-id=\"dc195c68-6a49-4a58-ac27-38182bd3d0ae\" data-pm-slice=\"1 1 []\">Ruisheng, profesyonel bir \u00c7in cam \u015fi\u015fe \u00fcreticisi ve tedarik\u00e7isi, \u015funlar\u0131 sa\u011flar <em>750ml cam lik\u00f6r \u015fi\u015feleri toptan sat\u0131\u015f\u0131<\/em> lik\u00f6r markalar\u0131, \u015firketler, cam \u015fi\u015fe tedarik\u00e7ileri, toptanc\u0131lar, s\u00fcpermarket vb. i\u00e7in fabrika \u00e7\u0131k\u0131\u015f fiyat\u0131nda.<\/p>\n<p data-block-id=\"02a02548-fbe8-4fac-b49e-b8fdb9643eec\">Firmam\u0131z bu y\u00fcksek kaliteli cam \u015fi\u015felerde iyidir, bu nedenle cam \u015fi\u015fenin kalitesini \u00fcretebilece\u011fimizi garanti ediyoruz.<\/p>\n<p data-block-id=\"9161c487-e211-4c50-a06c-1af3da93d786\">Bu 750ml lik\u00f6r \u015fi\u015fesinin tasar\u0131m\u0131n\u0131 be\u011fendiyseniz, ancak kapasitesinden memnun de\u011filseniz, kapasiteyi de\u011fi\u015ftirebiliriz.<\/p>\n<p data-block-id=\"214de74a-9f8a-4f93-b0dd-4206add0a236\">Mantarl\u0131 y\u00fcksek kaliteli 750ml cam \u015fi\u015feler sunuyoruz. Se\u00e7eneklerimiz aras\u0131nda votka, brendi, viski ve lik\u00f6r \u015fi\u015felerinin yan\u0131 s\u0131ra re\u00e7el kavanozlar\u0131 da bulunmaktad\u0131r. Ayr\u0131ca kehribar cam \u015fi\u015feler, ye\u015fil \u015fi\u015feler ve su \u015fi\u015feleri de sunabiliriz. Ana pazar\u0131m\u0131z Avrupa, ABD, Avustralya, Amerika vb. Ve t\u00fcm \u00fcr\u00fcnler yenilik ve i\u015flevsellik a\u00e7\u0131s\u0131ndan y\u00fcksek bir \u00fcne sahiptir.<\/p>\n<p data-block-id=\"a1fbc01a-0e00-45ed-9b0c-0bbfd6a72174\">750ml cam \u015fi\u015felerimiz i\u00e7in malzemeleri \u00f6zenle se\u00e7iyoruz. Bunlar\u0131 men\u015fe \u00fclkelerinden temin ediyoruz. Ayr\u0131ca, i\u015fleme i\u00e7in geli\u015fmi\u015f makineler kullan\u0131yoruz. Ruisheng, \u00c7in'de profesyonel bir cam \u015fi\u015fe \u00fcreticisi ve tedarik\u00e7isidir. Fabrika \u00e7\u0131k\u0131\u015f fiyatlar\u0131nda 750ml cam lik\u00f6r \u015fi\u015feleri sunuyoruz. M\u00fc\u015fterilerimiz aras\u0131nda lik\u00f6r markalar\u0131, \u015firketler, toptanc\u0131lar ve s\u00fcpermarketler bulunmaktad\u0131r.<\/p>\n<h2>750ml Cam Lik\u00f6r \u015ei\u015feleri Toptan Sat\u0131\u015f Hakk\u0131nda Bilgiler A\u015fa\u011f\u0131daki Gibidir:<\/h2>\n<ul>\n<li>Ana malzeme: kristal beyaz malzeme son derece beyaz malzeme<\/li>\n<li>Kapak: Mantar<\/li>\n<li>Referans: RS043<\/li>\n<li>Adedi: 10000 Adet (26000 adet-30000 adet)<\/li>\n<li>Kapasite: 700ml 750ml<\/li>\n<li>Adet\/Ctn: 24 adet<\/li>\n<li>Yerin k\u00f6keni: Shandong, \u00c7in<\/li>\n<li>\u00d6zellik: \u00c7evre dostu<\/li>\n<\/ul>\n<p>Bu \u015fi\u015fe stoklar\u0131m\u0131zda mevcuttur, sipari\u015f verirseniz \u00e7ok yak\u0131nda alabilirsiniz. Logonuzu bu \u015fi\u015feye de yap\u0131\u015ft\u0131rabiliriz. Bu \u015fi\u015fede bask\u0131, buzlanma, boyama ve di\u011ferleri gibi i\u015flemler yapabiliriz, d\u00fcnyan\u0131n her yerinden arkada\u015flar\u0131m\u0131z\u0131 bizi ziyaret etmeye davet ediyoruz! Sizin i\u00e7in bir resepsiyon ayarlayaca\u011f\u0131z.<\/p>\n<p>Bu e\u015fsiz kapakl\u0131 cam \u015fi\u015fenin a\u011fz\u0131n\u0131 de\u011fi\u015ftirebilir, ba\u015fka bir \u015feye d\u00f6n\u00fc\u015ft\u00fcrebiliriz.<\/p>\n<p>\u00dczerine desen kaz\u0131mak isterseniz bunu yapabiliriz; istedi\u011finiz deseni kaz\u0131yabiliriz.<\/p>\n<p>Bu 750ml cam lik\u00f6r \u015fi\u015feleri toptan sat\u0131\u015f\u0131ndan memnunsan\u0131z, l\u00fctfen zaman\u0131nda benimle ileti\u015fime ge\u00e7in. E\u011fer be\u011fenmediyseniz, di\u011fer \u015fi\u015felerimize bakabilirsiniz. Ya da size katalo\u011fu verece\u011fim ve istedi\u011finizi se\u00e7ebilirsiniz. Lik\u00f6r \u015fi\u015fesi fiyatlar\u0131m\u0131zla ilgileniyorsan\u0131z, l\u00fctfen bizimle ileti\u015fime ge\u00e7in. Size 24 saat i\u00e7inde cevap verece\u011fiz.<\/p>","protected":false},"excerpt":{"rendered":"<p data-block-id=\"f2324dc5-f301-4029-9a52-4be82090bcb5\" data-pm-slice=\"1 3 []\">Bu 750ml cam lik\u00f6r \u015fi\u015feleri toptan s\u0131cak sat\u0131\u015f \u00fcr\u00fcnlerimizden biridir. Son derece beyaz cam malzemeyi benimseyen \uff0c lik\u00f6r\u00fcn\u00fcz\u00fcn m\u00fckemmel kalitesini g\u00f6stermek i\u00e7in size net ve saf bir g\u00f6rsel efekt verecektir. Uzun ve yuvarlak \u015fi\u015fe g\u00f6vde tasar\u0131m\u0131, Viski, Votka, Brendi vb. gibi her t\u00fcrl\u00fc lik\u00f6r i\u00e7in uygundur.<\/p>\n<ul>\n<li>Adedi: 10000 Adet (26000 adet-30000 adet)<\/li>\n<li>Kapasite: 700ml\/750ml\/1000ml<\/li>\n<li>Renk: \u015eeffaf<\/li>\n<li>T\u0131pa: Metal Kapaklar<\/li>\n<li>Y\u00fckseklik: 230mm<\/li>\n<li>A\u011f\u0131rl\u0131k: 650g<\/li>\n<li>\u00c7ap: 60mm<\/li>\n<\/ul>\n<p>Bu 750ml cam lik\u00f6r \u015fi\u015felerini toptan sipari\u015f etmek istiyorsan\u0131z, l\u00fctfen bize bir mesaj b\u0131rak\u0131n.<\/p>","protected":false},"featured_media":4307,"comment_status":"closed","ping_status":"closed","template":"","meta":[],"product_cat":[44,40,52],"class_list":{"0":"post-4306","1":"product","2":"type-product","3":"status-publish","4":"has-post-thumbnail","6":"product_cat-700ml-liquor-bottle-manufacturer","7":"product_cat-750ml-liquor-bottle-manufacturer","8":"product_cat-vodka-bottle","10":"first","11":"instock","12":"shipping-taxable","13":"product-type-simple"},"yoast_head":"<!-- This site is optimized with the Yoast SEO plugin v22.0 - https:\/\/yoast.com\/wordpress\/plugins\/seo\/ -->\n<title>750ml Glass Liquor Bottles Wholesale | Glass Bottle With Corks Suppliers<\/title>\n<meta name=\"description\" content=\"Buy 750ml Glass Liquor Bottles Wholesale All in Lowest Price From China Glass Bottle Manufacturers&amp;Suppliers. Free Sample&amp;5 Years Warranty.\" \/>\n<meta name=\"robots\" content=\"index, follow, max-snippet:-1, max-image-preview:large, max-video-preview:-1\" \/>\n<link rel=\"canonical\" href=\"https:\/\/ruishengglassco.com\/tr\/urun\/rs043?9toptan-750ml-cam-likor-siseleri-ureticisi-cin\" \/>\n<meta property=\"og:locale\" content=\"tr_TR\" \/>\n<meta property=\"og:type\" content=\"article\" \/>\n<meta property=\"og:title\" content=\"750ml Glass Liquor Bottles Wholesale | Glass Bottle With Corks Suppliers\" \/>\n<meta property=\"og:description\" content=\"Buy 750ml Glass Liquor Bottles Wholesale All in Lowest Price From China Glass Bottle Manufacturers&amp;Suppliers. Free Sample&amp;5 Years Warranty.\" \/>\n<meta property=\"og:url\" content=\"\" \/>\n<meta property=\"article:publisher\" content=\"https:\/\/www.facebook.com\/ruishengglassbottles\" \/>\n<meta property=\"article:modified_time\" content=\"2025-09-11T08:25:17+00:00\" \/>\n<meta property=\"og:image\" content=\"https:\/\/ruishengglassco.com\/wp-content\/uploads\/2025\/03\/RS043\uff1aWholesale-750ml-Glass-Liquor-Bottles-Manufacturer-China.webp\" \/>\n\t<meta property=\"og:image:width\" content=\"800\" \/>\n\t<meta property=\"og:image:height\" content=\"800\" \/>\n\t<meta property=\"og:image:type\" content=\"image\/webp\" \/>\n<meta name=\"twitter:card\" content=\"summary_large_image\" \/>\n<meta name=\"twitter:label1\" content=\"Tahmini okuma s\u00fcresi\" \/>\n\t<meta name=\"twitter:data1\" content=\"2 dakika\" \/>\n<script type=\"application\/ld+json\" class=\"yoast-schema-graph\">{\"@context\":\"https:\/\/schema.org\",\"@graph\":[{\"@type\":\"WebPage\",\"@id\":\"https:\/\/ruishengglassco.com\/product\/rs043%ef%bc%9awholesale-750ml-glass-liquor-bottles-manufacturer-china\",\"url\":\"https:\/\/ruishengglassco.com\/product\/rs043%ef%bc%9awholesale-750ml-glass-liquor-bottles-manufacturer-china\",\"name\":\"750ml Glass Liquor Bottles Wholesale | Glass Bottle With Corks Suppliers\",\"isPartOf\":{\"@id\":\"https:\/\/ruishengglassco.com\/#website\"},\"datePublished\":\"2025-03-15T04:27:21+00:00\",\"dateModified\":\"2025-09-11T08:25:17+00:00\",\"description\":\"Buy 750ml Glass Liquor Bottles Wholesale All in Lowest Price From China Glass Bottle Manufacturers&Suppliers. Free Sample&5 Years Warranty.\",\"breadcrumb\":{\"@id\":\"https:\/\/ruishengglassco.com\/product\/rs043%ef%bc%9awholesale-750ml-glass-liquor-bottles-manufacturer-china#breadcrumb\"},\"inLanguage\":\"tr\",\"potentialAction\":[{\"@type\":\"ReadAction\",\"target\":[\"https:\/\/ruishengglassco.com\/product\/rs043%ef%bc%9awholesale-750ml-glass-liquor-bottles-manufacturer-china\"]}]},{\"@type\":\"BreadcrumbList\",\"@id\":\"https:\/\/ruishengglassco.com\/product\/rs043%ef%bc%9awholesale-750ml-glass-liquor-bottles-manufacturer-china#breadcrumb\",\"itemListElement\":[{\"@type\":\"ListItem\",\"position\":1,\"name\":\"Home\",\"item\":\"https:\/\/ruishengglassco.com\/\"},{\"@type\":\"ListItem\",\"position\":2,\"name\":\"Products\",\"item\":\"https:\/\/ruishengglassco.com\/products\"},{\"@type\":\"ListItem\",\"position\":3,\"name\":\"RS043\uff1aWholesale 750ml Glass Liquor Bottles Manufacturer China\"}]},{\"@type\":\"WebSite\",\"@id\":\"https:\/\/ruishengglassco.com\/#website\",\"url\":\"https:\/\/ruishengglassco.com\/\",\"name\":\"Ruisheng Glass\",\"description\":\"\",\"publisher\":{\"@id\":\"https:\/\/ruishengglassco.com\/#organization\"},\"potentialAction\":[{\"@type\":\"SearchAction\",\"target\":{\"@type\":\"EntryPoint\",\"urlTemplate\":\"https:\/\/ruishengglassco.com\/?s={search_term_string}\"},\"query-input\":\"required name=search_term_string\"}],\"inLanguage\":\"tr\"},{\"@type\":\"Organization\",\"@id\":\"https:\/\/ruishengglassco.com\/#organization\",\"name\":\"Shandong Yuncheng Ruisheng Glass Co., Ltd\",\"url\":\"https:\/\/ruishengglassco.com\/\",\"logo\":{\"@type\":\"ImageObject\",\"inLanguage\":\"tr\",\"@id\":\"https:\/\/ruishengglassco.com\/#\/schema\/logo\/image\/\",\"url\":\"https:\/\/ruishengglassco.com\/wp-content\/uploads\/2023\/09\/ruisheng_logo_icon.webp\",\"contentUrl\":\"https:\/\/ruishengglassco.com\/wp-content\/uploads\/2023\/09\/ruisheng_logo_icon.webp\",\"width\":400,\"height\":233,\"caption\":\"Shandong Yuncheng Ruisheng Glass Co., Ltd\"},\"image\":{\"@id\":\"https:\/\/ruishengglassco.com\/#\/schema\/logo\/image\/\"},\"sameAs\":[\"https:\/\/www.facebook.com\/ruishengglassbottles\",\"https:\/\/www.instagram.com\/Ruishengglassbottlewholesales\/\",\"https:\/\/www.youtube.com\/channel\/UCMmbMNGwsL-XrtjfSFLCdVQ\"]}]}<\/script>\n<!-- \/ Yoast SEO plugin. -->","yoast_head_json":{"title":"750ml Glass Liquor Bottles Wholesale | Glass Bottle With Corks Suppliers","description":"Buy 750ml Glass Liquor Bottles Wholesale All in Lowest Price From China Glass Bottle Manufacturers&Suppliers. Free Sample&5 Years Warranty.","robots":{"index":"index","follow":"follow","max-snippet":"max-snippet:-1","max-image-preview":"max-image-preview:large","max-video-preview":"max-video-preview:-1"},"canonical":"https:\/\/ruishengglassco.com\/tr\/urun\/rs043?9toptan-750ml-cam-likor-siseleri-ureticisi-cin","og_locale":"tr_TR","og_type":"article","og_title":"750ml Glass Liquor Bottles Wholesale | Glass Bottle With Corks Suppliers","og_description":"Buy 750ml Glass Liquor Bottles Wholesale All in Lowest Price From China Glass Bottle Manufacturers&Suppliers. Free Sample&5 Years Warranty.","og_url":"https:\/\/ruishengglassco.com\/tr\/urun\/rs043?9toptan-750ml-cam-likor-siseleri-ureticisi-cin","article_publisher":"https:\/\/www.facebook.com\/ruishengglassbottles","article_modified_time":"2025-09-11T08:25:17+00:00","og_image":[{"width":800,"height":800,"url":"https:\/\/ruishengglassco.com\/wp-content\/uploads\/2025\/03\/RS043\uff1aWholesale-750ml-Glass-Liquor-Bottles-Manufacturer-China.webp","type":"image\/webp"}],"twitter_card":"summary_large_image","twitter_misc":{"Tahmini okuma s\u00fcresi":"2 dakika"},"schema":{"@context":"https:\/\/schema.org","@graph":[{"@type":"WebPage","@id":"https:\/\/ruishengglassco.com\/product\/rs043%ef%bc%9awholesale-750ml-glass-liquor-bottles-manufacturer-china","url":"https:\/\/ruishengglassco.com\/product\/rs043%ef%bc%9awholesale-750ml-glass-liquor-bottles-manufacturer-china","name":"750ml Glass Liquor Bottles Wholesale | Glass Bottle With Corks Suppliers","isPartOf":{"@id":"https:\/\/ruishengglassco.com\/#website"},"datePublished":"2025-03-15T04:27:21+00:00","dateModified":"2025-09-11T08:25:17+00:00","description":"Buy 750ml Glass Liquor Bottles Wholesale All in Lowest Price From China Glass Bottle Manufacturers&Suppliers. Free Sample&5 Years Warranty.","breadcrumb":{"@id":"https:\/\/ruishengglassco.com\/product\/rs043%ef%bc%9awholesale-750ml-glass-liquor-bottles-manufacturer-china#breadcrumb"},"inLanguage":"tr","potentialAction":[{"@type":"ReadAction","target":["https:\/\/ruishengglassco.com\/product\/rs043%ef%bc%9awholesale-750ml-glass-liquor-bottles-manufacturer-china"]}]},{"@type":"BreadcrumbList","@id":"https:\/\/ruishengglassco.com\/product\/rs043%ef%bc%9awholesale-750ml-glass-liquor-bottles-manufacturer-china#breadcrumb","itemListElement":[{"@type":"ListItem","position":1,"name":"Home","item":"https:\/\/ruishengglassco.com\/"},{"@type":"ListItem","position":2,"name":"Products","item":"https:\/\/ruishengglassco.com\/products"},{"@type":"ListItem","position":3,"name":"RS043\uff1aWholesale 750ml Glass Liquor Bottles Manufacturer China"}]},{"@type":"WebSite","@id":"https:\/\/ruishengglassco.com\/#website","url":"https:\/\/ruishengglassco.com\/","name":"Ruisheng Glass","description":"","publisher":{"@id":"https:\/\/ruishengglassco.com\/#organization"},"potentialAction":[{"@type":"SearchAction","target":{"@type":"EntryPoint","urlTemplate":"https:\/\/ruishengglassco.com\/?s={search_term_string}"},"query-input":"required name=search_term_string"}],"inLanguage":"tr"},{"@type":"Organization","@id":"https:\/\/ruishengglassco.com\/#organization","name":"Shandong Yuncheng Ruisheng Glass Co., Ltd","url":"https:\/\/ruishengglassco.com\/","logo":{"@type":"ImageObject","inLanguage":"tr","@id":"https:\/\/ruishengglassco.com\/#\/schema\/logo\/image\/","url":"https:\/\/ruishengglassco.com\/wp-content\/uploads\/2023\/09\/ruisheng_logo_icon.webp","contentUrl":"https:\/\/ruishengglassco.com\/wp-content\/uploads\/2023\/09\/ruisheng_logo_icon.webp","width":400,"height":233,"caption":"Shandong Yuncheng Ruisheng Glass Co., Ltd"},"image":{"@id":"https:\/\/ruishengglassco.com\/#\/schema\/logo\/image\/"},"sameAs":["https:\/\/www.facebook.com\/ruishengglassbottles","https:\/\/www.instagram.com\/Ruishengglassbottlewholesales\/","https:\/\/www.youtube.com\/channel\/UCMmbMNGwsL-XrtjfSFLCdVQ"]}]}},"_links":{"self":[{"href":"https:\/\/ruishengglassco.com\/tr\/wp-json\/wp\/v2\/product\/4306","targetHints":{"allow":["GET"]}}],"collection":[{"href":"https:\/\/ruishengglassco.com\/tr\/wp-json\/wp\/v2\/product"}],"about":[{"href":"https:\/\/ruishengglassco.com\/tr\/wp-json\/wp\/v2\/types\/product"}],"replies":[{"embeddable":true,"href":"https:\/\/ruishengglassco.com\/tr\/wp-json\/wp\/v2\/comments?post=4306"}],"wp:featuredmedia":[{"embeddable":true,"href":"https:\/\/ruishengglassco.com\/tr\/wp-json\/wp\/v2\/media\/4307"}],"wp:attachment":[{"href":"https:\/\/ruishengglassco.com\/tr\/wp-json\/wp\/v2\/media?parent=4306"}],"wp:term":[{"taxonomy":"product_cat","embeddable":true,"href":"https:\/\/ruishengglassco.com\/tr\/wp-json\/wp\/v2\/product_cat?post=4306"}],"curies":[{"name":"wp","href":"https:\/\/api.w.org\/{rel}","templated":true}]}}