{"id":4304,"date":"2025-03-15T12:19:29","date_gmt":"2025-03-15T04:19:29","guid":{"rendered":"https:\/\/ruishengglassco.com\/?post_type=product&#038;p=4304"},"modified":"2025-07-17T14:32:07","modified_gmt":"2025-07-17T06:32:07","slug":"rs044-brendi-icin-70cl-dokme-cam-siseler","status":"publish","type":"product","link":"https:\/\/ruishengglassco.com\/tr\/urun\/rs044-brendi-icin-70cl-dokme-cam-siseler","title":{"rendered":"RS044: Brendi \u0130\u00e7in 70cl D\u00f6kme Cam \u015ei\u015feler"},"content":{"rendered":"<p>Brendi ambalaj\u0131 i\u00e7in tasarlanm\u0131\u015f \u015feffaf, \u015feffaf bo\u015f lik\u00f6r \u015fi\u015fesi. Brendi s\u00fcrahimizi daha \u015feffaf, dayan\u0131kl\u0131 ve k\u0131r\u0131lmas\u0131 kolay olmayan son derece beyaz kristal cam malzeme benimsemek. Alt k\u0131s\u0131mdaki yay \u015fekilleri tasar\u0131m\u0131 ile \u00e7ekici g\u00f6r\u00fcn\u00fcm, m\u00fc\u015fterinizin g\u00f6zlerini ilk kez yakalayacakt\u0131r. Metal kapakl\u0131 bo\u015f brendi \u015fi\u015fesi, kab\u0131 Oksijenden koruyacakt\u0131r.<\/p>\n<h2>Details About Bo\u015f Kanyak \u015ei\u015fesi Fiyat\u0131<\/h2>\n<ul>\n<li>Referans: RS044<\/li>\n<li>Kapasite:70cl<\/li>\n<li>Ana malzeme: kristal beyaz malzeme son derece beyaz malzeme<\/li>\n<li>Kapak: Ta\u00e7 kapak\/Mantar<\/li>\n<li>ADEDI: 10000 ADET<\/li>\n<li>Adet\/Ctn: 24 adet<\/li>\n<li>Yerin k\u00f6keni: Shandong, \u00c7in<\/li>\n<li>\u00d6zellik: \u00c7evre dostu<\/li>\n<li>Fiyat Teklif Al<\/li>\n<\/ul>\n<p>Brendi, viski, votka, cin veya tekila \u015fi\u015fesi olarak kullanabilirsiniz. \u00c7in'de \u00f6zel cam \u015fi\u015fe hizmetleri sunan profesyonel bir lik\u00f6r \u015fi\u015fesi \u00fcreticisiyiz. Aralar\u0131ndan se\u00e7im yapabilece\u011finiz y\u00fczlerce cam kal\u0131p sunuyoruz. Bu kal\u0131plardan memnun de\u011filseniz, bunlar\u0131 \u00f6zel gereksinimlerinizi kar\u015f\u0131layacak \u015fekilde tasarlayabiliriz. Cam \u015fi\u015fenin boyutunu, rengini, desenini, logosunu, i\u015fleme y\u00f6ntemini, ambalaj\u0131n\u0131 vb. talep edebilirsiniz. \u0130steklerinizi ger\u00e7ekle\u015ftirmek i\u00e7in elimizden geleni yapaca\u011f\u0131z.<\/p>\n<p>\u015eirketimiz, y\u00fcksek kaliteli cam \u015fi\u015feler \u00fcretme konusunda m\u00fckemmeldir ve s\u00fcrekli olarak ola\u011fan\u00fcst\u00fc \u00fcr\u00fcnler sunmam\u0131z\u0131 sa\u011flar. Sat\u0131l\u0131k 700ml bo\u015f cam \u015fi\u015felerin \u00fcretimi kesinlikle malzemelerden se\u00e7ilmi\u015ftir. Malzemeleri men\u015fe \u00fclkeden getiriyoruz ve cam \u015fi\u015feleri i\u015flemek ve yapmak i\u00e7in geli\u015fmi\u015f makineler kullan\u0131yoruz.<\/p>\n<p>Bu bo\u015f brendi \u015fi\u015felerinden memnun kal\u0131rsan\u0131z, l\u00fctfen zaman\u0131nda benimle ileti\u015fime ge\u00e7in. E\u011fer be\u011fenmediyseniz, di\u011fer \u015fi\u015felerimize bakabilirsiniz. Ya da size katalo\u011fu verece\u011fim ve be\u011fendi\u011finizi se\u00e7ebilirsiniz. Bo\u015f brendi \u015fi\u015fesi fiyat\u0131 ile ilgileniyorsan\u0131z, l\u00fctfen bizimle ileti\u015fime ge\u00e7in. Size 24 saat i\u00e7inde cevap verece\u011fiz.<\/p>","protected":false},"excerpt":{"rendered":"<p>70cl bo\u015f brendi \u015fi\u015fesi fiyat fabrika \u00e7\u0131k\u0131\u015f\u0131n\u0131 m\u0131 ar\u0131yorsunuz? Ruisheng, 10 y\u0131l\u0131 a\u015fk\u0131n deneyime sahip en iyi \u00c7in lik\u00f6r \u015fi\u015fesi \u00fcreticisidir. Markalar, \u015firketler, cam \u015fi\u015fe toptanc\u0131lar\u0131 ve distrib\u00fct\u00f6rler i\u00e7in brendi \u015fi\u015feleri yap\u0131m\u0131nda uzman\u0131z. Bu bo\u015f brendi \u015fi\u015fesi toptan sat\u0131\u015f\u0131, \u00fcst s\u0131n\u0131f brendi ambalaj\u0131 i\u00e7in \u00f6zel olarak tasarlanm\u0131\u015ft\u0131r. Sipari\u015f bilgileri a\u015fa\u011f\u0131da g\u00f6sterilmi\u015ftir:<\/p>\n<ul>\n<li><strong><em>Adedi: 10000 Adet (Yakla\u015f\u0131k 11000 adet)<\/em><\/strong><\/li>\n<li>Kapasite: 700ml\/750ml\/1000ml<\/li>\n<li>Renk: \u015eeffaf<\/li>\n<li>A\u011f\u0131rl\u0131k: 640g<\/li>\n<li>Y\u00fckseklik: 211mm<\/li>\n<li>\u00c7ap: 60mm<\/li>\n<li>OEM\/ODM Hizmeti Sunulmaktad\u0131r<\/li>\n<\/ul>\n<p>E\u011fer ilgileniyorsan\u0131z <em>bo\u015f brendi\u0307 \u015fi\u0307\u015fesi\u0307 fi\u0307yati<\/em>bizimle ileti\u015fime ge\u00e7mek i\u00e7in l\u00fctfen buraya t\u0131klay\u0131n.<\/p>","protected":false},"featured_media":4305,"comment_status":"closed","ping_status":"closed","template":"","meta":[],"product_cat":[44,40,58],"class_list":{"0":"post-4304","1":"product","2":"type-product","3":"status-publish","4":"has-post-thumbnail","6":"product_cat-700ml-liquor-bottle-manufacturer","7":"product_cat-750ml-liquor-bottle-manufacturer","8":"product_cat-brandy-bottle","10":"first","11":"instock","12":"shipping-taxable","13":"product-type-simple"},"yoast_head":"<!-- This site is optimized with the Yoast SEO plugin v22.0 - https:\/\/yoast.com\/wordpress\/plugins\/seo\/ -->\n<title>Empty Brandy Bottle Price | China Liquor Bottle Manufacturers<\/title>\n<meta name=\"description\" content=\"Ruisheng, a professional China liquor bottle manufacturer, provide empty brandy bottle price for brands, companies, and wholesalers. Get Quote Here.\" \/>\n<meta name=\"robots\" content=\"index, follow, max-snippet:-1, max-image-preview:large, max-video-preview:-1\" \/>\n<link rel=\"canonical\" href=\"https:\/\/ruishengglassco.com\/tr\/urun\/rs044-brendi-icin-70cl-dokme-cam-siseler\" \/>\n<meta property=\"og:locale\" content=\"tr_TR\" \/>\n<meta property=\"og:type\" content=\"article\" \/>\n<meta property=\"og:title\" content=\"Empty Brandy Bottle Price | China Liquor Bottle Manufacturers\" \/>\n<meta property=\"og:description\" content=\"Ruisheng, a professional China liquor bottle manufacturer, provide empty brandy bottle price for brands, companies, and wholesalers. Get Quote Here.\" \/>\n<meta property=\"og:url\" content=\"https:\/\/ruishengglassco.com\/tr\/urun\/rs044-brendi-icin-70cl-dokme-cam-siseler\" \/>\n<meta property=\"article:publisher\" content=\"https:\/\/www.facebook.com\/ruishengglassbottles\" \/>\n<meta property=\"article:modified_time\" content=\"2025-07-17T06:32:07+00:00\" \/>\n<meta property=\"og:image\" content=\"https:\/\/ruishengglassco.com\/wp-content\/uploads\/2025\/03\/RS044-70cl-Bulk-Glass-Bottles-For-Brandy.webp\" \/>\n\t<meta property=\"og:image:width\" content=\"800\" \/>\n\t<meta property=\"og:image:height\" content=\"800\" \/>\n\t<meta property=\"og:image:type\" content=\"image\/webp\" \/>\n<meta name=\"twitter:card\" content=\"summary_large_image\" \/>\n<meta name=\"twitter:label1\" content=\"Tahmini okuma s\u00fcresi\" \/>\n\t<meta name=\"twitter:data1\" content=\"2 dakika\" \/>\n<script type=\"application\/ld+json\" class=\"yoast-schema-graph\">{\"@context\":\"https:\/\/schema.org\",\"@graph\":[{\"@type\":\"WebPage\",\"@id\":\"https:\/\/ruishengglassco.com\/product\/rs044-70cl-bulk-glass-bottles-for-brandy\",\"url\":\"https:\/\/ruishengglassco.com\/product\/rs044-70cl-bulk-glass-bottles-for-brandy\",\"name\":\"Empty Brandy Bottle Price | China Liquor Bottle Manufacturers\",\"isPartOf\":{\"@id\":\"https:\/\/ruishengglassco.com\/#website\"},\"datePublished\":\"2025-03-15T04:19:29+00:00\",\"dateModified\":\"2025-07-17T06:32:07+00:00\",\"description\":\"Ruisheng, a professional China liquor bottle manufacturer, provide empty brandy bottle price for brands, companies, and wholesalers. Get Quote Here.\",\"breadcrumb\":{\"@id\":\"https:\/\/ruishengglassco.com\/product\/rs044-70cl-bulk-glass-bottles-for-brandy#breadcrumb\"},\"inLanguage\":\"tr\",\"potentialAction\":[{\"@type\":\"ReadAction\",\"target\":[\"https:\/\/ruishengglassco.com\/product\/rs044-70cl-bulk-glass-bottles-for-brandy\"]}]},{\"@type\":\"BreadcrumbList\",\"@id\":\"https:\/\/ruishengglassco.com\/product\/rs044-70cl-bulk-glass-bottles-for-brandy#breadcrumb\",\"itemListElement\":[{\"@type\":\"ListItem\",\"position\":1,\"name\":\"Home\",\"item\":\"https:\/\/ruishengglassco.com\/\"},{\"@type\":\"ListItem\",\"position\":2,\"name\":\"Products\",\"item\":\"https:\/\/ruishengglassco.com\/products\"},{\"@type\":\"ListItem\",\"position\":3,\"name\":\"RS044: 70cl Bulk Glass Bottles For Brandy\"}]},{\"@type\":\"WebSite\",\"@id\":\"https:\/\/ruishengglassco.com\/#website\",\"url\":\"https:\/\/ruishengglassco.com\/\",\"name\":\"Ruisheng Glass\",\"description\":\"\",\"publisher\":{\"@id\":\"https:\/\/ruishengglassco.com\/#organization\"},\"potentialAction\":[{\"@type\":\"SearchAction\",\"target\":{\"@type\":\"EntryPoint\",\"urlTemplate\":\"https:\/\/ruishengglassco.com\/?s={search_term_string}\"},\"query-input\":\"required name=search_term_string\"}],\"inLanguage\":\"tr\"},{\"@type\":\"Organization\",\"@id\":\"https:\/\/ruishengglassco.com\/#organization\",\"name\":\"Shandong Yuncheng Ruisheng Glass Co., Ltd\",\"url\":\"https:\/\/ruishengglassco.com\/\",\"logo\":{\"@type\":\"ImageObject\",\"inLanguage\":\"tr\",\"@id\":\"https:\/\/ruishengglassco.com\/#\/schema\/logo\/image\/\",\"url\":\"https:\/\/ruishengglassco.com\/wp-content\/uploads\/2023\/09\/ruisheng_logo_icon.webp\",\"contentUrl\":\"https:\/\/ruishengglassco.com\/wp-content\/uploads\/2023\/09\/ruisheng_logo_icon.webp\",\"width\":400,\"height\":233,\"caption\":\"Shandong Yuncheng Ruisheng Glass Co., Ltd\"},\"image\":{\"@id\":\"https:\/\/ruishengglassco.com\/#\/schema\/logo\/image\/\"},\"sameAs\":[\"https:\/\/www.facebook.com\/ruishengglassbottles\",\"https:\/\/www.instagram.com\/Ruishengglassbottlewholesales\/\",\"https:\/\/www.youtube.com\/channel\/UCMmbMNGwsL-XrtjfSFLCdVQ\"]}]}<\/script>\n<!-- \/ Yoast SEO plugin. -->","yoast_head_json":{"title":"Empty Brandy Bottle Price | China Liquor Bottle Manufacturers","description":"Ruisheng, a professional China liquor bottle manufacturer, provide empty brandy bottle price for brands, companies, and wholesalers. Get Quote Here.","robots":{"index":"index","follow":"follow","max-snippet":"max-snippet:-1","max-image-preview":"max-image-preview:large","max-video-preview":"max-video-preview:-1"},"canonical":"https:\/\/ruishengglassco.com\/tr\/urun\/rs044-brendi-icin-70cl-dokme-cam-siseler","og_locale":"tr_TR","og_type":"article","og_title":"Empty Brandy Bottle Price | China Liquor Bottle Manufacturers","og_description":"Ruisheng, a professional China liquor bottle manufacturer, provide empty brandy bottle price for brands, companies, and wholesalers. Get Quote Here.","og_url":"https:\/\/ruishengglassco.com\/tr\/urun\/rs044-brendi-icin-70cl-dokme-cam-siseler","article_publisher":"https:\/\/www.facebook.com\/ruishengglassbottles","article_modified_time":"2025-07-17T06:32:07+00:00","og_image":[{"width":800,"height":800,"url":"https:\/\/ruishengglassco.com\/wp-content\/uploads\/2025\/03\/RS044-70cl-Bulk-Glass-Bottles-For-Brandy.webp","type":"image\/webp"}],"twitter_card":"summary_large_image","twitter_misc":{"Tahmini okuma s\u00fcresi":"2 dakika"},"schema":{"@context":"https:\/\/schema.org","@graph":[{"@type":"WebPage","@id":"https:\/\/ruishengglassco.com\/product\/rs044-70cl-bulk-glass-bottles-for-brandy","url":"https:\/\/ruishengglassco.com\/product\/rs044-70cl-bulk-glass-bottles-for-brandy","name":"Empty Brandy Bottle Price | China Liquor Bottle Manufacturers","isPartOf":{"@id":"https:\/\/ruishengglassco.com\/#website"},"datePublished":"2025-03-15T04:19:29+00:00","dateModified":"2025-07-17T06:32:07+00:00","description":"Ruisheng, a professional China liquor bottle manufacturer, provide empty brandy bottle price for brands, companies, and wholesalers. Get Quote Here.","breadcrumb":{"@id":"https:\/\/ruishengglassco.com\/product\/rs044-70cl-bulk-glass-bottles-for-brandy#breadcrumb"},"inLanguage":"tr","potentialAction":[{"@type":"ReadAction","target":["https:\/\/ruishengglassco.com\/product\/rs044-70cl-bulk-glass-bottles-for-brandy"]}]},{"@type":"BreadcrumbList","@id":"https:\/\/ruishengglassco.com\/product\/rs044-70cl-bulk-glass-bottles-for-brandy#breadcrumb","itemListElement":[{"@type":"ListItem","position":1,"name":"Home","item":"https:\/\/ruishengglassco.com\/"},{"@type":"ListItem","position":2,"name":"Products","item":"https:\/\/ruishengglassco.com\/products"},{"@type":"ListItem","position":3,"name":"RS044: 70cl Bulk Glass Bottles For Brandy"}]},{"@type":"WebSite","@id":"https:\/\/ruishengglassco.com\/#website","url":"https:\/\/ruishengglassco.com\/","name":"Ruisheng Glass","description":"","publisher":{"@id":"https:\/\/ruishengglassco.com\/#organization"},"potentialAction":[{"@type":"SearchAction","target":{"@type":"EntryPoint","urlTemplate":"https:\/\/ruishengglassco.com\/?s={search_term_string}"},"query-input":"required name=search_term_string"}],"inLanguage":"tr"},{"@type":"Organization","@id":"https:\/\/ruishengglassco.com\/#organization","name":"Shandong Yuncheng Ruisheng Glass Co., Ltd","url":"https:\/\/ruishengglassco.com\/","logo":{"@type":"ImageObject","inLanguage":"tr","@id":"https:\/\/ruishengglassco.com\/#\/schema\/logo\/image\/","url":"https:\/\/ruishengglassco.com\/wp-content\/uploads\/2023\/09\/ruisheng_logo_icon.webp","contentUrl":"https:\/\/ruishengglassco.com\/wp-content\/uploads\/2023\/09\/ruisheng_logo_icon.webp","width":400,"height":233,"caption":"Shandong Yuncheng Ruisheng Glass Co., Ltd"},"image":{"@id":"https:\/\/ruishengglassco.com\/#\/schema\/logo\/image\/"},"sameAs":["https:\/\/www.facebook.com\/ruishengglassbottles","https:\/\/www.instagram.com\/Ruishengglassbottlewholesales\/","https:\/\/www.youtube.com\/channel\/UCMmbMNGwsL-XrtjfSFLCdVQ"]}]}},"_links":{"self":[{"href":"https:\/\/ruishengglassco.com\/tr\/wp-json\/wp\/v2\/product\/4304","targetHints":{"allow":["GET"]}}],"collection":[{"href":"https:\/\/ruishengglassco.com\/tr\/wp-json\/wp\/v2\/product"}],"about":[{"href":"https:\/\/ruishengglassco.com\/tr\/wp-json\/wp\/v2\/types\/product"}],"replies":[{"embeddable":true,"href":"https:\/\/ruishengglassco.com\/tr\/wp-json\/wp\/v2\/comments?post=4304"}],"wp:featuredmedia":[{"embeddable":true,"href":"https:\/\/ruishengglassco.com\/tr\/wp-json\/wp\/v2\/media\/4305"}],"wp:attachment":[{"href":"https:\/\/ruishengglassco.com\/tr\/wp-json\/wp\/v2\/media?parent=4304"}],"wp:term":[{"taxonomy":"product_cat","embeddable":true,"href":"https:\/\/ruishengglassco.com\/tr\/wp-json\/wp\/v2\/product_cat?post=4304"}],"curies":[{"name":"wp","href":"https:\/\/api.w.org\/{rel}","templated":true}]}}