{"id":4302,"date":"2025-03-15T12:16:17","date_gmt":"2025-03-15T04:16:17","guid":{"rendered":"https:\/\/ruishengglassco.com\/?post_type=product&#038;p=4302"},"modified":"2025-07-17T09:26:40","modified_gmt":"2025-07-17T01:26:40","slug":"rs045-toptan-i%cc%87cki%cc%87-i%cc%87ci%cc%87n-mantarli-750ml-cam-si%cc%87se","status":"publish","type":"product","link":"https:\/\/ruishengglassco.com\/tr\/urun\/rs045-toptan-i%cc%87cki%cc%87-i%cc%87ci%cc%87n-mantarli-750ml-cam-si%cc%87se","title":{"rendered":"RS045: Toptan 750ml \u0130spirto \u0130\u00e7in Mantarl\u0131 Cam \u015ei\u015fe"},"content":{"rendered":"<h2>\u0130spirto \u0130\u00e7in Toptan Mantarl\u0131 Cam \u015ei\u015fe<\/h2>\n<p>Firmam\u0131z 750ml ispirto cam \u015fi\u015fe ihracat\u0131na odaklanmaktad\u0131r. Amerika Birle\u015fik Devletleri, Rusya, Afrika ve daha fazlas\u0131na g\u00f6nderdik. M\u00fc\u015fteriler s\u00fcrekli olarak \u00fcr\u00fcnlerimizi \u00f6v\u00fcyor. \u00d6zel bask\u0131l\u0131 cam \u015fi\u015feler 750ml cam \u015fi\u015fe tedarik\u00e7ileri firmam\u0131zdaki projelerden biridir.<\/p>\n<p>Firmam\u0131z\u0131n 500'den fazla \u00e7al\u0131\u015fan\u0131 ve yetenekli m\u00fchendislerden olu\u015fan bir ekibi vard\u0131r. Zengin deneyimimizle, t\u00fcm d\u00fcnyada iyi bir \u00fcne kavu\u015ftuk, her \u015fi\u015feyi dikkatlice inceledik ve herhangi bir niteliksiz \u015fi\u015feyle ilgilenece\u011fiz. Elinizdeki her \u015fi\u015fenin m\u00fckemmel oldu\u011funu garanti edebiliriz.<\/p>\n<p>Ba\u015fl\u0131ca \u00fcr\u00fcnlerimiz votka \u015fi\u015fesi, brendi \u015fi\u015fesi, viski \u015fi\u015fesi, lik\u00f6r \u015fi\u015fesi, re\u00e7el \u015fi\u015fesi ve benzeri gibi sat\u0131l\u0131k \u00fcst s\u0131n\u0131f 750 ml cam \u015fi\u015fedir. Ayr\u0131ca kehribar cam \u015fi\u015feler, ye\u015fil \u015fi\u015feler ve su \u015fi\u015feleri de sunabiliriz. Ba\u015fl\u0131ca pazarlar\u0131m\u0131z aras\u0131nda Avrupa, ABD, Avustralya ve di\u011fer b\u00f6lgeler bulunmaktad\u0131r. \u00dcr\u00fcnlerimiz yenilik ve i\u015flevsellik a\u00e7\u0131s\u0131ndan y\u00fcksek bir \u00fcne sahiptir.<\/p>\n<h2>Details About Mantarl\u0131 Cam \u015ei\u015fe Toptan Sat\u0131\u015f<\/h2>\n<ul>\n<li>Ana malzeme: y\u00fcksek \u00e7akmakta\u015f\u0131 cam<\/li>\n<li>Kapak: vidal\u0131 kapak<\/li>\n<li>Referans: RS045<\/li>\n<li>ADEDI: 10000 ADET<\/li>\n<li>Kapasite:750ml<\/li>\n<li>Adet\/Ctn:24 adet<\/li>\n<li>Yerin k\u00f6keni: Shandong, \u00c7in<\/li>\n<li>\u00d6zellik: \u00c7evre dostu<\/li>\n<\/ul>\n<p>Bu \u00f6zel bask\u0131l\u0131 750ml cam \u015fi\u015feler, uzun bir boyun ve daha kal\u0131n bir taban ile karakterize edilen kendine \u00f6zg\u00fc bir \u015fekle sahiptir. Y\u00fczeyinde derin i\u015fleme yapabilir ve logonuzu \u00fczerine basabiliriz. Ayr\u0131ca, bu \u015fi\u015fenin a\u011fz\u0131 de\u011fi\u015ftirilebilir; istedi\u011finiz \u015fekilde de\u011fi\u015ftirebiliriz.<\/p>\n<p>En dikkat \u00e7ekici olan\u0131, fabrikam\u0131z\u0131 istedi\u011finiz zaman ziyaret edebilmenizdir; sizi a\u011f\u0131rlamaya haz\u0131r\u0131z. \u015eirketi tan\u0131tmak ve \u015firketimizi tam olarak anlad\u0131\u011f\u0131n\u0131zdan emin olmak i\u00e7in \u00f6zel \u00e7al\u0131\u015fanlar\u0131m\u0131z var.<\/p>\n<p>Firmam\u0131z ayr\u0131ca \u00f6zel cam \u015fi\u015feleri de kabul etmektedir; verdi\u011finiz bilgilere g\u00f6re ayn\u0131 cam \u015fi\u015feyi yapabiliriz.<\/p>\n<p>\u00d6zel bask\u0131l\u0131 750ml cam \u015fi\u015felerimizle ilgileniyorsan\u0131z, l\u00fctfen bizimle ileti\u015fime ge\u00e7mekten \u00e7ekinmeyin. Size 24 saat i\u00e7inde cevap verece\u011fiz.<\/p>","protected":false},"excerpt":{"rendered":"<table class=\"tg\">\n<tbody>\n<tr>\n<th class=\"tg-24i8\" colspan=\"2\">\u0130\u00e7ki \u0130\u00e7in Mantarl\u0131 Toptan 750ml Cam \u015ei\u015fe<\/th>\n<\/tr>\n<tr>\n<td class=\"tg-b7b8\">Ana malzeme:<\/td>\n<td class=\"tg-b7b8\">Kur\u015funsuz s\u00fcper beyaz cam<\/td>\n<\/tr>\n<tr>\n<td class=\"tg-yw4l\">Kaptan:<\/td>\n<td class=\"tg-yw4l\">Metal Kapak \/ Mantar \/ Vidal\u0131 kapak<\/td>\n<\/tr>\n<tr>\n<td class=\"tg-b7b8\">Kapasite:<\/td>\n<td class=\"tg-b7b8\">700ml\/750ml<\/td>\n<\/tr>\n<tr>\n<td class=\"tg-yw4l\">Renk<\/td>\n<td class=\"tg-yw4l\">\u015eeffaf<\/td>\n<\/tr>\n<tr>\n<td class=\"tg-b7b8\"><strong>ADEDI:<\/strong><\/td>\n<td class=\"tg-b7b8\"><strong>10000 ADET<\/strong><\/td>\n<\/tr>\n<tr>\n<td class=\"tg-yw4l\">A\u011f\u0131rl\u0131k<\/td>\n<td class=\"tg-yw4l\">540g<\/td>\n<\/tr>\n<tr>\n<td class=\"tg-b7b8\">Y\u00fckseklik<\/td>\n<td class=\"tg-b7b8\">232mm<\/td>\n<\/tr>\n<tr>\n<td class=\"tg-yw4l\">Referans:<\/td>\n<td class=\"tg-yw4l\">RS045<\/td>\n<\/tr>\n<tr>\n<td class=\"tg-b7b8\">Nakliye yolu:<\/td>\n<td class=\"tg-b7b8\">Gemi, Ekspres<\/td>\n<\/tr>\n<tr>\n<td class=\"tg-yw4l\">OEM\/ODM:<\/td>\n<td class=\"tg-yw4l\">Ho\u015f geldiniz<\/td>\n<\/tr>\n<\/tbody>\n<\/table>","protected":false},"featured_media":4303,"comment_status":"closed","ping_status":"closed","template":"","meta":[],"product_cat":[44,40],"class_list":{"0":"post-4302","1":"product","2":"type-product","3":"status-publish","4":"has-post-thumbnail","6":"product_cat-700ml-liquor-bottle-manufacturer","7":"product_cat-750ml-liquor-bottle-manufacturer","9":"first","10":"instock","11":"shipping-taxable","12":"product-type-simple"},"yoast_head":"<!-- This site is optimized with the Yoast SEO plugin v22.0 - https:\/\/yoast.com\/wordpress\/plugins\/seo\/ -->\n<title>Glass Bottle With Cork Wholesale | Bulk Spirit Bottle Manufacturers<\/title>\n<meta name=\"description\" content=\"Ruisheng, one of the largest bulk spirit bottle manufacturers from China, provide glass bottle with corks wholesale for liquor brand&amp;company.\" \/>\n<meta name=\"robots\" content=\"index, follow, max-snippet:-1, max-image-preview:large, max-video-preview:-1\" \/>\n<link rel=\"canonical\" href=\"https:\/\/ruishengglassco.com\/tr\/urun\/rs045-toptan-i\u0307cki\u0307-i\u0307ci\u0307n-mantarli-750ml-cam-si\u0307se\" \/>\n<meta property=\"og:locale\" content=\"tr_TR\" \/>\n<meta property=\"og:type\" content=\"article\" \/>\n<meta property=\"og:title\" content=\"Glass Bottle With Cork Wholesale | Bulk Spirit Bottle Manufacturers\" \/>\n<meta property=\"og:description\" content=\"Ruisheng, one of the largest bulk spirit bottle manufacturers from China, provide glass bottle with corks wholesale for liquor brand&amp;company.\" \/>\n<meta property=\"og:url\" content=\"https:\/\/ruishengglassco.com\/tr\/urun\/rs045-toptan-i\u0307cki\u0307-i\u0307ci\u0307n-mantarli-750ml-cam-si\u0307se\" \/>\n<meta property=\"article:publisher\" content=\"https:\/\/www.facebook.com\/ruishengglassbottles\" \/>\n<meta property=\"article:modified_time\" content=\"2025-07-17T01:26:40+00:00\" \/>\n<meta property=\"og:image\" content=\"https:\/\/ruishengglassco.com\/wp-content\/uploads\/2025\/03\/RS045-Wholesale-750ml-Glass-Bottle-With-Cork-For-Spirit.webp\" \/>\n\t<meta property=\"og:image:width\" content=\"800\" \/>\n\t<meta property=\"og:image:height\" content=\"800\" \/>\n\t<meta property=\"og:image:type\" content=\"image\/webp\" \/>\n<meta name=\"twitter:card\" content=\"summary_large_image\" \/>\n<meta name=\"twitter:label1\" content=\"Tahmini okuma s\u00fcresi\" \/>\n\t<meta name=\"twitter:data1\" content=\"2 dakika\" \/>\n<script type=\"application\/ld+json\" class=\"yoast-schema-graph\">{\"@context\":\"https:\/\/schema.org\",\"@graph\":[{\"@type\":\"WebPage\",\"@id\":\"https:\/\/ruishengglassco.com\/product\/rs045-wholesale-750ml-glass-bottle-with-cork-for-spirit\",\"url\":\"https:\/\/ruishengglassco.com\/product\/rs045-wholesale-750ml-glass-bottle-with-cork-for-spirit\",\"name\":\"Glass Bottle With Cork Wholesale | Bulk Spirit Bottle Manufacturers\",\"isPartOf\":{\"@id\":\"https:\/\/ruishengglassco.com\/#website\"},\"datePublished\":\"2025-03-15T04:16:17+00:00\",\"dateModified\":\"2025-07-17T01:26:40+00:00\",\"description\":\"Ruisheng, one of the largest bulk spirit bottle manufacturers from China, provide glass bottle with corks wholesale for liquor brand&company.\",\"breadcrumb\":{\"@id\":\"https:\/\/ruishengglassco.com\/product\/rs045-wholesale-750ml-glass-bottle-with-cork-for-spirit#breadcrumb\"},\"inLanguage\":\"tr\",\"potentialAction\":[{\"@type\":\"ReadAction\",\"target\":[\"https:\/\/ruishengglassco.com\/product\/rs045-wholesale-750ml-glass-bottle-with-cork-for-spirit\"]}]},{\"@type\":\"BreadcrumbList\",\"@id\":\"https:\/\/ruishengglassco.com\/product\/rs045-wholesale-750ml-glass-bottle-with-cork-for-spirit#breadcrumb\",\"itemListElement\":[{\"@type\":\"ListItem\",\"position\":1,\"name\":\"Home\",\"item\":\"https:\/\/ruishengglassco.com\/\"},{\"@type\":\"ListItem\",\"position\":2,\"name\":\"Products\",\"item\":\"https:\/\/ruishengglassco.com\/products\"},{\"@type\":\"ListItem\",\"position\":3,\"name\":\"RS045: Wholesale 750ml Glass Bottle With Cork For Spirit\"}]},{\"@type\":\"WebSite\",\"@id\":\"https:\/\/ruishengglassco.com\/#website\",\"url\":\"https:\/\/ruishengglassco.com\/\",\"name\":\"Ruisheng Glass\",\"description\":\"\",\"publisher\":{\"@id\":\"https:\/\/ruishengglassco.com\/#organization\"},\"potentialAction\":[{\"@type\":\"SearchAction\",\"target\":{\"@type\":\"EntryPoint\",\"urlTemplate\":\"https:\/\/ruishengglassco.com\/?s={search_term_string}\"},\"query-input\":\"required name=search_term_string\"}],\"inLanguage\":\"tr\"},{\"@type\":\"Organization\",\"@id\":\"https:\/\/ruishengglassco.com\/#organization\",\"name\":\"Shandong Yuncheng Ruisheng Glass Co., Ltd\",\"url\":\"https:\/\/ruishengglassco.com\/\",\"logo\":{\"@type\":\"ImageObject\",\"inLanguage\":\"tr\",\"@id\":\"https:\/\/ruishengglassco.com\/#\/schema\/logo\/image\/\",\"url\":\"https:\/\/ruishengglassco.com\/wp-content\/uploads\/2023\/09\/ruisheng_logo_icon.webp\",\"contentUrl\":\"https:\/\/ruishengglassco.com\/wp-content\/uploads\/2023\/09\/ruisheng_logo_icon.webp\",\"width\":400,\"height\":233,\"caption\":\"Shandong Yuncheng Ruisheng Glass Co., Ltd\"},\"image\":{\"@id\":\"https:\/\/ruishengglassco.com\/#\/schema\/logo\/image\/\"},\"sameAs\":[\"https:\/\/www.facebook.com\/ruishengglassbottles\",\"https:\/\/www.instagram.com\/Ruishengglassbottlewholesales\/\",\"https:\/\/www.youtube.com\/channel\/UCMmbMNGwsL-XrtjfSFLCdVQ\"]}]}<\/script>\n<!-- \/ Yoast SEO plugin. -->","yoast_head_json":{"title":"Glass Bottle With Cork Wholesale | Bulk Spirit Bottle Manufacturers","description":"Ruisheng, one of the largest bulk spirit bottle manufacturers from China, provide glass bottle with corks wholesale for liquor brand&company.","robots":{"index":"index","follow":"follow","max-snippet":"max-snippet:-1","max-image-preview":"max-image-preview:large","max-video-preview":"max-video-preview:-1"},"canonical":"https:\/\/ruishengglassco.com\/tr\/urun\/rs045-toptan-i\u0307cki\u0307-i\u0307ci\u0307n-mantarli-750ml-cam-si\u0307se","og_locale":"tr_TR","og_type":"article","og_title":"Glass Bottle With Cork Wholesale | Bulk Spirit Bottle Manufacturers","og_description":"Ruisheng, one of the largest bulk spirit bottle manufacturers from China, provide glass bottle with corks wholesale for liquor brand&company.","og_url":"https:\/\/ruishengglassco.com\/tr\/urun\/rs045-toptan-i\u0307cki\u0307-i\u0307ci\u0307n-mantarli-750ml-cam-si\u0307se","article_publisher":"https:\/\/www.facebook.com\/ruishengglassbottles","article_modified_time":"2025-07-17T01:26:40+00:00","og_image":[{"width":800,"height":800,"url":"https:\/\/ruishengglassco.com\/wp-content\/uploads\/2025\/03\/RS045-Wholesale-750ml-Glass-Bottle-With-Cork-For-Spirit.webp","type":"image\/webp"}],"twitter_card":"summary_large_image","twitter_misc":{"Tahmini okuma s\u00fcresi":"2 dakika"},"schema":{"@context":"https:\/\/schema.org","@graph":[{"@type":"WebPage","@id":"https:\/\/ruishengglassco.com\/product\/rs045-wholesale-750ml-glass-bottle-with-cork-for-spirit","url":"https:\/\/ruishengglassco.com\/product\/rs045-wholesale-750ml-glass-bottle-with-cork-for-spirit","name":"Glass Bottle With Cork Wholesale | Bulk Spirit Bottle Manufacturers","isPartOf":{"@id":"https:\/\/ruishengglassco.com\/#website"},"datePublished":"2025-03-15T04:16:17+00:00","dateModified":"2025-07-17T01:26:40+00:00","description":"Ruisheng, one of the largest bulk spirit bottle manufacturers from China, provide glass bottle with corks wholesale for liquor brand&company.","breadcrumb":{"@id":"https:\/\/ruishengglassco.com\/product\/rs045-wholesale-750ml-glass-bottle-with-cork-for-spirit#breadcrumb"},"inLanguage":"tr","potentialAction":[{"@type":"ReadAction","target":["https:\/\/ruishengglassco.com\/product\/rs045-wholesale-750ml-glass-bottle-with-cork-for-spirit"]}]},{"@type":"BreadcrumbList","@id":"https:\/\/ruishengglassco.com\/product\/rs045-wholesale-750ml-glass-bottle-with-cork-for-spirit#breadcrumb","itemListElement":[{"@type":"ListItem","position":1,"name":"Home","item":"https:\/\/ruishengglassco.com\/"},{"@type":"ListItem","position":2,"name":"Products","item":"https:\/\/ruishengglassco.com\/products"},{"@type":"ListItem","position":3,"name":"RS045: Wholesale 750ml Glass Bottle With Cork For Spirit"}]},{"@type":"WebSite","@id":"https:\/\/ruishengglassco.com\/#website","url":"https:\/\/ruishengglassco.com\/","name":"Ruisheng Glass","description":"","publisher":{"@id":"https:\/\/ruishengglassco.com\/#organization"},"potentialAction":[{"@type":"SearchAction","target":{"@type":"EntryPoint","urlTemplate":"https:\/\/ruishengglassco.com\/?s={search_term_string}"},"query-input":"required name=search_term_string"}],"inLanguage":"tr"},{"@type":"Organization","@id":"https:\/\/ruishengglassco.com\/#organization","name":"Shandong Yuncheng Ruisheng Glass Co., Ltd","url":"https:\/\/ruishengglassco.com\/","logo":{"@type":"ImageObject","inLanguage":"tr","@id":"https:\/\/ruishengglassco.com\/#\/schema\/logo\/image\/","url":"https:\/\/ruishengglassco.com\/wp-content\/uploads\/2023\/09\/ruisheng_logo_icon.webp","contentUrl":"https:\/\/ruishengglassco.com\/wp-content\/uploads\/2023\/09\/ruisheng_logo_icon.webp","width":400,"height":233,"caption":"Shandong Yuncheng Ruisheng Glass Co., Ltd"},"image":{"@id":"https:\/\/ruishengglassco.com\/#\/schema\/logo\/image\/"},"sameAs":["https:\/\/www.facebook.com\/ruishengglassbottles","https:\/\/www.instagram.com\/Ruishengglassbottlewholesales\/","https:\/\/www.youtube.com\/channel\/UCMmbMNGwsL-XrtjfSFLCdVQ"]}]}},"_links":{"self":[{"href":"https:\/\/ruishengglassco.com\/tr\/wp-json\/wp\/v2\/product\/4302","targetHints":{"allow":["GET"]}}],"collection":[{"href":"https:\/\/ruishengglassco.com\/tr\/wp-json\/wp\/v2\/product"}],"about":[{"href":"https:\/\/ruishengglassco.com\/tr\/wp-json\/wp\/v2\/types\/product"}],"replies":[{"embeddable":true,"href":"https:\/\/ruishengglassco.com\/tr\/wp-json\/wp\/v2\/comments?post=4302"}],"wp:featuredmedia":[{"embeddable":true,"href":"https:\/\/ruishengglassco.com\/tr\/wp-json\/wp\/v2\/media\/4303"}],"wp:attachment":[{"href":"https:\/\/ruishengglassco.com\/tr\/wp-json\/wp\/v2\/media?parent=4302"}],"wp:term":[{"taxonomy":"product_cat","embeddable":true,"href":"https:\/\/ruishengglassco.com\/tr\/wp-json\/wp\/v2\/product_cat?post=4302"}],"curies":[{"name":"wp","href":"https:\/\/api.w.org\/{rel}","templated":true}]}}