{"id":4300,"date":"2025-03-15T12:13:21","date_gmt":"2025-03-15T04:13:21","guid":{"rendered":"https:\/\/ruishengglassco.com\/?post_type=product&#038;p=4300"},"modified":"2025-09-11T16:14:45","modified_gmt":"2025-09-11T08:14:45","slug":"rs046-500ml-700ml-750ml-fantazi%cc%87-cam-si%cc%87se-ureti%cc%87ci%cc%87leri%cc%87","status":"publish","type":"product","link":"https:\/\/ruishengglassco.com\/tr\/urun\/rs046-500ml-700ml-750ml-fantazi%cc%87-cam-si%cc%87se-ureti%cc%87ci%cc%87leri%cc%87","title":{"rendered":"RS046: 500ml 700ml 750ml Fantezi Cam \u015ei\u015feler \u00dcreticileri"},"content":{"rendered":"<p><span data-preserver-spaces=\"true\">Bu <\/span><strong><span data-preserver-spaces=\"true\">s\u00fcsl\u00fc cam \u015fi\u015felerin toptan sat\u0131\u015f\u0131 <\/span><\/strong><span data-preserver-spaces=\"true\">bir <\/span><span data-preserver-spaces=\"true\">\u00f6nemli<\/span><span data-preserver-spaces=\"true\"> Ruisheng'de proje. Mantarl\u0131 cam \u015fi\u015felerin lider \u00fcreticisi Ruisheng, \u00e7ok \u00e7e\u015fitli toptan sat\u0131\u015f se\u00e7enekleri sunmaktad\u0131r. Boston yuvarlak \u015fi\u015feler, kare \u015fi\u015feler ve \u00f6zel \u015fekilli tasar\u0131mlar bulabilirsiniz. Ayr\u0131ca <\/span><span data-preserver-spaces=\"true\">teklif<\/span><span data-preserver-spaces=\"true\"> viski, brendi, rom ve votka gibi alkoll\u00fc i\u00e7kiler i\u00e7in \u00f6zel mantarl\u0131 \u015fi\u015feler.<\/span><\/p>\n<p><span data-preserver-spaces=\"true\">Daha k\u00fc\u00e7\u00fck bir cam \u015fi\u015fe veya daha b\u00fcy\u00fck bir toptan cam \u015fi\u015fe se\u00e7erek bir el i\u015fi yap\u0131n veya m\u00fc\u015fterilere \u00fcr\u00fcn g\u00f6nderin. Boyutlar <\/span><span data-preserver-spaces=\"true\">vard\u0131r<\/span><span data-preserver-spaces=\"true\"> 50ml'den 1500ml'ye kadar mevcuttur. <\/span><span data-preserver-spaces=\"true\">\u00d6zel sipari\u015fler kabul edilebilir<\/span><span data-preserver-spaces=\"true\">. Sat\u0131l\u0131k cam \u015fi\u015felerin \u00e7o\u011fu <\/span><span data-preserver-spaces=\"true\">yap\u0131l\u0131r<\/span><span data-preserver-spaces=\"true\"> y\u00fcksek kaliteli cam malzemeden yap\u0131lm\u0131\u015ft\u0131r. <\/span><span data-preserver-spaces=\"true\">ve <\/span><span data-preserver-spaces=\"true\">lik\u00f6r \u015fi\u015fesi daha g\u00fc\u00e7l\u00fc ve daha g\u00fczel. <\/span><span data-preserver-spaces=\"true\">T\u00fcm kapakl\u0131 \u015feffaf cam \u015fi\u015felerin toksik olmad\u0131\u011f\u0131n\u0131, 100% geri d\u00f6n\u00fc\u015ft\u00fcr\u00fclebilir, yeniden kullan\u0131labilir ve <\/span><span data-preserver-spaces=\"true\">\u00e7evre i\u00e7in g\u00fcvenli<\/span><span data-preserver-spaces=\"true\">.<\/span><\/p>\n<p><span data-preserver-spaces=\"true\">Bu 500 ml'lik elmas cam \u015fi\u015feler s\u00fcsl\u00fc bir tasar\u0131ma sahiptir. Bunlar\u0131 \u00e7izimlerinize g\u00f6re de \u00f6zelle\u015ftirebiliriz. Sadece neye ihtiyac\u0131n\u0131z oldu\u011funu bize bildirin!<\/span><\/p>\n<h2>Fantezi Tasar\u0131m 500ml Elmas Cam \u015ei\u015felerin Bilgileri A\u015fa\u011f\u0131daki Gibidir:<\/h2>\n<ul>\n<li>Ana malzeme: s\u00fcper \u00e7akmakta\u015f\u0131 cam<\/li>\n<li>Kapak: mantar<\/li>\n<li>Referans: RS046<\/li>\n<li>ADEDI: 10000 ADET<\/li>\n<li>Kapasite: 500ml<\/li>\n<li>Adet\/Ctn: 24 adet<\/li>\n<li>Yerin k\u00f6keni: Shandong, \u00c7in<\/li>\n<li>\u00d6zellik: \u00c7evre dostu<\/li>\n<\/ul>\n<p>Ruisheng, 500 ml cam \u015fi\u015fe \u00fcretme ge\u00e7mi\u015fine sahiptir. Ekibimiz deneyimlidir ve ihtiya\u00e7lar\u0131n\u0131z\u0131 kar\u015f\u0131layabilece\u011fimizden eminiz. Ruisheng \u015feffaf cam \u015fi\u015feleri Avrupa, ABD, Avustralya ve di\u011fer b\u00f6lgelerde iyi kar\u015f\u0131land\u0131. Ve t\u00fcm \u00fcr\u00fcnler yenilik ve i\u015flevsellik a\u00e7\u0131s\u0131ndan y\u00fcksek bir \u00fcne sahiptir.<\/p>\n<p>Ruisheng cam \u015fi\u015fe \u015fimdi yeni bir siteyi geni\u015fletti, geli\u015fmi\u015f makineleri tan\u0131tt\u0131 ve \u00fcretim h\u0131z\u0131m\u0131z eskisinden \u00e7ok daha y\u00fcksek. B\u00f6ylece belirlenen tarihte iyi \u015fi\u015feler yapaca\u011f\u0131z ve mallar\u0131 size teslim edece\u011fiz.<\/p>\n<p>Bu \u015feffaf cam \u015fi\u015feden memnun kald\u0131ysan\u0131z, l\u00fctfen hemen bana bildirin. E\u011fer be\u011fenmezseniz, di\u011fer \u015fi\u015felerimize bakabilirsiniz. Ya da size katalo\u011fu verece\u011fim ve be\u011fendi\u011finizi se\u00e7ebilirsiniz. Hermetik alkol \u015fi\u015felerimizle ilgileniyorsan\u0131z, l\u00fctfen bizimle ileti\u015fime ge\u00e7in. Size 24 saat i\u00e7inde cevap verece\u011fiz.<\/p>","protected":false},"excerpt":{"rendered":"<p>Ruisheng, 10 y\u0131l\u0131 a\u015fk\u0131n deneyime sahip profesyonel bir cam \u015fi\u015fe \u00fcreticisidir. Lik\u00f6r markalar\u0131, \u015firketler, tedarik\u00e7iler ve toptanc\u0131lar i\u00e7in toptan fiyatlarla s\u00fcsl\u00fc cam \u015fi\u015feler sunuyoruz. Fabrika \u00e7\u0131k\u0131\u015f\u0131m\u0131z cam \u015fi\u015felerde ucuz toplu fiyatland\u0131rma sa\u011flar. Bu s\u00fcsl\u00fc 500ml elmas cam \u015fi\u015feler, sa\u011flad\u0131\u011f\u0131n\u0131z \u00e7izimlere g\u00f6re de \u00f6zelle\u015ftirilebilir; istedi\u011finiz herhangi bir \u015fi\u015feyi yapabiliriz.<\/p>\n<p>Elmas lik\u00f6r \u015fi\u015fesi fiyat\u0131 almak i\u00e7in l\u00fctfen bizimle ileti\u015fime ge\u00e7mekten \u00e7ekinmeyin.<\/p>","protected":false},"featured_media":4301,"comment_status":"closed","ping_status":"closed","template":"","meta":[],"product_cat":[41,44,40,57,46],"class_list":{"0":"post-4300","1":"product","2":"type-product","3":"status-publish","4":"has-post-thumbnail","6":"product_cat-500ml-liquor-bottle-manufacturer","7":"product_cat-700ml-liquor-bottle-manufacturer","8":"product_cat-750ml-liquor-bottle-manufacturer","9":"product_cat-rum-bottle","10":"product_cat-tequila-bottle","12":"first","13":"instock","14":"shipping-taxable","15":"product-type-simple"},"yoast_head":"<!-- This site is optimized with the Yoast SEO plugin v22.0 - https:\/\/yoast.com\/wordpress\/plugins\/seo\/ -->\n<title>750ml Fancy Glass Bottle Manufacturers | Diamond Liquor Bottle Suppliers<\/title>\n<meta name=\"description\" content=\"Ruisheng, one of the largest China glass liquor bottle supplirs&amp;factory, sales 750ml fancy glass bottle wholesale in bulk price.\" \/>\n<meta name=\"robots\" content=\"index, follow, max-snippet:-1, max-image-preview:large, max-video-preview:-1\" \/>\n<link rel=\"canonical\" href=\"https:\/\/ruishengglassco.com\/tr\/urun\/rs046-500ml-700ml-750ml-fantazi\u0307-cam-si\u0307se-ureti\u0307ci\u0307leri\u0307\" \/>\n<meta property=\"og:locale\" content=\"tr_TR\" \/>\n<meta property=\"og:type\" content=\"article\" \/>\n<meta property=\"og:title\" content=\"750ml Fancy Glass Bottle Manufacturers | Diamond Liquor Bottle Suppliers\" \/>\n<meta property=\"og:description\" content=\"Ruisheng, one of the largest China glass liquor bottle supplirs&amp;factory, sales 750ml fancy glass bottle wholesale in bulk price.\" \/>\n<meta property=\"og:url\" content=\"https:\/\/ruishengglassco.com\/tr\/urun\/rs046-500ml-700ml-750ml-fantazi\u0307-cam-si\u0307se-ureti\u0307ci\u0307leri\u0307\" \/>\n<meta property=\"article:publisher\" content=\"https:\/\/www.facebook.com\/ruishengglassbottles\" \/>\n<meta property=\"article:modified_time\" content=\"2025-09-11T08:14:45+00:00\" \/>\n<meta property=\"og:image\" content=\"https:\/\/ruishengglassco.com\/wp-content\/uploads\/2025\/03\/RS046-500ml-700ml-750ml-Fancy-Glass-Bottles-Wholesale.webp\" \/>\n\t<meta property=\"og:image:width\" content=\"602\" \/>\n\t<meta property=\"og:image:height\" content=\"608\" \/>\n\t<meta property=\"og:image:type\" content=\"image\/webp\" \/>\n<meta name=\"twitter:card\" content=\"summary_large_image\" \/>\n<meta name=\"twitter:label1\" content=\"Tahmini okuma s\u00fcresi\" \/>\n\t<meta name=\"twitter:data1\" content=\"2 dakika\" \/>\n<script type=\"application\/ld+json\" class=\"yoast-schema-graph\">{\"@context\":\"https:\/\/schema.org\",\"@graph\":[{\"@type\":\"WebPage\",\"@id\":\"https:\/\/ruishengglassco.com\/product\/rs046-500ml-700ml-750ml-fancy-glass-bottles-manufacturers\",\"url\":\"https:\/\/ruishengglassco.com\/product\/rs046-500ml-700ml-750ml-fancy-glass-bottles-manufacturers\",\"name\":\"750ml Fancy Glass Bottle Manufacturers | Diamond Liquor Bottle Suppliers\",\"isPartOf\":{\"@id\":\"https:\/\/ruishengglassco.com\/#website\"},\"datePublished\":\"2025-03-15T04:13:21+00:00\",\"dateModified\":\"2025-09-11T08:14:45+00:00\",\"description\":\"Ruisheng, one of the largest China glass liquor bottle supplirs&factory, sales 750ml fancy glass bottle wholesale in bulk price.\",\"breadcrumb\":{\"@id\":\"https:\/\/ruishengglassco.com\/product\/rs046-500ml-700ml-750ml-fancy-glass-bottles-manufacturers#breadcrumb\"},\"inLanguage\":\"tr\",\"potentialAction\":[{\"@type\":\"ReadAction\",\"target\":[\"https:\/\/ruishengglassco.com\/product\/rs046-500ml-700ml-750ml-fancy-glass-bottles-manufacturers\"]}]},{\"@type\":\"BreadcrumbList\",\"@id\":\"https:\/\/ruishengglassco.com\/product\/rs046-500ml-700ml-750ml-fancy-glass-bottles-manufacturers#breadcrumb\",\"itemListElement\":[{\"@type\":\"ListItem\",\"position\":1,\"name\":\"Home\",\"item\":\"https:\/\/ruishengglassco.com\/\"},{\"@type\":\"ListItem\",\"position\":2,\"name\":\"Products\",\"item\":\"https:\/\/ruishengglassco.com\/products\"},{\"@type\":\"ListItem\",\"position\":3,\"name\":\"RS046: 500ml 700ml 750ml Fancy Glass Bottles Manufacturers\"}]},{\"@type\":\"WebSite\",\"@id\":\"https:\/\/ruishengglassco.com\/#website\",\"url\":\"https:\/\/ruishengglassco.com\/\",\"name\":\"Ruisheng Glass\",\"description\":\"\",\"publisher\":{\"@id\":\"https:\/\/ruishengglassco.com\/#organization\"},\"potentialAction\":[{\"@type\":\"SearchAction\",\"target\":{\"@type\":\"EntryPoint\",\"urlTemplate\":\"https:\/\/ruishengglassco.com\/?s={search_term_string}\"},\"query-input\":\"required name=search_term_string\"}],\"inLanguage\":\"tr\"},{\"@type\":\"Organization\",\"@id\":\"https:\/\/ruishengglassco.com\/#organization\",\"name\":\"Shandong Yuncheng Ruisheng Glass Co., Ltd\",\"url\":\"https:\/\/ruishengglassco.com\/\",\"logo\":{\"@type\":\"ImageObject\",\"inLanguage\":\"tr\",\"@id\":\"https:\/\/ruishengglassco.com\/#\/schema\/logo\/image\/\",\"url\":\"https:\/\/ruishengglassco.com\/wp-content\/uploads\/2023\/09\/ruisheng_logo_icon.webp\",\"contentUrl\":\"https:\/\/ruishengglassco.com\/wp-content\/uploads\/2023\/09\/ruisheng_logo_icon.webp\",\"width\":400,\"height\":233,\"caption\":\"Shandong Yuncheng Ruisheng Glass Co., Ltd\"},\"image\":{\"@id\":\"https:\/\/ruishengglassco.com\/#\/schema\/logo\/image\/\"},\"sameAs\":[\"https:\/\/www.facebook.com\/ruishengglassbottles\",\"https:\/\/www.instagram.com\/Ruishengglassbottlewholesales\/\",\"https:\/\/www.youtube.com\/channel\/UCMmbMNGwsL-XrtjfSFLCdVQ\"]}]}<\/script>\n<!-- \/ Yoast SEO plugin. -->","yoast_head_json":{"title":"750ml Fancy Glass Bottle Manufacturers | Diamond Liquor Bottle Suppliers","description":"Ruisheng, one of the largest China glass liquor bottle supplirs&factory, sales 750ml fancy glass bottle wholesale in bulk price.","robots":{"index":"index","follow":"follow","max-snippet":"max-snippet:-1","max-image-preview":"max-image-preview:large","max-video-preview":"max-video-preview:-1"},"canonical":"https:\/\/ruishengglassco.com\/tr\/urun\/rs046-500ml-700ml-750ml-fantazi\u0307-cam-si\u0307se-ureti\u0307ci\u0307leri\u0307","og_locale":"tr_TR","og_type":"article","og_title":"750ml Fancy Glass Bottle Manufacturers | Diamond Liquor Bottle Suppliers","og_description":"Ruisheng, one of the largest China glass liquor bottle supplirs&factory, sales 750ml fancy glass bottle wholesale in bulk price.","og_url":"https:\/\/ruishengglassco.com\/tr\/urun\/rs046-500ml-700ml-750ml-fantazi\u0307-cam-si\u0307se-ureti\u0307ci\u0307leri\u0307","article_publisher":"https:\/\/www.facebook.com\/ruishengglassbottles","article_modified_time":"2025-09-11T08:14:45+00:00","og_image":[{"width":602,"height":608,"url":"https:\/\/ruishengglassco.com\/wp-content\/uploads\/2025\/03\/RS046-500ml-700ml-750ml-Fancy-Glass-Bottles-Wholesale.webp","type":"image\/webp"}],"twitter_card":"summary_large_image","twitter_misc":{"Tahmini okuma s\u00fcresi":"2 dakika"},"schema":{"@context":"https:\/\/schema.org","@graph":[{"@type":"WebPage","@id":"https:\/\/ruishengglassco.com\/product\/rs046-500ml-700ml-750ml-fancy-glass-bottles-manufacturers","url":"https:\/\/ruishengglassco.com\/product\/rs046-500ml-700ml-750ml-fancy-glass-bottles-manufacturers","name":"750ml Fancy Glass Bottle Manufacturers | Diamond Liquor Bottle Suppliers","isPartOf":{"@id":"https:\/\/ruishengglassco.com\/#website"},"datePublished":"2025-03-15T04:13:21+00:00","dateModified":"2025-09-11T08:14:45+00:00","description":"Ruisheng, one of the largest China glass liquor bottle supplirs&factory, sales 750ml fancy glass bottle wholesale in bulk price.","breadcrumb":{"@id":"https:\/\/ruishengglassco.com\/product\/rs046-500ml-700ml-750ml-fancy-glass-bottles-manufacturers#breadcrumb"},"inLanguage":"tr","potentialAction":[{"@type":"ReadAction","target":["https:\/\/ruishengglassco.com\/product\/rs046-500ml-700ml-750ml-fancy-glass-bottles-manufacturers"]}]},{"@type":"BreadcrumbList","@id":"https:\/\/ruishengglassco.com\/product\/rs046-500ml-700ml-750ml-fancy-glass-bottles-manufacturers#breadcrumb","itemListElement":[{"@type":"ListItem","position":1,"name":"Home","item":"https:\/\/ruishengglassco.com\/"},{"@type":"ListItem","position":2,"name":"Products","item":"https:\/\/ruishengglassco.com\/products"},{"@type":"ListItem","position":3,"name":"RS046: 500ml 700ml 750ml Fancy Glass Bottles Manufacturers"}]},{"@type":"WebSite","@id":"https:\/\/ruishengglassco.com\/#website","url":"https:\/\/ruishengglassco.com\/","name":"Ruisheng Glass","description":"","publisher":{"@id":"https:\/\/ruishengglassco.com\/#organization"},"potentialAction":[{"@type":"SearchAction","target":{"@type":"EntryPoint","urlTemplate":"https:\/\/ruishengglassco.com\/?s={search_term_string}"},"query-input":"required name=search_term_string"}],"inLanguage":"tr"},{"@type":"Organization","@id":"https:\/\/ruishengglassco.com\/#organization","name":"Shandong Yuncheng Ruisheng Glass Co., Ltd","url":"https:\/\/ruishengglassco.com\/","logo":{"@type":"ImageObject","inLanguage":"tr","@id":"https:\/\/ruishengglassco.com\/#\/schema\/logo\/image\/","url":"https:\/\/ruishengglassco.com\/wp-content\/uploads\/2023\/09\/ruisheng_logo_icon.webp","contentUrl":"https:\/\/ruishengglassco.com\/wp-content\/uploads\/2023\/09\/ruisheng_logo_icon.webp","width":400,"height":233,"caption":"Shandong Yuncheng Ruisheng Glass Co., Ltd"},"image":{"@id":"https:\/\/ruishengglassco.com\/#\/schema\/logo\/image\/"},"sameAs":["https:\/\/www.facebook.com\/ruishengglassbottles","https:\/\/www.instagram.com\/Ruishengglassbottlewholesales\/","https:\/\/www.youtube.com\/channel\/UCMmbMNGwsL-XrtjfSFLCdVQ"]}]}},"_links":{"self":[{"href":"https:\/\/ruishengglassco.com\/tr\/wp-json\/wp\/v2\/product\/4300","targetHints":{"allow":["GET"]}}],"collection":[{"href":"https:\/\/ruishengglassco.com\/tr\/wp-json\/wp\/v2\/product"}],"about":[{"href":"https:\/\/ruishengglassco.com\/tr\/wp-json\/wp\/v2\/types\/product"}],"replies":[{"embeddable":true,"href":"https:\/\/ruishengglassco.com\/tr\/wp-json\/wp\/v2\/comments?post=4300"}],"wp:featuredmedia":[{"embeddable":true,"href":"https:\/\/ruishengglassco.com\/tr\/wp-json\/wp\/v2\/media\/4301"}],"wp:attachment":[{"href":"https:\/\/ruishengglassco.com\/tr\/wp-json\/wp\/v2\/media?parent=4300"}],"wp:term":[{"taxonomy":"product_cat","embeddable":true,"href":"https:\/\/ruishengglassco.com\/tr\/wp-json\/wp\/v2\/product_cat?post=4300"}],"curies":[{"name":"wp","href":"https:\/\/api.w.org\/{rel}","templated":true}]}}