{"id":4298,"date":"2025-03-15T12:08:58","date_gmt":"2025-03-15T04:08:58","guid":{"rendered":"https:\/\/ruishengglassco.com\/?post_type=product&#038;p=4298"},"modified":"2025-07-17T14:29:28","modified_gmt":"2025-07-17T06:29:28","slug":"rs047-duz-500-ml-si%cc%87seler-rom-i%cc%87ci%cc%87n-toptan-satis","status":"publish","type":"product","link":"https:\/\/ruishengglassco.com\/tr\/urun\/rs047-duz-500-ml-si%cc%87seler-rom-i%cc%87ci%cc%87n-toptan-satis","title":{"rendered":"RS047: Rom \u0130\u00e7in D\u00fcz 500 ml \u015ei\u015feler"},"content":{"rendered":"<p>Bu 500ml d\u00fcz cam \u015fi\u015feler Shandong Yuncheng Ruisheng Glass Co, Ltd'den toptan olarak temin edilmektedir. Ruisheng, \u00c7in'deki en b\u00fcy\u00fck y\u00fcksek \u00e7akmakta\u015f\u0131 cam \u015fi\u015fe \u00fcreticilerinden biridir. Sadece \u00fcst s\u0131n\u0131f \u015feffaf cam \u015fi\u015feler sunmakla kalmaz, ayn\u0131 zamanda orta s\u0131n\u0131f \u015feffaf cam \u015fi\u015feler ve ye\u015fil cam \u015fi\u015feler de sunar.<\/p>\n<p>Bu d\u00fcz cam \u015fi\u015fe yayg\u0131nd\u0131r. Bu 500 ml'lik cam \u015fi\u015feler \u015farap, votka, viski, rom, cin ve di\u011fer s\u0131v\u0131lar\u0131 saklamak i\u00e7in uygundur. Bu cam \u015fi\u015feler Avrupa, ABD, Avustralya ve di\u011ferleri dahil olmak \u00fczere bir\u00e7ok \u00fclke ve b\u00f6lgeye sat\u0131labilir.<\/p>\n<p>Bu \u015feffaf, d\u00fcz cam \u015fi\u015feler s\u00fcper \u00e7akmakta\u015f\u0131 camdan yap\u0131lm\u0131\u015ft\u0131r. Bu cam \u015fi\u015fe malzemesi, cam \u015fi\u015feler i\u00e7in en y\u00fcksek dereceli malzemedir. Bu malzeme \u00e7ok berrak, p\u00fcr\u00fczs\u00fcz ve dayan\u0131kl\u0131 bir cam \u015fi\u015feden yap\u0131lm\u0131\u015ft\u0131r.<\/p>\n<p>\u0130htiyac\u0131n\u0131z olursa bu \u015feffaf d\u00fcz cam \u015fi\u015feleri bir\u00e7ok boyutta yapabiliriz. 375ml, 500ml, 700ml, 750ml, 1000ml ve di\u011ferleri gibi. \u015eu anda mevcut cam \u015fi\u015felerimiz 500ml'dir. \u0130htiyac\u0131n\u0131z olursa, cam \u015fi\u015feleri yapmak i\u00e7in yeni bir kal\u0131p yapabiliriz.<\/p>\n<h2>The Details About Rom \u0130\u00e7in 500ml D\u00fcz Cam \u015ei\u015feler Fabrikas\u0131<\/h2>\n<ul>\n<li>Marka Ruisheng(RS)<\/li>\n<li>Kapasite: 500ml\/750ml\/\u00d6zelle\u015ftirilmi\u015f<\/li>\n<li>Renk: \u015eeffaf\/Transparan<\/li>\n<li>T\u0131palar: Mantar \u015e\u0130\u015eE \u015eEKL\u0130 Kare<\/li>\n<li>A\u011f\u0131rl\u0131k: 700G<\/li>\n<li>Y\u00fckseklik: 230MM\u00b12MM<\/li>\n<li>\u00c7ap: 90MM\u00b12MM<\/li>\n<li><strong>ADEDI:<\/strong> 1\u00d740HQ (Yakla\u015f\u0131k 30000 adet 500ml \u015fi\u015fe)<\/li>\n<\/ul>\n<p>Bu \u015fekildeki cam \u015fi\u015felerimiz mantar kapakl\u0131 500ml'dir ve bu cam \u015fi\u015feler kapak kaplamas\u0131n\u0131 vidal\u0131 kapak olarak de\u011fi\u015ftirebilir. M\u00fc\u015fterinin taleplerine g\u00f6redir.<\/p>\n<p>500ml \u015feffaf \u00e7akmakta\u015f\u0131 cam \u015fi\u015fe sat\u0131n almak veya toptan cam \u015fi\u015fe sat\u0131n almak istiyorsan\u0131z, l\u00fctfen e-posta veya telefon yoluyla bizimle ileti\u015fime ge\u00e7in. Size en k\u0131sa s\u00fcrede cevap verece\u011fiz.<\/p>","protected":false},"excerpt":{"rendered":"<p>Bu 500ml d\u00fcz cam \u015fi\u015feler s\u00fcper \u00e7akmakta\u015f\u0131 camdan yap\u0131lm\u0131\u015ft\u0131r. Bu cam \u015fi\u015fe malzemesi, cam \u015fi\u015feler i\u00e7in en y\u00fcksek dereceli malzemedir. Bu malzemeyi kullanarak yap\u0131lan cam \u015fi\u015fe \u00e7ok net, p\u00fcr\u00fczs\u00fcz ve \u00e7ok dayan\u0131kl\u0131d\u0131r.<\/p>","protected":false},"featured_media":4299,"comment_status":"closed","ping_status":"closed","template":"","meta":[],"product_cat":[41,50,57],"class_list":{"0":"post-4298","1":"product","2":"type-product","3":"status-publish","4":"has-post-thumbnail","6":"product_cat-500ml-liquor-bottle-manufacturer","7":"product_cat-gin-bottle","8":"product_cat-rum-bottle","10":"first","11":"instock","12":"shipping-taxable","13":"product-type-simple"},"yoast_head":"<!-- This site is optimized with the Yoast SEO plugin v22.0 - https:\/\/yoast.com\/wordpress\/plugins\/seo\/ -->\n<title>500ml Flat Glass Bottles Manufacturers | Bulk Old Rum Bottle With Cork<\/title>\n<meta name=\"description\" content=\"Ruidheng, China Best Liquor Bottle Manufacturers, Provide 500ml Flat Glass Bottles Wholesale For Rum. Welcome To Bulk Old Rum Bottle With Cork Factory Price.\" \/>\n<meta name=\"robots\" content=\"index, follow, max-snippet:-1, max-image-preview:large, max-video-preview:-1\" \/>\n<link rel=\"canonical\" href=\"https:\/\/ruishengglassco.com\/tr\/urun\/rs047-duz-500-ml-si\u0307seler-rom-i\u0307ci\u0307n-toptan-satis\" \/>\n<meta property=\"og:locale\" content=\"tr_TR\" \/>\n<meta property=\"og:type\" content=\"article\" \/>\n<meta property=\"og:title\" content=\"500ml Flat Glass Bottles Manufacturers | Bulk Old Rum Bottle With Cork\" \/>\n<meta property=\"og:description\" content=\"Ruidheng, China Best Liquor Bottle Manufacturers, Provide 500ml Flat Glass Bottles Wholesale For Rum. Welcome To Bulk Old Rum Bottle With Cork Factory Price.\" \/>\n<meta property=\"og:url\" content=\"https:\/\/ruishengglassco.com\/tr\/urun\/rs047-duz-500-ml-si\u0307seler-rom-i\u0307ci\u0307n-toptan-satis\" \/>\n<meta property=\"article:publisher\" content=\"https:\/\/www.facebook.com\/ruishengglassbottles\" \/>\n<meta property=\"article:modified_time\" content=\"2025-07-17T06:29:28+00:00\" \/>\n<meta property=\"og:image\" content=\"https:\/\/ruishengglassco.com\/wp-content\/uploads\/2025\/03\/RS047-Flat-500-ml-Bottles-Wholesale-For-Rum.webp\" \/>\n\t<meta property=\"og:image:width\" content=\"800\" \/>\n\t<meta property=\"og:image:height\" content=\"800\" \/>\n\t<meta property=\"og:image:type\" content=\"image\/webp\" \/>\n<meta name=\"twitter:card\" content=\"summary_large_image\" \/>\n<meta name=\"twitter:label1\" content=\"Tahmini okuma s\u00fcresi\" \/>\n\t<meta name=\"twitter:data1\" content=\"2 dakika\" \/>\n<script type=\"application\/ld+json\" class=\"yoast-schema-graph\">{\"@context\":\"https:\/\/schema.org\",\"@graph\":[{\"@type\":\"WebPage\",\"@id\":\"https:\/\/ruishengglassco.com\/product\/rs047-flat-500-ml-bottles-manufacturers-for-rum\",\"url\":\"https:\/\/ruishengglassco.com\/product\/rs047-flat-500-ml-bottles-manufacturers-for-rum\",\"name\":\"500ml Flat Glass Bottles Manufacturers | Bulk Old Rum Bottle With Cork\",\"isPartOf\":{\"@id\":\"https:\/\/ruishengglassco.com\/#website\"},\"datePublished\":\"2025-03-15T04:08:58+00:00\",\"dateModified\":\"2025-07-17T06:29:28+00:00\",\"description\":\"Ruidheng, China Best Liquor Bottle Manufacturers, Provide 500ml Flat Glass Bottles Wholesale For Rum. Welcome To Bulk Old Rum Bottle With Cork Factory Price.\",\"breadcrumb\":{\"@id\":\"https:\/\/ruishengglassco.com\/product\/rs047-flat-500-ml-bottles-manufacturers-for-rum#breadcrumb\"},\"inLanguage\":\"tr\",\"potentialAction\":[{\"@type\":\"ReadAction\",\"target\":[\"https:\/\/ruishengglassco.com\/product\/rs047-flat-500-ml-bottles-manufacturers-for-rum\"]}]},{\"@type\":\"BreadcrumbList\",\"@id\":\"https:\/\/ruishengglassco.com\/product\/rs047-flat-500-ml-bottles-manufacturers-for-rum#breadcrumb\",\"itemListElement\":[{\"@type\":\"ListItem\",\"position\":1,\"name\":\"Home\",\"item\":\"https:\/\/ruishengglassco.com\/\"},{\"@type\":\"ListItem\",\"position\":2,\"name\":\"Products\",\"item\":\"https:\/\/ruishengglassco.com\/products\"},{\"@type\":\"ListItem\",\"position\":3,\"name\":\"RS047: Flat 500 ml Bottles For Rum\"}]},{\"@type\":\"WebSite\",\"@id\":\"https:\/\/ruishengglassco.com\/#website\",\"url\":\"https:\/\/ruishengglassco.com\/\",\"name\":\"Ruisheng Glass\",\"description\":\"\",\"publisher\":{\"@id\":\"https:\/\/ruishengglassco.com\/#organization\"},\"potentialAction\":[{\"@type\":\"SearchAction\",\"target\":{\"@type\":\"EntryPoint\",\"urlTemplate\":\"https:\/\/ruishengglassco.com\/?s={search_term_string}\"},\"query-input\":\"required name=search_term_string\"}],\"inLanguage\":\"tr\"},{\"@type\":\"Organization\",\"@id\":\"https:\/\/ruishengglassco.com\/#organization\",\"name\":\"Shandong Yuncheng Ruisheng Glass Co., Ltd\",\"url\":\"https:\/\/ruishengglassco.com\/\",\"logo\":{\"@type\":\"ImageObject\",\"inLanguage\":\"tr\",\"@id\":\"https:\/\/ruishengglassco.com\/#\/schema\/logo\/image\/\",\"url\":\"https:\/\/ruishengglassco.com\/wp-content\/uploads\/2023\/09\/ruisheng_logo_icon.webp\",\"contentUrl\":\"https:\/\/ruishengglassco.com\/wp-content\/uploads\/2023\/09\/ruisheng_logo_icon.webp\",\"width\":400,\"height\":233,\"caption\":\"Shandong Yuncheng Ruisheng Glass Co., Ltd\"},\"image\":{\"@id\":\"https:\/\/ruishengglassco.com\/#\/schema\/logo\/image\/\"},\"sameAs\":[\"https:\/\/www.facebook.com\/ruishengglassbottles\",\"https:\/\/www.instagram.com\/Ruishengglassbottlewholesales\/\",\"https:\/\/www.youtube.com\/channel\/UCMmbMNGwsL-XrtjfSFLCdVQ\"]}]}<\/script>\n<!-- \/ Yoast SEO plugin. -->","yoast_head_json":{"title":"500ml Flat Glass Bottles Manufacturers | Bulk Old Rum Bottle With Cork","description":"Ruidheng, China Best Liquor Bottle Manufacturers, Provide 500ml Flat Glass Bottles Wholesale For Rum. Welcome To Bulk Old Rum Bottle With Cork Factory Price.","robots":{"index":"index","follow":"follow","max-snippet":"max-snippet:-1","max-image-preview":"max-image-preview:large","max-video-preview":"max-video-preview:-1"},"canonical":"https:\/\/ruishengglassco.com\/tr\/urun\/rs047-duz-500-ml-si\u0307seler-rom-i\u0307ci\u0307n-toptan-satis","og_locale":"tr_TR","og_type":"article","og_title":"500ml Flat Glass Bottles Manufacturers | Bulk Old Rum Bottle With Cork","og_description":"Ruidheng, China Best Liquor Bottle Manufacturers, Provide 500ml Flat Glass Bottles Wholesale For Rum. Welcome To Bulk Old Rum Bottle With Cork Factory Price.","og_url":"https:\/\/ruishengglassco.com\/tr\/urun\/rs047-duz-500-ml-si\u0307seler-rom-i\u0307ci\u0307n-toptan-satis","article_publisher":"https:\/\/www.facebook.com\/ruishengglassbottles","article_modified_time":"2025-07-17T06:29:28+00:00","og_image":[{"width":800,"height":800,"url":"https:\/\/ruishengglassco.com\/wp-content\/uploads\/2025\/03\/RS047-Flat-500-ml-Bottles-Wholesale-For-Rum.webp","type":"image\/webp"}],"twitter_card":"summary_large_image","twitter_misc":{"Tahmini okuma s\u00fcresi":"2 dakika"},"schema":{"@context":"https:\/\/schema.org","@graph":[{"@type":"WebPage","@id":"https:\/\/ruishengglassco.com\/product\/rs047-flat-500-ml-bottles-manufacturers-for-rum","url":"https:\/\/ruishengglassco.com\/product\/rs047-flat-500-ml-bottles-manufacturers-for-rum","name":"500ml Flat Glass Bottles Manufacturers | Bulk Old Rum Bottle With Cork","isPartOf":{"@id":"https:\/\/ruishengglassco.com\/#website"},"datePublished":"2025-03-15T04:08:58+00:00","dateModified":"2025-07-17T06:29:28+00:00","description":"Ruidheng, China Best Liquor Bottle Manufacturers, Provide 500ml Flat Glass Bottles Wholesale For Rum. Welcome To Bulk Old Rum Bottle With Cork Factory Price.","breadcrumb":{"@id":"https:\/\/ruishengglassco.com\/product\/rs047-flat-500-ml-bottles-manufacturers-for-rum#breadcrumb"},"inLanguage":"tr","potentialAction":[{"@type":"ReadAction","target":["https:\/\/ruishengglassco.com\/product\/rs047-flat-500-ml-bottles-manufacturers-for-rum"]}]},{"@type":"BreadcrumbList","@id":"https:\/\/ruishengglassco.com\/product\/rs047-flat-500-ml-bottles-manufacturers-for-rum#breadcrumb","itemListElement":[{"@type":"ListItem","position":1,"name":"Home","item":"https:\/\/ruishengglassco.com\/"},{"@type":"ListItem","position":2,"name":"Products","item":"https:\/\/ruishengglassco.com\/products"},{"@type":"ListItem","position":3,"name":"RS047: Flat 500 ml Bottles For Rum"}]},{"@type":"WebSite","@id":"https:\/\/ruishengglassco.com\/#website","url":"https:\/\/ruishengglassco.com\/","name":"Ruisheng Glass","description":"","publisher":{"@id":"https:\/\/ruishengglassco.com\/#organization"},"potentialAction":[{"@type":"SearchAction","target":{"@type":"EntryPoint","urlTemplate":"https:\/\/ruishengglassco.com\/?s={search_term_string}"},"query-input":"required name=search_term_string"}],"inLanguage":"tr"},{"@type":"Organization","@id":"https:\/\/ruishengglassco.com\/#organization","name":"Shandong Yuncheng Ruisheng Glass Co., Ltd","url":"https:\/\/ruishengglassco.com\/","logo":{"@type":"ImageObject","inLanguage":"tr","@id":"https:\/\/ruishengglassco.com\/#\/schema\/logo\/image\/","url":"https:\/\/ruishengglassco.com\/wp-content\/uploads\/2023\/09\/ruisheng_logo_icon.webp","contentUrl":"https:\/\/ruishengglassco.com\/wp-content\/uploads\/2023\/09\/ruisheng_logo_icon.webp","width":400,"height":233,"caption":"Shandong Yuncheng Ruisheng Glass Co., Ltd"},"image":{"@id":"https:\/\/ruishengglassco.com\/#\/schema\/logo\/image\/"},"sameAs":["https:\/\/www.facebook.com\/ruishengglassbottles","https:\/\/www.instagram.com\/Ruishengglassbottlewholesales\/","https:\/\/www.youtube.com\/channel\/UCMmbMNGwsL-XrtjfSFLCdVQ"]}]}},"_links":{"self":[{"href":"https:\/\/ruishengglassco.com\/tr\/wp-json\/wp\/v2\/product\/4298","targetHints":{"allow":["GET"]}}],"collection":[{"href":"https:\/\/ruishengglassco.com\/tr\/wp-json\/wp\/v2\/product"}],"about":[{"href":"https:\/\/ruishengglassco.com\/tr\/wp-json\/wp\/v2\/types\/product"}],"replies":[{"embeddable":true,"href":"https:\/\/ruishengglassco.com\/tr\/wp-json\/wp\/v2\/comments?post=4298"}],"wp:featuredmedia":[{"embeddable":true,"href":"https:\/\/ruishengglassco.com\/tr\/wp-json\/wp\/v2\/media\/4299"}],"wp:attachment":[{"href":"https:\/\/ruishengglassco.com\/tr\/wp-json\/wp\/v2\/media?parent=4298"}],"wp:term":[{"taxonomy":"product_cat","embeddable":true,"href":"https:\/\/ruishengglassco.com\/tr\/wp-json\/wp\/v2\/product_cat?post=4298"}],"curies":[{"name":"wp","href":"https:\/\/api.w.org\/{rel}","templated":true}]}}