{"id":4294,"date":"2025-03-15T12:04:20","date_gmt":"2025-03-15T04:04:20","guid":{"rendered":"https:\/\/ruishengglassco.com\/?post_type=product&#038;p=4294"},"modified":"2025-09-11T16:10:53","modified_gmt":"2025-09-11T08:10:53","slug":"rs050-sarap-votka-brendi-icin-ozellestirilmis-boston-yuvarlak-375ml-siseler-toptan","status":"publish","type":"product","link":"https:\/\/ruishengglassco.com\/tr\/urun\/rs050-sarap-votka-brendi-icin-ozellestirilmis-boston-yuvarlak-375ml-siseler-toptan","title":{"rendered":"RS050: \u015earap\/Votka\/Brandy i\u00e7in \u00d6zelle\u015ftirilmi\u015f Boston Yuvarlak 375ml \u015ei\u015feler"},"content":{"rendered":"<p><span data-preserver-spaces=\"true\">\u00d6zelle\u015ftirilmi\u015f Boston Yuvarlak Cam \u015ei\u015feler en \u00e7ok satan cam \u015fi\u015felerimiz aras\u0131ndad\u0131r. Bu fabrika sat\u0131\u015f ma\u011fazas\u0131, di\u011ferlerinin yan\u0131 s\u0131ra Avustralya, Amerika, Avrupa ve Yeni Zelanda dahil olmak \u00fczere bir\u00e7ok \u00fclke ve b\u00f6lgeye 375 ml'lik cam \u015fi\u015feler satmaktad\u0131r.\u00a0 <\/span><span data-preserver-spaces=\"true\">Bu bo\u015f Boston yuvarlak cam \u015fi\u015fe kullan\u0131labilir<\/span><span data-preserver-spaces=\"true\"> \u015earap, votka, brendi, cin, rom ve di\u011fer s\u0131v\u0131lar\u0131 tutmak i\u00e7in.<\/span><\/p>\n<p><span data-preserver-spaces=\"true\">375 ml'lik cam \u015fi\u015felerimiz bar \u00fcst\u00fc\/mantar kaplamal\u0131 olarak toptan sat\u0131\u015fa sunulmaktad\u0131r. Bu sat\u0131l\u0131k cam \u015fi\u015fe, etiketleme i\u00e7in ideal olan basit, yuvarlak bir \u015fekle sahip geleneksel \u0130skandinav tarz\u0131 bir \u015farap \u015fi\u015fesidir. <\/span><span data-preserver-spaces=\"true\">Silindir \u015feklindeki bu cam \u015fi\u015feleri a\u015fa\u011f\u0131dakiler i\u00e7in \u00fcretiyoruz <\/span><span data-preserver-spaces=\"true\">bir\u00e7ok<\/span><span data-preserver-spaces=\"true\"> dam\u0131t\u0131m \u015firketlerinden <\/span><span data-preserver-spaces=\"true\">her yerde<\/span><span data-preserver-spaces=\"true\"> D\u00fcnya.<\/span><span data-preserver-spaces=\"true\"> Cam \u015farap \u015fi\u015fesine s\u00fcrt\u00fcnme ile tak\u0131lan 19,5 mm'lik bir kapak sunuyoruz. Bu \u015fi\u015fenin a\u011f\u0131rl\u0131\u011f\u0131 420 gr'd\u0131r. A\u011f\u0131r gramaj, kal\u0131n bir tabana sahiptir ve \u00fcst s\u0131n\u0131f bir unsuru destekler.<\/span><\/p>\n<h2><span data-preserver-spaces=\"true\">375ml Cam \u015earap \u015ei\u015felerinin Detaylar\u0131<\/span><\/h2>\n<p><span data-preserver-spaces=\"true\">Bu \u015farap cam \u015fi\u015felerinin malzemesi, cam \u015fi\u015feler i\u00e7in en \u00fcst s\u0131n\u0131f malzeme olan y\u00fcksek \u00e7akmakta\u015f\u0131 camd\u0131r.<\/span><\/p>\n<p><span data-preserver-spaces=\"true\">Bo\u015f i\u00e7ki <\/span><span data-preserver-spaces=\"true\">\u015fi\u015fe \u00e7ap\u0131<\/span><span data-preserver-spaces=\"true\"> 75 mm ve \u015fi\u015fe y\u00fcksekli\u011fi 175 mm'dir.<\/span><span data-preserver-spaces=\"true\"> Boyun kaplamas\u0131 mantard\u0131r. \u0130htiya\u00e7 duyman\u0131z halinde boyun kaplamas\u0131n\u0131 vidal\u0131 kapak olarak de\u011fi\u015ftirebiliriz.<\/span><\/p>\n<p><span data-preserver-spaces=\"true\">Bu 375 ml'lik d\u00f6kme cam \u015fi\u015feler i\u00e7in paketleme y\u00f6ntemiyle ilgili olarak \u00fc\u00e7 se\u00e7ene\u011fimiz var. \u0130lk yol karton ambalajd\u0131r. Bu \u015fi\u015feyi paketlemek i\u00e7in genellikle standart bir ihracat kartonu kullan\u0131r\u0131z. <\/span><span data-preserver-spaces=\"true\">o <\/span><span data-preserver-spaces=\"true\">yap\u0131lm\u0131\u015f<\/span><span data-preserver-spaces=\"true\"> .<\/span><span data-preserver-spaces=\"true\"> be\u015f katmanl\u0131 oluklu ka\u011f\u0131t. Bu kartonun \u00fczerine cam \u015fi\u015fenin ad\u0131n\u0131, kapasitesini ve \u015fi\u015fe say\u0131s\u0131n\u0131 yaz\u0131yoruz. <\/span><span data-preserver-spaces=\"true\">E\u011fer istiyorsan <\/span><span data-preserver-spaces=\"true\">senin<\/span><span data-preserver-spaces=\"true\"> \u00f6zel renk kutusu, biz de yapabiliriz <\/span><span data-preserver-spaces=\"true\">yapmak<\/span><span data-preserver-spaces=\"true\"> o.<\/span><\/p>\n<p><span data-preserver-spaces=\"true\">Bu cam \u015fi\u015feler i\u00e7in ikinci paketleme yolu palettir. Paletimiz f\u00fcmigasyonsuzdur. Bu \u015fekilde <\/span><span data-preserver-spaces=\"true\">\u00e7ok kolay<\/span><span data-preserver-spaces=\"true\"> cam \u015fi\u015feleri ta\u015f\u0131mak ve \u00e7ok zaman kazanmak i\u00e7in.<\/span><\/p>\n<p><span data-preserver-spaces=\"true\">Bu \u015fi\u015feler i\u00e7in son paketleme yolu, birinci ve ikinci yollar\u0131n bir kombinasyonudur. <\/span><span data-preserver-spaces=\"true\">Bu en g\u00fcvenli <\/span><span data-preserver-spaces=\"true\">yol<\/span><span data-preserver-spaces=\"true\"> i\u00e7in <\/span><span data-preserver-spaces=\"true\">cam \u015fi\u0307\u015fe ambalaji<\/span><span data-preserver-spaces=\"true\">.<\/span><\/p>\n<p><span data-preserver-spaces=\"true\">E\u011fer ilgileniyorsan\u0131z <\/span><span data-preserver-spaces=\"true\">sat\u0131n alma<\/span><span data-preserver-spaces=\"true\"> Boston Yuvarlak Cam \u015ei\u015feler Toptan 375ml, l\u00fctfen buraya bir mesaj b\u0131rak\u0131n <\/span><span data-preserver-spaces=\"true\">olsun<\/span><span data-preserver-spaces=\"true\"> Detaylar.<\/span><\/p>","protected":false},"excerpt":{"rendered":"<table class=\"tg\">\n<tbody>\n<tr>\n<th class=\"tg-24i8\" colspan=\"2\">\u00d6zelle\u015ftirilmi\u015f 375ml Boston Yuvarlak Cam \u015ei\u015feler Toptan Sat\u0131\u015f<\/th>\n<\/tr>\n<tr>\n<td class=\"tg-b7b8\">Referans:<\/td>\n<td class=\"tg-b7b8\">RS050<\/td>\n<\/tr>\n<tr>\n<td class=\"tg-yw4l\">Ana malzeme:<\/td>\n<td class=\"tg-yw4l\">Y\u00fcksek \u00e7akmakta\u015f\u0131 cam (bu malzeme kristal beyaz cam olarak da adland\u0131r\u0131l\u0131r)<\/td>\n<\/tr>\n<tr>\n<td class=\"tg-b7b8\">Kaptan:<\/td>\n<td class=\"tg-b7b8\">Mantar\/Karga \u015eapkas\u0131<\/td>\n<\/tr>\n<tr>\n<td class=\"tg-yw4l\">Kapasite:<\/td>\n<td class=\"tg-yw4l\">375ml<\/td>\n<\/tr>\n<tr>\n<td class=\"tg-b7b8\">\u00d6zellik:<\/td>\n<td class=\"tg-b7b8\">\u00c7evre dostu<\/td>\n<\/tr>\n<tr>\n<td class=\"tg-yw4l\">ADEDI:<\/td>\n<td class=\"tg-yw4l\">10000 ADET<\/td>\n<\/tr>\n<tr>\n<td class=\"tg-b7b8\">Paketleme \u015eekli:<\/td>\n<td class=\"tg-b7b8\">\u0130hracat standart karton \/ Palet \/ ihracat standart karton ve palet<\/td>\n<\/tr>\n<tr>\n<td class=\"tg-yw4l\">OEM\/ODM:<\/td>\n<td class=\"tg-yw4l\">Ho\u015f geldiniz<\/td>\n<\/tr>\n<tr>\n<td class=\"tg-b7b8\">Yerin k\u00f6keni:<\/td>\n<td class=\"tg-b7b8\">Shandong, \u00c7in<\/td>\n<\/tr>\n<tr>\n<td class=\"tg-yw4l\">Adet\/Ktn:<\/td>\n<td class=\"tg-yw4l\">24 adet veya m\u00fc\u015fteri taleplerine g\u00f6re<\/td>\n<\/tr>\n<\/tbody>\n<\/table>","protected":false},"featured_media":4295,"comment_status":"closed","ping_status":"closed","template":"","meta":[],"product_cat":[55,58,52],"class_list":{"0":"post-4294","1":"product","2":"type-product","3":"status-publish","4":"has-post-thumbnail","6":"product_cat-375ml-liquor-bottle-manufacturer","7":"product_cat-brandy-bottle","8":"product_cat-vodka-bottle","10":"first","11":"instock","12":"shipping-taxable","13":"product-type-simple"},"yoast_head":"<!-- This site is optimized with the Yoast SEO plugin v22.0 - https:\/\/yoast.com\/wordpress\/plugins\/seo\/ -->\n<title>Boston Round Glass Bottles Manufacturers | Bulk Glass Flask Bottles<\/title>\n<meta name=\"description\" content=\"Buy Boston Round Glass Bottles Wholesale Always in Lowest Price! 50ml, 250ml, 750ml, 1000ml(from 2 oz to 32 oz) Glass Flask Bottles For Wine\/Vodka\/Brandy\" \/>\n<meta name=\"robots\" content=\"index, follow, max-snippet:-1, max-image-preview:large, max-video-preview:-1\" \/>\n<link rel=\"canonical\" href=\"https:\/\/ruishengglassco.com\/tr\/urun\/rs050-sarap-votka-brendi-icin-ozellestirilmis-boston-yuvarlak-375ml-siseler-toptan\" \/>\n<meta property=\"og:locale\" content=\"tr_TR\" \/>\n<meta property=\"og:type\" content=\"article\" \/>\n<meta property=\"og:title\" content=\"Boston Round Glass Bottles Manufacturers | Bulk Glass Flask Bottles\" \/>\n<meta property=\"og:description\" content=\"Buy Boston Round Glass Bottles Wholesale Always in Lowest Price! 50ml, 250ml, 750ml, 1000ml(from 2 oz to 32 oz) Glass Flask Bottles For Wine\/Vodka\/Brandy\" \/>\n<meta property=\"og:url\" content=\"https:\/\/ruishengglassco.com\/tr\/urun\/rs050-sarap-votka-brendi-icin-ozellestirilmis-boston-yuvarlak-375ml-siseler-toptan\" \/>\n<meta property=\"article:publisher\" content=\"https:\/\/www.facebook.com\/ruishengglassbottles\" \/>\n<meta property=\"article:modified_time\" content=\"2025-09-11T08:10:53+00:00\" \/>\n<meta property=\"og:image\" content=\"https:\/\/ruishengglassco.com\/wp-content\/uploads\/2025\/03\/RS050-Customized-Boston-Round-375ml-Bottles-Wholesale-For-Wine-Vodka-Brandy.webp\" \/>\n\t<meta property=\"og:image:width\" content=\"800\" \/>\n\t<meta property=\"og:image:height\" content=\"800\" \/>\n\t<meta property=\"og:image:type\" content=\"image\/webp\" \/>\n<meta name=\"twitter:card\" content=\"summary_large_image\" \/>\n<meta name=\"twitter:label1\" content=\"Tahmini okuma s\u00fcresi\" \/>\n\t<meta name=\"twitter:data1\" content=\"2 dakika\" \/>\n<script type=\"application\/ld+json\" class=\"yoast-schema-graph\">{\"@context\":\"https:\/\/schema.org\",\"@graph\":[{\"@type\":\"WebPage\",\"@id\":\"https:\/\/ruishengglassco.com\/product\/rs050-customized-boston-round-375ml-bottles-for-wine-vodka-brandy\",\"url\":\"https:\/\/ruishengglassco.com\/product\/rs050-customized-boston-round-375ml-bottles-for-wine-vodka-brandy\",\"name\":\"Boston Round Glass Bottles Manufacturers | Bulk Glass Flask Bottles\",\"isPartOf\":{\"@id\":\"https:\/\/ruishengglassco.com\/#website\"},\"datePublished\":\"2025-03-15T04:04:20+00:00\",\"dateModified\":\"2025-09-11T08:10:53+00:00\",\"description\":\"Buy Boston Round Glass Bottles Wholesale Always in Lowest Price! 50ml, 250ml, 750ml, 1000ml(from 2 oz to 32 oz) Glass Flask Bottles For Wine\/Vodka\/Brandy\",\"breadcrumb\":{\"@id\":\"https:\/\/ruishengglassco.com\/product\/rs050-customized-boston-round-375ml-bottles-for-wine-vodka-brandy#breadcrumb\"},\"inLanguage\":\"tr\",\"potentialAction\":[{\"@type\":\"ReadAction\",\"target\":[\"https:\/\/ruishengglassco.com\/product\/rs050-customized-boston-round-375ml-bottles-for-wine-vodka-brandy\"]}]},{\"@type\":\"BreadcrumbList\",\"@id\":\"https:\/\/ruishengglassco.com\/product\/rs050-customized-boston-round-375ml-bottles-for-wine-vodka-brandy#breadcrumb\",\"itemListElement\":[{\"@type\":\"ListItem\",\"position\":1,\"name\":\"Home\",\"item\":\"https:\/\/ruishengglassco.com\/\"},{\"@type\":\"ListItem\",\"position\":2,\"name\":\"Products\",\"item\":\"https:\/\/ruishengglassco.com\/products\"},{\"@type\":\"ListItem\",\"position\":3,\"name\":\"RS050: Customized Boston Round 375ml Bottles For Wine\/Vodka\/Brandy\"}]},{\"@type\":\"WebSite\",\"@id\":\"https:\/\/ruishengglassco.com\/#website\",\"url\":\"https:\/\/ruishengglassco.com\/\",\"name\":\"Ruisheng Glass\",\"description\":\"\",\"publisher\":{\"@id\":\"https:\/\/ruishengglassco.com\/#organization\"},\"potentialAction\":[{\"@type\":\"SearchAction\",\"target\":{\"@type\":\"EntryPoint\",\"urlTemplate\":\"https:\/\/ruishengglassco.com\/?s={search_term_string}\"},\"query-input\":\"required name=search_term_string\"}],\"inLanguage\":\"tr\"},{\"@type\":\"Organization\",\"@id\":\"https:\/\/ruishengglassco.com\/#organization\",\"name\":\"Shandong Yuncheng Ruisheng Glass Co., Ltd\",\"url\":\"https:\/\/ruishengglassco.com\/\",\"logo\":{\"@type\":\"ImageObject\",\"inLanguage\":\"tr\",\"@id\":\"https:\/\/ruishengglassco.com\/#\/schema\/logo\/image\/\",\"url\":\"https:\/\/ruishengglassco.com\/wp-content\/uploads\/2023\/09\/ruisheng_logo_icon.webp\",\"contentUrl\":\"https:\/\/ruishengglassco.com\/wp-content\/uploads\/2023\/09\/ruisheng_logo_icon.webp\",\"width\":400,\"height\":233,\"caption\":\"Shandong Yuncheng Ruisheng Glass Co., Ltd\"},\"image\":{\"@id\":\"https:\/\/ruishengglassco.com\/#\/schema\/logo\/image\/\"},\"sameAs\":[\"https:\/\/www.facebook.com\/ruishengglassbottles\",\"https:\/\/www.instagram.com\/Ruishengglassbottlewholesales\/\",\"https:\/\/www.youtube.com\/channel\/UCMmbMNGwsL-XrtjfSFLCdVQ\"]}]}<\/script>\n<!-- \/ Yoast SEO plugin. -->","yoast_head_json":{"title":"Boston Round Glass Bottles Manufacturers | Bulk Glass Flask Bottles","description":"Buy Boston Round Glass Bottles Wholesale Always in Lowest Price! 50ml, 250ml, 750ml, 1000ml(from 2 oz to 32 oz) Glass Flask Bottles For Wine\/Vodka\/Brandy","robots":{"index":"index","follow":"follow","max-snippet":"max-snippet:-1","max-image-preview":"max-image-preview:large","max-video-preview":"max-video-preview:-1"},"canonical":"https:\/\/ruishengglassco.com\/tr\/urun\/rs050-sarap-votka-brendi-icin-ozellestirilmis-boston-yuvarlak-375ml-siseler-toptan","og_locale":"tr_TR","og_type":"article","og_title":"Boston Round Glass Bottles Manufacturers | Bulk Glass Flask Bottles","og_description":"Buy Boston Round Glass Bottles Wholesale Always in Lowest Price! 50ml, 250ml, 750ml, 1000ml(from 2 oz to 32 oz) Glass Flask Bottles For Wine\/Vodka\/Brandy","og_url":"https:\/\/ruishengglassco.com\/tr\/urun\/rs050-sarap-votka-brendi-icin-ozellestirilmis-boston-yuvarlak-375ml-siseler-toptan","article_publisher":"https:\/\/www.facebook.com\/ruishengglassbottles","article_modified_time":"2025-09-11T08:10:53+00:00","og_image":[{"width":800,"height":800,"url":"https:\/\/ruishengglassco.com\/wp-content\/uploads\/2025\/03\/RS050-Customized-Boston-Round-375ml-Bottles-Wholesale-For-Wine-Vodka-Brandy.webp","type":"image\/webp"}],"twitter_card":"summary_large_image","twitter_misc":{"Tahmini okuma s\u00fcresi":"2 dakika"},"schema":{"@context":"https:\/\/schema.org","@graph":[{"@type":"WebPage","@id":"https:\/\/ruishengglassco.com\/product\/rs050-customized-boston-round-375ml-bottles-for-wine-vodka-brandy","url":"https:\/\/ruishengglassco.com\/product\/rs050-customized-boston-round-375ml-bottles-for-wine-vodka-brandy","name":"Boston Round Glass Bottles Manufacturers | Bulk Glass Flask Bottles","isPartOf":{"@id":"https:\/\/ruishengglassco.com\/#website"},"datePublished":"2025-03-15T04:04:20+00:00","dateModified":"2025-09-11T08:10:53+00:00","description":"Buy Boston Round Glass Bottles Wholesale Always in Lowest Price! 50ml, 250ml, 750ml, 1000ml(from 2 oz to 32 oz) Glass Flask Bottles For Wine\/Vodka\/Brandy","breadcrumb":{"@id":"https:\/\/ruishengglassco.com\/product\/rs050-customized-boston-round-375ml-bottles-for-wine-vodka-brandy#breadcrumb"},"inLanguage":"tr","potentialAction":[{"@type":"ReadAction","target":["https:\/\/ruishengglassco.com\/product\/rs050-customized-boston-round-375ml-bottles-for-wine-vodka-brandy"]}]},{"@type":"BreadcrumbList","@id":"https:\/\/ruishengglassco.com\/product\/rs050-customized-boston-round-375ml-bottles-for-wine-vodka-brandy#breadcrumb","itemListElement":[{"@type":"ListItem","position":1,"name":"Home","item":"https:\/\/ruishengglassco.com\/"},{"@type":"ListItem","position":2,"name":"Products","item":"https:\/\/ruishengglassco.com\/products"},{"@type":"ListItem","position":3,"name":"RS050: Customized Boston Round 375ml Bottles For Wine\/Vodka\/Brandy"}]},{"@type":"WebSite","@id":"https:\/\/ruishengglassco.com\/#website","url":"https:\/\/ruishengglassco.com\/","name":"Ruisheng Glass","description":"","publisher":{"@id":"https:\/\/ruishengglassco.com\/#organization"},"potentialAction":[{"@type":"SearchAction","target":{"@type":"EntryPoint","urlTemplate":"https:\/\/ruishengglassco.com\/?s={search_term_string}"},"query-input":"required name=search_term_string"}],"inLanguage":"tr"},{"@type":"Organization","@id":"https:\/\/ruishengglassco.com\/#organization","name":"Shandong Yuncheng Ruisheng Glass Co., Ltd","url":"https:\/\/ruishengglassco.com\/","logo":{"@type":"ImageObject","inLanguage":"tr","@id":"https:\/\/ruishengglassco.com\/#\/schema\/logo\/image\/","url":"https:\/\/ruishengglassco.com\/wp-content\/uploads\/2023\/09\/ruisheng_logo_icon.webp","contentUrl":"https:\/\/ruishengglassco.com\/wp-content\/uploads\/2023\/09\/ruisheng_logo_icon.webp","width":400,"height":233,"caption":"Shandong Yuncheng Ruisheng Glass Co., Ltd"},"image":{"@id":"https:\/\/ruishengglassco.com\/#\/schema\/logo\/image\/"},"sameAs":["https:\/\/www.facebook.com\/ruishengglassbottles","https:\/\/www.instagram.com\/Ruishengglassbottlewholesales\/","https:\/\/www.youtube.com\/channel\/UCMmbMNGwsL-XrtjfSFLCdVQ"]}]}},"_links":{"self":[{"href":"https:\/\/ruishengglassco.com\/tr\/wp-json\/wp\/v2\/product\/4294","targetHints":{"allow":["GET"]}}],"collection":[{"href":"https:\/\/ruishengglassco.com\/tr\/wp-json\/wp\/v2\/product"}],"about":[{"href":"https:\/\/ruishengglassco.com\/tr\/wp-json\/wp\/v2\/types\/product"}],"replies":[{"embeddable":true,"href":"https:\/\/ruishengglassco.com\/tr\/wp-json\/wp\/v2\/comments?post=4294"}],"wp:featuredmedia":[{"embeddable":true,"href":"https:\/\/ruishengglassco.com\/tr\/wp-json\/wp\/v2\/media\/4295"}],"wp:attachment":[{"href":"https:\/\/ruishengglassco.com\/tr\/wp-json\/wp\/v2\/media?parent=4294"}],"wp:term":[{"taxonomy":"product_cat","embeddable":true,"href":"https:\/\/ruishengglassco.com\/tr\/wp-json\/wp\/v2\/product_cat?post=4294"}],"curies":[{"name":"wp","href":"https:\/\/api.w.org\/{rel}","templated":true}]}}