{"id":4292,"date":"2025-03-15T12:02:32","date_gmt":"2025-03-15T04:02:32","guid":{"rendered":"https:\/\/ruishengglassco.com\/?post_type=product&#038;p=4292"},"modified":"2025-09-11T16:47:23","modified_gmt":"2025-09-11T08:47:23","slug":"rs052-siradisi-bos-konyak-cam-sise-tipali-tedarikci","status":"publish","type":"product","link":"https:\/\/ruishengglassco.com\/tr\/urun\/rs052-siradisi-bos-konyak-cam-sise-tipali-tedarikci","title":{"rendered":"RS052: T\u0131pal\u0131 S\u0131rad\u0131\u015f\u0131 Bo\u015f Konyak Cam \u015ei\u015fesi Tedarik\u00e7i"},"content":{"rendered":"<h2>T\u0131pal\u0131 Konyak Cam \u015ei\u015fe Tedarik\u00e7isi Sipari\u015finize Ho\u015f Geldiniz<\/h2>\n<p>Toptan sat\u0131\u015f i\u00e7in mevcut olan bu t\u0131pal\u0131 brendi cam \u015fi\u015fesi benzersiz bir \u015fekle sahiptir. Logonuzu \u00fczerine basabilir ve se\u00e7ti\u011finiz rengi boyayabiliriz. Firmam\u0131z geni\u015f deneyime sahiptir, bu nedenle y\u00fcksek kaliteli cam \u015fi\u015feler \u00fcretme konusunda bize g\u00fcvenebilirsiniz.<\/p>\n<p>Cam \u015fi\u015felerimizin hammaddeleri kayna\u011f\u0131ndan temin edilmekte, ard\u0131ndan personelimiz taraf\u0131ndan y\u00fcksek kaliteli \u015fi\u015feler \u00fcretmek i\u00e7in son teknoloji ekipmanlar kullan\u0131larak titizlikle se\u00e7ilmektedir.<\/p>\n<p>Ayr\u0131ca bu cam \u015fi\u015fenin 500ml, 700ml ve 1000ml gibi di\u011fer kapasitelerini de sunuyoruz. Firmam\u0131z ayr\u0131ca \u00f6zel \u015fi\u015feleri de kabul etmektedir; ne isterseniz yapabiliriz. \u015ei\u015feyi istedi\u011finiz renge boyayabiliriz. Firmam\u0131z her zaman \u00f6nce kalite konusunda \u0131srar ediyor; iyi bir \u00fcr\u00fcn yapmak i\u00e7in bize g\u00fcvenebilirsiniz.<\/p>\n<p>Biz en iyi lik\u00f6r \u015fi\u015fesi \u00fcreticisi ve tedarik\u00e7isiyiz. Viski, brendi, re\u00e7el, su ve s\u00fct \u015fi\u015feleri gibi 200'den fazla \u015fi\u015fe \u00e7e\u015fidi sunuyoruz. On y\u0131ll\u0131k b\u00fcy\u00fcmenin ard\u0131ndan, Ruisheng cam \u015fi\u015feleri \u015fu anda d\u00fcnya \u00e7ap\u0131nda 50'den fazla \u00fclkede bulunmaktad\u0131r. Amerika Birle\u015fik Devletleri, Birle\u015fik Krall\u0131k, Kanada, Avustralya, Fransa, \u0130spanya ve di\u011fer \u00fclkeler ba\u015fl\u0131ca pazarlar\u0131m\u0131zd\u0131r.<\/p>\n<h2>Cam \u015ei\u015fe Hakk\u0131nda Bilgiler A\u015fa\u011f\u0131daki Gibidir:<\/h2>\n<ul>\n<li>Ana malzeme: y\u00fcksek \u00e7akmakta\u015f\u0131 cam<\/li>\n<li>Kap: Guala \u015fapka<\/li>\n<li>Referans: RS052<\/li>\n<li>ADEDI: 10000 ADET<\/li>\n<li>Kapasite: 700ml<\/li>\n<li>Adet\/Ctn: 24 adet<\/li>\n<li>Yerin k\u00f6keni: Shandong, \u00c7in<\/li>\n<li>\u00d6zellik: \u00c7evre dostu<\/li>\n<\/ul>\n<p>Bu \u015fi\u015fe bizim uzmanl\u0131k alan\u0131m\u0131z, ba\u015fka \u015fekillerde \u015fi\u015felerimiz de var. Silindirik, kare, kalp \u015feklinde vb.<\/p>\n<p>Toptan t\u0131pal\u0131 brendi cam \u015fi\u015fe hakk\u0131nda daha fazla bilgi almak istiyorsan\u0131z, l\u00fctfen bizimle ileti\u015fime ge\u00e7in. Size 24 saat i\u00e7inde cevap verece\u011fiz.<\/p>","protected":false},"excerpt":{"rendered":"<p data-block-id=\"149f43d0-bb6f-44a7-81fe-8369ceee64e7\" data-pm-slice=\"1 1 []\">Ola\u011fand\u0131\u015f\u0131 \u015fekil, t\u0131pal\u0131 bo\u015f brendi \u015fi\u015fesi, bir \u00c7in lik\u00f6r \u015fi\u015fesi fabrikas\u0131ndan toptan sat\u0131\u015f. Brendi ambalaj\u0131 i\u00e7in b\u00fcy\u00fck bir \u015fi\u015fe g\u00f6be\u011fine sahip \u015feffaf, \u015feffaf cam \u015fi\u015fe. 700 ml kapasitelidir. Brendi, viski, votka, cin ve di\u011fer alkoll\u00fc i\u00e7kileri paketlemek i\u00e7in idealdir. Bu bo\u015f brendi \u015fi\u015fesi ile ilgili detaylar a\u015fa\u011f\u0131da g\u00f6sterilmi\u015ftir:<\/p>\n<ul>\n<li>Referans: R-021<\/li>\n<li><strong>ADEDI: 10000 ADET<\/strong><\/li>\n<li>Renk: \u015eeffaf<\/li>\n<li>A\u011f\u0131rl\u0131k: 680g<\/li>\n<li>Y\u00fckseklik: 220mm<\/li>\n<li>\u00dccretsiz numune ile sunulan \u00f6zel hizmet<\/li>\n<\/ul>\n<p>Toptan brendi \u015fi\u015fesi fiyat\u0131 almak i\u00e7in bizimle ileti\u015fime ge\u00e7in.<\/p>","protected":false},"featured_media":4293,"comment_status":"closed","ping_status":"closed","template":"","meta":[],"product_cat":[40],"class_list":{"0":"post-4292","1":"product","2":"type-product","3":"status-publish","4":"has-post-thumbnail","6":"product_cat-750ml-liquor-bottle-manufacturer","8":"first","9":"instock","10":"shipping-taxable","11":"product-type-simple"},"yoast_head":"<!-- This site is optimized with the Yoast SEO plugin v22.0 - https:\/\/yoast.com\/wordpress\/plugins\/seo\/ -->\n<title>Brandy Glass Bottle With Stopper Supplier | 25 OZ Liquor Bottle Supplier<\/title>\n<meta name=\"description\" content=\"Buy Brandy Glass Bottle With Stopper Supplier From China Liquor Bottle Mnaufacturers. Factory Outlet 750ml\/25 oz Glass Gottle With Custom Service.\" \/>\n<meta name=\"robots\" content=\"index, follow, max-snippet:-1, max-image-preview:large, max-video-preview:-1\" \/>\n<link rel=\"canonical\" href=\"https:\/\/ruishengglassco.com\/tr\/urun\/rs052-siradisi-bos-konyak-cam-sise-tipali-tedarikci\" \/>\n<meta property=\"og:locale\" content=\"tr_TR\" \/>\n<meta property=\"og:type\" content=\"article\" \/>\n<meta property=\"og:title\" content=\"Brandy Glass Bottle With Stopper Supplier | 25 OZ Liquor Bottle Supplier\" \/>\n<meta property=\"og:description\" content=\"Buy Brandy Glass Bottle With Stopper Supplier From China Liquor Bottle Mnaufacturers. Factory Outlet 750ml\/25 oz Glass Gottle With Custom Service.\" \/>\n<meta property=\"og:url\" content=\"https:\/\/ruishengglassco.com\/tr\/urun\/rs052-siradisi-bos-konyak-cam-sise-tipali-tedarikci\" \/>\n<meta property=\"article:publisher\" content=\"https:\/\/www.facebook.com\/ruishengglassbottles\" \/>\n<meta property=\"article:modified_time\" content=\"2025-09-11T08:47:23+00:00\" \/>\n<meta property=\"og:image\" content=\"https:\/\/ruishengglassco.com\/wp-content\/uploads\/2025\/03\/RS052-Unusual-Empty-Brandy-Glass-Bottle-With-Stopper-Wholesale.webp\" \/>\n\t<meta property=\"og:image:width\" content=\"800\" \/>\n\t<meta property=\"og:image:height\" content=\"800\" \/>\n\t<meta property=\"og:image:type\" content=\"image\/webp\" \/>\n<meta name=\"twitter:card\" content=\"summary_large_image\" \/>\n<meta name=\"twitter:label1\" content=\"Tahmini okuma s\u00fcresi\" \/>\n\t<meta name=\"twitter:data1\" content=\"2 dakika\" \/>\n<script type=\"application\/ld+json\" class=\"yoast-schema-graph\">{\"@context\":\"https:\/\/schema.org\",\"@graph\":[{\"@type\":\"WebPage\",\"@id\":\"https:\/\/ruishengglassco.com\/product\/rs052-unusual-empty-brandy-glass-bottle-with-stopper-supplier\",\"url\":\"https:\/\/ruishengglassco.com\/product\/rs052-unusual-empty-brandy-glass-bottle-with-stopper-supplier\",\"name\":\"Brandy Glass Bottle With Stopper Supplier | 25 OZ Liquor Bottle Supplier\",\"isPartOf\":{\"@id\":\"https:\/\/ruishengglassco.com\/#website\"},\"datePublished\":\"2025-03-15T04:02:32+00:00\",\"dateModified\":\"2025-09-11T08:47:23+00:00\",\"description\":\"Buy Brandy Glass Bottle With Stopper Supplier From China Liquor Bottle Mnaufacturers. Factory Outlet 750ml\/25 oz Glass Gottle With Custom Service.\",\"breadcrumb\":{\"@id\":\"https:\/\/ruishengglassco.com\/product\/rs052-unusual-empty-brandy-glass-bottle-with-stopper-supplier#breadcrumb\"},\"inLanguage\":\"tr\",\"potentialAction\":[{\"@type\":\"ReadAction\",\"target\":[\"https:\/\/ruishengglassco.com\/product\/rs052-unusual-empty-brandy-glass-bottle-with-stopper-supplier\"]}]},{\"@type\":\"BreadcrumbList\",\"@id\":\"https:\/\/ruishengglassco.com\/product\/rs052-unusual-empty-brandy-glass-bottle-with-stopper-supplier#breadcrumb\",\"itemListElement\":[{\"@type\":\"ListItem\",\"position\":1,\"name\":\"Home\",\"item\":\"https:\/\/ruishengglassco.com\/\"},{\"@type\":\"ListItem\",\"position\":2,\"name\":\"Products\",\"item\":\"https:\/\/ruishengglassco.com\/products\"},{\"@type\":\"ListItem\",\"position\":3,\"name\":\"RS052: Unusual Empty Brandy Glass Bottle With Stopper Supplier\"}]},{\"@type\":\"WebSite\",\"@id\":\"https:\/\/ruishengglassco.com\/#website\",\"url\":\"https:\/\/ruishengglassco.com\/\",\"name\":\"Ruisheng Glass\",\"description\":\"\",\"publisher\":{\"@id\":\"https:\/\/ruishengglassco.com\/#organization\"},\"potentialAction\":[{\"@type\":\"SearchAction\",\"target\":{\"@type\":\"EntryPoint\",\"urlTemplate\":\"https:\/\/ruishengglassco.com\/?s={search_term_string}\"},\"query-input\":\"required name=search_term_string\"}],\"inLanguage\":\"tr\"},{\"@type\":\"Organization\",\"@id\":\"https:\/\/ruishengglassco.com\/#organization\",\"name\":\"Shandong Yuncheng Ruisheng Glass Co., Ltd\",\"url\":\"https:\/\/ruishengglassco.com\/\",\"logo\":{\"@type\":\"ImageObject\",\"inLanguage\":\"tr\",\"@id\":\"https:\/\/ruishengglassco.com\/#\/schema\/logo\/image\/\",\"url\":\"https:\/\/ruishengglassco.com\/wp-content\/uploads\/2023\/09\/ruisheng_logo_icon.webp\",\"contentUrl\":\"https:\/\/ruishengglassco.com\/wp-content\/uploads\/2023\/09\/ruisheng_logo_icon.webp\",\"width\":400,\"height\":233,\"caption\":\"Shandong Yuncheng Ruisheng Glass Co., Ltd\"},\"image\":{\"@id\":\"https:\/\/ruishengglassco.com\/#\/schema\/logo\/image\/\"},\"sameAs\":[\"https:\/\/www.facebook.com\/ruishengglassbottles\",\"https:\/\/www.instagram.com\/Ruishengglassbottlewholesales\/\",\"https:\/\/www.youtube.com\/channel\/UCMmbMNGwsL-XrtjfSFLCdVQ\"]}]}<\/script>\n<!-- \/ Yoast SEO plugin. -->","yoast_head_json":{"title":"Brandy Glass Bottle With Stopper Supplier | 25 OZ Liquor Bottle Supplier","description":"Buy Brandy Glass Bottle With Stopper Supplier From China Liquor Bottle Mnaufacturers. Factory Outlet 750ml\/25 oz Glass Gottle With Custom Service.","robots":{"index":"index","follow":"follow","max-snippet":"max-snippet:-1","max-image-preview":"max-image-preview:large","max-video-preview":"max-video-preview:-1"},"canonical":"https:\/\/ruishengglassco.com\/tr\/urun\/rs052-siradisi-bos-konyak-cam-sise-tipali-tedarikci","og_locale":"tr_TR","og_type":"article","og_title":"Brandy Glass Bottle With Stopper Supplier | 25 OZ Liquor Bottle Supplier","og_description":"Buy Brandy Glass Bottle With Stopper Supplier From China Liquor Bottle Mnaufacturers. Factory Outlet 750ml\/25 oz Glass Gottle With Custom Service.","og_url":"https:\/\/ruishengglassco.com\/tr\/urun\/rs052-siradisi-bos-konyak-cam-sise-tipali-tedarikci","article_publisher":"https:\/\/www.facebook.com\/ruishengglassbottles","article_modified_time":"2025-09-11T08:47:23+00:00","og_image":[{"width":800,"height":800,"url":"https:\/\/ruishengglassco.com\/wp-content\/uploads\/2025\/03\/RS052-Unusual-Empty-Brandy-Glass-Bottle-With-Stopper-Wholesale.webp","type":"image\/webp"}],"twitter_card":"summary_large_image","twitter_misc":{"Tahmini okuma s\u00fcresi":"2 dakika"},"schema":{"@context":"https:\/\/schema.org","@graph":[{"@type":"WebPage","@id":"https:\/\/ruishengglassco.com\/product\/rs052-unusual-empty-brandy-glass-bottle-with-stopper-supplier","url":"https:\/\/ruishengglassco.com\/product\/rs052-unusual-empty-brandy-glass-bottle-with-stopper-supplier","name":"Brandy Glass Bottle With Stopper Supplier | 25 OZ Liquor Bottle Supplier","isPartOf":{"@id":"https:\/\/ruishengglassco.com\/#website"},"datePublished":"2025-03-15T04:02:32+00:00","dateModified":"2025-09-11T08:47:23+00:00","description":"Buy Brandy Glass Bottle With Stopper Supplier From China Liquor Bottle Mnaufacturers. Factory Outlet 750ml\/25 oz Glass Gottle With Custom Service.","breadcrumb":{"@id":"https:\/\/ruishengglassco.com\/product\/rs052-unusual-empty-brandy-glass-bottle-with-stopper-supplier#breadcrumb"},"inLanguage":"tr","potentialAction":[{"@type":"ReadAction","target":["https:\/\/ruishengglassco.com\/product\/rs052-unusual-empty-brandy-glass-bottle-with-stopper-supplier"]}]},{"@type":"BreadcrumbList","@id":"https:\/\/ruishengglassco.com\/product\/rs052-unusual-empty-brandy-glass-bottle-with-stopper-supplier#breadcrumb","itemListElement":[{"@type":"ListItem","position":1,"name":"Home","item":"https:\/\/ruishengglassco.com\/"},{"@type":"ListItem","position":2,"name":"Products","item":"https:\/\/ruishengglassco.com\/products"},{"@type":"ListItem","position":3,"name":"RS052: Unusual Empty Brandy Glass Bottle With Stopper Supplier"}]},{"@type":"WebSite","@id":"https:\/\/ruishengglassco.com\/#website","url":"https:\/\/ruishengglassco.com\/","name":"Ruisheng Glass","description":"","publisher":{"@id":"https:\/\/ruishengglassco.com\/#organization"},"potentialAction":[{"@type":"SearchAction","target":{"@type":"EntryPoint","urlTemplate":"https:\/\/ruishengglassco.com\/?s={search_term_string}"},"query-input":"required name=search_term_string"}],"inLanguage":"tr"},{"@type":"Organization","@id":"https:\/\/ruishengglassco.com\/#organization","name":"Shandong Yuncheng Ruisheng Glass Co., Ltd","url":"https:\/\/ruishengglassco.com\/","logo":{"@type":"ImageObject","inLanguage":"tr","@id":"https:\/\/ruishengglassco.com\/#\/schema\/logo\/image\/","url":"https:\/\/ruishengglassco.com\/wp-content\/uploads\/2023\/09\/ruisheng_logo_icon.webp","contentUrl":"https:\/\/ruishengglassco.com\/wp-content\/uploads\/2023\/09\/ruisheng_logo_icon.webp","width":400,"height":233,"caption":"Shandong Yuncheng Ruisheng Glass Co., Ltd"},"image":{"@id":"https:\/\/ruishengglassco.com\/#\/schema\/logo\/image\/"},"sameAs":["https:\/\/www.facebook.com\/ruishengglassbottles","https:\/\/www.instagram.com\/Ruishengglassbottlewholesales\/","https:\/\/www.youtube.com\/channel\/UCMmbMNGwsL-XrtjfSFLCdVQ"]}]}},"_links":{"self":[{"href":"https:\/\/ruishengglassco.com\/tr\/wp-json\/wp\/v2\/product\/4292","targetHints":{"allow":["GET"]}}],"collection":[{"href":"https:\/\/ruishengglassco.com\/tr\/wp-json\/wp\/v2\/product"}],"about":[{"href":"https:\/\/ruishengglassco.com\/tr\/wp-json\/wp\/v2\/types\/product"}],"replies":[{"embeddable":true,"href":"https:\/\/ruishengglassco.com\/tr\/wp-json\/wp\/v2\/comments?post=4292"}],"wp:featuredmedia":[{"embeddable":true,"href":"https:\/\/ruishengglassco.com\/tr\/wp-json\/wp\/v2\/media\/4293"}],"wp:attachment":[{"href":"https:\/\/ruishengglassco.com\/tr\/wp-json\/wp\/v2\/media?parent=4292"}],"wp:term":[{"taxonomy":"product_cat","embeddable":true,"href":"https:\/\/ruishengglassco.com\/tr\/wp-json\/wp\/v2\/product_cat?post=4292"}],"curies":[{"name":"wp","href":"https:\/\/api.w.org\/{rel}","templated":true}]}}