{"id":4290,"date":"2025-03-15T11:59:23","date_gmt":"2025-03-15T03:59:23","guid":{"rendered":"https:\/\/ruishengglassco.com\/?post_type=product&#038;p=4290"},"modified":"2025-09-11T16:25:36","modified_gmt":"2025-09-11T08:25:36","slug":"rs053-700ml-brendi%cc%87-si%cc%87seleri%cc%87-toptan-satisi","status":"publish","type":"product","link":"https:\/\/ruishengglassco.com\/tr\/urun\/rs053-700ml-brendi%cc%87-si%cc%87seleri%cc%87-toptan-satisi","title":{"rendered":"RS053: 700ml Konyak \u015ei\u015feleri \u00dcreticileri"},"content":{"rendered":"<p>700ml brendi \u015fi\u015fesinin fiyat\u0131 ne olacak? Bu, \u00fcnl\u00fc bir brendi \u015fi\u015fesi \u00fcreticisi olan Shandong Yuncheng Ruisheng Glass Co, Ltd. taraf\u0131ndan \u00fcretilen en iyi brendi \u015fi\u015fesidir. Firmam\u0131z \u00c7in'deki en b\u00fcy\u00fck lik\u00f6r \u015fi\u015fesi \u00fcreticilerinden biridir. Lik\u00f6r cam \u015fi\u015felerini toplu olarak sunarak brendi \u015fi\u015felerini toptan fiyatlarla sat\u0131n alman\u0131z\u0131 sa\u011fl\u0131yoruz.<\/p>\n<p>Bu konyak \u015fi\u015fesi en iyisidir. Y\u00fcksek kaliteli \u00e7akmakta\u015f\u0131 camdan yap\u0131lm\u0131\u015ft\u0131r. Bu, \u015fi\u015feye netlik, dayan\u0131kl\u0131l\u0131k ve p\u00fcr\u00fczs\u00fcz bir y\u00fczey kazand\u0131r\u0131r.<\/p>\n<p>\u015eirketimizin 500'den fazla \u00e7al\u0131\u015fan\u0131 ve yetenekli m\u00fchendislerden olu\u015fan bir ekibi bulunmaktad\u0131r. Kapsaml\u0131 deneyimimizle d\u00fcnya \u00e7ap\u0131nda g\u00fc\u00e7l\u00fc bir \u00fcne sahibiz.<\/p>\n<p>A\u011f\u0131rl\u0131kl\u0131 olarak y\u00fcksek kaliteli alkol cam \u015fi\u015feleri sunuyoruz. Buna votka, brendi, viski, lik\u00f6r ve re\u00e7el \u015fi\u015feleri de dahildir. Ayr\u0131ca amber cam \u015fi\u015feler, ye\u015fil \u015fi\u015feler ve su \u015fi\u015feleri de sunabiliriz. Ana pazarlar\u0131m\u0131z ABD, \u0130ngiltere, Kanada, Avustralya vb. Ve t\u00fcm \u00fcr\u00fcnler yenilik ve i\u015flevsellik a\u00e7\u0131s\u0131ndan y\u00fcksek bir \u00fcne sahiptir.<\/p>\n<h2>700ml Konyak \u015ei\u015fesi Fiyat Bilgisi A\u015fa\u011f\u0131daki Gibidir:<\/h2>\n<ul>\n<li>Ana malzeme: y\u00fcksek \u00e7akmakta\u015f\u0131 cam<\/li>\n<li>Kapak: Vidal\u0131 kapak<\/li>\n<li>Referans: RS053<\/li>\n<li>ADEDI: 10000 ADET<\/li>\n<li>Brendi \u015ei\u015fesi Boyutu: Mini brendi \u015fi\u015fesi, 100ml, 350ml, 500ml, 700ml, 750ml, 1000ml ve \u00f6zel brendi \u015fi\u015fesi boyutu<\/li>\n<li>Adet\/Ctn: 24 adet<\/li>\n<li>Yerin k\u00f6keni: Shandong, \u00c7in<\/li>\n<li>\u00d6zellik: \u00c7evre dostu<\/li>\n<\/ul>\n<p>70oml brendi \u015fi\u015fesi fiyat\u0131n\u0131 \u00f6\u011frenmek veya toptan brendi \u015fi\u015fesi sat\u0131n almak istiyorsan\u0131z, l\u00fctfen bizimle ileti\u015fime ge\u00e7in. Size 24 saat i\u00e7inde cevap verece\u011fiz.<\/p>","protected":false},"excerpt":{"rendered":"<table class=\"tg\">\n<tbody>\n<tr>\n<td class=\"tg-b7b8\">Referans:<\/td>\n<td class=\"tg-b7b8\">RS053<\/td>\n<\/tr>\n<tr>\n<td class=\"tg-yw4l\">Ana malzeme:<\/td>\n<td class=\"tg-yw4l\">Y\u00fcksek \u00e7akmakta\u015f\u0131 cam (bu malzeme kristal beyaz cam olarak da adland\u0131r\u0131l\u0131r)<\/td>\n<\/tr>\n<tr>\n<td class=\"tg-b7b8\">Kaptan:<\/td>\n<td class=\"tg-b7b8\">Scrow \u015eapka<\/td>\n<\/tr>\n<tr>\n<td class=\"tg-yw4l\">Kapasite:<\/td>\n<td class=\"tg-yw4l\">700ml<\/td>\n<\/tr>\n<tr>\n<td class=\"tg-b7b8\">\u00d6zellik:<\/td>\n<td class=\"tg-b7b8\">\u00c7evre dostu<\/td>\n<\/tr>\n<tr>\n<td class=\"tg-yw4l\">ADEDI:<\/td>\n<td class=\"tg-yw4l\">10000 ADET<\/td>\n<\/tr>\n<tr>\n<td class=\"tg-b7b8\">Paketleme \u015eekli:<\/td>\n<td class=\"tg-b7b8\">\u0130hracat standart karton \/ Palet \/ ihracat standart karton ve palet<\/td>\n<\/tr>\n<tr>\n<td class=\"tg-yw4l\">OEM\/ODM:<\/td>\n<td class=\"tg-yw4l\">Ho\u015f geldiniz<\/td>\n<\/tr>\n<tr>\n<td class=\"tg-b7b8\">Yerin k\u00f6keni:<\/td>\n<td class=\"tg-b7b8\">Shandong, \u00c7in<\/td>\n<\/tr>\n<tr>\n<td class=\"tg-yw4l\">Adet\/Ktn:<\/td>\n<td class=\"tg-yw4l\">24 adet veya m\u00fc\u015fteri taleplerine g\u00f6re<\/td>\n<\/tr>\n<\/tbody>\n<\/table>","protected":false},"featured_media":4291,"comment_status":"closed","ping_status":"closed","template":"","meta":[],"product_cat":[44,58],"class_list":{"0":"post-4290","1":"product","2":"type-product","3":"status-publish","4":"has-post-thumbnail","6":"product_cat-700ml-liquor-bottle-manufacturer","7":"product_cat-brandy-bottle","9":"first","10":"instock","11":"shipping-taxable","12":"product-type-simple"},"yoast_head":"<!-- This site is optimized with the Yoast SEO plugin v22.0 - https:\/\/yoast.com\/wordpress\/plugins\/seo\/ -->\n<title>Brandy Bottle Price | Luxury Liquor Bottles Manufacturer-RS<\/title>\n<meta name=\"description\" content=\"Do you want to get wholesale brandy bottle price? Click her and contact us to get factory outlet price from China luxury liquor bottles manufacturer\" \/>\n<meta name=\"robots\" content=\"index, follow, max-snippet:-1, max-image-preview:large, max-video-preview:-1\" \/>\n<link rel=\"canonical\" href=\"https:\/\/ruishengglassco.com\/tr\/urun\/rs053-700ml-brendi\u0307-si\u0307seleri\u0307-toptan-satisi\" \/>\n<meta property=\"og:locale\" content=\"tr_TR\" \/>\n<meta property=\"og:type\" content=\"article\" \/>\n<meta property=\"og:title\" content=\"Brandy Bottle Price | Luxury Liquor Bottles Manufacturer-RS\" \/>\n<meta property=\"og:description\" content=\"Do you want to get wholesale brandy bottle price? Click her and contact us to get factory outlet price from China luxury liquor bottles manufacturer\" \/>\n<meta property=\"og:url\" content=\"https:\/\/ruishengglassco.com\/tr\/urun\/rs053-700ml-brendi\u0307-si\u0307seleri\u0307-toptan-satisi\" \/>\n<meta property=\"article:publisher\" content=\"https:\/\/www.facebook.com\/ruishengglassbottles\" \/>\n<meta property=\"article:modified_time\" content=\"2025-09-11T08:25:36+00:00\" \/>\n<meta property=\"og:image\" content=\"https:\/\/ruishengglassco.com\/wp-content\/uploads\/2025\/03\/RS053-700ml-Brandy-Bottles-Wholesale.webp\" \/>\n\t<meta property=\"og:image:width\" content=\"608\" \/>\n\t<meta property=\"og:image:height\" content=\"608\" \/>\n\t<meta property=\"og:image:type\" content=\"image\/webp\" \/>\n<meta name=\"twitter:card\" content=\"summary_large_image\" \/>\n<meta name=\"twitter:label1\" content=\"Tahmini okuma s\u00fcresi\" \/>\n\t<meta name=\"twitter:data1\" content=\"2 dakika\" \/>\n<script type=\"application\/ld+json\" class=\"yoast-schema-graph\">{\"@context\":\"https:\/\/schema.org\",\"@graph\":[{\"@type\":\"WebPage\",\"@id\":\"https:\/\/ruishengglassco.com\/product\/rs053-700ml-brandy-bottles-wholesale\",\"url\":\"https:\/\/ruishengglassco.com\/product\/rs053-700ml-brandy-bottles-wholesale\",\"name\":\"Brandy Bottle Price | Luxury Liquor Bottles Manufacturer-RS\",\"isPartOf\":{\"@id\":\"https:\/\/ruishengglassco.com\/#website\"},\"datePublished\":\"2025-03-15T03:59:23+00:00\",\"dateModified\":\"2025-09-11T08:25:36+00:00\",\"description\":\"Do you want to get wholesale brandy bottle price? Click her and contact us to get factory outlet price from China luxury liquor bottles manufacturer\",\"breadcrumb\":{\"@id\":\"https:\/\/ruishengglassco.com\/product\/rs053-700ml-brandy-bottles-wholesale#breadcrumb\"},\"inLanguage\":\"tr\",\"potentialAction\":[{\"@type\":\"ReadAction\",\"target\":[\"https:\/\/ruishengglassco.com\/product\/rs053-700ml-brandy-bottles-wholesale\"]}]},{\"@type\":\"BreadcrumbList\",\"@id\":\"https:\/\/ruishengglassco.com\/product\/rs053-700ml-brandy-bottles-wholesale#breadcrumb\",\"itemListElement\":[{\"@type\":\"ListItem\",\"position\":1,\"name\":\"Home\",\"item\":\"https:\/\/ruishengglassco.com\/\"},{\"@type\":\"ListItem\",\"position\":2,\"name\":\"Products\",\"item\":\"https:\/\/ruishengglassco.com\/products\"},{\"@type\":\"ListItem\",\"position\":3,\"name\":\"RS053: 700ml Brandy Bottles Manufacturers\"}]},{\"@type\":\"WebSite\",\"@id\":\"https:\/\/ruishengglassco.com\/#website\",\"url\":\"https:\/\/ruishengglassco.com\/\",\"name\":\"Ruisheng Glass\",\"description\":\"\",\"publisher\":{\"@id\":\"https:\/\/ruishengglassco.com\/#organization\"},\"potentialAction\":[{\"@type\":\"SearchAction\",\"target\":{\"@type\":\"EntryPoint\",\"urlTemplate\":\"https:\/\/ruishengglassco.com\/?s={search_term_string}\"},\"query-input\":\"required name=search_term_string\"}],\"inLanguage\":\"tr\"},{\"@type\":\"Organization\",\"@id\":\"https:\/\/ruishengglassco.com\/#organization\",\"name\":\"Shandong Yuncheng Ruisheng Glass Co., Ltd\",\"url\":\"https:\/\/ruishengglassco.com\/\",\"logo\":{\"@type\":\"ImageObject\",\"inLanguage\":\"tr\",\"@id\":\"https:\/\/ruishengglassco.com\/#\/schema\/logo\/image\/\",\"url\":\"https:\/\/ruishengglassco.com\/wp-content\/uploads\/2023\/09\/ruisheng_logo_icon.webp\",\"contentUrl\":\"https:\/\/ruishengglassco.com\/wp-content\/uploads\/2023\/09\/ruisheng_logo_icon.webp\",\"width\":400,\"height\":233,\"caption\":\"Shandong Yuncheng Ruisheng Glass Co., Ltd\"},\"image\":{\"@id\":\"https:\/\/ruishengglassco.com\/#\/schema\/logo\/image\/\"},\"sameAs\":[\"https:\/\/www.facebook.com\/ruishengglassbottles\",\"https:\/\/www.instagram.com\/Ruishengglassbottlewholesales\/\",\"https:\/\/www.youtube.com\/channel\/UCMmbMNGwsL-XrtjfSFLCdVQ\"]}]}<\/script>\n<!-- \/ Yoast SEO plugin. -->","yoast_head_json":{"title":"Brandy Bottle Price | Luxury Liquor Bottles Manufacturer-RS","description":"Do you want to get wholesale brandy bottle price? Click her and contact us to get factory outlet price from China luxury liquor bottles manufacturer","robots":{"index":"index","follow":"follow","max-snippet":"max-snippet:-1","max-image-preview":"max-image-preview:large","max-video-preview":"max-video-preview:-1"},"canonical":"https:\/\/ruishengglassco.com\/tr\/urun\/rs053-700ml-brendi\u0307-si\u0307seleri\u0307-toptan-satisi","og_locale":"tr_TR","og_type":"article","og_title":"Brandy Bottle Price | Luxury Liquor Bottles Manufacturer-RS","og_description":"Do you want to get wholesale brandy bottle price? Click her and contact us to get factory outlet price from China luxury liquor bottles manufacturer","og_url":"https:\/\/ruishengglassco.com\/tr\/urun\/rs053-700ml-brendi\u0307-si\u0307seleri\u0307-toptan-satisi","article_publisher":"https:\/\/www.facebook.com\/ruishengglassbottles","article_modified_time":"2025-09-11T08:25:36+00:00","og_image":[{"width":608,"height":608,"url":"https:\/\/ruishengglassco.com\/wp-content\/uploads\/2025\/03\/RS053-700ml-Brandy-Bottles-Wholesale.webp","type":"image\/webp"}],"twitter_card":"summary_large_image","twitter_misc":{"Tahmini okuma s\u00fcresi":"2 dakika"},"schema":{"@context":"https:\/\/schema.org","@graph":[{"@type":"WebPage","@id":"https:\/\/ruishengglassco.com\/product\/rs053-700ml-brandy-bottles-wholesale","url":"https:\/\/ruishengglassco.com\/product\/rs053-700ml-brandy-bottles-wholesale","name":"Brandy Bottle Price | Luxury Liquor Bottles Manufacturer-RS","isPartOf":{"@id":"https:\/\/ruishengglassco.com\/#website"},"datePublished":"2025-03-15T03:59:23+00:00","dateModified":"2025-09-11T08:25:36+00:00","description":"Do you want to get wholesale brandy bottle price? Click her and contact us to get factory outlet price from China luxury liquor bottles manufacturer","breadcrumb":{"@id":"https:\/\/ruishengglassco.com\/product\/rs053-700ml-brandy-bottles-wholesale#breadcrumb"},"inLanguage":"tr","potentialAction":[{"@type":"ReadAction","target":["https:\/\/ruishengglassco.com\/product\/rs053-700ml-brandy-bottles-wholesale"]}]},{"@type":"BreadcrumbList","@id":"https:\/\/ruishengglassco.com\/product\/rs053-700ml-brandy-bottles-wholesale#breadcrumb","itemListElement":[{"@type":"ListItem","position":1,"name":"Home","item":"https:\/\/ruishengglassco.com\/"},{"@type":"ListItem","position":2,"name":"Products","item":"https:\/\/ruishengglassco.com\/products"},{"@type":"ListItem","position":3,"name":"RS053: 700ml Brandy Bottles Manufacturers"}]},{"@type":"WebSite","@id":"https:\/\/ruishengglassco.com\/#website","url":"https:\/\/ruishengglassco.com\/","name":"Ruisheng Glass","description":"","publisher":{"@id":"https:\/\/ruishengglassco.com\/#organization"},"potentialAction":[{"@type":"SearchAction","target":{"@type":"EntryPoint","urlTemplate":"https:\/\/ruishengglassco.com\/?s={search_term_string}"},"query-input":"required name=search_term_string"}],"inLanguage":"tr"},{"@type":"Organization","@id":"https:\/\/ruishengglassco.com\/#organization","name":"Shandong Yuncheng Ruisheng Glass Co., Ltd","url":"https:\/\/ruishengglassco.com\/","logo":{"@type":"ImageObject","inLanguage":"tr","@id":"https:\/\/ruishengglassco.com\/#\/schema\/logo\/image\/","url":"https:\/\/ruishengglassco.com\/wp-content\/uploads\/2023\/09\/ruisheng_logo_icon.webp","contentUrl":"https:\/\/ruishengglassco.com\/wp-content\/uploads\/2023\/09\/ruisheng_logo_icon.webp","width":400,"height":233,"caption":"Shandong Yuncheng Ruisheng Glass Co., Ltd"},"image":{"@id":"https:\/\/ruishengglassco.com\/#\/schema\/logo\/image\/"},"sameAs":["https:\/\/www.facebook.com\/ruishengglassbottles","https:\/\/www.instagram.com\/Ruishengglassbottlewholesales\/","https:\/\/www.youtube.com\/channel\/UCMmbMNGwsL-XrtjfSFLCdVQ"]}]}},"_links":{"self":[{"href":"https:\/\/ruishengglassco.com\/tr\/wp-json\/wp\/v2\/product\/4290","targetHints":{"allow":["GET"]}}],"collection":[{"href":"https:\/\/ruishengglassco.com\/tr\/wp-json\/wp\/v2\/product"}],"about":[{"href":"https:\/\/ruishengglassco.com\/tr\/wp-json\/wp\/v2\/types\/product"}],"replies":[{"embeddable":true,"href":"https:\/\/ruishengglassco.com\/tr\/wp-json\/wp\/v2\/comments?post=4290"}],"wp:featuredmedia":[{"embeddable":true,"href":"https:\/\/ruishengglassco.com\/tr\/wp-json\/wp\/v2\/media\/4291"}],"wp:attachment":[{"href":"https:\/\/ruishengglassco.com\/tr\/wp-json\/wp\/v2\/media?parent=4290"}],"wp:term":[{"taxonomy":"product_cat","embeddable":true,"href":"https:\/\/ruishengglassco.com\/tr\/wp-json\/wp\/v2\/product_cat?post=4290"}],"curies":[{"name":"wp","href":"https:\/\/api.w.org\/{rel}","templated":true}]}}