{"id":4282,"date":"2025-03-15T11:41:13","date_gmt":"2025-03-15T03:41:13","guid":{"rendered":"https:\/\/ruishengglassco.com\/?post_type=product&#038;p=4282"},"modified":"2025-09-11T16:26:13","modified_gmt":"2025-09-11T08:26:13","slug":"rs057-700ml-750ml-matara-uzun-cam-siseler-toptan","status":"publish","type":"product","link":"https:\/\/ruishengglassco.com\/tr\/urun\/rs057-700ml-750ml-matara-uzun-cam-siseler-toptan","title":{"rendered":"RS057: 700ml 750ml Matara Uzun Cam \u015ei\u015feler \u00dcreticileri"},"content":{"rendered":"<p><span data-preserver-spaces=\"true\">Bunlar<\/span><strong><span data-preserver-spaces=\"true\"> 700ml Kare Cam Matara \u015ei\u015feler<\/span><\/strong><span data-preserver-spaces=\"true\"> fabrikam\u0131z\u0131n en \u00e7ok satan \u00fcr\u00fcnlerinden biridir. Bu cam \u015fi\u015fenin malzemesi olduk\u00e7a \u015feffaf bir kristaldir.<\/span><\/p>\n<p><span data-preserver-spaces=\"true\">\u015eirketimiz <\/span><span data-preserver-spaces=\"true\">iyi oldu\u011fu<\/span><span data-preserver-spaces=\"true\"> y\u00fcksek kaliteli cam \u015fi\u015feler \u00fcretmektedir, <\/span><span data-preserver-spaces=\"true\">bu y\u00fczden garanti ediyoruz<\/span><span data-preserver-spaces=\"true\"> biz <\/span><span data-preserver-spaces=\"true\">y\u00fcksek kaliteli cam \u015fi\u015feler \u00fcretebilir<\/span><span data-preserver-spaces=\"true\">.<\/span><\/p>\n<p><span data-preserver-spaces=\"true\">E\u011fer sen <\/span><span data-preserver-spaces=\"true\">istiyorum<\/span><span data-preserver-spaces=\"true\"> ba\u015fka herhangi bir s\u0131fatla, <\/span><span data-preserver-spaces=\"true\">sonra<\/span><span data-preserver-spaces=\"true\"> yapabiliriz <\/span><span data-preserver-spaces=\"true\">de\u011fi\u015fim<\/span><span data-preserver-spaces=\"true\"> olarak <\/span><span data-preserver-spaces=\"true\">sen<\/span><span data-preserver-spaces=\"true\"> \u0130stek.<\/span><\/p>\n<p><span data-preserver-spaces=\"true\">Ana \u00fcr\u00fcnlerimiz mantarl\u0131 \u00fcst s\u0131n\u0131f cam \u015fi\u015felerdir, <\/span><span data-preserver-spaces=\"true\">gibi<\/span><span data-preserver-spaces=\"true\"> votka \u015fi\u015feleri, brendi \u015fi\u015feleri, viski \u015fi\u015feleri, lik\u00f6r \u015fi\u015feleri, re\u00e7el \u015fi\u015feleri ve <\/span><span data-preserver-spaces=\"true\">bu y\u00fczden<\/span><span data-preserver-spaces=\"true\">.<\/span><span data-preserver-spaces=\"true\"> Ayr\u0131ca amber cam \u015fi\u015feler, ye\u015fil \u015fi\u015feler ve su \u015fi\u015feleri de sunabiliriz. <\/span><span data-preserver-spaces=\"true\">Bizim <\/span><span data-preserver-spaces=\"true\">ana<\/span><span data-preserver-spaces=\"true\"> pazarlar <\/span><span data-preserver-spaces=\"true\">vard\u0131r<\/span><span data-preserver-spaces=\"true\"> Avrupa, ABD, Avustralya, <\/span><span data-preserver-spaces=\"true\">vb.<\/span><span data-preserver-spaces=\"true\">.<\/span><span data-preserver-spaces=\"true\"> Ve t\u00fcm \u00fcr\u00fcnler yenilik ve i\u015flevsellik a\u00e7\u0131s\u0131ndan y\u00fcksek bir itibara sahiptir.<\/span><\/p>\n<p><span data-preserver-spaces=\"true\">700ml kare zeytinya\u011f\u0131 \u00e7akmakta\u015f\u0131 cam \u015fi\u015femiz i\u00e7in malzemeleri \u00f6zenle se\u00e7iyoruz. Bu malzemeleri men\u015fe \u00fclkelerinden temin ediyoruz. <\/span><span data-preserver-spaces=\"true\">Ayr\u0131ca<\/span><span data-preserver-spaces=\"true\">, biz <\/span><span data-preserver-spaces=\"true\">kullan\u0131m<\/span><span data-preserver-spaces=\"true\"> \u00fcretmek i\u00e7in geli\u015fmi\u015f makineler <\/span><span data-preserver-spaces=\"true\">ve<\/span><span data-preserver-spaces=\"true\"> cam \u015fi\u015feler.<\/span><\/p>\n<h2>Hakk\u0131nda Bilgi <strong>700ml Kare Cam Matara \u015ei\u015feleri \u00dcreticileri<\/strong>:<\/h2>\n<ul>\n<li>Ana malzeme: kristal beyaz malzeme son derece beyaz malzeme<\/li>\n<li>Kapak: Mantar<\/li>\n<li>Referans: RS057<\/li>\n<li>ADEDI: 10000 ADET<\/li>\n<li>Kapasite: 700ml<\/li>\n<li>Adet\/Ctn: 24 adet<\/li>\n<li>Yerin k\u00f6keni: Shandong, \u00c7in<\/li>\n<li>\u00d6zellik: \u00c7evre dostu<\/li>\n<\/ul>\n<p>Bu cam \u015fi\u015fe \u015fi\u015felerinden memnunsan\u0131z, l\u00fctfen zaman\u0131nda benimle ileti\u015fime ge\u00e7in. E\u011fer be\u011fenmediyseniz, di\u011fer \u015fi\u015felerimize bakabilirsiniz. Ya da size katalo\u011fu verece\u011fim, istedi\u011finizi se\u00e7ebilirsiniz. Hermetik alkol \u015fi\u015felerimizle ilgileniyorsan\u0131z, l\u00fctfen bizimle ileti\u015fime ge\u00e7in. Size 24 saat i\u00e7inde cevap verece\u011fiz.<\/p>","protected":false},"excerpt":{"rendered":"<p><span data-preserver-spaces=\"true\">Bunlar<\/span><strong><span data-preserver-spaces=\"true\">\u00a0700ml Kare Cam Matara \u015ei\u015feleri Toptan Sat\u0131\u015f\u00a0<\/span><\/strong><span data-preserver-spaces=\"true\">fabrikam\u0131z\u0131n en \u00e7ok satan \u00fcr\u00fcnlerinden biridir. <\/span><span data-preserver-spaces=\"true\">Bu cam \u015fi\u015fenin malzemesi <\/span><span data-preserver-spaces=\"true\">son derece beyaz kristal malzeme<\/span><span data-preserver-spaces=\"true\">.<\/span><\/p>","protected":false},"featured_media":4283,"comment_status":"closed","ping_status":"closed","template":"","meta":[],"product_cat":[44,40],"class_list":{"0":"post-4282","1":"product","2":"type-product","3":"status-publish","4":"has-post-thumbnail","6":"product_cat-700ml-liquor-bottle-manufacturer","7":"product_cat-750ml-liquor-bottle-manufacturer","9":"first","10":"instock","11":"shipping-taxable","12":"product-type-simple"},"yoast_head":"<!-- This site is optimized with the Yoast SEO plugin v22.0 - https:\/\/yoast.com\/wordpress\/plugins\/seo\/ -->\n<title>Glass Flask Bottles Manufacturers | Square Liquor Bottle Manufacturer<\/title>\n<meta name=\"description\" content=\"Buy Glass Flask Bottles Manufacturers From China Liquor Bottle Manufacturer. Clear Square Liquor Bottle Will Catch Your Eyes In An Instant.\" \/>\n<meta name=\"robots\" content=\"index, follow, max-snippet:-1, max-image-preview:large, max-video-preview:-1\" \/>\n<link rel=\"canonical\" href=\"https:\/\/ruishengglassco.com\/tr\/urun\/rs057-700ml-750ml-matara-uzun-cam-siseler-toptan\" \/>\n<meta property=\"og:locale\" content=\"tr_TR\" \/>\n<meta property=\"og:type\" content=\"article\" \/>\n<meta property=\"og:title\" content=\"Glass Flask Bottles Manufacturers | Square Liquor Bottle Manufacturer\" \/>\n<meta property=\"og:description\" content=\"Buy Glass Flask Bottles Manufacturers From China Liquor Bottle Manufacturer. Clear Square Liquor Bottle Will Catch Your Eyes In An Instant.\" \/>\n<meta property=\"og:url\" content=\"https:\/\/ruishengglassco.com\/tr\/urun\/rs057-700ml-750ml-matara-uzun-cam-siseler-toptan\" \/>\n<meta property=\"article:publisher\" content=\"https:\/\/www.facebook.com\/ruishengglassbottles\" \/>\n<meta property=\"article:modified_time\" content=\"2025-09-11T08:26:13+00:00\" \/>\n<meta property=\"og:image\" content=\"https:\/\/ruishengglassco.com\/wp-content\/uploads\/2025\/03\/RS057-700ml-750ml-Flask-Tall-Glass-Bottles-Wholesale.webp\" \/>\n\t<meta property=\"og:image:width\" content=\"800\" \/>\n\t<meta property=\"og:image:height\" content=\"800\" \/>\n\t<meta property=\"og:image:type\" content=\"image\/webp\" \/>\n<meta name=\"twitter:card\" content=\"summary_large_image\" \/>\n<meta name=\"twitter:label1\" content=\"Tahmini okuma s\u00fcresi\" \/>\n\t<meta name=\"twitter:data1\" content=\"2 dakika\" \/>\n<script type=\"application\/ld+json\" class=\"yoast-schema-graph\">{\"@context\":\"https:\/\/schema.org\",\"@graph\":[{\"@type\":\"WebPage\",\"@id\":\"https:\/\/ruishengglassco.com\/product\/rs057-700ml-750ml-flask-tall-glass-bottles-wholesale\",\"url\":\"https:\/\/ruishengglassco.com\/product\/rs057-700ml-750ml-flask-tall-glass-bottles-wholesale\",\"name\":\"Glass Flask Bottles Manufacturers | Square Liquor Bottle Manufacturer\",\"isPartOf\":{\"@id\":\"https:\/\/ruishengglassco.com\/#website\"},\"datePublished\":\"2025-03-15T03:41:13+00:00\",\"dateModified\":\"2025-09-11T08:26:13+00:00\",\"description\":\"Buy Glass Flask Bottles Manufacturers From China Liquor Bottle Manufacturer. Clear Square Liquor Bottle Will Catch Your Eyes In An Instant.\",\"breadcrumb\":{\"@id\":\"https:\/\/ruishengglassco.com\/product\/rs057-700ml-750ml-flask-tall-glass-bottles-wholesale#breadcrumb\"},\"inLanguage\":\"tr\",\"potentialAction\":[{\"@type\":\"ReadAction\",\"target\":[\"https:\/\/ruishengglassco.com\/product\/rs057-700ml-750ml-flask-tall-glass-bottles-wholesale\"]}]},{\"@type\":\"BreadcrumbList\",\"@id\":\"https:\/\/ruishengglassco.com\/product\/rs057-700ml-750ml-flask-tall-glass-bottles-wholesale#breadcrumb\",\"itemListElement\":[{\"@type\":\"ListItem\",\"position\":1,\"name\":\"Home\",\"item\":\"https:\/\/ruishengglassco.com\/\"},{\"@type\":\"ListItem\",\"position\":2,\"name\":\"Products\",\"item\":\"https:\/\/ruishengglassco.com\/products\"},{\"@type\":\"ListItem\",\"position\":3,\"name\":\"RS057: 700ml 750ml Flask Tall Glass Bottles Manufacturers\"}]},{\"@type\":\"WebSite\",\"@id\":\"https:\/\/ruishengglassco.com\/#website\",\"url\":\"https:\/\/ruishengglassco.com\/\",\"name\":\"Ruisheng Glass\",\"description\":\"\",\"publisher\":{\"@id\":\"https:\/\/ruishengglassco.com\/#organization\"},\"potentialAction\":[{\"@type\":\"SearchAction\",\"target\":{\"@type\":\"EntryPoint\",\"urlTemplate\":\"https:\/\/ruishengglassco.com\/?s={search_term_string}\"},\"query-input\":\"required name=search_term_string\"}],\"inLanguage\":\"tr\"},{\"@type\":\"Organization\",\"@id\":\"https:\/\/ruishengglassco.com\/#organization\",\"name\":\"Shandong Yuncheng Ruisheng Glass Co., Ltd\",\"url\":\"https:\/\/ruishengglassco.com\/\",\"logo\":{\"@type\":\"ImageObject\",\"inLanguage\":\"tr\",\"@id\":\"https:\/\/ruishengglassco.com\/#\/schema\/logo\/image\/\",\"url\":\"https:\/\/ruishengglassco.com\/wp-content\/uploads\/2023\/09\/ruisheng_logo_icon.webp\",\"contentUrl\":\"https:\/\/ruishengglassco.com\/wp-content\/uploads\/2023\/09\/ruisheng_logo_icon.webp\",\"width\":400,\"height\":233,\"caption\":\"Shandong Yuncheng Ruisheng Glass Co., Ltd\"},\"image\":{\"@id\":\"https:\/\/ruishengglassco.com\/#\/schema\/logo\/image\/\"},\"sameAs\":[\"https:\/\/www.facebook.com\/ruishengglassbottles\",\"https:\/\/www.instagram.com\/Ruishengglassbottlewholesales\/\",\"https:\/\/www.youtube.com\/channel\/UCMmbMNGwsL-XrtjfSFLCdVQ\"]}]}<\/script>\n<!-- \/ Yoast SEO plugin. -->","yoast_head_json":{"title":"Glass Flask Bottles Manufacturers | Square Liquor Bottle Manufacturer","description":"Buy Glass Flask Bottles Manufacturers From China Liquor Bottle Manufacturer. Clear Square Liquor Bottle Will Catch Your Eyes In An Instant.","robots":{"index":"index","follow":"follow","max-snippet":"max-snippet:-1","max-image-preview":"max-image-preview:large","max-video-preview":"max-video-preview:-1"},"canonical":"https:\/\/ruishengglassco.com\/tr\/urun\/rs057-700ml-750ml-matara-uzun-cam-siseler-toptan","og_locale":"tr_TR","og_type":"article","og_title":"Glass Flask Bottles Manufacturers | Square Liquor Bottle Manufacturer","og_description":"Buy Glass Flask Bottles Manufacturers From China Liquor Bottle Manufacturer. Clear Square Liquor Bottle Will Catch Your Eyes In An Instant.","og_url":"https:\/\/ruishengglassco.com\/tr\/urun\/rs057-700ml-750ml-matara-uzun-cam-siseler-toptan","article_publisher":"https:\/\/www.facebook.com\/ruishengglassbottles","article_modified_time":"2025-09-11T08:26:13+00:00","og_image":[{"width":800,"height":800,"url":"https:\/\/ruishengglassco.com\/wp-content\/uploads\/2025\/03\/RS057-700ml-750ml-Flask-Tall-Glass-Bottles-Wholesale.webp","type":"image\/webp"}],"twitter_card":"summary_large_image","twitter_misc":{"Tahmini okuma s\u00fcresi":"2 dakika"},"schema":{"@context":"https:\/\/schema.org","@graph":[{"@type":"WebPage","@id":"https:\/\/ruishengglassco.com\/product\/rs057-700ml-750ml-flask-tall-glass-bottles-wholesale","url":"https:\/\/ruishengglassco.com\/product\/rs057-700ml-750ml-flask-tall-glass-bottles-wholesale","name":"Glass Flask Bottles Manufacturers | Square Liquor Bottle Manufacturer","isPartOf":{"@id":"https:\/\/ruishengglassco.com\/#website"},"datePublished":"2025-03-15T03:41:13+00:00","dateModified":"2025-09-11T08:26:13+00:00","description":"Buy Glass Flask Bottles Manufacturers From China Liquor Bottle Manufacturer. Clear Square Liquor Bottle Will Catch Your Eyes In An Instant.","breadcrumb":{"@id":"https:\/\/ruishengglassco.com\/product\/rs057-700ml-750ml-flask-tall-glass-bottles-wholesale#breadcrumb"},"inLanguage":"tr","potentialAction":[{"@type":"ReadAction","target":["https:\/\/ruishengglassco.com\/product\/rs057-700ml-750ml-flask-tall-glass-bottles-wholesale"]}]},{"@type":"BreadcrumbList","@id":"https:\/\/ruishengglassco.com\/product\/rs057-700ml-750ml-flask-tall-glass-bottles-wholesale#breadcrumb","itemListElement":[{"@type":"ListItem","position":1,"name":"Home","item":"https:\/\/ruishengglassco.com\/"},{"@type":"ListItem","position":2,"name":"Products","item":"https:\/\/ruishengglassco.com\/products"},{"@type":"ListItem","position":3,"name":"RS057: 700ml 750ml Flask Tall Glass Bottles Manufacturers"}]},{"@type":"WebSite","@id":"https:\/\/ruishengglassco.com\/#website","url":"https:\/\/ruishengglassco.com\/","name":"Ruisheng Glass","description":"","publisher":{"@id":"https:\/\/ruishengglassco.com\/#organization"},"potentialAction":[{"@type":"SearchAction","target":{"@type":"EntryPoint","urlTemplate":"https:\/\/ruishengglassco.com\/?s={search_term_string}"},"query-input":"required name=search_term_string"}],"inLanguage":"tr"},{"@type":"Organization","@id":"https:\/\/ruishengglassco.com\/#organization","name":"Shandong Yuncheng Ruisheng Glass Co., Ltd","url":"https:\/\/ruishengglassco.com\/","logo":{"@type":"ImageObject","inLanguage":"tr","@id":"https:\/\/ruishengglassco.com\/#\/schema\/logo\/image\/","url":"https:\/\/ruishengglassco.com\/wp-content\/uploads\/2023\/09\/ruisheng_logo_icon.webp","contentUrl":"https:\/\/ruishengglassco.com\/wp-content\/uploads\/2023\/09\/ruisheng_logo_icon.webp","width":400,"height":233,"caption":"Shandong Yuncheng Ruisheng Glass Co., Ltd"},"image":{"@id":"https:\/\/ruishengglassco.com\/#\/schema\/logo\/image\/"},"sameAs":["https:\/\/www.facebook.com\/ruishengglassbottles","https:\/\/www.instagram.com\/Ruishengglassbottlewholesales\/","https:\/\/www.youtube.com\/channel\/UCMmbMNGwsL-XrtjfSFLCdVQ"]}]}},"_links":{"self":[{"href":"https:\/\/ruishengglassco.com\/tr\/wp-json\/wp\/v2\/product\/4282","targetHints":{"allow":["GET"]}}],"collection":[{"href":"https:\/\/ruishengglassco.com\/tr\/wp-json\/wp\/v2\/product"}],"about":[{"href":"https:\/\/ruishengglassco.com\/tr\/wp-json\/wp\/v2\/types\/product"}],"replies":[{"embeddable":true,"href":"https:\/\/ruishengglassco.com\/tr\/wp-json\/wp\/v2\/comments?post=4282"}],"wp:featuredmedia":[{"embeddable":true,"href":"https:\/\/ruishengglassco.com\/tr\/wp-json\/wp\/v2\/media\/4283"}],"wp:attachment":[{"href":"https:\/\/ruishengglassco.com\/tr\/wp-json\/wp\/v2\/media?parent=4282"}],"wp:term":[{"taxonomy":"product_cat","embeddable":true,"href":"https:\/\/ruishengglassco.com\/tr\/wp-json\/wp\/v2\/product_cat?post=4282"}],"curies":[{"name":"wp","href":"https:\/\/api.w.org\/{rel}","templated":true}]}}