{"id":4280,"date":"2025-03-15T11:38:33","date_gmt":"2025-03-15T03:38:33","guid":{"rendered":"https:\/\/ruishengglassco.com\/?post_type=product&#038;p=4280"},"modified":"2025-07-17T08:39:10","modified_gmt":"2025-07-17T00:39:10","slug":"rs058-toptan-i%cc%87cki%cc%87-si%cc%87sesi%cc%87-750ml-700ml-500ml","status":"publish","type":"product","link":"https:\/\/ruishengglassco.com\/tr\/urun\/rs058-toptan-i%cc%87cki%cc%87-si%cc%87sesi%cc%87-750ml-700ml-500ml","title":{"rendered":"RS058: \u0130spirto \u015ei\u015fesi 750ml 700ml 500ml"},"content":{"rendered":"<p>750ml, 700ml ve 500ml'lik toplu boyutlarda mevcut olan toptan ispirto \u015fi\u015feleri Ruisheng'in \u00f6nemli bir projesidir. Mantarl\u0131 cam \u015fi\u015felerin lider \u00fcreticisi Ruisheng, geni\u015f bir se\u00e7enek yelpazesi sunmaktad\u0131r. Boston yuvarlak cam \u015fi\u015feler, kare cam \u015fi\u015feler ve \u00f6zel \u015fekilli \u015fi\u015feler sunmaktad\u0131r. Ayr\u0131ca viski, brendi, rom ve votka gibi alkoll\u00fc i\u00e7kiler i\u00e7in \u00f6zel mantarl\u0131 \u015fi\u015feler de bulabilirsiniz.<\/p>\n<p>Daha k\u00fc\u00e7\u00fck bir cam \u015fi\u015fe veya daha b\u00fcy\u00fck bir toptan cam \u015fi\u015fe se\u00e7erek bir el i\u015fi yap\u0131n veya m\u00fc\u015fterilere \u00fcr\u00fcn g\u00f6nderin. Boyutlar 50ml'den 1500ml'ye kadar mevcuttur. \u00d6zel sipari\u015fler kabul edilebilir. Sat\u0131l\u0131k cam \u015fi\u015felerin \u00e7o\u011fu, lik\u00f6r \u015fi\u015fesinin g\u00f6vdesini daha g\u00fc\u00e7l\u00fc ve daha g\u00fczel k\u0131lan y\u00fcksek kaliteli cam malzemeden yap\u0131lm\u0131\u015ft\u0131r. Kapakl\u0131 t\u00fcm \u015feffaf cam \u015fi\u015felerin toksik olmad\u0131\u011f\u0131n\u0131, 100% geri kazan\u0131labilir, yeniden kullan\u0131labilir ve d\u00fcnya i\u00e7in g\u00fcvenli oldu\u011funu garanti ediyoruz.<\/p>\n<p>Bu cam \u015fi\u015fe y\u00fcksek kaliteli XO Brandy i\u00e7in \u00fcretilmi\u015ftir. Lik\u00f6r\u00fcn\u00fcz\u00fcn en y\u00fcksek kalitesini sergiler.<\/p>\n<h2>XO Brandy \u0130\u00e7in D\u00f6kme \u0130spirto \u015ei\u015feleri Hakk\u0131nda Bilgi<\/h2>\n<ul>\n<li>Ana malzeme: y\u00fcksek \u00e7akmakta\u015f\u0131 cam<\/li>\n<li>Kapak: vidal\u0131 kapak<\/li>\n<li>Referans: RS058<\/li>\n<li>ADEDI: 10000 ADET<\/li>\n<li>Kapasite: 700ml<\/li>\n<li>Adet\/Ctn: 24 adet<\/li>\n<li>Yerin k\u00f6keni: Shandong, \u00c7in<\/li>\n<li>\u00d6zellik: \u00c7evre dostu<\/li>\n<\/ul>\n<p>Ruisheng, uzun bir \u00fcretim ge\u00e7mi\u015fine sahip 700ml cam \u015fi\u015felere sahiptir. Yetenekli ekibimiz deneyimlidir, bu nedenle sevece\u011finiz bir \u00fcr\u00fcn yapma konusunda kendimize g\u00fcveniyoruz. Ruisheng'in \u015feffaf cam \u015fi\u015feleri Avrupa, ABD, Avustralya ve di\u011fer b\u00f6lgelerde memnuniyetle kar\u015f\u0131lanm\u0131\u015ft\u0131r. Ve t\u00fcm \u00fcr\u00fcnler yenilik ve i\u015flevsellik a\u00e7\u0131s\u0131ndan y\u00fcksek bir \u00fcne sahiptir.<\/p>\n<p>Ruisheng Cam \u015ei\u015fe \u015fimdi yeni bir siteye geni\u015fledi, geli\u015fmi\u015f makineler tan\u0131tt\u0131 ve \u00fcretim h\u0131z\u0131m\u0131z \u00f6ncekinden \u00f6nemli \u00f6l\u00e7\u00fcde daha y\u00fcksek. B\u00f6ylece belirlenen tarihte iyi \u015fi\u015feler yapaca\u011f\u0131z ve mallar\u0131 size teslim edece\u011fiz.<\/p>\n<p>XO veya Brandy i\u00e7in toplu olarak toptan ispirto \u015fi\u015feleri sat\u0131n almak istiyorsan\u0131z, l\u00fctfen bizimle ileti\u015fime ge\u00e7in. Size 24 saat i\u00e7inde cevap verece\u011fiz.<br \/>Umar\u0131m sipari\u015f verebilirsiniz.<\/p>","protected":false},"excerpt":{"rendered":"<table style=\"undefined;width: 367px;\">\n<colgroup>\n<col style=\"width: 133px;\" \/>\n<col style=\"width: 234px;\" \/> <\/colgroup>\n<tbody>\n<tr>\n<th colspan=\"2\">XO Konyak \u0130\u00e7in Toptan \u0130\u00e7ki \u015ei\u015feleri<\/th>\n<\/tr>\n<tr>\n<td>Ana malzeme:<\/td>\n<td>kristal beyaz malzeme<\/td>\n<\/tr>\n<tr>\n<td>Kaptan:<\/td>\n<td>Vidal\u0131 kapak<\/td>\n<\/tr>\n<tr>\n<td>Kapasite:<\/td>\n<td>750ml<\/td>\n<\/tr>\n<tr>\n<td>\u00d6zellik:<\/td>\n<td>\u00c7evre dostu<\/td>\n<\/tr>\n<tr>\n<td>ADEDI:<\/td>\n<td>10000 ADET<\/td>\n<\/tr>\n<tr>\n<td>Nakliye yolu:<\/td>\n<td>Gemi, Ekspres<\/td>\n<\/tr>\n<tr>\n<td>OEM\/ODM:<\/td>\n<td>Ho\u015f geldiniz<\/td>\n<\/tr>\n<tr>\n<td>Yerin k\u00f6keni:<\/td>\n<td>Shandong, \u00c7in<\/td>\n<\/tr>\n<tr>\n<td>Adet\/Ktn:<\/td>\n<td>24 adet<\/td>\n<\/tr>\n<\/tbody>\n<\/table>","protected":false},"featured_media":4281,"comment_status":"closed","ping_status":"closed","template":"","meta":[],"product_cat":[41,44,40,56],"class_list":{"0":"post-4280","1":"product","2":"type-product","3":"status-publish","4":"has-post-thumbnail","6":"product_cat-500ml-liquor-bottle-manufacturer","7":"product_cat-700ml-liquor-bottle-manufacturer","8":"product_cat-750ml-liquor-bottle-manufacturer","9":"product_cat-xo-brandy-bottle","11":"first","12":"instock","13":"shipping-taxable","14":"product-type-simple"},"yoast_head":"<!-- This site is optimized with the Yoast SEO plugin v22.0 - https:\/\/yoast.com\/wordpress\/plugins\/seo\/ -->\n<title>Spirit Bottles Bulk | XO Brandy Bottle Supplier<\/title>\n<meta name=\"description\" content=\"Buy Spirit Bottles Bulk From China Glass Bottle Mnaufacturer. Professional Xo Brandy Bottle Supplier, Sales In High Quality&amp;Cheap Price\" \/>\n<meta name=\"robots\" content=\"index, follow, max-snippet:-1, max-image-preview:large, max-video-preview:-1\" \/>\n<link rel=\"canonical\" href=\"https:\/\/ruishengglassco.com\/tr\/urun\/rs058-toptan-i\u0307cki\u0307-si\u0307sesi\u0307-750ml-700ml-500ml\" \/>\n<meta property=\"og:locale\" content=\"tr_TR\" \/>\n<meta property=\"og:type\" content=\"article\" \/>\n<meta property=\"og:title\" content=\"Spirit Bottles Bulk | XO Brandy Bottle Supplier\" \/>\n<meta property=\"og:description\" content=\"Buy Spirit Bottles Bulk From China Glass Bottle Mnaufacturer. Professional Xo Brandy Bottle Supplier, Sales In High Quality&amp;Cheap Price\" \/>\n<meta property=\"og:url\" content=\"https:\/\/ruishengglassco.com\/tr\/urun\/rs058-toptan-i\u0307cki\u0307-si\u0307sesi\u0307-750ml-700ml-500ml\" \/>\n<meta property=\"article:publisher\" content=\"https:\/\/www.facebook.com\/ruishengglassbottles\" \/>\n<meta property=\"article:modified_time\" content=\"2025-07-17T00:39:10+00:00\" \/>\n<meta property=\"og:image\" content=\"https:\/\/ruishengglassco.com\/wp-content\/uploads\/2025\/03\/RS058-Wholesale-Spirit-Bottle-750ml-700ml-500ml.webp\" \/>\n\t<meta property=\"og:image:width\" content=\"800\" \/>\n\t<meta property=\"og:image:height\" content=\"800\" \/>\n\t<meta property=\"og:image:type\" content=\"image\/webp\" \/>\n<meta name=\"twitter:card\" content=\"summary_large_image\" \/>\n<meta name=\"twitter:label1\" content=\"Tahmini okuma s\u00fcresi\" \/>\n\t<meta name=\"twitter:data1\" content=\"2 dakika\" \/>\n<script type=\"application\/ld+json\" class=\"yoast-schema-graph\">{\"@context\":\"https:\/\/schema.org\",\"@graph\":[{\"@type\":\"WebPage\",\"@id\":\"https:\/\/ruishengglassco.com\/product\/rs058-spirit-bottle-750ml-700ml-500ml\",\"url\":\"https:\/\/ruishengglassco.com\/product\/rs058-spirit-bottle-750ml-700ml-500ml\",\"name\":\"Spirit Bottles Bulk | XO Brandy Bottle Supplier\",\"isPartOf\":{\"@id\":\"https:\/\/ruishengglassco.com\/#website\"},\"datePublished\":\"2025-03-15T03:38:33+00:00\",\"dateModified\":\"2025-07-17T00:39:10+00:00\",\"description\":\"Buy Spirit Bottles Bulk From China Glass Bottle Mnaufacturer. Professional Xo Brandy Bottle Supplier, Sales In High Quality&Cheap Price\",\"breadcrumb\":{\"@id\":\"https:\/\/ruishengglassco.com\/product\/rs058-spirit-bottle-750ml-700ml-500ml#breadcrumb\"},\"inLanguage\":\"tr\",\"potentialAction\":[{\"@type\":\"ReadAction\",\"target\":[\"https:\/\/ruishengglassco.com\/product\/rs058-spirit-bottle-750ml-700ml-500ml\"]}]},{\"@type\":\"BreadcrumbList\",\"@id\":\"https:\/\/ruishengglassco.com\/product\/rs058-spirit-bottle-750ml-700ml-500ml#breadcrumb\",\"itemListElement\":[{\"@type\":\"ListItem\",\"position\":1,\"name\":\"Home\",\"item\":\"https:\/\/ruishengglassco.com\/\"},{\"@type\":\"ListItem\",\"position\":2,\"name\":\"Products\",\"item\":\"https:\/\/ruishengglassco.com\/products\"},{\"@type\":\"ListItem\",\"position\":3,\"name\":\"RS058: Spirit Bottle 750ml 700ml 500ml\"}]},{\"@type\":\"WebSite\",\"@id\":\"https:\/\/ruishengglassco.com\/#website\",\"url\":\"https:\/\/ruishengglassco.com\/\",\"name\":\"Ruisheng Glass\",\"description\":\"\",\"publisher\":{\"@id\":\"https:\/\/ruishengglassco.com\/#organization\"},\"potentialAction\":[{\"@type\":\"SearchAction\",\"target\":{\"@type\":\"EntryPoint\",\"urlTemplate\":\"https:\/\/ruishengglassco.com\/?s={search_term_string}\"},\"query-input\":\"required name=search_term_string\"}],\"inLanguage\":\"tr\"},{\"@type\":\"Organization\",\"@id\":\"https:\/\/ruishengglassco.com\/#organization\",\"name\":\"Shandong Yuncheng Ruisheng Glass Co., Ltd\",\"url\":\"https:\/\/ruishengglassco.com\/\",\"logo\":{\"@type\":\"ImageObject\",\"inLanguage\":\"tr\",\"@id\":\"https:\/\/ruishengglassco.com\/#\/schema\/logo\/image\/\",\"url\":\"https:\/\/ruishengglassco.com\/wp-content\/uploads\/2023\/09\/ruisheng_logo_icon.webp\",\"contentUrl\":\"https:\/\/ruishengglassco.com\/wp-content\/uploads\/2023\/09\/ruisheng_logo_icon.webp\",\"width\":400,\"height\":233,\"caption\":\"Shandong Yuncheng Ruisheng Glass Co., Ltd\"},\"image\":{\"@id\":\"https:\/\/ruishengglassco.com\/#\/schema\/logo\/image\/\"},\"sameAs\":[\"https:\/\/www.facebook.com\/ruishengglassbottles\",\"https:\/\/www.instagram.com\/Ruishengglassbottlewholesales\/\",\"https:\/\/www.youtube.com\/channel\/UCMmbMNGwsL-XrtjfSFLCdVQ\"]}]}<\/script>\n<!-- \/ Yoast SEO plugin. -->","yoast_head_json":{"title":"Spirit Bottles Bulk | XO Brandy Bottle Supplier","description":"Buy Spirit Bottles Bulk From China Glass Bottle Mnaufacturer. Professional Xo Brandy Bottle Supplier, Sales In High Quality&Cheap Price","robots":{"index":"index","follow":"follow","max-snippet":"max-snippet:-1","max-image-preview":"max-image-preview:large","max-video-preview":"max-video-preview:-1"},"canonical":"https:\/\/ruishengglassco.com\/tr\/urun\/rs058-toptan-i\u0307cki\u0307-si\u0307sesi\u0307-750ml-700ml-500ml","og_locale":"tr_TR","og_type":"article","og_title":"Spirit Bottles Bulk | XO Brandy Bottle Supplier","og_description":"Buy Spirit Bottles Bulk From China Glass Bottle Mnaufacturer. Professional Xo Brandy Bottle Supplier, Sales In High Quality&Cheap Price","og_url":"https:\/\/ruishengglassco.com\/tr\/urun\/rs058-toptan-i\u0307cki\u0307-si\u0307sesi\u0307-750ml-700ml-500ml","article_publisher":"https:\/\/www.facebook.com\/ruishengglassbottles","article_modified_time":"2025-07-17T00:39:10+00:00","og_image":[{"width":800,"height":800,"url":"https:\/\/ruishengglassco.com\/wp-content\/uploads\/2025\/03\/RS058-Wholesale-Spirit-Bottle-750ml-700ml-500ml.webp","type":"image\/webp"}],"twitter_card":"summary_large_image","twitter_misc":{"Tahmini okuma s\u00fcresi":"2 dakika"},"schema":{"@context":"https:\/\/schema.org","@graph":[{"@type":"WebPage","@id":"https:\/\/ruishengglassco.com\/product\/rs058-spirit-bottle-750ml-700ml-500ml","url":"https:\/\/ruishengglassco.com\/product\/rs058-spirit-bottle-750ml-700ml-500ml","name":"Spirit Bottles Bulk | XO Brandy Bottle Supplier","isPartOf":{"@id":"https:\/\/ruishengglassco.com\/#website"},"datePublished":"2025-03-15T03:38:33+00:00","dateModified":"2025-07-17T00:39:10+00:00","description":"Buy Spirit Bottles Bulk From China Glass Bottle Mnaufacturer. Professional Xo Brandy Bottle Supplier, Sales In High Quality&Cheap Price","breadcrumb":{"@id":"https:\/\/ruishengglassco.com\/product\/rs058-spirit-bottle-750ml-700ml-500ml#breadcrumb"},"inLanguage":"tr","potentialAction":[{"@type":"ReadAction","target":["https:\/\/ruishengglassco.com\/product\/rs058-spirit-bottle-750ml-700ml-500ml"]}]},{"@type":"BreadcrumbList","@id":"https:\/\/ruishengglassco.com\/product\/rs058-spirit-bottle-750ml-700ml-500ml#breadcrumb","itemListElement":[{"@type":"ListItem","position":1,"name":"Home","item":"https:\/\/ruishengglassco.com\/"},{"@type":"ListItem","position":2,"name":"Products","item":"https:\/\/ruishengglassco.com\/products"},{"@type":"ListItem","position":3,"name":"RS058: Spirit Bottle 750ml 700ml 500ml"}]},{"@type":"WebSite","@id":"https:\/\/ruishengglassco.com\/#website","url":"https:\/\/ruishengglassco.com\/","name":"Ruisheng Glass","description":"","publisher":{"@id":"https:\/\/ruishengglassco.com\/#organization"},"potentialAction":[{"@type":"SearchAction","target":{"@type":"EntryPoint","urlTemplate":"https:\/\/ruishengglassco.com\/?s={search_term_string}"},"query-input":"required name=search_term_string"}],"inLanguage":"tr"},{"@type":"Organization","@id":"https:\/\/ruishengglassco.com\/#organization","name":"Shandong Yuncheng Ruisheng Glass Co., Ltd","url":"https:\/\/ruishengglassco.com\/","logo":{"@type":"ImageObject","inLanguage":"tr","@id":"https:\/\/ruishengglassco.com\/#\/schema\/logo\/image\/","url":"https:\/\/ruishengglassco.com\/wp-content\/uploads\/2023\/09\/ruisheng_logo_icon.webp","contentUrl":"https:\/\/ruishengglassco.com\/wp-content\/uploads\/2023\/09\/ruisheng_logo_icon.webp","width":400,"height":233,"caption":"Shandong Yuncheng Ruisheng Glass Co., Ltd"},"image":{"@id":"https:\/\/ruishengglassco.com\/#\/schema\/logo\/image\/"},"sameAs":["https:\/\/www.facebook.com\/ruishengglassbottles","https:\/\/www.instagram.com\/Ruishengglassbottlewholesales\/","https:\/\/www.youtube.com\/channel\/UCMmbMNGwsL-XrtjfSFLCdVQ"]}]}},"_links":{"self":[{"href":"https:\/\/ruishengglassco.com\/tr\/wp-json\/wp\/v2\/product\/4280","targetHints":{"allow":["GET"]}}],"collection":[{"href":"https:\/\/ruishengglassco.com\/tr\/wp-json\/wp\/v2\/product"}],"about":[{"href":"https:\/\/ruishengglassco.com\/tr\/wp-json\/wp\/v2\/types\/product"}],"replies":[{"embeddable":true,"href":"https:\/\/ruishengglassco.com\/tr\/wp-json\/wp\/v2\/comments?post=4280"}],"wp:featuredmedia":[{"embeddable":true,"href":"https:\/\/ruishengglassco.com\/tr\/wp-json\/wp\/v2\/media\/4281"}],"wp:attachment":[{"href":"https:\/\/ruishengglassco.com\/tr\/wp-json\/wp\/v2\/media?parent=4280"}],"wp:term":[{"taxonomy":"product_cat","embeddable":true,"href":"https:\/\/ruishengglassco.com\/tr\/wp-json\/wp\/v2\/product_cat?post=4280"}],"curies":[{"name":"wp","href":"https:\/\/api.w.org\/{rel}","templated":true}]}}