{"id":4278,"date":"2025-03-15T11:35:25","date_gmt":"2025-03-15T03:35:25","guid":{"rendered":"https:\/\/ruishengglassco.com\/?post_type=product&#038;p=4278"},"modified":"2025-09-11T15:56:21","modified_gmt":"2025-09-11T07:56:21","slug":"rs059-cam-sise-nereden-alinir-500ml-cam-sise","status":"publish","type":"product","link":"https:\/\/ruishengglassco.com\/tr\/urun\/rs059-cam-sise-nereden-alinir-500ml-cam-sise","title":{"rendered":"RS059: Cam \u015ei\u015feler Nereden Al\u0131n\u0131r 500ml Cam \u015ei\u015fe"},"content":{"rendered":"<p>500ml cam \u015fi\u015fe sat\u0131n almak i\u00e7in bir yer mi ar\u0131yorsunuz? Ruisheng, \u00c7in'deki en b\u00fcy\u00fck cam \u015fi\u015fe \u00fcreticilerinden biridir. Size sadece 500ml lik\u00f6r cam \u015fi\u015feleri de\u011fil, ayn\u0131 zamanda sizin i\u00e7in \u00f6zel cam \u015fi\u015feler de sa\u011flayabiliriz. Cam votka \u015fi\u015feleri, brendi \u015fi\u015feleri, XO \u015fi\u015feleri ve di\u011fer benzer uygulamalar i\u00e7in kullan\u0131labilir.<\/p>\n<p>Her zaman \u00f6nce kalite ilkesine ba\u011fl\u0131y\u0131z ve \u00e7al\u0131\u015fanlar\u0131m\u0131z i\u015flerinde asla gev\u015feklik g\u00f6stermezler. Bu nedenle, bo\u015f cam \u015fi\u015felerimiz olduk\u00e7a ra\u011fbet g\u00f6rmektedir. Cam \u015fi\u015felerimizin kalitesinden emin olmak i\u00e7in \u00fcr\u00fcnlerimiz s\u0131k\u0131 kalite testlerine tabi tutulmakta ve \u00fclkenizde kullanabilmeniz i\u00e7in g\u00fcvenli bir \u015fekilde paketlenmektedir.<\/p>\n<p>Sat\u0131l\u0131k cam \u015fi\u015felerimizin her biri paketlenmeden \u00f6nce s\u0131k\u0131 bir denetimden ge\u00e7erek kalitemizden emin olmam\u0131z\u0131 sa\u011flar.<\/p>\n<p>\u00d6nemli olan m\u00fc\u015fterilere kar\u015f\u0131 tutumumuzdur; m\u00fc\u015fterilerin sorular\u0131n\u0131 sab\u0131rla yan\u0131tlayaca\u011f\u0131z.<\/p>\n<p>M\u00fc\u015fterilerimizin \u015feffaf cam \u015fi\u015felerimizi anlad\u0131\u011f\u0131ndan ve m\u00fc\u015fterinin her ihtiyac\u0131n\u0131 bildi\u011fimizden emin olmak istiyoruz. Fabrikam\u0131z\u0131n bu kadar \u00e7ok eski m\u00fc\u015fteriye sahip olmas\u0131n\u0131n nedeni vicdanl\u0131 tutumumuzdur.<\/p>\n<p>Cam \u015fi\u015fe ebat ve \u00e7e\u015fitlerimizin yukar\u0131da detayl\u0131 olarak listelendi\u011fi web sitemizi de ziyaret edebilirsiniz. En be\u011fendi\u011finiz cam \u015fi\u015feyi se\u00e7ebilirsiniz.<\/p>\n<h2>Cam \u015ei\u015feler Nereden Al\u0131n\u0131r 500ml Cam \u015ei\u015fe<\/h2>\n<p>Cam \u015fi\u015fe ile ilgili bilgiler a\u015fa\u011f\u0131daki gibidir:<\/p>\n<ul>\n<li>Ana malzeme: y\u00fcksek \u00e7akmakta\u015f\u0131 cam<\/li>\n<li>Kapak: Mantar<\/li>\n<li>Referans: RS059<\/li>\n<li>ADEDI: 10000 ADET<\/li>\n<li>Kapasite: \u00d6zel<\/li>\n<li>Adet\/Ctn: 24 adet<\/li>\n<li>Yerin k\u00f6keni: Shandong, \u00c7in<\/li>\n<li>\u00d6zellik: \u00c7evre dostu<\/li>\n<\/ul>\n<p>Ayr\u0131ca, \u00f6zel gereksinimlerinizi kar\u015f\u0131lamak i\u00e7in sat\u0131l\u0131k bu bo\u015f \u015fi\u015felerin rengini ve kapasitesini \u00f6zelle\u015ftirebiliriz. Bu t\u00fcr cam ispirto \u015fi\u015felerini sevmiyorsan\u0131z, sorun de\u011fil. Size katalo\u011fumuzu sa\u011flayabilirim ve size uygun olan\u0131 se\u00e7ebilirsiniz.<\/p>\n<p>Uzun vadeli bir i\u015fbirli\u011fimiz olaca\u011f\u0131na inan\u0131yorum \u00e7\u00fcnk\u00fc kalitemiz beklentilerinizi s\u00fcrekli olarak kar\u015f\u0131layacakt\u0131r. Personelimiz, sorular\u0131n\u0131z\u0131 hem \u00e7evrimi\u00e7i hem de telefonla g\u00fcn\u00fcn 24 saati yan\u0131tlamaya haz\u0131rd\u0131r.<\/p>\n<p>Uzun vadeli i\u015fbirli\u011fi g\u00fcvene dayan\u0131r. Umar\u0131m \u00fcr\u00fcnlerimize g\u00fcvenebilirsiniz; \u00fcr\u00fcnlerimizin kalitesi kesinlikle iyidir.<\/p>\n<p>Herhangi bir sorunuz varsa, l\u00fctfen istedi\u011finiz zaman benimle ileti\u015fime ge\u00e7mekten \u00e7ekinmeyin. Yan\u0131tlamaktan mutluluk duyaca\u011f\u0131z.<\/p>","protected":false},"excerpt":{"rendered":"<table class=\"tg\">\n<tbody>\n<tr>\n<th class=\"tg-24i8\" colspan=\"2\">Cam \u015fi\u015fe nereden al\u0131n\u0131r 500ml cam \u015fi\u015fe<\/th>\n<\/tr>\n<tr>\n<td class=\"tg-b7b8\">Referans:<\/td>\n<td class=\"tg-b7b8\">RS059<\/td>\n<\/tr>\n<tr>\n<td class=\"tg-yw4l\">Ana malzeme:<\/td>\n<td class=\"tg-yw4l\">Y\u00fcksek \u00e7akmakta\u015f\u0131 cam (bu malzeme kristal beyaz cam olarak da adland\u0131r\u0131l\u0131r)<\/td>\n<\/tr>\n<tr>\n<td class=\"tg-b7b8\">Kaptan:<\/td>\n<td class=\"tg-b7b8\">Mantar<\/td>\n<\/tr>\n<tr>\n<td class=\"tg-yw4l\">Kapasite:<\/td>\n<td class=\"tg-yw4l\">\u00d6zel<\/td>\n<\/tr>\n<tr>\n<td class=\"tg-b7b8\">\u00d6zellik:<\/td>\n<td class=\"tg-b7b8\">\u00c7evre dostu<\/td>\n<\/tr>\n<tr>\n<td class=\"tg-yw4l\">ADEDI:<\/td>\n<td class=\"tg-yw4l\">10000 ADET<\/td>\n<\/tr>\n<tr>\n<td class=\"tg-b7b8\">Paketleme \u015eekli:<\/td>\n<td class=\"tg-b7b8\">\u0130hracat standart karton \/ Palet \/ ihracat standart karton ve palet<\/td>\n<\/tr>\n<tr>\n<td class=\"tg-yw4l\">OEM\/ODM:<\/td>\n<td class=\"tg-yw4l\">Ho\u015f geldiniz<\/td>\n<\/tr>\n<tr>\n<td class=\"tg-b7b8\">Yerin k\u00f6keni:<\/td>\n<td class=\"tg-b7b8\">Shandong, \u00c7in<\/td>\n<\/tr>\n<tr>\n<td class=\"tg-yw4l\">Adet\/Ktn:<\/td>\n<td class=\"tg-yw4l\">24 adet veya m\u00fc\u015fteri taleplerine g\u00f6re<\/td>\n<\/tr>\n<\/tbody>\n<\/table>","protected":false},"featured_media":4279,"comment_status":"closed","ping_status":"closed","template":"","meta":[],"product_cat":[41,52],"class_list":{"0":"post-4278","1":"product","2":"type-product","3":"status-publish","4":"has-post-thumbnail","6":"product_cat-500ml-liquor-bottle-manufacturer","7":"product_cat-vodka-bottle","9":"first","10":"instock","11":"shipping-taxable","12":"product-type-simple"},"yoast_head":"<!-- This site is optimized with the Yoast SEO plugin v22.0 - https:\/\/yoast.com\/wordpress\/plugins\/seo\/ -->\n<title>Where To Buy Glass Bottles 500ml Glass Bottle-Ruisheng<\/title>\n<meta name=\"description\" content=\"Are you searching for a place where to buy glass bottles 500ml glass bottle? Ruisheng Wholesale 500ml glass bottles in factory outlet price.\" \/>\n<meta name=\"robots\" content=\"index, follow, max-snippet:-1, max-image-preview:large, max-video-preview:-1\" \/>\n<link rel=\"canonical\" href=\"https:\/\/ruishengglassco.com\/tr\/urun\/rs059-cam-sise-nereden-alinir-500ml-cam-sise\" \/>\n<meta property=\"og:locale\" content=\"tr_TR\" \/>\n<meta property=\"og:type\" content=\"article\" \/>\n<meta property=\"og:title\" content=\"Where To Buy Glass Bottles 500ml Glass Bottle-Ruisheng\" \/>\n<meta property=\"og:description\" content=\"Are you searching for a place where to buy glass bottles 500ml glass bottle? Ruisheng Wholesale 500ml glass bottles in factory outlet price.\" \/>\n<meta property=\"og:url\" content=\"https:\/\/ruishengglassco.com\/tr\/urun\/rs059-cam-sise-nereden-alinir-500ml-cam-sise\" \/>\n<meta property=\"article:publisher\" content=\"https:\/\/www.facebook.com\/ruishengglassbottles\" \/>\n<meta property=\"article:modified_time\" content=\"2025-09-11T07:56:21+00:00\" \/>\n<meta property=\"og:image\" content=\"https:\/\/ruishengglassco.com\/wp-content\/uploads\/2025\/03\/RS059-Where-to-buy-glass-bottles-500ml-glass-bottle.webp\" \/>\n\t<meta property=\"og:image:width\" content=\"800\" \/>\n\t<meta property=\"og:image:height\" content=\"800\" \/>\n\t<meta property=\"og:image:type\" content=\"image\/webp\" \/>\n<meta name=\"twitter:card\" content=\"summary_large_image\" \/>\n<meta name=\"twitter:label1\" content=\"Tahmini okuma s\u00fcresi\" \/>\n\t<meta name=\"twitter:data1\" content=\"2 dakika\" \/>\n<script type=\"application\/ld+json\" class=\"yoast-schema-graph\">{\"@context\":\"https:\/\/schema.org\",\"@graph\":[{\"@type\":\"WebPage\",\"@id\":\"https:\/\/ruishengglassco.com\/product\/rs059-where-to-buy-glass-bottles-500ml-glass-bottle\",\"url\":\"https:\/\/ruishengglassco.com\/product\/rs059-where-to-buy-glass-bottles-500ml-glass-bottle\",\"name\":\"Where To Buy Glass Bottles 500ml Glass Bottle-Ruisheng\",\"isPartOf\":{\"@id\":\"https:\/\/ruishengglassco.com\/#website\"},\"datePublished\":\"2025-03-15T03:35:25+00:00\",\"dateModified\":\"2025-09-11T07:56:21+00:00\",\"description\":\"Are you searching for a place where to buy glass bottles 500ml glass bottle? Ruisheng Wholesale 500ml glass bottles in factory outlet price.\",\"breadcrumb\":{\"@id\":\"https:\/\/ruishengglassco.com\/product\/rs059-where-to-buy-glass-bottles-500ml-glass-bottle#breadcrumb\"},\"inLanguage\":\"tr\",\"potentialAction\":[{\"@type\":\"ReadAction\",\"target\":[\"https:\/\/ruishengglassco.com\/product\/rs059-where-to-buy-glass-bottles-500ml-glass-bottle\"]}]},{\"@type\":\"BreadcrumbList\",\"@id\":\"https:\/\/ruishengglassco.com\/product\/rs059-where-to-buy-glass-bottles-500ml-glass-bottle#breadcrumb\",\"itemListElement\":[{\"@type\":\"ListItem\",\"position\":1,\"name\":\"Home\",\"item\":\"https:\/\/ruishengglassco.com\/\"},{\"@type\":\"ListItem\",\"position\":2,\"name\":\"Products\",\"item\":\"https:\/\/ruishengglassco.com\/products\"},{\"@type\":\"ListItem\",\"position\":3,\"name\":\"RS059: Where To Buy Glass Bottles 500ml Glass Bottle\"}]},{\"@type\":\"WebSite\",\"@id\":\"https:\/\/ruishengglassco.com\/#website\",\"url\":\"https:\/\/ruishengglassco.com\/\",\"name\":\"Ruisheng Glass\",\"description\":\"\",\"publisher\":{\"@id\":\"https:\/\/ruishengglassco.com\/#organization\"},\"potentialAction\":[{\"@type\":\"SearchAction\",\"target\":{\"@type\":\"EntryPoint\",\"urlTemplate\":\"https:\/\/ruishengglassco.com\/?s={search_term_string}\"},\"query-input\":\"required name=search_term_string\"}],\"inLanguage\":\"tr\"},{\"@type\":\"Organization\",\"@id\":\"https:\/\/ruishengglassco.com\/#organization\",\"name\":\"Shandong Yuncheng Ruisheng Glass Co., Ltd\",\"url\":\"https:\/\/ruishengglassco.com\/\",\"logo\":{\"@type\":\"ImageObject\",\"inLanguage\":\"tr\",\"@id\":\"https:\/\/ruishengglassco.com\/#\/schema\/logo\/image\/\",\"url\":\"https:\/\/ruishengglassco.com\/wp-content\/uploads\/2023\/09\/ruisheng_logo_icon.webp\",\"contentUrl\":\"https:\/\/ruishengglassco.com\/wp-content\/uploads\/2023\/09\/ruisheng_logo_icon.webp\",\"width\":400,\"height\":233,\"caption\":\"Shandong Yuncheng Ruisheng Glass Co., Ltd\"},\"image\":{\"@id\":\"https:\/\/ruishengglassco.com\/#\/schema\/logo\/image\/\"},\"sameAs\":[\"https:\/\/www.facebook.com\/ruishengglassbottles\",\"https:\/\/www.instagram.com\/Ruishengglassbottlewholesales\/\",\"https:\/\/www.youtube.com\/channel\/UCMmbMNGwsL-XrtjfSFLCdVQ\"]}]}<\/script>\n<!-- \/ Yoast SEO plugin. -->","yoast_head_json":{"title":"Where To Buy Glass Bottles 500ml Glass Bottle-Ruisheng","description":"Are you searching for a place where to buy glass bottles 500ml glass bottle? Ruisheng Wholesale 500ml glass bottles in factory outlet price.","robots":{"index":"index","follow":"follow","max-snippet":"max-snippet:-1","max-image-preview":"max-image-preview:large","max-video-preview":"max-video-preview:-1"},"canonical":"https:\/\/ruishengglassco.com\/tr\/urun\/rs059-cam-sise-nereden-alinir-500ml-cam-sise","og_locale":"tr_TR","og_type":"article","og_title":"Where To Buy Glass Bottles 500ml Glass Bottle-Ruisheng","og_description":"Are you searching for a place where to buy glass bottles 500ml glass bottle? Ruisheng Wholesale 500ml glass bottles in factory outlet price.","og_url":"https:\/\/ruishengglassco.com\/tr\/urun\/rs059-cam-sise-nereden-alinir-500ml-cam-sise","article_publisher":"https:\/\/www.facebook.com\/ruishengglassbottles","article_modified_time":"2025-09-11T07:56:21+00:00","og_image":[{"width":800,"height":800,"url":"https:\/\/ruishengglassco.com\/wp-content\/uploads\/2025\/03\/RS059-Where-to-buy-glass-bottles-500ml-glass-bottle.webp","type":"image\/webp"}],"twitter_card":"summary_large_image","twitter_misc":{"Tahmini okuma s\u00fcresi":"2 dakika"},"schema":{"@context":"https:\/\/schema.org","@graph":[{"@type":"WebPage","@id":"https:\/\/ruishengglassco.com\/product\/rs059-where-to-buy-glass-bottles-500ml-glass-bottle","url":"https:\/\/ruishengglassco.com\/product\/rs059-where-to-buy-glass-bottles-500ml-glass-bottle","name":"Where To Buy Glass Bottles 500ml Glass Bottle-Ruisheng","isPartOf":{"@id":"https:\/\/ruishengglassco.com\/#website"},"datePublished":"2025-03-15T03:35:25+00:00","dateModified":"2025-09-11T07:56:21+00:00","description":"Are you searching for a place where to buy glass bottles 500ml glass bottle? Ruisheng Wholesale 500ml glass bottles in factory outlet price.","breadcrumb":{"@id":"https:\/\/ruishengglassco.com\/product\/rs059-where-to-buy-glass-bottles-500ml-glass-bottle#breadcrumb"},"inLanguage":"tr","potentialAction":[{"@type":"ReadAction","target":["https:\/\/ruishengglassco.com\/product\/rs059-where-to-buy-glass-bottles-500ml-glass-bottle"]}]},{"@type":"BreadcrumbList","@id":"https:\/\/ruishengglassco.com\/product\/rs059-where-to-buy-glass-bottles-500ml-glass-bottle#breadcrumb","itemListElement":[{"@type":"ListItem","position":1,"name":"Home","item":"https:\/\/ruishengglassco.com\/"},{"@type":"ListItem","position":2,"name":"Products","item":"https:\/\/ruishengglassco.com\/products"},{"@type":"ListItem","position":3,"name":"RS059: Where To Buy Glass Bottles 500ml Glass Bottle"}]},{"@type":"WebSite","@id":"https:\/\/ruishengglassco.com\/#website","url":"https:\/\/ruishengglassco.com\/","name":"Ruisheng Glass","description":"","publisher":{"@id":"https:\/\/ruishengglassco.com\/#organization"},"potentialAction":[{"@type":"SearchAction","target":{"@type":"EntryPoint","urlTemplate":"https:\/\/ruishengglassco.com\/?s={search_term_string}"},"query-input":"required name=search_term_string"}],"inLanguage":"tr"},{"@type":"Organization","@id":"https:\/\/ruishengglassco.com\/#organization","name":"Shandong Yuncheng Ruisheng Glass Co., Ltd","url":"https:\/\/ruishengglassco.com\/","logo":{"@type":"ImageObject","inLanguage":"tr","@id":"https:\/\/ruishengglassco.com\/#\/schema\/logo\/image\/","url":"https:\/\/ruishengglassco.com\/wp-content\/uploads\/2023\/09\/ruisheng_logo_icon.webp","contentUrl":"https:\/\/ruishengglassco.com\/wp-content\/uploads\/2023\/09\/ruisheng_logo_icon.webp","width":400,"height":233,"caption":"Shandong Yuncheng Ruisheng Glass Co., Ltd"},"image":{"@id":"https:\/\/ruishengglassco.com\/#\/schema\/logo\/image\/"},"sameAs":["https:\/\/www.facebook.com\/ruishengglassbottles","https:\/\/www.instagram.com\/Ruishengglassbottlewholesales\/","https:\/\/www.youtube.com\/channel\/UCMmbMNGwsL-XrtjfSFLCdVQ"]}]}},"_links":{"self":[{"href":"https:\/\/ruishengglassco.com\/tr\/wp-json\/wp\/v2\/product\/4278","targetHints":{"allow":["GET"]}}],"collection":[{"href":"https:\/\/ruishengglassco.com\/tr\/wp-json\/wp\/v2\/product"}],"about":[{"href":"https:\/\/ruishengglassco.com\/tr\/wp-json\/wp\/v2\/types\/product"}],"replies":[{"embeddable":true,"href":"https:\/\/ruishengglassco.com\/tr\/wp-json\/wp\/v2\/comments?post=4278"}],"wp:featuredmedia":[{"embeddable":true,"href":"https:\/\/ruishengglassco.com\/tr\/wp-json\/wp\/v2\/media\/4279"}],"wp:attachment":[{"href":"https:\/\/ruishengglassco.com\/tr\/wp-json\/wp\/v2\/media?parent=4278"}],"wp:term":[{"taxonomy":"product_cat","embeddable":true,"href":"https:\/\/ruishengglassco.com\/tr\/wp-json\/wp\/v2\/product_cat?post=4278"}],"curies":[{"name":"wp","href":"https:\/\/api.w.org\/{rel}","templated":true}]}}