{"id":4272,"date":"2025-03-15T11:27:32","date_gmt":"2025-03-15T03:27:32","guid":{"rendered":"https:\/\/ruishengglassco.com\/?post_type=product&#038;p=4272"},"modified":"2025-03-26T14:53:49","modified_gmt":"2025-03-26T06:53:49","slug":"rs062-1-litrelik-cam-votka-siseleri-toptan-mantarlari-ile","status":"publish","type":"product","link":"https:\/\/ruishengglassco.com\/tr\/urun\/rs062-1-litrelik-cam-votka-siseleri-toptan-mantarlari-ile","title":{"rendered":"RS062: 1 Litrelik Mantarl\u0131 Cam Votka \u015ei\u015fesi \u00dcreticileri"},"content":{"rendered":"<p>\u00c7in'in en b\u00fcy\u00fck votka \u015fi\u015feleri tedarik\u00e7ilerinden biri olan Ruisheng, bu B\u00fcy\u00fck \u015ei\u015fe Votka Toptan Sat\u0131\u015f Fiyat\u0131n\u0131 sa\u011fl\u0131yor. Mantarl\u0131 bu 1000 ml'lik cam \u015fi\u015fe, b\u00fcy\u00fck votka \u015fi\u015felerinden biridir.<\/p>\n<p>Konyak \u015fi\u015feleri, rom \u015fi\u015feleri, votka \u015fi\u015feleri, viski \u015fi\u015feleri, cin \u015fi\u015feleri ve \u015farap \u015fi\u015feleri gibi \u00e7ok \u00e7e\u015fitli 1000ml cam \u015fi\u015feler sunuyoruz. 50ml'den 3000ml'ye, normal \u015fekilden \u00f6zelle\u015ftirilmi\u015f \u015fekle, \u00e7akmakta\u015f\u0131 renginden siyah renge kadar t\u00fcm \u015fekil, boyut ve renk aral\u0131klar\u0131nda mevcuttur. Fabrikam\u0131zda 12 \u00fcretim hatt\u0131 bulunmaktad\u0131r, bu da piyasada kaliteli \u00fcr\u00fcn \u00fcretimini sa\u011flayabildi\u011fimizden emin olmam\u0131z\u0131 sa\u011flar.<\/p>\n<p>B\u00fcy\u00fck votka \u015fi\u015fesi y\u00fcksek \u00e7akmakta\u015f\u0131 cam \u015fi\u015fedir. Genellikle votka tutmak i\u00e7indir, ancak viski, brendi ve di\u011fer s\u0131v\u0131lar\u0131 tutmak i\u00e7in de kullanabilirsiniz. Bu e\u015fsiz votka \u015fi\u015felerimiz, geli\u015fmi\u015f cam \u015fi\u015fe yapma makinesi - IS makinesi taraf\u0131ndan yap\u0131lm\u0131\u015ft\u0131r. Bu makine tam otomatiktir, \u00e7ok fazla insana ihtiya\u00e7 duymaz.<\/p>\n<p>Bu \u015fi\u015feler i\u00e7in 250ml, 375ml, 500ml, 700ml ve benzeri gibi bir\u00e7ok benzer toptan cam \u015fi\u015fe vard\u0131r. Bu cam \u015fi\u015fe kapa\u011f\u0131 mantard\u0131r. Farkl\u0131 boyutlar, farkl\u0131 malzemeler, farkl\u0131 renkler i\u00e7in mantar sunuyoruz. \u0130stedi\u011finiz herhangi bir mantar\u0131 sunabiliriz. 83mm.<\/p>\n<h2>Bu B\u00fcy\u00fck \u015ei\u015fe Votka \u00dcreticisi Fiyat\u0131n\u0131n Detaylar\u0131<\/h2>\n<p>Bu 1000 ml'lik mantarl\u0131 cam \u015fi\u015fe, y\u00fcksek \u00e7akmakta\u015f\u0131 cam \/ kristal beyaz cam malzemeden yap\u0131lm\u0131\u015ft\u0131r. Cam a\u011f\u0131rl\u0131\u011f\u0131 850 gr'd\u0131r ve bu votka \u015fi\u015fesi kal\u0131n tabanl\u0131d\u0131r, bu da cam \u015fi\u015feyi y\u00fcksek kalitede yapar. Bu b\u00fcy\u00fck votka \u015fi\u015fesinin boyutu 90 x 283 mm'dir. D\u0131\u015f a\u011f\u0131z \u00e7ap\u0131 34,5 mm ve i\u00e7 a\u011f\u0131z \u00e7ap\u0131 21,2 mm'dir. Bu en iyi votka \u015fi\u015fesi 22.5mm T-mantar i\u00e7in uygundur. Ve mantar istedi\u011finiz herhangi biri olabilir.<\/p>\n<p>Fabrikam\u0131zda 10'dan fazla QC \u00e7al\u0131\u015fan\u0131 ve tasar\u0131mc\u0131 bulunmaktad\u0131r. Ayr\u0131ca OEM sipari\u015fini de memnuniyetle kar\u015f\u0131l\u0131yoruz. \u0130stedi\u011finiz \u015fi\u015fe ne olursa olsun, bize s\u00f6yleyebilirsiniz, daha sonra taleplerinize g\u00f6re \u00e7izip yapaca\u011f\u0131z.<\/p>\n<p>&nbsp;<\/p>","protected":false},"excerpt":{"rendered":"<table class=\"tg\">\n<tbody>\n<tr>\n<th class=\"tg-hjji\" colspan=\"2\">B\u00fcy\u00fck \u015ei\u015fe Votka Toptan Sat\u0131\u015f Fiyat\u0131<\/th>\n<\/tr>\n<tr>\n<td class=\"tg-b7b8\">Kapasite<\/td>\n<td class=\"tg-b7b8\">1000ml 1,5L<\/td>\n<\/tr>\n<tr>\n<td class=\"tg-yw4l\">Malzeme<\/td>\n<td class=\"tg-yw4l\">S\u00fcper \u00e7akmakta\u015f\u0131 cam malzemesi, Y\u00fcksek \u00e7akmakta\u015f\u0131 cam malzemesi<\/td>\n<\/tr>\n<tr>\n<td class=\"tg-b7b8\">S\u0131zd\u0131rmazl\u0131k Tipi<\/td>\n<td class=\"tg-b7b8\">Mantar, guala kapak, vidal\u0131 kapak<\/td>\n<\/tr>\n<tr>\n<td class=\"tg-yw4l\">Y\u00fczey<\/td>\n<td class=\"tg-yw4l\">Don, \u00e7\u0131kartma, boyama, s\u0131cak damgalama, kabartma, bask\u0131, gloden, serigrafi<\/td>\n<\/tr>\n<tr>\n<td class=\"tg-b7b8\">\u00d6rnek<\/td>\n<td class=\"tg-b7b8\">Mevcut kal\u0131b\u0131m\u0131z\u0131 kullanarak \u00fccretsiz<\/td>\n<\/tr>\n<tr>\n<td class=\"tg-yw4l\">Teslim s\u00fcresi<\/td>\n<td class=\"tg-yw4l\">Kitlesel \u00fcr\u00fcnler i\u00e7in 20-30 g\u00fcn<\/td>\n<\/tr>\n<tr>\n<td class=\"tg-b7b8\">Liman<\/td>\n<td class=\"tg-b7b8\">Qingdao, \u00c7in<\/td>\n<\/tr>\n<tr>\n<td class=\"tg-yw4l\">\u00d6deme<\/td>\n<td class=\"tg-yw4l\">T \/ T, Paypal, Trande g\u00fcvencesi<\/td>\n<\/tr>\n<\/tbody>\n<\/table>","protected":false},"featured_media":4273,"comment_status":"closed","ping_status":"closed","template":"","meta":[],"product_cat":[43,52],"class_list":{"0":"post-4272","1":"product","2":"type-product","3":"status-publish","4":"has-post-thumbnail","6":"product_cat-1000ml-liquor-bottle-manufacturer","7":"product_cat-vodka-bottle","9":"first","10":"instock","11":"shipping-taxable","12":"product-type-simple"},"yoast_head":"<!-- This site is optimized with the Yoast SEO plugin v22.0 - https:\/\/yoast.com\/wordpress\/plugins\/seo\/ -->\n<title>Big Bottle of Vodka Manufacturers Price|1 liter Glass Bottle With Corks<\/title>\n<meta name=\"description\" content=\"Big Bottle of Vodka Factory Price. 100% quality assurance.Also provide 1000ml glass bottle wholesale for brandy, rum , vodka, whiksey, gin and wine ect.\" \/>\n<meta name=\"robots\" content=\"index, follow, max-snippet:-1, max-image-preview:large, max-video-preview:-1\" \/>\n<link rel=\"canonical\" href=\"https:\/\/ruishengglassco.com\/tr\/urun\/rs062-1-litrelik-cam-votka-siseleri-toptan-mantarlari-ile\" \/>\n<meta property=\"og:locale\" content=\"tr_TR\" \/>\n<meta property=\"og:type\" content=\"article\" \/>\n<meta property=\"og:title\" content=\"Big Bottle of Vodka Manufacturers Price|1 liter Glass Bottle With Corks\" \/>\n<meta property=\"og:description\" content=\"Big Bottle of Vodka Factory Price. 100% quality assurance.Also provide 1000ml glass bottle wholesale for brandy, rum , vodka, whiksey, gin and wine ect.\" \/>\n<meta property=\"og:url\" content=\"https:\/\/ruishengglassco.com\/tr\/urun\/rs062-1-litrelik-cam-votka-siseleri-toptan-mantarlari-ile\" \/>\n<meta property=\"article:publisher\" content=\"https:\/\/www.facebook.com\/ruishengglassbottles\" \/>\n<meta property=\"article:modified_time\" content=\"2025-03-26T06:53:49+00:00\" \/>\n<meta property=\"og:image\" content=\"https:\/\/ruishengglassco.com\/wp-content\/uploads\/2025\/03\/RS062-1-Liter-Glass-Vodka-Bottles-Wholesale-With-Corks.webp\" \/>\n\t<meta property=\"og:image:width\" content=\"800\" \/>\n\t<meta property=\"og:image:height\" content=\"800\" \/>\n\t<meta property=\"og:image:type\" content=\"image\/webp\" \/>\n<meta name=\"twitter:card\" content=\"summary_large_image\" \/>\n<meta name=\"twitter:label1\" content=\"Tahmini okuma s\u00fcresi\" \/>\n\t<meta name=\"twitter:data1\" content=\"2 dakika\" \/>\n<script type=\"application\/ld+json\" class=\"yoast-schema-graph\">{\"@context\":\"https:\/\/schema.org\",\"@graph\":[{\"@type\":\"WebPage\",\"@id\":\"https:\/\/ruishengglassco.com\/product\/rs062-1-liter-glass-vodka-bottles-manufacturers-with-corks\",\"url\":\"https:\/\/ruishengglassco.com\/product\/rs062-1-liter-glass-vodka-bottles-manufacturers-with-corks\",\"name\":\"Big Bottle of Vodka Manufacturers Price|1 liter Glass Bottle With Corks\",\"isPartOf\":{\"@id\":\"https:\/\/ruishengglassco.com\/#website\"},\"datePublished\":\"2025-03-15T03:27:32+00:00\",\"dateModified\":\"2025-03-26T06:53:49+00:00\",\"description\":\"Big Bottle of Vodka Factory Price. 100% quality assurance.Also provide 1000ml glass bottle wholesale for brandy, rum , vodka, whiksey, gin and wine ect.\",\"breadcrumb\":{\"@id\":\"https:\/\/ruishengglassco.com\/product\/rs062-1-liter-glass-vodka-bottles-manufacturers-with-corks#breadcrumb\"},\"inLanguage\":\"tr\",\"potentialAction\":[{\"@type\":\"ReadAction\",\"target\":[\"https:\/\/ruishengglassco.com\/product\/rs062-1-liter-glass-vodka-bottles-manufacturers-with-corks\"]}]},{\"@type\":\"BreadcrumbList\",\"@id\":\"https:\/\/ruishengglassco.com\/product\/rs062-1-liter-glass-vodka-bottles-manufacturers-with-corks#breadcrumb\",\"itemListElement\":[{\"@type\":\"ListItem\",\"position\":1,\"name\":\"Home\",\"item\":\"https:\/\/ruishengglassco.com\/\"},{\"@type\":\"ListItem\",\"position\":2,\"name\":\"Products\",\"item\":\"https:\/\/ruishengglassco.com\/products\"},{\"@type\":\"ListItem\",\"position\":3,\"name\":\"RS062: 1 Liter Glass Vodka Bottles Manufacturers With Corks\"}]},{\"@type\":\"WebSite\",\"@id\":\"https:\/\/ruishengglassco.com\/#website\",\"url\":\"https:\/\/ruishengglassco.com\/\",\"name\":\"Ruisheng Glass\",\"description\":\"\",\"publisher\":{\"@id\":\"https:\/\/ruishengglassco.com\/#organization\"},\"potentialAction\":[{\"@type\":\"SearchAction\",\"target\":{\"@type\":\"EntryPoint\",\"urlTemplate\":\"https:\/\/ruishengglassco.com\/?s={search_term_string}\"},\"query-input\":\"required name=search_term_string\"}],\"inLanguage\":\"tr\"},{\"@type\":\"Organization\",\"@id\":\"https:\/\/ruishengglassco.com\/#organization\",\"name\":\"Shandong Yuncheng Ruisheng Glass Co., Ltd\",\"url\":\"https:\/\/ruishengglassco.com\/\",\"logo\":{\"@type\":\"ImageObject\",\"inLanguage\":\"tr\",\"@id\":\"https:\/\/ruishengglassco.com\/#\/schema\/logo\/image\/\",\"url\":\"https:\/\/ruishengglassco.com\/wp-content\/uploads\/2023\/09\/ruisheng_logo_icon.webp\",\"contentUrl\":\"https:\/\/ruishengglassco.com\/wp-content\/uploads\/2023\/09\/ruisheng_logo_icon.webp\",\"width\":400,\"height\":233,\"caption\":\"Shandong Yuncheng Ruisheng Glass Co., Ltd\"},\"image\":{\"@id\":\"https:\/\/ruishengglassco.com\/#\/schema\/logo\/image\/\"},\"sameAs\":[\"https:\/\/www.facebook.com\/ruishengglassbottles\",\"https:\/\/www.instagram.com\/Ruishengglassbottlewholesales\/\",\"https:\/\/www.youtube.com\/channel\/UCMmbMNGwsL-XrtjfSFLCdVQ\"]}]}<\/script>\n<!-- \/ Yoast SEO plugin. -->","yoast_head_json":{"title":"Big Bottle of Vodka Manufacturers Price|1 liter Glass Bottle With Corks","description":"Big Bottle of Vodka Factory Price. 100% quality assurance.Also provide 1000ml glass bottle wholesale for brandy, rum , vodka, whiksey, gin and wine ect.","robots":{"index":"index","follow":"follow","max-snippet":"max-snippet:-1","max-image-preview":"max-image-preview:large","max-video-preview":"max-video-preview:-1"},"canonical":"https:\/\/ruishengglassco.com\/tr\/urun\/rs062-1-litrelik-cam-votka-siseleri-toptan-mantarlari-ile","og_locale":"tr_TR","og_type":"article","og_title":"Big Bottle of Vodka Manufacturers Price|1 liter Glass Bottle With Corks","og_description":"Big Bottle of Vodka Factory Price. 100% quality assurance.Also provide 1000ml glass bottle wholesale for brandy, rum , vodka, whiksey, gin and wine ect.","og_url":"https:\/\/ruishengglassco.com\/tr\/urun\/rs062-1-litrelik-cam-votka-siseleri-toptan-mantarlari-ile","article_publisher":"https:\/\/www.facebook.com\/ruishengglassbottles","article_modified_time":"2025-03-26T06:53:49+00:00","og_image":[{"width":800,"height":800,"url":"https:\/\/ruishengglassco.com\/wp-content\/uploads\/2025\/03\/RS062-1-Liter-Glass-Vodka-Bottles-Wholesale-With-Corks.webp","type":"image\/webp"}],"twitter_card":"summary_large_image","twitter_misc":{"Tahmini okuma s\u00fcresi":"2 dakika"},"schema":{"@context":"https:\/\/schema.org","@graph":[{"@type":"WebPage","@id":"https:\/\/ruishengglassco.com\/product\/rs062-1-liter-glass-vodka-bottles-manufacturers-with-corks","url":"https:\/\/ruishengglassco.com\/product\/rs062-1-liter-glass-vodka-bottles-manufacturers-with-corks","name":"Big Bottle of Vodka Manufacturers Price|1 liter Glass Bottle With Corks","isPartOf":{"@id":"https:\/\/ruishengglassco.com\/#website"},"datePublished":"2025-03-15T03:27:32+00:00","dateModified":"2025-03-26T06:53:49+00:00","description":"Big Bottle of Vodka Factory Price. 100% quality assurance.Also provide 1000ml glass bottle wholesale for brandy, rum , vodka, whiksey, gin and wine ect.","breadcrumb":{"@id":"https:\/\/ruishengglassco.com\/product\/rs062-1-liter-glass-vodka-bottles-manufacturers-with-corks#breadcrumb"},"inLanguage":"tr","potentialAction":[{"@type":"ReadAction","target":["https:\/\/ruishengglassco.com\/product\/rs062-1-liter-glass-vodka-bottles-manufacturers-with-corks"]}]},{"@type":"BreadcrumbList","@id":"https:\/\/ruishengglassco.com\/product\/rs062-1-liter-glass-vodka-bottles-manufacturers-with-corks#breadcrumb","itemListElement":[{"@type":"ListItem","position":1,"name":"Home","item":"https:\/\/ruishengglassco.com\/"},{"@type":"ListItem","position":2,"name":"Products","item":"https:\/\/ruishengglassco.com\/products"},{"@type":"ListItem","position":3,"name":"RS062: 1 Liter Glass Vodka Bottles Manufacturers With Corks"}]},{"@type":"WebSite","@id":"https:\/\/ruishengglassco.com\/#website","url":"https:\/\/ruishengglassco.com\/","name":"Ruisheng Glass","description":"","publisher":{"@id":"https:\/\/ruishengglassco.com\/#organization"},"potentialAction":[{"@type":"SearchAction","target":{"@type":"EntryPoint","urlTemplate":"https:\/\/ruishengglassco.com\/?s={search_term_string}"},"query-input":"required name=search_term_string"}],"inLanguage":"tr"},{"@type":"Organization","@id":"https:\/\/ruishengglassco.com\/#organization","name":"Shandong Yuncheng Ruisheng Glass Co., Ltd","url":"https:\/\/ruishengglassco.com\/","logo":{"@type":"ImageObject","inLanguage":"tr","@id":"https:\/\/ruishengglassco.com\/#\/schema\/logo\/image\/","url":"https:\/\/ruishengglassco.com\/wp-content\/uploads\/2023\/09\/ruisheng_logo_icon.webp","contentUrl":"https:\/\/ruishengglassco.com\/wp-content\/uploads\/2023\/09\/ruisheng_logo_icon.webp","width":400,"height":233,"caption":"Shandong Yuncheng Ruisheng Glass Co., Ltd"},"image":{"@id":"https:\/\/ruishengglassco.com\/#\/schema\/logo\/image\/"},"sameAs":["https:\/\/www.facebook.com\/ruishengglassbottles","https:\/\/www.instagram.com\/Ruishengglassbottlewholesales\/","https:\/\/www.youtube.com\/channel\/UCMmbMNGwsL-XrtjfSFLCdVQ"]}]}},"_links":{"self":[{"href":"https:\/\/ruishengglassco.com\/tr\/wp-json\/wp\/v2\/product\/4272","targetHints":{"allow":["GET"]}}],"collection":[{"href":"https:\/\/ruishengglassco.com\/tr\/wp-json\/wp\/v2\/product"}],"about":[{"href":"https:\/\/ruishengglassco.com\/tr\/wp-json\/wp\/v2\/types\/product"}],"replies":[{"embeddable":true,"href":"https:\/\/ruishengglassco.com\/tr\/wp-json\/wp\/v2\/comments?post=4272"}],"wp:featuredmedia":[{"embeddable":true,"href":"https:\/\/ruishengglassco.com\/tr\/wp-json\/wp\/v2\/media\/4273"}],"wp:attachment":[{"href":"https:\/\/ruishengglassco.com\/tr\/wp-json\/wp\/v2\/media?parent=4272"}],"wp:term":[{"taxonomy":"product_cat","embeddable":true,"href":"https:\/\/ruishengglassco.com\/tr\/wp-json\/wp\/v2\/product_cat?post=4272"}],"curies":[{"name":"wp","href":"https:\/\/api.w.org\/{rel}","templated":true}]}}