{"id":4270,"date":"2025-03-15T11:25:02","date_gmt":"2025-03-15T03:25:02","guid":{"rendered":"https:\/\/ruishengglassco.com\/?post_type=product&#038;p=4270"},"modified":"2025-09-11T16:28:10","modified_gmt":"2025-09-11T08:28:10","slug":"rs064-700ml-siradisi-cam-ispirto-siseleri-toplu-fiyat","status":"publish","type":"product","link":"https:\/\/ruishengglassco.com\/tr\/urun\/rs064-700ml-siradisi-cam-ispirto-siseleri-toplu-fiyat","title":{"rendered":"RS064: 700ml S\u0131rad\u0131\u015f\u0131 Cam \u0130spirto \u015ei\u015feleri Toplu Fiyat"},"content":{"rendered":"<p>Bu 700 ml'lik s\u0131ra d\u0131\u015f\u0131 cam ispirto \u015fi\u015fesi \u00f6zel bir cam \u015fi\u015fedir. \u015eekli votka \u015fi\u015fesi, brendi \u015fi\u015fesi veya di\u011fer i\u00e7ecek \u015fi\u015feleri gibi yayg\u0131n bir \u015fekil de\u011fildir. Bu cam \u015fi\u015feler \u015f\u00f6yle g\u00f6r\u00fcn\u00fcr <span id=\"result_box\" class=\"short_text\" lang=\"en\" tabindex=\"-1\"><span class=\"\">Bir parma\u011f\u0131n\u0131 uzatan bir yumruk. Ve cam \u015fi\u015felerin \u00fczerinde kalp \u015feklinde bir oda var. <\/span><\/span><\/p>\n<p>Bu 700 ml'lik s\u0131rad\u0131\u015f\u0131 cam ispirto \u015fi\u015feleri \u00e7akmakta\u015f\u0131 cam \u015fi\u015felerdir. \u0130htiyac\u0131n\u0131z olursa bu cam \u015fi\u015fe \u00fczerine ye\u015fil, siyah, alt\u0131n ve benzeri herhangi bir renk boyanabilir. Cam lik\u00f6r \u015fi\u015felerinin \u00fczerinde yuvarlak bir b\u00f6lge var, logonuzu ka\u011f\u0131t logosu ne olursa olsun, ayn\u0131 zamanda plastik logo, metal logo ve di\u011ferleri de koyabiliriz.<\/p>\n<p>Lik\u00f6r cam \u015fi\u015felerimiz geli\u015fmi\u015f makine - 8S tam otomatik makinelerden yap\u0131lmaktad\u0131r. Her makinede 4 \u00fcretim hatt\u0131 vard\u0131r ve 2 adet 8S tam otomatik makinemiz ve 1 adet 6S yar\u0131 otomatik makinemiz bulunmaktad\u0131r. Yani fabrikam\u0131zda 12 \u00fcretim hatt\u0131 var ve \u00fcretimimiz g\u00fcnde 120.000 adet \u015fi\u015fe. Sipari\u015finiz k\u00fc\u00e7\u00fck veya b\u00fcy\u00fck olursa olsun, bunlar\u0131 da bitirebilir ve zaman\u0131nda size g\u00f6nderebiliriz.<\/p>\n<p>Bu cam \u015fi\u015felerimizin kapak kaplamas\u0131 guala kapakt\u0131r. Guala kapa\u011f\u0131 hakk\u0131nda, plastik guala kapa\u011f\u0131 ve al\u00fcminyum oksit guala kapa\u011f\u0131 sunabiliriz.<\/p>\n<h2>Bu 700ml'lik S\u0131rad\u0131\u015f\u0131 Cam \u0130spirto \u015ei\u015felerinin Paketleme \u015eekli<\/h2>\n<p>Bu 700 ml'lik benzersiz cam \u015fi\u015fe \u00e7ok s\u0131ra d\u0131\u015f\u0131 oldu\u011fundan ve boynu \u00e7ok logolu oldu\u011fundan. Karton ambalaj kullanmak daha iyidir. Karton be\u015f katmanl\u0131 oluklu karton veya di\u011fer sunta olabilir. Genellikle ambalaj\u0131m\u0131z olarak, karton ba\u015f\u0131na yakla\u015f\u0131k 24 adet \u015fi\u015fe veya karton ba\u015f\u0131na 20 adet vard\u0131r. Ve \u00f6zel ambalaj kullan\u0131rsak, bunlar\u0131 karton ba\u015f\u0131na 6 adet yapabiliriz. Cam \u015fi\u015feleri b\u00f6lmek ve nakliye s\u0131ras\u0131nda k\u0131r\u0131lma oran\u0131n\u0131 azaltmak i\u00e7in kartonu kartona koyard\u0131k.<\/p>\n<p>Cam ispirto \u015fi\u015feleri toplu fiyat\u0131n\u0131 \u00f6\u011frenmek istiyorsan\u0131z, l\u00fctfen web sitemizdeki ileti\u015fim yoluyla bizimle ileti\u015fime ge\u00e7in. Size en k\u0131sa s\u00fcrede cevap verece\u011fiz.<\/p>\n<p>&nbsp;<\/p>","protected":false},"excerpt":{"rendered":"<table class=\"tg\">\n<tbody>\n<tr>\n<th class=\"tg-24i8\" colspan=\"2\">700ml S\u0131rad\u0131\u015f\u0131 Cam \u0130spirto \u015ei\u015feleri Toplu Fiyat<\/th>\n<\/tr>\n<tr>\n<td class=\"tg-b7b8\">Referans:<\/td>\n<td class=\"tg-b7b8\">RS064<\/td>\n<\/tr>\n<tr>\n<td class=\"tg-yw4l\">Ana malzeme:<\/td>\n<td class=\"tg-yw4l\">Y\u00fcksek Flint Cam<\/td>\n<\/tr>\n<tr>\n<td class=\"tg-b7b8\">Kaptan:<\/td>\n<td class=\"tg-b7b8\">Mantar<\/td>\n<\/tr>\n<tr>\n<td class=\"tg-yw4l\">Kapasite:<\/td>\n<td class=\"tg-yw4l\">700ml<\/td>\n<\/tr>\n<tr>\n<td class=\"tg-b7b8\">\u00d6zellik:<\/td>\n<td class=\"tg-b7b8\">\u00c7evre dostu<\/td>\n<\/tr>\n<tr>\n<td class=\"tg-yw4l\">ADEDI:<\/td>\n<td class=\"tg-yw4l\">10000 ADET<\/td>\n<\/tr>\n<tr>\n<td class=\"tg-b7b8\">Paketleme \u015eekli:<\/td>\n<td class=\"tg-b7b8\">\u0130hracat standart karton \/ Palet \/ ihracat standart karton ve palet<\/td>\n<\/tr>\n<tr>\n<td class=\"tg-yw4l\">OEM\/ODM:<\/td>\n<td class=\"tg-yw4l\">Ho\u015f geldiniz<\/td>\n<\/tr>\n<tr>\n<td class=\"tg-b7b8\">Yerin k\u00f6keni:<\/td>\n<td class=\"tg-b7b8\">Shandong, \u00c7in<\/td>\n<\/tr>\n<tr>\n<td class=\"tg-yw4l\">Adet\/Ktn:<\/td>\n<td class=\"tg-yw4l\">24 adet \/ 20 adet<\/td>\n<\/tr>\n<\/tbody>\n<\/table>","protected":false},"featured_media":4271,"comment_status":"closed","ping_status":"closed","template":"","meta":[],"product_cat":[44],"class_list":{"0":"post-4270","1":"product","2":"type-product","3":"status-publish","4":"has-post-thumbnail","6":"product_cat-700ml-liquor-bottle-manufacturer","8":"first","9":"instock","10":"shipping-taxable","11":"product-type-simple"},"yoast_head":"<!-- This site is optimized with the Yoast SEO plugin v22.0 - https:\/\/yoast.com\/wordpress\/plugins\/seo\/ -->\n<title>700ml Unusual Spirit Bottles Bulk | Custom Unique Glass Bottle Company<\/title>\n<meta name=\"description\" content=\"Ruisheng(RS), a professional glass bottle production company, provide 700ml unusual spirit bottles bulk&amp;custom unique glass bottle service.\" \/>\n<meta name=\"robots\" content=\"index, follow, max-snippet:-1, max-image-preview:large, max-video-preview:-1\" \/>\n<link rel=\"canonical\" href=\"https:\/\/ruishengglassco.com\/tr\/urun\/rs064-700ml-siradisi-cam-ispirto-siseleri-toplu-fiyat\" \/>\n<meta property=\"og:locale\" content=\"tr_TR\" \/>\n<meta property=\"og:type\" content=\"article\" \/>\n<meta property=\"og:title\" content=\"700ml Unusual Spirit Bottles Bulk | Custom Unique Glass Bottle Company\" \/>\n<meta property=\"og:description\" content=\"Ruisheng(RS), a professional glass bottle production company, provide 700ml unusual spirit bottles bulk&amp;custom unique glass bottle service.\" \/>\n<meta property=\"og:url\" content=\"https:\/\/ruishengglassco.com\/tr\/urun\/rs064-700ml-siradisi-cam-ispirto-siseleri-toplu-fiyat\" \/>\n<meta property=\"article:publisher\" content=\"https:\/\/www.facebook.com\/ruishengglassbottles\" \/>\n<meta property=\"article:modified_time\" content=\"2025-09-11T08:28:10+00:00\" \/>\n<meta property=\"og:image\" content=\"https:\/\/ruishengglassco.com\/wp-content\/uploads\/2025\/03\/RS064-700ml-Unusual-Glass-Spirit-Bottles-Bulk-Price.webp\" \/>\n\t<meta property=\"og:image:width\" content=\"800\" \/>\n\t<meta property=\"og:image:height\" content=\"800\" \/>\n\t<meta property=\"og:image:type\" content=\"image\/webp\" \/>\n<meta name=\"twitter:card\" content=\"summary_large_image\" \/>\n<meta name=\"twitter:label1\" content=\"Tahmini okuma s\u00fcresi\" \/>\n\t<meta name=\"twitter:data1\" content=\"2 dakika\" \/>\n<script type=\"application\/ld+json\" class=\"yoast-schema-graph\">{\"@context\":\"https:\/\/schema.org\",\"@graph\":[{\"@type\":\"WebPage\",\"@id\":\"https:\/\/ruishengglassco.com\/product\/rs064-700ml-unusual-glass-spirit-bottles-bulk-price\",\"url\":\"https:\/\/ruishengglassco.com\/product\/rs064-700ml-unusual-glass-spirit-bottles-bulk-price\",\"name\":\"700ml Unusual Spirit Bottles Bulk | Custom Unique Glass Bottle Company\",\"isPartOf\":{\"@id\":\"https:\/\/ruishengglassco.com\/#website\"},\"datePublished\":\"2025-03-15T03:25:02+00:00\",\"dateModified\":\"2025-09-11T08:28:10+00:00\",\"description\":\"Ruisheng(RS), a professional glass bottle production company, provide 700ml unusual spirit bottles bulk&custom unique glass bottle service.\",\"breadcrumb\":{\"@id\":\"https:\/\/ruishengglassco.com\/product\/rs064-700ml-unusual-glass-spirit-bottles-bulk-price#breadcrumb\"},\"inLanguage\":\"tr\",\"potentialAction\":[{\"@type\":\"ReadAction\",\"target\":[\"https:\/\/ruishengglassco.com\/product\/rs064-700ml-unusual-glass-spirit-bottles-bulk-price\"]}]},{\"@type\":\"BreadcrumbList\",\"@id\":\"https:\/\/ruishengglassco.com\/product\/rs064-700ml-unusual-glass-spirit-bottles-bulk-price#breadcrumb\",\"itemListElement\":[{\"@type\":\"ListItem\",\"position\":1,\"name\":\"Home\",\"item\":\"https:\/\/ruishengglassco.com\/\"},{\"@type\":\"ListItem\",\"position\":2,\"name\":\"Products\",\"item\":\"https:\/\/ruishengglassco.com\/products\"},{\"@type\":\"ListItem\",\"position\":3,\"name\":\"RS064: 700ml Unusual Glass Spirit Bottles Bulk Price\"}]},{\"@type\":\"WebSite\",\"@id\":\"https:\/\/ruishengglassco.com\/#website\",\"url\":\"https:\/\/ruishengglassco.com\/\",\"name\":\"Ruisheng Glass\",\"description\":\"\",\"publisher\":{\"@id\":\"https:\/\/ruishengglassco.com\/#organization\"},\"potentialAction\":[{\"@type\":\"SearchAction\",\"target\":{\"@type\":\"EntryPoint\",\"urlTemplate\":\"https:\/\/ruishengglassco.com\/?s={search_term_string}\"},\"query-input\":\"required name=search_term_string\"}],\"inLanguage\":\"tr\"},{\"@type\":\"Organization\",\"@id\":\"https:\/\/ruishengglassco.com\/#organization\",\"name\":\"Shandong Yuncheng Ruisheng Glass Co., Ltd\",\"url\":\"https:\/\/ruishengglassco.com\/\",\"logo\":{\"@type\":\"ImageObject\",\"inLanguage\":\"tr\",\"@id\":\"https:\/\/ruishengglassco.com\/#\/schema\/logo\/image\/\",\"url\":\"https:\/\/ruishengglassco.com\/wp-content\/uploads\/2023\/09\/ruisheng_logo_icon.webp\",\"contentUrl\":\"https:\/\/ruishengglassco.com\/wp-content\/uploads\/2023\/09\/ruisheng_logo_icon.webp\",\"width\":400,\"height\":233,\"caption\":\"Shandong Yuncheng Ruisheng Glass Co., Ltd\"},\"image\":{\"@id\":\"https:\/\/ruishengglassco.com\/#\/schema\/logo\/image\/\"},\"sameAs\":[\"https:\/\/www.facebook.com\/ruishengglassbottles\",\"https:\/\/www.instagram.com\/Ruishengglassbottlewholesales\/\",\"https:\/\/www.youtube.com\/channel\/UCMmbMNGwsL-XrtjfSFLCdVQ\"]}]}<\/script>\n<!-- \/ Yoast SEO plugin. -->","yoast_head_json":{"title":"700ml Unusual Spirit Bottles Bulk | Custom Unique Glass Bottle Company","description":"Ruisheng(RS), a professional glass bottle production company, provide 700ml unusual spirit bottles bulk&custom unique glass bottle service.","robots":{"index":"index","follow":"follow","max-snippet":"max-snippet:-1","max-image-preview":"max-image-preview:large","max-video-preview":"max-video-preview:-1"},"canonical":"https:\/\/ruishengglassco.com\/tr\/urun\/rs064-700ml-siradisi-cam-ispirto-siseleri-toplu-fiyat","og_locale":"tr_TR","og_type":"article","og_title":"700ml Unusual Spirit Bottles Bulk | Custom Unique Glass Bottle Company","og_description":"Ruisheng(RS), a professional glass bottle production company, provide 700ml unusual spirit bottles bulk&custom unique glass bottle service.","og_url":"https:\/\/ruishengglassco.com\/tr\/urun\/rs064-700ml-siradisi-cam-ispirto-siseleri-toplu-fiyat","article_publisher":"https:\/\/www.facebook.com\/ruishengglassbottles","article_modified_time":"2025-09-11T08:28:10+00:00","og_image":[{"width":800,"height":800,"url":"https:\/\/ruishengglassco.com\/wp-content\/uploads\/2025\/03\/RS064-700ml-Unusual-Glass-Spirit-Bottles-Bulk-Price.webp","type":"image\/webp"}],"twitter_card":"summary_large_image","twitter_misc":{"Tahmini okuma s\u00fcresi":"2 dakika"},"schema":{"@context":"https:\/\/schema.org","@graph":[{"@type":"WebPage","@id":"https:\/\/ruishengglassco.com\/product\/rs064-700ml-unusual-glass-spirit-bottles-bulk-price","url":"https:\/\/ruishengglassco.com\/product\/rs064-700ml-unusual-glass-spirit-bottles-bulk-price","name":"700ml Unusual Spirit Bottles Bulk | Custom Unique Glass Bottle Company","isPartOf":{"@id":"https:\/\/ruishengglassco.com\/#website"},"datePublished":"2025-03-15T03:25:02+00:00","dateModified":"2025-09-11T08:28:10+00:00","description":"Ruisheng(RS), a professional glass bottle production company, provide 700ml unusual spirit bottles bulk&custom unique glass bottle service.","breadcrumb":{"@id":"https:\/\/ruishengglassco.com\/product\/rs064-700ml-unusual-glass-spirit-bottles-bulk-price#breadcrumb"},"inLanguage":"tr","potentialAction":[{"@type":"ReadAction","target":["https:\/\/ruishengglassco.com\/product\/rs064-700ml-unusual-glass-spirit-bottles-bulk-price"]}]},{"@type":"BreadcrumbList","@id":"https:\/\/ruishengglassco.com\/product\/rs064-700ml-unusual-glass-spirit-bottles-bulk-price#breadcrumb","itemListElement":[{"@type":"ListItem","position":1,"name":"Home","item":"https:\/\/ruishengglassco.com\/"},{"@type":"ListItem","position":2,"name":"Products","item":"https:\/\/ruishengglassco.com\/products"},{"@type":"ListItem","position":3,"name":"RS064: 700ml Unusual Glass Spirit Bottles Bulk Price"}]},{"@type":"WebSite","@id":"https:\/\/ruishengglassco.com\/#website","url":"https:\/\/ruishengglassco.com\/","name":"Ruisheng Glass","description":"","publisher":{"@id":"https:\/\/ruishengglassco.com\/#organization"},"potentialAction":[{"@type":"SearchAction","target":{"@type":"EntryPoint","urlTemplate":"https:\/\/ruishengglassco.com\/?s={search_term_string}"},"query-input":"required name=search_term_string"}],"inLanguage":"tr"},{"@type":"Organization","@id":"https:\/\/ruishengglassco.com\/#organization","name":"Shandong Yuncheng Ruisheng Glass Co., Ltd","url":"https:\/\/ruishengglassco.com\/","logo":{"@type":"ImageObject","inLanguage":"tr","@id":"https:\/\/ruishengglassco.com\/#\/schema\/logo\/image\/","url":"https:\/\/ruishengglassco.com\/wp-content\/uploads\/2023\/09\/ruisheng_logo_icon.webp","contentUrl":"https:\/\/ruishengglassco.com\/wp-content\/uploads\/2023\/09\/ruisheng_logo_icon.webp","width":400,"height":233,"caption":"Shandong Yuncheng Ruisheng Glass Co., Ltd"},"image":{"@id":"https:\/\/ruishengglassco.com\/#\/schema\/logo\/image\/"},"sameAs":["https:\/\/www.facebook.com\/ruishengglassbottles","https:\/\/www.instagram.com\/Ruishengglassbottlewholesales\/","https:\/\/www.youtube.com\/channel\/UCMmbMNGwsL-XrtjfSFLCdVQ"]}]}},"_links":{"self":[{"href":"https:\/\/ruishengglassco.com\/tr\/wp-json\/wp\/v2\/product\/4270","targetHints":{"allow":["GET"]}}],"collection":[{"href":"https:\/\/ruishengglassco.com\/tr\/wp-json\/wp\/v2\/product"}],"about":[{"href":"https:\/\/ruishengglassco.com\/tr\/wp-json\/wp\/v2\/types\/product"}],"replies":[{"embeddable":true,"href":"https:\/\/ruishengglassco.com\/tr\/wp-json\/wp\/v2\/comments?post=4270"}],"wp:featuredmedia":[{"embeddable":true,"href":"https:\/\/ruishengglassco.com\/tr\/wp-json\/wp\/v2\/media\/4271"}],"wp:attachment":[{"href":"https:\/\/ruishengglassco.com\/tr\/wp-json\/wp\/v2\/media?parent=4270"}],"wp:term":[{"taxonomy":"product_cat","embeddable":true,"href":"https:\/\/ruishengglassco.com\/tr\/wp-json\/wp\/v2\/product_cat?post=4270"}],"curies":[{"name":"wp","href":"https:\/\/api.w.org\/{rel}","templated":true}]}}