{"id":4268,"date":"2025-03-15T11:21:24","date_gmt":"2025-03-15T03:21:24","guid":{"rendered":"https:\/\/ruishengglassco.com\/?post_type=product&#038;p=4268"},"modified":"2025-09-11T16:22:36","modified_gmt":"2025-09-11T08:22:36","slug":"700ml-bos-cam-siseler-dokme","status":"publish","type":"product","link":"https:\/\/ruishengglassco.com\/tr\/urun\/700ml-bos-cam-siseler-dokme","title":{"rendered":"700ml Bo\u015f Cam \u015ei\u015feler D\u00f6kme"},"content":{"rendered":"<p>En b\u00fcy\u00fck 70cl Cam \u0130\u00e7ki \u015ei\u015feleri \u00dcreticilerinden biri olan Ruisheng, 2009 y\u0131l\u0131ndan bu yana i\u00e7ki \u015fi\u015feleri \u00fcretimine odaklanmaktad\u0131r. Bu 700 ml'lik bo\u015f lik\u00f6r \u015fi\u015feleri fabrikam\u0131zdaki s\u0131cak sat\u0131\u015f cam \u015fi\u015felerinden biridir. Bu cam ispirto \u015fi\u015fesi, kal\u0131n cam taban\u0131 ile vurgulanmaktad\u0131r. Malzemesi kristal beyaz camd\u0131r. Ve bu 700 ml'lik cam ispirto \u015fi\u015feleri \u00e7ok p\u00fcr\u00fczs\u00fcz ve dayan\u0131kl\u0131d\u0131r. Bu kat\u0131 cam \u015fi\u015fe votka, i\u00e7ecek ve di\u011fer s\u0131v\u0131lar\u0131 paketlemek i\u00e7in m\u00fckemmeldir.<\/p>\n<p>Bu 700 ml'lik cam lik\u00f6r \u015fi\u015fesi, \u00c7in'deki en b\u00fcy\u00fck s\u00fcper \u00e7akmakta\u015f\u0131 cam \u015fi\u015fe tedarik\u00e7isinden yap\u0131lm\u0131\u015ft\u0131r. Firmam\u0131z\u0131n amac\u0131 y\u00fcksek kaliteli bir cam \u015fi\u015fe yapmak ve en iyi hizmeti sunmakt\u0131r. Sizin i\u00e7in bir ad\u0131m lik\u00f6r cam \u015fi\u015fe tedarik hizmeti sunabiliriz. \u015ei\u015fe \u00e7izimi, bask\u0131 logosu, etiket dekorasyonu, kapatma kapa\u011f\u0131, renkli kutu ve di\u011ferleri gibi.<\/p>\n<h2>700ml Bo\u015f Lik\u00f6r \u015ei\u015feleri D\u00f6kme Hakk\u0131nda Bilgi<\/h2>\n<p>Bu 70cl ispirto \u015fi\u015fesinin a\u011f\u0131rl\u0131\u011f\u0131 580g'd\u0131r. Ve kristal beyaz cam malzemeden yap\u0131lm\u0131\u015ft\u0131r, a\u011f\u0131r tabanl\u0131 sat\u0131l\u0131k cam \u015fi\u015fe. M\u00fc\u015fteri \u00fcr\u00fcnlerini y\u00fcksek kalitede yapar.<\/p>\n<p>Bu 700ml cam \u015fi\u015fe toptan sat\u0131\u015f\u0131n\u0131n boyutu 62,6\u00d7340 mm'dir. \u015eeffaf \u015fi\u015fe \u00e7ap\u0131 62,6 mm ve y\u00fcksekli\u011fi 340 mm'dir. Bu 70cl lik\u00f6r \u015fi\u015fesinin s\u0131zd\u0131rmazl\u0131k tipi T mantard\u0131r. Bu mantar i\u00e7in farkl\u0131 boyutlar ve farkl\u0131 renkler sunabiliriz. Boyutu hakk\u0131nda, k\u00fc\u00e7\u00fck mantar, orta mantar, b\u00fcy\u00fck mantar ve benzeri yapabiliriz. Rengi hakk\u0131nda, alt\u0131n renkli mantar, g\u00fcm\u00fc\u015f renkli mantar, k\u0131rm\u0131z\u0131 renkli mantar ve di\u011fer \u00f6zel renkli mantar yapabiliriz.<\/p>\n<p>Bo\u015f cam \u015fi\u015felerimiz bir\u00e7ok \u00fclke ve b\u00f6lgeye sat\u0131lmaktad\u0131r. ABD, Avustralya, \u0130svi\u00e7re, Yeni Zelanda, Peru gibi. T\u00fcm d\u00fcnyada onlardan iyi bir \u00fcne sahibiz.<\/p>\n<p>Fabrikam\u0131z ayr\u0131ca OEM sipari\u015fleri sunmaktad\u0131r. Fabrikam\u0131zda 10'dan fazla tasar\u0131mc\u0131 var, \u00f6zel cam \u015fi\u015feleri \u00e7izimden nakliyeye kadar yapabiliriz.<\/p>\n<p>Bu 700ml bo\u015f lik\u00f6r \u015fi\u015felerimiz toplu olarak mevcut cam \u015fi\u015felerimizden sadece bir tanesidir, daha fazlas\u0131na ihtiyac\u0131n\u0131z varsa, bizimle ileti\u015fime ge\u00e7ebilirsiniz.<\/p>","protected":false},"excerpt":{"rendered":"<table>\n<tbody>\n<tr>\n<th colspan=\"2\">700ml Bo\u015f Cam \u015ei\u015feler D\u00f6kme<\/th>\n<\/tr>\n<tr>\n<td>Referans:<\/td>\n<td>R-042<\/td>\n<\/tr>\n<tr>\n<td>Ana malzeme:<\/td>\n<td>S\u00fcper \u00e7akmakta\u015f\u0131 cam (bu malzeme kristal beyaz cam olarak da adland\u0131r\u0131l\u0131r)<\/td>\n<\/tr>\n<tr>\n<td>Uygulama:<\/td>\n<td>Lik\u00f6r, Viski, Votka, Brendi, XO, vb.<\/td>\n<\/tr>\n<tr>\n<td>Kaptan:<\/td>\n<td>Mantar\/Karga kapa\u011f\u0131<\/td>\n<\/tr>\n<tr>\n<td>Kapasite:<\/td>\n<td>700ml<\/td>\n<\/tr>\n<tr>\n<td>\u00d6zellik:<\/td>\n<td>\u00c7evre dostu<\/td>\n<\/tr>\n<tr>\n<td>ADEDI:<\/td>\n<td>10000 ADET<\/td>\n<\/tr>\n<tr>\n<td>Paketleme \u015eekli:<\/td>\n<td>\u0130hracat standart karton \/ Palet \/ ihracat standart karton ve palet<\/td>\n<\/tr>\n<tr>\n<td>OEM\/ODM:<\/td>\n<td>Ho\u015f geldiniz<\/td>\n<\/tr>\n<tr>\n<td>Yerin k\u00f6keni:<\/td>\n<td>Shandong, \u00c7in<\/td>\n<\/tr>\n<tr>\n<td>Adet\/Ktn:<\/td>\n<td>24 adet veya m\u00fc\u015fteri taleplerine g\u00f6re<\/td>\n<\/tr>\n<\/tbody>\n<\/table>","protected":false},"featured_media":4269,"comment_status":"closed","ping_status":"closed","template":"","meta":[],"product_cat":[44],"class_list":{"0":"post-4268","1":"product","2":"type-product","3":"status-publish","4":"has-post-thumbnail","6":"product_cat-700ml-liquor-bottle-manufacturer","8":"first","9":"instock","10":"shipping-taxable","11":"product-type-simple"},"yoast_head":"<!-- This site is optimized with the Yoast SEO plugin v22.0 - https:\/\/yoast.com\/wordpress\/plugins\/seo\/ -->\n<title>Buy Empty Liquor Bottles Bulk | 70cl Glass Spirit Bottles Manufacturer<\/title>\n<meta name=\"description\" content=\"Do you want to buy empty liquor bottles bulk from China glass spirit bottles manufacturer? Factory Outlet&amp;Quality Assurance.\" \/>\n<meta name=\"robots\" content=\"index, follow, max-snippet:-1, max-image-preview:large, max-video-preview:-1\" \/>\n<link rel=\"canonical\" href=\"https:\/\/ruishengglassco.com\/tr\/urun\/700ml-bos-cam-siseler-dokme\" \/>\n<meta property=\"og:locale\" content=\"tr_TR\" \/>\n<meta property=\"og:type\" content=\"article\" \/>\n<meta property=\"og:title\" content=\"Buy Empty Liquor Bottles Bulk | 70cl Glass Spirit Bottles Manufacturer\" \/>\n<meta property=\"og:description\" content=\"Do you want to buy empty liquor bottles bulk from China glass spirit bottles manufacturer? Factory Outlet&amp;Quality Assurance.\" \/>\n<meta property=\"og:url\" content=\"https:\/\/ruishengglassco.com\/tr\/urun\/700ml-bos-cam-siseler-dokme\" \/>\n<meta property=\"article:publisher\" content=\"https:\/\/www.facebook.com\/ruishengglassbottles\" \/>\n<meta property=\"article:modified_time\" content=\"2025-09-11T08:22:36+00:00\" \/>\n<meta property=\"og:image\" content=\"https:\/\/ruishengglassco.com\/wp-content\/uploads\/2025\/03\/700ml-Empty-Glass-Bottles-Bulk.webp\" \/>\n\t<meta property=\"og:image:width\" content=\"605\" \/>\n\t<meta property=\"og:image:height\" content=\"606\" \/>\n\t<meta property=\"og:image:type\" content=\"image\/webp\" \/>\n<meta name=\"twitter:card\" content=\"summary_large_image\" \/>\n<meta name=\"twitter:label1\" content=\"Tahmini okuma s\u00fcresi\" \/>\n\t<meta name=\"twitter:data1\" content=\"2 dakika\" \/>\n<script type=\"application\/ld+json\" class=\"yoast-schema-graph\">{\"@context\":\"https:\/\/schema.org\",\"@graph\":[{\"@type\":\"WebPage\",\"@id\":\"https:\/\/ruishengglassco.com\/product\/700ml-empty-glass-bottles-bulk\",\"url\":\"https:\/\/ruishengglassco.com\/product\/700ml-empty-glass-bottles-bulk\",\"name\":\"Buy Empty Liquor Bottles Bulk | 70cl Glass Spirit Bottles Manufacturer\",\"isPartOf\":{\"@id\":\"https:\/\/ruishengglassco.com\/#website\"},\"datePublished\":\"2025-03-15T03:21:24+00:00\",\"dateModified\":\"2025-09-11T08:22:36+00:00\",\"description\":\"Do you want to buy empty liquor bottles bulk from China glass spirit bottles manufacturer? Factory Outlet&Quality Assurance.\",\"breadcrumb\":{\"@id\":\"https:\/\/ruishengglassco.com\/product\/700ml-empty-glass-bottles-bulk#breadcrumb\"},\"inLanguage\":\"tr\",\"potentialAction\":[{\"@type\":\"ReadAction\",\"target\":[\"https:\/\/ruishengglassco.com\/product\/700ml-empty-glass-bottles-bulk\"]}]},{\"@type\":\"BreadcrumbList\",\"@id\":\"https:\/\/ruishengglassco.com\/product\/700ml-empty-glass-bottles-bulk#breadcrumb\",\"itemListElement\":[{\"@type\":\"ListItem\",\"position\":1,\"name\":\"Home\",\"item\":\"https:\/\/ruishengglassco.com\/\"},{\"@type\":\"ListItem\",\"position\":2,\"name\":\"Products\",\"item\":\"https:\/\/ruishengglassco.com\/products\"},{\"@type\":\"ListItem\",\"position\":3,\"name\":\"700ml Empty Glass Bottles Bulk\"}]},{\"@type\":\"WebSite\",\"@id\":\"https:\/\/ruishengglassco.com\/#website\",\"url\":\"https:\/\/ruishengglassco.com\/\",\"name\":\"Ruisheng Glass\",\"description\":\"\",\"publisher\":{\"@id\":\"https:\/\/ruishengglassco.com\/#organization\"},\"potentialAction\":[{\"@type\":\"SearchAction\",\"target\":{\"@type\":\"EntryPoint\",\"urlTemplate\":\"https:\/\/ruishengglassco.com\/?s={search_term_string}\"},\"query-input\":\"required name=search_term_string\"}],\"inLanguage\":\"tr\"},{\"@type\":\"Organization\",\"@id\":\"https:\/\/ruishengglassco.com\/#organization\",\"name\":\"Shandong Yuncheng Ruisheng Glass Co., Ltd\",\"url\":\"https:\/\/ruishengglassco.com\/\",\"logo\":{\"@type\":\"ImageObject\",\"inLanguage\":\"tr\",\"@id\":\"https:\/\/ruishengglassco.com\/#\/schema\/logo\/image\/\",\"url\":\"https:\/\/ruishengglassco.com\/wp-content\/uploads\/2023\/09\/ruisheng_logo_icon.webp\",\"contentUrl\":\"https:\/\/ruishengglassco.com\/wp-content\/uploads\/2023\/09\/ruisheng_logo_icon.webp\",\"width\":400,\"height\":233,\"caption\":\"Shandong Yuncheng Ruisheng Glass Co., Ltd\"},\"image\":{\"@id\":\"https:\/\/ruishengglassco.com\/#\/schema\/logo\/image\/\"},\"sameAs\":[\"https:\/\/www.facebook.com\/ruishengglassbottles\",\"https:\/\/www.instagram.com\/Ruishengglassbottlewholesales\/\",\"https:\/\/www.youtube.com\/channel\/UCMmbMNGwsL-XrtjfSFLCdVQ\"]}]}<\/script>\n<!-- \/ Yoast SEO plugin. -->","yoast_head_json":{"title":"Buy Empty Liquor Bottles Bulk | 70cl Glass Spirit Bottles Manufacturer","description":"Do you want to buy empty liquor bottles bulk from China glass spirit bottles manufacturer? Factory Outlet&Quality Assurance.","robots":{"index":"index","follow":"follow","max-snippet":"max-snippet:-1","max-image-preview":"max-image-preview:large","max-video-preview":"max-video-preview:-1"},"canonical":"https:\/\/ruishengglassco.com\/tr\/urun\/700ml-bos-cam-siseler-dokme","og_locale":"tr_TR","og_type":"article","og_title":"Buy Empty Liquor Bottles Bulk | 70cl Glass Spirit Bottles Manufacturer","og_description":"Do you want to buy empty liquor bottles bulk from China glass spirit bottles manufacturer? Factory Outlet&Quality Assurance.","og_url":"https:\/\/ruishengglassco.com\/tr\/urun\/700ml-bos-cam-siseler-dokme","article_publisher":"https:\/\/www.facebook.com\/ruishengglassbottles","article_modified_time":"2025-09-11T08:22:36+00:00","og_image":[{"width":605,"height":606,"url":"https:\/\/ruishengglassco.com\/wp-content\/uploads\/2025\/03\/700ml-Empty-Glass-Bottles-Bulk.webp","type":"image\/webp"}],"twitter_card":"summary_large_image","twitter_misc":{"Tahmini okuma s\u00fcresi":"2 dakika"},"schema":{"@context":"https:\/\/schema.org","@graph":[{"@type":"WebPage","@id":"https:\/\/ruishengglassco.com\/product\/700ml-empty-glass-bottles-bulk","url":"https:\/\/ruishengglassco.com\/product\/700ml-empty-glass-bottles-bulk","name":"Buy Empty Liquor Bottles Bulk | 70cl Glass Spirit Bottles Manufacturer","isPartOf":{"@id":"https:\/\/ruishengglassco.com\/#website"},"datePublished":"2025-03-15T03:21:24+00:00","dateModified":"2025-09-11T08:22:36+00:00","description":"Do you want to buy empty liquor bottles bulk from China glass spirit bottles manufacturer? Factory Outlet&Quality Assurance.","breadcrumb":{"@id":"https:\/\/ruishengglassco.com\/product\/700ml-empty-glass-bottles-bulk#breadcrumb"},"inLanguage":"tr","potentialAction":[{"@type":"ReadAction","target":["https:\/\/ruishengglassco.com\/product\/700ml-empty-glass-bottles-bulk"]}]},{"@type":"BreadcrumbList","@id":"https:\/\/ruishengglassco.com\/product\/700ml-empty-glass-bottles-bulk#breadcrumb","itemListElement":[{"@type":"ListItem","position":1,"name":"Home","item":"https:\/\/ruishengglassco.com\/"},{"@type":"ListItem","position":2,"name":"Products","item":"https:\/\/ruishengglassco.com\/products"},{"@type":"ListItem","position":3,"name":"700ml Empty Glass Bottles Bulk"}]},{"@type":"WebSite","@id":"https:\/\/ruishengglassco.com\/#website","url":"https:\/\/ruishengglassco.com\/","name":"Ruisheng Glass","description":"","publisher":{"@id":"https:\/\/ruishengglassco.com\/#organization"},"potentialAction":[{"@type":"SearchAction","target":{"@type":"EntryPoint","urlTemplate":"https:\/\/ruishengglassco.com\/?s={search_term_string}"},"query-input":"required name=search_term_string"}],"inLanguage":"tr"},{"@type":"Organization","@id":"https:\/\/ruishengglassco.com\/#organization","name":"Shandong Yuncheng Ruisheng Glass Co., Ltd","url":"https:\/\/ruishengglassco.com\/","logo":{"@type":"ImageObject","inLanguage":"tr","@id":"https:\/\/ruishengglassco.com\/#\/schema\/logo\/image\/","url":"https:\/\/ruishengglassco.com\/wp-content\/uploads\/2023\/09\/ruisheng_logo_icon.webp","contentUrl":"https:\/\/ruishengglassco.com\/wp-content\/uploads\/2023\/09\/ruisheng_logo_icon.webp","width":400,"height":233,"caption":"Shandong Yuncheng Ruisheng Glass Co., Ltd"},"image":{"@id":"https:\/\/ruishengglassco.com\/#\/schema\/logo\/image\/"},"sameAs":["https:\/\/www.facebook.com\/ruishengglassbottles","https:\/\/www.instagram.com\/Ruishengglassbottlewholesales\/","https:\/\/www.youtube.com\/channel\/UCMmbMNGwsL-XrtjfSFLCdVQ"]}]}},"_links":{"self":[{"href":"https:\/\/ruishengglassco.com\/tr\/wp-json\/wp\/v2\/product\/4268","targetHints":{"allow":["GET"]}}],"collection":[{"href":"https:\/\/ruishengglassco.com\/tr\/wp-json\/wp\/v2\/product"}],"about":[{"href":"https:\/\/ruishengglassco.com\/tr\/wp-json\/wp\/v2\/types\/product"}],"replies":[{"embeddable":true,"href":"https:\/\/ruishengglassco.com\/tr\/wp-json\/wp\/v2\/comments?post=4268"}],"wp:featuredmedia":[{"embeddable":true,"href":"https:\/\/ruishengglassco.com\/tr\/wp-json\/wp\/v2\/media\/4269"}],"wp:attachment":[{"href":"https:\/\/ruishengglassco.com\/tr\/wp-json\/wp\/v2\/media?parent=4268"}],"wp:term":[{"taxonomy":"product_cat","embeddable":true,"href":"https:\/\/ruishengglassco.com\/tr\/wp-json\/wp\/v2\/product_cat?post=4268"}],"curies":[{"name":"wp","href":"https:\/\/api.w.org\/{rel}","templated":true}]}}