{"id":4266,"date":"2025-03-15T11:18:57","date_gmt":"2025-03-15T03:18:57","guid":{"rendered":"https:\/\/ruishengglassco.com\/?post_type=product&#038;p=4266"},"modified":"2025-03-26T14:54:07","modified_gmt":"2025-03-26T06:54:07","slug":"rs066-700ml-seffaf-siseler-toptan","status":"publish","type":"product","link":"https:\/\/ruishengglassco.com\/tr\/urun\/rs066-700ml-seffaf-siseler-toptan","title":{"rendered":"RS066: 700ml \u015eeffaf \u015ei\u015feler \u00dcreticileri"},"content":{"rendered":"<p>Bu 700 ml'lik \u015feffaf alkol \u015fi\u015feleri serisi, lik\u00f6r ambalaj\u0131 i\u00e7in \u00f6zel olarak tasarlanm\u0131\u015ft\u0131r. Bu \u015feffaf cam \u015fi\u015feler \u015farap, i\u00e7ecek, ya\u011f, meyve sirkesi ve benzeri gibi her t\u00fcrl\u00fc s\u0131v\u0131y\u0131 tutabilir.<\/p>\n<p>700ml \u015feffaf \u00f6zel cam \u015fi\u015felerimiz uzun boyunlu ve kal\u0131n diplidir. Lik\u00f6r cam \u015fi\u015felerinin \u00fczerinde yuvarlak bir daire vard\u0131r. Ka\u011f\u0131t logo, plastik logo, metal logo veya ba\u015fka bir logo olursa olsun, logonuzu oraya koyabilirsiniz.<\/p>\n<p>Firmam\u0131z, votka \u015fi\u015fesi, brendi \u015fi\u015fesi gibi \u00fcst cam \u015fi\u015feler veya i\u00e7ecek \u015fi\u015feleri gibi orta \u00fcst cam \u015fi\u015feler ne olursa olsun, bir\u00e7ok benzersiz cam \u015fi\u015fe yapabilir. Ayr\u0131ca cam \u015fi\u015felerimiz \u00e7akmakta\u015f\u0131 cam \u015fi\u015feler oldu\u011fu i\u00e7in cam \u015fi\u015felerin \u00fczerine herhangi bir renk boyayabiliriz.<\/p>\n<h2>700ml \u015eeffaf Alkol \u015ei\u015feleri D\u00f6kme Detaylar\u0131<\/h2>\n<p>Bu 700 ml'lik \u015feffaf \u00f6zel cam \u015fi\u015feler, \u00fcst s\u0131n\u0131f \u00e7akmakta\u015f\u0131 cam malzemeden yap\u0131lm\u0131\u015ft\u0131r. Bu s\u0131v\u0131 cam \u015fi\u015femiz \u00e7ok berrak ve dayan\u0131kl\u0131d\u0131r. Bu cam \u015fi\u015fenin a\u011f\u0131rl\u0131\u011f\u0131 620g'd\u0131r. Taban\u0131 kal\u0131nd\u0131r ve boyutu yakla\u015f\u0131k 10 mm'dir. Bu cam \u015fi\u015fenin s\u0131zd\u0131rmazl\u0131k tipi vidal\u0131 kapakt\u0131r. Al\u00fcminyum vidal\u0131 kapak ve al\u00fcminyum plastik vidal\u0131 kapak sunabiliriz. Ve cam \u015fi\u015feler vidal\u0131 kapak hakk\u0131nda, bir anti-sahte kapak ve ortak bir kapak sunabiliriz. Hangisine ihtiyac\u0131n\u0131z varsa, l\u00fctfen bize s\u00f6yleyin, o zaman size sunabiliriz.<\/p>\n<p>Bu cam \u015fi\u015feleri \u00fc\u00e7 \u00e7e\u015fit paketleme y\u00f6ntemiyle toptan olarak sunabiliriz. \u0130lk yol standart ihracat kartonudur. Genellikle cam\u0131 saran plastik ka\u011f\u0131t yapar\u0131z ve bunlar\u0131 kartonla b\u00f6l\u00fcnm\u00fc\u015f kartona koyar\u0131z. Genellikle karton ba\u015f\u0131na 24 adet \u015fi\u015fe koyar\u0131z. Ambalaj kutusu ile ilgili herhangi bir talebiniz varsa, m\u00fc\u015fteri i\u00e7in \u00f6zel bir karton da yapabiliriz.<\/p>\n<p>\u0130kinci yol ise paletli paketlemedir. Cam \u015fi\u015feleri paletin \u00fczerine koyduktan sonra plastik ka\u011f\u0131tla sard\u0131k.<\/p>\n<p>700ml \u015feffaf \u00f6zel cam \u015fi\u015feleri toptan sat\u0131n almak istiyorsan\u0131z, OEM sipari\u015fini de kabul edebiliriz. Bu \u015farap cam \u015fi\u015feleri hakk\u0131nda herhangi bir sorunuz varsa, l\u00fctfen E-posta ve Tel yoluyla bizimle ileti\u015fime ge\u00e7in, size en k\u0131sa s\u00fcrede cevap verece\u011fiz<br \/>\n\u00dc\u00e7\u00fcnc\u00fc yol ise karton ve palettir. Cam \u015fi\u015feleri kartona koyaca\u011f\u0131z, sonra palete koyaca\u011f\u0131z.<br \/>\n.<\/p>","protected":false},"excerpt":{"rendered":"<table class=\"tg\">\n<tbody>\n<tr>\n<th class=\"tg-24i8\" colspan=\"2\">700ml \u015eeffaf \u00d6zel Cam \u015ei\u015feler Toptan Sat\u0131\u015f<\/th>\n<\/tr>\n<tr>\n<td class=\"tg-b7b8\">Ana malzeme:<\/td>\n<td class=\"tg-b7b8\">Y\u00fcksek Flint Cam<\/td>\n<\/tr>\n<tr>\n<td class=\"tg-yw4l\">Kaptan:<\/td>\n<td class=\"tg-yw4l\">Vidal\u0131 Kapak<\/td>\n<\/tr>\n<tr>\n<td class=\"tg-b7b8\">Kapasite:<\/td>\n<td class=\"tg-b7b8\">700ml<\/td>\n<\/tr>\n<tr>\n<td class=\"tg-yw4l\">\u00d6zellik:<\/td>\n<td class=\"tg-yw4l\">\u00c7evre dostu<\/td>\n<\/tr>\n<tr>\n<td class=\"tg-b7b8\">ADEDI:<\/td>\n<td class=\"tg-b7b8\">10000 ADET<\/td>\n<\/tr>\n<tr>\n<td class=\"tg-yw4l\">Paketleme \u015eekli:<\/td>\n<td class=\"tg-yw4l\">\u0130hracat standart karton \/ Palet \/ ihracat standart karton ve palet<\/td>\n<\/tr>\n<tr>\n<td class=\"tg-b7b8\">OEM\/ODM:<\/td>\n<td class=\"tg-b7b8\">Ho\u015f geldiniz<\/td>\n<\/tr>\n<tr>\n<td class=\"tg-yw4l\">Yerin k\u00f6keni:<\/td>\n<td class=\"tg-yw4l\">Shandong, \u00c7in<\/td>\n<\/tr>\n<tr>\n<td class=\"tg-b7b8\">Adet\/Ktn:<\/td>\n<td class=\"tg-b7b8\">24 adet \/ 20 adet<\/td>\n<\/tr>\n<\/tbody>\n<\/table>","protected":false},"featured_media":4267,"comment_status":"closed","ping_status":"closed","template":"","meta":[],"product_cat":[44],"class_list":{"0":"post-4266","1":"product","2":"type-product","3":"status-publish","4":"has-post-thumbnail","6":"product_cat-700ml-liquor-bottle-manufacturer","8":"first","9":"instock","10":"shipping-taxable","11":"product-type-simple"},"yoast_head":"<!-- This site is optimized with the Yoast SEO plugin v22.0 - https:\/\/yoast.com\/wordpress\/plugins\/seo\/ -->\n<title>700ml Clear Alcohol Bottles Bulk | Custom Special Glass Bottle<\/title>\n<meta name=\"description\" content=\"Ruisheng, sales 700ml clear alcohol bottles bulk in factory outlet price. Primary liquor bottle manufacturer, provide custon special glass bottle service.\" \/>\n<meta name=\"robots\" content=\"index, follow, max-snippet:-1, max-image-preview:large, max-video-preview:-1\" \/>\n<link rel=\"canonical\" href=\"https:\/\/ruishengglassco.com\/tr\/urun\/rs066-700ml-seffaf-siseler-toptan\" \/>\n<meta property=\"og:locale\" content=\"tr_TR\" \/>\n<meta property=\"og:type\" content=\"article\" \/>\n<meta property=\"og:title\" content=\"700ml Clear Alcohol Bottles Bulk | Custom Special Glass Bottle\" \/>\n<meta property=\"og:description\" content=\"Ruisheng, sales 700ml clear alcohol bottles bulk in factory outlet price. Primary liquor bottle manufacturer, provide custon special glass bottle service.\" \/>\n<meta property=\"og:url\" content=\"https:\/\/ruishengglassco.com\/tr\/urun\/rs066-700ml-seffaf-siseler-toptan\" \/>\n<meta property=\"article:publisher\" content=\"https:\/\/www.facebook.com\/ruishengglassbottles\" \/>\n<meta property=\"article:modified_time\" content=\"2025-03-26T06:54:07+00:00\" \/>\n<meta property=\"og:image\" content=\"https:\/\/ruishengglassco.com\/wp-content\/uploads\/2025\/03\/RS066-700ml-Clear-Bottles-Wholesale.webp\" \/>\n\t<meta property=\"og:image:width\" content=\"800\" \/>\n\t<meta property=\"og:image:height\" content=\"800\" \/>\n\t<meta property=\"og:image:type\" content=\"image\/webp\" \/>\n<meta name=\"twitter:card\" content=\"summary_large_image\" \/>\n<meta name=\"twitter:label1\" content=\"Tahmini okuma s\u00fcresi\" \/>\n\t<meta name=\"twitter:data1\" content=\"2 dakika\" \/>\n<script type=\"application\/ld+json\" class=\"yoast-schema-graph\">{\"@context\":\"https:\/\/schema.org\",\"@graph\":[{\"@type\":\"WebPage\",\"@id\":\"https:\/\/ruishengglassco.com\/product\/rs066-700ml-clear-bottles-wholesale\",\"url\":\"https:\/\/ruishengglassco.com\/product\/rs066-700ml-clear-bottles-wholesale\",\"name\":\"700ml Clear Alcohol Bottles Bulk | Custom Special Glass Bottle\",\"isPartOf\":{\"@id\":\"https:\/\/ruishengglassco.com\/#website\"},\"datePublished\":\"2025-03-15T03:18:57+00:00\",\"dateModified\":\"2025-03-26T06:54:07+00:00\",\"description\":\"Ruisheng, sales 700ml clear alcohol bottles bulk in factory outlet price. Primary liquor bottle manufacturer, provide custon special glass bottle service.\",\"breadcrumb\":{\"@id\":\"https:\/\/ruishengglassco.com\/product\/rs066-700ml-clear-bottles-wholesale#breadcrumb\"},\"inLanguage\":\"tr\",\"potentialAction\":[{\"@type\":\"ReadAction\",\"target\":[\"https:\/\/ruishengglassco.com\/product\/rs066-700ml-clear-bottles-wholesale\"]}]},{\"@type\":\"BreadcrumbList\",\"@id\":\"https:\/\/ruishengglassco.com\/product\/rs066-700ml-clear-bottles-wholesale#breadcrumb\",\"itemListElement\":[{\"@type\":\"ListItem\",\"position\":1,\"name\":\"Home\",\"item\":\"https:\/\/ruishengglassco.com\/\"},{\"@type\":\"ListItem\",\"position\":2,\"name\":\"Products\",\"item\":\"https:\/\/ruishengglassco.com\/products\"},{\"@type\":\"ListItem\",\"position\":3,\"name\":\"RS066: 700ml Clear Bottles Manufacturers\"}]},{\"@type\":\"WebSite\",\"@id\":\"https:\/\/ruishengglassco.com\/#website\",\"url\":\"https:\/\/ruishengglassco.com\/\",\"name\":\"Ruisheng Glass\",\"description\":\"\",\"publisher\":{\"@id\":\"https:\/\/ruishengglassco.com\/#organization\"},\"potentialAction\":[{\"@type\":\"SearchAction\",\"target\":{\"@type\":\"EntryPoint\",\"urlTemplate\":\"https:\/\/ruishengglassco.com\/?s={search_term_string}\"},\"query-input\":\"required name=search_term_string\"}],\"inLanguage\":\"tr\"},{\"@type\":\"Organization\",\"@id\":\"https:\/\/ruishengglassco.com\/#organization\",\"name\":\"Shandong Yuncheng Ruisheng Glass Co., Ltd\",\"url\":\"https:\/\/ruishengglassco.com\/\",\"logo\":{\"@type\":\"ImageObject\",\"inLanguage\":\"tr\",\"@id\":\"https:\/\/ruishengglassco.com\/#\/schema\/logo\/image\/\",\"url\":\"https:\/\/ruishengglassco.com\/wp-content\/uploads\/2023\/09\/ruisheng_logo_icon.webp\",\"contentUrl\":\"https:\/\/ruishengglassco.com\/wp-content\/uploads\/2023\/09\/ruisheng_logo_icon.webp\",\"width\":400,\"height\":233,\"caption\":\"Shandong Yuncheng Ruisheng Glass Co., Ltd\"},\"image\":{\"@id\":\"https:\/\/ruishengglassco.com\/#\/schema\/logo\/image\/\"},\"sameAs\":[\"https:\/\/www.facebook.com\/ruishengglassbottles\",\"https:\/\/www.instagram.com\/Ruishengglassbottlewholesales\/\",\"https:\/\/www.youtube.com\/channel\/UCMmbMNGwsL-XrtjfSFLCdVQ\"]}]}<\/script>\n<!-- \/ Yoast SEO plugin. -->","yoast_head_json":{"title":"700ml Clear Alcohol Bottles Bulk | Custom Special Glass Bottle","description":"Ruisheng, sales 700ml clear alcohol bottles bulk in factory outlet price. Primary liquor bottle manufacturer, provide custon special glass bottle service.","robots":{"index":"index","follow":"follow","max-snippet":"max-snippet:-1","max-image-preview":"max-image-preview:large","max-video-preview":"max-video-preview:-1"},"canonical":"https:\/\/ruishengglassco.com\/tr\/urun\/rs066-700ml-seffaf-siseler-toptan","og_locale":"tr_TR","og_type":"article","og_title":"700ml Clear Alcohol Bottles Bulk | Custom Special Glass Bottle","og_description":"Ruisheng, sales 700ml clear alcohol bottles bulk in factory outlet price. Primary liquor bottle manufacturer, provide custon special glass bottle service.","og_url":"https:\/\/ruishengglassco.com\/tr\/urun\/rs066-700ml-seffaf-siseler-toptan","article_publisher":"https:\/\/www.facebook.com\/ruishengglassbottles","article_modified_time":"2025-03-26T06:54:07+00:00","og_image":[{"width":800,"height":800,"url":"https:\/\/ruishengglassco.com\/wp-content\/uploads\/2025\/03\/RS066-700ml-Clear-Bottles-Wholesale.webp","type":"image\/webp"}],"twitter_card":"summary_large_image","twitter_misc":{"Tahmini okuma s\u00fcresi":"2 dakika"},"schema":{"@context":"https:\/\/schema.org","@graph":[{"@type":"WebPage","@id":"https:\/\/ruishengglassco.com\/product\/rs066-700ml-clear-bottles-wholesale","url":"https:\/\/ruishengglassco.com\/product\/rs066-700ml-clear-bottles-wholesale","name":"700ml Clear Alcohol Bottles Bulk | Custom Special Glass Bottle","isPartOf":{"@id":"https:\/\/ruishengglassco.com\/#website"},"datePublished":"2025-03-15T03:18:57+00:00","dateModified":"2025-03-26T06:54:07+00:00","description":"Ruisheng, sales 700ml clear alcohol bottles bulk in factory outlet price. Primary liquor bottle manufacturer, provide custon special glass bottle service.","breadcrumb":{"@id":"https:\/\/ruishengglassco.com\/product\/rs066-700ml-clear-bottles-wholesale#breadcrumb"},"inLanguage":"tr","potentialAction":[{"@type":"ReadAction","target":["https:\/\/ruishengglassco.com\/product\/rs066-700ml-clear-bottles-wholesale"]}]},{"@type":"BreadcrumbList","@id":"https:\/\/ruishengglassco.com\/product\/rs066-700ml-clear-bottles-wholesale#breadcrumb","itemListElement":[{"@type":"ListItem","position":1,"name":"Home","item":"https:\/\/ruishengglassco.com\/"},{"@type":"ListItem","position":2,"name":"Products","item":"https:\/\/ruishengglassco.com\/products"},{"@type":"ListItem","position":3,"name":"RS066: 700ml Clear Bottles Manufacturers"}]},{"@type":"WebSite","@id":"https:\/\/ruishengglassco.com\/#website","url":"https:\/\/ruishengglassco.com\/","name":"Ruisheng Glass","description":"","publisher":{"@id":"https:\/\/ruishengglassco.com\/#organization"},"potentialAction":[{"@type":"SearchAction","target":{"@type":"EntryPoint","urlTemplate":"https:\/\/ruishengglassco.com\/?s={search_term_string}"},"query-input":"required name=search_term_string"}],"inLanguage":"tr"},{"@type":"Organization","@id":"https:\/\/ruishengglassco.com\/#organization","name":"Shandong Yuncheng Ruisheng Glass Co., Ltd","url":"https:\/\/ruishengglassco.com\/","logo":{"@type":"ImageObject","inLanguage":"tr","@id":"https:\/\/ruishengglassco.com\/#\/schema\/logo\/image\/","url":"https:\/\/ruishengglassco.com\/wp-content\/uploads\/2023\/09\/ruisheng_logo_icon.webp","contentUrl":"https:\/\/ruishengglassco.com\/wp-content\/uploads\/2023\/09\/ruisheng_logo_icon.webp","width":400,"height":233,"caption":"Shandong Yuncheng Ruisheng Glass Co., Ltd"},"image":{"@id":"https:\/\/ruishengglassco.com\/#\/schema\/logo\/image\/"},"sameAs":["https:\/\/www.facebook.com\/ruishengglassbottles","https:\/\/www.instagram.com\/Ruishengglassbottlewholesales\/","https:\/\/www.youtube.com\/channel\/UCMmbMNGwsL-XrtjfSFLCdVQ"]}]}},"_links":{"self":[{"href":"https:\/\/ruishengglassco.com\/tr\/wp-json\/wp\/v2\/product\/4266","targetHints":{"allow":["GET"]}}],"collection":[{"href":"https:\/\/ruishengglassco.com\/tr\/wp-json\/wp\/v2\/product"}],"about":[{"href":"https:\/\/ruishengglassco.com\/tr\/wp-json\/wp\/v2\/types\/product"}],"replies":[{"embeddable":true,"href":"https:\/\/ruishengglassco.com\/tr\/wp-json\/wp\/v2\/comments?post=4266"}],"wp:featuredmedia":[{"embeddable":true,"href":"https:\/\/ruishengglassco.com\/tr\/wp-json\/wp\/v2\/media\/4267"}],"wp:attachment":[{"href":"https:\/\/ruishengglassco.com\/tr\/wp-json\/wp\/v2\/media?parent=4266"}],"wp:term":[{"taxonomy":"product_cat","embeddable":true,"href":"https:\/\/ruishengglassco.com\/tr\/wp-json\/wp\/v2\/product_cat?post=4266"}],"curies":[{"name":"wp","href":"https:\/\/api.w.org\/{rel}","templated":true}]}}