{"id":4263,"date":"2025-03-15T11:12:58","date_gmt":"2025-03-15T03:12:58","guid":{"rendered":"https:\/\/ruishengglassco.com\/?post_type=product&#038;p=4263"},"modified":"2025-07-17T14:16:19","modified_gmt":"2025-07-17T06:16:19","slug":"rs068-satilik-toptan-mini-rom-siseleri-toplu","status":"publish","type":"product","link":"https:\/\/ruishengglassco.com\/tr\/urun\/rs068-satilik-toptan-mini-rom-siseleri-toplu","title":{"rendered":"RS068: Sat\u0131l\u0131k Mini Rom \u015ei\u015feleri D\u00f6kme"},"content":{"rendered":"<p>Fabrikam\u0131z taraf\u0131ndan yap\u0131lan 500ml, 700ml, 750ml lik\u00f6r \u015fi\u015felerinin ana \u00fcr\u00fcn serisine ek olarak, ayr\u0131ca \u015funlar\u0131 da sa\u011fl\u0131yoruz <strong>sat\u0131l\u0131k toptan mini lik\u00f6r \u015fi\u015feleri<\/strong>. On y\u0131ldan fazla bir s\u00fcredir \u015fi\u015fe yap\u0131yoruz ve fabrikam\u0131z \u00c7in'de \u00e7ok \u00fcnl\u00fc.<\/p>\n<p>Bu 50 ml'lik mini lik\u00f6r \u015fi\u015feleri toptan sat\u0131\u015f\u0131 hakk\u0131nda, d\u00fcz, kalp \u015fekli, kule \u015fekli ve di\u011ferleri gibi bir\u00e7ok \u015fekle sahibiz.<br \/>\n\u00d6zel \u015fi\u015feyi de kabul ediyoruz, bana \u015fi\u015fe \u00e7izimlerini verebilirseniz, ayn\u0131s\u0131n\u0131 yapabiliriz.<\/p>\n<p>Fabrikam\u0131zda kalifiye i\u015f\u00e7iler var, \u00e7ok tecr\u00fcbeliler. Cam \u015fi\u015feler i\u00e7in \u00e7ok y\u00fcksek kalite gereksinimlerimiz var, bu y\u00fczden l\u00fctfen kalitemize g\u00fcvenin. \u015ei\u015felerimiz standarda g\u00f6re kalibre edilmi\u015ftir, bu nedenle kalite garantilidir.<\/p>\n<p>Bu \u015fi\u015fede iki malzememiz var: y\u00fcksek \u00e7akmakta\u015f\u0131 cam ve s\u00fcper \u00e7akmakta\u015f\u0131 cam. sonraki daha iyidir. Hammaddeleri kesinlikle se\u00e7ece\u011fiz. Ve m\u00fckemmel sat\u0131\u015f sonras\u0131 hizmetimiz var, sorular\u0131n\u0131z\u0131 \u00e7evrimi\u00e7i olarak cevaplayaca\u011f\u0131z.<\/p>\n<h2>Sipari\u015f Detaylar\u0131 Hakk\u0131nda Toptan Mini Lik\u00f6r \u015ei\u015feleri Toplu<\/h2>\n<ul>\n<li>\u00d6\u011fe: RS-068 50ml Mini Lik\u00f6r \u015ei\u015feleri<\/li>\n<li>Marka Ruisheng Cam<\/li>\n<li><span style=\"color: #ff6600;\">ADEDI: <strong><span class=\"mceItemHidden\">10000 ADET\u00a0<\/span><\/strong><\/span><\/li>\n<li>Ana malzeme: y\u00fcksek \u00e7akmakta\u015f\u0131 cam<\/li>\n<li>Kapak: vidal\u0131 kapak<\/li>\n<li>Kapasite: 50ml<\/li>\n<li>Adet\/Ctn: 24 adet<\/li>\n<li>Yerin k\u00f6keni: Shandong, \u00c7in<\/li>\n<li>\u00d6zellik: \u00c7evre dostu<\/li>\n<\/ul>\n<p>Firmam\u0131z her zaman \u00f6nce kaliteyi takip eder, \u015fi\u015felerin kalitesi i\u00e7in kat\u0131 gereksinimlerimiz vard\u0131r. \u015eirketimiz \u00e7ok fazla alan\u0131 kaps\u0131yor, be\u015f y\u00fczden fazla i\u015f\u00e7i var, hepsi \u00e7ok deneyimli.<\/p>\n<p>Mini alkol \u015fi\u015feleri fiyatlar\u0131m\u0131z ile ilgileniyorsan\u0131z web sitemize gidebilirsiniz. Web sitemizde bir\u00e7ok \u00fcr\u00fcn bulunmaktad\u0131r. \u0130stedi\u011finizi se\u00e7ebilirsiniz. Ayr\u0131ca \u015fi\u015fe \u00fczerinde \u00e7\u0131kartma, bask\u0131, boyama ve di\u011ferleri gibi derin i\u015flemler de yapabiliriz.<\/p>\n<p>Lik\u00f6r \u015fi\u015fesi \u00fcretim fabrikam\u0131z\u0131 ziyaret etmeye ho\u015f geldiniz, size fabrikay\u0131 gezdirece\u011fiz. Size \u00fcretim at\u00f6lyemizi g\u00f6sterebiliriz. baz\u0131 \u00f6rnekler se\u00e7ebilir ve onlar\u0131 alabilirsiniz.<\/p>\n<p>eBa\u015fka sorular\u0131n\u0131z varsa, l\u00fctfen bizimle ileti\u015fime ge\u00e7mekten \u00e7ekinmeyin.<\/p>","protected":false},"excerpt":{"rendered":"<p>Lik\u00f6r i\u00e7in benzersiz tasar\u0131m toptan mini cam \u015fi\u015fe. Toptan sat\u0131\u015f i\u00e7in 50ml mini lik\u00f6r \u015fi\u015feleri. \u015eeffaft\u0131rlar ve lik\u00f6r\u00fc g\u00fczelce g\u00f6sterirler. Kur\u015funsuz cam malzeme \uff0c sa\u011fl\u0131k ve \u00e7evre koruma, lik\u00f6r\u00fcn kalitesi ve depolanmas\u0131 \u00fczerinde k\u00f6t\u00fc bir etkiye sahip olmayacakt\u0131r. K\u00fc\u00e7\u00fck lik\u00f6r \u015fi\u015felerimizle ilgileniyorsan\u0131z, l\u00fctfen bize bir mesaj b\u0131rak\u0131n.<\/p>","protected":false},"featured_media":4264,"comment_status":"closed","ping_status":"closed","template":"","meta":[],"product_cat":[48,57],"class_list":{"0":"post-4263","1":"product","2":"type-product","3":"status-publish","4":"has-post-thumbnail","6":"product_cat-50ml-mini-liquor-bottle-manufacturer","7":"product_cat-rum-bottle","9":"first","10":"instock","11":"shipping-taxable","12":"product-type-simple"},"yoast_head":"<!-- This site is optimized with the Yoast SEO plugin v22.0 - https:\/\/yoast.com\/wordpress\/plugins\/seo\/ -->\n<title>Mini Liquor Bottles For Sale | Tiny Spirit Bottle Manufacturers<\/title>\n<meta name=\"description\" content=\"Do you want to buy wholesale mini liquor bottles for sale outlet from China spirit bottle manufacturers? Free Sample&amp;Quality Assurance.\" \/>\n<meta name=\"robots\" content=\"index, follow, max-snippet:-1, max-image-preview:large, max-video-preview:-1\" \/>\n<link rel=\"canonical\" href=\"https:\/\/ruishengglassco.com\/tr\/urun\/rs068-satilik-toptan-mini-rom-siseleri-toplu\" \/>\n<meta property=\"og:locale\" content=\"tr_TR\" \/>\n<meta property=\"og:type\" content=\"article\" \/>\n<meta property=\"og:title\" content=\"Mini Liquor Bottles For Sale | Tiny Spirit Bottle Manufacturers\" \/>\n<meta property=\"og:description\" content=\"Do you want to buy wholesale mini liquor bottles for sale outlet from China spirit bottle manufacturers? Free Sample&amp;Quality Assurance.\" \/>\n<meta property=\"og:url\" content=\"https:\/\/ruishengglassco.com\/tr\/urun\/rs068-satilik-toptan-mini-rom-siseleri-toplu\" \/>\n<meta property=\"article:publisher\" content=\"https:\/\/www.facebook.com\/ruishengglassbottles\" \/>\n<meta property=\"article:modified_time\" content=\"2025-07-17T06:16:19+00:00\" \/>\n<meta property=\"og:image\" content=\"https:\/\/ruishengglassco.com\/wp-content\/uploads\/2025\/03\/RS068-Wholesale-Mini-Rum-Bottles-Bulk-For-Sale.webp\" \/>\n\t<meta property=\"og:image:width\" content=\"311\" \/>\n\t<meta property=\"og:image:height\" content=\"350\" \/>\n\t<meta property=\"og:image:type\" content=\"image\/webp\" \/>\n<meta name=\"twitter:card\" content=\"summary_large_image\" \/>\n<meta name=\"twitter:label1\" content=\"Tahmini okuma s\u00fcresi\" \/>\n\t<meta name=\"twitter:data1\" content=\"2 dakika\" \/>\n<script type=\"application\/ld+json\" class=\"yoast-schema-graph\">{\"@context\":\"https:\/\/schema.org\",\"@graph\":[{\"@type\":\"WebPage\",\"@id\":\"https:\/\/ruishengglassco.com\/product\/rs068-wholesale-mini-rum-bottles-bulk-for-sale\",\"url\":\"https:\/\/ruishengglassco.com\/product\/rs068-wholesale-mini-rum-bottles-bulk-for-sale\",\"name\":\"Mini Liquor Bottles For Sale | Tiny Spirit Bottle Manufacturers\",\"isPartOf\":{\"@id\":\"https:\/\/ruishengglassco.com\/#website\"},\"datePublished\":\"2025-03-15T03:12:58+00:00\",\"dateModified\":\"2025-07-17T06:16:19+00:00\",\"description\":\"Do you want to buy wholesale mini liquor bottles for sale outlet from China spirit bottle manufacturers? Free Sample&Quality Assurance.\",\"breadcrumb\":{\"@id\":\"https:\/\/ruishengglassco.com\/product\/rs068-wholesale-mini-rum-bottles-bulk-for-sale#breadcrumb\"},\"inLanguage\":\"tr\",\"potentialAction\":[{\"@type\":\"ReadAction\",\"target\":[\"https:\/\/ruishengglassco.com\/product\/rs068-wholesale-mini-rum-bottles-bulk-for-sale\"]}]},{\"@type\":\"BreadcrumbList\",\"@id\":\"https:\/\/ruishengglassco.com\/product\/rs068-wholesale-mini-rum-bottles-bulk-for-sale#breadcrumb\",\"itemListElement\":[{\"@type\":\"ListItem\",\"position\":1,\"name\":\"Home\",\"item\":\"https:\/\/ruishengglassco.com\/\"},{\"@type\":\"ListItem\",\"position\":2,\"name\":\"Products\",\"item\":\"https:\/\/ruishengglassco.com\/products\"},{\"@type\":\"ListItem\",\"position\":3,\"name\":\"RS068: Mini Rum Bottles Bulk For Sale\"}]},{\"@type\":\"WebSite\",\"@id\":\"https:\/\/ruishengglassco.com\/#website\",\"url\":\"https:\/\/ruishengglassco.com\/\",\"name\":\"Ruisheng Glass\",\"description\":\"\",\"publisher\":{\"@id\":\"https:\/\/ruishengglassco.com\/#organization\"},\"potentialAction\":[{\"@type\":\"SearchAction\",\"target\":{\"@type\":\"EntryPoint\",\"urlTemplate\":\"https:\/\/ruishengglassco.com\/?s={search_term_string}\"},\"query-input\":\"required name=search_term_string\"}],\"inLanguage\":\"tr\"},{\"@type\":\"Organization\",\"@id\":\"https:\/\/ruishengglassco.com\/#organization\",\"name\":\"Shandong Yuncheng Ruisheng Glass Co., Ltd\",\"url\":\"https:\/\/ruishengglassco.com\/\",\"logo\":{\"@type\":\"ImageObject\",\"inLanguage\":\"tr\",\"@id\":\"https:\/\/ruishengglassco.com\/#\/schema\/logo\/image\/\",\"url\":\"https:\/\/ruishengglassco.com\/wp-content\/uploads\/2023\/09\/ruisheng_logo_icon.webp\",\"contentUrl\":\"https:\/\/ruishengglassco.com\/wp-content\/uploads\/2023\/09\/ruisheng_logo_icon.webp\",\"width\":400,\"height\":233,\"caption\":\"Shandong Yuncheng Ruisheng Glass Co., Ltd\"},\"image\":{\"@id\":\"https:\/\/ruishengglassco.com\/#\/schema\/logo\/image\/\"},\"sameAs\":[\"https:\/\/www.facebook.com\/ruishengglassbottles\",\"https:\/\/www.instagram.com\/Ruishengglassbottlewholesales\/\",\"https:\/\/www.youtube.com\/channel\/UCMmbMNGwsL-XrtjfSFLCdVQ\"]}]}<\/script>\n<!-- \/ Yoast SEO plugin. -->","yoast_head_json":{"title":"Mini Liquor Bottles For Sale | Tiny Spirit Bottle Manufacturers","description":"Do you want to buy wholesale mini liquor bottles for sale outlet from China spirit bottle manufacturers? Free Sample&Quality Assurance.","robots":{"index":"index","follow":"follow","max-snippet":"max-snippet:-1","max-image-preview":"max-image-preview:large","max-video-preview":"max-video-preview:-1"},"canonical":"https:\/\/ruishengglassco.com\/tr\/urun\/rs068-satilik-toptan-mini-rom-siseleri-toplu","og_locale":"tr_TR","og_type":"article","og_title":"Mini Liquor Bottles For Sale | Tiny Spirit Bottle Manufacturers","og_description":"Do you want to buy wholesale mini liquor bottles for sale outlet from China spirit bottle manufacturers? Free Sample&Quality Assurance.","og_url":"https:\/\/ruishengglassco.com\/tr\/urun\/rs068-satilik-toptan-mini-rom-siseleri-toplu","article_publisher":"https:\/\/www.facebook.com\/ruishengglassbottles","article_modified_time":"2025-07-17T06:16:19+00:00","og_image":[{"width":311,"height":350,"url":"https:\/\/ruishengglassco.com\/wp-content\/uploads\/2025\/03\/RS068-Wholesale-Mini-Rum-Bottles-Bulk-For-Sale.webp","type":"image\/webp"}],"twitter_card":"summary_large_image","twitter_misc":{"Tahmini okuma s\u00fcresi":"2 dakika"},"schema":{"@context":"https:\/\/schema.org","@graph":[{"@type":"WebPage","@id":"https:\/\/ruishengglassco.com\/product\/rs068-wholesale-mini-rum-bottles-bulk-for-sale","url":"https:\/\/ruishengglassco.com\/product\/rs068-wholesale-mini-rum-bottles-bulk-for-sale","name":"Mini Liquor Bottles For Sale | Tiny Spirit Bottle Manufacturers","isPartOf":{"@id":"https:\/\/ruishengglassco.com\/#website"},"datePublished":"2025-03-15T03:12:58+00:00","dateModified":"2025-07-17T06:16:19+00:00","description":"Do you want to buy wholesale mini liquor bottles for sale outlet from China spirit bottle manufacturers? Free Sample&Quality Assurance.","breadcrumb":{"@id":"https:\/\/ruishengglassco.com\/product\/rs068-wholesale-mini-rum-bottles-bulk-for-sale#breadcrumb"},"inLanguage":"tr","potentialAction":[{"@type":"ReadAction","target":["https:\/\/ruishengglassco.com\/product\/rs068-wholesale-mini-rum-bottles-bulk-for-sale"]}]},{"@type":"BreadcrumbList","@id":"https:\/\/ruishengglassco.com\/product\/rs068-wholesale-mini-rum-bottles-bulk-for-sale#breadcrumb","itemListElement":[{"@type":"ListItem","position":1,"name":"Home","item":"https:\/\/ruishengglassco.com\/"},{"@type":"ListItem","position":2,"name":"Products","item":"https:\/\/ruishengglassco.com\/products"},{"@type":"ListItem","position":3,"name":"RS068: Mini Rum Bottles Bulk For Sale"}]},{"@type":"WebSite","@id":"https:\/\/ruishengglassco.com\/#website","url":"https:\/\/ruishengglassco.com\/","name":"Ruisheng Glass","description":"","publisher":{"@id":"https:\/\/ruishengglassco.com\/#organization"},"potentialAction":[{"@type":"SearchAction","target":{"@type":"EntryPoint","urlTemplate":"https:\/\/ruishengglassco.com\/?s={search_term_string}"},"query-input":"required name=search_term_string"}],"inLanguage":"tr"},{"@type":"Organization","@id":"https:\/\/ruishengglassco.com\/#organization","name":"Shandong Yuncheng Ruisheng Glass Co., Ltd","url":"https:\/\/ruishengglassco.com\/","logo":{"@type":"ImageObject","inLanguage":"tr","@id":"https:\/\/ruishengglassco.com\/#\/schema\/logo\/image\/","url":"https:\/\/ruishengglassco.com\/wp-content\/uploads\/2023\/09\/ruisheng_logo_icon.webp","contentUrl":"https:\/\/ruishengglassco.com\/wp-content\/uploads\/2023\/09\/ruisheng_logo_icon.webp","width":400,"height":233,"caption":"Shandong Yuncheng Ruisheng Glass Co., Ltd"},"image":{"@id":"https:\/\/ruishengglassco.com\/#\/schema\/logo\/image\/"},"sameAs":["https:\/\/www.facebook.com\/ruishengglassbottles","https:\/\/www.instagram.com\/Ruishengglassbottlewholesales\/","https:\/\/www.youtube.com\/channel\/UCMmbMNGwsL-XrtjfSFLCdVQ"]}]}},"_links":{"self":[{"href":"https:\/\/ruishengglassco.com\/tr\/wp-json\/wp\/v2\/product\/4263","targetHints":{"allow":["GET"]}}],"collection":[{"href":"https:\/\/ruishengglassco.com\/tr\/wp-json\/wp\/v2\/product"}],"about":[{"href":"https:\/\/ruishengglassco.com\/tr\/wp-json\/wp\/v2\/types\/product"}],"replies":[{"embeddable":true,"href":"https:\/\/ruishengglassco.com\/tr\/wp-json\/wp\/v2\/comments?post=4263"}],"wp:featuredmedia":[{"embeddable":true,"href":"https:\/\/ruishengglassco.com\/tr\/wp-json\/wp\/v2\/media\/4264"}],"wp:attachment":[{"href":"https:\/\/ruishengglassco.com\/tr\/wp-json\/wp\/v2\/media?parent=4263"}],"wp:term":[{"taxonomy":"product_cat","embeddable":true,"href":"https:\/\/ruishengglassco.com\/tr\/wp-json\/wp\/v2\/product_cat?post=4263"}],"curies":[{"name":"wp","href":"https:\/\/api.w.org\/{rel}","templated":true}]}}