{"id":4261,"date":"2025-03-15T11:11:06","date_gmt":"2025-03-15T03:11:06","guid":{"rendered":"https:\/\/ruishengglassco.com\/?post_type=product&#038;p=4261"},"modified":"2025-09-11T16:15:43","modified_gmt":"2025-09-11T08:15:43","slug":"rs069-ozel-500ml-sivi-cam-si%cc%87seler-tedari%cc%87kci%cc%87si%cc%87","status":"publish","type":"product","link":"https:\/\/ruishengglassco.com\/tr\/urun\/rs069-ozel-500ml-sivi-cam-si%cc%87seler-tedari%cc%87kci%cc%87si%cc%87","title":{"rendered":"RS069: \u00d6zel 500ml S\u0131v\u0131 Cam \u015ei\u015feler Tedarik\u00e7isi"},"content":{"rendered":"<p>500ml s\u0131v\u0131 cam \u015fi\u015feler toptan Shandong Yuncheng Ruisheng Glass Co, Ltd yap\u0131l\u0131r. Firmam\u0131z \u00c7in'deki en b\u00fcy\u00fck s\u00fcper \u00e7akmakta\u015f\u0131 ruhu cam \u00f6zel \u015fi\u015fe \u00fcreticilerinden biridir. \u00c7e\u015fitli s\u0131v\u0131 cam \u015fi\u015felerin \u00fcretimi \u00fczerinde \u00e7al\u0131\u015f\u0131yoruz.<\/p>\n<p>Profesyonel bir \u00f6zel \u015fi\u015fe tedarik\u00e7isi olarak Ruisheng, en geli\u015fmi\u015f 8S tam otomatik makinenin 2 \u00fcretim hatt\u0131na, CNC manuel makinelerin 3 \u00fcretim hatt\u0131na, CNC Yar\u0131 otomatik makinelerin 4 \u00fcretim hatt\u0131na yat\u0131r\u0131m yapt\u0131. Fabrikam\u0131zda ayr\u0131ca 2 set IS makinesi bulunmaktad\u0131r. 8S makinesi ve CNC makineleri, birinci s\u0131n\u0131f cam \u015fi\u015feler - ak\u015fam yeme\u011fi \u00e7akmakta\u015f\u0131 cam \u015fi\u015feler \u00fcretmek i\u00e7in kullan\u0131l\u0131r. G\u00fcnl\u00fck \u00e7\u0131kt\u0131 120.000 adettir. IS makineleri orta dereceli cam \u015fi\u015feler \u00fcretmek i\u00e7in kullan\u0131l\u0131r ve g\u00fcnl\u00fck \u00e7\u0131kt\u0131lar\u0131 200.000 adettir. Ve \u015firketimizin 500'den fazla \u00e7al\u0131\u015fan\u0131 ve bir grup yetenekli m\u00fchendisi vard\u0131r. Zengin deneyim ve ileri teknoloji ile, t\u00fcm d\u00fcnyadaki m\u00fc\u015fterilerimizden iyi bir \u00fcne sahibiz.<\/p>\n<p>Bu 500 ml'lik cam \u015fi\u015fe toptan sat\u0131\u015f\u0131m\u0131z votka, viski, cin, rom, brendi, i\u00e7ecek ve di\u011fer lik\u00f6rleri tutmak i\u00e7in kullan\u0131l\u0131r. Sadece bu \u015feffaf s\u0131v\u0131 cam \u015fi\u015feyi yapmakla kalm\u0131yor, ayn\u0131 zamanda a\u00e7\u0131k ye\u015fil ve koyu ye\u015fil cam \u015fi\u015feler de \u00fcretebiliyoruz. Ve e\u015fle\u015fen mantar veya kapa\u011f\u0131 sunabiliriz.<\/p>\n<p>Bo\u015f 500ml s\u0131v\u0131 cam \u015fi\u015feleri yapmak i\u00e7in y\u00fcksek \u00e7akmakta\u015f\u0131 cam hammaddesi kullan\u0131yoruz. Bu hammadde cam \u015fi\u015feyi daha berrak, daha dayan\u0131kl\u0131 ve daha p\u00fcr\u00fczs\u00fcz hale getirir.<\/p>\n<h2>500ml S\u0131v\u0131 Cam \u015ei\u015feler Tedarik\u00e7isinin Detaylar\u0131<\/h2>\n<ul>\n<li>Ana malzeme: Y\u00fcksek \u00e7akmakta\u015f\u0131 cam (bu malzemeye kristal beyaz cam da denir)<\/li>\n<li>Kapak: Mantar (Bunun i\u00e7in alt\u0131n rengi, g\u00fcm\u00fc\u015f rengi, y\u00fcksek polimer malzeme, karma\u015f\u0131k malzeme, ah\u015fap malzeme gibi farkl\u0131 renk ve farkl\u0131 malzemeler sunabiliriz)<\/li>\n<li>Referans: RS069<\/li>\n<li>ADEDI: 10000 ADET<\/li>\n<li>Kapasite: 500ml (700ml, 750ml ve benzeri gibi di\u011fer kapasiteler de ge\u00e7erlidir)<\/li>\n<li>A\u011f\u0131rl\u0131k: 580g<\/li>\n<li>Adet\/Ctn: 24 adet (\u00f6zel renkli kutu kabul edilebilir)<\/li>\n<li>Liman: Qingdao, \u00c7in<\/li>\n<li>Yerin k\u00f6keni: Shandong, \u00c7in<\/li>\n<li>\u00d6zellik: \u00c7evre dostu<\/li>\n<\/ul>\n<p>Ve e-s\u0131v\u0131 cam \u015fi\u015feler nas\u0131l se\u00e7ilir? Do\u011fru ruh 500ml cam \u015fi\u015feyi se\u00e7in, ilki s\u0131v\u0131 \u015fi\u015felerin kalitesidir, y\u00fcksek kaliteli cam \u015fi\u015fe lik\u00f6r kalitesini sa\u011flayabilir ve valflerini iyile\u015ftirebilir. Ayr\u0131ca, m\u00fc\u015fterilerin bir e-s\u0131v\u0131 cam \u015fi\u015fe se\u00e7mek i\u00e7in lik\u00f6r \u00fcr\u00fcnlerinin kalitesine, lik\u00f6r aromalar\u0131na ve k\u00fclt\u00fcrel propagandaya da dikkat etmeleri gerekir. Ek olarak, alkol \u015fi\u015felerinin kalitesini ve fiyat\u0131n\u0131 sa\u011flamak i\u00e7in lik\u00f6r \u015fi\u015fesi \u00fcr\u00fcn\u00fcn\u00fc se\u00e7ip sat\u0131n almak i\u00e7in d\u00fczenli bir lik\u00f6r \u015fi\u015fesi \u00fcreticisi se\u00e7meniz gerekir.<\/p>\n<p>Aksesuarlar\u0131 farkl\u0131 \u015firketlerden sat\u0131n almak istemiyorsan\u0131z, sizin i\u00e7in tek elden bir hizmet de sunabiliriz. Bize sadece taleplerinizi s\u00f6yleyin, sizin i\u00e7in aksesuarlar\u0131 sunabiliriz. Buzlu, \u00e7\u0131kartma, boyal\u0131 ve benzeri gibi \u015fi\u015fe \u00fczerinde derin i\u015fleme yapabiliriz.<\/p>\n<p>Toptan 500ml s\u0131v\u0131 cam \u015fi\u015felerin yan\u0131 s\u0131ra, Shandong Yuncheng Ruisheng 250ml lik\u00f6r \u015fi\u015feleri, 375ml ruh \u015fi\u015fesi, 700ml cam \u015fi\u015feler, 750ml cam lik\u00f6r \u015fi\u015feleri, mantarl\u0131 1000ml cam \u015fi\u015feler, 1.5 litrelik cam \u015fi\u015fe vb. Elbette, \u00f6zel bir \u015fi\u015fe \u00fcreticisi olarak, kapasiteyi ihtiyac\u0131n\u0131za g\u00f6re tasarlayabiliriz.<\/p>","protected":false},"excerpt":{"rendered":"<table class=\"tg\">\n<tbody>\n<tr>\n<th class=\"tg-24i8\" colspan=\"2\">500ml S\u0131v\u0131 Cam \u015ei\u015feler Toptan Sat\u0131\u015f<\/th>\n<\/tr>\n<tr>\n<td class=\"tg-b7b8\">Referans:<\/td>\n<td class=\"tg-b7b8\">RS069<\/td>\n<\/tr>\n<tr>\n<td class=\"tg-yw4l\">Ana malzeme:<\/td>\n<td class=\"tg-yw4l\">Y\u00fcksek \u00e7akmakta\u015f\u0131 cam (bu malzeme kristal beyaz cam olarak da adland\u0131r\u0131l\u0131r)<\/td>\n<\/tr>\n<tr>\n<td class=\"tg-b7b8\">Kaptan:<\/td>\n<td class=\"tg-b7b8\">Mantar<\/td>\n<\/tr>\n<tr>\n<td class=\"tg-yw4l\">Kapasite:<\/td>\n<td class=\"tg-yw4l\">500ml<\/td>\n<\/tr>\n<tr>\n<td class=\"tg-b7b8\">\u00d6zellik:<\/td>\n<td class=\"tg-b7b8\">\u00c7evre dostu<\/td>\n<\/tr>\n<tr>\n<td class=\"tg-yw4l\">ADEDI:<\/td>\n<td class=\"tg-yw4l\">10000 ADET<\/td>\n<\/tr>\n<tr>\n<td class=\"tg-b7b8\">Paketleme \u015eekli:<\/td>\n<td class=\"tg-b7b8\">\u0130hracat standart karton \/ Palet \/ ihracat standart karton ve palet<\/td>\n<\/tr>\n<tr>\n<td class=\"tg-yw4l\">OEM\/ODM:<\/td>\n<td class=\"tg-yw4l\">Ho\u015f geldiniz<\/td>\n<\/tr>\n<tr>\n<td class=\"tg-b7b8\">Yerin k\u00f6keni:<\/td>\n<td class=\"tg-b7b8\">Shandong, \u00c7in<\/td>\n<\/tr>\n<tr>\n<td class=\"tg-yw4l\">Adet\/Ktn:<\/td>\n<td class=\"tg-yw4l\">24 adet veya m\u00fc\u015fteri taleplerine g\u00f6re<\/td>\n<\/tr>\n<\/tbody>\n<\/table>","protected":false},"featured_media":4262,"comment_status":"closed","ping_status":"closed","template":"","meta":[],"product_cat":[41],"class_list":{"0":"post-4261","1":"product","2":"type-product","3":"status-publish","4":"has-post-thumbnail","6":"product_cat-500ml-liquor-bottle-manufacturer","8":"first","9":"instock","10":"shipping-taxable","11":"product-type-simple"},"yoast_head":"<!-- This site is optimized with the Yoast SEO plugin v22.0 - https:\/\/yoast.com\/wordpress\/plugins\/seo\/ -->\n<title>500ml Liquid Glass Bottles Wholesale | Empty Spirit Bottle Manufacturer<\/title>\n<meta name=\"description\" content=\"Ruisheng, a professional China Spirit Bottle Manufacturer, provide 500ml Liquid Glass Bottles Supplier For spirit. Factory Outlet&amp;Free Sample.\" \/>\n<meta name=\"robots\" content=\"index, follow, max-snippet:-1, max-image-preview:large, max-video-preview:-1\" \/>\n<link rel=\"canonical\" href=\"https:\/\/ruishengglassco.com\/tr\/urun\/rs069-ozel-500ml-sivi-cam-si\u0307seler-tedari\u0307kci\u0307si\u0307\" \/>\n<meta property=\"og:locale\" content=\"tr_TR\" \/>\n<meta property=\"og:type\" content=\"article\" \/>\n<meta property=\"og:title\" content=\"500ml Liquid Glass Bottles Wholesale | Empty Spirit Bottle Manufacturer\" \/>\n<meta property=\"og:description\" content=\"Ruisheng, a professional China Spirit Bottle Manufacturer, provide 500ml Liquid Glass Bottles Supplier For spirit. Factory Outlet&amp;Free Sample.\" \/>\n<meta property=\"og:url\" content=\"https:\/\/ruishengglassco.com\/tr\/urun\/rs069-ozel-500ml-sivi-cam-si\u0307seler-tedari\u0307kci\u0307si\u0307\" \/>\n<meta property=\"article:publisher\" content=\"https:\/\/www.facebook.com\/ruishengglassbottles\" \/>\n<meta property=\"article:modified_time\" content=\"2025-09-11T08:15:43+00:00\" \/>\n<meta property=\"og:image\" content=\"https:\/\/ruishengglassco.com\/wp-content\/uploads\/2025\/03\/RS069-Custom-500ml-Liquid-Glass-Bottles-Wholesale.webp\" \/>\n\t<meta property=\"og:image:width\" content=\"800\" \/>\n\t<meta property=\"og:image:height\" content=\"800\" \/>\n\t<meta property=\"og:image:type\" content=\"image\/webp\" \/>\n<meta name=\"twitter:card\" content=\"summary_large_image\" \/>\n<meta name=\"twitter:label1\" content=\"Tahmini okuma s\u00fcresi\" \/>\n\t<meta name=\"twitter:data1\" content=\"3 dakika\" \/>\n<script type=\"application\/ld+json\" class=\"yoast-schema-graph\">{\"@context\":\"https:\/\/schema.org\",\"@graph\":[{\"@type\":\"WebPage\",\"@id\":\"https:\/\/ruishengglassco.com\/product\/rs069-custom-500ml-liquid-glass-bottles-supplier\",\"url\":\"https:\/\/ruishengglassco.com\/product\/rs069-custom-500ml-liquid-glass-bottles-supplier\",\"name\":\"500ml Liquid Glass Bottles Wholesale | Empty Spirit Bottle Manufacturer\",\"isPartOf\":{\"@id\":\"https:\/\/ruishengglassco.com\/#website\"},\"datePublished\":\"2025-03-15T03:11:06+00:00\",\"dateModified\":\"2025-09-11T08:15:43+00:00\",\"description\":\"Ruisheng, a professional China Spirit Bottle Manufacturer, provide 500ml Liquid Glass Bottles Supplier For spirit. Factory Outlet&Free Sample.\",\"breadcrumb\":{\"@id\":\"https:\/\/ruishengglassco.com\/product\/rs069-custom-500ml-liquid-glass-bottles-supplier#breadcrumb\"},\"inLanguage\":\"tr\",\"potentialAction\":[{\"@type\":\"ReadAction\",\"target\":[\"https:\/\/ruishengglassco.com\/product\/rs069-custom-500ml-liquid-glass-bottles-supplier\"]}]},{\"@type\":\"BreadcrumbList\",\"@id\":\"https:\/\/ruishengglassco.com\/product\/rs069-custom-500ml-liquid-glass-bottles-supplier#breadcrumb\",\"itemListElement\":[{\"@type\":\"ListItem\",\"position\":1,\"name\":\"Home\",\"item\":\"https:\/\/ruishengglassco.com\/\"},{\"@type\":\"ListItem\",\"position\":2,\"name\":\"Products\",\"item\":\"https:\/\/ruishengglassco.com\/products\"},{\"@type\":\"ListItem\",\"position\":3,\"name\":\"RS069: Custom 500ml Liquid Glass Bottles Supplier\"}]},{\"@type\":\"WebSite\",\"@id\":\"https:\/\/ruishengglassco.com\/#website\",\"url\":\"https:\/\/ruishengglassco.com\/\",\"name\":\"Ruisheng Glass\",\"description\":\"\",\"publisher\":{\"@id\":\"https:\/\/ruishengglassco.com\/#organization\"},\"potentialAction\":[{\"@type\":\"SearchAction\",\"target\":{\"@type\":\"EntryPoint\",\"urlTemplate\":\"https:\/\/ruishengglassco.com\/?s={search_term_string}\"},\"query-input\":\"required name=search_term_string\"}],\"inLanguage\":\"tr\"},{\"@type\":\"Organization\",\"@id\":\"https:\/\/ruishengglassco.com\/#organization\",\"name\":\"Shandong Yuncheng Ruisheng Glass Co., Ltd\",\"url\":\"https:\/\/ruishengglassco.com\/\",\"logo\":{\"@type\":\"ImageObject\",\"inLanguage\":\"tr\",\"@id\":\"https:\/\/ruishengglassco.com\/#\/schema\/logo\/image\/\",\"url\":\"https:\/\/ruishengglassco.com\/wp-content\/uploads\/2023\/09\/ruisheng_logo_icon.webp\",\"contentUrl\":\"https:\/\/ruishengglassco.com\/wp-content\/uploads\/2023\/09\/ruisheng_logo_icon.webp\",\"width\":400,\"height\":233,\"caption\":\"Shandong Yuncheng Ruisheng Glass Co., Ltd\"},\"image\":{\"@id\":\"https:\/\/ruishengglassco.com\/#\/schema\/logo\/image\/\"},\"sameAs\":[\"https:\/\/www.facebook.com\/ruishengglassbottles\",\"https:\/\/www.instagram.com\/Ruishengglassbottlewholesales\/\",\"https:\/\/www.youtube.com\/channel\/UCMmbMNGwsL-XrtjfSFLCdVQ\"]}]}<\/script>\n<!-- \/ Yoast SEO plugin. -->","yoast_head_json":{"title":"500ml Liquid Glass Bottles Wholesale | Empty Spirit Bottle Manufacturer","description":"Ruisheng, a professional China Spirit Bottle Manufacturer, provide 500ml Liquid Glass Bottles Supplier For spirit. Factory Outlet&Free Sample.","robots":{"index":"index","follow":"follow","max-snippet":"max-snippet:-1","max-image-preview":"max-image-preview:large","max-video-preview":"max-video-preview:-1"},"canonical":"https:\/\/ruishengglassco.com\/tr\/urun\/rs069-ozel-500ml-sivi-cam-si\u0307seler-tedari\u0307kci\u0307si\u0307","og_locale":"tr_TR","og_type":"article","og_title":"500ml Liquid Glass Bottles Wholesale | Empty Spirit Bottle Manufacturer","og_description":"Ruisheng, a professional China Spirit Bottle Manufacturer, provide 500ml Liquid Glass Bottles Supplier For spirit. Factory Outlet&Free Sample.","og_url":"https:\/\/ruishengglassco.com\/tr\/urun\/rs069-ozel-500ml-sivi-cam-si\u0307seler-tedari\u0307kci\u0307si\u0307","article_publisher":"https:\/\/www.facebook.com\/ruishengglassbottles","article_modified_time":"2025-09-11T08:15:43+00:00","og_image":[{"width":800,"height":800,"url":"https:\/\/ruishengglassco.com\/wp-content\/uploads\/2025\/03\/RS069-Custom-500ml-Liquid-Glass-Bottles-Wholesale.webp","type":"image\/webp"}],"twitter_card":"summary_large_image","twitter_misc":{"Tahmini okuma s\u00fcresi":"3 dakika"},"schema":{"@context":"https:\/\/schema.org","@graph":[{"@type":"WebPage","@id":"https:\/\/ruishengglassco.com\/product\/rs069-custom-500ml-liquid-glass-bottles-supplier","url":"https:\/\/ruishengglassco.com\/product\/rs069-custom-500ml-liquid-glass-bottles-supplier","name":"500ml Liquid Glass Bottles Wholesale | Empty Spirit Bottle Manufacturer","isPartOf":{"@id":"https:\/\/ruishengglassco.com\/#website"},"datePublished":"2025-03-15T03:11:06+00:00","dateModified":"2025-09-11T08:15:43+00:00","description":"Ruisheng, a professional China Spirit Bottle Manufacturer, provide 500ml Liquid Glass Bottles Supplier For spirit. Factory Outlet&Free Sample.","breadcrumb":{"@id":"https:\/\/ruishengglassco.com\/product\/rs069-custom-500ml-liquid-glass-bottles-supplier#breadcrumb"},"inLanguage":"tr","potentialAction":[{"@type":"ReadAction","target":["https:\/\/ruishengglassco.com\/product\/rs069-custom-500ml-liquid-glass-bottles-supplier"]}]},{"@type":"BreadcrumbList","@id":"https:\/\/ruishengglassco.com\/product\/rs069-custom-500ml-liquid-glass-bottles-supplier#breadcrumb","itemListElement":[{"@type":"ListItem","position":1,"name":"Home","item":"https:\/\/ruishengglassco.com\/"},{"@type":"ListItem","position":2,"name":"Products","item":"https:\/\/ruishengglassco.com\/products"},{"@type":"ListItem","position":3,"name":"RS069: Custom 500ml Liquid Glass Bottles Supplier"}]},{"@type":"WebSite","@id":"https:\/\/ruishengglassco.com\/#website","url":"https:\/\/ruishengglassco.com\/","name":"Ruisheng Glass","description":"","publisher":{"@id":"https:\/\/ruishengglassco.com\/#organization"},"potentialAction":[{"@type":"SearchAction","target":{"@type":"EntryPoint","urlTemplate":"https:\/\/ruishengglassco.com\/?s={search_term_string}"},"query-input":"required name=search_term_string"}],"inLanguage":"tr"},{"@type":"Organization","@id":"https:\/\/ruishengglassco.com\/#organization","name":"Shandong Yuncheng Ruisheng Glass Co., Ltd","url":"https:\/\/ruishengglassco.com\/","logo":{"@type":"ImageObject","inLanguage":"tr","@id":"https:\/\/ruishengglassco.com\/#\/schema\/logo\/image\/","url":"https:\/\/ruishengglassco.com\/wp-content\/uploads\/2023\/09\/ruisheng_logo_icon.webp","contentUrl":"https:\/\/ruishengglassco.com\/wp-content\/uploads\/2023\/09\/ruisheng_logo_icon.webp","width":400,"height":233,"caption":"Shandong Yuncheng Ruisheng Glass Co., Ltd"},"image":{"@id":"https:\/\/ruishengglassco.com\/#\/schema\/logo\/image\/"},"sameAs":["https:\/\/www.facebook.com\/ruishengglassbottles","https:\/\/www.instagram.com\/Ruishengglassbottlewholesales\/","https:\/\/www.youtube.com\/channel\/UCMmbMNGwsL-XrtjfSFLCdVQ"]}]}},"_links":{"self":[{"href":"https:\/\/ruishengglassco.com\/tr\/wp-json\/wp\/v2\/product\/4261","targetHints":{"allow":["GET"]}}],"collection":[{"href":"https:\/\/ruishengglassco.com\/tr\/wp-json\/wp\/v2\/product"}],"about":[{"href":"https:\/\/ruishengglassco.com\/tr\/wp-json\/wp\/v2\/types\/product"}],"replies":[{"embeddable":true,"href":"https:\/\/ruishengglassco.com\/tr\/wp-json\/wp\/v2\/comments?post=4261"}],"wp:featuredmedia":[{"embeddable":true,"href":"https:\/\/ruishengglassco.com\/tr\/wp-json\/wp\/v2\/media\/4262"}],"wp:attachment":[{"href":"https:\/\/ruishengglassco.com\/tr\/wp-json\/wp\/v2\/media?parent=4261"}],"wp:term":[{"taxonomy":"product_cat","embeddable":true,"href":"https:\/\/ruishengglassco.com\/tr\/wp-json\/wp\/v2\/product_cat?post=4261"}],"curies":[{"name":"wp","href":"https:\/\/api.w.org\/{rel}","templated":true}]}}