{"id":4258,"date":"2025-03-15T11:08:58","date_gmt":"2025-03-15T03:08:58","guid":{"rendered":"https:\/\/ruishengglassco.com\/?post_type=product&#038;p=4258"},"modified":"2025-03-26T14:55:45","modified_gmt":"2025-03-26T06:55:45","slug":"rs070-750ml-buzlu-cam-si%cc%87se-fabri%cc%87kasi","status":"publish","type":"product","link":"https:\/\/ruishengglassco.com\/tr\/urun\/rs070-750ml-buzlu-cam-si%cc%87se-fabri%cc%87kasi","title":{"rendered":"RS070: 750ml Buzlu Cam \u015ei\u015feler Fabrikas\u0131"},"content":{"rendered":"<p>Bu seri 750ml Buzlu cam \u015fi\u015feler toptan mantarlar\u0131 ile d\u00fcnyadaki s\u0131cak sat\u0131\u015f \u00fcr\u00fcnlerimizden biridir. 750ml votka cam \u015fi\u015felerinde yayg\u0131n bir \u015fekildir. Ancak bu \u015fekilli cam \u015fi\u015fe i\u00e7in daha k\u00fc\u00e7\u00fck bir boyutumuz var, kapasitesi 500ml.<\/p>\n<p>Buzlu cam \u015fi\u015femiz en \u00fcst s\u0131n\u0131f hammaddeden \u00fcretilmi\u015ftir. Lik\u00f6r cam \u015fi\u015feleri \u00e7ok net, p\u00fcr\u00fczs\u00fcz ve di\u011fer cam \u015fi\u015feler kadar k\u0131r\u0131lgan olmayacakt\u0131r. Buzlu olmadan, \u00e7ok net oldu\u011funu g\u00f6receksiniz.<\/p>\n<p>Bu 750 ml'lik toptan cam \u015fi\u015fe hafif bir cam \u015fi\u015fe de\u011fildir, dokusunu elinize ald\u0131\u011f\u0131n\u0131zda anlayacaks\u0131n\u0131z.<\/p>\n<h2>750ml Mantarl\u0131 Buzlu Cam \u015ei\u015fe Fabrikas\u0131n\u0131n Detaylar\u0131<\/h2>\n<p>Cam \u015fi\u015fenin bilgileri b\u00f6\u011f\u00fcr\u00fcr gibi:<\/p>\n<ul>\n<li>Ana malzeme: Y\u00fcksek \u00e7akmakta\u015f\u0131 cam<\/li>\n<li>Kapak: Mantar<\/li>\n<li>Referans: RS070<\/li>\n<li>ADEDI: 10000 ADET<\/li>\n<li>Kapasite: 500ml 750ml<\/li>\n<li>Adet\/Ctn: 24 adet<\/li>\n<li>Yerin k\u00f6keni: Shandong, \u00c7in<\/li>\n<li>\u00d6zellik: \u00c7evre dostu<\/li>\n<\/ul>\n<h2>Bu 750ML Buzlu Cam \u015ei\u015fe \u00dcreticileri i\u00e7in Mantarlar<\/h2>\n<p>Bu 750ml cam \u015fi\u015feler i\u00e7in mantar hakk\u0131nda, fabrikam\u0131zda farkl\u0131 mantarlar var. Y\u00fcksek polimer mantar, karma\u015f\u0131k mantar ve ah\u015fap mantar gibi farkl\u0131 malzeme mantar\u0131. Alt\u0131n mantar, g\u00fcm\u00fc\u015f mantar, siyah mantar ve di\u011fer renk mantarlar gibi farkl\u0131 renk mantarlar.<\/p>\n<p>Bu cam \u015fi\u015fe Amerika, Avrupa, Avustralya, Rusya ve benzeri bir\u00e7ok \u00fclke i\u00e7in kullan\u0131labilir. Ve d\u00fcnyan\u0131n her yerinden bir\u00e7ok m\u00fc\u015fteriyle i\u015fbirli\u011fimiz var ve onlardan iyi bir \u00fcne sahibiz.<\/p>\n<p>Firmam\u0131z en geli\u015fmi\u015f 8S tam otomatik makinenin 2 \u00fcretim hatt\u0131na, CNC manuel makinelerin 3 \u00fcretim hatt\u0131na, CNC Yar\u0131 otomatik makinelerin 4 \u00fcretim hatt\u0131na yat\u0131r\u0131m yapm\u0131\u015ft\u0131r. Fabrikam\u0131zda ayr\u0131ca 2 set IS makinesi bulunmaktad\u0131r. 8S makinesi ve CNC makineleri, birinci s\u0131n\u0131f cam \u015fi\u015feler - ak\u015fam yeme\u011fi \u00e7akmakta\u015f\u0131 cam \u015fi\u015feler \u00fcretmek i\u00e7in kullan\u0131l\u0131r. G\u00fcnl\u00fck \u00e7\u0131kt\u0131 120.000 adettir. IS makineleri orta dereceli cam \u015fi\u015feler \u00fcretmek i\u00e7in kullan\u0131l\u0131r ve g\u00fcnl\u00fck \u00e7\u0131kt\u0131lar\u0131 200.000 adettir.<\/p>\n<p>Profesyonel bir cam alkol \u015fi\u015fesi \u00fcreticisi ve tedarik\u00e7isi olarak, m\u00fc\u015fterinin taleplerine g\u00f6re \u00f6zel cam \u015fi\u015feler de \u00fcretebiliriz. \u0130sterseniz, bize ne istedi\u011finizi s\u00f6yleyebilirsiniz, tasar\u0131mc\u0131m\u0131z\u0131n sizin i\u00e7in tasarlamas\u0131n\u0131 ayarlar\u0131z.<\/p>\n<p>Bu 750ml buzlu cam \u015fi\u015felerimizi toptan sipari\u015f etmek veya \u00f6zel cam \u015fi\u015fe hakk\u0131nda bilgi almak istiyorsan\u0131z, bizimle ileti\u015fime ge\u00e7in, ihtiyac\u0131n\u0131z olan \u015fi\u015feyi yapal\u0131m.<\/p>\n<p>750ml buzlu cam \u015fi\u015felerin yan\u0131 s\u0131ra, toptan 100ml cam \u015fi\u015feler, t\u0131pal\u0131 250ml cam \u015fi\u015feler, 375 ml \u015feffaf cam \u015fi\u015feler, 50cl k\u00fc\u00e7\u00fck cam \u015fi\u015feler, 1000ml ispirto \u015fi\u015feleri vb. Toptan cam \u015fi\u015felerimiz hakk\u0131nda bilgi almak isterseniz, l\u00fctfen bizimle ileti\u015fime ge\u00e7in. Size en k\u0131sa s\u00fcrede cevap verece\u011fiz. Amac\u0131m\u0131z y\u00fcksek kaliteli bir cam \u015fi\u015fe yapmak ve d\u00fcnyan\u0131n her yerinden m\u00fc\u015fteri i\u00e7in en iyi hizmeti sunmakt\u0131r.<\/p>","protected":false},"excerpt":{"rendered":"<table class=\"tg\" style=\"undefined;table-layout: fixed; width: 365px;\">\n<colgroup>\n<col style=\"width: 156px;\" \/>\n<col style=\"width: 209px;\" \/> <\/colgroup>\n<tbody>\n<tr>\n<th class=\"tg-wrg0\" colspan=\"2\">Mantarl\u0131 Buzlu Cam \u015ei\u015feler Toptan Sat\u0131\u015f 750ml<\/th>\n<\/tr>\n<tr>\n<td class=\"tg-b7b8\">Ana malzeme:<\/td>\n<td class=\"tg-b7b8\">Y\u00fcksek \u00e7akmakta\u015f\u0131 cam<\/td>\n<\/tr>\n<tr>\n<td class=\"tg-yw4l\">Kaptan:<\/td>\n<td class=\"tg-yw4l\">Mantar<\/td>\n<\/tr>\n<tr>\n<td class=\"tg-b7b8\">Kapasite:<\/td>\n<td class=\"tg-b7b8\">500ml 750ml<\/td>\n<\/tr>\n<tr>\n<td class=\"tg-yw4l\">\u00d6zellik:<\/td>\n<td class=\"tg-yw4l\">\u00c7evre dostu<\/td>\n<\/tr>\n<tr>\n<td class=\"tg-b7b8\">ADEDI:<\/td>\n<td class=\"tg-b7b8\">10000 ADET<\/td>\n<\/tr>\n<tr>\n<td class=\"tg-yw4l\">Yerin k\u00f6keni:<\/td>\n<td class=\"tg-yw4l\">Shandong, \u00c7in<\/td>\n<\/tr>\n<tr>\n<td class=\"tg-b7b8\">Adet\/Ktn:<\/td>\n<td class=\"tg-b7b8\">24 adet<\/td>\n<\/tr>\n<tr>\n<td class=\"tg-yw4l\">Referans:<\/td>\n<td class=\"tg-yw4l\">RS070<\/td>\n<\/tr>\n<\/tbody>\n<\/table>","protected":false},"featured_media":4259,"comment_status":"closed","ping_status":"closed","template":"","meta":[],"product_cat":[40,52],"class_list":{"0":"post-4258","1":"product","2":"type-product","3":"status-publish","4":"has-post-thumbnail","6":"product_cat-750ml-liquor-bottle-manufacturer","7":"product_cat-vodka-bottle","9":"first","10":"instock","11":"shipping-taxable","12":"product-type-simple"},"yoast_head":"<!-- This site is optimized with the Yoast SEO plugin v22.0 - https:\/\/yoast.com\/wordpress\/plugins\/seo\/ -->\n<title>750ml Frosted Glass Bottles Factory | Glass Alcohol Bottles Supplier<\/title>\n<meta name=\"description\" content=\"Do you want to buy 750ml frosted glass bottles factory from China glass alcohol bottles suppliers? Factory Outlet&amp;Cheap Price Here.\" \/>\n<meta name=\"robots\" content=\"index, follow, max-snippet:-1, max-image-preview:large, max-video-preview:-1\" \/>\n<link rel=\"canonical\" href=\"https:\/\/ruishengglassco.com\/tr\/urun\/rs070-750ml-buzlu-cam-si\u0307se-fabri\u0307kasi\" \/>\n<meta property=\"og:locale\" content=\"tr_TR\" \/>\n<meta property=\"og:type\" content=\"article\" \/>\n<meta property=\"og:title\" content=\"750ml Frosted Glass Bottles Factory | Glass Alcohol Bottles Supplier\" \/>\n<meta property=\"og:description\" content=\"Do you want to buy 750ml frosted glass bottles factory from China glass alcohol bottles suppliers? Factory Outlet&amp;Cheap Price Here.\" \/>\n<meta property=\"og:url\" content=\"https:\/\/ruishengglassco.com\/tr\/urun\/rs070-750ml-buzlu-cam-si\u0307se-fabri\u0307kasi\" \/>\n<meta property=\"article:publisher\" content=\"https:\/\/www.facebook.com\/ruishengglassbottles\" \/>\n<meta property=\"article:modified_time\" content=\"2025-03-26T06:55:45+00:00\" \/>\n<meta property=\"og:image\" content=\"https:\/\/ruishengglassco.com\/wp-content\/uploads\/2025\/03\/RS070-750ml-Frosted-Glass-Bottles-Wholesale.webp\" \/>\n\t<meta property=\"og:image:width\" content=\"800\" \/>\n\t<meta property=\"og:image:height\" content=\"800\" \/>\n\t<meta property=\"og:image:type\" content=\"image\/webp\" \/>\n<meta name=\"twitter:card\" content=\"summary_large_image\" \/>\n<meta name=\"twitter:label1\" content=\"Tahmini okuma s\u00fcresi\" \/>\n\t<meta name=\"twitter:data1\" content=\"3 dakika\" \/>\n<script type=\"application\/ld+json\" class=\"yoast-schema-graph\">{\"@context\":\"https:\/\/schema.org\",\"@graph\":[{\"@type\":\"WebPage\",\"@id\":\"https:\/\/ruishengglassco.com\/product\/rs070-750ml-frosted-glass-bottles-factory\",\"url\":\"https:\/\/ruishengglassco.com\/product\/rs070-750ml-frosted-glass-bottles-factory\",\"name\":\"750ml Frosted Glass Bottles Factory | Glass Alcohol Bottles Supplier\",\"isPartOf\":{\"@id\":\"https:\/\/ruishengglassco.com\/#website\"},\"datePublished\":\"2025-03-15T03:08:58+00:00\",\"dateModified\":\"2025-03-26T06:55:45+00:00\",\"description\":\"Do you want to buy 750ml frosted glass bottles factory from China glass alcohol bottles suppliers? Factory Outlet&Cheap Price Here.\",\"breadcrumb\":{\"@id\":\"https:\/\/ruishengglassco.com\/product\/rs070-750ml-frosted-glass-bottles-factory#breadcrumb\"},\"inLanguage\":\"tr\",\"potentialAction\":[{\"@type\":\"ReadAction\",\"target\":[\"https:\/\/ruishengglassco.com\/product\/rs070-750ml-frosted-glass-bottles-factory\"]}]},{\"@type\":\"BreadcrumbList\",\"@id\":\"https:\/\/ruishengglassco.com\/product\/rs070-750ml-frosted-glass-bottles-factory#breadcrumb\",\"itemListElement\":[{\"@type\":\"ListItem\",\"position\":1,\"name\":\"Home\",\"item\":\"https:\/\/ruishengglassco.com\/\"},{\"@type\":\"ListItem\",\"position\":2,\"name\":\"Products\",\"item\":\"https:\/\/ruishengglassco.com\/products\"},{\"@type\":\"ListItem\",\"position\":3,\"name\":\"RS070: 750ml Frosted Glass Bottles Factory\"}]},{\"@type\":\"WebSite\",\"@id\":\"https:\/\/ruishengglassco.com\/#website\",\"url\":\"https:\/\/ruishengglassco.com\/\",\"name\":\"Ruisheng Glass\",\"description\":\"\",\"publisher\":{\"@id\":\"https:\/\/ruishengglassco.com\/#organization\"},\"potentialAction\":[{\"@type\":\"SearchAction\",\"target\":{\"@type\":\"EntryPoint\",\"urlTemplate\":\"https:\/\/ruishengglassco.com\/?s={search_term_string}\"},\"query-input\":\"required name=search_term_string\"}],\"inLanguage\":\"tr\"},{\"@type\":\"Organization\",\"@id\":\"https:\/\/ruishengglassco.com\/#organization\",\"name\":\"Shandong Yuncheng Ruisheng Glass Co., Ltd\",\"url\":\"https:\/\/ruishengglassco.com\/\",\"logo\":{\"@type\":\"ImageObject\",\"inLanguage\":\"tr\",\"@id\":\"https:\/\/ruishengglassco.com\/#\/schema\/logo\/image\/\",\"url\":\"https:\/\/ruishengglassco.com\/wp-content\/uploads\/2023\/09\/ruisheng_logo_icon.webp\",\"contentUrl\":\"https:\/\/ruishengglassco.com\/wp-content\/uploads\/2023\/09\/ruisheng_logo_icon.webp\",\"width\":400,\"height\":233,\"caption\":\"Shandong Yuncheng Ruisheng Glass Co., Ltd\"},\"image\":{\"@id\":\"https:\/\/ruishengglassco.com\/#\/schema\/logo\/image\/\"},\"sameAs\":[\"https:\/\/www.facebook.com\/ruishengglassbottles\",\"https:\/\/www.instagram.com\/Ruishengglassbottlewholesales\/\",\"https:\/\/www.youtube.com\/channel\/UCMmbMNGwsL-XrtjfSFLCdVQ\"]}]}<\/script>\n<!-- \/ Yoast SEO plugin. -->","yoast_head_json":{"title":"750ml Frosted Glass Bottles Factory | Glass Alcohol Bottles Supplier","description":"Do you want to buy 750ml frosted glass bottles factory from China glass alcohol bottles suppliers? Factory Outlet&Cheap Price Here.","robots":{"index":"index","follow":"follow","max-snippet":"max-snippet:-1","max-image-preview":"max-image-preview:large","max-video-preview":"max-video-preview:-1"},"canonical":"https:\/\/ruishengglassco.com\/tr\/urun\/rs070-750ml-buzlu-cam-si\u0307se-fabri\u0307kasi","og_locale":"tr_TR","og_type":"article","og_title":"750ml Frosted Glass Bottles Factory | Glass Alcohol Bottles Supplier","og_description":"Do you want to buy 750ml frosted glass bottles factory from China glass alcohol bottles suppliers? Factory Outlet&Cheap Price Here.","og_url":"https:\/\/ruishengglassco.com\/tr\/urun\/rs070-750ml-buzlu-cam-si\u0307se-fabri\u0307kasi","article_publisher":"https:\/\/www.facebook.com\/ruishengglassbottles","article_modified_time":"2025-03-26T06:55:45+00:00","og_image":[{"width":800,"height":800,"url":"https:\/\/ruishengglassco.com\/wp-content\/uploads\/2025\/03\/RS070-750ml-Frosted-Glass-Bottles-Wholesale.webp","type":"image\/webp"}],"twitter_card":"summary_large_image","twitter_misc":{"Tahmini okuma s\u00fcresi":"3 dakika"},"schema":{"@context":"https:\/\/schema.org","@graph":[{"@type":"WebPage","@id":"https:\/\/ruishengglassco.com\/product\/rs070-750ml-frosted-glass-bottles-factory","url":"https:\/\/ruishengglassco.com\/product\/rs070-750ml-frosted-glass-bottles-factory","name":"750ml Frosted Glass Bottles Factory | Glass Alcohol Bottles Supplier","isPartOf":{"@id":"https:\/\/ruishengglassco.com\/#website"},"datePublished":"2025-03-15T03:08:58+00:00","dateModified":"2025-03-26T06:55:45+00:00","description":"Do you want to buy 750ml frosted glass bottles factory from China glass alcohol bottles suppliers? Factory Outlet&Cheap Price Here.","breadcrumb":{"@id":"https:\/\/ruishengglassco.com\/product\/rs070-750ml-frosted-glass-bottles-factory#breadcrumb"},"inLanguage":"tr","potentialAction":[{"@type":"ReadAction","target":["https:\/\/ruishengglassco.com\/product\/rs070-750ml-frosted-glass-bottles-factory"]}]},{"@type":"BreadcrumbList","@id":"https:\/\/ruishengglassco.com\/product\/rs070-750ml-frosted-glass-bottles-factory#breadcrumb","itemListElement":[{"@type":"ListItem","position":1,"name":"Home","item":"https:\/\/ruishengglassco.com\/"},{"@type":"ListItem","position":2,"name":"Products","item":"https:\/\/ruishengglassco.com\/products"},{"@type":"ListItem","position":3,"name":"RS070: 750ml Frosted Glass Bottles Factory"}]},{"@type":"WebSite","@id":"https:\/\/ruishengglassco.com\/#website","url":"https:\/\/ruishengglassco.com\/","name":"Ruisheng Glass","description":"","publisher":{"@id":"https:\/\/ruishengglassco.com\/#organization"},"potentialAction":[{"@type":"SearchAction","target":{"@type":"EntryPoint","urlTemplate":"https:\/\/ruishengglassco.com\/?s={search_term_string}"},"query-input":"required name=search_term_string"}],"inLanguage":"tr"},{"@type":"Organization","@id":"https:\/\/ruishengglassco.com\/#organization","name":"Shandong Yuncheng Ruisheng Glass Co., Ltd","url":"https:\/\/ruishengglassco.com\/","logo":{"@type":"ImageObject","inLanguage":"tr","@id":"https:\/\/ruishengglassco.com\/#\/schema\/logo\/image\/","url":"https:\/\/ruishengglassco.com\/wp-content\/uploads\/2023\/09\/ruisheng_logo_icon.webp","contentUrl":"https:\/\/ruishengglassco.com\/wp-content\/uploads\/2023\/09\/ruisheng_logo_icon.webp","width":400,"height":233,"caption":"Shandong Yuncheng Ruisheng Glass Co., Ltd"},"image":{"@id":"https:\/\/ruishengglassco.com\/#\/schema\/logo\/image\/"},"sameAs":["https:\/\/www.facebook.com\/ruishengglassbottles","https:\/\/www.instagram.com\/Ruishengglassbottlewholesales\/","https:\/\/www.youtube.com\/channel\/UCMmbMNGwsL-XrtjfSFLCdVQ"]}]}},"_links":{"self":[{"href":"https:\/\/ruishengglassco.com\/tr\/wp-json\/wp\/v2\/product\/4258","targetHints":{"allow":["GET"]}}],"collection":[{"href":"https:\/\/ruishengglassco.com\/tr\/wp-json\/wp\/v2\/product"}],"about":[{"href":"https:\/\/ruishengglassco.com\/tr\/wp-json\/wp\/v2\/types\/product"}],"replies":[{"embeddable":true,"href":"https:\/\/ruishengglassco.com\/tr\/wp-json\/wp\/v2\/comments?post=4258"}],"wp:featuredmedia":[{"embeddable":true,"href":"https:\/\/ruishengglassco.com\/tr\/wp-json\/wp\/v2\/media\/4259"}],"wp:attachment":[{"href":"https:\/\/ruishengglassco.com\/tr\/wp-json\/wp\/v2\/media?parent=4258"}],"wp:term":[{"taxonomy":"product_cat","embeddable":true,"href":"https:\/\/ruishengglassco.com\/tr\/wp-json\/wp\/v2\/product_cat?post=4258"}],"curies":[{"name":"wp","href":"https:\/\/api.w.org\/{rel}","templated":true}]}}