{"id":4256,"date":"2025-03-15T11:06:10","date_gmt":"2025-03-15T03:06:10","guid":{"rendered":"https:\/\/ruishengglassco.com\/?post_type=product&#038;p=4256"},"modified":"2025-09-11T16:16:49","modified_gmt":"2025-09-11T08:16:49","slug":"rs073-500ml-cam-ispirto-siseleri-ureticisi","status":"publish","type":"product","link":"https:\/\/ruishengglassco.com\/tr\/urun\/rs073-500ml-cam-ispirto-siseleri-ureticisi","title":{"rendered":"RS073: 500ml Cam \u0130spirto \u015ei\u015feleri \u00dcreticisi"},"content":{"rendered":"<p>Ruisheng Glass Ltd. \u00c7in'de 500ml cam ispirto \u015fi\u015feleri \u00fcreticisidir. Fabrikam\u0131z a\u011f\u0131rl\u0131kl\u0131 olarak kristal beyaz cam \u015fi\u015feler ve y\u00fcksek beyaz cam \u015fi\u015feler gibi \u00fcst s\u0131n\u0131f ve orta s\u0131n\u0131f ispirto cam \u015fi\u015feleri \u00fcretmektedir.<\/p>\n<p>500ml cam \u015fi\u015feler fabrikam\u0131zdaki ba\u015fl\u0131ca hacimli cam \u015fi\u015felerden biridir. Silindir cam \u015fi\u015fe, kare cam \u015fi\u015feler, plaka cam \u015fi\u015fe ve \u00f6zel \u015fekilli cam \u015fi\u015feler gibi farkl\u0131 \u015fekillerde bo\u015f cam \u015fi\u015feler sunabiliriz. Ve 100ml, 125ml, 250ml, 375ml, 500ml gibi farkl\u0131 hacimli lik\u00f6r cam \u015fi\u015feleri yapabiliriz. 700ml, 750ml, 1000ml, 1750ml, 3000ml ve di\u011fer \u00f6zel hacimli cam \u015fi\u015feler.<\/p>\n<h2>500ml Cam \u0130spirto \u015ei\u015felerinin Detaylar\u0131<\/h2>\n<p>Bu 500ml cam ispirto \u015fi\u015femiz alt\u0131gen prizma \u015feklindedir. Ve a\u011f\u0131rl\u0131\u011f\u0131 580g'd\u0131r. Bu cam \u015fi\u015fe guala kapakl\u0131d\u0131r. S\u0131zd\u0131rmazl\u0131k tipi \u00e7ok g\u00fcvenli ve sahtedir. Bu kapa\u011f\u0131 cam \u015fi\u015feleri bir kez m\u00fch\u00fcrlemek i\u00e7in kullanabilirsiniz. Cam \u015fi\u015felerin \u00fczerine biraz s\u0131v\u0131 b\u0131rakt\u0131\u011f\u0131n\u0131zda kapa\u011f\u0131 cam \u015fi\u015felerin \u00fczerine koyabilirsiniz. Ancak cam \u015fi\u015felere ikinci kez s\u0131v\u0131 doldurabilirsiniz. B\u00f6ylece bu, s\u0131v\u0131n\u0131z i\u00e7in g\u00fcvenli olabilir ve di\u011fer \u015firketler \u015fi\u015fenizi s\u0131v\u0131y\u0131 tutmak i\u00e7in kullanamaz.<\/p>\n<h2>Paketleme Yolu Hakk\u0131nda<\/h2>\n<p>Alkol cam \u015fi\u015felerini paketlemek i\u00e7in \u00fc\u00e7 yolumuz var ve ayr\u0131ca cam \u015fi\u015feleri m\u00fc\u015fterinin talebine g\u00f6re paketleyebiliriz.<\/p>\n<p>Cam \u015fi\u015felerin ilk paketleme \u015fekli karton ambalajd\u0131r. Karton standart ihracat kartonudur. \u00d6zel ambalaj kutunuzu yapmak istiyorsan\u0131z, bunu sizin i\u00e7in de yapabiliriz.<\/p>\n<p>Cam ispirto \u015fi\u015felerinin ikinci paketleme \u015fekli paletli paketlemedir. Palet f\u00fcmigasyonsuzdur. Ve palet boyutu 100 x 120 cm'dir.<\/p>\n<p>\u00dc\u00e7\u00fcnc\u00fc paketleme yolu karton ve palet paketlemedir. Karton standart ihracat kartonu veya \u00f6zel renk kutusudur ve palet f\u00fcmigasyonsuzdur.<\/p>\n<p>500ml cam ispirto \u015fi\u015fesi sat\u0131n almak istiyorsan\u0131z, bizimle ileti\u015fime ge\u00e7ebilirsiniz.<\/p>","protected":false},"excerpt":{"rendered":"<table class=\"tg\">\n<tbody>\n<tr>\n<th class=\"tg-yw4l\" colspan=\"2\">500ml Cam \u0130spirto \u015ei\u015feleri \u00dcreticisi<\/th>\n<\/tr>\n<tr>\n<td class=\"tg-b7b8\">Referans:<\/td>\n<td class=\"tg-b7b8\">RS073<\/td>\n<\/tr>\n<tr>\n<td class=\"tg-yw4l\">Ana malzeme:<\/td>\n<td class=\"tg-yw4l\">Y\u00fcksek \u00e7akmakta\u015f\u0131 cam (bu malzeme kristal beyaz cam olarak da adland\u0131r\u0131l\u0131r)<\/td>\n<\/tr>\n<tr>\n<td class=\"tg-b7b8\">Kaptan:<\/td>\n<td class=\"tg-b7b8\">guala cap<\/td>\n<\/tr>\n<tr>\n<td class=\"tg-yw4l\">Kapasite:<\/td>\n<td class=\"tg-yw4l\">700ml<\/td>\n<\/tr>\n<tr>\n<td class=\"tg-b7b8\">\u00d6zellik:<\/td>\n<td class=\"tg-b7b8\">\u00c7evre dostu<\/td>\n<\/tr>\n<tr>\n<td class=\"tg-yw4l\">ADEDI:<\/td>\n<td class=\"tg-yw4l\">10000 ADET<\/td>\n<\/tr>\n<tr>\n<td class=\"tg-b7b8\">Paketleme \u015eekli:<\/td>\n<td class=\"tg-b7b8\">\u0130hracat standart karton \/ Palet \/ ihracat standart karton ve palet<\/td>\n<\/tr>\n<tr>\n<td class=\"tg-yw4l\">OEM\/ODM:<\/td>\n<td class=\"tg-yw4l\">Ho\u015f geldiniz<\/td>\n<\/tr>\n<tr>\n<td class=\"tg-b7b8\">Yerin k\u00f6keni:<\/td>\n<td class=\"tg-b7b8\">Shandong, \u00c7in<\/td>\n<\/tr>\n<tr>\n<td class=\"tg-yw4l\">Adet\/Ktn:<\/td>\n<td class=\"tg-yw4l\">24 adet veya m\u00fc\u015fteri taleplerine g\u00f6re<\/td>\n<\/tr>\n<\/tbody>\n<\/table>","protected":false},"featured_media":4257,"comment_status":"closed","ping_status":"closed","template":"","meta":[],"product_cat":[41],"class_list":{"0":"post-4256","1":"product","2":"type-product","3":"status-publish","4":"has-post-thumbnail","6":"product_cat-500ml-liquor-bottle-manufacturer","8":"first","9":"instock","10":"shipping-taxable","11":"product-type-simple"},"yoast_head":"<!-- This site is optimized with the Yoast SEO plugin v22.0 - https:\/\/yoast.com\/wordpress\/plugins\/seo\/ -->\n<title>500ml Glass Spirit Bottles Manufacturer |Wholesale Glass Bottle For Liquor<\/title>\n<meta name=\"description\" content=\"Ruisheng(RS), one of the best China glass spirit bottles manufacturer, wholesale 500ml glass bottle for liquor with high quality&amp;cheap price.\" \/>\n<meta name=\"robots\" content=\"index, follow, max-snippet:-1, max-image-preview:large, max-video-preview:-1\" \/>\n<link rel=\"canonical\" href=\"https:\/\/ruishengglassco.com\/tr\/urun\/rs073-500ml-cam-ispirto-siseleri-ureticisi\" \/>\n<meta property=\"og:locale\" content=\"tr_TR\" \/>\n<meta property=\"og:type\" content=\"article\" \/>\n<meta property=\"og:title\" content=\"500ml Glass Spirit Bottles Manufacturer |Wholesale Glass Bottle For Liquor\" \/>\n<meta property=\"og:description\" content=\"Ruisheng(RS), one of the best China glass spirit bottles manufacturer, wholesale 500ml glass bottle for liquor with high quality&amp;cheap price.\" \/>\n<meta property=\"og:url\" content=\"https:\/\/ruishengglassco.com\/tr\/urun\/rs073-500ml-cam-ispirto-siseleri-ureticisi\" \/>\n<meta property=\"article:publisher\" content=\"https:\/\/www.facebook.com\/ruishengglassbottles\" \/>\n<meta property=\"article:modified_time\" content=\"2025-09-11T08:16:49+00:00\" \/>\n<meta property=\"og:image\" content=\"https:\/\/ruishengglassco.com\/wp-content\/uploads\/2025\/03\/RS073-500ml-Glass-Spirit-Bottles-Manufacturer.webp\" \/>\n\t<meta property=\"og:image:width\" content=\"800\" \/>\n\t<meta property=\"og:image:height\" content=\"800\" \/>\n\t<meta property=\"og:image:type\" content=\"image\/webp\" \/>\n<meta name=\"twitter:card\" content=\"summary_large_image\" \/>\n<meta name=\"twitter:label1\" content=\"Tahmini okuma s\u00fcresi\" \/>\n\t<meta name=\"twitter:data1\" content=\"2 dakika\" \/>\n<script type=\"application\/ld+json\" class=\"yoast-schema-graph\">{\"@context\":\"https:\/\/schema.org\",\"@graph\":[{\"@type\":\"WebPage\",\"@id\":\"https:\/\/ruishengglassco.com\/product\/rs073-500ml-glass-spirit-bottles-manufacturer\",\"url\":\"https:\/\/ruishengglassco.com\/product\/rs073-500ml-glass-spirit-bottles-manufacturer\",\"name\":\"500ml Glass Spirit Bottles Manufacturer |Wholesale Glass Bottle For Liquor\",\"isPartOf\":{\"@id\":\"https:\/\/ruishengglassco.com\/#website\"},\"datePublished\":\"2025-03-15T03:06:10+00:00\",\"dateModified\":\"2025-09-11T08:16:49+00:00\",\"description\":\"Ruisheng(RS), one of the best China glass spirit bottles manufacturer, wholesale 500ml glass bottle for liquor with high quality&cheap price.\",\"breadcrumb\":{\"@id\":\"https:\/\/ruishengglassco.com\/product\/rs073-500ml-glass-spirit-bottles-manufacturer#breadcrumb\"},\"inLanguage\":\"tr\",\"potentialAction\":[{\"@type\":\"ReadAction\",\"target\":[\"https:\/\/ruishengglassco.com\/product\/rs073-500ml-glass-spirit-bottles-manufacturer\"]}]},{\"@type\":\"BreadcrumbList\",\"@id\":\"https:\/\/ruishengglassco.com\/product\/rs073-500ml-glass-spirit-bottles-manufacturer#breadcrumb\",\"itemListElement\":[{\"@type\":\"ListItem\",\"position\":1,\"name\":\"Home\",\"item\":\"https:\/\/ruishengglassco.com\/\"},{\"@type\":\"ListItem\",\"position\":2,\"name\":\"Products\",\"item\":\"https:\/\/ruishengglassco.com\/products\"},{\"@type\":\"ListItem\",\"position\":3,\"name\":\"RS073: 500ml Glass Spirit Bottles Manufacturer\"}]},{\"@type\":\"WebSite\",\"@id\":\"https:\/\/ruishengglassco.com\/#website\",\"url\":\"https:\/\/ruishengglassco.com\/\",\"name\":\"Ruisheng Glass\",\"description\":\"\",\"publisher\":{\"@id\":\"https:\/\/ruishengglassco.com\/#organization\"},\"potentialAction\":[{\"@type\":\"SearchAction\",\"target\":{\"@type\":\"EntryPoint\",\"urlTemplate\":\"https:\/\/ruishengglassco.com\/?s={search_term_string}\"},\"query-input\":\"required name=search_term_string\"}],\"inLanguage\":\"tr\"},{\"@type\":\"Organization\",\"@id\":\"https:\/\/ruishengglassco.com\/#organization\",\"name\":\"Shandong Yuncheng Ruisheng Glass Co., Ltd\",\"url\":\"https:\/\/ruishengglassco.com\/\",\"logo\":{\"@type\":\"ImageObject\",\"inLanguage\":\"tr\",\"@id\":\"https:\/\/ruishengglassco.com\/#\/schema\/logo\/image\/\",\"url\":\"https:\/\/ruishengglassco.com\/wp-content\/uploads\/2023\/09\/ruisheng_logo_icon.webp\",\"contentUrl\":\"https:\/\/ruishengglassco.com\/wp-content\/uploads\/2023\/09\/ruisheng_logo_icon.webp\",\"width\":400,\"height\":233,\"caption\":\"Shandong Yuncheng Ruisheng Glass Co., Ltd\"},\"image\":{\"@id\":\"https:\/\/ruishengglassco.com\/#\/schema\/logo\/image\/\"},\"sameAs\":[\"https:\/\/www.facebook.com\/ruishengglassbottles\",\"https:\/\/www.instagram.com\/Ruishengglassbottlewholesales\/\",\"https:\/\/www.youtube.com\/channel\/UCMmbMNGwsL-XrtjfSFLCdVQ\"]}]}<\/script>\n<!-- \/ Yoast SEO plugin. -->","yoast_head_json":{"title":"500ml Glass Spirit Bottles Manufacturer |Wholesale Glass Bottle For Liquor","description":"Ruisheng(RS), one of the best China glass spirit bottles manufacturer, wholesale 500ml glass bottle for liquor with high quality&cheap price.","robots":{"index":"index","follow":"follow","max-snippet":"max-snippet:-1","max-image-preview":"max-image-preview:large","max-video-preview":"max-video-preview:-1"},"canonical":"https:\/\/ruishengglassco.com\/tr\/urun\/rs073-500ml-cam-ispirto-siseleri-ureticisi","og_locale":"tr_TR","og_type":"article","og_title":"500ml Glass Spirit Bottles Manufacturer |Wholesale Glass Bottle For Liquor","og_description":"Ruisheng(RS), one of the best China glass spirit bottles manufacturer, wholesale 500ml glass bottle for liquor with high quality&cheap price.","og_url":"https:\/\/ruishengglassco.com\/tr\/urun\/rs073-500ml-cam-ispirto-siseleri-ureticisi","article_publisher":"https:\/\/www.facebook.com\/ruishengglassbottles","article_modified_time":"2025-09-11T08:16:49+00:00","og_image":[{"width":800,"height":800,"url":"https:\/\/ruishengglassco.com\/wp-content\/uploads\/2025\/03\/RS073-500ml-Glass-Spirit-Bottles-Manufacturer.webp","type":"image\/webp"}],"twitter_card":"summary_large_image","twitter_misc":{"Tahmini okuma s\u00fcresi":"2 dakika"},"schema":{"@context":"https:\/\/schema.org","@graph":[{"@type":"WebPage","@id":"https:\/\/ruishengglassco.com\/product\/rs073-500ml-glass-spirit-bottles-manufacturer","url":"https:\/\/ruishengglassco.com\/product\/rs073-500ml-glass-spirit-bottles-manufacturer","name":"500ml Glass Spirit Bottles Manufacturer |Wholesale Glass Bottle For Liquor","isPartOf":{"@id":"https:\/\/ruishengglassco.com\/#website"},"datePublished":"2025-03-15T03:06:10+00:00","dateModified":"2025-09-11T08:16:49+00:00","description":"Ruisheng(RS), one of the best China glass spirit bottles manufacturer, wholesale 500ml glass bottle for liquor with high quality&cheap price.","breadcrumb":{"@id":"https:\/\/ruishengglassco.com\/product\/rs073-500ml-glass-spirit-bottles-manufacturer#breadcrumb"},"inLanguage":"tr","potentialAction":[{"@type":"ReadAction","target":["https:\/\/ruishengglassco.com\/product\/rs073-500ml-glass-spirit-bottles-manufacturer"]}]},{"@type":"BreadcrumbList","@id":"https:\/\/ruishengglassco.com\/product\/rs073-500ml-glass-spirit-bottles-manufacturer#breadcrumb","itemListElement":[{"@type":"ListItem","position":1,"name":"Home","item":"https:\/\/ruishengglassco.com\/"},{"@type":"ListItem","position":2,"name":"Products","item":"https:\/\/ruishengglassco.com\/products"},{"@type":"ListItem","position":3,"name":"RS073: 500ml Glass Spirit Bottles Manufacturer"}]},{"@type":"WebSite","@id":"https:\/\/ruishengglassco.com\/#website","url":"https:\/\/ruishengglassco.com\/","name":"Ruisheng Glass","description":"","publisher":{"@id":"https:\/\/ruishengglassco.com\/#organization"},"potentialAction":[{"@type":"SearchAction","target":{"@type":"EntryPoint","urlTemplate":"https:\/\/ruishengglassco.com\/?s={search_term_string}"},"query-input":"required name=search_term_string"}],"inLanguage":"tr"},{"@type":"Organization","@id":"https:\/\/ruishengglassco.com\/#organization","name":"Shandong Yuncheng Ruisheng Glass Co., Ltd","url":"https:\/\/ruishengglassco.com\/","logo":{"@type":"ImageObject","inLanguage":"tr","@id":"https:\/\/ruishengglassco.com\/#\/schema\/logo\/image\/","url":"https:\/\/ruishengglassco.com\/wp-content\/uploads\/2023\/09\/ruisheng_logo_icon.webp","contentUrl":"https:\/\/ruishengglassco.com\/wp-content\/uploads\/2023\/09\/ruisheng_logo_icon.webp","width":400,"height":233,"caption":"Shandong Yuncheng Ruisheng Glass Co., Ltd"},"image":{"@id":"https:\/\/ruishengglassco.com\/#\/schema\/logo\/image\/"},"sameAs":["https:\/\/www.facebook.com\/ruishengglassbottles","https:\/\/www.instagram.com\/Ruishengglassbottlewholesales\/","https:\/\/www.youtube.com\/channel\/UCMmbMNGwsL-XrtjfSFLCdVQ"]}]}},"_links":{"self":[{"href":"https:\/\/ruishengglassco.com\/tr\/wp-json\/wp\/v2\/product\/4256","targetHints":{"allow":["GET"]}}],"collection":[{"href":"https:\/\/ruishengglassco.com\/tr\/wp-json\/wp\/v2\/product"}],"about":[{"href":"https:\/\/ruishengglassco.com\/tr\/wp-json\/wp\/v2\/types\/product"}],"replies":[{"embeddable":true,"href":"https:\/\/ruishengglassco.com\/tr\/wp-json\/wp\/v2\/comments?post=4256"}],"wp:featuredmedia":[{"embeddable":true,"href":"https:\/\/ruishengglassco.com\/tr\/wp-json\/wp\/v2\/media\/4257"}],"wp:attachment":[{"href":"https:\/\/ruishengglassco.com\/tr\/wp-json\/wp\/v2\/media?parent=4256"}],"wp:term":[{"taxonomy":"product_cat","embeddable":true,"href":"https:\/\/ruishengglassco.com\/tr\/wp-json\/wp\/v2\/product_cat?post=4256"}],"curies":[{"name":"wp","href":"https:\/\/api.w.org\/{rel}","templated":true}]}}