{"id":4254,"date":"2025-03-15T11:04:10","date_gmt":"2025-03-15T03:04:10","guid":{"rendered":"https:\/\/ruishengglassco.com\/?post_type=product&#038;p=4254"},"modified":"2025-07-17T14:14:16","modified_gmt":"2025-07-17T06:14:16","slug":"rs074-500ml-benzersiz-cam-siseler-toptan","status":"publish","type":"product","link":"https:\/\/ruishengglassco.com\/tr\/urun\/rs074-500ml-benzersiz-cam-siseler-toptan","title":{"rendered":"RS074: 500ml Benzersiz Cam \u015ei\u015feler \u00dcreticileri"},"content":{"rendered":"<p>Toptan 500ml benzersiz cam \u015fi\u015feler \u00c7in'de \u00fcretilmi\u015ftir. Bu cam \u015fi\u015fe sadece Viski i\u00e7in de\u011fil, her t\u00fcrl\u00fc alkoll\u00fc i\u00e7ki ve daha fazlas\u0131 i\u00e7in m\u00fckemmel bir evdir. Bu \u00f6zel cam \u015fi\u015feler, en b\u00fcy\u00fck cam \u015fi\u015fe tedarik\u00e7ilerinden biri olan Ruisheng taraf\u0131ndan \u00fcretilmektedir. Ve Avrupa, ABD, Avustralya, Amerika vb. \u00fclkelere ihra\u00e7 edilmektedir.<\/p>\n<p>Bu 500ml benzersiz cam \u015fi\u015feler toptan tam otomatik makineler taraf\u0131ndan yap\u0131l\u0131r. Fabrikam\u0131zda 12 \u00fcretim hatt\u0131 bulunmaktad\u0131r ve \u00fcretimimiz g\u00fcnde yakla\u015f\u0131k 120.000 adettir. T\u00fcm sipari\u015fleri zaman\u0131nda bitirebiliriz. Bu y\u00fczden cam \u015fi\u015feler i\u00e7in teslimat s\u00fcremiz hakk\u0131nda endi\u015felenmeyin.<\/p>\n<p>Fabrikam\u0131z \u00e7e\u015fitli kullan\u0131mlar i\u00e7in y\u00fcksek kaliteli cam \u015fi\u015feler sunmaktad\u0131r: yiyecek ve i\u00e7ecek, toptan ambalaj, d\u00fc\u011f\u00fcn hediyeleri, el sanatlar\u0131 ve daha fazlas\u0131. \u0130ster yeni bir i\u00e7ecek \u00fcr\u00fcnleri serisi i\u00e7in ambalaja ihtiyac\u0131n\u0131z olsun, ister mevcut \u00fcr\u00fcnlerinizi ambalajlamak i\u00e7in bunlara ihtiyac\u0131n\u0131z olsun.<\/p>\n<h2>500ml E\u015fsiz Cam \u015ei\u015feler Toptan Sat\u0131\u015f Detaylar\u0131<\/h2>\n<p>Bu 500 ml'lik benzersiz cam \u015fi\u015fe, cam \u015fi\u015feyi daha net, daha dayan\u0131kl\u0131 ve daha p\u00fcr\u00fczs\u00fcz hale getiren y\u00fcksek \u00e7akmakta\u015f\u0131 cam malzemeden yap\u0131lm\u0131\u015ft\u0131r. Cam a\u011f\u0131rl\u0131\u011f\u0131 620g'd\u0131r ve kal\u0131n bir tabana sahiptir.<\/p>\n<p>Bu cam \u015fi\u015feler \u00fczerinde toptan derin i\u015fleme yapabiliriz. \u00c7\u0131kartma logosu, buzlu, boyama rengi, etiket etiketi ve cam \u015fi\u015feler \u00fczerindeki di\u011fer derin i\u015flemler gibi. Ayr\u0131ca bu 500 ml'lik benzersiz cam \u015fi\u015feler i\u00e7in farkl\u0131 renkler ve farkl\u0131 malzeme T-mantar sunabiliriz. T - mantar\u0131n rengi hakk\u0131nda, k\u0131rm\u0131z\u0131 renk, alt\u0131n rengi, g\u00fcm\u00fc\u015f rengi ve ba\u015fka bir \u00f6zel renk ile yapabiliriz. T-mantar malzemesi hakk\u0131nda, y\u00fcksek polimer mantar, karma\u015f\u0131k mantar ve ah\u015fap mantar sunabiliriz.<\/p>\n<p>Profesyonel cam \u015fi\u015fe \u00fcreticisi oldu\u011fumuz i\u00e7in, mevcut cam \u015fi\u015feler veya \u00f6zelle\u015ftirilmi\u015f cam \u015fi\u015feler ne olursa olsun, m\u00fc\u015fteri i\u00e7in en iyi s\u0131v\u0131 cam \u015fi\u015feleri sunabiliriz. Ve t\u00fcm cam \u015fi\u015feler makul bir fiyat olacakt\u0131r.<\/p>\n<p>Cam \u015fi\u015feler 500ml benzersiz cam \u015fi\u015feler veya \u00f6zelle\u015ftirilmi\u015f cam \u015fi\u015feler sat\u0131n almak istiyorsan\u0131z, l\u00fctfen bizimle ileti\u015fime ge\u00e7in. Sizin i\u00e7in elimizden geleni yapar\u0131z.<\/p>","protected":false},"excerpt":{"rendered":"<p>Ba\u015fl\u0131ca \u00fcr\u00fcnlerimiz votka \u015fi\u015feleri, brendi \u015fi\u015feleri, viski \u015fi\u015feleri, lik\u00f6r \u015fi\u015feleri, re\u00e7el \u015fi\u015feleri ve benzeri gibi \u00fcst s\u0131n\u0131f cam \u015fi\u015felerdir. Ayr\u0131ca amber cam \u015fi\u015feler, ye\u015fil \u015fi\u015feler ve su \u015fi\u015feleri de sunabiliriz. Ana pazarlar\u0131m\u0131z Avrupa, ABD, Avustralya ve Amerika'd\u0131r. T\u00fcm \u00fcr\u00fcnlerimiz yenilikleri ve i\u015flevsellikleri ile tan\u0131nmaktad\u0131r.<\/p>","protected":false},"featured_media":4255,"comment_status":"closed","ping_status":"closed","template":"","meta":[],"product_cat":[41],"class_list":{"0":"post-4254","1":"product","2":"type-product","3":"status-publish","4":"has-post-thumbnail","6":"product_cat-500ml-liquor-bottle-manufacturer","8":"first","9":"instock","10":"shipping-taxable","11":"product-type-simple"},"yoast_head":"<!-- This site is optimized with the Yoast SEO plugin v22.0 - https:\/\/yoast.com\/wordpress\/plugins\/seo\/ -->\n<title>500ml Unique Glass Bottles Manufacturers | China Alcohol Bottle Suppliers<\/title>\n<meta name=\"description\" content=\"Do you want to buy 500ml unique glass bottles Manufacturers from China Alcohol bottle suppliers? Factory Outlet&amp;Cheap Price. Custom Service Offered.\" \/>\n<meta name=\"robots\" content=\"index, follow, max-snippet:-1, max-image-preview:large, max-video-preview:-1\" \/>\n<link rel=\"canonical\" href=\"https:\/\/ruishengglassco.com\/tr\/urun\/rs074-500ml-benzersiz-cam-siseler-toptan\" \/>\n<meta property=\"og:locale\" content=\"tr_TR\" \/>\n<meta property=\"og:type\" content=\"article\" \/>\n<meta property=\"og:title\" content=\"500ml Unique Glass Bottles Manufacturers | China Alcohol Bottle Suppliers\" \/>\n<meta property=\"og:description\" content=\"Do you want to buy 500ml unique glass bottles Manufacturers from China Alcohol bottle suppliers? Factory Outlet&amp;Cheap Price. Custom Service Offered.\" \/>\n<meta property=\"og:url\" content=\"https:\/\/ruishengglassco.com\/tr\/urun\/rs074-500ml-benzersiz-cam-siseler-toptan\" \/>\n<meta property=\"article:publisher\" content=\"https:\/\/www.facebook.com\/ruishengglassbottles\" \/>\n<meta property=\"article:modified_time\" content=\"2025-07-17T06:14:16+00:00\" \/>\n<meta property=\"og:image\" content=\"https:\/\/ruishengglassco.com\/wp-content\/uploads\/2025\/03\/RS074-500ml-Unique-Glass-Bottles-Wholesale.webp\" \/>\n\t<meta property=\"og:image:width\" content=\"800\" \/>\n\t<meta property=\"og:image:height\" content=\"800\" \/>\n\t<meta property=\"og:image:type\" content=\"image\/webp\" \/>\n<meta name=\"twitter:card\" content=\"summary_large_image\" \/>\n<meta name=\"twitter:label1\" content=\"Tahmini okuma s\u00fcresi\" \/>\n\t<meta name=\"twitter:data1\" content=\"2 dakika\" \/>\n<script type=\"application\/ld+json\" class=\"yoast-schema-graph\">{\"@context\":\"https:\/\/schema.org\",\"@graph\":[{\"@type\":\"WebPage\",\"@id\":\"https:\/\/ruishengglassco.com\/product\/rs074-500ml-unique-glass-bottles-wholesale\",\"url\":\"https:\/\/ruishengglassco.com\/product\/rs074-500ml-unique-glass-bottles-wholesale\",\"name\":\"500ml Unique Glass Bottles Manufacturers | China Alcohol Bottle Suppliers\",\"isPartOf\":{\"@id\":\"https:\/\/ruishengglassco.com\/#website\"},\"datePublished\":\"2025-03-15T03:04:10+00:00\",\"dateModified\":\"2025-07-17T06:14:16+00:00\",\"description\":\"Do you want to buy 500ml unique glass bottles Manufacturers from China Alcohol bottle suppliers? Factory Outlet&Cheap Price. Custom Service Offered.\",\"breadcrumb\":{\"@id\":\"https:\/\/ruishengglassco.com\/product\/rs074-500ml-unique-glass-bottles-wholesale#breadcrumb\"},\"inLanguage\":\"tr\",\"potentialAction\":[{\"@type\":\"ReadAction\",\"target\":[\"https:\/\/ruishengglassco.com\/product\/rs074-500ml-unique-glass-bottles-wholesale\"]}]},{\"@type\":\"BreadcrumbList\",\"@id\":\"https:\/\/ruishengglassco.com\/product\/rs074-500ml-unique-glass-bottles-wholesale#breadcrumb\",\"itemListElement\":[{\"@type\":\"ListItem\",\"position\":1,\"name\":\"Home\",\"item\":\"https:\/\/ruishengglassco.com\/\"},{\"@type\":\"ListItem\",\"position\":2,\"name\":\"Products\",\"item\":\"https:\/\/ruishengglassco.com\/products\"},{\"@type\":\"ListItem\",\"position\":3,\"name\":\"RS074: 500ml Unique Glass Bottles Manufacturers\"}]},{\"@type\":\"WebSite\",\"@id\":\"https:\/\/ruishengglassco.com\/#website\",\"url\":\"https:\/\/ruishengglassco.com\/\",\"name\":\"Ruisheng Glass\",\"description\":\"\",\"publisher\":{\"@id\":\"https:\/\/ruishengglassco.com\/#organization\"},\"potentialAction\":[{\"@type\":\"SearchAction\",\"target\":{\"@type\":\"EntryPoint\",\"urlTemplate\":\"https:\/\/ruishengglassco.com\/?s={search_term_string}\"},\"query-input\":\"required name=search_term_string\"}],\"inLanguage\":\"tr\"},{\"@type\":\"Organization\",\"@id\":\"https:\/\/ruishengglassco.com\/#organization\",\"name\":\"Shandong Yuncheng Ruisheng Glass Co., Ltd\",\"url\":\"https:\/\/ruishengglassco.com\/\",\"logo\":{\"@type\":\"ImageObject\",\"inLanguage\":\"tr\",\"@id\":\"https:\/\/ruishengglassco.com\/#\/schema\/logo\/image\/\",\"url\":\"https:\/\/ruishengglassco.com\/wp-content\/uploads\/2023\/09\/ruisheng_logo_icon.webp\",\"contentUrl\":\"https:\/\/ruishengglassco.com\/wp-content\/uploads\/2023\/09\/ruisheng_logo_icon.webp\",\"width\":400,\"height\":233,\"caption\":\"Shandong Yuncheng Ruisheng Glass Co., Ltd\"},\"image\":{\"@id\":\"https:\/\/ruishengglassco.com\/#\/schema\/logo\/image\/\"},\"sameAs\":[\"https:\/\/www.facebook.com\/ruishengglassbottles\",\"https:\/\/www.instagram.com\/Ruishengglassbottlewholesales\/\",\"https:\/\/www.youtube.com\/channel\/UCMmbMNGwsL-XrtjfSFLCdVQ\"]}]}<\/script>\n<!-- \/ Yoast SEO plugin. -->","yoast_head_json":{"title":"500ml Unique Glass Bottles Manufacturers | China Alcohol Bottle Suppliers","description":"Do you want to buy 500ml unique glass bottles Manufacturers from China Alcohol bottle suppliers? Factory Outlet&Cheap Price. Custom Service Offered.","robots":{"index":"index","follow":"follow","max-snippet":"max-snippet:-1","max-image-preview":"max-image-preview:large","max-video-preview":"max-video-preview:-1"},"canonical":"https:\/\/ruishengglassco.com\/tr\/urun\/rs074-500ml-benzersiz-cam-siseler-toptan","og_locale":"tr_TR","og_type":"article","og_title":"500ml Unique Glass Bottles Manufacturers | China Alcohol Bottle Suppliers","og_description":"Do you want to buy 500ml unique glass bottles Manufacturers from China Alcohol bottle suppliers? Factory Outlet&Cheap Price. Custom Service Offered.","og_url":"https:\/\/ruishengglassco.com\/tr\/urun\/rs074-500ml-benzersiz-cam-siseler-toptan","article_publisher":"https:\/\/www.facebook.com\/ruishengglassbottles","article_modified_time":"2025-07-17T06:14:16+00:00","og_image":[{"width":800,"height":800,"url":"https:\/\/ruishengglassco.com\/wp-content\/uploads\/2025\/03\/RS074-500ml-Unique-Glass-Bottles-Wholesale.webp","type":"image\/webp"}],"twitter_card":"summary_large_image","twitter_misc":{"Tahmini okuma s\u00fcresi":"2 dakika"},"schema":{"@context":"https:\/\/schema.org","@graph":[{"@type":"WebPage","@id":"https:\/\/ruishengglassco.com\/product\/rs074-500ml-unique-glass-bottles-wholesale","url":"https:\/\/ruishengglassco.com\/product\/rs074-500ml-unique-glass-bottles-wholesale","name":"500ml Unique Glass Bottles Manufacturers | China Alcohol Bottle Suppliers","isPartOf":{"@id":"https:\/\/ruishengglassco.com\/#website"},"datePublished":"2025-03-15T03:04:10+00:00","dateModified":"2025-07-17T06:14:16+00:00","description":"Do you want to buy 500ml unique glass bottles Manufacturers from China Alcohol bottle suppliers? Factory Outlet&Cheap Price. Custom Service Offered.","breadcrumb":{"@id":"https:\/\/ruishengglassco.com\/product\/rs074-500ml-unique-glass-bottles-wholesale#breadcrumb"},"inLanguage":"tr","potentialAction":[{"@type":"ReadAction","target":["https:\/\/ruishengglassco.com\/product\/rs074-500ml-unique-glass-bottles-wholesale"]}]},{"@type":"BreadcrumbList","@id":"https:\/\/ruishengglassco.com\/product\/rs074-500ml-unique-glass-bottles-wholesale#breadcrumb","itemListElement":[{"@type":"ListItem","position":1,"name":"Home","item":"https:\/\/ruishengglassco.com\/"},{"@type":"ListItem","position":2,"name":"Products","item":"https:\/\/ruishengglassco.com\/products"},{"@type":"ListItem","position":3,"name":"RS074: 500ml Unique Glass Bottles Manufacturers"}]},{"@type":"WebSite","@id":"https:\/\/ruishengglassco.com\/#website","url":"https:\/\/ruishengglassco.com\/","name":"Ruisheng Glass","description":"","publisher":{"@id":"https:\/\/ruishengglassco.com\/#organization"},"potentialAction":[{"@type":"SearchAction","target":{"@type":"EntryPoint","urlTemplate":"https:\/\/ruishengglassco.com\/?s={search_term_string}"},"query-input":"required name=search_term_string"}],"inLanguage":"tr"},{"@type":"Organization","@id":"https:\/\/ruishengglassco.com\/#organization","name":"Shandong Yuncheng Ruisheng Glass Co., Ltd","url":"https:\/\/ruishengglassco.com\/","logo":{"@type":"ImageObject","inLanguage":"tr","@id":"https:\/\/ruishengglassco.com\/#\/schema\/logo\/image\/","url":"https:\/\/ruishengglassco.com\/wp-content\/uploads\/2023\/09\/ruisheng_logo_icon.webp","contentUrl":"https:\/\/ruishengglassco.com\/wp-content\/uploads\/2023\/09\/ruisheng_logo_icon.webp","width":400,"height":233,"caption":"Shandong Yuncheng Ruisheng Glass Co., Ltd"},"image":{"@id":"https:\/\/ruishengglassco.com\/#\/schema\/logo\/image\/"},"sameAs":["https:\/\/www.facebook.com\/ruishengglassbottles","https:\/\/www.instagram.com\/Ruishengglassbottlewholesales\/","https:\/\/www.youtube.com\/channel\/UCMmbMNGwsL-XrtjfSFLCdVQ"]}]}},"_links":{"self":[{"href":"https:\/\/ruishengglassco.com\/tr\/wp-json\/wp\/v2\/product\/4254","targetHints":{"allow":["GET"]}}],"collection":[{"href":"https:\/\/ruishengglassco.com\/tr\/wp-json\/wp\/v2\/product"}],"about":[{"href":"https:\/\/ruishengglassco.com\/tr\/wp-json\/wp\/v2\/types\/product"}],"replies":[{"embeddable":true,"href":"https:\/\/ruishengglassco.com\/tr\/wp-json\/wp\/v2\/comments?post=4254"}],"wp:featuredmedia":[{"embeddable":true,"href":"https:\/\/ruishengglassco.com\/tr\/wp-json\/wp\/v2\/media\/4255"}],"wp:attachment":[{"href":"https:\/\/ruishengglassco.com\/tr\/wp-json\/wp\/v2\/media?parent=4254"}],"wp:term":[{"taxonomy":"product_cat","embeddable":true,"href":"https:\/\/ruishengglassco.com\/tr\/wp-json\/wp\/v2\/product_cat?post=4254"}],"curies":[{"name":"wp","href":"https:\/\/api.w.org\/{rel}","templated":true}]}}