{"id":4252,"date":"2025-03-15T11:00:36","date_gmt":"2025-03-15T03:00:36","guid":{"rendered":"https:\/\/ruishengglassco.com\/?post_type=product&#038;p=4252"},"modified":"2025-07-17T14:13:22","modified_gmt":"2025-07-17T06:13:22","slug":"rs075-500ml-mantar-kapakli-cam-siseler-toptan","status":"publish","type":"product","link":"https:\/\/ruishengglassco.com\/tr\/urun\/rs075-500ml-mantar-kapakli-cam-siseler-toptan","title":{"rendered":"RS075: 500ml Mantar \u00dcst\u00fc Cam \u015ei\u015feler \u00dcreticileri"},"content":{"rendered":"<h2>500ml Mantar \u00dcst\u00fc Cam \u015ei\u015fe \u00dcreticileri Hakk\u0131nda Detayl\u0131 Bilgi<\/h2>\n<p>500ml <strong>mantar kapakl\u0131 cam \u015fi\u015feler toptan<\/strong> fabrikam\u0131z\u0131n s\u0131cak sat\u0131\u015f \u00fcr\u00fcnlerinden biridir. Bu lik\u00f6r cam \u015fi\u015fesi bir kule \u015feklindedir, \u00fcstte dar ve altta geni\u015ftir. Bu cam \u015fi\u015fe toptan sat\u0131\u015f\u0131n\u0131n kapa\u011f\u0131 mantard\u0131r, siyah renk, alt\u0131n renk, g\u00fcm\u00fc\u015f renk ve di\u011fer renkler mevcuttur. Esas olarak Cin Ambalaj\u0131 i\u00e7in tasarlanm\u0131\u015ft\u0131r.<\/p>\n<p>Ruisheng Glass \u015firketi bu bo\u015f 500ml cin \u015fi\u015felerini \u00fcretmektedir. Firmam\u0131z i\u00e7ecek ambalaj \u00fcr\u00fcnleri ile \u00fcnl\u00fc bir kasabada yer almaktad\u0131r. Bu kasabada her t\u00fcrl\u00fc cam kap, kapak, ambalaj kutusu ve her t\u00fcrl\u00fc etiketi bulabilirsiniz. Ruisheng \u015firketi m\u00fc\u015fterilerine tek elden hizmet sunmaya kendini adam\u0131\u015ft\u0131r, mantarl\u0131 cam \u015fi\u015feler \u00fczerinde derin i\u015fleme ve dekorasyon sunabiliriz.<\/p>\n<p>Fabrikam\u0131zda tam otomatik makineler ve yar\u0131 otomatik makineler dahil olmak \u00fczere mantarl\u0131 cam \u015fi\u015fe \u00fcretimi i\u00e7in 12 \u00fcretim hatt\u0131 bulunmaktad\u0131r. G\u00fcnde yakla\u015f\u0131k 10.000 adet ve g\u00fcnde toplam yakla\u015f\u0131k 120.000 adet olmak \u00fczere 12 tip alkoll\u00fc cam \u015fi\u015fe \u00fcretebiliriz. Ka\u00e7 adet bo\u015f cam \u015fi\u015fe istedi\u011finiz \u00f6nemli de\u011fil, bunlar\u0131 sizin i\u00e7in zaman\u0131nda \u00fcretebiliriz.<\/p>\n<h2>500ml Mantar Kapakl\u0131 Cam \u015ei\u015felerin Detaylar\u0131<\/h2>\n<p>Bu 500ml'lik t\u0131pal\u0131 cam \u015fi\u015felerin a\u011f\u0131rl\u0131\u011f\u0131 550g'd\u0131r. Taban\u0131 incedir ve i\u00e7indeki lik\u00f6r\u00fc \u00e7ok net g\u00f6rebilirsiniz. Bu t\u0131pal\u0131 cam \u015fi\u015fenin alt \u00e7ap\u0131 88 mm'dir. Ve y\u00fcksekli\u011fi 280 mm'dir. Bu cam \u015fi\u015fe mantar kapakl\u0131d\u0131r. \u00dcst i\u00e7 \u00e7ap\u0131 17,5 mm ve \u00fcst d\u0131\u015f \u00e7ap\u0131 28,5 mm'dir. Toptan cam \u015fi\u015felerin bu a\u011fz\u0131 standart T mantar i\u00e7in uygundur. T-mantar rengi hakk\u0131nda, size siyah, alt\u0131n, g\u00fcm\u00fc\u015f ve di\u011fer \u00f6zel renkler gibi farkl\u0131 renkler sunabiliriz. Ve T-mantar malzemesi hakk\u0131nda, y\u00fcksek polimer mantar, karma\u015f\u0131k mantar, ah\u015fap mantar ve cam mantar sunabiliriz.<\/p>\n<p>Bu cam mantar \u015fi\u015felerimiz veya fabrikam\u0131z hakk\u0131nda daha fazla bilgi edinmek istiyorsan\u0131z, l\u00fctfen bizimle ileti\u015fime ge\u00e7in.<\/p>","protected":false},"excerpt":{"rendered":"<p><span data-preserver-spaces=\"true\">Ruisheng <\/span><span data-preserver-spaces=\"true\">bir profesyonel<\/span><span data-preserver-spaces=\"true\"> at <\/span><span data-preserver-spaces=\"true\">yapmak<\/span><span data-preserver-spaces=\"true\"> cam lik\u00f6r \u015fi\u015feleri.<\/span> <span data-preserver-spaces=\"true\">Onlar teklif <\/span><span data-preserver-spaces=\"true\">mantar kapakl\u0131 cam \u015fi\u015fe<\/span><span data-preserver-spaces=\"true\"> \u0130\u00e7ki markalar\u0131 ve \u015firketleri i\u00e7in toptan sat\u0131\u015f hizmetleri.<\/span> <span data-preserver-spaces=\"true\">Bu seri <\/span><strong><span data-preserver-spaces=\"true\">500ml <\/span><span data-preserver-spaces=\"true\">mantar \u00fcst<\/span><span data-preserver-spaces=\"true\"> cam \u015fi\u015feler <\/span><span data-preserver-spaces=\"true\">Toptan sat\u0131\u015f<\/span><\/strong><span data-preserver-spaces=\"true\"> fabrikam\u0131zda en \u00e7ok sat\u0131lan \u00fcr\u00fcnlerden biridir.<\/span> <span data-preserver-spaces=\"true\">Bu lik\u00f6r cam \u015fi\u015fesi <\/span><span data-preserver-spaces=\"true\">\u015fekillendirilmi\u015ftir<\/span><span data-preserver-spaces=\"true\"> bir kule gibi<\/span><span data-preserver-spaces=\"true\">\u00fczerinde dar<\/span><span data-preserver-spaces=\"true\"> \u00fcst ve <\/span><span data-preserver-spaces=\"true\">geni\u015f a\u00e7\u0131k<\/span><span data-preserver-spaces=\"true\"> Alttan.<\/span> <span data-preserver-spaces=\"true\">Bu toptan cam \u015fi\u015fenin kapa\u011f\u0131 mantard\u0131r, siyaht\u0131r <\/span><span data-preserver-spaces=\"true\">renk<\/span><span data-preserver-spaces=\"true\">, alt\u0131n <\/span><span data-preserver-spaces=\"true\">renk<\/span><span data-preserver-spaces=\"true\">, g\u00fcm\u00fc\u015f <\/span><span data-preserver-spaces=\"true\">renk<\/span><span data-preserver-spaces=\"true\">, <\/span><span data-preserver-spaces=\"true\">ve<\/span><span data-preserver-spaces=\"true\"> di\u011fer renkler <\/span><span data-preserver-spaces=\"true\">vard\u0131r<\/span><span data-preserver-spaces=\"true\"> mevcut.<\/span><\/p>\n<div><strong><span class=\"mceItemHidden\"><span class=\"hiddenSpellError\">-<\/span><span class=\"hiddenSpellError\">ADEDI<\/span>: 10000 ADET (Yakla\u015f\u0131k 10000 <span class=\"hiddenSpellError\">adet<\/span>)<\/span><\/strong><\/div>\n<div><span class=\"mceItemHidden\"><span class=\"hiddenSpellError\">-\u00dccretsiz<\/span>\u00a0Sunulan \u00d6rnek.<\/span><\/div>\n<div><span class=\"mceItemHidden\"><span class=\"hiddenSpellError\">-Global<\/span>\u00a030 G\u00fcn \u0130\u00e7inde Teslimat.<\/span><\/div>\n<div><span class=\"mceItemHidden\"><span class=\"hiddenSpellError\">-OEM<\/span>\/ODM Sunulan Hizmet<\/span><\/div>\n<p>Mantarl\u0131 cam \u015fi\u015fe toptan sat\u0131\u015f fiyat\u0131n\u0131 \u00f6\u011frenmek istiyorsan\u0131z, l\u00fctfen sat\u0131\u015f ekibimizle ileti\u015fime ge\u00e7in.<\/p>","protected":false},"featured_media":4253,"comment_status":"closed","ping_status":"closed","template":"","meta":[],"product_cat":[41,50],"class_list":{"0":"post-4252","1":"product","2":"type-product","3":"status-publish","4":"has-post-thumbnail","6":"product_cat-500ml-liquor-bottle-manufacturer","7":"product_cat-gin-bottle","9":"first","10":"instock","11":"shipping-taxable","12":"product-type-simple"},"yoast_head":"<!-- This site is optimized with the Yoast SEO plugin v22.0 - https:\/\/yoast.com\/wordpress\/plugins\/seo\/ -->\n<title>500ml Cork Top Glass Bottles Manufacturers | Empty Gin Bottle Suppliers<\/title>\n<meta name=\"description\" content=\"Buy 500ml Cork Top Glass Bottles Manufacturers From China Empty Gin Bottle Suppliers. Factory Outlet Price&amp;Free Sample Offered. Get Quote Here.\" \/>\n<meta name=\"robots\" content=\"index, follow, max-snippet:-1, max-image-preview:large, max-video-preview:-1\" \/>\n<link rel=\"canonical\" href=\"https:\/\/ruishengglassco.com\/tr\/urun\/rs075-500ml-mantar-kapakli-cam-siseler-toptan\" \/>\n<meta property=\"og:locale\" content=\"tr_TR\" \/>\n<meta property=\"og:type\" content=\"article\" \/>\n<meta property=\"og:title\" content=\"500ml Cork Top Glass Bottles Manufacturers | Empty Gin Bottle Suppliers\" \/>\n<meta property=\"og:description\" content=\"Buy 500ml Cork Top Glass Bottles Manufacturers From China Empty Gin Bottle Suppliers. Factory Outlet Price&amp;Free Sample Offered. Get Quote Here.\" \/>\n<meta property=\"og:url\" content=\"https:\/\/ruishengglassco.com\/tr\/urun\/rs075-500ml-mantar-kapakli-cam-siseler-toptan\" \/>\n<meta property=\"article:publisher\" content=\"https:\/\/www.facebook.com\/ruishengglassbottles\" \/>\n<meta property=\"article:modified_time\" content=\"2025-07-17T06:13:22+00:00\" \/>\n<meta property=\"og:image\" content=\"https:\/\/ruishengglassco.com\/wp-content\/uploads\/2025\/03\/RS075-500ml-Cork-Top-Glass-Bottles-Wholesale.webp\" \/>\n\t<meta property=\"og:image:width\" content=\"460\" \/>\n\t<meta property=\"og:image:height\" content=\"460\" \/>\n\t<meta property=\"og:image:type\" content=\"image\/webp\" \/>\n<meta name=\"twitter:card\" content=\"summary_large_image\" \/>\n<meta name=\"twitter:label1\" content=\"Tahmini okuma s\u00fcresi\" \/>\n\t<meta name=\"twitter:data1\" content=\"2 dakika\" \/>\n<script type=\"application\/ld+json\" class=\"yoast-schema-graph\">{\"@context\":\"https:\/\/schema.org\",\"@graph\":[{\"@type\":\"WebPage\",\"@id\":\"https:\/\/ruishengglassco.com\/product\/rs075-500ml-cork-top-glass-bottles-wholesale\",\"url\":\"https:\/\/ruishengglassco.com\/product\/rs075-500ml-cork-top-glass-bottles-wholesale\",\"name\":\"500ml Cork Top Glass Bottles Manufacturers | Empty Gin Bottle Suppliers\",\"isPartOf\":{\"@id\":\"https:\/\/ruishengglassco.com\/#website\"},\"datePublished\":\"2025-03-15T03:00:36+00:00\",\"dateModified\":\"2025-07-17T06:13:22+00:00\",\"description\":\"Buy 500ml Cork Top Glass Bottles Manufacturers From China Empty Gin Bottle Suppliers. Factory Outlet Price&Free Sample Offered. Get Quote Here.\",\"breadcrumb\":{\"@id\":\"https:\/\/ruishengglassco.com\/product\/rs075-500ml-cork-top-glass-bottles-wholesale#breadcrumb\"},\"inLanguage\":\"tr\",\"potentialAction\":[{\"@type\":\"ReadAction\",\"target\":[\"https:\/\/ruishengglassco.com\/product\/rs075-500ml-cork-top-glass-bottles-wholesale\"]}]},{\"@type\":\"BreadcrumbList\",\"@id\":\"https:\/\/ruishengglassco.com\/product\/rs075-500ml-cork-top-glass-bottles-wholesale#breadcrumb\",\"itemListElement\":[{\"@type\":\"ListItem\",\"position\":1,\"name\":\"Home\",\"item\":\"https:\/\/ruishengglassco.com\/\"},{\"@type\":\"ListItem\",\"position\":2,\"name\":\"Products\",\"item\":\"https:\/\/ruishengglassco.com\/products\"},{\"@type\":\"ListItem\",\"position\":3,\"name\":\"RS075: 500ml Cork Top Glass Bottles Manufacturers\"}]},{\"@type\":\"WebSite\",\"@id\":\"https:\/\/ruishengglassco.com\/#website\",\"url\":\"https:\/\/ruishengglassco.com\/\",\"name\":\"Ruisheng Glass\",\"description\":\"\",\"publisher\":{\"@id\":\"https:\/\/ruishengglassco.com\/#organization\"},\"potentialAction\":[{\"@type\":\"SearchAction\",\"target\":{\"@type\":\"EntryPoint\",\"urlTemplate\":\"https:\/\/ruishengglassco.com\/?s={search_term_string}\"},\"query-input\":\"required name=search_term_string\"}],\"inLanguage\":\"tr\"},{\"@type\":\"Organization\",\"@id\":\"https:\/\/ruishengglassco.com\/#organization\",\"name\":\"Shandong Yuncheng Ruisheng Glass Co., Ltd\",\"url\":\"https:\/\/ruishengglassco.com\/\",\"logo\":{\"@type\":\"ImageObject\",\"inLanguage\":\"tr\",\"@id\":\"https:\/\/ruishengglassco.com\/#\/schema\/logo\/image\/\",\"url\":\"https:\/\/ruishengglassco.com\/wp-content\/uploads\/2023\/09\/ruisheng_logo_icon.webp\",\"contentUrl\":\"https:\/\/ruishengglassco.com\/wp-content\/uploads\/2023\/09\/ruisheng_logo_icon.webp\",\"width\":400,\"height\":233,\"caption\":\"Shandong Yuncheng Ruisheng Glass Co., Ltd\"},\"image\":{\"@id\":\"https:\/\/ruishengglassco.com\/#\/schema\/logo\/image\/\"},\"sameAs\":[\"https:\/\/www.facebook.com\/ruishengglassbottles\",\"https:\/\/www.instagram.com\/Ruishengglassbottlewholesales\/\",\"https:\/\/www.youtube.com\/channel\/UCMmbMNGwsL-XrtjfSFLCdVQ\"]}]}<\/script>\n<!-- \/ Yoast SEO plugin. -->","yoast_head_json":{"title":"500ml Cork Top Glass Bottles Manufacturers | Empty Gin Bottle Suppliers","description":"Buy 500ml Cork Top Glass Bottles Manufacturers From China Empty Gin Bottle Suppliers. Factory Outlet Price&Free Sample Offered. Get Quote Here.","robots":{"index":"index","follow":"follow","max-snippet":"max-snippet:-1","max-image-preview":"max-image-preview:large","max-video-preview":"max-video-preview:-1"},"canonical":"https:\/\/ruishengglassco.com\/tr\/urun\/rs075-500ml-mantar-kapakli-cam-siseler-toptan","og_locale":"tr_TR","og_type":"article","og_title":"500ml Cork Top Glass Bottles Manufacturers | Empty Gin Bottle Suppliers","og_description":"Buy 500ml Cork Top Glass Bottles Manufacturers From China Empty Gin Bottle Suppliers. Factory Outlet Price&Free Sample Offered. Get Quote Here.","og_url":"https:\/\/ruishengglassco.com\/tr\/urun\/rs075-500ml-mantar-kapakli-cam-siseler-toptan","article_publisher":"https:\/\/www.facebook.com\/ruishengglassbottles","article_modified_time":"2025-07-17T06:13:22+00:00","og_image":[{"width":460,"height":460,"url":"https:\/\/ruishengglassco.com\/wp-content\/uploads\/2025\/03\/RS075-500ml-Cork-Top-Glass-Bottles-Wholesale.webp","type":"image\/webp"}],"twitter_card":"summary_large_image","twitter_misc":{"Tahmini okuma s\u00fcresi":"2 dakika"},"schema":{"@context":"https:\/\/schema.org","@graph":[{"@type":"WebPage","@id":"https:\/\/ruishengglassco.com\/product\/rs075-500ml-cork-top-glass-bottles-wholesale","url":"https:\/\/ruishengglassco.com\/product\/rs075-500ml-cork-top-glass-bottles-wholesale","name":"500ml Cork Top Glass Bottles Manufacturers | Empty Gin Bottle Suppliers","isPartOf":{"@id":"https:\/\/ruishengglassco.com\/#website"},"datePublished":"2025-03-15T03:00:36+00:00","dateModified":"2025-07-17T06:13:22+00:00","description":"Buy 500ml Cork Top Glass Bottles Manufacturers From China Empty Gin Bottle Suppliers. Factory Outlet Price&Free Sample Offered. Get Quote Here.","breadcrumb":{"@id":"https:\/\/ruishengglassco.com\/product\/rs075-500ml-cork-top-glass-bottles-wholesale#breadcrumb"},"inLanguage":"tr","potentialAction":[{"@type":"ReadAction","target":["https:\/\/ruishengglassco.com\/product\/rs075-500ml-cork-top-glass-bottles-wholesale"]}]},{"@type":"BreadcrumbList","@id":"https:\/\/ruishengglassco.com\/product\/rs075-500ml-cork-top-glass-bottles-wholesale#breadcrumb","itemListElement":[{"@type":"ListItem","position":1,"name":"Home","item":"https:\/\/ruishengglassco.com\/"},{"@type":"ListItem","position":2,"name":"Products","item":"https:\/\/ruishengglassco.com\/products"},{"@type":"ListItem","position":3,"name":"RS075: 500ml Cork Top Glass Bottles Manufacturers"}]},{"@type":"WebSite","@id":"https:\/\/ruishengglassco.com\/#website","url":"https:\/\/ruishengglassco.com\/","name":"Ruisheng Glass","description":"","publisher":{"@id":"https:\/\/ruishengglassco.com\/#organization"},"potentialAction":[{"@type":"SearchAction","target":{"@type":"EntryPoint","urlTemplate":"https:\/\/ruishengglassco.com\/?s={search_term_string}"},"query-input":"required name=search_term_string"}],"inLanguage":"tr"},{"@type":"Organization","@id":"https:\/\/ruishengglassco.com\/#organization","name":"Shandong Yuncheng Ruisheng Glass Co., Ltd","url":"https:\/\/ruishengglassco.com\/","logo":{"@type":"ImageObject","inLanguage":"tr","@id":"https:\/\/ruishengglassco.com\/#\/schema\/logo\/image\/","url":"https:\/\/ruishengglassco.com\/wp-content\/uploads\/2023\/09\/ruisheng_logo_icon.webp","contentUrl":"https:\/\/ruishengglassco.com\/wp-content\/uploads\/2023\/09\/ruisheng_logo_icon.webp","width":400,"height":233,"caption":"Shandong Yuncheng Ruisheng Glass Co., Ltd"},"image":{"@id":"https:\/\/ruishengglassco.com\/#\/schema\/logo\/image\/"},"sameAs":["https:\/\/www.facebook.com\/ruishengglassbottles","https:\/\/www.instagram.com\/Ruishengglassbottlewholesales\/","https:\/\/www.youtube.com\/channel\/UCMmbMNGwsL-XrtjfSFLCdVQ"]}]}},"_links":{"self":[{"href":"https:\/\/ruishengglassco.com\/tr\/wp-json\/wp\/v2\/product\/4252","targetHints":{"allow":["GET"]}}],"collection":[{"href":"https:\/\/ruishengglassco.com\/tr\/wp-json\/wp\/v2\/product"}],"about":[{"href":"https:\/\/ruishengglassco.com\/tr\/wp-json\/wp\/v2\/types\/product"}],"replies":[{"embeddable":true,"href":"https:\/\/ruishengglassco.com\/tr\/wp-json\/wp\/v2\/comments?post=4252"}],"wp:featuredmedia":[{"embeddable":true,"href":"https:\/\/ruishengglassco.com\/tr\/wp-json\/wp\/v2\/media\/4253"}],"wp:attachment":[{"href":"https:\/\/ruishengglassco.com\/tr\/wp-json\/wp\/v2\/media?parent=4252"}],"wp:term":[{"taxonomy":"product_cat","embeddable":true,"href":"https:\/\/ruishengglassco.com\/tr\/wp-json\/wp\/v2\/product_cat?post=4252"}],"curies":[{"name":"wp","href":"https:\/\/api.w.org\/{rel}","templated":true}]}}