{"id":4250,"date":"2025-03-15T10:55:41","date_gmt":"2025-03-15T02:55:41","guid":{"rendered":"https:\/\/ruishengglassco.com\/?post_type=product&#038;p=4250"},"modified":"2025-07-17T14:11:37","modified_gmt":"2025-07-17T06:11:37","slug":"rs077-16-oz-mantarli-cam-si%cc%87seler-toptan-satisi","status":"publish","type":"product","link":"https:\/\/ruishengglassco.com\/tr\/urun\/rs077-16-oz-mantarli-cam-si%cc%87seler-toptan-satisi","title":{"rendered":"RS077: Mantar \u00dcreticileri ile 16 OZ Cam \u015ei\u015feler"},"content":{"rendered":"<p>16 OZ Cam \u015ei\u015feler Toptan Shandong Yuncheng Ruisheng Glass Co, Ltd yap\u0131l\u0131r. Firmam\u0131z \u00c7in'deki en b\u00fcy\u00fck s\u00fcper \u00e7akmakta\u015f\u0131 cam \u015fi\u015fe fabrikalar\u0131ndan biridir.<\/p>\n<p>Bu bo\u015f cam \u015fi\u015fe esas olarak tekila i\u00e7in tasarlanm\u0131\u015ft\u0131r, su kaba\u011f\u0131 gibi \u015fekilleri, cam \u015fi\u015feyi daha net, daha dayan\u0131kl\u0131 ve daha p\u00fcr\u00fczs\u00fcz hale getiren y\u00fcksek \u00e7akmakta\u015f\u0131 cam malzemeden yap\u0131lm\u0131\u015ft\u0131r.<\/p>\n<p>\u015eirketimizin 500'den fazla \u00e7al\u0131\u015fan\u0131 ve bir grup yetenekli m\u00fchendisi vard\u0131r. Zengin deneyimimizle, t\u00fcm d\u00fcnyada iyi bir \u00fcne sahibiz.<\/p>\n<p>Ba\u015fl\u0131ca \u00fcr\u00fcnlerimiz votka \u015fi\u015feleri, brendi \u015fi\u015feleri, viski \u015fi\u015feleri, lik\u00f6r \u015fi\u015feleri, re\u00e7el \u015fi\u015feleri ve benzeri gibi \u00fcst s\u0131n\u0131f cam \u015fi\u015felerdir. Ayr\u0131ca kehribar cam \u015fi\u015feler, ye\u015fil \u015fi\u015feler ve su \u015fi\u015feleri de sunabiliriz. Ana pazar\u0131m\u0131z Avrupa, ABD, Avustralya, Amerika vb. Ve t\u00fcm \u00fcr\u00fcnler yenilik ve i\u015flevsellik a\u00e7\u0131s\u0131ndan y\u00fcksek bir \u00fcne sahiptir.<\/p>\n<h2>Details About 16 OZ Cam \u015ei\u015feler Toptan Sat\u0131\u015f<\/h2>\n<ul>\n<li>Ana malzeme: y\u00fcksek \u00e7akmakta\u015f\u0131 cam<\/li>\n<li>Kap: Guala \u015fapka<\/li>\n<li>Referans: RS077<\/li>\n<li>ADEDI: 10000 ADET<\/li>\n<li>Kapasite:500ml<\/li>\n<li>Adet\/Ctn:24 adet<\/li>\n<li>Yerin k\u00f6keni: Shandong, \u00c7in<\/li>\n<li>\u00d6zellik: \u00c7evre dostu<\/li>\n<\/ul>\n<p>\u00d6zel fantezi tekila \u015fi\u015fesi fiyatlar\u0131 almak istiyorsan\u0131z, l\u00fctfen bizimle ileti\u015fime ge\u00e7in. Size 24 saat i\u00e7inde cevap verece\u011fiz.<\/p>","protected":false},"excerpt":{"rendered":"<p>500ml \u00f6zel ruh \u015fi\u015feleri (16 oz cam \u015fi\u015feler toptan) tekila ambalaj\u0131 i\u00e7in \u00f6zel olarak tasarlanm\u0131\u015ft\u0131r. Benzersiz \u015fekil tasar\u0131m\u0131, al\u0131c\u0131lar\u0131n dikkatini \u00e7ekmek i\u00e7in \u00f6ne \u00e7\u0131kmas\u0131n\u0131 sa\u011flar.<\/p>\n<ul>\n<li><b>\u00dccretsiz \u00d6rnek ile OEM \/ ODM Hizmeti. ADEDI: 10000 ADET\u00a0<\/b><\/li>\n<li>\u015ei\u015fe A\u011f\u0131rl\u0131\u011f\u0131: 640g<\/li>\n<li>\u015ei\u015fe Y\u00fcksekli\u011fi: 220mm<\/li>\n<li>\u015ei\u015fe \u00c7ap\u0131: 90mm<\/li>\n<\/ul>\n<p>S\u00fcsl\u00fc bir tekila \u015fi\u015fesi fiyat\u0131n\u0131 \u00f6zelle\u015ftirmek istiyorsan\u0131z, l\u00fctfen bizimle ileti\u015fime ge\u00e7in. Denenmi\u015f bir sipari\u015fi ilk sipari\u015f olarak kabul edebiliriz.<\/p>","protected":false},"featured_media":4251,"comment_status":"closed","ping_status":"closed","template":"","meta":[],"product_cat":[41,45,46],"class_list":{"0":"post-4250","1":"product","2":"type-product","3":"status-publish","4":"has-post-thumbnail","6":"product_cat-500ml-liquor-bottle-manufacturer","7":"product_cat-custom-glass-bottle","8":"product_cat-tequila-bottle","10":"first","11":"instock","12":"shipping-taxable","13":"product-type-simple"},"yoast_head":"<!-- This site is optimized with the Yoast SEO plugin v22.0 - https:\/\/yoast.com\/wordpress\/plugins\/seo\/ -->\n<title>16 OZ Glass Bottles Manufacturers | Custom Fancy Tequila Bottle Price<\/title>\n<meta name=\"description\" content=\"Do you want to buy 16 oz glass bottles wholesale for tequila from China glass bottle manufacturer, click here to get custom fancy tequila bottle price.\" \/>\n<meta name=\"robots\" content=\"index, follow, max-snippet:-1, max-image-preview:large, max-video-preview:-1\" \/>\n<link rel=\"canonical\" href=\"https:\/\/ruishengglassco.com\/tr\/urun\/rs077-16-oz-mantarli-cam-si\u0307seler-toptan-satisi\" \/>\n<meta property=\"og:locale\" content=\"tr_TR\" \/>\n<meta property=\"og:type\" content=\"article\" \/>\n<meta property=\"og:title\" content=\"16 OZ Glass Bottles Manufacturers | Custom Fancy Tequila Bottle Price\" \/>\n<meta property=\"og:description\" content=\"Do you want to buy 16 oz glass bottles wholesale for tequila from China glass bottle manufacturer, click here to get custom fancy tequila bottle price.\" \/>\n<meta property=\"og:url\" content=\"https:\/\/ruishengglassco.com\/tr\/urun\/rs077-16-oz-mantarli-cam-si\u0307seler-toptan-satisi\" \/>\n<meta property=\"article:publisher\" content=\"https:\/\/www.facebook.com\/ruishengglassbottles\" \/>\n<meta property=\"article:modified_time\" content=\"2025-07-17T06:11:37+00:00\" \/>\n<meta property=\"og:image\" content=\"https:\/\/ruishengglassco.com\/wp-content\/uploads\/2025\/03\/RS077-16-OZ-Glass-Bottles-With-Corks-Wholesale.webp\" \/>\n\t<meta property=\"og:image:width\" content=\"460\" \/>\n\t<meta property=\"og:image:height\" content=\"460\" \/>\n\t<meta property=\"og:image:type\" content=\"image\/webp\" \/>\n<meta name=\"twitter:card\" content=\"summary_large_image\" \/>\n<meta name=\"twitter:label1\" content=\"Tahmini okuma s\u00fcresi\" \/>\n\t<meta name=\"twitter:data1\" content=\"2 dakika\" \/>\n<script type=\"application\/ld+json\" class=\"yoast-schema-graph\">{\"@context\":\"https:\/\/schema.org\",\"@graph\":[{\"@type\":\"WebPage\",\"@id\":\"https:\/\/ruishengglassco.com\/product\/rs077-16-oz-glass-bottles-with-corks-wholesale\",\"url\":\"https:\/\/ruishengglassco.com\/product\/rs077-16-oz-glass-bottles-with-corks-wholesale\",\"name\":\"16 OZ Glass Bottles Manufacturers | Custom Fancy Tequila Bottle Price\",\"isPartOf\":{\"@id\":\"https:\/\/ruishengglassco.com\/#website\"},\"datePublished\":\"2025-03-15T02:55:41+00:00\",\"dateModified\":\"2025-07-17T06:11:37+00:00\",\"description\":\"Do you want to buy 16 oz glass bottles wholesale for tequila from China glass bottle manufacturer, click here to get custom fancy tequila bottle price.\",\"breadcrumb\":{\"@id\":\"https:\/\/ruishengglassco.com\/product\/rs077-16-oz-glass-bottles-with-corks-wholesale#breadcrumb\"},\"inLanguage\":\"tr\",\"potentialAction\":[{\"@type\":\"ReadAction\",\"target\":[\"https:\/\/ruishengglassco.com\/product\/rs077-16-oz-glass-bottles-with-corks-wholesale\"]}]},{\"@type\":\"BreadcrumbList\",\"@id\":\"https:\/\/ruishengglassco.com\/product\/rs077-16-oz-glass-bottles-with-corks-wholesale#breadcrumb\",\"itemListElement\":[{\"@type\":\"ListItem\",\"position\":1,\"name\":\"Home\",\"item\":\"https:\/\/ruishengglassco.com\/\"},{\"@type\":\"ListItem\",\"position\":2,\"name\":\"Products\",\"item\":\"https:\/\/ruishengglassco.com\/products\"},{\"@type\":\"ListItem\",\"position\":3,\"name\":\"RS077: 16 OZ Glass Bottles With Corks Manufacturers\"}]},{\"@type\":\"WebSite\",\"@id\":\"https:\/\/ruishengglassco.com\/#website\",\"url\":\"https:\/\/ruishengglassco.com\/\",\"name\":\"Ruisheng Glass\",\"description\":\"\",\"publisher\":{\"@id\":\"https:\/\/ruishengglassco.com\/#organization\"},\"potentialAction\":[{\"@type\":\"SearchAction\",\"target\":{\"@type\":\"EntryPoint\",\"urlTemplate\":\"https:\/\/ruishengglassco.com\/?s={search_term_string}\"},\"query-input\":\"required name=search_term_string\"}],\"inLanguage\":\"tr\"},{\"@type\":\"Organization\",\"@id\":\"https:\/\/ruishengglassco.com\/#organization\",\"name\":\"Shandong Yuncheng Ruisheng Glass Co., Ltd\",\"url\":\"https:\/\/ruishengglassco.com\/\",\"logo\":{\"@type\":\"ImageObject\",\"inLanguage\":\"tr\",\"@id\":\"https:\/\/ruishengglassco.com\/#\/schema\/logo\/image\/\",\"url\":\"https:\/\/ruishengglassco.com\/wp-content\/uploads\/2023\/09\/ruisheng_logo_icon.webp\",\"contentUrl\":\"https:\/\/ruishengglassco.com\/wp-content\/uploads\/2023\/09\/ruisheng_logo_icon.webp\",\"width\":400,\"height\":233,\"caption\":\"Shandong Yuncheng Ruisheng Glass Co., Ltd\"},\"image\":{\"@id\":\"https:\/\/ruishengglassco.com\/#\/schema\/logo\/image\/\"},\"sameAs\":[\"https:\/\/www.facebook.com\/ruishengglassbottles\",\"https:\/\/www.instagram.com\/Ruishengglassbottlewholesales\/\",\"https:\/\/www.youtube.com\/channel\/UCMmbMNGwsL-XrtjfSFLCdVQ\"]}]}<\/script>\n<!-- \/ Yoast SEO plugin. -->","yoast_head_json":{"title":"16 OZ Glass Bottles Manufacturers | Custom Fancy Tequila Bottle Price","description":"Do you want to buy 16 oz glass bottles wholesale for tequila from China glass bottle manufacturer, click here to get custom fancy tequila bottle price.","robots":{"index":"index","follow":"follow","max-snippet":"max-snippet:-1","max-image-preview":"max-image-preview:large","max-video-preview":"max-video-preview:-1"},"canonical":"https:\/\/ruishengglassco.com\/tr\/urun\/rs077-16-oz-mantarli-cam-si\u0307seler-toptan-satisi","og_locale":"tr_TR","og_type":"article","og_title":"16 OZ Glass Bottles Manufacturers | Custom Fancy Tequila Bottle Price","og_description":"Do you want to buy 16 oz glass bottles wholesale for tequila from China glass bottle manufacturer, click here to get custom fancy tequila bottle price.","og_url":"https:\/\/ruishengglassco.com\/tr\/urun\/rs077-16-oz-mantarli-cam-si\u0307seler-toptan-satisi","article_publisher":"https:\/\/www.facebook.com\/ruishengglassbottles","article_modified_time":"2025-07-17T06:11:37+00:00","og_image":[{"width":460,"height":460,"url":"https:\/\/ruishengglassco.com\/wp-content\/uploads\/2025\/03\/RS077-16-OZ-Glass-Bottles-With-Corks-Wholesale.webp","type":"image\/webp"}],"twitter_card":"summary_large_image","twitter_misc":{"Tahmini okuma s\u00fcresi":"2 dakika"},"schema":{"@context":"https:\/\/schema.org","@graph":[{"@type":"WebPage","@id":"https:\/\/ruishengglassco.com\/product\/rs077-16-oz-glass-bottles-with-corks-wholesale","url":"https:\/\/ruishengglassco.com\/product\/rs077-16-oz-glass-bottles-with-corks-wholesale","name":"16 OZ Glass Bottles Manufacturers | Custom Fancy Tequila Bottle Price","isPartOf":{"@id":"https:\/\/ruishengglassco.com\/#website"},"datePublished":"2025-03-15T02:55:41+00:00","dateModified":"2025-07-17T06:11:37+00:00","description":"Do you want to buy 16 oz glass bottles wholesale for tequila from China glass bottle manufacturer, click here to get custom fancy tequila bottle price.","breadcrumb":{"@id":"https:\/\/ruishengglassco.com\/product\/rs077-16-oz-glass-bottles-with-corks-wholesale#breadcrumb"},"inLanguage":"tr","potentialAction":[{"@type":"ReadAction","target":["https:\/\/ruishengglassco.com\/product\/rs077-16-oz-glass-bottles-with-corks-wholesale"]}]},{"@type":"BreadcrumbList","@id":"https:\/\/ruishengglassco.com\/product\/rs077-16-oz-glass-bottles-with-corks-wholesale#breadcrumb","itemListElement":[{"@type":"ListItem","position":1,"name":"Home","item":"https:\/\/ruishengglassco.com\/"},{"@type":"ListItem","position":2,"name":"Products","item":"https:\/\/ruishengglassco.com\/products"},{"@type":"ListItem","position":3,"name":"RS077: 16 OZ Glass Bottles With Corks Manufacturers"}]},{"@type":"WebSite","@id":"https:\/\/ruishengglassco.com\/#website","url":"https:\/\/ruishengglassco.com\/","name":"Ruisheng Glass","description":"","publisher":{"@id":"https:\/\/ruishengglassco.com\/#organization"},"potentialAction":[{"@type":"SearchAction","target":{"@type":"EntryPoint","urlTemplate":"https:\/\/ruishengglassco.com\/?s={search_term_string}"},"query-input":"required name=search_term_string"}],"inLanguage":"tr"},{"@type":"Organization","@id":"https:\/\/ruishengglassco.com\/#organization","name":"Shandong Yuncheng Ruisheng Glass Co., Ltd","url":"https:\/\/ruishengglassco.com\/","logo":{"@type":"ImageObject","inLanguage":"tr","@id":"https:\/\/ruishengglassco.com\/#\/schema\/logo\/image\/","url":"https:\/\/ruishengglassco.com\/wp-content\/uploads\/2023\/09\/ruisheng_logo_icon.webp","contentUrl":"https:\/\/ruishengglassco.com\/wp-content\/uploads\/2023\/09\/ruisheng_logo_icon.webp","width":400,"height":233,"caption":"Shandong Yuncheng Ruisheng Glass Co., Ltd"},"image":{"@id":"https:\/\/ruishengglassco.com\/#\/schema\/logo\/image\/"},"sameAs":["https:\/\/www.facebook.com\/ruishengglassbottles","https:\/\/www.instagram.com\/Ruishengglassbottlewholesales\/","https:\/\/www.youtube.com\/channel\/UCMmbMNGwsL-XrtjfSFLCdVQ"]}]}},"_links":{"self":[{"href":"https:\/\/ruishengglassco.com\/tr\/wp-json\/wp\/v2\/product\/4250","targetHints":{"allow":["GET"]}}],"collection":[{"href":"https:\/\/ruishengglassco.com\/tr\/wp-json\/wp\/v2\/product"}],"about":[{"href":"https:\/\/ruishengglassco.com\/tr\/wp-json\/wp\/v2\/types\/product"}],"replies":[{"embeddable":true,"href":"https:\/\/ruishengglassco.com\/tr\/wp-json\/wp\/v2\/comments?post=4250"}],"wp:featuredmedia":[{"embeddable":true,"href":"https:\/\/ruishengglassco.com\/tr\/wp-json\/wp\/v2\/media\/4251"}],"wp:attachment":[{"href":"https:\/\/ruishengglassco.com\/tr\/wp-json\/wp\/v2\/media?parent=4250"}],"wp:term":[{"taxonomy":"product_cat","embeddable":true,"href":"https:\/\/ruishengglassco.com\/tr\/wp-json\/wp\/v2\/product_cat?post=4250"}],"curies":[{"name":"wp","href":"https:\/\/api.w.org\/{rel}","templated":true}]}}