{"id":4248,"date":"2025-03-15T10:51:11","date_gmt":"2025-03-15T02:51:11","guid":{"rendered":"https:\/\/ruishengglassco.com\/?post_type=product&#038;p=4248"},"modified":"2025-09-11T16:18:09","modified_gmt":"2025-09-11T08:18:09","slug":"rs078-toptan-500ml-seffaf-cam-sarap-siseleri","status":"publish","type":"product","link":"https:\/\/ruishengglassco.com\/tr\/urun\/rs078-toptan-500ml-seffaf-cam-sarap-siseleri","title":{"rendered":"RS078: 500ml \u015eeffaf Cam \u015earap \u015ei\u015feleri"},"content":{"rendered":"<h2>500ml \u015eeffaf Cam \u015earap \u015ei\u015feleri<\/h2>\n<p>Bu <em><strong>500ml \u015feffaf cam \u015farap \u015fi\u015feleri<\/strong><\/em> Shandong Yuncheng Ruisheng Glass Co, Ltd'de \u00fcretilmi\u015ftir. Firmam\u0131z \u00c7in'deki en b\u00fcy\u00fck s\u00fcper \u00e7akmakta\u015f\u0131 cam \u015fi\u015fe \u00fcreticilerinden biridir.<\/p>\n<p>500ml \u015feffaf cam ispirto \u015fi\u015feleri, cam \u015fi\u015feyi daha net, daha dayan\u0131kl\u0131 ve daha p\u00fcr\u00fczs\u00fcz hale getiren y\u00fcksek \u00e7akmakta\u015f\u0131 cam malzemeden yap\u0131lm\u0131\u015ft\u0131r.<\/p>\n<p>\u015eirketimizin 500'den fazla \u00e7al\u0131\u015fan\u0131 ve bir grup yetenekli m\u00fchendisi vard\u0131r. Zengin deneyimimizle, t\u00fcm d\u00fcnyada iyi bir \u00fcne sahibiz.<\/p>\n<p>Ba\u015fl\u0131ca \u00fcr\u00fcnlerimiz votka \u015fi\u015fesi, brendi \u015fi\u015fesi, viski \u015fi\u015fesi, lik\u00f6r \u015fi\u015fesi, re\u00e7el \u015fi\u015fesi ve benzeri gibi \u00fcst s\u0131n\u0131f 500ml cam \u015farap \u015fi\u015feleridir. Ayr\u0131ca kehribar cam \u015fi\u015feler, 500 ml ye\u015fil \u015fi\u015feler ve su \u015fi\u015feleri de sunabiliriz. Ana pazar\u0131m\u0131z Avrupa, ABD, Avustralya, Amerika vb. Ve t\u00fcm \u00fcr\u00fcnler yenilik ve i\u015flevsellik a\u00e7\u0131s\u0131ndan y\u00fcksek bir \u00fcne sahiptir.<\/p>\n<h2>500ml Cam \u015earap \u015ei\u015fesi Toptan Sat\u0131\u015f Bilgileri A\u015fa\u011f\u0131daki Gibidir:<\/h2>\n<ul>\n<li>Ana malzeme: y\u00fcksek \u00e7akmakta\u015f\u0131 cam<\/li>\n<li>Kapak: vidal\u0131 kapak<\/li>\n<li>Referans: RS078<\/li>\n<li>ADEDI: 10000 ADET<\/li>\n<li>Kapasite: 500ml<\/li>\n<li>Adet\/Ctn: 24 adet<\/li>\n<li>Yerin k\u00f6keni: Shandong, \u00c7in<\/li>\n<li>\u00d6zellik: \u00c7evre dostu<\/li>\n<\/ul>\n<p>Profesyonel bir cam ispirto \u015fi\u015fesi tedarik\u00e7isi olarak Ruisheng, en geli\u015fmi\u015f 8S tam otomatik makinenin 2 lik\u00f6r cam \u015fi\u015fe \u00fcretim hatt\u0131na, CNC manuel makinelerin 3 \u00fcretim hatt\u0131na, CNC Yar\u0131 otomatik makinelerin 4 \u00fcretim hatt\u0131na yat\u0131r\u0131m yapm\u0131\u015ft\u0131r.<\/p>\n<p>Toptan 500ml \u015feffaf cam \u015farap \u015fi\u015felerimizle ilgileniyorsan\u0131z, l\u00fctfen bizimle ileti\u015fime ge\u00e7in. Size 24 saat i\u00e7inde cevap verece\u011fiz.<\/p>","protected":false},"excerpt":{"rendered":"<p data-block-id=\"c237bc2e-d286-4ba1-894b-d55076e4e3e0\" data-pm-slice=\"1 1 []\">500ml \u015feffaf cam \u015farap \u015fi\u015feleri Shandong Yuncheng Ruisheng Glass Co, Ltd'de \u00fcretilmi\u015ftir. Firmam\u0131z \u00c7in'deki en b\u00fcy\u00fck s\u00fcper \u00e7akmakta\u015f\u0131 cam \u015fi\u015fe \u00fcreticilerinden biridir.<\/p>\n<p data-block-id=\"53c93c51-b303-4926-b14b-23a840cd3f86\">500ml \u015feffaf cam ispirto \u015fi\u015feleri y\u00fcksek kaliteli \u00e7akmakta\u015f\u0131 camdan yap\u0131lm\u0131\u015ft\u0131r. Bu malzeme \u015fi\u015felerin daha berrak, daha dayan\u0131kl\u0131 ve daha p\u00fcr\u00fczs\u00fcz olmas\u0131n\u0131 sa\u011flar.<\/p>","protected":false},"featured_media":4249,"comment_status":"closed","ping_status":"closed","template":"","meta":[],"product_cat":[41],"class_list":{"0":"post-4248","1":"product","2":"type-product","3":"status-publish","4":"has-post-thumbnail","6":"product_cat-500ml-liquor-bottle-manufacturer","8":"first","9":"instock","10":"shipping-taxable","11":"product-type-simple"},"yoast_head":"<!-- This site is optimized with the Yoast SEO plugin v22.0 - https:\/\/yoast.com\/wordpress\/plugins\/seo\/ -->\n<title>500ml Clear Glass Wine Bottles | Glass Spirit Bottle Supplier<\/title>\n<meta name=\"description\" content=\"The 500ml clear glass wine bottles are made in Shandong Yuncheng Ruisheng Glass Co., Ltd. Factory Outlet&amp;Free Sample. Get Price Here.\" \/>\n<meta name=\"robots\" content=\"index, follow, max-snippet:-1, max-image-preview:large, max-video-preview:-1\" \/>\n<link rel=\"canonical\" href=\"https:\/\/ruishengglassco.com\/tr\/urun\/rs078-toptan-500ml-seffaf-cam-sarap-siseleri\" \/>\n<meta property=\"og:locale\" content=\"tr_TR\" \/>\n<meta property=\"og:type\" content=\"article\" \/>\n<meta property=\"og:title\" content=\"500ml Clear Glass Wine Bottles | Glass Spirit Bottle Supplier\" \/>\n<meta property=\"og:description\" content=\"The 500ml clear glass wine bottles are made in Shandong Yuncheng Ruisheng Glass Co., Ltd. Factory Outlet&amp;Free Sample. Get Price Here.\" \/>\n<meta property=\"og:url\" content=\"https:\/\/ruishengglassco.com\/tr\/urun\/rs078-toptan-500ml-seffaf-cam-sarap-siseleri\" \/>\n<meta property=\"article:publisher\" content=\"https:\/\/www.facebook.com\/ruishengglassbottles\" \/>\n<meta property=\"article:modified_time\" content=\"2025-09-11T08:18:09+00:00\" \/>\n<meta property=\"og:image\" content=\"https:\/\/ruishengglassco.com\/wp-content\/uploads\/2025\/03\/RS078-Wholesale-500ml-Clear-Glass-Wine-Bottles.webp\" \/>\n\t<meta property=\"og:image:width\" content=\"460\" \/>\n\t<meta property=\"og:image:height\" content=\"460\" \/>\n\t<meta property=\"og:image:type\" content=\"image\/webp\" \/>\n<meta name=\"twitter:card\" content=\"summary_large_image\" \/>\n<meta name=\"twitter:label1\" content=\"Tahmini okuma s\u00fcresi\" \/>\n\t<meta name=\"twitter:data1\" content=\"2 dakika\" \/>\n<script type=\"application\/ld+json\" class=\"yoast-schema-graph\">{\"@context\":\"https:\/\/schema.org\",\"@graph\":[{\"@type\":\"WebPage\",\"@id\":\"https:\/\/ruishengglassco.com\/product\/rs078-wholesale-500ml-clear-glass-wine-bottles\",\"url\":\"https:\/\/ruishengglassco.com\/product\/rs078-wholesale-500ml-clear-glass-wine-bottles\",\"name\":\"500ml Clear Glass Wine Bottles | Glass Spirit Bottle Supplier\",\"isPartOf\":{\"@id\":\"https:\/\/ruishengglassco.com\/#website\"},\"datePublished\":\"2025-03-15T02:51:11+00:00\",\"dateModified\":\"2025-09-11T08:18:09+00:00\",\"description\":\"The 500ml clear glass wine bottles are made in Shandong Yuncheng Ruisheng Glass Co., Ltd. Factory Outlet&Free Sample. Get Price Here.\",\"breadcrumb\":{\"@id\":\"https:\/\/ruishengglassco.com\/product\/rs078-wholesale-500ml-clear-glass-wine-bottles#breadcrumb\"},\"inLanguage\":\"tr\",\"potentialAction\":[{\"@type\":\"ReadAction\",\"target\":[\"https:\/\/ruishengglassco.com\/product\/rs078-wholesale-500ml-clear-glass-wine-bottles\"]}]},{\"@type\":\"BreadcrumbList\",\"@id\":\"https:\/\/ruishengglassco.com\/product\/rs078-wholesale-500ml-clear-glass-wine-bottles#breadcrumb\",\"itemListElement\":[{\"@type\":\"ListItem\",\"position\":1,\"name\":\"Home\",\"item\":\"https:\/\/ruishengglassco.com\/\"},{\"@type\":\"ListItem\",\"position\":2,\"name\":\"Products\",\"item\":\"https:\/\/ruishengglassco.com\/products\"},{\"@type\":\"ListItem\",\"position\":3,\"name\":\"RS078: 500ml Clear Glass Wine Bottles\"}]},{\"@type\":\"WebSite\",\"@id\":\"https:\/\/ruishengglassco.com\/#website\",\"url\":\"https:\/\/ruishengglassco.com\/\",\"name\":\"Ruisheng Glass\",\"description\":\"\",\"publisher\":{\"@id\":\"https:\/\/ruishengglassco.com\/#organization\"},\"potentialAction\":[{\"@type\":\"SearchAction\",\"target\":{\"@type\":\"EntryPoint\",\"urlTemplate\":\"https:\/\/ruishengglassco.com\/?s={search_term_string}\"},\"query-input\":\"required name=search_term_string\"}],\"inLanguage\":\"tr\"},{\"@type\":\"Organization\",\"@id\":\"https:\/\/ruishengglassco.com\/#organization\",\"name\":\"Shandong Yuncheng Ruisheng Glass Co., Ltd\",\"url\":\"https:\/\/ruishengglassco.com\/\",\"logo\":{\"@type\":\"ImageObject\",\"inLanguage\":\"tr\",\"@id\":\"https:\/\/ruishengglassco.com\/#\/schema\/logo\/image\/\",\"url\":\"https:\/\/ruishengglassco.com\/wp-content\/uploads\/2023\/09\/ruisheng_logo_icon.webp\",\"contentUrl\":\"https:\/\/ruishengglassco.com\/wp-content\/uploads\/2023\/09\/ruisheng_logo_icon.webp\",\"width\":400,\"height\":233,\"caption\":\"Shandong Yuncheng Ruisheng Glass Co., Ltd\"},\"image\":{\"@id\":\"https:\/\/ruishengglassco.com\/#\/schema\/logo\/image\/\"},\"sameAs\":[\"https:\/\/www.facebook.com\/ruishengglassbottles\",\"https:\/\/www.instagram.com\/Ruishengglassbottlewholesales\/\",\"https:\/\/www.youtube.com\/channel\/UCMmbMNGwsL-XrtjfSFLCdVQ\"]}]}<\/script>\n<!-- \/ Yoast SEO plugin. -->","yoast_head_json":{"title":"500ml Clear Glass Wine Bottles | Glass Spirit Bottle Supplier","description":"The 500ml clear glass wine bottles are made in Shandong Yuncheng Ruisheng Glass Co., Ltd. Factory Outlet&Free Sample. Get Price Here.","robots":{"index":"index","follow":"follow","max-snippet":"max-snippet:-1","max-image-preview":"max-image-preview:large","max-video-preview":"max-video-preview:-1"},"canonical":"https:\/\/ruishengglassco.com\/tr\/urun\/rs078-toptan-500ml-seffaf-cam-sarap-siseleri","og_locale":"tr_TR","og_type":"article","og_title":"500ml Clear Glass Wine Bottles | Glass Spirit Bottle Supplier","og_description":"The 500ml clear glass wine bottles are made in Shandong Yuncheng Ruisheng Glass Co., Ltd. Factory Outlet&Free Sample. Get Price Here.","og_url":"https:\/\/ruishengglassco.com\/tr\/urun\/rs078-toptan-500ml-seffaf-cam-sarap-siseleri","article_publisher":"https:\/\/www.facebook.com\/ruishengglassbottles","article_modified_time":"2025-09-11T08:18:09+00:00","og_image":[{"width":460,"height":460,"url":"https:\/\/ruishengglassco.com\/wp-content\/uploads\/2025\/03\/RS078-Wholesale-500ml-Clear-Glass-Wine-Bottles.webp","type":"image\/webp"}],"twitter_card":"summary_large_image","twitter_misc":{"Tahmini okuma s\u00fcresi":"2 dakika"},"schema":{"@context":"https:\/\/schema.org","@graph":[{"@type":"WebPage","@id":"https:\/\/ruishengglassco.com\/product\/rs078-wholesale-500ml-clear-glass-wine-bottles","url":"https:\/\/ruishengglassco.com\/product\/rs078-wholesale-500ml-clear-glass-wine-bottles","name":"500ml Clear Glass Wine Bottles | Glass Spirit Bottle Supplier","isPartOf":{"@id":"https:\/\/ruishengglassco.com\/#website"},"datePublished":"2025-03-15T02:51:11+00:00","dateModified":"2025-09-11T08:18:09+00:00","description":"The 500ml clear glass wine bottles are made in Shandong Yuncheng Ruisheng Glass Co., Ltd. Factory Outlet&Free Sample. Get Price Here.","breadcrumb":{"@id":"https:\/\/ruishengglassco.com\/product\/rs078-wholesale-500ml-clear-glass-wine-bottles#breadcrumb"},"inLanguage":"tr","potentialAction":[{"@type":"ReadAction","target":["https:\/\/ruishengglassco.com\/product\/rs078-wholesale-500ml-clear-glass-wine-bottles"]}]},{"@type":"BreadcrumbList","@id":"https:\/\/ruishengglassco.com\/product\/rs078-wholesale-500ml-clear-glass-wine-bottles#breadcrumb","itemListElement":[{"@type":"ListItem","position":1,"name":"Home","item":"https:\/\/ruishengglassco.com\/"},{"@type":"ListItem","position":2,"name":"Products","item":"https:\/\/ruishengglassco.com\/products"},{"@type":"ListItem","position":3,"name":"RS078: 500ml Clear Glass Wine Bottles"}]},{"@type":"WebSite","@id":"https:\/\/ruishengglassco.com\/#website","url":"https:\/\/ruishengglassco.com\/","name":"Ruisheng Glass","description":"","publisher":{"@id":"https:\/\/ruishengglassco.com\/#organization"},"potentialAction":[{"@type":"SearchAction","target":{"@type":"EntryPoint","urlTemplate":"https:\/\/ruishengglassco.com\/?s={search_term_string}"},"query-input":"required name=search_term_string"}],"inLanguage":"tr"},{"@type":"Organization","@id":"https:\/\/ruishengglassco.com\/#organization","name":"Shandong Yuncheng Ruisheng Glass Co., Ltd","url":"https:\/\/ruishengglassco.com\/","logo":{"@type":"ImageObject","inLanguage":"tr","@id":"https:\/\/ruishengglassco.com\/#\/schema\/logo\/image\/","url":"https:\/\/ruishengglassco.com\/wp-content\/uploads\/2023\/09\/ruisheng_logo_icon.webp","contentUrl":"https:\/\/ruishengglassco.com\/wp-content\/uploads\/2023\/09\/ruisheng_logo_icon.webp","width":400,"height":233,"caption":"Shandong Yuncheng Ruisheng Glass Co., Ltd"},"image":{"@id":"https:\/\/ruishengglassco.com\/#\/schema\/logo\/image\/"},"sameAs":["https:\/\/www.facebook.com\/ruishengglassbottles","https:\/\/www.instagram.com\/Ruishengglassbottlewholesales\/","https:\/\/www.youtube.com\/channel\/UCMmbMNGwsL-XrtjfSFLCdVQ"]}]}},"_links":{"self":[{"href":"https:\/\/ruishengglassco.com\/tr\/wp-json\/wp\/v2\/product\/4248","targetHints":{"allow":["GET"]}}],"collection":[{"href":"https:\/\/ruishengglassco.com\/tr\/wp-json\/wp\/v2\/product"}],"about":[{"href":"https:\/\/ruishengglassco.com\/tr\/wp-json\/wp\/v2\/types\/product"}],"replies":[{"embeddable":true,"href":"https:\/\/ruishengglassco.com\/tr\/wp-json\/wp\/v2\/comments?post=4248"}],"wp:featuredmedia":[{"embeddable":true,"href":"https:\/\/ruishengglassco.com\/tr\/wp-json\/wp\/v2\/media\/4249"}],"wp:attachment":[{"href":"https:\/\/ruishengglassco.com\/tr\/wp-json\/wp\/v2\/media?parent=4248"}],"wp:term":[{"taxonomy":"product_cat","embeddable":true,"href":"https:\/\/ruishengglassco.com\/tr\/wp-json\/wp\/v2\/product_cat?post=4248"}],"curies":[{"name":"wp","href":"https:\/\/api.w.org\/{rel}","templated":true}]}}