{"id":4237,"date":"2025-03-15T10:29:31","date_gmt":"2025-03-15T02:29:31","guid":{"rendered":"https:\/\/ruishengglassco.com\/?post_type=product&#038;p=4237"},"modified":"2025-07-17T14:03:27","modified_gmt":"2025-07-17T06:03:27","slug":"rs082-50ml-ucuz-kucuk-tekila-siseleri-mini-tekila-siseleri-toplu","status":"publish","type":"product","link":"https:\/\/ruishengglassco.com\/tr\/urun\/rs082-50ml-ucuz-kucuk-tekila-siseleri-mini-tekila-siseleri-toplu","title":{"rendered":"RS082: 50ml Ucuz K\u00fc\u00e7\u00fck Tekila \u015ei\u015feleri \/ Mini Tekila \u015ei\u015feleri Toplu"},"content":{"rendered":"<p><strong>50ml kare cam \u015fi\u015fe toptan sat\u0131\u015f\u0131, <\/strong>Cam \u015fi\u015feyi di\u011fer cam \u015fi\u015felerden daha net, dayan\u0131kl\u0131 ve p\u00fcr\u00fczs\u00fcz hale getiren y\u00fcksek \u00e7akmakta\u015f\u0131 cam hammaddesini benimsemek, esas olarak lik\u00f6r, viski, votka, i\u00e7ecek, su ve di\u011fer s\u0131v\u0131 paketlerinde kullan\u0131l\u0131r.<\/p>\n<p>Profesyonel bir lik\u00f6r \u015fi\u015fesi \u00fcreticisi olarak, \u00f6zel cam \u015fi\u015fe hizmetini de kabul ediyoruz. Bu \u00f6zelle\u015ftirilmi\u015f cam \u015fi\u015fe hizmetinde, yuvarlak \u015fekil, kare \u015fekil, aerodinamik \u015fekil, kafatas\u0131 \u015fekli ve benzeri gibi farkl\u0131 cam \u015fi\u015fe \u015fekillerini \u00f6zelle\u015ftirebilirsiniz. Farkl\u0131 cam \u015fi\u015fe kapasitesi 50ml, 100ml, 250ml, 350ml, 500ml, 700ml, 750ml, 1000ml, 1.5 L ve di\u011ferleri mevcuttur. Ayr\u0131ca \u00f6zel \u00f6zel etiket ve Logo Hizmetini de kabul ediyoruz. \u0130htiyac\u0131n\u0131z olan \u015fey sunabilece\u011fimiz \u015feydir!<\/p>\n<h2>50ml Kare Cam \u015ei\u015feler Toptan Sat\u0131\u015f Hakk\u0131nda<\/h2>\n<ul>\n<li>Men\u015fe \u00fclke\uff1a\u00c7in<\/li>\n<li>Ana malzeme: y\u00fcksek \u00e7akmakta\u015f\u0131 cam<\/li>\n<li>Kapak: Mantar (\u0130htiyac\u0131n\u0131z olursa kapa\u011f\u0131n\u0131 vidal\u0131 kapak olarak de\u011fi\u015ftirebiliriz)<\/li>\n<li>Referans: RS082<\/li>\n<li>Adedi: 1x 40\u2033 GP<\/li>\n<li>Kapasite: 50ml<\/li>\n<li>Paketleme \u015fekli: \u0130hracat standart karton \/ Palet \/ ihracat standart karton ve palet<\/li>\n<li>Yerin k\u00f6keni: Shandong, \u00c7in<\/li>\n<li>\u00d6zellik: \u00c7evre dostu<\/li>\n<\/ul>\n<p>Fabrikam\u0131zda yakla\u015f\u0131k 500'den fazla \u00e7al\u0131\u015fan ve cam i\u00e7me \u015fi\u015felerinin toptan kalitesini kontrol etmek i\u00e7in yakla\u015f\u0131k 30 QC bulunmaktad\u0131r. T\u00fcm 50ml cam \u015fi\u015feler toptan QC ge\u00e7tikten sonra ihra\u00e7 edilecektir.<\/p>\n<p>Ayr\u0131ca bir grup yetenekli m\u00fchendisimiz var ve \u015fi\u015fe \u00e7izimi, etiket tasar\u0131m\u0131 i\u00e7in \u00e7al\u0131\u015facaklar ve sat\u0131\u015f ve m\u00fc\u015fteriler aras\u0131ndaki sorular\u0131 \u00e7\u00f6zecekler. Zengin deneyimimizle, t\u00fcm d\u00fcnyada iyi bir \u00fcne sahibiz.<\/p>\n<p>Ba\u015fl\u0131ca \u00fcr\u00fcnlerimiz votka \u015fi\u015fesi, brendi \u015fi\u015fesi, viski \u015fi\u015fesi, lik\u00f6r \u015fi\u015fesi, rom \u015fi\u015fesi ve benzeri gibi \u00fcst s\u0131n\u0131f cam \u015fi\u015fedir. Ayr\u0131ca kehribar cam \u015fi\u015fe, ye\u015fil \u015fi\u015fe ve \u015feffaf \u015fi\u015fe de sunabiliriz. Ana pazar\u0131m\u0131z \u0130ngiltere, ABD, Avustralya, Fransa vb. Ve t\u00fcm \u00fcr\u00fcnler yenilik ve i\u015flevsellik a\u00e7\u0131s\u0131ndan y\u00fcksek bir \u00fcne sahiptir.<\/p>\n<p>Toptan 50ml kare cam \u015fi\u015felerimizle ilgileniyorsan\u0131z, l\u00fctfen bizimle ileti\u015fime ge\u00e7in. \u00d6zel cam \u015fi\u015feler yapmak istiyorsan\u0131z, l\u00fctfen bizimle de ileti\u015fime ge\u00e7in. En iyi cam su \u015fi\u015fesi i\u00e7in sorgunuzu almaktan \u00e7ok memnunuz.<\/p>","protected":false},"excerpt":{"rendered":"<p>Lik\u00f6rler i\u00e7in toptan mini kare cam \u015fi\u015feler mi ar\u0131yorsunuz?  50 ml'lik mini cam \u015fi\u015femiz berrak, \u015feffaf, kare bir \u015fekle sahiptir. 90 santimetre geni\u015fli\u011fi ile tutmas\u0131 kolayd\u0131r. K\u00fc\u00e7\u00fck \u015fekli kar\u015f\u0131 konulmazd\u0131r ve insanlar\u0131n i\u00e7mesi i\u00e7in de uygundur. Mini kare cam \u015fi\u015felerimizin toptan sat\u0131\u015f\u0131 hakk\u0131nda daha fazla bilgi edinmek istiyorsan\u0131z, l\u00fctfen bize bir mesaj b\u0131rak\u0131n.<\/p>","protected":false},"featured_media":4238,"comment_status":"closed","ping_status":"closed","template":"","meta":[],"product_cat":[48,52,56],"class_list":{"0":"post-4237","1":"product","2":"type-product","3":"status-publish","4":"has-post-thumbnail","6":"product_cat-50ml-mini-liquor-bottle-manufacturer","7":"product_cat-vodka-bottle","8":"product_cat-xo-brandy-bottle","10":"first","11":"instock","12":"shipping-taxable","13":"product-type-simple"},"yoast_head":"<!-- This site is optimized with the Yoast SEO plugin v22.0 - https:\/\/yoast.com\/wordpress\/plugins\/seo\/ -->\n<title>50ml Square Glass Bottles Wholesale | Cheap Liquor Bottle Supplier<\/title>\n<meta name=\"description\" content=\"Buy 50ml Square Glass Bottles Wholesale From China Cheap Liquor Bottle Supplier. Factory Outlet&amp;Quality Assurance. Free Sample Here.\" \/>\n<meta name=\"robots\" content=\"index, follow, max-snippet:-1, max-image-preview:large, max-video-preview:-1\" \/>\n<link rel=\"canonical\" href=\"https:\/\/ruishengglassco.com\/tr\/urun\/rs082-50ml-ucuz-kucuk-tekila-siseleri-mini-tekila-siseleri-toplu\" \/>\n<meta property=\"og:locale\" content=\"tr_TR\" \/>\n<meta property=\"og:type\" content=\"article\" \/>\n<meta property=\"og:title\" content=\"50ml Square Glass Bottles Wholesale | Cheap Liquor Bottle Supplier\" \/>\n<meta property=\"og:description\" content=\"Buy 50ml Square Glass Bottles Wholesale From China Cheap Liquor Bottle Supplier. Factory Outlet&amp;Quality Assurance. Free Sample Here.\" \/>\n<meta property=\"og:url\" content=\"https:\/\/ruishengglassco.com\/tr\/urun\/rs082-50ml-ucuz-kucuk-tekila-siseleri-mini-tekila-siseleri-toplu\" \/>\n<meta property=\"article:publisher\" content=\"https:\/\/www.facebook.com\/ruishengglassbottles\" \/>\n<meta property=\"article:modified_time\" content=\"2025-07-17T06:03:27+00:00\" \/>\n<meta property=\"og:image\" content=\"https:\/\/ruishengglassco.com\/wp-content\/uploads\/2025\/03\/RS082-50ml-Cheap-Little-Tequila-Bottles-Mini-Tequila-Bottles-Bulk.webp\" \/>\n\t<meta property=\"og:image:width\" content=\"800\" \/>\n\t<meta property=\"og:image:height\" content=\"800\" \/>\n\t<meta property=\"og:image:type\" content=\"image\/webp\" \/>\n<meta name=\"twitter:card\" content=\"summary_large_image\" \/>\n<meta name=\"twitter:label1\" content=\"Tahmini okuma s\u00fcresi\" \/>\n\t<meta name=\"twitter:data1\" content=\"2 dakika\" \/>\n<script type=\"application\/ld+json\" class=\"yoast-schema-graph\">{\"@context\":\"https:\/\/schema.org\",\"@graph\":[{\"@type\":\"WebPage\",\"@id\":\"https:\/\/ruishengglassco.com\/product\/rs082-50ml-cheap-little-tequila-bottles-mini-tequila-bottles-bulk\",\"url\":\"https:\/\/ruishengglassco.com\/product\/rs082-50ml-cheap-little-tequila-bottles-mini-tequila-bottles-bulk\",\"name\":\"50ml Square Glass Bottles Wholesale | Cheap Liquor Bottle Supplier\",\"isPartOf\":{\"@id\":\"https:\/\/ruishengglassco.com\/#website\"},\"datePublished\":\"2025-03-15T02:29:31+00:00\",\"dateModified\":\"2025-07-17T06:03:27+00:00\",\"description\":\"Buy 50ml Square Glass Bottles Wholesale From China Cheap Liquor Bottle Supplier. Factory Outlet&Quality Assurance. Free Sample Here.\",\"breadcrumb\":{\"@id\":\"https:\/\/ruishengglassco.com\/product\/rs082-50ml-cheap-little-tequila-bottles-mini-tequila-bottles-bulk#breadcrumb\"},\"inLanguage\":\"tr\",\"potentialAction\":[{\"@type\":\"ReadAction\",\"target\":[\"https:\/\/ruishengglassco.com\/product\/rs082-50ml-cheap-little-tequila-bottles-mini-tequila-bottles-bulk\"]}]},{\"@type\":\"BreadcrumbList\",\"@id\":\"https:\/\/ruishengglassco.com\/product\/rs082-50ml-cheap-little-tequila-bottles-mini-tequila-bottles-bulk#breadcrumb\",\"itemListElement\":[{\"@type\":\"ListItem\",\"position\":1,\"name\":\"Home\",\"item\":\"https:\/\/ruishengglassco.com\/\"},{\"@type\":\"ListItem\",\"position\":2,\"name\":\"Products\",\"item\":\"https:\/\/ruishengglassco.com\/products\"},{\"@type\":\"ListItem\",\"position\":3,\"name\":\"RS082: 50ml Cheap Little Tequila Bottles\/Mini Tequila Bottles Bulk\"}]},{\"@type\":\"WebSite\",\"@id\":\"https:\/\/ruishengglassco.com\/#website\",\"url\":\"https:\/\/ruishengglassco.com\/\",\"name\":\"Ruisheng Glass\",\"description\":\"\",\"publisher\":{\"@id\":\"https:\/\/ruishengglassco.com\/#organization\"},\"potentialAction\":[{\"@type\":\"SearchAction\",\"target\":{\"@type\":\"EntryPoint\",\"urlTemplate\":\"https:\/\/ruishengglassco.com\/?s={search_term_string}\"},\"query-input\":\"required name=search_term_string\"}],\"inLanguage\":\"tr\"},{\"@type\":\"Organization\",\"@id\":\"https:\/\/ruishengglassco.com\/#organization\",\"name\":\"Shandong Yuncheng Ruisheng Glass Co., Ltd\",\"url\":\"https:\/\/ruishengglassco.com\/\",\"logo\":{\"@type\":\"ImageObject\",\"inLanguage\":\"tr\",\"@id\":\"https:\/\/ruishengglassco.com\/#\/schema\/logo\/image\/\",\"url\":\"https:\/\/ruishengglassco.com\/wp-content\/uploads\/2023\/09\/ruisheng_logo_icon.webp\",\"contentUrl\":\"https:\/\/ruishengglassco.com\/wp-content\/uploads\/2023\/09\/ruisheng_logo_icon.webp\",\"width\":400,\"height\":233,\"caption\":\"Shandong Yuncheng Ruisheng Glass Co., Ltd\"},\"image\":{\"@id\":\"https:\/\/ruishengglassco.com\/#\/schema\/logo\/image\/\"},\"sameAs\":[\"https:\/\/www.facebook.com\/ruishengglassbottles\",\"https:\/\/www.instagram.com\/Ruishengglassbottlewholesales\/\",\"https:\/\/www.youtube.com\/channel\/UCMmbMNGwsL-XrtjfSFLCdVQ\"]}]}<\/script>\n<!-- \/ Yoast SEO plugin. -->","yoast_head_json":{"title":"50ml Square Glass Bottles Wholesale | Cheap Liquor Bottle Supplier","description":"Buy 50ml Square Glass Bottles Wholesale From China Cheap Liquor Bottle Supplier. Factory Outlet&Quality Assurance. Free Sample Here.","robots":{"index":"index","follow":"follow","max-snippet":"max-snippet:-1","max-image-preview":"max-image-preview:large","max-video-preview":"max-video-preview:-1"},"canonical":"https:\/\/ruishengglassco.com\/tr\/urun\/rs082-50ml-ucuz-kucuk-tekila-siseleri-mini-tekila-siseleri-toplu","og_locale":"tr_TR","og_type":"article","og_title":"50ml Square Glass Bottles Wholesale | Cheap Liquor Bottle Supplier","og_description":"Buy 50ml Square Glass Bottles Wholesale From China Cheap Liquor Bottle Supplier. Factory Outlet&Quality Assurance. Free Sample Here.","og_url":"https:\/\/ruishengglassco.com\/tr\/urun\/rs082-50ml-ucuz-kucuk-tekila-siseleri-mini-tekila-siseleri-toplu","article_publisher":"https:\/\/www.facebook.com\/ruishengglassbottles","article_modified_time":"2025-07-17T06:03:27+00:00","og_image":[{"width":800,"height":800,"url":"https:\/\/ruishengglassco.com\/wp-content\/uploads\/2025\/03\/RS082-50ml-Cheap-Little-Tequila-Bottles-Mini-Tequila-Bottles-Bulk.webp","type":"image\/webp"}],"twitter_card":"summary_large_image","twitter_misc":{"Tahmini okuma s\u00fcresi":"2 dakika"},"schema":{"@context":"https:\/\/schema.org","@graph":[{"@type":"WebPage","@id":"https:\/\/ruishengglassco.com\/product\/rs082-50ml-cheap-little-tequila-bottles-mini-tequila-bottles-bulk","url":"https:\/\/ruishengglassco.com\/product\/rs082-50ml-cheap-little-tequila-bottles-mini-tequila-bottles-bulk","name":"50ml Square Glass Bottles Wholesale | Cheap Liquor Bottle Supplier","isPartOf":{"@id":"https:\/\/ruishengglassco.com\/#website"},"datePublished":"2025-03-15T02:29:31+00:00","dateModified":"2025-07-17T06:03:27+00:00","description":"Buy 50ml Square Glass Bottles Wholesale From China Cheap Liquor Bottle Supplier. Factory Outlet&Quality Assurance. Free Sample Here.","breadcrumb":{"@id":"https:\/\/ruishengglassco.com\/product\/rs082-50ml-cheap-little-tequila-bottles-mini-tequila-bottles-bulk#breadcrumb"},"inLanguage":"tr","potentialAction":[{"@type":"ReadAction","target":["https:\/\/ruishengglassco.com\/product\/rs082-50ml-cheap-little-tequila-bottles-mini-tequila-bottles-bulk"]}]},{"@type":"BreadcrumbList","@id":"https:\/\/ruishengglassco.com\/product\/rs082-50ml-cheap-little-tequila-bottles-mini-tequila-bottles-bulk#breadcrumb","itemListElement":[{"@type":"ListItem","position":1,"name":"Home","item":"https:\/\/ruishengglassco.com\/"},{"@type":"ListItem","position":2,"name":"Products","item":"https:\/\/ruishengglassco.com\/products"},{"@type":"ListItem","position":3,"name":"RS082: 50ml Cheap Little Tequila Bottles\/Mini Tequila Bottles Bulk"}]},{"@type":"WebSite","@id":"https:\/\/ruishengglassco.com\/#website","url":"https:\/\/ruishengglassco.com\/","name":"Ruisheng Glass","description":"","publisher":{"@id":"https:\/\/ruishengglassco.com\/#organization"},"potentialAction":[{"@type":"SearchAction","target":{"@type":"EntryPoint","urlTemplate":"https:\/\/ruishengglassco.com\/?s={search_term_string}"},"query-input":"required name=search_term_string"}],"inLanguage":"tr"},{"@type":"Organization","@id":"https:\/\/ruishengglassco.com\/#organization","name":"Shandong Yuncheng Ruisheng Glass Co., Ltd","url":"https:\/\/ruishengglassco.com\/","logo":{"@type":"ImageObject","inLanguage":"tr","@id":"https:\/\/ruishengglassco.com\/#\/schema\/logo\/image\/","url":"https:\/\/ruishengglassco.com\/wp-content\/uploads\/2023\/09\/ruisheng_logo_icon.webp","contentUrl":"https:\/\/ruishengglassco.com\/wp-content\/uploads\/2023\/09\/ruisheng_logo_icon.webp","width":400,"height":233,"caption":"Shandong Yuncheng Ruisheng Glass Co., Ltd"},"image":{"@id":"https:\/\/ruishengglassco.com\/#\/schema\/logo\/image\/"},"sameAs":["https:\/\/www.facebook.com\/ruishengglassbottles","https:\/\/www.instagram.com\/Ruishengglassbottlewholesales\/","https:\/\/www.youtube.com\/channel\/UCMmbMNGwsL-XrtjfSFLCdVQ"]}]}},"_links":{"self":[{"href":"https:\/\/ruishengglassco.com\/tr\/wp-json\/wp\/v2\/product\/4237","targetHints":{"allow":["GET"]}}],"collection":[{"href":"https:\/\/ruishengglassco.com\/tr\/wp-json\/wp\/v2\/product"}],"about":[{"href":"https:\/\/ruishengglassco.com\/tr\/wp-json\/wp\/v2\/types\/product"}],"replies":[{"embeddable":true,"href":"https:\/\/ruishengglassco.com\/tr\/wp-json\/wp\/v2\/comments?post=4237"}],"wp:featuredmedia":[{"embeddable":true,"href":"https:\/\/ruishengglassco.com\/tr\/wp-json\/wp\/v2\/media\/4238"}],"wp:attachment":[{"href":"https:\/\/ruishengglassco.com\/tr\/wp-json\/wp\/v2\/media?parent=4237"}],"wp:term":[{"taxonomy":"product_cat","embeddable":true,"href":"https:\/\/ruishengglassco.com\/tr\/wp-json\/wp\/v2\/product_cat?post=4237"}],"curies":[{"name":"wp","href":"https:\/\/api.w.org\/{rel}","templated":true}]}}