{"id":4235,"date":"2025-03-15T10:23:40","date_gmt":"2025-03-15T02:23:40","guid":{"rendered":"https:\/\/ruishengglassco.com\/?post_type=product&#038;p=4235"},"modified":"2025-07-17T14:02:11","modified_gmt":"2025-07-17T06:02:11","slug":"rs083-50ml-seffaf-mini-cam-siseler-toptan","status":"publish","type":"product","link":"https:\/\/ruishengglassco.com\/tr\/urun\/rs083-50ml-seffaf-mini-cam-siseler-toptan","title":{"rendered":"RS083: 50ml \u015eeffaf Mini Cam \u015ei\u015feler \u00dcreticileri"},"content":{"rendered":"<p>\u00c7in'in en b\u00fcy\u00fck cam \u015fi\u015fe \u00fcreticilerinden biri olan Shandong Yuncheng Ruisheng Glass Co, Ltd, markalar, \u015firket, cam \u015fi\u015fe tedarik\u00e7isi, toptanc\u0131, distrib\u00fct\u00f6r vb. i\u00e7in toptan 50ml \u015feffaf lik\u00f6r \u015fi\u015feleri satmaktad\u0131r.<\/p>\n<p>Votka, viski, brendi, lik\u00f6r, su, ya\u011f, i\u00e7ecek ve di\u011fer \u015fi\u015feler gibi kristal beyaz cam \u015fi\u015felerin ihracat\u0131nda uzman\u0131z. Ayr\u0131ca, \u00fcr\u00fcnlerimiz y\u00fcksek kalite ve uygun fiyata sahiptir. ABD, Rusya, Orta Do\u011fu ve G\u00fcneydo\u011fu Asya \u00fclkeleri ile ortakl\u0131klar\u0131m\u0131z var, OEM \/ ODM'ye ho\u015f geldiniz. Geri d\u00f6n\u00fc\u015f ile herhangi bir yorum \u00e7ok takdir edilecektir.<\/p>\n<p>Mantarl\u0131 50ml \u015feffaf cam lik\u00f6r \u015fi\u015feleri, cam \u015fi\u015femizi daha net, \u015feffaf ve k\u0131r\u0131lmas\u0131 kolay olmayan y\u00fcksek \u00e7akmakta\u015f\u0131 cam malzemeden yap\u0131lm\u0131\u015ft\u0131r. Bu \u015fi\u015fenin tasar\u0131m\u0131n\u0131 be\u011fendiyseniz, ancak kapasitesinden memnun de\u011filseniz, kapasiteyi gereksinimlerinize g\u00f6re de\u011fi\u015ftirebiliriz.<\/p>\n<h2>50ml \u015eeffaf Lik\u00f6r \u015ei\u015fesi \u00dcreticileri Hakk\u0131nda Detaylar<\/h2>\n<ul>\n<li><strong>Marka:<\/strong> Ruisheng<\/li>\n<li><strong>Ana malzeme:<\/strong> Y\u00fcksek \u00e7akmakta\u015f\u0131 cam<\/li>\n<li><strong>Ana renk:<\/strong> \u015eeffaf<\/li>\n<li><strong>\u015eekil:\u00a0 <\/strong>Kare Lik\u00f6r \u015ei\u015feleri<\/li>\n<li><strong>Kapasite:<\/strong> 50ml<\/li>\n<li><strong>S\u0131zd\u0131rmazl\u0131k Tipi:\u00a0 <\/strong>Vidal\u0131 \u00dcst \/ mantar<\/li>\n<li><strong>\u00d6zellik:<\/strong> \u00c7evre dostu<\/li>\n<li><strong>Adet\/Ktn:<\/strong> 24 adet<\/li>\n<li><strong>ADEDI:<\/strong> 1x40GP<\/li>\n<\/ul>\n<p>Bu mini alkoll\u00fc i\u00e7ki \u015fi\u015felerinin toplu olarak iyi oldu\u011funu d\u00fc\u015f\u00fcn\u00fcyorsan\u0131z, l\u00fctfen zaman\u0131nda benimle ileti\u015fime ge\u00e7in. Ancak be\u011fenmezseniz di\u011fer \u015fi\u015felerimize de bakabilirsiniz. Ya da size katalo\u011fu verece\u011fim, istedi\u011finizi se\u00e7ebilirsiniz. Bu \u015feffaf cam \u015fi\u015fe ile ilgileniyorsan\u0131z, l\u00fctfen bizimle ileti\u015fime ge\u00e7in. Size 24 saat i\u00e7inde cevap verece\u011fiz. Yak\u0131n gelecekte size hizmet etme f\u0131rsat\u0131m\u0131z olursa, bu bizim i\u00e7in b\u00fcy\u00fck bir zevk olacakt\u0131r!<\/p>\n<p>&nbsp;<\/p>\n<p style=\"text-align: center;\">","protected":false},"excerpt":{"rendered":"<p>Bu t\u00fcr \u015fi\u015feler, \u00c7in'in en b\u00fcy\u00fck cam \u015fi\u015fe \u00fcreticilerinden biri olan Shandong Yuncheng Ruisheng Glass Co, Ltd'de \u00fcretilmektedir.<\/p>","protected":false},"featured_media":4236,"comment_status":"closed","ping_status":"closed","template":"","meta":[],"product_cat":[48],"class_list":{"0":"post-4235","1":"product","2":"type-product","3":"status-publish","4":"has-post-thumbnail","6":"product_cat-50ml-mini-liquor-bottle-manufacturer","8":"first","9":"instock","10":"shipping-taxable","11":"product-type-simple"},"yoast_head":"<!-- This site is optimized with the Yoast SEO plugin v22.0 - https:\/\/yoast.com\/wordpress\/plugins\/seo\/ -->\n<title>50ml Clear Liquor Bottles Manufacturers | Mini Spirits Bottles Bulk<\/title>\n<meta name=\"description\" content=\"Buy 50ml Clear Liquor Bottles Wholesale In Factory Outlet Price. China Glass Bottle Manufacturer, Sales Mini Spirits Bottles Bulk Around The World.\" \/>\n<meta name=\"robots\" content=\"index, follow, max-snippet:-1, max-image-preview:large, max-video-preview:-1\" \/>\n<link rel=\"canonical\" href=\"https:\/\/ruishengglassco.com\/tr\/urun\/rs083-50ml-seffaf-mini-cam-siseler-toptan\" \/>\n<meta property=\"og:locale\" content=\"tr_TR\" \/>\n<meta property=\"og:type\" content=\"article\" \/>\n<meta property=\"og:title\" content=\"50ml Clear Liquor Bottles Manufacturers | Mini Spirits Bottles Bulk\" \/>\n<meta property=\"og:description\" content=\"Buy 50ml Clear Liquor Bottles Wholesale In Factory Outlet Price. China Glass Bottle Manufacturer, Sales Mini Spirits Bottles Bulk Around The World.\" \/>\n<meta property=\"og:url\" content=\"https:\/\/ruishengglassco.com\/tr\/urun\/rs083-50ml-seffaf-mini-cam-siseler-toptan\" \/>\n<meta property=\"article:publisher\" content=\"https:\/\/www.facebook.com\/ruishengglassbottles\" \/>\n<meta property=\"article:modified_time\" content=\"2025-07-17T06:02:11+00:00\" \/>\n<meta property=\"og:image\" content=\"https:\/\/ruishengglassco.com\/wp-content\/uploads\/2025\/03\/RS083-50ml-Clear-Mini-Glass-Bottles-Wholesale.webp\" \/>\n\t<meta property=\"og:image:width\" content=\"800\" \/>\n\t<meta property=\"og:image:height\" content=\"800\" \/>\n\t<meta property=\"og:image:type\" content=\"image\/webp\" \/>\n<meta name=\"twitter:card\" content=\"summary_large_image\" \/>\n<meta name=\"twitter:label1\" content=\"Tahmini okuma s\u00fcresi\" \/>\n\t<meta name=\"twitter:data1\" content=\"2 dakika\" \/>\n<script type=\"application\/ld+json\" class=\"yoast-schema-graph\">{\"@context\":\"https:\/\/schema.org\",\"@graph\":[{\"@type\":\"WebPage\",\"@id\":\"https:\/\/ruishengglassco.com\/product\/rs083-50ml-clear-mini-glass-bottles-wholesale\",\"url\":\"https:\/\/ruishengglassco.com\/product\/rs083-50ml-clear-mini-glass-bottles-wholesale\",\"name\":\"50ml Clear Liquor Bottles Manufacturers | Mini Spirits Bottles Bulk\",\"isPartOf\":{\"@id\":\"https:\/\/ruishengglassco.com\/#website\"},\"datePublished\":\"2025-03-15T02:23:40+00:00\",\"dateModified\":\"2025-07-17T06:02:11+00:00\",\"description\":\"Buy 50ml Clear Liquor Bottles Wholesale In Factory Outlet Price. China Glass Bottle Manufacturer, Sales Mini Spirits Bottles Bulk Around The World.\",\"breadcrumb\":{\"@id\":\"https:\/\/ruishengglassco.com\/product\/rs083-50ml-clear-mini-glass-bottles-wholesale#breadcrumb\"},\"inLanguage\":\"tr\",\"potentialAction\":[{\"@type\":\"ReadAction\",\"target\":[\"https:\/\/ruishengglassco.com\/product\/rs083-50ml-clear-mini-glass-bottles-wholesale\"]}]},{\"@type\":\"BreadcrumbList\",\"@id\":\"https:\/\/ruishengglassco.com\/product\/rs083-50ml-clear-mini-glass-bottles-wholesale#breadcrumb\",\"itemListElement\":[{\"@type\":\"ListItem\",\"position\":1,\"name\":\"Home\",\"item\":\"https:\/\/ruishengglassco.com\/\"},{\"@type\":\"ListItem\",\"position\":2,\"name\":\"Products\",\"item\":\"https:\/\/ruishengglassco.com\/products\"},{\"@type\":\"ListItem\",\"position\":3,\"name\":\"RS083: 50ml Clear Mini Glass Bottles Manufacturers\"}]},{\"@type\":\"WebSite\",\"@id\":\"https:\/\/ruishengglassco.com\/#website\",\"url\":\"https:\/\/ruishengglassco.com\/\",\"name\":\"Ruisheng Glass\",\"description\":\"\",\"publisher\":{\"@id\":\"https:\/\/ruishengglassco.com\/#organization\"},\"potentialAction\":[{\"@type\":\"SearchAction\",\"target\":{\"@type\":\"EntryPoint\",\"urlTemplate\":\"https:\/\/ruishengglassco.com\/?s={search_term_string}\"},\"query-input\":\"required name=search_term_string\"}],\"inLanguage\":\"tr\"},{\"@type\":\"Organization\",\"@id\":\"https:\/\/ruishengglassco.com\/#organization\",\"name\":\"Shandong Yuncheng Ruisheng Glass Co., Ltd\",\"url\":\"https:\/\/ruishengglassco.com\/\",\"logo\":{\"@type\":\"ImageObject\",\"inLanguage\":\"tr\",\"@id\":\"https:\/\/ruishengglassco.com\/#\/schema\/logo\/image\/\",\"url\":\"https:\/\/ruishengglassco.com\/wp-content\/uploads\/2023\/09\/ruisheng_logo_icon.webp\",\"contentUrl\":\"https:\/\/ruishengglassco.com\/wp-content\/uploads\/2023\/09\/ruisheng_logo_icon.webp\",\"width\":400,\"height\":233,\"caption\":\"Shandong Yuncheng Ruisheng Glass Co., Ltd\"},\"image\":{\"@id\":\"https:\/\/ruishengglassco.com\/#\/schema\/logo\/image\/\"},\"sameAs\":[\"https:\/\/www.facebook.com\/ruishengglassbottles\",\"https:\/\/www.instagram.com\/Ruishengglassbottlewholesales\/\",\"https:\/\/www.youtube.com\/channel\/UCMmbMNGwsL-XrtjfSFLCdVQ\"]}]}<\/script>\n<!-- \/ Yoast SEO plugin. -->","yoast_head_json":{"title":"50ml Clear Liquor Bottles Manufacturers | Mini Spirits Bottles Bulk","description":"Buy 50ml Clear Liquor Bottles Wholesale In Factory Outlet Price. China Glass Bottle Manufacturer, Sales Mini Spirits Bottles Bulk Around The World.","robots":{"index":"index","follow":"follow","max-snippet":"max-snippet:-1","max-image-preview":"max-image-preview:large","max-video-preview":"max-video-preview:-1"},"canonical":"https:\/\/ruishengglassco.com\/tr\/urun\/rs083-50ml-seffaf-mini-cam-siseler-toptan","og_locale":"tr_TR","og_type":"article","og_title":"50ml Clear Liquor Bottles Manufacturers | Mini Spirits Bottles Bulk","og_description":"Buy 50ml Clear Liquor Bottles Wholesale In Factory Outlet Price. China Glass Bottle Manufacturer, Sales Mini Spirits Bottles Bulk Around The World.","og_url":"https:\/\/ruishengglassco.com\/tr\/urun\/rs083-50ml-seffaf-mini-cam-siseler-toptan","article_publisher":"https:\/\/www.facebook.com\/ruishengglassbottles","article_modified_time":"2025-07-17T06:02:11+00:00","og_image":[{"width":800,"height":800,"url":"https:\/\/ruishengglassco.com\/wp-content\/uploads\/2025\/03\/RS083-50ml-Clear-Mini-Glass-Bottles-Wholesale.webp","type":"image\/webp"}],"twitter_card":"summary_large_image","twitter_misc":{"Tahmini okuma s\u00fcresi":"2 dakika"},"schema":{"@context":"https:\/\/schema.org","@graph":[{"@type":"WebPage","@id":"https:\/\/ruishengglassco.com\/product\/rs083-50ml-clear-mini-glass-bottles-wholesale","url":"https:\/\/ruishengglassco.com\/product\/rs083-50ml-clear-mini-glass-bottles-wholesale","name":"50ml Clear Liquor Bottles Manufacturers | Mini Spirits Bottles Bulk","isPartOf":{"@id":"https:\/\/ruishengglassco.com\/#website"},"datePublished":"2025-03-15T02:23:40+00:00","dateModified":"2025-07-17T06:02:11+00:00","description":"Buy 50ml Clear Liquor Bottles Wholesale In Factory Outlet Price. China Glass Bottle Manufacturer, Sales Mini Spirits Bottles Bulk Around The World.","breadcrumb":{"@id":"https:\/\/ruishengglassco.com\/product\/rs083-50ml-clear-mini-glass-bottles-wholesale#breadcrumb"},"inLanguage":"tr","potentialAction":[{"@type":"ReadAction","target":["https:\/\/ruishengglassco.com\/product\/rs083-50ml-clear-mini-glass-bottles-wholesale"]}]},{"@type":"BreadcrumbList","@id":"https:\/\/ruishengglassco.com\/product\/rs083-50ml-clear-mini-glass-bottles-wholesale#breadcrumb","itemListElement":[{"@type":"ListItem","position":1,"name":"Home","item":"https:\/\/ruishengglassco.com\/"},{"@type":"ListItem","position":2,"name":"Products","item":"https:\/\/ruishengglassco.com\/products"},{"@type":"ListItem","position":3,"name":"RS083: 50ml Clear Mini Glass Bottles Manufacturers"}]},{"@type":"WebSite","@id":"https:\/\/ruishengglassco.com\/#website","url":"https:\/\/ruishengglassco.com\/","name":"Ruisheng Glass","description":"","publisher":{"@id":"https:\/\/ruishengglassco.com\/#organization"},"potentialAction":[{"@type":"SearchAction","target":{"@type":"EntryPoint","urlTemplate":"https:\/\/ruishengglassco.com\/?s={search_term_string}"},"query-input":"required name=search_term_string"}],"inLanguage":"tr"},{"@type":"Organization","@id":"https:\/\/ruishengglassco.com\/#organization","name":"Shandong Yuncheng Ruisheng Glass Co., Ltd","url":"https:\/\/ruishengglassco.com\/","logo":{"@type":"ImageObject","inLanguage":"tr","@id":"https:\/\/ruishengglassco.com\/#\/schema\/logo\/image\/","url":"https:\/\/ruishengglassco.com\/wp-content\/uploads\/2023\/09\/ruisheng_logo_icon.webp","contentUrl":"https:\/\/ruishengglassco.com\/wp-content\/uploads\/2023\/09\/ruisheng_logo_icon.webp","width":400,"height":233,"caption":"Shandong Yuncheng Ruisheng Glass Co., Ltd"},"image":{"@id":"https:\/\/ruishengglassco.com\/#\/schema\/logo\/image\/"},"sameAs":["https:\/\/www.facebook.com\/ruishengglassbottles","https:\/\/www.instagram.com\/Ruishengglassbottlewholesales\/","https:\/\/www.youtube.com\/channel\/UCMmbMNGwsL-XrtjfSFLCdVQ"]}]}},"_links":{"self":[{"href":"https:\/\/ruishengglassco.com\/tr\/wp-json\/wp\/v2\/product\/4235","targetHints":{"allow":["GET"]}}],"collection":[{"href":"https:\/\/ruishengglassco.com\/tr\/wp-json\/wp\/v2\/product"}],"about":[{"href":"https:\/\/ruishengglassco.com\/tr\/wp-json\/wp\/v2\/types\/product"}],"replies":[{"embeddable":true,"href":"https:\/\/ruishengglassco.com\/tr\/wp-json\/wp\/v2\/comments?post=4235"}],"wp:featuredmedia":[{"embeddable":true,"href":"https:\/\/ruishengglassco.com\/tr\/wp-json\/wp\/v2\/media\/4236"}],"wp:attachment":[{"href":"https:\/\/ruishengglassco.com\/tr\/wp-json\/wp\/v2\/media?parent=4235"}],"wp:term":[{"taxonomy":"product_cat","embeddable":true,"href":"https:\/\/ruishengglassco.com\/tr\/wp-json\/wp\/v2\/product_cat?post=4235"}],"curies":[{"name":"wp","href":"https:\/\/api.w.org\/{rel}","templated":true}]}}