{"id":4230,"date":"2025-03-15T10:11:50","date_gmt":"2025-03-15T02:11:50","guid":{"rendered":"https:\/\/ruishengglassco.com\/?post_type=product&#038;p=4230"},"modified":"2025-09-11T16:11:41","modified_gmt":"2025-09-11T08:11:41","slug":"rs085-toptan-vi%cc%87dali-kapakli-375-ml-cam-si%cc%87seler","status":"publish","type":"product","link":"https:\/\/ruishengglassco.com\/tr\/urun\/rs085-toptan-vi%cc%87dali-kapakli-375-ml-cam-si%cc%87seler","title":{"rendered":"RS085: 375ml Vidal\u0131 Kapakl\u0131 Cam \u015ei\u015feler"},"content":{"rendered":"<p>Toptan vidal\u0131 kapakl\u0131 bu 375ml cam \u015fi\u015feler Shandong Yuncheng Ruisheng Glass Co, Ltd'de \u00fcretilmektedir. Bu k\u00fc\u00e7\u00fck cam \u015fi\u015feler lik\u00f6r, viski, votka, brendi, rom, cin ve di\u011fer i\u00e7ecekler dahil olmak \u00fczere \u00e7e\u015fitli s\u0131v\u0131 t\u00fcrlerini tutabilir. Bu k\u00fc\u00e7\u00fck cam \u015fi\u015fenin vidal\u0131 bir kapa\u011fa sahip oldu\u011funu belirtmek gerekir.<\/p>\n<p>Bu 375 ml'lik toptan \u015fi\u015feler silindir \u015feklindedir ve s\u0131zd\u0131rmazl\u0131k tipi vidal\u0131 kapakt\u0131r. Bu k\u00fc\u00e7\u00fck s\u0131v\u0131 \u015fi\u015feler i\u00e7in iki \u00e7e\u015fit kapak sunabiliriz. Biri sahte olmayan k\u0131sa vidal\u0131 kapak, di\u011feri ise yayg\u0131n bir k\u0131sa vidal\u0131 kapakt\u0131r. Bu kapa\u011f\u0131 istemiyorsan\u0131z, kaplamas\u0131n\u0131 mantar olarak da de\u011fi\u015ftirebiliriz.<\/p>\n<p>Toptan vidal\u0131 kapakl\u0131 bu 375ml cam lik\u00f6r \u015fi\u015feleri \u00fczerinde derin s\u00fcslemeler yapabiliriz. Fabrikam\u0131zdan tek elden toptan cam \u015fi\u015fe hizmeti isterseniz, buzlu cam \u015fi\u015feye logo bask\u0131s\u0131, \u015feffaf y\u00fczeye renk p\u00fcsk\u00fcrtme ve alkoll\u00fc i\u00e7ki \u015fi\u015felerine UV elektrokaplama renkleri sunabiliriz.<\/p>\n<h2>Bu 375ml Vidal\u0131 Kapakl\u0131 Cam \u015ei\u015fenin Detaylar\u0131<\/h2>\n<ul>\n<li>Ana malzeme: y\u00fcksek \u00e7akmakta\u015f\u0131 cam<\/li>\n<li>Kapak: vidal\u0131 kapak<\/li>\n<li>Referans: RS085<\/li>\n<li>ADEDI: 10000 ADET<\/li>\n<li>Kapasite:375ml<\/li>\n<li>Adet\/Ctn:24 adet \/20 adet\/ 12 adet \/6 adet<\/li>\n<li>Yerin k\u00f6keni: Shandong, \u00c7in<\/li>\n<li>\u00d6zellik: \u00c7evre dostu<\/li>\n<\/ul>\n<h2>Cam \u015ei\u015fe Ambalaj\u0131 Hakk\u0131nda<\/h2>\n<p>Fabrikam\u0131zda 375 ml'lik bir \u015fi\u015fe paketi i\u00e7in \u00fc\u00e7 yol vard\u0131r:<\/p>\n<p>\u0130lk yol karton ambalajd\u0131r. Sat\u0131l\u0131k bu 375ml lik\u00f6r \u015fi\u015fesi i\u00e7in standart karton ambalaj yapabiliriz ve genellikle karton ba\u015f\u0131na yakla\u015f\u0131k 15\/20\/24 veya 24 \u015fi\u015fe vard\u0131r. Bu karton t\u0131pk\u0131 nakliye ambalaj\u0131 gibidir. Bo\u015f cam \u015fi\u015feleri kulland\u0131ktan sonra kartonu de\u011fi\u015ftirmek istemiyorsan\u0131z, ihtiya\u00e7lar\u0131n\u0131za uygun \u00f6zel renkli bir kutu da sunabiliriz. \u0130\u00e7ki fabrikas\u0131 genellikle kutu ba\u015f\u0131na alt\u0131 ya da 12 \u015fi\u015fe kullan\u0131r.<\/p>\n<p>\u0130kinci yol ise paletli paketlemedir. Paletimiz f\u00fcmigasyonsuzdur. Ka\u011f\u0131t tepsiyi palete yerle\u015ftirece\u011fiz ve vintage 375ml \u015feffaf cam \u015fi\u015feler \u00fczerlerine paketlendikten sonra paletleri saraca\u011f\u0131z.<\/p>\n<p>\u00dc\u00e7\u00fcnc\u00fc yol ise karton ve palet paketlemedir. Bu \u015fekilde, vidal\u0131 kapakl\u0131 cam \u015fi\u015feleri paketlemek i\u00e7in karton ve palet sunuyoruz. Bu \u015fekilde daha g\u00fcvenli ve ta\u015f\u0131mas\u0131 daha kolayd\u0131r.<\/p>\n<p>En b\u00fcy\u00fck cam lik\u00f6r \u015fi\u015fesi tedarik\u00e7isi olarak, cam \u015fi\u015felerimiz Avrupa, ABD, Avustralya ve di\u011fer b\u00f6lgelere ihra\u00e7 edilmi\u015ftir. T\u00fcm \u00fcr\u00fcnler inovasyon konusunda y\u00fcksek bir \u00fcne sahiptir<br \/>\nve i\u015flevsellik.<\/p>\n<p><em><strong>Bu 375ml cam lik\u00f6r \u015fi\u015fesi ile ilgileniyorsan\u0131z, l\u00fctfen \u015fimdi bizimle ileti\u015fime ge\u00e7in.<\/strong><\/em><\/p>","protected":false},"excerpt":{"rendered":"<table class=\"tg\">\n<tbody>\n<tr>\n<th class=\"tg-24i8\" colspan=\"2\">Vidal\u0131 Kapakl\u0131 Toptan 375ml Cam \u015ei\u015feler<\/th>\n<\/tr>\n<tr>\n<td class=\"tg-b7b8\">Referans:<\/td>\n<td class=\"tg-b7b8\">RS085<\/td>\n<\/tr>\n<tr>\n<td class=\"tg-yw4l\">Ana malzeme:<\/td>\n<td class=\"tg-yw4l\">Y\u00fcksek \u00e7akmakta\u015f\u0131 cam (bu malzeme kristal beyaz cam olarak da adland\u0131r\u0131l\u0131r)<\/td>\n<\/tr>\n<tr>\n<td class=\"tg-b7b8\">Kaptan:<\/td>\n<td class=\"tg-b7b8\">Scrow \u015eapka<\/td>\n<\/tr>\n<tr>\n<td class=\"tg-yw4l\">Kapasite:<\/td>\n<td class=\"tg-yw4l\">375ml<\/td>\n<\/tr>\n<tr>\n<td class=\"tg-b7b8\">\u00d6zellik:<\/td>\n<td class=\"tg-b7b8\">\u00c7evre dostu<\/td>\n<\/tr>\n<tr>\n<td class=\"tg-yw4l\">ADEDI:<\/td>\n<td class=\"tg-yw4l\">10000 ADET<\/td>\n<\/tr>\n<tr>\n<td class=\"tg-b7b8\">Paketleme \u015eekli:<\/td>\n<td class=\"tg-b7b8\">\u0130hracat standart karton \/ Palet \/ ihracat standart karton ve palet<\/td>\n<\/tr>\n<tr>\n<td class=\"tg-yw4l\">OEM\/ODM:<\/td>\n<td class=\"tg-yw4l\">Ho\u015f geldiniz<\/td>\n<\/tr>\n<tr>\n<td class=\"tg-b7b8\">Yerin k\u00f6keni:<\/td>\n<td class=\"tg-b7b8\">Shandong, \u00c7in<\/td>\n<\/tr>\n<tr>\n<td class=\"tg-yw4l\">Adet\/Ktn:<\/td>\n<td class=\"tg-yw4l\">24 adet veya m\u00fc\u015fteri taleplerine g\u00f6re<\/td>\n<\/tr>\n<\/tbody>\n<\/table>","protected":false},"featured_media":4231,"comment_status":"closed","ping_status":"closed","template":"","meta":[],"product_cat":[55],"class_list":{"0":"post-4230","1":"product","2":"type-product","3":"status-publish","4":"has-post-thumbnail","6":"product_cat-375ml-liquor-bottle-manufacturer","8":"first","9":"instock","10":"shipping-taxable","11":"product-type-simple"},"yoast_head":"<!-- This site is optimized with the Yoast SEO plugin v22.0 - https:\/\/yoast.com\/wordpress\/plugins\/seo\/ -->\n<title>375ml Glass Liquor Bottles With Screw Top Manufacturers In Bulk Price<\/title>\n<meta name=\"description\" content=\"Ruisheng, one of China glass bottle manufacturer, provide 375ml glass liquor bottles with screw top wholesale in factory price. OEM Order Offered.\" \/>\n<meta name=\"robots\" content=\"index, follow, max-snippet:-1, max-image-preview:large, max-video-preview:-1\" \/>\n<link rel=\"canonical\" href=\"https:\/\/ruishengglassco.com\/tr\/urun\/rs085-toptan-vi\u0307dali-kapakli-375-ml-cam-si\u0307seler\" \/>\n<meta property=\"og:locale\" content=\"tr_TR\" \/>\n<meta property=\"og:type\" content=\"article\" \/>\n<meta property=\"og:title\" content=\"375ml Glass Liquor Bottles With Screw Top Manufacturers In Bulk Price\" \/>\n<meta property=\"og:description\" content=\"Ruisheng, one of China glass bottle manufacturer, provide 375ml glass liquor bottles with screw top wholesale in factory price. OEM Order Offered.\" \/>\n<meta property=\"og:url\" content=\"https:\/\/ruishengglassco.com\/tr\/urun\/rs085-toptan-vi\u0307dali-kapakli-375-ml-cam-si\u0307seler\" \/>\n<meta property=\"article:publisher\" content=\"https:\/\/www.facebook.com\/ruishengglassbottles\" \/>\n<meta property=\"article:modified_time\" content=\"2025-09-11T08:11:41+00:00\" \/>\n<meta property=\"og:image\" content=\"https:\/\/ruishengglassco.com\/wp-content\/uploads\/2025\/03\/RS085-Wholesale-375ml-Glass-Bottles-With-Screw-Top-Lids.webp\" \/>\n\t<meta property=\"og:image:width\" content=\"800\" \/>\n\t<meta property=\"og:image:height\" content=\"800\" \/>\n\t<meta property=\"og:image:type\" content=\"image\/webp\" \/>\n<meta name=\"twitter:card\" content=\"summary_large_image\" \/>\n<meta name=\"twitter:label1\" content=\"Tahmini okuma s\u00fcresi\" \/>\n\t<meta name=\"twitter:data1\" content=\"2 dakika\" \/>\n<script type=\"application\/ld+json\" class=\"yoast-schema-graph\">{\"@context\":\"https:\/\/schema.org\",\"@graph\":[{\"@type\":\"WebPage\",\"@id\":\"https:\/\/ruishengglassco.com\/product\/rs085-wholesale-375ml-glass-bottles-with-screw-top-lids\",\"url\":\"https:\/\/ruishengglassco.com\/product\/rs085-wholesale-375ml-glass-bottles-with-screw-top-lids\",\"name\":\"375ml Glass Liquor Bottles With Screw Top Manufacturers In Bulk Price\",\"isPartOf\":{\"@id\":\"https:\/\/ruishengglassco.com\/#website\"},\"datePublished\":\"2025-03-15T02:11:50+00:00\",\"dateModified\":\"2025-09-11T08:11:41+00:00\",\"description\":\"Ruisheng, one of China glass bottle manufacturer, provide 375ml glass liquor bottles with screw top wholesale in factory price. OEM Order Offered.\",\"breadcrumb\":{\"@id\":\"https:\/\/ruishengglassco.com\/product\/rs085-wholesale-375ml-glass-bottles-with-screw-top-lids#breadcrumb\"},\"inLanguage\":\"tr\",\"potentialAction\":[{\"@type\":\"ReadAction\",\"target\":[\"https:\/\/ruishengglassco.com\/product\/rs085-wholesale-375ml-glass-bottles-with-screw-top-lids\"]}]},{\"@type\":\"BreadcrumbList\",\"@id\":\"https:\/\/ruishengglassco.com\/product\/rs085-wholesale-375ml-glass-bottles-with-screw-top-lids#breadcrumb\",\"itemListElement\":[{\"@type\":\"ListItem\",\"position\":1,\"name\":\"Home\",\"item\":\"https:\/\/ruishengglassco.com\/\"},{\"@type\":\"ListItem\",\"position\":2,\"name\":\"Products\",\"item\":\"https:\/\/ruishengglassco.com\/products\"},{\"@type\":\"ListItem\",\"position\":3,\"name\":\"RS085: 375ml Glass Bottles With Screw Top Lids\"}]},{\"@type\":\"WebSite\",\"@id\":\"https:\/\/ruishengglassco.com\/#website\",\"url\":\"https:\/\/ruishengglassco.com\/\",\"name\":\"Ruisheng Glass\",\"description\":\"\",\"publisher\":{\"@id\":\"https:\/\/ruishengglassco.com\/#organization\"},\"potentialAction\":[{\"@type\":\"SearchAction\",\"target\":{\"@type\":\"EntryPoint\",\"urlTemplate\":\"https:\/\/ruishengglassco.com\/?s={search_term_string}\"},\"query-input\":\"required name=search_term_string\"}],\"inLanguage\":\"tr\"},{\"@type\":\"Organization\",\"@id\":\"https:\/\/ruishengglassco.com\/#organization\",\"name\":\"Shandong Yuncheng Ruisheng Glass Co., Ltd\",\"url\":\"https:\/\/ruishengglassco.com\/\",\"logo\":{\"@type\":\"ImageObject\",\"inLanguage\":\"tr\",\"@id\":\"https:\/\/ruishengglassco.com\/#\/schema\/logo\/image\/\",\"url\":\"https:\/\/ruishengglassco.com\/wp-content\/uploads\/2023\/09\/ruisheng_logo_icon.webp\",\"contentUrl\":\"https:\/\/ruishengglassco.com\/wp-content\/uploads\/2023\/09\/ruisheng_logo_icon.webp\",\"width\":400,\"height\":233,\"caption\":\"Shandong Yuncheng Ruisheng Glass Co., Ltd\"},\"image\":{\"@id\":\"https:\/\/ruishengglassco.com\/#\/schema\/logo\/image\/\"},\"sameAs\":[\"https:\/\/www.facebook.com\/ruishengglassbottles\",\"https:\/\/www.instagram.com\/Ruishengglassbottlewholesales\/\",\"https:\/\/www.youtube.com\/channel\/UCMmbMNGwsL-XrtjfSFLCdVQ\"]}]}<\/script>\n<!-- \/ Yoast SEO plugin. -->","yoast_head_json":{"title":"375ml Glass Liquor Bottles With Screw Top Manufacturers In Bulk Price","description":"Ruisheng, one of China glass bottle manufacturer, provide 375ml glass liquor bottles with screw top wholesale in factory price. OEM Order Offered.","robots":{"index":"index","follow":"follow","max-snippet":"max-snippet:-1","max-image-preview":"max-image-preview:large","max-video-preview":"max-video-preview:-1"},"canonical":"https:\/\/ruishengglassco.com\/tr\/urun\/rs085-toptan-vi\u0307dali-kapakli-375-ml-cam-si\u0307seler","og_locale":"tr_TR","og_type":"article","og_title":"375ml Glass Liquor Bottles With Screw Top Manufacturers In Bulk Price","og_description":"Ruisheng, one of China glass bottle manufacturer, provide 375ml glass liquor bottles with screw top wholesale in factory price. OEM Order Offered.","og_url":"https:\/\/ruishengglassco.com\/tr\/urun\/rs085-toptan-vi\u0307dali-kapakli-375-ml-cam-si\u0307seler","article_publisher":"https:\/\/www.facebook.com\/ruishengglassbottles","article_modified_time":"2025-09-11T08:11:41+00:00","og_image":[{"width":800,"height":800,"url":"https:\/\/ruishengglassco.com\/wp-content\/uploads\/2025\/03\/RS085-Wholesale-375ml-Glass-Bottles-With-Screw-Top-Lids.webp","type":"image\/webp"}],"twitter_card":"summary_large_image","twitter_misc":{"Tahmini okuma s\u00fcresi":"2 dakika"},"schema":{"@context":"https:\/\/schema.org","@graph":[{"@type":"WebPage","@id":"https:\/\/ruishengglassco.com\/product\/rs085-wholesale-375ml-glass-bottles-with-screw-top-lids","url":"https:\/\/ruishengglassco.com\/product\/rs085-wholesale-375ml-glass-bottles-with-screw-top-lids","name":"375ml Glass Liquor Bottles With Screw Top Manufacturers In Bulk Price","isPartOf":{"@id":"https:\/\/ruishengglassco.com\/#website"},"datePublished":"2025-03-15T02:11:50+00:00","dateModified":"2025-09-11T08:11:41+00:00","description":"Ruisheng, one of China glass bottle manufacturer, provide 375ml glass liquor bottles with screw top wholesale in factory price. OEM Order Offered.","breadcrumb":{"@id":"https:\/\/ruishengglassco.com\/product\/rs085-wholesale-375ml-glass-bottles-with-screw-top-lids#breadcrumb"},"inLanguage":"tr","potentialAction":[{"@type":"ReadAction","target":["https:\/\/ruishengglassco.com\/product\/rs085-wholesale-375ml-glass-bottles-with-screw-top-lids"]}]},{"@type":"BreadcrumbList","@id":"https:\/\/ruishengglassco.com\/product\/rs085-wholesale-375ml-glass-bottles-with-screw-top-lids#breadcrumb","itemListElement":[{"@type":"ListItem","position":1,"name":"Home","item":"https:\/\/ruishengglassco.com\/"},{"@type":"ListItem","position":2,"name":"Products","item":"https:\/\/ruishengglassco.com\/products"},{"@type":"ListItem","position":3,"name":"RS085: 375ml Glass Bottles With Screw Top Lids"}]},{"@type":"WebSite","@id":"https:\/\/ruishengglassco.com\/#website","url":"https:\/\/ruishengglassco.com\/","name":"Ruisheng Glass","description":"","publisher":{"@id":"https:\/\/ruishengglassco.com\/#organization"},"potentialAction":[{"@type":"SearchAction","target":{"@type":"EntryPoint","urlTemplate":"https:\/\/ruishengglassco.com\/?s={search_term_string}"},"query-input":"required name=search_term_string"}],"inLanguage":"tr"},{"@type":"Organization","@id":"https:\/\/ruishengglassco.com\/#organization","name":"Shandong Yuncheng Ruisheng Glass Co., Ltd","url":"https:\/\/ruishengglassco.com\/","logo":{"@type":"ImageObject","inLanguage":"tr","@id":"https:\/\/ruishengglassco.com\/#\/schema\/logo\/image\/","url":"https:\/\/ruishengglassco.com\/wp-content\/uploads\/2023\/09\/ruisheng_logo_icon.webp","contentUrl":"https:\/\/ruishengglassco.com\/wp-content\/uploads\/2023\/09\/ruisheng_logo_icon.webp","width":400,"height":233,"caption":"Shandong Yuncheng Ruisheng Glass Co., Ltd"},"image":{"@id":"https:\/\/ruishengglassco.com\/#\/schema\/logo\/image\/"},"sameAs":["https:\/\/www.facebook.com\/ruishengglassbottles","https:\/\/www.instagram.com\/Ruishengglassbottlewholesales\/","https:\/\/www.youtube.com\/channel\/UCMmbMNGwsL-XrtjfSFLCdVQ"]}]}},"_links":{"self":[{"href":"https:\/\/ruishengglassco.com\/tr\/wp-json\/wp\/v2\/product\/4230","targetHints":{"allow":["GET"]}}],"collection":[{"href":"https:\/\/ruishengglassco.com\/tr\/wp-json\/wp\/v2\/product"}],"about":[{"href":"https:\/\/ruishengglassco.com\/tr\/wp-json\/wp\/v2\/types\/product"}],"replies":[{"embeddable":true,"href":"https:\/\/ruishengglassco.com\/tr\/wp-json\/wp\/v2\/comments?post=4230"}],"wp:featuredmedia":[{"embeddable":true,"href":"https:\/\/ruishengglassco.com\/tr\/wp-json\/wp\/v2\/media\/4231"}],"wp:attachment":[{"href":"https:\/\/ruishengglassco.com\/tr\/wp-json\/wp\/v2\/media?parent=4230"}],"wp:term":[{"taxonomy":"product_cat","embeddable":true,"href":"https:\/\/ruishengglassco.com\/tr\/wp-json\/wp\/v2\/product_cat?post=4230"}],"curies":[{"name":"wp","href":"https:\/\/api.w.org\/{rel}","templated":true}]}}